{"id":22791,"date":"2024-06-06T10:42:28","date_gmt":"2024-06-06T10:42:28","guid":{"rendered":"https:\/\/lightsteelblue-zebra-299715.hostingersite.com\/?post_type=product&#038;p=22791"},"modified":"2024-06-06T10:42:28","modified_gmt":"2024-06-06T10:42:28","slug":"brit-premium-by-nature-sensitive-lamb-1-kg-2","status":"publish","type":"product","link":"https:\/\/zoo-land.az\/az\/shop\/dog\/dog-food\/brit-premium-by-nature-sensitive-lamb-1-kg-2\/","title":{"rendered":"Brit Premium by Nature Sensitive Lamb 1 kg"},"content":{"rendered":"<p>Brit Premium by nature Adult &#8211; Sensitive Lamb is wheat-free food for adult dogs with sensitive digestion. It is specially formulated with lamb and as a complete dog food. Is your dog fed up with chicken-flavoured food? Then this lamb variant might be just the thing!<\/p>\n<p><strong>Features<\/strong><\/p>\n<ul>\n<li>Very suitable for adult dogs with sensitive digestion<\/li>\n<li>Dry food<\/li>\n<li>Ensures healthy skin and coat<\/li>\n<li>Supports resistance and condition<\/li>\n<\/ul>\n<p><strong>Contents<\/strong><\/p>\n<p>3 or 15 kg<\/p>\n<p><strong>Flavour<\/strong><\/p>\n<p>Lamb<\/p>\n<p><strong>Composition<\/strong><\/p>\n<p>Lamb 35 % (dehydrated 20 %, deboned 15 %), rice, chicken fat (preserved with tocopherols), rice bran, dried apples, salmon oil (2 %), hydrolysed chicken liver, baker&#8217;s yeast, collagen, crustacean shells (a source of glucosamine, 210 mg\/kg), cartilage (a source of chondroitin, 150 mg\/kg), herbs and fruits (cloves, citrus, rosemary, turmeric, 120 mg\/kg), mannan oligosaccharides (120 mg\/kg), fructo-oligosaccharides (90 mg\/kg), Mojave yucca (90 mg\/kg), dried chamomile (80 mg\/kg), green lipped mussels (a source of glycosaminoglycan, 50 mg\/kg), dried blueberries (50 mg\/kg).<\/p>","protected":false},"excerpt":{"rendered":"<p>Brit Premium by nature Adult &#8211; Sensitive Lamb is wheat-free food for adult dogs with sensitive digestion. It is specially formulated with lamb and as a complete dog food. Is your dog fed up with chicken-flavoured food? Then this lamb variant might be just the thing!<\/p>\n<p><strong>Features<\/strong><\/p>\n<ul>\n<li>Very suitable for adult dogs with sensitive digestion<\/li>\n<li>Dry food<\/li>\n<li>Ensures healthy skin and coat<\/li>\n<li>Supports resistance and condition<\/li>\n<\/ul>","protected":false},"featured_media":22737,"template":"","meta":{"inline_featured_image":false,"_joinchat":[]},"product_cat":[132,107],"product_tag":[],"class_list":{"0":"post-22791","1":"product","2":"type-product","3":"status-publish","4":"has-post-thumbnail","6":"product_brand-brit","7":"product_cat-dog-food","8":"product_cat-dog","10":"first","11":"instock","12":"shipping-taxable","13":"purchasable","14":"product-type-simple"},"yoast_head":"<!-- This site is optimized with the Yoast SEO plugin v27.4 - https:\/\/yoast.com\/product\/yoast-seo-wordpress\/ -->\n<title>Brit Premium by Nature Sensitive Lamb 1 kg - Zooland.az<\/title>\n<meta name=\"robots\" content=\"index, follow, max-snippet:-1, max-image-preview:large, max-video-preview:-1\" \/>\n<link rel=\"canonical\" href=\"https:\/\/zoo-land.az\/az\/shop\/dog\/dog-food\/brit-premium-by-nature-sensitive-lamb-1-kg-2\/\" \/>\n<meta property=\"og:locale\" content=\"az_AZ\" \/>\n<meta property=\"og:type\" content=\"article\" \/>\n<meta property=\"og:title\" content=\"Brit Premium by Nature Sensitive Lamb 1 kg - Zooland.az\" \/>\n<meta property=\"og:description\" content=\"Brit Premium by nature Adult - Sensitive Lamb is wheat-free food for adult dogs with sensitive digestion. It is specially formulated with lamb and as a complete dog food. Is your dog fed up with chicken-flavoured food? Then this lamb variant might be just the thing!  Features   Very suitable for adult dogs with sensitive digestion  Dry food  Ensures healthy skin and coat  Supports resistance and condition\" \/>\n<meta property=\"og:url\" content=\"https:\/\/zoo-land.az\/az\/shop\/dog\/dog-food\/brit-premium-by-nature-sensitive-lamb-1-kg-2\/\" \/>\n<meta property=\"og:site_name\" content=\"Zooland.az\" \/>\n<meta property=\"og:image\" content=\"https:\/\/zoo-land.az\/wp-content\/uploads\/2024\/06\/34755_brit-premium-by-nature-sensitive-lamb-1-kg.webp\" \/>\n\t<meta property=\"og:image:width\" content=\"1024\" \/>\n\t<meta property=\"og:image:height\" content=\"768\" \/>\n\t<meta property=\"og:image:type\" content=\"image\/webp\" \/>\n<meta name=\"twitter:card\" content=\"summary_large_image\" \/>\n<meta name=\"twitter:label1\" content=\"Est. reading time\" \/>\n\t<meta name=\"twitter:data1\" content=\"1 minute\" \/>\n<script type=\"application\/ld+json\" class=\"yoast-schema-graph\">{\"@context\":\"https:\\\/\\\/schema.org\",\"@graph\":[{\"@type\":\"WebPage\",\"@id\":\"https:\\\/\\\/zoo-land.az\\\/ru\\\/shop\\\/dog\\\/dog-food\\\/brit-premium-by-nature-sensitive-lamb-1-kg-2\\\/\",\"url\":\"https:\\\/\\\/zoo-land.az\\\/ru\\\/shop\\\/dog\\\/dog-food\\\/brit-premium-by-nature-sensitive-lamb-1-kg-2\\\/\",\"name\":\"Brit Premium by Nature Sensitive Lamb 1 kg - Zooland.az\",\"isPartOf\":{\"@id\":\"https:\\\/\\\/zoo-land.az\\\/#website\"},\"primaryImageOfPage\":{\"@id\":\"https:\\\/\\\/zoo-land.az\\\/ru\\\/shop\\\/dog\\\/dog-food\\\/brit-premium-by-nature-sensitive-lamb-1-kg-2\\\/#primaryimage\"},\"image\":{\"@id\":\"https:\\\/\\\/zoo-land.az\\\/ru\\\/shop\\\/dog\\\/dog-food\\\/brit-premium-by-nature-sensitive-lamb-1-kg-2\\\/#primaryimage\"},\"thumbnailUrl\":\"https:\\\/\\\/zoo-land.az\\\/wp-content\\\/uploads\\\/2024\\\/06\\\/34755_brit-premium-by-nature-sensitive-lamb-1-kg.webp\",\"datePublished\":\"2024-06-06T10:42:28+00:00\",\"breadcrumb\":{\"@id\":\"https:\\\/\\\/zoo-land.az\\\/ru\\\/shop\\\/dog\\\/dog-food\\\/brit-premium-by-nature-sensitive-lamb-1-kg-2\\\/#breadcrumb\"},\"inLanguage\":\"az\",\"potentialAction\":[{\"@type\":\"ReadAction\",\"target\":[\"https:\\\/\\\/zoo-land.az\\\/ru\\\/shop\\\/dog\\\/dog-food\\\/brit-premium-by-nature-sensitive-lamb-1-kg-2\\\/\"]}]},{\"@type\":\"ImageObject\",\"inLanguage\":\"az\",\"@id\":\"https:\\\/\\\/zoo-land.az\\\/ru\\\/shop\\\/dog\\\/dog-food\\\/brit-premium-by-nature-sensitive-lamb-1-kg-2\\\/#primaryimage\",\"url\":\"https:\\\/\\\/zoo-land.az\\\/wp-content\\\/uploads\\\/2024\\\/06\\\/34755_brit-premium-by-nature-sensitive-lamb-1-kg.webp\",\"contentUrl\":\"https:\\\/\\\/zoo-land.az\\\/wp-content\\\/uploads\\\/2024\\\/06\\\/34755_brit-premium-by-nature-sensitive-lamb-1-kg.webp\",\"width\":1024,\"height\":768},{\"@type\":\"BreadcrumbList\",\"@id\":\"https:\\\/\\\/zoo-land.az\\\/ru\\\/shop\\\/dog\\\/dog-food\\\/brit-premium-by-nature-sensitive-lamb-1-kg-2\\\/#breadcrumb\",\"itemListElement\":[{\"@type\":\"ListItem\",\"position\":1,\"name\":\"Home\",\"item\":\"https:\\\/\\\/zoo-land.az\\\/ru\\\/\"},{\"@type\":\"ListItem\",\"position\":2,\"name\":\"Shop\",\"item\":\"https:\\\/\\\/zoo-land.az\\\/ru\\\/\"},{\"@type\":\"ListItem\",\"position\":3,\"name\":\"Brit Premium by Nature Sensitive Lamb 1 kg\"}]},{\"@type\":\"WebSite\",\"@id\":\"https:\\\/\\\/zoo-land.az\\\/#website\",\"url\":\"https:\\\/\\\/zoo-land.az\\\/\",\"name\":\"Zooland.az\",\"description\":\"Xo\u015fb\u0259xt ev heyvanlar\u0131n\u0131n \u00fcnvan\u0131 Zooland.az\",\"publisher\":{\"@id\":\"https:\\\/\\\/zoo-land.az\\\/#organization\"},\"potentialAction\":[{\"@type\":\"SearchAction\",\"target\":{\"@type\":\"EntryPoint\",\"urlTemplate\":\"https:\\\/\\\/zoo-land.az\\\/?s={search_term_string}\"},\"query-input\":{\"@type\":\"PropertyValueSpecification\",\"valueRequired\":true,\"valueName\":\"search_term_string\"}}],\"inLanguage\":\"az\"},{\"@type\":\"Organization\",\"@id\":\"https:\\\/\\\/zoo-land.az\\\/#organization\",\"name\":\"Zooland.az\",\"url\":\"https:\\\/\\\/zoo-land.az\\\/\",\"logo\":{\"@type\":\"ImageObject\",\"inLanguage\":\"az\",\"@id\":\"https:\\\/\\\/zoo-land.az\\\/#\\\/schema\\\/logo\\\/image\\\/\",\"url\":\"https:\\\/\\\/zoo-land.az\\\/wp-content\\\/uploads\\\/2022\\\/05\\\/logo.svg\",\"contentUrl\":\"https:\\\/\\\/zoo-land.az\\\/wp-content\\\/uploads\\\/2022\\\/05\\\/logo.svg\",\"width\":113,\"height\":46,\"caption\":\"Zooland.az\"},\"image\":{\"@id\":\"https:\\\/\\\/zoo-land.az\\\/#\\\/schema\\\/logo\\\/image\\\/\"}}]}<\/script>\n<!-- \/ Yoast SEO plugin. -->","yoast_head_json":{"title":"Brit Premium by Nature Sensitive Lamb 1 kg - Zooland.az","robots":{"index":"index","follow":"follow","max-snippet":"max-snippet:-1","max-image-preview":"max-image-preview:large","max-video-preview":"max-video-preview:-1"},"canonical":"https:\/\/zoo-land.az\/az\/shop\/dog\/dog-food\/brit-premium-by-nature-sensitive-lamb-1-kg-2\/","og_locale":"az_AZ","og_type":"article","og_title":"Brit Premium by Nature Sensitive Lamb 1 kg - Zooland.az","og_description":"Brit Premium by nature Adult - Sensitive Lamb is wheat-free food for adult dogs with sensitive digestion. It is specially formulated with lamb and as a complete dog food. Is your dog fed up with chicken-flavoured food? Then this lamb variant might be just the thing!  Features   Very suitable for adult dogs with sensitive digestion  Dry food  Ensures healthy skin and coat  Supports resistance and condition","og_url":"https:\/\/zoo-land.az\/az\/shop\/dog\/dog-food\/brit-premium-by-nature-sensitive-lamb-1-kg-2\/","og_site_name":"Zooland.az","og_image":[{"width":1024,"height":768,"url":"https:\/\/zoo-land.az\/wp-content\/uploads\/2024\/06\/34755_brit-premium-by-nature-sensitive-lamb-1-kg.webp","type":"image\/webp"}],"twitter_card":"summary_large_image","twitter_misc":{"Est. reading time":"1 minute"},"schema":{"@context":"https:\/\/schema.org","@graph":[{"@type":"WebPage","@id":"https:\/\/zoo-land.az\/ru\/shop\/dog\/dog-food\/brit-premium-by-nature-sensitive-lamb-1-kg-2\/","url":"https:\/\/zoo-land.az\/ru\/shop\/dog\/dog-food\/brit-premium-by-nature-sensitive-lamb-1-kg-2\/","name":"Brit Premium by Nature Sensitive Lamb 1 kg - Zooland.az","isPartOf":{"@id":"https:\/\/zoo-land.az\/#website"},"primaryImageOfPage":{"@id":"https:\/\/zoo-land.az\/ru\/shop\/dog\/dog-food\/brit-premium-by-nature-sensitive-lamb-1-kg-2\/#primaryimage"},"image":{"@id":"https:\/\/zoo-land.az\/ru\/shop\/dog\/dog-food\/brit-premium-by-nature-sensitive-lamb-1-kg-2\/#primaryimage"},"thumbnailUrl":"https:\/\/zoo-land.az\/wp-content\/uploads\/2024\/06\/34755_brit-premium-by-nature-sensitive-lamb-1-kg.webp","datePublished":"2024-06-06T10:42:28+00:00","breadcrumb":{"@id":"https:\/\/zoo-land.az\/ru\/shop\/dog\/dog-food\/brit-premium-by-nature-sensitive-lamb-1-kg-2\/#breadcrumb"},"inLanguage":"az","potentialAction":[{"@type":"ReadAction","target":["https:\/\/zoo-land.az\/ru\/shop\/dog\/dog-food\/brit-premium-by-nature-sensitive-lamb-1-kg-2\/"]}]},{"@type":"ImageObject","inLanguage":"az","@id":"https:\/\/zoo-land.az\/ru\/shop\/dog\/dog-food\/brit-premium-by-nature-sensitive-lamb-1-kg-2\/#primaryimage","url":"https:\/\/zoo-land.az\/wp-content\/uploads\/2024\/06\/34755_brit-premium-by-nature-sensitive-lamb-1-kg.webp","contentUrl":"https:\/\/zoo-land.az\/wp-content\/uploads\/2024\/06\/34755_brit-premium-by-nature-sensitive-lamb-1-kg.webp","width":1024,"height":768},{"@type":"BreadcrumbList","@id":"https:\/\/zoo-land.az\/ru\/shop\/dog\/dog-food\/brit-premium-by-nature-sensitive-lamb-1-kg-2\/#breadcrumb","itemListElement":[{"@type":"ListItem","position":1,"name":"Home","item":"https:\/\/zoo-land.az\/ru\/"},{"@type":"ListItem","position":2,"name":"Shop","item":"https:\/\/zoo-land.az\/ru\/"},{"@type":"ListItem","position":3,"name":"Brit Premium by Nature Sensitive Lamb 1 kg"}]},{"@type":"WebSite","@id":"https:\/\/zoo-land.az\/#website","url":"https:\/\/zoo-land.az\/","name":"Zooland.az","description":"Xo\u015fb\u0259xt ev heyvanlar\u0131n\u0131n \u00fcnvan\u0131 Zooland.az","publisher":{"@id":"https:\/\/zoo-land.az\/#organization"},"potentialAction":[{"@type":"SearchAction","target":{"@type":"EntryPoint","urlTemplate":"https:\/\/zoo-land.az\/?s={search_term_string}"},"query-input":{"@type":"PropertyValueSpecification","valueRequired":true,"valueName":"search_term_string"}}],"inLanguage":"az"},{"@type":"Organization","@id":"https:\/\/zoo-land.az\/#organization","name":"Zooland.az","url":"https:\/\/zoo-land.az\/","logo":{"@type":"ImageObject","inLanguage":"az","@id":"https:\/\/zoo-land.az\/#\/schema\/logo\/image\/","url":"https:\/\/zoo-land.az\/wp-content\/uploads\/2022\/05\/logo.svg","contentUrl":"https:\/\/zoo-land.az\/wp-content\/uploads\/2022\/05\/logo.svg","width":113,"height":46,"caption":"Zooland.az"},"image":{"@id":"https:\/\/zoo-land.az\/#\/schema\/logo\/image\/"}}]}},"_links":{"self":[{"href":"https:\/\/zoo-land.az\/az\/wp-json\/wp\/v2\/product\/22791","targetHints":{"allow":["GET"]}}],"collection":[{"href":"https:\/\/zoo-land.az\/az\/wp-json\/wp\/v2\/product"}],"about":[{"href":"https:\/\/zoo-land.az\/az\/wp-json\/wp\/v2\/types\/product"}],"wp:featuredmedia":[{"embeddable":true,"href":"https:\/\/zoo-land.az\/az\/wp-json\/wp\/v2\/media\/22737"}],"wp:attachment":[{"href":"https:\/\/zoo-land.az\/az\/wp-json\/wp\/v2\/media?parent=22791"}],"wp:term":[{"taxonomy":"product_cat","embeddable":true,"href":"https:\/\/zoo-land.az\/az\/wp-json\/wp\/v2\/product_cat?post=22791"},{"taxonomy":"product_tag","embeddable":true,"href":"https:\/\/zoo-land.az\/az\/wp-json\/wp\/v2\/product_tag?post=22791"}],"curies":[{"name":"wp","href":"https:\/\/api.w.org\/{rel}","templated":true}]}}