{"id":22809,"date":"2024-06-06T12:25:49","date_gmt":"2024-06-06T12:25:49","guid":{"rendered":"https:\/\/lightsteelblue-zebra-299715.hostingersite.com\/?post_type=product&#038;p=22809"},"modified":"2024-06-06T12:25:49","modified_gmt":"2024-06-06T12:25:49","slug":"brit-care-mini-grain-free-puppy-lamb-7-kg","status":"publish","type":"product","link":"https:\/\/zoo-land.az\/az\/shop\/dog\/dog-food\/brit-care-mini-grain-free-puppy-lamb-7-kg\/","title":{"rendered":"Brit Care Mini grain Free Puppy Lamb 7 kg"},"content":{"rendered":"<p><strong>Perfect Choice for Small Breed Puppies<\/strong><\/p>\n<ul>\n<li>Designed for small breed puppies &#8211; from 4 weeks to 10 months of age<\/li>\n<li>Grain-free and hypoallergenic formula<\/li>\n<li>Primary ingredient is easily digestible lamb<\/li>\n<li>Sea buckthorn, vitamin C, MOS, FOS, and inulin for immunity<\/li>\n<li>Chamomile, cloves, sage &#8211; antibacterial protection for teeth<\/li>\n<li>Appropriately sized kibbles for small breed puppies<\/li>\n<li>Recommended by breeders and veterinarians<\/li>\n<\/ul>\n<p>Want your puppy to always be joyful and full of energy for play? Carefully crafted lamb-based food for miniature breed puppies is a complete meal that will provide your furry friend with essential vitamins, micronutrients, and ensure proper development. The formula is fully hypoallergenic, thus it doesn&#8217;t cause food sensitivities or allergies.<\/p>\n<p><strong>T\u0259rkibi:<\/strong><\/p>\n<ul>\n<li>Lamb meat meal (35%)<\/li>\n<li>Fresh lamb protein (20%)<\/li>\n<li>Yellow peas<\/li>\n<li>Chicken fat (preserved with tocopherols)<\/li>\n<li>Chickpeas<\/li>\n<li>Flaxseed (5%)<\/li>\n<li>Salmon oil (3%)<\/li>\n<li>qaraba\u015faq yarmas\u0131<\/li>\n<li>Dried apples<\/li>\n<li>Brewer&#8217;s yeast<\/li>\n<li>Algae (0.5%, Ascophyllum nodosum)<\/li>\n<li>Hydrolyzed shellfish (source of glucosamine, 290 mg\/kg)<\/li>\n<li>Blueberries (250 mg\/kg, source of polyphenols 75 mg\/kg and flavonoids 35 mg\/kg)<\/li>\n<li>Chondroitin sulfate (180 mg\/kg)<\/li>\n<li>Mannanoligosaccharides (170 mg\/kg)<\/li>\n<li>Herbs and fruits (rosemary, citrus fruits, turmeric, 160 mg\/kg)<\/li>\n<li>Fructooligosaccharides (110 mg\/kg)<\/li>\n<li>Yucca schidigera extract (110 mg\/kg)<\/li>\n<li>Inulin (100 mg\/kg)<\/li>\n<li>Milk thistle (80 mg\/kg)<\/li>\n<li>Sea buckthorn (80 mg\/kg)<\/li>\n<li>Chamomile (35 mg\/kg)<\/li>\n<li>Cloves (35 mg\/kg)<\/li>\n<li>Sage (30 mg\/kg).<\/li>\n<\/ul>\n<p><strong>Analitik komponentl\u0259r:<\/strong><\/p>\n<ul>\n<li>Crude protein: 33.0%<\/li>\n<li>Crude fat: 23.0%<\/li>\n<li>Moisture: 10.0%<\/li>\n<li>Crude ash: 8.5%<\/li>\n<li>Crude fiber: 1.5%<\/li>\n<li>Calcium: 1.6%<\/li>\n<li>Phosphorus: 1.3%<\/li>\n<li>Omega-3 fatty acids: 1.9%<\/li>\n<li>Omega-6 fatty acids: 3.2%<\/li>\n<li>Eicosapentaenoic acid (EPA): 0.2%<\/li>\n<\/ul>","protected":false},"excerpt":{"rendered":"<p><strong>Perfect Choice for Small Breed Puppies<\/strong><\/p>\n<ul>\n<li>Designed for small breed puppies &#8211; from 4 weeks to 10 months of age<\/li>\n<li>Grain-free and hypoallergenic formula<\/li>\n<li>Primary ingredient is easily digestible lamb<\/li>\n<li>Sea buckthorn, vitamin C, MOS, FOS, and inulin for immunity<\/li>\n<li>Chamomile, cloves, sage &#8211; antibacterial protection for teeth<\/li>\n<li>Appropriately sized kibbles for small breed puppies<\/li>\n<li>Recommended by breeders and veterinarians<\/li>\n<\/ul>","protected":false},"featured_media":22758,"template":"","meta":{"inline_featured_image":false,"_joinchat":[]},"product_cat":[132,107],"product_tag":[],"class_list":{"0":"post-22809","1":"product","2":"type-product","3":"status-publish","4":"has-post-thumbnail","6":"product_brand-brit","7":"product_cat-dog-food","8":"product_cat-dog","10":"first","11":"instock","12":"shipping-taxable","13":"purchasable","14":"product-type-simple"},"yoast_head":"<!-- This site is optimized with the Yoast SEO plugin v27.4 - https:\/\/yoast.com\/product\/yoast-seo-wordpress\/ -->\n<title>Brit Care Mini grain Free Puppy Lamb 7 kg - Zooland.az<\/title>\n<meta name=\"robots\" content=\"index, follow, max-snippet:-1, max-image-preview:large, max-video-preview:-1\" \/>\n<link rel=\"canonical\" href=\"https:\/\/zoo-land.az\/az\/shop\/dog\/dog-food\/brit-care-mini-grain-free-puppy-lamb-7-kg\/\" \/>\n<meta property=\"og:locale\" content=\"az_AZ\" \/>\n<meta property=\"og:type\" content=\"article\" \/>\n<meta property=\"og:title\" content=\"Brit Care Mini grain Free Puppy Lamb 7 kg - Zooland.az\" \/>\n<meta property=\"og:description\" content=\"Perfect Choice for Small Breed Puppies   Designed for small breed puppies - from 4 weeks to 10 months of age  Grain-free and hypoallergenic formula  Primary ingredient is easily digestible lamb  Sea buckthorn, vitamin C, MOS, FOS, and inulin for immunity  Chamomile, cloves, sage - antibacterial protection for teeth  Appropriately sized kibbles for small breed puppies  Recommended by breeders and veterinarians\" \/>\n<meta property=\"og:url\" content=\"https:\/\/zoo-land.az\/az\/shop\/dog\/dog-food\/brit-care-mini-grain-free-puppy-lamb-7-kg\/\" \/>\n<meta property=\"og:site_name\" content=\"Zooland.az\" \/>\n<meta property=\"og:image\" content=\"https:\/\/zoo-land.az\/wp-content\/uploads\/2024\/06\/unnamed-1.png\" \/>\n\t<meta property=\"og:image:width\" content=\"512\" \/>\n\t<meta property=\"og:image:height\" content=\"512\" \/>\n\t<meta property=\"og:image:type\" content=\"image\/png\" \/>\n<meta name=\"twitter:card\" content=\"summary_large_image\" \/>\n<meta name=\"twitter:label1\" content=\"Est. reading time\" \/>\n\t<meta name=\"twitter:data1\" content=\"1 minute\" \/>\n<script type=\"application\/ld+json\" class=\"yoast-schema-graph\">{\"@context\":\"https:\\\/\\\/schema.org\",\"@graph\":[{\"@type\":\"WebPage\",\"@id\":\"https:\\\/\\\/zoo-land.az\\\/shop\\\/dog\\\/dog-food\\\/brit-care-mini-grain-free-puppy-lamb-7-kg\\\/\",\"url\":\"https:\\\/\\\/zoo-land.az\\\/shop\\\/dog\\\/dog-food\\\/brit-care-mini-grain-free-puppy-lamb-7-kg\\\/\",\"name\":\"Brit Care Mini grain Free Puppy Lamb 7 kg - Zooland.az\",\"isPartOf\":{\"@id\":\"https:\\\/\\\/zoo-land.az\\\/#website\"},\"primaryImageOfPage\":{\"@id\":\"https:\\\/\\\/zoo-land.az\\\/shop\\\/dog\\\/dog-food\\\/brit-care-mini-grain-free-puppy-lamb-7-kg\\\/#primaryimage\"},\"image\":{\"@id\":\"https:\\\/\\\/zoo-land.az\\\/shop\\\/dog\\\/dog-food\\\/brit-care-mini-grain-free-puppy-lamb-7-kg\\\/#primaryimage\"},\"thumbnailUrl\":\"https:\\\/\\\/zoo-land.az\\\/wp-content\\\/uploads\\\/2024\\\/06\\\/unnamed-1.png\",\"datePublished\":\"2024-06-06T12:25:49+00:00\",\"breadcrumb\":{\"@id\":\"https:\\\/\\\/zoo-land.az\\\/shop\\\/dog\\\/dog-food\\\/brit-care-mini-grain-free-puppy-lamb-7-kg\\\/#breadcrumb\"},\"inLanguage\":\"az\",\"potentialAction\":[{\"@type\":\"ReadAction\",\"target\":[\"https:\\\/\\\/zoo-land.az\\\/shop\\\/dog\\\/dog-food\\\/brit-care-mini-grain-free-puppy-lamb-7-kg\\\/\"]}]},{\"@type\":\"ImageObject\",\"inLanguage\":\"az\",\"@id\":\"https:\\\/\\\/zoo-land.az\\\/shop\\\/dog\\\/dog-food\\\/brit-care-mini-grain-free-puppy-lamb-7-kg\\\/#primaryimage\",\"url\":\"https:\\\/\\\/zoo-land.az\\\/wp-content\\\/uploads\\\/2024\\\/06\\\/unnamed-1.png\",\"contentUrl\":\"https:\\\/\\\/zoo-land.az\\\/wp-content\\\/uploads\\\/2024\\\/06\\\/unnamed-1.png\",\"width\":512,\"height\":512},{\"@type\":\"BreadcrumbList\",\"@id\":\"https:\\\/\\\/zoo-land.az\\\/shop\\\/dog\\\/dog-food\\\/brit-care-mini-grain-free-puppy-lamb-7-kg\\\/#breadcrumb\",\"itemListElement\":[{\"@type\":\"ListItem\",\"position\":1,\"name\":\"Home\",\"item\":\"https:\\\/\\\/zoo-land.az\\\/ru\\\/\"},{\"@type\":\"ListItem\",\"position\":2,\"name\":\"Shop\",\"item\":\"https:\\\/\\\/zoo-land.az\\\/ru\\\/\"},{\"@type\":\"ListItem\",\"position\":3,\"name\":\"Brit Care Mini grain Free Puppy Lamb 7 kg\"}]},{\"@type\":\"WebSite\",\"@id\":\"https:\\\/\\\/zoo-land.az\\\/#website\",\"url\":\"https:\\\/\\\/zoo-land.az\\\/\",\"name\":\"Zooland.az\",\"description\":\"Xo\u015fb\u0259xt ev heyvanlar\u0131n\u0131n \u00fcnvan\u0131 Zooland.az\",\"publisher\":{\"@id\":\"https:\\\/\\\/zoo-land.az\\\/#organization\"},\"potentialAction\":[{\"@type\":\"SearchAction\",\"target\":{\"@type\":\"EntryPoint\",\"urlTemplate\":\"https:\\\/\\\/zoo-land.az\\\/?s={search_term_string}\"},\"query-input\":{\"@type\":\"PropertyValueSpecification\",\"valueRequired\":true,\"valueName\":\"search_term_string\"}}],\"inLanguage\":\"az\"},{\"@type\":\"Organization\",\"@id\":\"https:\\\/\\\/zoo-land.az\\\/#organization\",\"name\":\"Zooland.az\",\"url\":\"https:\\\/\\\/zoo-land.az\\\/\",\"logo\":{\"@type\":\"ImageObject\",\"inLanguage\":\"az\",\"@id\":\"https:\\\/\\\/zoo-land.az\\\/#\\\/schema\\\/logo\\\/image\\\/\",\"url\":\"https:\\\/\\\/zoo-land.az\\\/wp-content\\\/uploads\\\/2022\\\/05\\\/logo.svg\",\"contentUrl\":\"https:\\\/\\\/zoo-land.az\\\/wp-content\\\/uploads\\\/2022\\\/05\\\/logo.svg\",\"width\":113,\"height\":46,\"caption\":\"Zooland.az\"},\"image\":{\"@id\":\"https:\\\/\\\/zoo-land.az\\\/#\\\/schema\\\/logo\\\/image\\\/\"}}]}<\/script>\n<!-- \/ Yoast SEO plugin. -->","yoast_head_json":{"title":"Brit Care Mini grain Free Puppy Lamb 7 kg - Zooland.az","robots":{"index":"index","follow":"follow","max-snippet":"max-snippet:-1","max-image-preview":"max-image-preview:large","max-video-preview":"max-video-preview:-1"},"canonical":"https:\/\/zoo-land.az\/az\/shop\/dog\/dog-food\/brit-care-mini-grain-free-puppy-lamb-7-kg\/","og_locale":"az_AZ","og_type":"article","og_title":"Brit Care Mini grain Free Puppy Lamb 7 kg - Zooland.az","og_description":"Perfect Choice for Small Breed Puppies   Designed for small breed puppies - from 4 weeks to 10 months of age  Grain-free and hypoallergenic formula  Primary ingredient is easily digestible lamb  Sea buckthorn, vitamin C, MOS, FOS, and inulin for immunity  Chamomile, cloves, sage - antibacterial protection for teeth  Appropriately sized kibbles for small breed puppies  Recommended by breeders and veterinarians","og_url":"https:\/\/zoo-land.az\/az\/shop\/dog\/dog-food\/brit-care-mini-grain-free-puppy-lamb-7-kg\/","og_site_name":"Zooland.az","og_image":[{"width":512,"height":512,"url":"https:\/\/zoo-land.az\/wp-content\/uploads\/2024\/06\/unnamed-1.png","type":"image\/png"}],"twitter_card":"summary_large_image","twitter_misc":{"Est. reading time":"1 minute"},"schema":{"@context":"https:\/\/schema.org","@graph":[{"@type":"WebPage","@id":"https:\/\/zoo-land.az\/shop\/dog\/dog-food\/brit-care-mini-grain-free-puppy-lamb-7-kg\/","url":"https:\/\/zoo-land.az\/shop\/dog\/dog-food\/brit-care-mini-grain-free-puppy-lamb-7-kg\/","name":"Brit Care Mini grain Free Puppy Lamb 7 kg - Zooland.az","isPartOf":{"@id":"https:\/\/zoo-land.az\/#website"},"primaryImageOfPage":{"@id":"https:\/\/zoo-land.az\/shop\/dog\/dog-food\/brit-care-mini-grain-free-puppy-lamb-7-kg\/#primaryimage"},"image":{"@id":"https:\/\/zoo-land.az\/shop\/dog\/dog-food\/brit-care-mini-grain-free-puppy-lamb-7-kg\/#primaryimage"},"thumbnailUrl":"https:\/\/zoo-land.az\/wp-content\/uploads\/2024\/06\/unnamed-1.png","datePublished":"2024-06-06T12:25:49+00:00","breadcrumb":{"@id":"https:\/\/zoo-land.az\/shop\/dog\/dog-food\/brit-care-mini-grain-free-puppy-lamb-7-kg\/#breadcrumb"},"inLanguage":"az","potentialAction":[{"@type":"ReadAction","target":["https:\/\/zoo-land.az\/shop\/dog\/dog-food\/brit-care-mini-grain-free-puppy-lamb-7-kg\/"]}]},{"@type":"ImageObject","inLanguage":"az","@id":"https:\/\/zoo-land.az\/shop\/dog\/dog-food\/brit-care-mini-grain-free-puppy-lamb-7-kg\/#primaryimage","url":"https:\/\/zoo-land.az\/wp-content\/uploads\/2024\/06\/unnamed-1.png","contentUrl":"https:\/\/zoo-land.az\/wp-content\/uploads\/2024\/06\/unnamed-1.png","width":512,"height":512},{"@type":"BreadcrumbList","@id":"https:\/\/zoo-land.az\/shop\/dog\/dog-food\/brit-care-mini-grain-free-puppy-lamb-7-kg\/#breadcrumb","itemListElement":[{"@type":"ListItem","position":1,"name":"Home","item":"https:\/\/zoo-land.az\/ru\/"},{"@type":"ListItem","position":2,"name":"Shop","item":"https:\/\/zoo-land.az\/ru\/"},{"@type":"ListItem","position":3,"name":"Brit Care Mini grain Free Puppy Lamb 7 kg"}]},{"@type":"WebSite","@id":"https:\/\/zoo-land.az\/#website","url":"https:\/\/zoo-land.az\/","name":"Zooland.az","description":"Xo\u015fb\u0259xt ev heyvanlar\u0131n\u0131n \u00fcnvan\u0131 Zooland.az","publisher":{"@id":"https:\/\/zoo-land.az\/#organization"},"potentialAction":[{"@type":"SearchAction","target":{"@type":"EntryPoint","urlTemplate":"https:\/\/zoo-land.az\/?s={search_term_string}"},"query-input":{"@type":"PropertyValueSpecification","valueRequired":true,"valueName":"search_term_string"}}],"inLanguage":"az"},{"@type":"Organization","@id":"https:\/\/zoo-land.az\/#organization","name":"Zooland.az","url":"https:\/\/zoo-land.az\/","logo":{"@type":"ImageObject","inLanguage":"az","@id":"https:\/\/zoo-land.az\/#\/schema\/logo\/image\/","url":"https:\/\/zoo-land.az\/wp-content\/uploads\/2022\/05\/logo.svg","contentUrl":"https:\/\/zoo-land.az\/wp-content\/uploads\/2022\/05\/logo.svg","width":113,"height":46,"caption":"Zooland.az"},"image":{"@id":"https:\/\/zoo-land.az\/#\/schema\/logo\/image\/"}}]}},"_links":{"self":[{"href":"https:\/\/zoo-land.az\/az\/wp-json\/wp\/v2\/product\/22809","targetHints":{"allow":["GET"]}}],"collection":[{"href":"https:\/\/zoo-land.az\/az\/wp-json\/wp\/v2\/product"}],"about":[{"href":"https:\/\/zoo-land.az\/az\/wp-json\/wp\/v2\/types\/product"}],"wp:featuredmedia":[{"embeddable":true,"href":"https:\/\/zoo-land.az\/az\/wp-json\/wp\/v2\/media\/22758"}],"wp:attachment":[{"href":"https:\/\/zoo-land.az\/az\/wp-json\/wp\/v2\/media?parent=22809"}],"wp:term":[{"taxonomy":"product_cat","embeddable":true,"href":"https:\/\/zoo-land.az\/az\/wp-json\/wp\/v2\/product_cat?post=22809"},{"taxonomy":"product_tag","embeddable":true,"href":"https:\/\/zoo-land.az\/az\/wp-json\/wp\/v2\/product_tag?post=22809"}],"curies":[{"name":"wp","href":"https:\/\/api.w.org\/{rel}","templated":true}]}}