{"id":22812,"date":"2024-06-06T12:37:27","date_gmt":"2024-06-06T12:37:27","guid":{"rendered":"https:\/\/lightsteelblue-zebra-299715.hostingersite.com\/?post_type=product&#038;p=22812"},"modified":"2024-06-06T12:37:27","modified_gmt":"2024-06-06T12:37:27","slug":"brit-care-dog-hypoallergenic-adult-large-breed-12-kg","status":"publish","type":"product","link":"https:\/\/zoo-land.az\/az\/shop\/dog\/dog-food\/brit-care-dog-hypoallergenic-adult-large-breed-12-kg\/","title":{"rendered":"Brit Care dog Hypoallergenic Adult Large breed 12 kg"},"content":{"rendered":"<p><strong>Composition<\/strong><\/p>\n<ul>\n<li>Dehydrated lamb (40%)<\/li>\n<li>Rice (38%)<\/li>\n<li>Dried apple pulp<\/li>\n<li>Chicken fat<\/li>\n<li>Natural flavoring<\/li>\n<li>Brewer&#8217;s yeast<\/li>\n<li>Salmon oil (2%)<\/li>\n<li>Pea flour<\/li>\n<li>Glucosamine (260 mg\/kg)<\/li>\n<li>Fructo-oligosaccharides (200 mg\/kg)<\/li>\n<li>Chondroitin sulfate (200 mg\/kg)<\/li>\n<li>Mannan-oligosaccharides (150 mg\/kg)<\/li>\n<li>Yucca schidigera (150 mg\/kg)<\/li>\n<li>Milk thistle seeds (90 mg\/kg)<\/li>\n<li>\u03b2-glucans (50 mg\/kg)<\/li>\n<li>Dried motherwort (50 mg\/kg)<\/li>\n<li>Dried sea buckthorn (50 mg\/kg)<\/li>\n<li>Probiotics Lactobacillus helveticus HA \u2013 122 inactivated (15&#215;10^9 cells\/kg)<\/li>\n<\/ul>\n<p><strong>Analytical Constituents<\/strong><\/p>\n<ul>\n<li>Crude protein: 26.0%<\/li>\n<li>Crude fat: 14.0%<\/li>\n<li>Moisture: 10.0%<\/li>\n<li>Crude ash: 7.0%<\/li>\n<li>Crude fiber: 3.0%<\/li>\n<li>Calcium: 1.3%<\/li>\n<li>Phosphorus: 0.9%<\/li>\n<li>Sodium: 0.4%<\/li>\n<li>Omega-3 fatty acids: 0.5%<\/li>\n<li>Omega-6 fatty acids: 1.7%<\/li>\n<li>EPA (20:5 n-3): 0.05%<\/li>\n<li>DHA (22:6 n-3): 0.1%<\/li>\n<\/ul>\n<p><strong>Nutritional Additives<\/strong><\/p>\n<ul>\n<li>Vitamin A (3a672a): 20,000 IU<\/li>\n<li>Vitamin D3 (3a671): 1,500 IU<\/li>\n<li>Vitamin E (3a700): 500 mg<\/li>\n<li>Vitamin C (3a312): 300 mg<\/li>\n<li>Taurine (3a370): 1,500 mg<\/li>\n<li>Choline chloride (3a890): 1,800 mg<\/li>\n<li>L-carnitine (3a910): 250 mg<\/li>\n<li>Vitamin B1 (3a821): 2.5 mg<\/li>\n<li>Vitamin B2 (3a825i): 9.6 mg<\/li>\n<li>Biotin (3a880): 3.5 mg<\/li>\n<li>Folic acid (3a316): 1.2 mg<\/li>\n<li>Vitamin B6 (3a831): 2.5 mg<\/li>\n<li>D-calcium pantothenate (3a841): 25 mg<\/li>\n<li>Niacinamide (3a315): 32.5 mg<\/li>\n<li>Vitamin B12: 0.1 mg<\/li>\n<li>Iodine (3b201): 0.8 mg<\/li>\n<li>Organic zinc (3b606): 85 mg<\/li>\n<li>Organic manganese (3b504): 40 mg<\/li>\n<li>Organic copper (3b406): 18 mg<\/li>\n<li>Organic iron (3b106): 75 mg<\/li>\n<li>Organic selenium (3b810): 0.16 mg<\/li>\n<li>Contains EU-approved antioxidants: tocopherol extracts from vegetable oils (1b306(i)), ascorbyl palmitate (1b304), and rosemary extract<\/li>\n<\/ul>\n<p><strong>Metabolizable Energy:<\/strong> 3,690 kcal\/kg<\/p>","protected":false},"excerpt":{"rendered":"<p><strong>Composition<\/strong><\/p>\n<ul>\n<li>Dehydrated lamb (40%)<\/li>\n<li>Rice (38%)<\/li>\n<li>Dried apple pulp<\/li>\n<li>Chicken fat<\/li>\n<li>Natural flavoring<\/li>\n<li>Brewer&#8217;s yeast<\/li>\n<li>Salmon oil (2%)<\/li>\n<li>Pea flour<\/li>\n<li>Glucosamine (260 mg\/kg)<\/li>\n<li>Fructo-oligosaccharides (200 mg\/kg)<\/li>\n<li>Chondroitin sulfate (200 mg\/kg)<\/li>\n<li>Mannan-oligosaccharides (150 mg\/kg)<\/li>\n<li>Yucca schidigera (150 mg\/kg)<\/li>\n<li>Milk thistle seeds (90 mg\/kg)<\/li>\n<li>\u03b2-glucans (50 mg\/kg)<\/li>\n<li>Dried motherwort (50 mg\/kg)<\/li>\n<li>Dried sea buckthorn (50 mg\/kg)<\/li>\n<li>Probiotics Lactobacillus helveticus HA \u2013 122 inactivated (15&#215;10^9 cells\/kg)<\/li>\n<\/ul>","protected":false},"featured_media":22751,"template":"","meta":{"inline_featured_image":false,"_joinchat":[]},"product_cat":[132,107],"product_tag":[],"class_list":{"0":"post-22812","1":"product","2":"type-product","3":"status-publish","4":"has-post-thumbnail","6":"product_brand-brit","7":"product_cat-dog-food","8":"product_cat-dog","10":"first","11":"instock","12":"shipping-taxable","13":"purchasable","14":"product-type-simple"},"yoast_head":"<!-- This site is optimized with the Yoast SEO plugin v26.7 - https:\/\/yoast.com\/wordpress\/plugins\/seo\/ -->\n<title>Brit Care dog Hypoallergenic Adult Large breed 12 kg - Zooland.az<\/title>\n<meta name=\"robots\" content=\"index, follow, max-snippet:-1, max-image-preview:large, max-video-preview:-1\" \/>\n<link rel=\"canonical\" href=\"https:\/\/zoo-land.az\/az\/shop\/dog\/dog-food\/brit-care-dog-hypoallergenic-adult-large-breed-12-kg\/\" \/>\n<meta property=\"og:locale\" content=\"az_AZ\" \/>\n<meta property=\"og:type\" content=\"article\" \/>\n<meta property=\"og:title\" content=\"Brit Care dog Hypoallergenic Adult Large breed 12 kg - Zooland.az\" \/>\n<meta property=\"og:description\" content=\"Composition   Dehydrated lamb (40%)  Rice (38%)  Dried apple pulp  Chicken fat  Natural flavoring  Brewer&#039;s yeast  Salmon oil (2%)  Pea flour  Glucosamine (260 mg\/kg)  Fructo-oligosaccharides (200 mg\/kg)  Chondroitin sulfate (200 mg\/kg)  Mannan-oligosaccharides (150 mg\/kg)  Yucca schidigera (150 mg\/kg)  Milk thistle seeds (90 mg\/kg)  \u03b2-glucans (50 mg\/kg)  Dried motherwort (50 mg\/kg)  Dried sea buckthorn (50 mg\/kg)  Probiotics Lactobacillus helveticus HA \u2013 122 inactivated (15x10^9 cells\/kg)\" \/>\n<meta property=\"og:url\" content=\"https:\/\/zoo-land.az\/az\/shop\/dog\/dog-food\/brit-care-dog-hypoallergenic-adult-large-breed-12-kg\/\" \/>\n<meta property=\"og:site_name\" content=\"Zooland.az\" \/>\n<meta property=\"og:image\" content=\"https:\/\/zoo-land.az\/wp-content\/uploads\/2024\/06\/100172222_z1.png\" \/>\n\t<meta property=\"og:image:width\" content=\"594\" \/>\n\t<meta property=\"og:image:height\" content=\"800\" \/>\n\t<meta property=\"og:image:type\" content=\"image\/png\" \/>\n<meta name=\"twitter:card\" content=\"summary_large_image\" \/>\n<meta name=\"twitter:label1\" content=\"Est. reading time\" \/>\n\t<meta name=\"twitter:data1\" content=\"1 minute\" \/>\n<script type=\"application\/ld+json\" class=\"yoast-schema-graph\">{\"@context\":\"https:\/\/schema.org\",\"@graph\":[{\"@type\":\"WebPage\",\"@id\":\"https:\/\/zoo-land.az\/shop\/dog\/dog-food\/brit-care-dog-hypoallergenic-adult-large-breed-12-kg\/\",\"url\":\"https:\/\/zoo-land.az\/shop\/dog\/dog-food\/brit-care-dog-hypoallergenic-adult-large-breed-12-kg\/\",\"name\":\"Brit Care dog Hypoallergenic Adult Large breed 12 kg - Zooland.az\",\"isPartOf\":{\"@id\":\"https:\/\/zoo-land.az\/#website\"},\"primaryImageOfPage\":{\"@id\":\"https:\/\/zoo-land.az\/shop\/dog\/dog-food\/brit-care-dog-hypoallergenic-adult-large-breed-12-kg\/#primaryimage\"},\"image\":{\"@id\":\"https:\/\/zoo-land.az\/shop\/dog\/dog-food\/brit-care-dog-hypoallergenic-adult-large-breed-12-kg\/#primaryimage\"},\"thumbnailUrl\":\"https:\/\/zoo-land.az\/wp-content\/uploads\/2024\/06\/100172222_z1.png\",\"datePublished\":\"2024-06-06T12:37:27+00:00\",\"breadcrumb\":{\"@id\":\"https:\/\/zoo-land.az\/shop\/dog\/dog-food\/brit-care-dog-hypoallergenic-adult-large-breed-12-kg\/#breadcrumb\"},\"inLanguage\":\"az\",\"potentialAction\":[{\"@type\":\"ReadAction\",\"target\":[\"https:\/\/zoo-land.az\/shop\/dog\/dog-food\/brit-care-dog-hypoallergenic-adult-large-breed-12-kg\/\"]}]},{\"@type\":\"ImageObject\",\"inLanguage\":\"az\",\"@id\":\"https:\/\/zoo-land.az\/shop\/dog\/dog-food\/brit-care-dog-hypoallergenic-adult-large-breed-12-kg\/#primaryimage\",\"url\":\"https:\/\/zoo-land.az\/wp-content\/uploads\/2024\/06\/100172222_z1.png\",\"contentUrl\":\"https:\/\/zoo-land.az\/wp-content\/uploads\/2024\/06\/100172222_z1.png\",\"width\":594,\"height\":800},{\"@type\":\"BreadcrumbList\",\"@id\":\"https:\/\/zoo-land.az\/shop\/dog\/dog-food\/brit-care-dog-hypoallergenic-adult-large-breed-12-kg\/#breadcrumb\",\"itemListElement\":[{\"@type\":\"ListItem\",\"position\":1,\"name\":\"Home\",\"item\":\"https:\/\/zoo-land.az\/ru\/\"},{\"@type\":\"ListItem\",\"position\":2,\"name\":\"Shop\",\"item\":\"https:\/\/zoo-land.az\/ru\/\"},{\"@type\":\"ListItem\",\"position\":3,\"name\":\"Brit Care dog Hypoallergenic Adult Large breed 12 kg\"}]},{\"@type\":\"WebSite\",\"@id\":\"https:\/\/zoo-land.az\/#website\",\"url\":\"https:\/\/zoo-land.az\/\",\"name\":\"Zooland.az\",\"description\":\"Xo\u015fb\u0259xt ev heyvanlar\u0131n\u0131n \u00fcnvan\u0131 Zooland.az\",\"publisher\":{\"@id\":\"https:\/\/zoo-land.az\/#organization\"},\"potentialAction\":[{\"@type\":\"SearchAction\",\"target\":{\"@type\":\"EntryPoint\",\"urlTemplate\":\"https:\/\/zoo-land.az\/?s={search_term_string}\"},\"query-input\":{\"@type\":\"PropertyValueSpecification\",\"valueRequired\":true,\"valueName\":\"search_term_string\"}}],\"inLanguage\":\"az\"},{\"@type\":\"Organization\",\"@id\":\"https:\/\/zoo-land.az\/#organization\",\"name\":\"Zooland.az\",\"url\":\"https:\/\/zoo-land.az\/\",\"logo\":{\"@type\":\"ImageObject\",\"inLanguage\":\"az\",\"@id\":\"https:\/\/zoo-land.az\/#\/schema\/logo\/image\/\",\"url\":\"https:\/\/zoo-land.az\/wp-content\/uploads\/2022\/05\/logo.svg\",\"contentUrl\":\"https:\/\/zoo-land.az\/wp-content\/uploads\/2022\/05\/logo.svg\",\"width\":113,\"height\":46,\"caption\":\"Zooland.az\"},\"image\":{\"@id\":\"https:\/\/zoo-land.az\/#\/schema\/logo\/image\/\"}}]}<\/script>\n<!-- \/ Yoast SEO plugin. -->","yoast_head_json":{"title":"Brit Care dog Hypoallergenic Adult Large breed 12 kg - Zooland.az","robots":{"index":"index","follow":"follow","max-snippet":"max-snippet:-1","max-image-preview":"max-image-preview:large","max-video-preview":"max-video-preview:-1"},"canonical":"https:\/\/zoo-land.az\/az\/shop\/dog\/dog-food\/brit-care-dog-hypoallergenic-adult-large-breed-12-kg\/","og_locale":"az_AZ","og_type":"article","og_title":"Brit Care dog Hypoallergenic Adult Large breed 12 kg - Zooland.az","og_description":"Composition   Dehydrated lamb (40%)  Rice (38%)  Dried apple pulp  Chicken fat  Natural flavoring  Brewer's yeast  Salmon oil (2%)  Pea flour  Glucosamine (260 mg\/kg)  Fructo-oligosaccharides (200 mg\/kg)  Chondroitin sulfate (200 mg\/kg)  Mannan-oligosaccharides (150 mg\/kg)  Yucca schidigera (150 mg\/kg)  Milk thistle seeds (90 mg\/kg)  \u03b2-glucans (50 mg\/kg)  Dried motherwort (50 mg\/kg)  Dried sea buckthorn (50 mg\/kg)  Probiotics Lactobacillus helveticus HA \u2013 122 inactivated (15x10^9 cells\/kg)","og_url":"https:\/\/zoo-land.az\/az\/shop\/dog\/dog-food\/brit-care-dog-hypoallergenic-adult-large-breed-12-kg\/","og_site_name":"Zooland.az","og_image":[{"width":594,"height":800,"url":"https:\/\/zoo-land.az\/wp-content\/uploads\/2024\/06\/100172222_z1.png","type":"image\/png"}],"twitter_card":"summary_large_image","twitter_misc":{"Est. reading time":"1 minute"},"schema":{"@context":"https:\/\/schema.org","@graph":[{"@type":"WebPage","@id":"https:\/\/zoo-land.az\/shop\/dog\/dog-food\/brit-care-dog-hypoallergenic-adult-large-breed-12-kg\/","url":"https:\/\/zoo-land.az\/shop\/dog\/dog-food\/brit-care-dog-hypoallergenic-adult-large-breed-12-kg\/","name":"Brit Care dog Hypoallergenic Adult Large breed 12 kg - Zooland.az","isPartOf":{"@id":"https:\/\/zoo-land.az\/#website"},"primaryImageOfPage":{"@id":"https:\/\/zoo-land.az\/shop\/dog\/dog-food\/brit-care-dog-hypoallergenic-adult-large-breed-12-kg\/#primaryimage"},"image":{"@id":"https:\/\/zoo-land.az\/shop\/dog\/dog-food\/brit-care-dog-hypoallergenic-adult-large-breed-12-kg\/#primaryimage"},"thumbnailUrl":"https:\/\/zoo-land.az\/wp-content\/uploads\/2024\/06\/100172222_z1.png","datePublished":"2024-06-06T12:37:27+00:00","breadcrumb":{"@id":"https:\/\/zoo-land.az\/shop\/dog\/dog-food\/brit-care-dog-hypoallergenic-adult-large-breed-12-kg\/#breadcrumb"},"inLanguage":"az","potentialAction":[{"@type":"ReadAction","target":["https:\/\/zoo-land.az\/shop\/dog\/dog-food\/brit-care-dog-hypoallergenic-adult-large-breed-12-kg\/"]}]},{"@type":"ImageObject","inLanguage":"az","@id":"https:\/\/zoo-land.az\/shop\/dog\/dog-food\/brit-care-dog-hypoallergenic-adult-large-breed-12-kg\/#primaryimage","url":"https:\/\/zoo-land.az\/wp-content\/uploads\/2024\/06\/100172222_z1.png","contentUrl":"https:\/\/zoo-land.az\/wp-content\/uploads\/2024\/06\/100172222_z1.png","width":594,"height":800},{"@type":"BreadcrumbList","@id":"https:\/\/zoo-land.az\/shop\/dog\/dog-food\/brit-care-dog-hypoallergenic-adult-large-breed-12-kg\/#breadcrumb","itemListElement":[{"@type":"ListItem","position":1,"name":"Home","item":"https:\/\/zoo-land.az\/ru\/"},{"@type":"ListItem","position":2,"name":"Shop","item":"https:\/\/zoo-land.az\/ru\/"},{"@type":"ListItem","position":3,"name":"Brit Care dog Hypoallergenic Adult Large breed 12 kg"}]},{"@type":"WebSite","@id":"https:\/\/zoo-land.az\/#website","url":"https:\/\/zoo-land.az\/","name":"Zooland.az","description":"Xo\u015fb\u0259xt ev heyvanlar\u0131n\u0131n \u00fcnvan\u0131 Zooland.az","publisher":{"@id":"https:\/\/zoo-land.az\/#organization"},"potentialAction":[{"@type":"SearchAction","target":{"@type":"EntryPoint","urlTemplate":"https:\/\/zoo-land.az\/?s={search_term_string}"},"query-input":{"@type":"PropertyValueSpecification","valueRequired":true,"valueName":"search_term_string"}}],"inLanguage":"az"},{"@type":"Organization","@id":"https:\/\/zoo-land.az\/#organization","name":"Zooland.az","url":"https:\/\/zoo-land.az\/","logo":{"@type":"ImageObject","inLanguage":"az","@id":"https:\/\/zoo-land.az\/#\/schema\/logo\/image\/","url":"https:\/\/zoo-land.az\/wp-content\/uploads\/2022\/05\/logo.svg","contentUrl":"https:\/\/zoo-land.az\/wp-content\/uploads\/2022\/05\/logo.svg","width":113,"height":46,"caption":"Zooland.az"},"image":{"@id":"https:\/\/zoo-land.az\/#\/schema\/logo\/image\/"}}]}},"_links":{"self":[{"href":"https:\/\/zoo-land.az\/az\/wp-json\/wp\/v2\/product\/22812","targetHints":{"allow":["GET"]}}],"collection":[{"href":"https:\/\/zoo-land.az\/az\/wp-json\/wp\/v2\/product"}],"about":[{"href":"https:\/\/zoo-land.az\/az\/wp-json\/wp\/v2\/types\/product"}],"wp:featuredmedia":[{"embeddable":true,"href":"https:\/\/zoo-land.az\/az\/wp-json\/wp\/v2\/media\/22751"}],"wp:attachment":[{"href":"https:\/\/zoo-land.az\/az\/wp-json\/wp\/v2\/media?parent=22812"}],"wp:term":[{"taxonomy":"product_cat","embeddable":true,"href":"https:\/\/zoo-land.az\/az\/wp-json\/wp\/v2\/product_cat?post=22812"},{"taxonomy":"product_tag","embeddable":true,"href":"https:\/\/zoo-land.az\/az\/wp-json\/wp\/v2\/product_tag?post=22812"}],"curies":[{"name":"wp","href":"https:\/\/api.w.org\/{rel}","templated":true}]}}