{"id":22817,"date":"2024-06-06T12:58:56","date_gmt":"2024-06-06T12:58:56","guid":{"rendered":"https:\/\/lightsteelblue-zebra-299715.hostingersite.com\/?post_type=product&#038;p=22817"},"modified":"2024-06-06T12:58:56","modified_gmt":"2024-06-06T12:58:56","slug":"brit-sausage-chicken-rabbit-180-g","status":"publish","type":"product","link":"https:\/\/zoo-land.az\/az\/shop\/cat\/cat-wetfoods\/brit-sausage-chicken-rabbit-180-g\/","title":{"rendered":"Brit kolbasa toyuq dov\u015fan\u0131 180 q"},"content":{"rendered":"<p>Complete dog food A delicious and meaty dog food with rabbit for added nutrition and flavour in any dog\u2019s diet. Because it\u2019s rich in animal proteins, it supports and improves your pet\u2019s digestion.<\/p>\n<p class=\"composition\"><strong>T\u0259rkibi:<\/strong><\/p>\n<p>85% chicken (chicken meat, liver, hearts, necks, stomachs), 10% rabbit, 3.6% rice, 0.9% broth, 0.5% collagen<\/p>\n<p><strong>Analitik madd\u0259l\u0259r:<\/strong><\/p>\n<p>moisture 68.0%, crude protein 12.0%, crude fat 9.5%, crude ash 5.0%, crude fibre 0.5%<\/p>\n<p><strong>Qidalanma t\u0259rkibi:<\/strong><\/p>\n<p>vitamin D3 (E671) 250 IU, vitamin E (3a700) 100 mg, zinc (3b606) 12 mg, iron (E1) 10 mg, manganese (E5) 2 mg, iodine (3b201) 0.7 mg, copper (E4) 0.5 mg, biotin (3a880) 0.2 mg<\/p>\n<p><strong>Metabolizable energy:<\/strong><\/p>\n<p>1505 kcal\/kg<\/p>","protected":false},"excerpt":{"rendered":"<p>Complete dog food A delicious and meaty dog food with rabbit for added nutrition and flavour in any dog\u2019s diet. Because it\u2019s rich in animal proteins, it supports and improves your pet\u2019s digestion.<\/p>","protected":false},"featured_media":22818,"template":"","meta":{"inline_featured_image":false,"_joinchat":[]},"product_cat":[188,190],"product_tag":[],"class_list":{"0":"post-22817","1":"product","2":"type-product","3":"status-publish","4":"has-post-thumbnail","6":"product_brand-brit","7":"product_cat-cat","8":"product_cat-cat-wetfoods","10":"first","11":"instock","12":"shipping-taxable","13":"purchasable","14":"product-type-simple"},"yoast_head":"<!-- This site is optimized with the Yoast SEO plugin v27.4 - https:\/\/yoast.com\/product\/yoast-seo-wordpress\/ -->\n<title>Brit Sausage Chicken rabbit 180 g - Zooland.az<\/title>\n<meta name=\"robots\" content=\"index, follow, max-snippet:-1, max-image-preview:large, max-video-preview:-1\" \/>\n<link rel=\"canonical\" href=\"https:\/\/zoo-land.az\/az\/shop\/cat\/cat-wetfoods\/brit-sausage-chicken-rabbit-180-g\/\" \/>\n<meta property=\"og:locale\" content=\"az_AZ\" \/>\n<meta property=\"og:type\" content=\"article\" \/>\n<meta property=\"og:title\" content=\"Brit Sausage Chicken rabbit 180 g - Zooland.az\" \/>\n<meta property=\"og:description\" content=\"Complete dog food A delicious and meaty dog food with rabbit for added nutrition and flavour in any dog\u2019s diet. Because it\u2019s rich in animal proteins, it supports and improves your pet\u2019s digestion.\" \/>\n<meta property=\"og:url\" content=\"https:\/\/zoo-land.az\/az\/shop\/cat\/cat-wetfoods\/brit-sausage-chicken-rabbit-180-g\/\" \/>\n<meta property=\"og:site_name\" content=\"Zooland.az\" \/>\n<meta property=\"og:image\" content=\"https:\/\/zoo-land.az\/wp-content\/uploads\/2024\/06\/BPbN_CatSausage_ChickenRabbitavmv1QdwVHj4k.jpg\" \/>\n\t<meta property=\"og:image:width\" content=\"1000\" \/>\n\t<meta property=\"og:image:height\" content=\"854\" \/>\n\t<meta property=\"og:image:type\" content=\"image\/jpeg\" \/>\n<meta name=\"twitter:card\" content=\"summary_large_image\" \/>\n<script type=\"application\/ld+json\" class=\"yoast-schema-graph\">{\"@context\":\"https:\\\/\\\/schema.org\",\"@graph\":[{\"@type\":\"WebPage\",\"@id\":\"https:\\\/\\\/zoo-land.az\\\/shop\\\/cat\\\/cat-wetfoods\\\/brit-sausage-chicken-rabbit-180-g\\\/\",\"url\":\"https:\\\/\\\/zoo-land.az\\\/shop\\\/cat\\\/cat-wetfoods\\\/brit-sausage-chicken-rabbit-180-g\\\/\",\"name\":\"Brit Sausage Chicken rabbit 180 g - Zooland.az\",\"isPartOf\":{\"@id\":\"https:\\\/\\\/zoo-land.az\\\/#website\"},\"primaryImageOfPage\":{\"@id\":\"https:\\\/\\\/zoo-land.az\\\/shop\\\/cat\\\/cat-wetfoods\\\/brit-sausage-chicken-rabbit-180-g\\\/#primaryimage\"},\"image\":{\"@id\":\"https:\\\/\\\/zoo-land.az\\\/shop\\\/cat\\\/cat-wetfoods\\\/brit-sausage-chicken-rabbit-180-g\\\/#primaryimage\"},\"thumbnailUrl\":\"https:\\\/\\\/zoo-land.az\\\/wp-content\\\/uploads\\\/2024\\\/06\\\/BPbN_CatSausage_ChickenRabbitavmv1QdwVHj4k.jpg\",\"datePublished\":\"2024-06-06T12:58:56+00:00\",\"breadcrumb\":{\"@id\":\"https:\\\/\\\/zoo-land.az\\\/shop\\\/cat\\\/cat-wetfoods\\\/brit-sausage-chicken-rabbit-180-g\\\/#breadcrumb\"},\"inLanguage\":\"az\",\"potentialAction\":[{\"@type\":\"ReadAction\",\"target\":[\"https:\\\/\\\/zoo-land.az\\\/shop\\\/cat\\\/cat-wetfoods\\\/brit-sausage-chicken-rabbit-180-g\\\/\"]}]},{\"@type\":\"ImageObject\",\"inLanguage\":\"az\",\"@id\":\"https:\\\/\\\/zoo-land.az\\\/shop\\\/cat\\\/cat-wetfoods\\\/brit-sausage-chicken-rabbit-180-g\\\/#primaryimage\",\"url\":\"https:\\\/\\\/zoo-land.az\\\/wp-content\\\/uploads\\\/2024\\\/06\\\/BPbN_CatSausage_ChickenRabbitavmv1QdwVHj4k.jpg\",\"contentUrl\":\"https:\\\/\\\/zoo-land.az\\\/wp-content\\\/uploads\\\/2024\\\/06\\\/BPbN_CatSausage_ChickenRabbitavmv1QdwVHj4k.jpg\",\"width\":1000,\"height\":854},{\"@type\":\"BreadcrumbList\",\"@id\":\"https:\\\/\\\/zoo-land.az\\\/shop\\\/cat\\\/cat-wetfoods\\\/brit-sausage-chicken-rabbit-180-g\\\/#breadcrumb\",\"itemListElement\":[{\"@type\":\"ListItem\",\"position\":1,\"name\":\"Home\",\"item\":\"https:\\\/\\\/zoo-land.az\\\/ru\\\/\"},{\"@type\":\"ListItem\",\"position\":2,\"name\":\"Shop\",\"item\":\"https:\\\/\\\/zoo-land.az\\\/ru\\\/\"},{\"@type\":\"ListItem\",\"position\":3,\"name\":\"Brit Sausage Chicken rabbit 180 g\"}]},{\"@type\":\"WebSite\",\"@id\":\"https:\\\/\\\/zoo-land.az\\\/#website\",\"url\":\"https:\\\/\\\/zoo-land.az\\\/\",\"name\":\"Zooland.az\",\"description\":\"Xo\u015fb\u0259xt ev heyvanlar\u0131n\u0131n \u00fcnvan\u0131 Zooland.az\",\"publisher\":{\"@id\":\"https:\\\/\\\/zoo-land.az\\\/#organization\"},\"potentialAction\":[{\"@type\":\"SearchAction\",\"target\":{\"@type\":\"EntryPoint\",\"urlTemplate\":\"https:\\\/\\\/zoo-land.az\\\/?s={search_term_string}\"},\"query-input\":{\"@type\":\"PropertyValueSpecification\",\"valueRequired\":true,\"valueName\":\"search_term_string\"}}],\"inLanguage\":\"az\"},{\"@type\":\"Organization\",\"@id\":\"https:\\\/\\\/zoo-land.az\\\/#organization\",\"name\":\"Zooland.az\",\"url\":\"https:\\\/\\\/zoo-land.az\\\/\",\"logo\":{\"@type\":\"ImageObject\",\"inLanguage\":\"az\",\"@id\":\"https:\\\/\\\/zoo-land.az\\\/#\\\/schema\\\/logo\\\/image\\\/\",\"url\":\"https:\\\/\\\/zoo-land.az\\\/wp-content\\\/uploads\\\/2022\\\/05\\\/logo.svg\",\"contentUrl\":\"https:\\\/\\\/zoo-land.az\\\/wp-content\\\/uploads\\\/2022\\\/05\\\/logo.svg\",\"width\":113,\"height\":46,\"caption\":\"Zooland.az\"},\"image\":{\"@id\":\"https:\\\/\\\/zoo-land.az\\\/#\\\/schema\\\/logo\\\/image\\\/\"}}]}<\/script>\n<!-- \/ Yoast SEO plugin. -->","yoast_head_json":{"title":"Brit Sausage Chicken rabbit 180 g - Zooland.az","robots":{"index":"index","follow":"follow","max-snippet":"max-snippet:-1","max-image-preview":"max-image-preview:large","max-video-preview":"max-video-preview:-1"},"canonical":"https:\/\/zoo-land.az\/az\/shop\/cat\/cat-wetfoods\/brit-sausage-chicken-rabbit-180-g\/","og_locale":"az_AZ","og_type":"article","og_title":"Brit Sausage Chicken rabbit 180 g - Zooland.az","og_description":"Complete dog food A delicious and meaty dog food with rabbit for added nutrition and flavour in any dog\u2019s diet. Because it\u2019s rich in animal proteins, it supports and improves your pet\u2019s digestion.","og_url":"https:\/\/zoo-land.az\/az\/shop\/cat\/cat-wetfoods\/brit-sausage-chicken-rabbit-180-g\/","og_site_name":"Zooland.az","og_image":[{"width":1000,"height":854,"url":"https:\/\/zoo-land.az\/wp-content\/uploads\/2024\/06\/BPbN_CatSausage_ChickenRabbitavmv1QdwVHj4k.jpg","type":"image\/jpeg"}],"twitter_card":"summary_large_image","schema":{"@context":"https:\/\/schema.org","@graph":[{"@type":"WebPage","@id":"https:\/\/zoo-land.az\/shop\/cat\/cat-wetfoods\/brit-sausage-chicken-rabbit-180-g\/","url":"https:\/\/zoo-land.az\/shop\/cat\/cat-wetfoods\/brit-sausage-chicken-rabbit-180-g\/","name":"Brit Sausage Chicken rabbit 180 g - Zooland.az","isPartOf":{"@id":"https:\/\/zoo-land.az\/#website"},"primaryImageOfPage":{"@id":"https:\/\/zoo-land.az\/shop\/cat\/cat-wetfoods\/brit-sausage-chicken-rabbit-180-g\/#primaryimage"},"image":{"@id":"https:\/\/zoo-land.az\/shop\/cat\/cat-wetfoods\/brit-sausage-chicken-rabbit-180-g\/#primaryimage"},"thumbnailUrl":"https:\/\/zoo-land.az\/wp-content\/uploads\/2024\/06\/BPbN_CatSausage_ChickenRabbitavmv1QdwVHj4k.jpg","datePublished":"2024-06-06T12:58:56+00:00","breadcrumb":{"@id":"https:\/\/zoo-land.az\/shop\/cat\/cat-wetfoods\/brit-sausage-chicken-rabbit-180-g\/#breadcrumb"},"inLanguage":"az","potentialAction":[{"@type":"ReadAction","target":["https:\/\/zoo-land.az\/shop\/cat\/cat-wetfoods\/brit-sausage-chicken-rabbit-180-g\/"]}]},{"@type":"ImageObject","inLanguage":"az","@id":"https:\/\/zoo-land.az\/shop\/cat\/cat-wetfoods\/brit-sausage-chicken-rabbit-180-g\/#primaryimage","url":"https:\/\/zoo-land.az\/wp-content\/uploads\/2024\/06\/BPbN_CatSausage_ChickenRabbitavmv1QdwVHj4k.jpg","contentUrl":"https:\/\/zoo-land.az\/wp-content\/uploads\/2024\/06\/BPbN_CatSausage_ChickenRabbitavmv1QdwVHj4k.jpg","width":1000,"height":854},{"@type":"BreadcrumbList","@id":"https:\/\/zoo-land.az\/shop\/cat\/cat-wetfoods\/brit-sausage-chicken-rabbit-180-g\/#breadcrumb","itemListElement":[{"@type":"ListItem","position":1,"name":"Home","item":"https:\/\/zoo-land.az\/ru\/"},{"@type":"ListItem","position":2,"name":"Shop","item":"https:\/\/zoo-land.az\/ru\/"},{"@type":"ListItem","position":3,"name":"Brit Sausage Chicken rabbit 180 g"}]},{"@type":"WebSite","@id":"https:\/\/zoo-land.az\/#website","url":"https:\/\/zoo-land.az\/","name":"Zooland.az","description":"Xo\u015fb\u0259xt ev heyvanlar\u0131n\u0131n \u00fcnvan\u0131 Zooland.az","publisher":{"@id":"https:\/\/zoo-land.az\/#organization"},"potentialAction":[{"@type":"SearchAction","target":{"@type":"EntryPoint","urlTemplate":"https:\/\/zoo-land.az\/?s={search_term_string}"},"query-input":{"@type":"PropertyValueSpecification","valueRequired":true,"valueName":"search_term_string"}}],"inLanguage":"az"},{"@type":"Organization","@id":"https:\/\/zoo-land.az\/#organization","name":"Zooland.az","url":"https:\/\/zoo-land.az\/","logo":{"@type":"ImageObject","inLanguage":"az","@id":"https:\/\/zoo-land.az\/#\/schema\/logo\/image\/","url":"https:\/\/zoo-land.az\/wp-content\/uploads\/2022\/05\/logo.svg","contentUrl":"https:\/\/zoo-land.az\/wp-content\/uploads\/2022\/05\/logo.svg","width":113,"height":46,"caption":"Zooland.az"},"image":{"@id":"https:\/\/zoo-land.az\/#\/schema\/logo\/image\/"}}]}},"_links":{"self":[{"href":"https:\/\/zoo-land.az\/az\/wp-json\/wp\/v2\/product\/22817","targetHints":{"allow":["GET"]}}],"collection":[{"href":"https:\/\/zoo-land.az\/az\/wp-json\/wp\/v2\/product"}],"about":[{"href":"https:\/\/zoo-land.az\/az\/wp-json\/wp\/v2\/types\/product"}],"wp:featuredmedia":[{"embeddable":true,"href":"https:\/\/zoo-land.az\/az\/wp-json\/wp\/v2\/media\/22818"}],"wp:attachment":[{"href":"https:\/\/zoo-land.az\/az\/wp-json\/wp\/v2\/media?parent=22817"}],"wp:term":[{"taxonomy":"product_cat","embeddable":true,"href":"https:\/\/zoo-land.az\/az\/wp-json\/wp\/v2\/product_cat?post=22817"},{"taxonomy":"product_tag","embeddable":true,"href":"https:\/\/zoo-land.az\/az\/wp-json\/wp\/v2\/product_tag?post=22817"}],"curies":[{"name":"wp","href":"https:\/\/api.w.org\/{rel}","templated":true}]}}