{"id":22821,"date":"2024-06-06T13:02:09","date_gmt":"2024-06-06T13:02:09","guid":{"rendered":"https:\/\/lightsteelblue-zebra-299715.hostingersite.com\/?post_type=product&#038;p=22821"},"modified":"2024-06-06T13:02:43","modified_gmt":"2024-06-06T13:02:43","slug":"brit-sausage-beef-fish-800-g","status":"publish","type":"product","link":"https:\/\/zoo-land.az\/az\/shop\/dog\/dog-wetfoods-conserves\/brit-sausage-beef-fish-800-g\/","title":{"rendered":"Brit Sausage Beef Fish 800 g"},"content":{"rendered":"<p>Complete dog food An outstanding dog food rich in meat formulated for dogs with high energy demands, such as active dogs, service dogs, and sled dogs as well as dogs in convalescence. The high content of beef and fish meat with liver has a positive effect on your dog\u2019s nutrition.<\/p>\n<p><strong>T\u0259rkibi:<\/strong><\/p>\n<p>85% beef (beef meat, liver, hearts), 10% fish, 3.6% rice, 0.9% broth, 0.5% collagen<\/p>\n<p><strong>Analitik madd\u0259l\u0259r:<\/strong><\/p>\n<p>moisture 65.0%, crude protein 12.0%, crude fat 16.0%, crude ash 3.0%, crude fibre 0.5%<\/p>\n<p><strong>Qidalanma t\u0259rkibi:<\/strong><\/p>\n<p>vitamin D3 (E671) 250 IU, vitamin E (3a700) 100 mg, zinc (3b606) 12 mg, iron (E1) 10 mg, manganese (E5) 2 mg, iodine (3b201) 0.7 mg, copper (E4) 0.5 mg, biotin (3a880) 0.2 mg<\/p>\n<p><strong>Metabolizable energy:<\/strong><\/p>\n<p>2010 kcal\/kg<\/p>\n<p><strong>Qidalanma masas\u0131:<\/strong><\/p>\n<div>\n<p>Brit Premium Sausage is a complete dog food and also makes an ideal complement to granules, BARF diets, and cooked meat. When serving it for increased variety and flavour, be sure to reduce the recommended daily serving size of your dog\u2019s regular food accordingly.<\/p>\n<\/div>","protected":false},"excerpt":{"rendered":"<p>Complete dog food An outstanding dog food rich in meat formulated for dogs with high energy demands, such as active dogs, service dogs, and sled dogs as well as dogs in convalescence. The high content of beef and fish meat with liver has a positive effect on your dog\u2019s nutrition.<\/p>\n<p><strong>T\u0259rkibi:<\/strong><\/p>\n<p>85% beef (beef meat, liver, hearts), 10% fish, 3.6% rice, 0.9% broth, 0.5% collagen<\/p>","protected":false},"featured_media":22823,"template":"","meta":{"inline_featured_image":false,"_joinchat":[]},"product_cat":[107,154],"product_tag":[],"class_list":{"0":"post-22821","1":"product","2":"type-product","3":"status-publish","4":"has-post-thumbnail","6":"product_brand-brit","7":"product_cat-dog","8":"product_cat-dog-wetfoods-conserves","10":"first","11":"instock","12":"shipping-taxable","13":"purchasable","14":"product-type-simple"},"yoast_head":"<!-- This site is optimized with the Yoast SEO plugin v27.4 - https:\/\/yoast.com\/product\/yoast-seo-wordpress\/ -->\n<title>Brit Sausage Beef Fish 800 g - Zooland.az<\/title>\n<meta name=\"robots\" content=\"index, follow, max-snippet:-1, max-image-preview:large, max-video-preview:-1\" \/>\n<link rel=\"canonical\" href=\"https:\/\/zoo-land.az\/az\/shop\/dog\/dog-wetfoods-conserves\/brit-sausage-beef-fish-800-g\/\" \/>\n<meta property=\"og:locale\" content=\"az_AZ\" \/>\n<meta property=\"og:type\" content=\"article\" \/>\n<meta property=\"og:title\" content=\"Brit Sausage Beef Fish 800 g - Zooland.az\" \/>\n<meta property=\"og:description\" content=\"Complete dog food An outstanding dog food rich in meat formulated for dogs with high energy demands, such as active dogs, service dogs, and sled dogs as well as dogs in convalescence. The high content of beef and fish meat with liver has a positive effect on your dog\u2019s nutrition.  Composition:  85% beef (beef meat, liver, hearts), 10% fish, 3.6% rice, 0.9% broth, 0.5% collagen\" \/>\n<meta property=\"og:url\" content=\"https:\/\/zoo-land.az\/az\/shop\/dog\/dog-wetfoods-conserves\/brit-sausage-beef-fish-800-g\/\" \/>\n<meta property=\"og:site_name\" content=\"Zooland.az\" \/>\n<meta property=\"article:modified_time\" content=\"2024-06-06T13:02:43+00:00\" \/>\n<meta property=\"og:image\" content=\"https:\/\/zoo-land.az\/wp-content\/uploads\/2024\/06\/BritSausageBeef_FishSport800g_JPG.webp\" \/>\n\t<meta property=\"og:image:width\" content=\"650\" \/>\n\t<meta property=\"og:image:height\" content=\"700\" \/>\n\t<meta property=\"og:image:type\" content=\"image\/webp\" \/>\n<meta name=\"twitter:card\" content=\"summary_large_image\" \/>\n<meta name=\"twitter:label1\" content=\"Est. reading time\" \/>\n\t<meta name=\"twitter:data1\" content=\"1 minute\" \/>\n<script type=\"application\/ld+json\" class=\"yoast-schema-graph\">{\"@context\":\"https:\\\/\\\/schema.org\",\"@graph\":[{\"@type\":\"WebPage\",\"@id\":\"https:\\\/\\\/zoo-land.az\\\/shop\\\/dog\\\/dog-wetfoods-conserves\\\/brit-sausage-beef-fish-800-g\\\/\",\"url\":\"https:\\\/\\\/zoo-land.az\\\/shop\\\/dog\\\/dog-wetfoods-conserves\\\/brit-sausage-beef-fish-800-g\\\/\",\"name\":\"Brit Sausage Beef Fish 800 g - Zooland.az\",\"isPartOf\":{\"@id\":\"https:\\\/\\\/zoo-land.az\\\/#website\"},\"primaryImageOfPage\":{\"@id\":\"https:\\\/\\\/zoo-land.az\\\/shop\\\/dog\\\/dog-wetfoods-conserves\\\/brit-sausage-beef-fish-800-g\\\/#primaryimage\"},\"image\":{\"@id\":\"https:\\\/\\\/zoo-land.az\\\/shop\\\/dog\\\/dog-wetfoods-conserves\\\/brit-sausage-beef-fish-800-g\\\/#primaryimage\"},\"thumbnailUrl\":\"https:\\\/\\\/zoo-land.az\\\/wp-content\\\/uploads\\\/2024\\\/06\\\/BritSausageBeef_FishSport800g_JPG.webp\",\"datePublished\":\"2024-06-06T13:02:09+00:00\",\"dateModified\":\"2024-06-06T13:02:43+00:00\",\"breadcrumb\":{\"@id\":\"https:\\\/\\\/zoo-land.az\\\/shop\\\/dog\\\/dog-wetfoods-conserves\\\/brit-sausage-beef-fish-800-g\\\/#breadcrumb\"},\"inLanguage\":\"az\",\"potentialAction\":[{\"@type\":\"ReadAction\",\"target\":[\"https:\\\/\\\/zoo-land.az\\\/shop\\\/dog\\\/dog-wetfoods-conserves\\\/brit-sausage-beef-fish-800-g\\\/\"]}]},{\"@type\":\"ImageObject\",\"inLanguage\":\"az\",\"@id\":\"https:\\\/\\\/zoo-land.az\\\/shop\\\/dog\\\/dog-wetfoods-conserves\\\/brit-sausage-beef-fish-800-g\\\/#primaryimage\",\"url\":\"https:\\\/\\\/zoo-land.az\\\/wp-content\\\/uploads\\\/2024\\\/06\\\/BritSausageBeef_FishSport800g_JPG.webp\",\"contentUrl\":\"https:\\\/\\\/zoo-land.az\\\/wp-content\\\/uploads\\\/2024\\\/06\\\/BritSausageBeef_FishSport800g_JPG.webp\",\"width\":650,\"height\":700},{\"@type\":\"BreadcrumbList\",\"@id\":\"https:\\\/\\\/zoo-land.az\\\/shop\\\/dog\\\/dog-wetfoods-conserves\\\/brit-sausage-beef-fish-800-g\\\/#breadcrumb\",\"itemListElement\":[{\"@type\":\"ListItem\",\"position\":1,\"name\":\"Home\",\"item\":\"https:\\\/\\\/zoo-land.az\\\/ru\\\/\"},{\"@type\":\"ListItem\",\"position\":2,\"name\":\"Shop\",\"item\":\"https:\\\/\\\/zoo-land.az\\\/ru\\\/\"},{\"@type\":\"ListItem\",\"position\":3,\"name\":\"Brit Sausage Beef Fish 800 g\"}]},{\"@type\":\"WebSite\",\"@id\":\"https:\\\/\\\/zoo-land.az\\\/#website\",\"url\":\"https:\\\/\\\/zoo-land.az\\\/\",\"name\":\"Zooland.az\",\"description\":\"Xo\u015fb\u0259xt ev heyvanlar\u0131n\u0131n \u00fcnvan\u0131 Zooland.az\",\"publisher\":{\"@id\":\"https:\\\/\\\/zoo-land.az\\\/#organization\"},\"potentialAction\":[{\"@type\":\"SearchAction\",\"target\":{\"@type\":\"EntryPoint\",\"urlTemplate\":\"https:\\\/\\\/zoo-land.az\\\/?s={search_term_string}\"},\"query-input\":{\"@type\":\"PropertyValueSpecification\",\"valueRequired\":true,\"valueName\":\"search_term_string\"}}],\"inLanguage\":\"az\"},{\"@type\":\"Organization\",\"@id\":\"https:\\\/\\\/zoo-land.az\\\/#organization\",\"name\":\"Zooland.az\",\"url\":\"https:\\\/\\\/zoo-land.az\\\/\",\"logo\":{\"@type\":\"ImageObject\",\"inLanguage\":\"az\",\"@id\":\"https:\\\/\\\/zoo-land.az\\\/#\\\/schema\\\/logo\\\/image\\\/\",\"url\":\"https:\\\/\\\/zoo-land.az\\\/wp-content\\\/uploads\\\/2022\\\/05\\\/logo.svg\",\"contentUrl\":\"https:\\\/\\\/zoo-land.az\\\/wp-content\\\/uploads\\\/2022\\\/05\\\/logo.svg\",\"width\":113,\"height\":46,\"caption\":\"Zooland.az\"},\"image\":{\"@id\":\"https:\\\/\\\/zoo-land.az\\\/#\\\/schema\\\/logo\\\/image\\\/\"}}]}<\/script>\n<!-- \/ Yoast SEO plugin. -->","yoast_head_json":{"title":"Brit Sausage Beef Fish 800 g - Zooland.az","robots":{"index":"index","follow":"follow","max-snippet":"max-snippet:-1","max-image-preview":"max-image-preview:large","max-video-preview":"max-video-preview:-1"},"canonical":"https:\/\/zoo-land.az\/az\/shop\/dog\/dog-wetfoods-conserves\/brit-sausage-beef-fish-800-g\/","og_locale":"az_AZ","og_type":"article","og_title":"Brit Sausage Beef Fish 800 g - Zooland.az","og_description":"Complete dog food An outstanding dog food rich in meat formulated for dogs with high energy demands, such as active dogs, service dogs, and sled dogs as well as dogs in convalescence. The high content of beef and fish meat with liver has a positive effect on your dog\u2019s nutrition.  Composition:  85% beef (beef meat, liver, hearts), 10% fish, 3.6% rice, 0.9% broth, 0.5% collagen","og_url":"https:\/\/zoo-land.az\/az\/shop\/dog\/dog-wetfoods-conserves\/brit-sausage-beef-fish-800-g\/","og_site_name":"Zooland.az","article_modified_time":"2024-06-06T13:02:43+00:00","og_image":[{"width":650,"height":700,"url":"https:\/\/zoo-land.az\/wp-content\/uploads\/2024\/06\/BritSausageBeef_FishSport800g_JPG.webp","type":"image\/webp"}],"twitter_card":"summary_large_image","twitter_misc":{"Est. reading time":"1 minute"},"schema":{"@context":"https:\/\/schema.org","@graph":[{"@type":"WebPage","@id":"https:\/\/zoo-land.az\/shop\/dog\/dog-wetfoods-conserves\/brit-sausage-beef-fish-800-g\/","url":"https:\/\/zoo-land.az\/shop\/dog\/dog-wetfoods-conserves\/brit-sausage-beef-fish-800-g\/","name":"Brit Sausage Beef Fish 800 g - Zooland.az","isPartOf":{"@id":"https:\/\/zoo-land.az\/#website"},"primaryImageOfPage":{"@id":"https:\/\/zoo-land.az\/shop\/dog\/dog-wetfoods-conserves\/brit-sausage-beef-fish-800-g\/#primaryimage"},"image":{"@id":"https:\/\/zoo-land.az\/shop\/dog\/dog-wetfoods-conserves\/brit-sausage-beef-fish-800-g\/#primaryimage"},"thumbnailUrl":"https:\/\/zoo-land.az\/wp-content\/uploads\/2024\/06\/BritSausageBeef_FishSport800g_JPG.webp","datePublished":"2024-06-06T13:02:09+00:00","dateModified":"2024-06-06T13:02:43+00:00","breadcrumb":{"@id":"https:\/\/zoo-land.az\/shop\/dog\/dog-wetfoods-conserves\/brit-sausage-beef-fish-800-g\/#breadcrumb"},"inLanguage":"az","potentialAction":[{"@type":"ReadAction","target":["https:\/\/zoo-land.az\/shop\/dog\/dog-wetfoods-conserves\/brit-sausage-beef-fish-800-g\/"]}]},{"@type":"ImageObject","inLanguage":"az","@id":"https:\/\/zoo-land.az\/shop\/dog\/dog-wetfoods-conserves\/brit-sausage-beef-fish-800-g\/#primaryimage","url":"https:\/\/zoo-land.az\/wp-content\/uploads\/2024\/06\/BritSausageBeef_FishSport800g_JPG.webp","contentUrl":"https:\/\/zoo-land.az\/wp-content\/uploads\/2024\/06\/BritSausageBeef_FishSport800g_JPG.webp","width":650,"height":700},{"@type":"BreadcrumbList","@id":"https:\/\/zoo-land.az\/shop\/dog\/dog-wetfoods-conserves\/brit-sausage-beef-fish-800-g\/#breadcrumb","itemListElement":[{"@type":"ListItem","position":1,"name":"Home","item":"https:\/\/zoo-land.az\/ru\/"},{"@type":"ListItem","position":2,"name":"Shop","item":"https:\/\/zoo-land.az\/ru\/"},{"@type":"ListItem","position":3,"name":"Brit Sausage Beef Fish 800 g"}]},{"@type":"WebSite","@id":"https:\/\/zoo-land.az\/#website","url":"https:\/\/zoo-land.az\/","name":"Zooland.az","description":"Xo\u015fb\u0259xt ev heyvanlar\u0131n\u0131n \u00fcnvan\u0131 Zooland.az","publisher":{"@id":"https:\/\/zoo-land.az\/#organization"},"potentialAction":[{"@type":"SearchAction","target":{"@type":"EntryPoint","urlTemplate":"https:\/\/zoo-land.az\/?s={search_term_string}"},"query-input":{"@type":"PropertyValueSpecification","valueRequired":true,"valueName":"search_term_string"}}],"inLanguage":"az"},{"@type":"Organization","@id":"https:\/\/zoo-land.az\/#organization","name":"Zooland.az","url":"https:\/\/zoo-land.az\/","logo":{"@type":"ImageObject","inLanguage":"az","@id":"https:\/\/zoo-land.az\/#\/schema\/logo\/image\/","url":"https:\/\/zoo-land.az\/wp-content\/uploads\/2022\/05\/logo.svg","contentUrl":"https:\/\/zoo-land.az\/wp-content\/uploads\/2022\/05\/logo.svg","width":113,"height":46,"caption":"Zooland.az"},"image":{"@id":"https:\/\/zoo-land.az\/#\/schema\/logo\/image\/"}}]}},"_links":{"self":[{"href":"https:\/\/zoo-land.az\/az\/wp-json\/wp\/v2\/product\/22821","targetHints":{"allow":["GET"]}}],"collection":[{"href":"https:\/\/zoo-land.az\/az\/wp-json\/wp\/v2\/product"}],"about":[{"href":"https:\/\/zoo-land.az\/az\/wp-json\/wp\/v2\/types\/product"}],"wp:featuredmedia":[{"embeddable":true,"href":"https:\/\/zoo-land.az\/az\/wp-json\/wp\/v2\/media\/22823"}],"wp:attachment":[{"href":"https:\/\/zoo-land.az\/az\/wp-json\/wp\/v2\/media?parent=22821"}],"wp:term":[{"taxonomy":"product_cat","embeddable":true,"href":"https:\/\/zoo-land.az\/az\/wp-json\/wp\/v2\/product_cat?post=22821"},{"taxonomy":"product_tag","embeddable":true,"href":"https:\/\/zoo-land.az\/az\/wp-json\/wp\/v2\/product_tag?post=22821"}],"curies":[{"name":"wp","href":"https:\/\/api.w.org\/{rel}","templated":true}]}}