{"id":22827,"date":"2024-06-06T13:30:36","date_gmt":"2024-06-06T13:30:36","guid":{"rendered":"https:\/\/lightsteelblue-zebra-299715.hostingersite.com\/?post_type=product&#038;p=22827"},"modified":"2024-06-06T13:30:36","modified_gmt":"2024-06-06T13:30:36","slug":"trixie-flash","status":"publish","type":"product","link":"https:\/\/zoo-land.az\/az\/shop\/dog\/dog-accesories\/dog-hairsavers\/trixie-flash\/","title":{"rendered":"Trixie Flash"},"content":{"rendered":"<div class=\"flex flex-grow flex-col max-w-full\">\n<div class=\"min-h-[20px] text-message flex flex-col items-start whitespace-pre-wrap break-words [.text-message+&amp;]:mt-5 juice:w-full juice:items-end overflow-x-auto gap-2\" dir=\"auto\" data-message-author-role=\"assistant\" data-message-id=\"5308416e-7a1d-4c0e-bcf7-7f3b16cb1ebf\">\n<div class=\"flex w-full flex-col gap-1 juice:empty:hidden juice:first:pt-[3px]\">\n<div class=\"markdown prose w-full break-words dark:prose-invert dark\">\n<p>The Trixie Flashing Keychain for Collars is a very simple and convenient way to keep track of your pet in the dark. It is designed by the German brand Trixie specifically for dogs.<\/p>\n<p>Settings for flashing mode or constant light Plastic Address field Reflector 2 LEDs Approximately 100 hours of operation in flashing mode and 50 hours in constant light mode Size: 4.5\u00d73 cm<\/p>\n<p>The light for a dog collar allows you to easily find your pet in the dark and protect them from dangers associated with motorcycles and cars.<\/p>\n<\/div>\n<\/div>\n<\/div>\n<\/div>","protected":false},"excerpt":{"rendered":"<div class=\"flex flex-grow flex-col max-w-full\">\n<div class=\"min-h-[20px] text-message flex flex-col items-start whitespace-pre-wrap break-words [.text-message+&amp;]:mt-5 juice:w-full juice:items-end overflow-x-auto gap-2\" dir=\"auto\" data-message-author-role=\"assistant\" data-message-id=\"5308416e-7a1d-4c0e-bcf7-7f3b16cb1ebf\">\n<div class=\"flex w-full flex-col gap-1 juice:empty:hidden juice:first:pt-[3px]\">\n<div class=\"markdown prose w-full break-words dark:prose-invert dark\">\n<p>The Trixie Flashing Keychain for Collars is a very simple and convenient way to keep track of your pet in the dark. It is designed by the German brand Trixie specifically for dogs.<\/p>\n<p>Settings for flashing mode or constant light Plastic Address field Reflector 2 LEDs Approximately 100 hours of operation in flashing mode and 50 hours in constant light mode Size: 4.5\u00d73 cm<\/p>\n<p>The light for a dog collar allows you to easily find your pet in the dark and protect them from dangers associated with motorcycles and cars.<\/p>\n<\/div>\n<\/div>\n<\/div>\n<\/div>","protected":false},"featured_media":22828,"template":"","meta":{"inline_featured_image":false,"_joinchat":[]},"product_cat":[163,107],"product_tag":[],"class_list":{"0":"post-22827","1":"product","2":"type-product","3":"status-publish","4":"has-post-thumbnail","6":"product_brand-trixie","7":"product_cat-dog-hairsavers","8":"product_cat-dog","10":"first","11":"instock","12":"shipping-taxable","13":"purchasable","14":"product-type-simple"},"yoast_head":"<!-- This site is optimized with the Yoast SEO plugin v26.7 - https:\/\/yoast.com\/wordpress\/plugins\/seo\/ -->\n<title>Trixie Flash - Zooland.az<\/title>\n<meta name=\"robots\" content=\"index, follow, max-snippet:-1, max-image-preview:large, max-video-preview:-1\" \/>\n<link rel=\"canonical\" href=\"https:\/\/zoo-land.az\/az\/shop\/dog\/dog-accesories\/dog-hairsavers\/trixie-flash\/\" \/>\n<meta property=\"og:locale\" content=\"az_AZ\" \/>\n<meta property=\"og:type\" content=\"article\" \/>\n<meta property=\"og:title\" content=\"Trixie Flash - Zooland.az\" \/>\n<meta property=\"og:description\" content=\"The Trixie Flashing Keychain for Collars is a very simple and convenient way to keep track of your pet in the dark. It is designed by the German brand Trixie specifically for dogs.  Settings for flashing mode or constant light Plastic Address field Reflector 2 LEDs Approximately 100 hours of operation in flashing mode and 50 hours in constant light mode Size: 4.5\u00d73 cm  The light for a dog collar allows you to easily find your pet in the dark and protect them from dangers associated with motorcycles and cars.\" \/>\n<meta property=\"og:url\" content=\"https:\/\/zoo-land.az\/az\/shop\/dog\/dog-accesories\/dog-hairsavers\/trixie-flash\/\" \/>\n<meta property=\"og:site_name\" content=\"Zooland.az\" \/>\n<meta property=\"og:image\" content=\"https:\/\/zoo-land.az\/wp-content\/uploads\/2024\/06\/trixie-\u041c\u0438\u0433\u0430\u043b\u043a\u0430-\u0434\u043b\u044f-\u0441\u043e\u0431\u0430\u043a-1.jpg\" \/>\n\t<meta property=\"og:image:width\" content=\"1000\" \/>\n\t<meta property=\"og:image:height\" content=\"1000\" \/>\n\t<meta property=\"og:image:type\" content=\"image\/jpeg\" \/>\n<meta name=\"twitter:card\" content=\"summary_large_image\" \/>\n<script type=\"application\/ld+json\" class=\"yoast-schema-graph\">{\"@context\":\"https:\/\/schema.org\",\"@graph\":[{\"@type\":\"WebPage\",\"@id\":\"https:\/\/zoo-land.az\/shop\/dog\/dog-accesories\/dog-hairsavers\/trixie-flash\/\",\"url\":\"https:\/\/zoo-land.az\/shop\/dog\/dog-accesories\/dog-hairsavers\/trixie-flash\/\",\"name\":\"Trixie Flash - Zooland.az\",\"isPartOf\":{\"@id\":\"https:\/\/zoo-land.az\/#website\"},\"primaryImageOfPage\":{\"@id\":\"https:\/\/zoo-land.az\/shop\/dog\/dog-accesories\/dog-hairsavers\/trixie-flash\/#primaryimage\"},\"image\":{\"@id\":\"https:\/\/zoo-land.az\/shop\/dog\/dog-accesories\/dog-hairsavers\/trixie-flash\/#primaryimage\"},\"thumbnailUrl\":\"https:\/\/zoo-land.az\/wp-content\/uploads\/2024\/06\/trixie-\u041c\u0438\u0433\u0430\u043b\u043a\u0430-\u0434\u043b\u044f-\u0441\u043e\u0431\u0430\u043a-1.jpg\",\"datePublished\":\"2024-06-06T13:30:36+00:00\",\"breadcrumb\":{\"@id\":\"https:\/\/zoo-land.az\/shop\/dog\/dog-accesories\/dog-hairsavers\/trixie-flash\/#breadcrumb\"},\"inLanguage\":\"az\",\"potentialAction\":[{\"@type\":\"ReadAction\",\"target\":[\"https:\/\/zoo-land.az\/shop\/dog\/dog-accesories\/dog-hairsavers\/trixie-flash\/\"]}]},{\"@type\":\"ImageObject\",\"inLanguage\":\"az\",\"@id\":\"https:\/\/zoo-land.az\/shop\/dog\/dog-accesories\/dog-hairsavers\/trixie-flash\/#primaryimage\",\"url\":\"https:\/\/zoo-land.az\/wp-content\/uploads\/2024\/06\/trixie-\u041c\u0438\u0433\u0430\u043b\u043a\u0430-\u0434\u043b\u044f-\u0441\u043e\u0431\u0430\u043a-1.jpg\",\"contentUrl\":\"https:\/\/zoo-land.az\/wp-content\/uploads\/2024\/06\/trixie-\u041c\u0438\u0433\u0430\u043b\u043a\u0430-\u0434\u043b\u044f-\u0441\u043e\u0431\u0430\u043a-1.jpg\",\"width\":1000,\"height\":1000},{\"@type\":\"BreadcrumbList\",\"@id\":\"https:\/\/zoo-land.az\/shop\/dog\/dog-accesories\/dog-hairsavers\/trixie-flash\/#breadcrumb\",\"itemListElement\":[{\"@type\":\"ListItem\",\"position\":1,\"name\":\"Home\",\"item\":\"https:\/\/zoo-land.az\/ru\/\"},{\"@type\":\"ListItem\",\"position\":2,\"name\":\"Shop\",\"item\":\"https:\/\/zoo-land.az\/ru\/\"},{\"@type\":\"ListItem\",\"position\":3,\"name\":\"Trixie Flash\"}]},{\"@type\":\"WebSite\",\"@id\":\"https:\/\/zoo-land.az\/#website\",\"url\":\"https:\/\/zoo-land.az\/\",\"name\":\"Zooland.az\",\"description\":\"Xo\u015fb\u0259xt ev heyvanlar\u0131n\u0131n \u00fcnvan\u0131 Zooland.az\",\"publisher\":{\"@id\":\"https:\/\/zoo-land.az\/#organization\"},\"potentialAction\":[{\"@type\":\"SearchAction\",\"target\":{\"@type\":\"EntryPoint\",\"urlTemplate\":\"https:\/\/zoo-land.az\/?s={search_term_string}\"},\"query-input\":{\"@type\":\"PropertyValueSpecification\",\"valueRequired\":true,\"valueName\":\"search_term_string\"}}],\"inLanguage\":\"az\"},{\"@type\":\"Organization\",\"@id\":\"https:\/\/zoo-land.az\/#organization\",\"name\":\"Zooland.az\",\"url\":\"https:\/\/zoo-land.az\/\",\"logo\":{\"@type\":\"ImageObject\",\"inLanguage\":\"az\",\"@id\":\"https:\/\/zoo-land.az\/#\/schema\/logo\/image\/\",\"url\":\"https:\/\/zoo-land.az\/wp-content\/uploads\/2022\/05\/logo.svg\",\"contentUrl\":\"https:\/\/zoo-land.az\/wp-content\/uploads\/2022\/05\/logo.svg\",\"width\":113,\"height\":46,\"caption\":\"Zooland.az\"},\"image\":{\"@id\":\"https:\/\/zoo-land.az\/#\/schema\/logo\/image\/\"}}]}<\/script>\n<!-- \/ Yoast SEO plugin. -->","yoast_head_json":{"title":"Trixie Flash - Zooland.az","robots":{"index":"index","follow":"follow","max-snippet":"max-snippet:-1","max-image-preview":"max-image-preview:large","max-video-preview":"max-video-preview:-1"},"canonical":"https:\/\/zoo-land.az\/az\/shop\/dog\/dog-accesories\/dog-hairsavers\/trixie-flash\/","og_locale":"az_AZ","og_type":"article","og_title":"Trixie Flash - Zooland.az","og_description":"The Trixie Flashing Keychain for Collars is a very simple and convenient way to keep track of your pet in the dark. It is designed by the German brand Trixie specifically for dogs.  Settings for flashing mode or constant light Plastic Address field Reflector 2 LEDs Approximately 100 hours of operation in flashing mode and 50 hours in constant light mode Size: 4.5\u00d73 cm  The light for a dog collar allows you to easily find your pet in the dark and protect them from dangers associated with motorcycles and cars.","og_url":"https:\/\/zoo-land.az\/az\/shop\/dog\/dog-accesories\/dog-hairsavers\/trixie-flash\/","og_site_name":"Zooland.az","og_image":[{"width":1000,"height":1000,"url":"https:\/\/zoo-land.az\/wp-content\/uploads\/2024\/06\/trixie-\u041c\u0438\u0433\u0430\u043b\u043a\u0430-\u0434\u043b\u044f-\u0441\u043e\u0431\u0430\u043a-1.jpg","type":"image\/jpeg"}],"twitter_card":"summary_large_image","schema":{"@context":"https:\/\/schema.org","@graph":[{"@type":"WebPage","@id":"https:\/\/zoo-land.az\/shop\/dog\/dog-accesories\/dog-hairsavers\/trixie-flash\/","url":"https:\/\/zoo-land.az\/shop\/dog\/dog-accesories\/dog-hairsavers\/trixie-flash\/","name":"Trixie Flash - Zooland.az","isPartOf":{"@id":"https:\/\/zoo-land.az\/#website"},"primaryImageOfPage":{"@id":"https:\/\/zoo-land.az\/shop\/dog\/dog-accesories\/dog-hairsavers\/trixie-flash\/#primaryimage"},"image":{"@id":"https:\/\/zoo-land.az\/shop\/dog\/dog-accesories\/dog-hairsavers\/trixie-flash\/#primaryimage"},"thumbnailUrl":"https:\/\/zoo-land.az\/wp-content\/uploads\/2024\/06\/trixie-\u041c\u0438\u0433\u0430\u043b\u043a\u0430-\u0434\u043b\u044f-\u0441\u043e\u0431\u0430\u043a-1.jpg","datePublished":"2024-06-06T13:30:36+00:00","breadcrumb":{"@id":"https:\/\/zoo-land.az\/shop\/dog\/dog-accesories\/dog-hairsavers\/trixie-flash\/#breadcrumb"},"inLanguage":"az","potentialAction":[{"@type":"ReadAction","target":["https:\/\/zoo-land.az\/shop\/dog\/dog-accesories\/dog-hairsavers\/trixie-flash\/"]}]},{"@type":"ImageObject","inLanguage":"az","@id":"https:\/\/zoo-land.az\/shop\/dog\/dog-accesories\/dog-hairsavers\/trixie-flash\/#primaryimage","url":"https:\/\/zoo-land.az\/wp-content\/uploads\/2024\/06\/trixie-\u041c\u0438\u0433\u0430\u043b\u043a\u0430-\u0434\u043b\u044f-\u0441\u043e\u0431\u0430\u043a-1.jpg","contentUrl":"https:\/\/zoo-land.az\/wp-content\/uploads\/2024\/06\/trixie-\u041c\u0438\u0433\u0430\u043b\u043a\u0430-\u0434\u043b\u044f-\u0441\u043e\u0431\u0430\u043a-1.jpg","width":1000,"height":1000},{"@type":"BreadcrumbList","@id":"https:\/\/zoo-land.az\/shop\/dog\/dog-accesories\/dog-hairsavers\/trixie-flash\/#breadcrumb","itemListElement":[{"@type":"ListItem","position":1,"name":"Home","item":"https:\/\/zoo-land.az\/ru\/"},{"@type":"ListItem","position":2,"name":"Shop","item":"https:\/\/zoo-land.az\/ru\/"},{"@type":"ListItem","position":3,"name":"Trixie Flash"}]},{"@type":"WebSite","@id":"https:\/\/zoo-land.az\/#website","url":"https:\/\/zoo-land.az\/","name":"Zooland.az","description":"Xo\u015fb\u0259xt ev heyvanlar\u0131n\u0131n \u00fcnvan\u0131 Zooland.az","publisher":{"@id":"https:\/\/zoo-land.az\/#organization"},"potentialAction":[{"@type":"SearchAction","target":{"@type":"EntryPoint","urlTemplate":"https:\/\/zoo-land.az\/?s={search_term_string}"},"query-input":{"@type":"PropertyValueSpecification","valueRequired":true,"valueName":"search_term_string"}}],"inLanguage":"az"},{"@type":"Organization","@id":"https:\/\/zoo-land.az\/#organization","name":"Zooland.az","url":"https:\/\/zoo-land.az\/","logo":{"@type":"ImageObject","inLanguage":"az","@id":"https:\/\/zoo-land.az\/#\/schema\/logo\/image\/","url":"https:\/\/zoo-land.az\/wp-content\/uploads\/2022\/05\/logo.svg","contentUrl":"https:\/\/zoo-land.az\/wp-content\/uploads\/2022\/05\/logo.svg","width":113,"height":46,"caption":"Zooland.az"},"image":{"@id":"https:\/\/zoo-land.az\/#\/schema\/logo\/image\/"}}]}},"_links":{"self":[{"href":"https:\/\/zoo-land.az\/az\/wp-json\/wp\/v2\/product\/22827","targetHints":{"allow":["GET"]}}],"collection":[{"href":"https:\/\/zoo-land.az\/az\/wp-json\/wp\/v2\/product"}],"about":[{"href":"https:\/\/zoo-land.az\/az\/wp-json\/wp\/v2\/types\/product"}],"wp:featuredmedia":[{"embeddable":true,"href":"https:\/\/zoo-land.az\/az\/wp-json\/wp\/v2\/media\/22828"}],"wp:attachment":[{"href":"https:\/\/zoo-land.az\/az\/wp-json\/wp\/v2\/media?parent=22827"}],"wp:term":[{"taxonomy":"product_cat","embeddable":true,"href":"https:\/\/zoo-land.az\/az\/wp-json\/wp\/v2\/product_cat?post=22827"},{"taxonomy":"product_tag","embeddable":true,"href":"https:\/\/zoo-land.az\/az\/wp-json\/wp\/v2\/product_tag?post=22827"}],"curies":[{"name":"wp","href":"https:\/\/api.w.org\/{rel}","templated":true}]}}