{"id":22842,"date":"2024-06-06T17:14:31","date_gmt":"2024-06-06T17:14:31","guid":{"rendered":"https:\/\/lightsteelblue-zebra-299715.hostingersite.com\/?post_type=product&#038;p=22842"},"modified":"2024-06-06T17:14:31","modified_gmt":"2024-06-06T17:14:31","slug":"trixie-carpaccio-cat-treat-20g","status":"publish","type":"product","link":"https:\/\/zoo-land.az\/az\/shop\/cat\/treats-cat\/trixie-carpaccio-cat-treat-20g\/","title":{"rendered":"Trixie Carpaccio Pi\u015fik M\u00fcalic\u0259si 20 q"},"content":{"rendered":"<p><strong>Trixie Carpaccio Pi\u015fik M\u00fcalic\u0259si 20 q<\/strong><\/p>\n<p>A delicious treat for cats, Trixie Carpaccio is made from high-quality ingredients, providing a tasty and nutritious snack for your feline friend. Ideal as a reward or a supplement to your pet&#8217;s regular diet.<\/p>\n<p><strong>Specifications:<\/strong><\/p>\n<ul>\n<li>Weight: 20g<\/li>\n<li>Suitable for: Cats<\/li>\n<\/ul>","protected":false},"excerpt":{"rendered":"<p>A delicious treat for cats, Trixie Carpaccio is made from high-quality ingredients, providing a tasty and nutritious snack for your feline friend. Ideal as a reward or a supplement to your pet&#8217;s regular diet.<\/p>","protected":false},"featured_media":22843,"template":"","meta":{"inline_featured_image":false,"_joinchat":[]},"product_cat":[188,374],"product_tag":[],"class_list":{"0":"post-22842","1":"product","2":"type-product","3":"status-publish","4":"has-post-thumbnail","6":"product_brand-trixie","7":"product_cat-cat","8":"product_cat-treats-cat","10":"first","11":"instock","12":"shipping-taxable","13":"purchasable","14":"product-type-simple"},"yoast_head":"<!-- This site is optimized with the Yoast SEO plugin v26.7 - https:\/\/yoast.com\/wordpress\/plugins\/seo\/ -->\n<title>Trixie Carpaccio Cat Treat 20g - Zooland.az<\/title>\n<meta name=\"robots\" content=\"index, follow, max-snippet:-1, max-image-preview:large, max-video-preview:-1\" \/>\n<link rel=\"canonical\" href=\"https:\/\/zoo-land.az\/az\/shop\/cat\/treats-cat\/trixie-carpaccio-cat-treat-20g\/\" \/>\n<meta property=\"og:locale\" content=\"az_AZ\" \/>\n<meta property=\"og:type\" content=\"article\" \/>\n<meta property=\"og:title\" content=\"Trixie Carpaccio Cat Treat 20g - Zooland.az\" \/>\n<meta property=\"og:description\" content=\"A delicious treat for cats, Trixie Carpaccio is made from high-quality ingredients, providing a tasty and nutritious snack for your feline friend. Ideal as a reward or a supplement to your pet&#039;s regular diet.\" \/>\n<meta property=\"og:url\" content=\"https:\/\/zoo-land.az\/az\/shop\/cat\/treats-cat\/trixie-carpaccio-cat-treat-20g\/\" \/>\n<meta property=\"og:site_name\" content=\"Zooland.az\" \/>\n<meta property=\"og:image\" content=\"https:\/\/zoo-land.az\/wp-content\/uploads\/2024\/06\/242229-b61d58f6e97606bc7713927cb78e9d3e.webp\" \/>\n\t<meta property=\"og:image:width\" content=\"840\" \/>\n\t<meta property=\"og:image:height\" content=\"840\" \/>\n\t<meta property=\"og:image:type\" content=\"image\/webp\" \/>\n<meta name=\"twitter:card\" content=\"summary_large_image\" \/>\n<script type=\"application\/ld+json\" class=\"yoast-schema-graph\">{\"@context\":\"https:\/\/schema.org\",\"@graph\":[{\"@type\":\"WebPage\",\"@id\":\"https:\/\/zoo-land.az\/az\/shop\/cat\/treats-cat\/trixie-carpaccio-cat-treat-20g\/\",\"url\":\"https:\/\/zoo-land.az\/az\/shop\/cat\/treats-cat\/trixie-carpaccio-cat-treat-20g\/\",\"name\":\"Trixie Carpaccio Cat Treat 20g - Zooland.az\",\"isPartOf\":{\"@id\":\"https:\/\/zoo-land.az\/#website\"},\"primaryImageOfPage\":{\"@id\":\"https:\/\/zoo-land.az\/az\/shop\/cat\/treats-cat\/trixie-carpaccio-cat-treat-20g\/#primaryimage\"},\"image\":{\"@id\":\"https:\/\/zoo-land.az\/az\/shop\/cat\/treats-cat\/trixie-carpaccio-cat-treat-20g\/#primaryimage\"},\"thumbnailUrl\":\"https:\/\/zoo-land.az\/wp-content\/uploads\/2024\/06\/242229-b61d58f6e97606bc7713927cb78e9d3e.webp\",\"datePublished\":\"2024-06-06T17:14:31+00:00\",\"breadcrumb\":{\"@id\":\"https:\/\/zoo-land.az\/az\/shop\/cat\/treats-cat\/trixie-carpaccio-cat-treat-20g\/#breadcrumb\"},\"inLanguage\":\"az\",\"potentialAction\":[{\"@type\":\"ReadAction\",\"target\":[\"https:\/\/zoo-land.az\/az\/shop\/cat\/treats-cat\/trixie-carpaccio-cat-treat-20g\/\"]}]},{\"@type\":\"ImageObject\",\"inLanguage\":\"az\",\"@id\":\"https:\/\/zoo-land.az\/az\/shop\/cat\/treats-cat\/trixie-carpaccio-cat-treat-20g\/#primaryimage\",\"url\":\"https:\/\/zoo-land.az\/wp-content\/uploads\/2024\/06\/242229-b61d58f6e97606bc7713927cb78e9d3e.webp\",\"contentUrl\":\"https:\/\/zoo-land.az\/wp-content\/uploads\/2024\/06\/242229-b61d58f6e97606bc7713927cb78e9d3e.webp\",\"width\":840,\"height\":840},{\"@type\":\"BreadcrumbList\",\"@id\":\"https:\/\/zoo-land.az\/az\/shop\/cat\/treats-cat\/trixie-carpaccio-cat-treat-20g\/#breadcrumb\",\"itemListElement\":[{\"@type\":\"ListItem\",\"position\":1,\"name\":\"Home\",\"item\":\"https:\/\/zoo-land.az\/ru\/\"},{\"@type\":\"ListItem\",\"position\":2,\"name\":\"Shop\",\"item\":\"https:\/\/zoo-land.az\/ru\/\"},{\"@type\":\"ListItem\",\"position\":3,\"name\":\"Trixie Carpaccio Cat Treat 20g\"}]},{\"@type\":\"WebSite\",\"@id\":\"https:\/\/zoo-land.az\/#website\",\"url\":\"https:\/\/zoo-land.az\/\",\"name\":\"Zooland.az\",\"description\":\"Xo\u015fb\u0259xt ev heyvanlar\u0131n\u0131n \u00fcnvan\u0131 Zooland.az\",\"publisher\":{\"@id\":\"https:\/\/zoo-land.az\/#organization\"},\"potentialAction\":[{\"@type\":\"SearchAction\",\"target\":{\"@type\":\"EntryPoint\",\"urlTemplate\":\"https:\/\/zoo-land.az\/?s={search_term_string}\"},\"query-input\":{\"@type\":\"PropertyValueSpecification\",\"valueRequired\":true,\"valueName\":\"search_term_string\"}}],\"inLanguage\":\"az\"},{\"@type\":\"Organization\",\"@id\":\"https:\/\/zoo-land.az\/#organization\",\"name\":\"Zooland.az\",\"url\":\"https:\/\/zoo-land.az\/\",\"logo\":{\"@type\":\"ImageObject\",\"inLanguage\":\"az\",\"@id\":\"https:\/\/zoo-land.az\/#\/schema\/logo\/image\/\",\"url\":\"https:\/\/zoo-land.az\/wp-content\/uploads\/2022\/05\/logo.svg\",\"contentUrl\":\"https:\/\/zoo-land.az\/wp-content\/uploads\/2022\/05\/logo.svg\",\"width\":113,\"height\":46,\"caption\":\"Zooland.az\"},\"image\":{\"@id\":\"https:\/\/zoo-land.az\/#\/schema\/logo\/image\/\"}}]}<\/script>\n<!-- \/ Yoast SEO plugin. -->","yoast_head_json":{"title":"Trixie Carpaccio Cat Treat 20g - Zooland.az","robots":{"index":"index","follow":"follow","max-snippet":"max-snippet:-1","max-image-preview":"max-image-preview:large","max-video-preview":"max-video-preview:-1"},"canonical":"https:\/\/zoo-land.az\/az\/shop\/cat\/treats-cat\/trixie-carpaccio-cat-treat-20g\/","og_locale":"az_AZ","og_type":"article","og_title":"Trixie Carpaccio Cat Treat 20g - Zooland.az","og_description":"A delicious treat for cats, Trixie Carpaccio is made from high-quality ingredients, providing a tasty and nutritious snack for your feline friend. Ideal as a reward or a supplement to your pet's regular diet.","og_url":"https:\/\/zoo-land.az\/az\/shop\/cat\/treats-cat\/trixie-carpaccio-cat-treat-20g\/","og_site_name":"Zooland.az","og_image":[{"width":840,"height":840,"url":"https:\/\/zoo-land.az\/wp-content\/uploads\/2024\/06\/242229-b61d58f6e97606bc7713927cb78e9d3e.webp","type":"image\/webp"}],"twitter_card":"summary_large_image","schema":{"@context":"https:\/\/schema.org","@graph":[{"@type":"WebPage","@id":"https:\/\/zoo-land.az\/az\/shop\/cat\/treats-cat\/trixie-carpaccio-cat-treat-20g\/","url":"https:\/\/zoo-land.az\/az\/shop\/cat\/treats-cat\/trixie-carpaccio-cat-treat-20g\/","name":"Trixie Carpaccio Cat Treat 20g - Zooland.az","isPartOf":{"@id":"https:\/\/zoo-land.az\/#website"},"primaryImageOfPage":{"@id":"https:\/\/zoo-land.az\/az\/shop\/cat\/treats-cat\/trixie-carpaccio-cat-treat-20g\/#primaryimage"},"image":{"@id":"https:\/\/zoo-land.az\/az\/shop\/cat\/treats-cat\/trixie-carpaccio-cat-treat-20g\/#primaryimage"},"thumbnailUrl":"https:\/\/zoo-land.az\/wp-content\/uploads\/2024\/06\/242229-b61d58f6e97606bc7713927cb78e9d3e.webp","datePublished":"2024-06-06T17:14:31+00:00","breadcrumb":{"@id":"https:\/\/zoo-land.az\/az\/shop\/cat\/treats-cat\/trixie-carpaccio-cat-treat-20g\/#breadcrumb"},"inLanguage":"az","potentialAction":[{"@type":"ReadAction","target":["https:\/\/zoo-land.az\/az\/shop\/cat\/treats-cat\/trixie-carpaccio-cat-treat-20g\/"]}]},{"@type":"ImageObject","inLanguage":"az","@id":"https:\/\/zoo-land.az\/az\/shop\/cat\/treats-cat\/trixie-carpaccio-cat-treat-20g\/#primaryimage","url":"https:\/\/zoo-land.az\/wp-content\/uploads\/2024\/06\/242229-b61d58f6e97606bc7713927cb78e9d3e.webp","contentUrl":"https:\/\/zoo-land.az\/wp-content\/uploads\/2024\/06\/242229-b61d58f6e97606bc7713927cb78e9d3e.webp","width":840,"height":840},{"@type":"BreadcrumbList","@id":"https:\/\/zoo-land.az\/az\/shop\/cat\/treats-cat\/trixie-carpaccio-cat-treat-20g\/#breadcrumb","itemListElement":[{"@type":"ListItem","position":1,"name":"Home","item":"https:\/\/zoo-land.az\/ru\/"},{"@type":"ListItem","position":2,"name":"Shop","item":"https:\/\/zoo-land.az\/ru\/"},{"@type":"ListItem","position":3,"name":"Trixie Carpaccio Cat Treat 20g"}]},{"@type":"WebSite","@id":"https:\/\/zoo-land.az\/#website","url":"https:\/\/zoo-land.az\/","name":"Zooland.az","description":"Xo\u015fb\u0259xt ev heyvanlar\u0131n\u0131n \u00fcnvan\u0131 Zooland.az","publisher":{"@id":"https:\/\/zoo-land.az\/#organization"},"potentialAction":[{"@type":"SearchAction","target":{"@type":"EntryPoint","urlTemplate":"https:\/\/zoo-land.az\/?s={search_term_string}"},"query-input":{"@type":"PropertyValueSpecification","valueRequired":true,"valueName":"search_term_string"}}],"inLanguage":"az"},{"@type":"Organization","@id":"https:\/\/zoo-land.az\/#organization","name":"Zooland.az","url":"https:\/\/zoo-land.az\/","logo":{"@type":"ImageObject","inLanguage":"az","@id":"https:\/\/zoo-land.az\/#\/schema\/logo\/image\/","url":"https:\/\/zoo-land.az\/wp-content\/uploads\/2022\/05\/logo.svg","contentUrl":"https:\/\/zoo-land.az\/wp-content\/uploads\/2022\/05\/logo.svg","width":113,"height":46,"caption":"Zooland.az"},"image":{"@id":"https:\/\/zoo-land.az\/#\/schema\/logo\/image\/"}}]}},"_links":{"self":[{"href":"https:\/\/zoo-land.az\/az\/wp-json\/wp\/v2\/product\/22842","targetHints":{"allow":["GET"]}}],"collection":[{"href":"https:\/\/zoo-land.az\/az\/wp-json\/wp\/v2\/product"}],"about":[{"href":"https:\/\/zoo-land.az\/az\/wp-json\/wp\/v2\/types\/product"}],"wp:featuredmedia":[{"embeddable":true,"href":"https:\/\/zoo-land.az\/az\/wp-json\/wp\/v2\/media\/22843"}],"wp:attachment":[{"href":"https:\/\/zoo-land.az\/az\/wp-json\/wp\/v2\/media?parent=22842"}],"wp:term":[{"taxonomy":"product_cat","embeddable":true,"href":"https:\/\/zoo-land.az\/az\/wp-json\/wp\/v2\/product_cat?post=22842"},{"taxonomy":"product_tag","embeddable":true,"href":"https:\/\/zoo-land.az\/az\/wp-json\/wp\/v2\/product_tag?post=22842"}],"curies":[{"name":"wp","href":"https:\/\/api.w.org\/{rel}","templated":true}]}}