{"id":22846,"date":"2024-06-06T17:20:38","date_gmt":"2024-06-06T17:20:38","guid":{"rendered":"https:\/\/lightsteelblue-zebra-299715.hostingersite.com\/?post_type=product&#038;p=22846"},"modified":"2024-06-06T17:20:39","modified_gmt":"2024-06-06T17:20:39","slug":"trixie-fish-chicken-rolls-50-g","status":"publish","type":"product","link":"https:\/\/zoo-land.az\/az\/shop\/cat\/treats-cat\/trixie-fish-chicken-rolls-50-g\/","title":{"rendered":"Trixie Fish Toyuq rulonlar\u0131 50 q"},"content":{"rendered":"<p>Trixie Premio Fish Chicken Rolls &#8211; chewy treats for adult cats with poultry and fish.<\/p>\n<ul>\n<li>with chicken and salmon<\/li>\n<li>chicken content: 65%, fish content: 18%<\/li>\n<li>gluten-free<\/li>\n<li>no added sugar<\/li>\n<\/ul>\n<p>Trixie Premio treats are rich in meat or fish, making them high-quality snacks for cats. Trixie also offers treats with an anti-hairball effect and Denta Fun treats that support dental care. Treat your cat with delicious and nutritious snacks just because, or reward her for good behavior.<\/p>","protected":false},"excerpt":{"rendered":"<p>Trixie Premio Fish Chicken Rolls &#8211; chewy treats for adult cats with poultry and fish.<\/p>\n<ul>\n<li>with chicken and salmon<\/li>\n<li>chicken content: 65%, fish content: 18%<\/li>\n<li>gluten-free<\/li>\n<li>no added sugar<\/li>\n<\/ul>\n<p>Trixie Premio treats are rich in meat or fish, making them high-quality snacks for cats. Trixie also offers treats with an anti-hairball effect and Denta Fun treats that support dental care. Treat your cat with delicious and nutritious snacks just because, or reward her for good behavior.<\/p>","protected":false},"featured_media":22847,"template":"","meta":{"inline_featured_image":false,"_joinchat":[]},"product_cat":[188,374],"product_tag":[],"class_list":{"0":"post-22846","1":"product","2":"type-product","3":"status-publish","4":"has-post-thumbnail","6":"product_brand-trixie","7":"product_cat-cat","8":"product_cat-treats-cat","10":"first","11":"instock","12":"shipping-taxable","13":"purchasable","14":"product-type-simple"},"yoast_head":"<!-- This site is optimized with the Yoast SEO plugin v26.7 - https:\/\/yoast.com\/wordpress\/plugins\/seo\/ -->\n<title>Trixie Fish Chicken rolls 50 g - Zooland.az<\/title>\n<meta name=\"robots\" content=\"index, follow, max-snippet:-1, max-image-preview:large, max-video-preview:-1\" \/>\n<link rel=\"canonical\" href=\"https:\/\/zoo-land.az\/az\/shop\/cat\/treats-cat\/trixie-fish-chicken-rolls-50-g\/\" \/>\n<meta property=\"og:locale\" content=\"az_AZ\" \/>\n<meta property=\"og:type\" content=\"article\" \/>\n<meta property=\"og:title\" content=\"Trixie Fish Chicken rolls 50 g - Zooland.az\" \/>\n<meta property=\"og:description\" content=\"Trixie Premio Fish Chicken Rolls - chewy treats for adult cats with poultry and fish.   with chicken and salmon  chicken content: 65%, fish content: 18%  gluten-free  no added sugar  Trixie Premio treats are rich in meat or fish, making them high-quality snacks for cats. Trixie also offers treats with an anti-hairball effect and Denta Fun treats that support dental care. Treat your cat with delicious and nutritious snacks just because, or reward her for good behavior.\" \/>\n<meta property=\"og:url\" content=\"https:\/\/zoo-land.az\/az\/shop\/cat\/treats-cat\/trixie-fish-chicken-rolls-50-g\/\" \/>\n<meta property=\"og:site_name\" content=\"Zooland.az\" \/>\n<meta property=\"article:modified_time\" content=\"2024-06-06T17:20:39+00:00\" \/>\n<meta property=\"og:image\" content=\"https:\/\/zoo-land.az\/wp-content\/uploads\/2024\/06\/lakomstvo-dlya-koshek-premio-fish-chicken-rolls-50gr-trixie-42702_b-700x700-1.jpg\" \/>\n\t<meta property=\"og:image:width\" content=\"700\" \/>\n\t<meta property=\"og:image:height\" content=\"700\" \/>\n\t<meta property=\"og:image:type\" content=\"image\/jpeg\" \/>\n<meta name=\"twitter:card\" content=\"summary_large_image\" \/>\n<script type=\"application\/ld+json\" class=\"yoast-schema-graph\">{\"@context\":\"https:\/\/schema.org\",\"@graph\":[{\"@type\":\"WebPage\",\"@id\":\"https:\/\/zoo-land.az\/ru\/shop\/cat\/treats-cat\/trixie-fish-chicken-rolls-50-g\/\",\"url\":\"https:\/\/zoo-land.az\/ru\/shop\/cat\/treats-cat\/trixie-fish-chicken-rolls-50-g\/\",\"name\":\"Trixie Fish Chicken rolls 50 g - Zooland.az\",\"isPartOf\":{\"@id\":\"https:\/\/zoo-land.az\/#website\"},\"primaryImageOfPage\":{\"@id\":\"https:\/\/zoo-land.az\/ru\/shop\/cat\/treats-cat\/trixie-fish-chicken-rolls-50-g\/#primaryimage\"},\"image\":{\"@id\":\"https:\/\/zoo-land.az\/ru\/shop\/cat\/treats-cat\/trixie-fish-chicken-rolls-50-g\/#primaryimage\"},\"thumbnailUrl\":\"https:\/\/zoo-land.az\/wp-content\/uploads\/2024\/06\/lakomstvo-dlya-koshek-premio-fish-chicken-rolls-50gr-trixie-42702_b-700x700-1.jpg\",\"datePublished\":\"2024-06-06T17:20:38+00:00\",\"dateModified\":\"2024-06-06T17:20:39+00:00\",\"breadcrumb\":{\"@id\":\"https:\/\/zoo-land.az\/ru\/shop\/cat\/treats-cat\/trixie-fish-chicken-rolls-50-g\/#breadcrumb\"},\"inLanguage\":\"az\",\"potentialAction\":[{\"@type\":\"ReadAction\",\"target\":[\"https:\/\/zoo-land.az\/ru\/shop\/cat\/treats-cat\/trixie-fish-chicken-rolls-50-g\/\"]}]},{\"@type\":\"ImageObject\",\"inLanguage\":\"az\",\"@id\":\"https:\/\/zoo-land.az\/ru\/shop\/cat\/treats-cat\/trixie-fish-chicken-rolls-50-g\/#primaryimage\",\"url\":\"https:\/\/zoo-land.az\/wp-content\/uploads\/2024\/06\/lakomstvo-dlya-koshek-premio-fish-chicken-rolls-50gr-trixie-42702_b-700x700-1.jpg\",\"contentUrl\":\"https:\/\/zoo-land.az\/wp-content\/uploads\/2024\/06\/lakomstvo-dlya-koshek-premio-fish-chicken-rolls-50gr-trixie-42702_b-700x700-1.jpg\",\"width\":700,\"height\":700},{\"@type\":\"BreadcrumbList\",\"@id\":\"https:\/\/zoo-land.az\/ru\/shop\/cat\/treats-cat\/trixie-fish-chicken-rolls-50-g\/#breadcrumb\",\"itemListElement\":[{\"@type\":\"ListItem\",\"position\":1,\"name\":\"Home\",\"item\":\"https:\/\/zoo-land.az\/ru\/\"},{\"@type\":\"ListItem\",\"position\":2,\"name\":\"Shop\",\"item\":\"https:\/\/zoo-land.az\/ru\/\"},{\"@type\":\"ListItem\",\"position\":3,\"name\":\"Trixie Fish Chicken rolls 50 g\"}]},{\"@type\":\"WebSite\",\"@id\":\"https:\/\/zoo-land.az\/#website\",\"url\":\"https:\/\/zoo-land.az\/\",\"name\":\"Zooland.az\",\"description\":\"Xo\u015fb\u0259xt ev heyvanlar\u0131n\u0131n \u00fcnvan\u0131 Zooland.az\",\"publisher\":{\"@id\":\"https:\/\/zoo-land.az\/#organization\"},\"potentialAction\":[{\"@type\":\"SearchAction\",\"target\":{\"@type\":\"EntryPoint\",\"urlTemplate\":\"https:\/\/zoo-land.az\/?s={search_term_string}\"},\"query-input\":{\"@type\":\"PropertyValueSpecification\",\"valueRequired\":true,\"valueName\":\"search_term_string\"}}],\"inLanguage\":\"az\"},{\"@type\":\"Organization\",\"@id\":\"https:\/\/zoo-land.az\/#organization\",\"name\":\"Zooland.az\",\"url\":\"https:\/\/zoo-land.az\/\",\"logo\":{\"@type\":\"ImageObject\",\"inLanguage\":\"az\",\"@id\":\"https:\/\/zoo-land.az\/#\/schema\/logo\/image\/\",\"url\":\"https:\/\/zoo-land.az\/wp-content\/uploads\/2022\/05\/logo.svg\",\"contentUrl\":\"https:\/\/zoo-land.az\/wp-content\/uploads\/2022\/05\/logo.svg\",\"width\":113,\"height\":46,\"caption\":\"Zooland.az\"},\"image\":{\"@id\":\"https:\/\/zoo-land.az\/#\/schema\/logo\/image\/\"}}]}<\/script>\n<!-- \/ Yoast SEO plugin. -->","yoast_head_json":{"title":"Trixie Fish Chicken rolls 50 g - Zooland.az","robots":{"index":"index","follow":"follow","max-snippet":"max-snippet:-1","max-image-preview":"max-image-preview:large","max-video-preview":"max-video-preview:-1"},"canonical":"https:\/\/zoo-land.az\/az\/shop\/cat\/treats-cat\/trixie-fish-chicken-rolls-50-g\/","og_locale":"az_AZ","og_type":"article","og_title":"Trixie Fish Chicken rolls 50 g - Zooland.az","og_description":"Trixie Premio Fish Chicken Rolls - chewy treats for adult cats with poultry and fish.   with chicken and salmon  chicken content: 65%, fish content: 18%  gluten-free  no added sugar  Trixie Premio treats are rich in meat or fish, making them high-quality snacks for cats. Trixie also offers treats with an anti-hairball effect and Denta Fun treats that support dental care. Treat your cat with delicious and nutritious snacks just because, or reward her for good behavior.","og_url":"https:\/\/zoo-land.az\/az\/shop\/cat\/treats-cat\/trixie-fish-chicken-rolls-50-g\/","og_site_name":"Zooland.az","article_modified_time":"2024-06-06T17:20:39+00:00","og_image":[{"width":700,"height":700,"url":"https:\/\/zoo-land.az\/wp-content\/uploads\/2024\/06\/lakomstvo-dlya-koshek-premio-fish-chicken-rolls-50gr-trixie-42702_b-700x700-1.jpg","type":"image\/jpeg"}],"twitter_card":"summary_large_image","schema":{"@context":"https:\/\/schema.org","@graph":[{"@type":"WebPage","@id":"https:\/\/zoo-land.az\/ru\/shop\/cat\/treats-cat\/trixie-fish-chicken-rolls-50-g\/","url":"https:\/\/zoo-land.az\/ru\/shop\/cat\/treats-cat\/trixie-fish-chicken-rolls-50-g\/","name":"Trixie Fish Chicken rolls 50 g - Zooland.az","isPartOf":{"@id":"https:\/\/zoo-land.az\/#website"},"primaryImageOfPage":{"@id":"https:\/\/zoo-land.az\/ru\/shop\/cat\/treats-cat\/trixie-fish-chicken-rolls-50-g\/#primaryimage"},"image":{"@id":"https:\/\/zoo-land.az\/ru\/shop\/cat\/treats-cat\/trixie-fish-chicken-rolls-50-g\/#primaryimage"},"thumbnailUrl":"https:\/\/zoo-land.az\/wp-content\/uploads\/2024\/06\/lakomstvo-dlya-koshek-premio-fish-chicken-rolls-50gr-trixie-42702_b-700x700-1.jpg","datePublished":"2024-06-06T17:20:38+00:00","dateModified":"2024-06-06T17:20:39+00:00","breadcrumb":{"@id":"https:\/\/zoo-land.az\/ru\/shop\/cat\/treats-cat\/trixie-fish-chicken-rolls-50-g\/#breadcrumb"},"inLanguage":"az","potentialAction":[{"@type":"ReadAction","target":["https:\/\/zoo-land.az\/ru\/shop\/cat\/treats-cat\/trixie-fish-chicken-rolls-50-g\/"]}]},{"@type":"ImageObject","inLanguage":"az","@id":"https:\/\/zoo-land.az\/ru\/shop\/cat\/treats-cat\/trixie-fish-chicken-rolls-50-g\/#primaryimage","url":"https:\/\/zoo-land.az\/wp-content\/uploads\/2024\/06\/lakomstvo-dlya-koshek-premio-fish-chicken-rolls-50gr-trixie-42702_b-700x700-1.jpg","contentUrl":"https:\/\/zoo-land.az\/wp-content\/uploads\/2024\/06\/lakomstvo-dlya-koshek-premio-fish-chicken-rolls-50gr-trixie-42702_b-700x700-1.jpg","width":700,"height":700},{"@type":"BreadcrumbList","@id":"https:\/\/zoo-land.az\/ru\/shop\/cat\/treats-cat\/trixie-fish-chicken-rolls-50-g\/#breadcrumb","itemListElement":[{"@type":"ListItem","position":1,"name":"Home","item":"https:\/\/zoo-land.az\/ru\/"},{"@type":"ListItem","position":2,"name":"Shop","item":"https:\/\/zoo-land.az\/ru\/"},{"@type":"ListItem","position":3,"name":"Trixie Fish Chicken rolls 50 g"}]},{"@type":"WebSite","@id":"https:\/\/zoo-land.az\/#website","url":"https:\/\/zoo-land.az\/","name":"Zooland.az","description":"Xo\u015fb\u0259xt ev heyvanlar\u0131n\u0131n \u00fcnvan\u0131 Zooland.az","publisher":{"@id":"https:\/\/zoo-land.az\/#organization"},"potentialAction":[{"@type":"SearchAction","target":{"@type":"EntryPoint","urlTemplate":"https:\/\/zoo-land.az\/?s={search_term_string}"},"query-input":{"@type":"PropertyValueSpecification","valueRequired":true,"valueName":"search_term_string"}}],"inLanguage":"az"},{"@type":"Organization","@id":"https:\/\/zoo-land.az\/#organization","name":"Zooland.az","url":"https:\/\/zoo-land.az\/","logo":{"@type":"ImageObject","inLanguage":"az","@id":"https:\/\/zoo-land.az\/#\/schema\/logo\/image\/","url":"https:\/\/zoo-land.az\/wp-content\/uploads\/2022\/05\/logo.svg","contentUrl":"https:\/\/zoo-land.az\/wp-content\/uploads\/2022\/05\/logo.svg","width":113,"height":46,"caption":"Zooland.az"},"image":{"@id":"https:\/\/zoo-land.az\/#\/schema\/logo\/image\/"}}]}},"_links":{"self":[{"href":"https:\/\/zoo-land.az\/az\/wp-json\/wp\/v2\/product\/22846","targetHints":{"allow":["GET"]}}],"collection":[{"href":"https:\/\/zoo-land.az\/az\/wp-json\/wp\/v2\/product"}],"about":[{"href":"https:\/\/zoo-land.az\/az\/wp-json\/wp\/v2\/types\/product"}],"wp:featuredmedia":[{"embeddable":true,"href":"https:\/\/zoo-land.az\/az\/wp-json\/wp\/v2\/media\/22847"}],"wp:attachment":[{"href":"https:\/\/zoo-land.az\/az\/wp-json\/wp\/v2\/media?parent=22846"}],"wp:term":[{"taxonomy":"product_cat","embeddable":true,"href":"https:\/\/zoo-land.az\/az\/wp-json\/wp\/v2\/product_cat?post=22846"},{"taxonomy":"product_tag","embeddable":true,"href":"https:\/\/zoo-land.az\/az\/wp-json\/wp\/v2\/product_tag?post=22846"}],"curies":[{"name":"wp","href":"https:\/\/api.w.org\/{rel}","templated":true}]}}