{"id":22858,"date":"2024-06-06T17:30:52","date_gmt":"2024-06-06T17:30:52","guid":{"rendered":"https:\/\/lightsteelblue-zebra-299715.hostingersite.com\/?post_type=product&#038;p=22858"},"modified":"2024-06-06T17:30:52","modified_gmt":"2024-06-06T17:30:52","slug":"trixie-rice-duck-bones-dog-treats-80-g","status":"publish","type":"product","link":"https:\/\/zoo-land.az\/az\/shop\/dog\/treats\/trixie-rice-duck-bones-dog-treats-80-g\/","title":{"rendered":"Trixie Rice Duck Bones Dog Treats 80 g"},"content":{"rendered":"<p><strong>Trixie Premio Rice Duck Bones<\/strong> are chewy treats for adult dogs made with poultry.<\/p>\n<ul>\n<li>Made with duck and rice<\/li>\n<li>Meat content: 84%<\/li>\n<li>Proteinl\u0259 z\u0259ngindir<\/li>\n<li>Ql\u00fctensiz<\/li>\n<li>\u018flav\u0259 \u015f\u0259k\u0259r yoxdur<\/li>\n<\/ul>\n<p>There is a huge selection of TRIXIE treats for dogs. The Premio series will spoil your dog with high-quality chicken, duck, beef, lamb, or rabbit meat, as well as a variety of delicious ingredients such as fish, rice, and apple. In addition, the range includes special snacks in tubes and trainers, tasty lollipops, small sausages, or treats with dental care effects. You&#8217;ll find the perfect reward for every dog and every taste.<\/p>","protected":false},"excerpt":{"rendered":"<p><strong>Trixie Premio Rice Duck Bones<\/strong> are chewy treats for adult dogs made with poultry.<\/p>\n<ul>\n<li>Made with duck and rice<\/li>\n<li>Meat content: 84%<\/li>\n<li>Proteinl\u0259 z\u0259ngindir<\/li>\n<li>Ql\u00fctensiz<\/li>\n<li>\u018flav\u0259 \u015f\u0259k\u0259r yoxdur<\/li>\n<\/ul>\n<p>There is a huge selection of TRIXIE treats for dogs. The Premio series will spoil your dog with high-quality chicken, duck, beef, lamb, or rabbit meat, as well as a variety of delicious ingredients such as fish, rice, and apple. In addition, the range includes special snacks in tubes and trainers, tasty lollipops, small sausages, or treats with dental care effects. You&#8217;ll find the perfect reward for every dog and every taste.<\/p>","protected":false},"featured_media":22860,"template":"","meta":{"inline_featured_image":false,"_joinchat":[]},"product_cat":[107,340],"product_tag":[],"class_list":{"0":"post-22858","1":"product","2":"type-product","3":"status-publish","4":"has-post-thumbnail","6":"product_brand-trixie","7":"product_cat-dog","8":"product_cat-treats","10":"first","11":"instock","12":"shipping-taxable","13":"purchasable","14":"product-type-simple"},"yoast_head":"<!-- This site is optimized with the Yoast SEO plugin v26.7 - https:\/\/yoast.com\/wordpress\/plugins\/seo\/ -->\n<title>Trixie Rice Duck Bones Dog Treats 80 g - Zooland.az<\/title>\n<meta name=\"robots\" content=\"index, follow, max-snippet:-1, max-image-preview:large, max-video-preview:-1\" \/>\n<link rel=\"canonical\" href=\"https:\/\/zoo-land.az\/az\/shop\/dog\/treats\/trixie-rice-duck-bones-dog-treats-80-g\/\" \/>\n<meta property=\"og:locale\" content=\"az_AZ\" \/>\n<meta property=\"og:type\" content=\"article\" \/>\n<meta property=\"og:title\" content=\"Trixie Rice Duck Bones Dog Treats 80 g - Zooland.az\" \/>\n<meta property=\"og:description\" content=\"Trixie Premio Rice Duck Bones are chewy treats for adult dogs made with poultry.   Made with duck and rice  Meat content: 84%  Rich in protein  Gluten-free  No added sugar  There is a huge selection of TRIXIE treats for dogs. The Premio series will spoil your dog with high-quality chicken, duck, beef, lamb, or rabbit meat, as well as a variety of delicious ingredients such as fish, rice, and apple. In addition, the range includes special snacks in tubes and trainers, tasty lollipops, small sausages, or treats with dental care effects. You&#039;ll find the perfect reward for every dog and every taste.\" \/>\n<meta property=\"og:url\" content=\"https:\/\/zoo-land.az\/az\/shop\/dog\/treats\/trixie-rice-duck-bones-dog-treats-80-g\/\" \/>\n<meta property=\"og:site_name\" content=\"Zooland.az\" \/>\n<meta property=\"og:image\" content=\"https:\/\/zoo-land.az\/wp-content\/uploads\/2024\/06\/lakomstvo-dlja-sobak-trixie-premio-rice-duck-bones-80-g-original.jpg\" \/>\n\t<meta property=\"og:image:width\" content=\"900\" \/>\n\t<meta property=\"og:image:height\" content=\"1384\" \/>\n\t<meta property=\"og:image:type\" content=\"image\/jpeg\" \/>\n<meta name=\"twitter:card\" content=\"summary_large_image\" \/>\n<meta name=\"twitter:label1\" content=\"Est. reading time\" \/>\n\t<meta name=\"twitter:data1\" content=\"1 minute\" \/>\n<script type=\"application\/ld+json\" class=\"yoast-schema-graph\">{\"@context\":\"https:\/\/schema.org\",\"@graph\":[{\"@type\":\"WebPage\",\"@id\":\"https:\/\/zoo-land.az\/ru\/shop\/dog\/treats\/trixie-rice-duck-bones-dog-treats-80-g\/\",\"url\":\"https:\/\/zoo-land.az\/ru\/shop\/dog\/treats\/trixie-rice-duck-bones-dog-treats-80-g\/\",\"name\":\"Trixie Rice Duck Bones Dog Treats 80 g - Zooland.az\",\"isPartOf\":{\"@id\":\"https:\/\/zoo-land.az\/#website\"},\"primaryImageOfPage\":{\"@id\":\"https:\/\/zoo-land.az\/ru\/shop\/dog\/treats\/trixie-rice-duck-bones-dog-treats-80-g\/#primaryimage\"},\"image\":{\"@id\":\"https:\/\/zoo-land.az\/ru\/shop\/dog\/treats\/trixie-rice-duck-bones-dog-treats-80-g\/#primaryimage\"},\"thumbnailUrl\":\"https:\/\/zoo-land.az\/wp-content\/uploads\/2024\/06\/lakomstvo-dlja-sobak-trixie-premio-rice-duck-bones-80-g-original.jpg\",\"datePublished\":\"2024-06-06T17:30:52+00:00\",\"breadcrumb\":{\"@id\":\"https:\/\/zoo-land.az\/ru\/shop\/dog\/treats\/trixie-rice-duck-bones-dog-treats-80-g\/#breadcrumb\"},\"inLanguage\":\"az\",\"potentialAction\":[{\"@type\":\"ReadAction\",\"target\":[\"https:\/\/zoo-land.az\/ru\/shop\/dog\/treats\/trixie-rice-duck-bones-dog-treats-80-g\/\"]}]},{\"@type\":\"ImageObject\",\"inLanguage\":\"az\",\"@id\":\"https:\/\/zoo-land.az\/ru\/shop\/dog\/treats\/trixie-rice-duck-bones-dog-treats-80-g\/#primaryimage\",\"url\":\"https:\/\/zoo-land.az\/wp-content\/uploads\/2024\/06\/lakomstvo-dlja-sobak-trixie-premio-rice-duck-bones-80-g-original.jpg\",\"contentUrl\":\"https:\/\/zoo-land.az\/wp-content\/uploads\/2024\/06\/lakomstvo-dlja-sobak-trixie-premio-rice-duck-bones-80-g-original.jpg\",\"width\":900,\"height\":1384},{\"@type\":\"BreadcrumbList\",\"@id\":\"https:\/\/zoo-land.az\/ru\/shop\/dog\/treats\/trixie-rice-duck-bones-dog-treats-80-g\/#breadcrumb\",\"itemListElement\":[{\"@type\":\"ListItem\",\"position\":1,\"name\":\"Home\",\"item\":\"https:\/\/zoo-land.az\/ru\/\"},{\"@type\":\"ListItem\",\"position\":2,\"name\":\"Shop\",\"item\":\"https:\/\/zoo-land.az\/ru\/\"},{\"@type\":\"ListItem\",\"position\":3,\"name\":\"Trixie Rice Duck Bones Dog Treats 80 g\"}]},{\"@type\":\"WebSite\",\"@id\":\"https:\/\/zoo-land.az\/#website\",\"url\":\"https:\/\/zoo-land.az\/\",\"name\":\"Zooland.az\",\"description\":\"Xo\u015fb\u0259xt ev heyvanlar\u0131n\u0131n \u00fcnvan\u0131 Zooland.az\",\"publisher\":{\"@id\":\"https:\/\/zoo-land.az\/#organization\"},\"potentialAction\":[{\"@type\":\"SearchAction\",\"target\":{\"@type\":\"EntryPoint\",\"urlTemplate\":\"https:\/\/zoo-land.az\/?s={search_term_string}\"},\"query-input\":{\"@type\":\"PropertyValueSpecification\",\"valueRequired\":true,\"valueName\":\"search_term_string\"}}],\"inLanguage\":\"az\"},{\"@type\":\"Organization\",\"@id\":\"https:\/\/zoo-land.az\/#organization\",\"name\":\"Zooland.az\",\"url\":\"https:\/\/zoo-land.az\/\",\"logo\":{\"@type\":\"ImageObject\",\"inLanguage\":\"az\",\"@id\":\"https:\/\/zoo-land.az\/#\/schema\/logo\/image\/\",\"url\":\"https:\/\/zoo-land.az\/wp-content\/uploads\/2022\/05\/logo.svg\",\"contentUrl\":\"https:\/\/zoo-land.az\/wp-content\/uploads\/2022\/05\/logo.svg\",\"width\":113,\"height\":46,\"caption\":\"Zooland.az\"},\"image\":{\"@id\":\"https:\/\/zoo-land.az\/#\/schema\/logo\/image\/\"}}]}<\/script>\n<!-- \/ Yoast SEO plugin. -->","yoast_head_json":{"title":"Trixie Rice Duck Bones Dog Treats 80 g - Zooland.az","robots":{"index":"index","follow":"follow","max-snippet":"max-snippet:-1","max-image-preview":"max-image-preview:large","max-video-preview":"max-video-preview:-1"},"canonical":"https:\/\/zoo-land.az\/az\/shop\/dog\/treats\/trixie-rice-duck-bones-dog-treats-80-g\/","og_locale":"az_AZ","og_type":"article","og_title":"Trixie Rice Duck Bones Dog Treats 80 g - Zooland.az","og_description":"Trixie Premio Rice Duck Bones are chewy treats for adult dogs made with poultry.   Made with duck and rice  Meat content: 84%  Rich in protein  Gluten-free  No added sugar  There is a huge selection of TRIXIE treats for dogs. The Premio series will spoil your dog with high-quality chicken, duck, beef, lamb, or rabbit meat, as well as a variety of delicious ingredients such as fish, rice, and apple. In addition, the range includes special snacks in tubes and trainers, tasty lollipops, small sausages, or treats with dental care effects. You'll find the perfect reward for every dog and every taste.","og_url":"https:\/\/zoo-land.az\/az\/shop\/dog\/treats\/trixie-rice-duck-bones-dog-treats-80-g\/","og_site_name":"Zooland.az","og_image":[{"width":900,"height":1384,"url":"https:\/\/zoo-land.az\/wp-content\/uploads\/2024\/06\/lakomstvo-dlja-sobak-trixie-premio-rice-duck-bones-80-g-original.jpg","type":"image\/jpeg"}],"twitter_card":"summary_large_image","twitter_misc":{"Est. reading time":"1 minute"},"schema":{"@context":"https:\/\/schema.org","@graph":[{"@type":"WebPage","@id":"https:\/\/zoo-land.az\/ru\/shop\/dog\/treats\/trixie-rice-duck-bones-dog-treats-80-g\/","url":"https:\/\/zoo-land.az\/ru\/shop\/dog\/treats\/trixie-rice-duck-bones-dog-treats-80-g\/","name":"Trixie Rice Duck Bones Dog Treats 80 g - Zooland.az","isPartOf":{"@id":"https:\/\/zoo-land.az\/#website"},"primaryImageOfPage":{"@id":"https:\/\/zoo-land.az\/ru\/shop\/dog\/treats\/trixie-rice-duck-bones-dog-treats-80-g\/#primaryimage"},"image":{"@id":"https:\/\/zoo-land.az\/ru\/shop\/dog\/treats\/trixie-rice-duck-bones-dog-treats-80-g\/#primaryimage"},"thumbnailUrl":"https:\/\/zoo-land.az\/wp-content\/uploads\/2024\/06\/lakomstvo-dlja-sobak-trixie-premio-rice-duck-bones-80-g-original.jpg","datePublished":"2024-06-06T17:30:52+00:00","breadcrumb":{"@id":"https:\/\/zoo-land.az\/ru\/shop\/dog\/treats\/trixie-rice-duck-bones-dog-treats-80-g\/#breadcrumb"},"inLanguage":"az","potentialAction":[{"@type":"ReadAction","target":["https:\/\/zoo-land.az\/ru\/shop\/dog\/treats\/trixie-rice-duck-bones-dog-treats-80-g\/"]}]},{"@type":"ImageObject","inLanguage":"az","@id":"https:\/\/zoo-land.az\/ru\/shop\/dog\/treats\/trixie-rice-duck-bones-dog-treats-80-g\/#primaryimage","url":"https:\/\/zoo-land.az\/wp-content\/uploads\/2024\/06\/lakomstvo-dlja-sobak-trixie-premio-rice-duck-bones-80-g-original.jpg","contentUrl":"https:\/\/zoo-land.az\/wp-content\/uploads\/2024\/06\/lakomstvo-dlja-sobak-trixie-premio-rice-duck-bones-80-g-original.jpg","width":900,"height":1384},{"@type":"BreadcrumbList","@id":"https:\/\/zoo-land.az\/ru\/shop\/dog\/treats\/trixie-rice-duck-bones-dog-treats-80-g\/#breadcrumb","itemListElement":[{"@type":"ListItem","position":1,"name":"Home","item":"https:\/\/zoo-land.az\/ru\/"},{"@type":"ListItem","position":2,"name":"Shop","item":"https:\/\/zoo-land.az\/ru\/"},{"@type":"ListItem","position":3,"name":"Trixie Rice Duck Bones Dog Treats 80 g"}]},{"@type":"WebSite","@id":"https:\/\/zoo-land.az\/#website","url":"https:\/\/zoo-land.az\/","name":"Zooland.az","description":"Xo\u015fb\u0259xt ev heyvanlar\u0131n\u0131n \u00fcnvan\u0131 Zooland.az","publisher":{"@id":"https:\/\/zoo-land.az\/#organization"},"potentialAction":[{"@type":"SearchAction","target":{"@type":"EntryPoint","urlTemplate":"https:\/\/zoo-land.az\/?s={search_term_string}"},"query-input":{"@type":"PropertyValueSpecification","valueRequired":true,"valueName":"search_term_string"}}],"inLanguage":"az"},{"@type":"Organization","@id":"https:\/\/zoo-land.az\/#organization","name":"Zooland.az","url":"https:\/\/zoo-land.az\/","logo":{"@type":"ImageObject","inLanguage":"az","@id":"https:\/\/zoo-land.az\/#\/schema\/logo\/image\/","url":"https:\/\/zoo-land.az\/wp-content\/uploads\/2022\/05\/logo.svg","contentUrl":"https:\/\/zoo-land.az\/wp-content\/uploads\/2022\/05\/logo.svg","width":113,"height":46,"caption":"Zooland.az"},"image":{"@id":"https:\/\/zoo-land.az\/#\/schema\/logo\/image\/"}}]}},"_links":{"self":[{"href":"https:\/\/zoo-land.az\/az\/wp-json\/wp\/v2\/product\/22858","targetHints":{"allow":["GET"]}}],"collection":[{"href":"https:\/\/zoo-land.az\/az\/wp-json\/wp\/v2\/product"}],"about":[{"href":"https:\/\/zoo-land.az\/az\/wp-json\/wp\/v2\/types\/product"}],"wp:featuredmedia":[{"embeddable":true,"href":"https:\/\/zoo-land.az\/az\/wp-json\/wp\/v2\/media\/22860"}],"wp:attachment":[{"href":"https:\/\/zoo-land.az\/az\/wp-json\/wp\/v2\/media?parent=22858"}],"wp:term":[{"taxonomy":"product_cat","embeddable":true,"href":"https:\/\/zoo-land.az\/az\/wp-json\/wp\/v2\/product_cat?post=22858"},{"taxonomy":"product_tag","embeddable":true,"href":"https:\/\/zoo-land.az\/az\/wp-json\/wp\/v2\/product_tag?post=22858"}],"curies":[{"name":"wp","href":"https:\/\/api.w.org\/{rel}","templated":true}]}}