{"id":22861,"date":"2024-06-06T17:35:41","date_gmt":"2024-06-06T17:35:41","guid":{"rendered":"https:\/\/lightsteelblue-zebra-299715.hostingersite.com\/?post_type=product&#038;p=22861"},"modified":"2024-06-06T17:35:41","modified_gmt":"2024-06-06T17:35:41","slug":"trixie-duckies-dog-treats-100-g","status":"publish","type":"product","link":"https:\/\/zoo-land.az\/az\/shop\/dog\/treats\/trixie-duckies-dog-treats-100-g\/","title":{"rendered":"Trixie Duckies Dog Treats 100 g"},"content":{"rendered":"<ul>\n<li>Duck Breast Bones<\/li>\n<li>Meat content: 70%<\/li>\n<li>Sealed package 31538 D<\/li>\n<li>og Treat &#8220;Duckies&#8221; (duck) 100 g<\/li>\n<\/ul>\n<p>Please make sure to take measurements accurately before purchasing; the item is not eligible for exchange. According to Ukrainian legislation, the return of the product is at the expense of the buyer, with the delivery to the seller&#8217;s warehouse.<\/p>\n<p>The actual colors of the product &#8220;Trixie PREMIO Duckies Dog Treat (duck 100g)&#8221; may differ from the photo on the device screen depending on the type of screen and its color rendition.<\/p>\n<p>To prevent damage from temperature fluctuations, it is recommended to assemble plastic items and turn on electrical appliances (including lamps) when the product reaches room temperature.<\/p>\n<p>Feel free to reach out if you have any questions or need further assistance.<\/p>","protected":false},"excerpt":{"rendered":"<ul>\n<li>Duck Breast Bones<\/li>\n<li>Meat content: 70%<\/li>\n<li>Sealed package 31538 D<\/li>\n<li>og Treat &#8220;Duckies&#8221; (duck) 100 g<\/li>\n<\/ul>\n<p>Please make sure to take measurements accurately before purchasing; the item is not eligible for exchange. According to Ukrainian legislation, the return of the product is at the expense of the buyer, with the delivery to the seller&#8217;s warehouse.<\/p>\n<p>The actual colors of the product &#8220;Trixie PREMIO Duckies Dog Treat (duck 100g)&#8221; may differ from the photo on the device screen depending on the type of screen and its color rendition.<\/p>\n<p>To prevent damage from temperature fluctuations, it is recommended to assemble plastic items and turn on electrical appliances (including lamps) when the product reaches room temperature.<\/p>\n<p>Feel free to reach out if you have any questions or need further assistance.<\/p>","protected":false},"featured_media":22863,"template":"","meta":{"inline_featured_image":false,"_joinchat":[]},"product_cat":[107,340],"product_tag":[],"class_list":{"0":"post-22861","1":"product","2":"type-product","3":"status-publish","4":"has-post-thumbnail","6":"product_brand-trixie","7":"product_cat-dog","8":"product_cat-treats","10":"first","11":"instock","12":"shipping-taxable","13":"purchasable","14":"product-type-simple"},"yoast_head":"<!-- This site is optimized with the Yoast SEO plugin v27.4 - https:\/\/yoast.com\/product\/yoast-seo-wordpress\/ -->\n<title>Trixie Duckies Dog Treats 100 g - Zooland.az<\/title>\n<meta name=\"robots\" content=\"index, follow, max-snippet:-1, max-image-preview:large, max-video-preview:-1\" \/>\n<link rel=\"canonical\" href=\"https:\/\/zoo-land.az\/az\/shop\/dog\/treats\/trixie-duckies-dog-treats-100-g\/\" \/>\n<meta property=\"og:locale\" content=\"az_AZ\" \/>\n<meta property=\"og:type\" content=\"article\" \/>\n<meta property=\"og:title\" content=\"Trixie Duckies Dog Treats 100 g - Zooland.az\" \/>\n<meta property=\"og:description\" content=\"Duck Breast Bones  Meat content: 70%  Sealed package 31538 D  og Treat &quot;Duckies&quot; (duck) 100 g  Please make sure to take measurements accurately before purchasing; the item is not eligible for exchange. According to Ukrainian legislation, the return of the product is at the expense of the buyer, with the delivery to the seller&#039;s warehouse.  The actual colors of the product &quot;Trixie PREMIO Duckies Dog Treat (duck 100g)&quot; may differ from the photo on the device screen depending on the type of screen and its color rendition.  To prevent damage from temperature fluctuations, it is recommended to assemble plastic items and turn on electrical appliances (including lamps) when the product reaches room temperature.  Feel free to reach out if you have any questions or need further assistance.\" \/>\n<meta property=\"og:url\" content=\"https:\/\/zoo-land.az\/az\/shop\/dog\/treats\/trixie-duckies-dog-treats-100-g\/\" \/>\n<meta property=\"og:site_name\" content=\"Zooland.az\" \/>\n<meta property=\"og:image\" content=\"https:\/\/zoo-land.az\/wp-content\/uploads\/2024\/06\/4150065291_w640_h640_lakomstvo-dlya-sobak.webp\" \/>\n\t<meta property=\"og:image:width\" content=\"580\" \/>\n\t<meta property=\"og:image:height\" content=\"800\" \/>\n\t<meta property=\"og:image:type\" content=\"image\/webp\" \/>\n<meta name=\"twitter:card\" content=\"summary_large_image\" \/>\n<meta name=\"twitter:label1\" content=\"Est. reading time\" \/>\n\t<meta name=\"twitter:data1\" content=\"1 minute\" \/>\n<script type=\"application\/ld+json\" class=\"yoast-schema-graph\">{\"@context\":\"https:\\\/\\\/schema.org\",\"@graph\":[{\"@type\":\"WebPage\",\"@id\":\"https:\\\/\\\/zoo-land.az\\\/az\\\/shop\\\/dog\\\/treats\\\/trixie-duckies-dog-treats-100-g\\\/\",\"url\":\"https:\\\/\\\/zoo-land.az\\\/az\\\/shop\\\/dog\\\/treats\\\/trixie-duckies-dog-treats-100-g\\\/\",\"name\":\"Trixie Duckies Dog Treats 100 g - Zooland.az\",\"isPartOf\":{\"@id\":\"https:\\\/\\\/zoo-land.az\\\/ru\\\/#website\"},\"primaryImageOfPage\":{\"@id\":\"https:\\\/\\\/zoo-land.az\\\/az\\\/shop\\\/dog\\\/treats\\\/trixie-duckies-dog-treats-100-g\\\/#primaryimage\"},\"image\":{\"@id\":\"https:\\\/\\\/zoo-land.az\\\/az\\\/shop\\\/dog\\\/treats\\\/trixie-duckies-dog-treats-100-g\\\/#primaryimage\"},\"thumbnailUrl\":\"https:\\\/\\\/zoo-land.az\\\/wp-content\\\/uploads\\\/2024\\\/06\\\/4150065291_w640_h640_lakomstvo-dlya-sobak.webp\",\"datePublished\":\"2024-06-06T17:35:41+00:00\",\"breadcrumb\":{\"@id\":\"https:\\\/\\\/zoo-land.az\\\/az\\\/shop\\\/dog\\\/treats\\\/trixie-duckies-dog-treats-100-g\\\/#breadcrumb\"},\"inLanguage\":\"az\",\"potentialAction\":[{\"@type\":\"ReadAction\",\"target\":[\"https:\\\/\\\/zoo-land.az\\\/az\\\/shop\\\/dog\\\/treats\\\/trixie-duckies-dog-treats-100-g\\\/\"]}]},{\"@type\":\"ImageObject\",\"inLanguage\":\"az\",\"@id\":\"https:\\\/\\\/zoo-land.az\\\/az\\\/shop\\\/dog\\\/treats\\\/trixie-duckies-dog-treats-100-g\\\/#primaryimage\",\"url\":\"https:\\\/\\\/zoo-land.az\\\/wp-content\\\/uploads\\\/2024\\\/06\\\/4150065291_w640_h640_lakomstvo-dlya-sobak.webp\",\"contentUrl\":\"https:\\\/\\\/zoo-land.az\\\/wp-content\\\/uploads\\\/2024\\\/06\\\/4150065291_w640_h640_lakomstvo-dlya-sobak.webp\",\"width\":580,\"height\":800},{\"@type\":\"BreadcrumbList\",\"@id\":\"https:\\\/\\\/zoo-land.az\\\/az\\\/shop\\\/dog\\\/treats\\\/trixie-duckies-dog-treats-100-g\\\/#breadcrumb\",\"itemListElement\":[{\"@type\":\"ListItem\",\"position\":1,\"name\":\"Home\",\"item\":\"https:\\\/\\\/zoo-land.az\\\/ru\\\/\"},{\"@type\":\"ListItem\",\"position\":2,\"name\":\"Shop\",\"item\":\"https:\\\/\\\/zoo-land.az\\\/ru\\\/\"},{\"@type\":\"ListItem\",\"position\":3,\"name\":\"Trixie Duckies Dog Treats 100 g\"}]},{\"@type\":\"WebSite\",\"@id\":\"https:\\\/\\\/zoo-land.az\\\/ru\\\/#website\",\"url\":\"https:\\\/\\\/zoo-land.az\\\/ru\\\/\",\"name\":\"Zooland.az\",\"description\":\"Xo\u015fb\u0259xt ev heyvanlar\u0131n\u0131n \u00fcnvan\u0131 Zooland.az\",\"publisher\":{\"@id\":\"https:\\\/\\\/zoo-land.az\\\/ru\\\/#organization\"},\"potentialAction\":[{\"@type\":\"SearchAction\",\"target\":{\"@type\":\"EntryPoint\",\"urlTemplate\":\"https:\\\/\\\/zoo-land.az\\\/ru\\\/?s={search_term_string}\"},\"query-input\":{\"@type\":\"PropertyValueSpecification\",\"valueRequired\":true,\"valueName\":\"search_term_string\"}}],\"inLanguage\":\"az\"},{\"@type\":\"Organization\",\"@id\":\"https:\\\/\\\/zoo-land.az\\\/ru\\\/#organization\",\"name\":\"Zooland.az\",\"url\":\"https:\\\/\\\/zoo-land.az\\\/ru\\\/\",\"logo\":{\"@type\":\"ImageObject\",\"inLanguage\":\"az\",\"@id\":\"https:\\\/\\\/zoo-land.az\\\/ru\\\/#\\\/schema\\\/logo\\\/image\\\/\",\"url\":\"https:\\\/\\\/zoo-land.az\\\/wp-content\\\/uploads\\\/2022\\\/05\\\/logo.svg\",\"contentUrl\":\"https:\\\/\\\/zoo-land.az\\\/wp-content\\\/uploads\\\/2022\\\/05\\\/logo.svg\",\"width\":113,\"height\":46,\"caption\":\"Zooland.az\"},\"image\":{\"@id\":\"https:\\\/\\\/zoo-land.az\\\/ru\\\/#\\\/schema\\\/logo\\\/image\\\/\"}}]}<\/script>\n<!-- \/ Yoast SEO plugin. -->","yoast_head_json":{"title":"Trixie Duckies Dog Treats 100 g - Zooland.az","robots":{"index":"index","follow":"follow","max-snippet":"max-snippet:-1","max-image-preview":"max-image-preview:large","max-video-preview":"max-video-preview:-1"},"canonical":"https:\/\/zoo-land.az\/az\/shop\/dog\/treats\/trixie-duckies-dog-treats-100-g\/","og_locale":"az_AZ","og_type":"article","og_title":"Trixie Duckies Dog Treats 100 g - Zooland.az","og_description":"Duck Breast Bones  Meat content: 70%  Sealed package 31538 D  og Treat \"Duckies\" (duck) 100 g  Please make sure to take measurements accurately before purchasing; the item is not eligible for exchange. According to Ukrainian legislation, the return of the product is at the expense of the buyer, with the delivery to the seller's warehouse.  The actual colors of the product \"Trixie PREMIO Duckies Dog Treat (duck 100g)\" may differ from the photo on the device screen depending on the type of screen and its color rendition.  To prevent damage from temperature fluctuations, it is recommended to assemble plastic items and turn on electrical appliances (including lamps) when the product reaches room temperature.  Feel free to reach out if you have any questions or need further assistance.","og_url":"https:\/\/zoo-land.az\/az\/shop\/dog\/treats\/trixie-duckies-dog-treats-100-g\/","og_site_name":"Zooland.az","og_image":[{"width":580,"height":800,"url":"https:\/\/zoo-land.az\/wp-content\/uploads\/2024\/06\/4150065291_w640_h640_lakomstvo-dlya-sobak.webp","type":"image\/webp"}],"twitter_card":"summary_large_image","twitter_misc":{"Est. reading time":"1 minute"},"schema":{"@context":"https:\/\/schema.org","@graph":[{"@type":"WebPage","@id":"https:\/\/zoo-land.az\/az\/shop\/dog\/treats\/trixie-duckies-dog-treats-100-g\/","url":"https:\/\/zoo-land.az\/az\/shop\/dog\/treats\/trixie-duckies-dog-treats-100-g\/","name":"Trixie Duckies Dog Treats 100 g - Zooland.az","isPartOf":{"@id":"https:\/\/zoo-land.az\/ru\/#website"},"primaryImageOfPage":{"@id":"https:\/\/zoo-land.az\/az\/shop\/dog\/treats\/trixie-duckies-dog-treats-100-g\/#primaryimage"},"image":{"@id":"https:\/\/zoo-land.az\/az\/shop\/dog\/treats\/trixie-duckies-dog-treats-100-g\/#primaryimage"},"thumbnailUrl":"https:\/\/zoo-land.az\/wp-content\/uploads\/2024\/06\/4150065291_w640_h640_lakomstvo-dlya-sobak.webp","datePublished":"2024-06-06T17:35:41+00:00","breadcrumb":{"@id":"https:\/\/zoo-land.az\/az\/shop\/dog\/treats\/trixie-duckies-dog-treats-100-g\/#breadcrumb"},"inLanguage":"az","potentialAction":[{"@type":"ReadAction","target":["https:\/\/zoo-land.az\/az\/shop\/dog\/treats\/trixie-duckies-dog-treats-100-g\/"]}]},{"@type":"ImageObject","inLanguage":"az","@id":"https:\/\/zoo-land.az\/az\/shop\/dog\/treats\/trixie-duckies-dog-treats-100-g\/#primaryimage","url":"https:\/\/zoo-land.az\/wp-content\/uploads\/2024\/06\/4150065291_w640_h640_lakomstvo-dlya-sobak.webp","contentUrl":"https:\/\/zoo-land.az\/wp-content\/uploads\/2024\/06\/4150065291_w640_h640_lakomstvo-dlya-sobak.webp","width":580,"height":800},{"@type":"BreadcrumbList","@id":"https:\/\/zoo-land.az\/az\/shop\/dog\/treats\/trixie-duckies-dog-treats-100-g\/#breadcrumb","itemListElement":[{"@type":"ListItem","position":1,"name":"Home","item":"https:\/\/zoo-land.az\/ru\/"},{"@type":"ListItem","position":2,"name":"Shop","item":"https:\/\/zoo-land.az\/ru\/"},{"@type":"ListItem","position":3,"name":"Trixie Duckies Dog Treats 100 g"}]},{"@type":"WebSite","@id":"https:\/\/zoo-land.az\/ru\/#website","url":"https:\/\/zoo-land.az\/ru\/","name":"Zooland.az","description":"Xo\u015fb\u0259xt ev heyvanlar\u0131n\u0131n \u00fcnvan\u0131 Zooland.az","publisher":{"@id":"https:\/\/zoo-land.az\/ru\/#organization"},"potentialAction":[{"@type":"SearchAction","target":{"@type":"EntryPoint","urlTemplate":"https:\/\/zoo-land.az\/ru\/?s={search_term_string}"},"query-input":{"@type":"PropertyValueSpecification","valueRequired":true,"valueName":"search_term_string"}}],"inLanguage":"az"},{"@type":"Organization","@id":"https:\/\/zoo-land.az\/ru\/#organization","name":"Zooland.az","url":"https:\/\/zoo-land.az\/ru\/","logo":{"@type":"ImageObject","inLanguage":"az","@id":"https:\/\/zoo-land.az\/ru\/#\/schema\/logo\/image\/","url":"https:\/\/zoo-land.az\/wp-content\/uploads\/2022\/05\/logo.svg","contentUrl":"https:\/\/zoo-land.az\/wp-content\/uploads\/2022\/05\/logo.svg","width":113,"height":46,"caption":"Zooland.az"},"image":{"@id":"https:\/\/zoo-land.az\/ru\/#\/schema\/logo\/image\/"}}]}},"_links":{"self":[{"href":"https:\/\/zoo-land.az\/az\/wp-json\/wp\/v2\/product\/22861","targetHints":{"allow":["GET"]}}],"collection":[{"href":"https:\/\/zoo-land.az\/az\/wp-json\/wp\/v2\/product"}],"about":[{"href":"https:\/\/zoo-land.az\/az\/wp-json\/wp\/v2\/types\/product"}],"wp:featuredmedia":[{"embeddable":true,"href":"https:\/\/zoo-land.az\/az\/wp-json\/wp\/v2\/media\/22863"}],"wp:attachment":[{"href":"https:\/\/zoo-land.az\/az\/wp-json\/wp\/v2\/media?parent=22861"}],"wp:term":[{"taxonomy":"product_cat","embeddable":true,"href":"https:\/\/zoo-land.az\/az\/wp-json\/wp\/v2\/product_cat?post=22861"},{"taxonomy":"product_tag","embeddable":true,"href":"https:\/\/zoo-land.az\/az\/wp-json\/wp\/v2\/product_tag?post=22861"}],"curies":[{"name":"wp","href":"https:\/\/api.w.org\/{rel}","templated":true}]}}