{"id":22885,"date":"2024-06-06T17:54:53","date_gmt":"2024-06-06T17:54:53","guid":{"rendered":"https:\/\/lightsteelblue-zebra-299715.hostingersite.com\/?post_type=product&#038;p=22885"},"modified":"2024-06-06T17:54:53","modified_gmt":"2024-06-06T17:54:53","slug":"trixie-fish-chicken-rolls-dog-treats-120-g","status":"publish","type":"product","link":"https:\/\/zoo-land.az\/az\/shop\/dog\/treats\/trixie-fish-chicken-rolls-dog-treats-120-g\/","title":{"rendered":"Trixie Fish Chicken Rolls Dog Treats 120 g"},"content":{"rendered":"<p><strong>Trixie Premio Fish Chicken Rolls<\/strong> are chewable treats for adult dogs made with chicken and fish.<\/p>\n<ul>\n<li>Made with chicken and salmon<\/li>\n<li>Meat content: 65%, fish content: 18%<\/li>\n<li>Ql\u00fctensiz<\/li>\n<li>\u018flav\u0259 \u015f\u0259k\u0259r yoxdur<\/li>\n<\/ul>\n<p>There is a wide selection of TRIXIE treats for dogs. The Premio series will spoil your dog with high-quality chicken, duck, beef, lamb, or rabbit meat, as well as a variety of delicious ingredients such as fish, rice, and apple. Additionally, the range includes special snacks in tubes and trainers, tasty lollipops, small sausages, or treats with dental care effects. Here you will find the perfect reward for every dog and every occasion.<\/p>","protected":false},"excerpt":{"rendered":"<p><strong>Trixie Premio Fish Chicken Rolls<\/strong> are chewable treats for adult dogs made with chicken and fish.<\/p>\n<ul>\n<li>Made with chicken and salmon<\/li>\n<li>Meat content: 65%, fish content: 18%<\/li>\n<li>Ql\u00fctensiz<\/li>\n<li>\u018flav\u0259 \u015f\u0259k\u0259r yoxdur<\/li>\n<\/ul>\n<p>There is a wide selection of TRIXIE treats for dogs. The Premio series will spoil your dog with high-quality chicken, duck, beef, lamb, or rabbit meat, as well as a variety of delicious ingredients such as fish, rice, and apple. Additionally, the range includes special snacks in tubes and trainers, tasty lollipops, small sausages, or treats with dental care effects. Here you will find the perfect reward for every dog and every occasion.<\/p>","protected":false},"featured_media":22886,"template":"","meta":{"inline_featured_image":false,"_joinchat":[]},"product_cat":[107,340],"product_tag":[],"class_list":{"0":"post-22885","1":"product","2":"type-product","3":"status-publish","4":"has-post-thumbnail","6":"product_brand-trixie","7":"product_cat-dog","8":"product_cat-treats","10":"first","11":"instock","12":"shipping-taxable","13":"purchasable","14":"product-type-simple"},"yoast_head":"<!-- This site is optimized with the Yoast SEO plugin v26.7 - https:\/\/yoast.com\/wordpress\/plugins\/seo\/ -->\n<title>Trixie Fish Chicken Rolls Dog Treats 120 g - Zooland.az<\/title>\n<meta name=\"robots\" content=\"index, follow, max-snippet:-1, max-image-preview:large, max-video-preview:-1\" \/>\n<link rel=\"canonical\" href=\"https:\/\/zoo-land.az\/az\/shop\/dog\/treats\/trixie-fish-chicken-rolls-dog-treats-120-g\/\" \/>\n<meta property=\"og:locale\" content=\"az_AZ\" \/>\n<meta property=\"og:type\" content=\"article\" \/>\n<meta property=\"og:title\" content=\"Trixie Fish Chicken Rolls Dog Treats 120 g - Zooland.az\" \/>\n<meta property=\"og:description\" content=\"Trixie Premio Fish Chicken Rolls are chewable treats for adult dogs made with chicken and fish.   Made with chicken and salmon  Meat content: 65%, fish content: 18%  Gluten-free  No added sugar  There is a wide selection of TRIXIE treats for dogs. The Premio series will spoil your dog with high-quality chicken, duck, beef, lamb, or rabbit meat, as well as a variety of delicious ingredients such as fish, rice, and apple. Additionally, the range includes special snacks in tubes and trainers, tasty lollipops, small sausages, or treats with dental care effects. Here you will find the perfect reward for every dog and every occasion.\" \/>\n<meta property=\"og:url\" content=\"https:\/\/zoo-land.az\/az\/shop\/dog\/treats\/trixie-fish-chicken-rolls-dog-treats-120-g\/\" \/>\n<meta property=\"og:site_name\" content=\"Zooland.az\" \/>\n<meta property=\"og:image\" content=\"https:\/\/zoo-land.az\/wp-content\/uploads\/2024\/06\/0210478001642679965.jpg\" \/>\n\t<meta property=\"og:image:width\" content=\"643\" \/>\n\t<meta property=\"og:image:height\" content=\"1000\" \/>\n\t<meta property=\"og:image:type\" content=\"image\/jpeg\" \/>\n<meta name=\"twitter:card\" content=\"summary_large_image\" \/>\n<meta name=\"twitter:label1\" content=\"Est. reading time\" \/>\n\t<meta name=\"twitter:data1\" content=\"1 minute\" \/>\n<script type=\"application\/ld+json\" class=\"yoast-schema-graph\">{\"@context\":\"https:\/\/schema.org\",\"@graph\":[{\"@type\":\"WebPage\",\"@id\":\"https:\/\/zoo-land.az\/shop\/dog\/treats\/trixie-fish-chicken-rolls-dog-treats-120-g\/\",\"url\":\"https:\/\/zoo-land.az\/shop\/dog\/treats\/trixie-fish-chicken-rolls-dog-treats-120-g\/\",\"name\":\"Trixie Fish Chicken Rolls Dog Treats 120 g - Zooland.az\",\"isPartOf\":{\"@id\":\"https:\/\/zoo-land.az\/#website\"},\"primaryImageOfPage\":{\"@id\":\"https:\/\/zoo-land.az\/shop\/dog\/treats\/trixie-fish-chicken-rolls-dog-treats-120-g\/#primaryimage\"},\"image\":{\"@id\":\"https:\/\/zoo-land.az\/shop\/dog\/treats\/trixie-fish-chicken-rolls-dog-treats-120-g\/#primaryimage\"},\"thumbnailUrl\":\"https:\/\/zoo-land.az\/wp-content\/uploads\/2024\/06\/0210478001642679965.jpg\",\"datePublished\":\"2024-06-06T17:54:53+00:00\",\"breadcrumb\":{\"@id\":\"https:\/\/zoo-land.az\/shop\/dog\/treats\/trixie-fish-chicken-rolls-dog-treats-120-g\/#breadcrumb\"},\"inLanguage\":\"az\",\"potentialAction\":[{\"@type\":\"ReadAction\",\"target\":[\"https:\/\/zoo-land.az\/shop\/dog\/treats\/trixie-fish-chicken-rolls-dog-treats-120-g\/\"]}]},{\"@type\":\"ImageObject\",\"inLanguage\":\"az\",\"@id\":\"https:\/\/zoo-land.az\/shop\/dog\/treats\/trixie-fish-chicken-rolls-dog-treats-120-g\/#primaryimage\",\"url\":\"https:\/\/zoo-land.az\/wp-content\/uploads\/2024\/06\/0210478001642679965.jpg\",\"contentUrl\":\"https:\/\/zoo-land.az\/wp-content\/uploads\/2024\/06\/0210478001642679965.jpg\",\"width\":643,\"height\":1000},{\"@type\":\"BreadcrumbList\",\"@id\":\"https:\/\/zoo-land.az\/shop\/dog\/treats\/trixie-fish-chicken-rolls-dog-treats-120-g\/#breadcrumb\",\"itemListElement\":[{\"@type\":\"ListItem\",\"position\":1,\"name\":\"Home\",\"item\":\"https:\/\/zoo-land.az\/ru\/\"},{\"@type\":\"ListItem\",\"position\":2,\"name\":\"Shop\",\"item\":\"https:\/\/zoo-land.az\/ru\/\"},{\"@type\":\"ListItem\",\"position\":3,\"name\":\"Trixie Fish Chicken Rolls Dog Treats 120 g\"}]},{\"@type\":\"WebSite\",\"@id\":\"https:\/\/zoo-land.az\/#website\",\"url\":\"https:\/\/zoo-land.az\/\",\"name\":\"Zooland.az\",\"description\":\"Xo\u015fb\u0259xt ev heyvanlar\u0131n\u0131n \u00fcnvan\u0131 Zooland.az\",\"publisher\":{\"@id\":\"https:\/\/zoo-land.az\/#organization\"},\"potentialAction\":[{\"@type\":\"SearchAction\",\"target\":{\"@type\":\"EntryPoint\",\"urlTemplate\":\"https:\/\/zoo-land.az\/?s={search_term_string}\"},\"query-input\":{\"@type\":\"PropertyValueSpecification\",\"valueRequired\":true,\"valueName\":\"search_term_string\"}}],\"inLanguage\":\"az\"},{\"@type\":\"Organization\",\"@id\":\"https:\/\/zoo-land.az\/#organization\",\"name\":\"Zooland.az\",\"url\":\"https:\/\/zoo-land.az\/\",\"logo\":{\"@type\":\"ImageObject\",\"inLanguage\":\"az\",\"@id\":\"https:\/\/zoo-land.az\/#\/schema\/logo\/image\/\",\"url\":\"https:\/\/zoo-land.az\/wp-content\/uploads\/2022\/05\/logo.svg\",\"contentUrl\":\"https:\/\/zoo-land.az\/wp-content\/uploads\/2022\/05\/logo.svg\",\"width\":113,\"height\":46,\"caption\":\"Zooland.az\"},\"image\":{\"@id\":\"https:\/\/zoo-land.az\/#\/schema\/logo\/image\/\"}}]}<\/script>\n<!-- \/ Yoast SEO plugin. -->","yoast_head_json":{"title":"Trixie Fish Chicken Rolls Dog Treats 120 g - Zooland.az","robots":{"index":"index","follow":"follow","max-snippet":"max-snippet:-1","max-image-preview":"max-image-preview:large","max-video-preview":"max-video-preview:-1"},"canonical":"https:\/\/zoo-land.az\/az\/shop\/dog\/treats\/trixie-fish-chicken-rolls-dog-treats-120-g\/","og_locale":"az_AZ","og_type":"article","og_title":"Trixie Fish Chicken Rolls Dog Treats 120 g - Zooland.az","og_description":"Trixie Premio Fish Chicken Rolls are chewable treats for adult dogs made with chicken and fish.   Made with chicken and salmon  Meat content: 65%, fish content: 18%  Gluten-free  No added sugar  There is a wide selection of TRIXIE treats for dogs. The Premio series will spoil your dog with high-quality chicken, duck, beef, lamb, or rabbit meat, as well as a variety of delicious ingredients such as fish, rice, and apple. Additionally, the range includes special snacks in tubes and trainers, tasty lollipops, small sausages, or treats with dental care effects. Here you will find the perfect reward for every dog and every occasion.","og_url":"https:\/\/zoo-land.az\/az\/shop\/dog\/treats\/trixie-fish-chicken-rolls-dog-treats-120-g\/","og_site_name":"Zooland.az","og_image":[{"width":643,"height":1000,"url":"https:\/\/zoo-land.az\/wp-content\/uploads\/2024\/06\/0210478001642679965.jpg","type":"image\/jpeg"}],"twitter_card":"summary_large_image","twitter_misc":{"Est. reading time":"1 minute"},"schema":{"@context":"https:\/\/schema.org","@graph":[{"@type":"WebPage","@id":"https:\/\/zoo-land.az\/shop\/dog\/treats\/trixie-fish-chicken-rolls-dog-treats-120-g\/","url":"https:\/\/zoo-land.az\/shop\/dog\/treats\/trixie-fish-chicken-rolls-dog-treats-120-g\/","name":"Trixie Fish Chicken Rolls Dog Treats 120 g - Zooland.az","isPartOf":{"@id":"https:\/\/zoo-land.az\/#website"},"primaryImageOfPage":{"@id":"https:\/\/zoo-land.az\/shop\/dog\/treats\/trixie-fish-chicken-rolls-dog-treats-120-g\/#primaryimage"},"image":{"@id":"https:\/\/zoo-land.az\/shop\/dog\/treats\/trixie-fish-chicken-rolls-dog-treats-120-g\/#primaryimage"},"thumbnailUrl":"https:\/\/zoo-land.az\/wp-content\/uploads\/2024\/06\/0210478001642679965.jpg","datePublished":"2024-06-06T17:54:53+00:00","breadcrumb":{"@id":"https:\/\/zoo-land.az\/shop\/dog\/treats\/trixie-fish-chicken-rolls-dog-treats-120-g\/#breadcrumb"},"inLanguage":"az","potentialAction":[{"@type":"ReadAction","target":["https:\/\/zoo-land.az\/shop\/dog\/treats\/trixie-fish-chicken-rolls-dog-treats-120-g\/"]}]},{"@type":"ImageObject","inLanguage":"az","@id":"https:\/\/zoo-land.az\/shop\/dog\/treats\/trixie-fish-chicken-rolls-dog-treats-120-g\/#primaryimage","url":"https:\/\/zoo-land.az\/wp-content\/uploads\/2024\/06\/0210478001642679965.jpg","contentUrl":"https:\/\/zoo-land.az\/wp-content\/uploads\/2024\/06\/0210478001642679965.jpg","width":643,"height":1000},{"@type":"BreadcrumbList","@id":"https:\/\/zoo-land.az\/shop\/dog\/treats\/trixie-fish-chicken-rolls-dog-treats-120-g\/#breadcrumb","itemListElement":[{"@type":"ListItem","position":1,"name":"Home","item":"https:\/\/zoo-land.az\/ru\/"},{"@type":"ListItem","position":2,"name":"Shop","item":"https:\/\/zoo-land.az\/ru\/"},{"@type":"ListItem","position":3,"name":"Trixie Fish Chicken Rolls Dog Treats 120 g"}]},{"@type":"WebSite","@id":"https:\/\/zoo-land.az\/#website","url":"https:\/\/zoo-land.az\/","name":"Zooland.az","description":"Xo\u015fb\u0259xt ev heyvanlar\u0131n\u0131n \u00fcnvan\u0131 Zooland.az","publisher":{"@id":"https:\/\/zoo-land.az\/#organization"},"potentialAction":[{"@type":"SearchAction","target":{"@type":"EntryPoint","urlTemplate":"https:\/\/zoo-land.az\/?s={search_term_string}"},"query-input":{"@type":"PropertyValueSpecification","valueRequired":true,"valueName":"search_term_string"}}],"inLanguage":"az"},{"@type":"Organization","@id":"https:\/\/zoo-land.az\/#organization","name":"Zooland.az","url":"https:\/\/zoo-land.az\/","logo":{"@type":"ImageObject","inLanguage":"az","@id":"https:\/\/zoo-land.az\/#\/schema\/logo\/image\/","url":"https:\/\/zoo-land.az\/wp-content\/uploads\/2022\/05\/logo.svg","contentUrl":"https:\/\/zoo-land.az\/wp-content\/uploads\/2022\/05\/logo.svg","width":113,"height":46,"caption":"Zooland.az"},"image":{"@id":"https:\/\/zoo-land.az\/#\/schema\/logo\/image\/"}}]}},"_links":{"self":[{"href":"https:\/\/zoo-land.az\/az\/wp-json\/wp\/v2\/product\/22885","targetHints":{"allow":["GET"]}}],"collection":[{"href":"https:\/\/zoo-land.az\/az\/wp-json\/wp\/v2\/product"}],"about":[{"href":"https:\/\/zoo-land.az\/az\/wp-json\/wp\/v2\/types\/product"}],"wp:featuredmedia":[{"embeddable":true,"href":"https:\/\/zoo-land.az\/az\/wp-json\/wp\/v2\/media\/22886"}],"wp:attachment":[{"href":"https:\/\/zoo-land.az\/az\/wp-json\/wp\/v2\/media?parent=22885"}],"wp:term":[{"taxonomy":"product_cat","embeddable":true,"href":"https:\/\/zoo-land.az\/az\/wp-json\/wp\/v2\/product_cat?post=22885"},{"taxonomy":"product_tag","embeddable":true,"href":"https:\/\/zoo-land.az\/az\/wp-json\/wp\/v2\/product_tag?post=22885"}],"curies":[{"name":"wp","href":"https:\/\/api.w.org\/{rel}","templated":true}]}}