{"id":22887,"date":"2024-06-06T17:56:59","date_gmt":"2024-06-06T17:56:59","guid":{"rendered":"https:\/\/lightsteelblue-zebra-299715.hostingersite.com\/?post_type=product&#038;p=22887"},"modified":"2024-06-06T17:56:59","modified_gmt":"2024-06-06T17:56:59","slug":"trixie-dentafun-mini-chewing-rolls-dog-treats-120-g","status":"publish","type":"product","link":"https:\/\/zoo-land.az\/az\/shop\/dog\/treats\/trixie-dentafun-mini-chewing-rolls-dog-treats-120-g\/","title":{"rendered":"Trixie DentaFun Mini Chewing Rolls Dog Treats 120 g"},"content":{"rendered":"<p><strong>Trixie Denta Fun Mini Chewing Rolls<\/strong> are dental sticks for dogs.<\/p>\n<ul>\n<li>Length of each stick: 6 cm<\/li>\n<li>Made of rawhide wrapped in duck meat<\/li>\n<li>Ql\u00fctensiz<\/li>\n<li>\u018flav\u0259 \u015f\u0259k\u0259r yoxdur<\/li>\n<li>Treat with dietary fibers<\/li>\n<li>Supplementary food for your dog<\/li>\n<\/ul>\n<p>The Denta Fun series provides dogs with the pleasure of chewing while offering dental care benefits. These chewing sticks, along with other items like chewing bones and knots, are tougher than regular snacks and are made from thick rawhide. They help remove dental plaque and maintain your dog&#8217;s dental health.<\/p>","protected":false},"excerpt":{"rendered":"<p><strong>Trixie Denta Fun Mini Chewing Rolls<\/strong> are dental sticks for dogs.<\/p>\n<ul>\n<li>Length of each stick: 6 cm<\/li>\n<li>Made of rawhide wrapped in duck meat<\/li>\n<li>Ql\u00fctensiz<\/li>\n<li>\u018flav\u0259 \u015f\u0259k\u0259r yoxdur<\/li>\n<li>Treat with dietary fibers<\/li>\n<li>Supplementary food for your dog<\/li>\n<\/ul>\n<p>The Denta Fun series provides dogs with the pleasure of chewing while offering dental care benefits. These chewing sticks, along with other items like chewing bones and knots, are tougher than regular snacks and are made from thick rawhide. They help remove dental plaque and maintain your dog&#8217;s dental health.<\/p>","protected":false},"featured_media":22888,"template":"","meta":{"inline_featured_image":false,"_joinchat":[]},"product_cat":[107,340],"product_tag":[],"class_list":{"0":"post-22887","1":"product","2":"type-product","3":"status-publish","4":"has-post-thumbnail","6":"product_brand-trixie","7":"product_cat-dog","8":"product_cat-treats","10":"first","11":"instock","12":"shipping-taxable","13":"purchasable","14":"product-type-simple"},"yoast_head":"<!-- This site is optimized with the Yoast SEO plugin v27.4 - https:\/\/yoast.com\/product\/yoast-seo-wordpress\/ -->\n<title>Trixie DentaFun Mini Chewing Rolls Dog Treats 120 g - Zooland.az<\/title>\n<meta name=\"robots\" content=\"index, follow, max-snippet:-1, max-image-preview:large, max-video-preview:-1\" \/>\n<link rel=\"canonical\" href=\"https:\/\/zoo-land.az\/az\/shop\/dog\/treats\/trixie-dentafun-mini-chewing-rolls-dog-treats-120-g\/\" \/>\n<meta property=\"og:locale\" content=\"az_AZ\" \/>\n<meta property=\"og:type\" content=\"article\" \/>\n<meta property=\"og:title\" content=\"Trixie DentaFun Mini Chewing Rolls Dog Treats 120 g - Zooland.az\" \/>\n<meta property=\"og:description\" content=\"Trixie Denta Fun Mini Chewing Rolls are dental sticks for dogs.   Length of each stick: 6 cm  Made of rawhide wrapped in duck meat  Gluten-free  No added sugar  Treat with dietary fibers  Supplementary food for your dog  The Denta Fun series provides dogs with the pleasure of chewing while offering dental care benefits. These chewing sticks, along with other items like chewing bones and knots, are tougher than regular snacks and are made from thick rawhide. They help remove dental plaque and maintain your dog&#039;s dental health.\" \/>\n<meta property=\"og:url\" content=\"https:\/\/zoo-land.az\/az\/shop\/dog\/treats\/trixie-dentafun-mini-chewing-rolls-dog-treats-120-g\/\" \/>\n<meta property=\"og:site_name\" content=\"Zooland.az\" \/>\n<meta property=\"og:image\" content=\"https:\/\/zoo-land.az\/wp-content\/uploads\/2024\/06\/b1125665ca6828d81e59080db535f577.webp\" \/>\n\t<meta property=\"og:image:width\" content=\"1000\" \/>\n\t<meta property=\"og:image:height\" content=\"1000\" \/>\n\t<meta property=\"og:image:type\" content=\"image\/webp\" \/>\n<meta name=\"twitter:card\" content=\"summary_large_image\" \/>\n<script type=\"application\/ld+json\" class=\"yoast-schema-graph\">{\"@context\":\"https:\\\/\\\/schema.org\",\"@graph\":[{\"@type\":\"WebPage\",\"@id\":\"https:\\\/\\\/zoo-land.az\\\/az\\\/shop\\\/dog\\\/treats\\\/trixie-dentafun-mini-chewing-rolls-dog-treats-120-g\\\/\",\"url\":\"https:\\\/\\\/zoo-land.az\\\/az\\\/shop\\\/dog\\\/treats\\\/trixie-dentafun-mini-chewing-rolls-dog-treats-120-g\\\/\",\"name\":\"Trixie DentaFun Mini Chewing Rolls Dog Treats 120 g - Zooland.az\",\"isPartOf\":{\"@id\":\"https:\\\/\\\/zoo-land.az\\\/ru\\\/#website\"},\"primaryImageOfPage\":{\"@id\":\"https:\\\/\\\/zoo-land.az\\\/az\\\/shop\\\/dog\\\/treats\\\/trixie-dentafun-mini-chewing-rolls-dog-treats-120-g\\\/#primaryimage\"},\"image\":{\"@id\":\"https:\\\/\\\/zoo-land.az\\\/az\\\/shop\\\/dog\\\/treats\\\/trixie-dentafun-mini-chewing-rolls-dog-treats-120-g\\\/#primaryimage\"},\"thumbnailUrl\":\"https:\\\/\\\/zoo-land.az\\\/wp-content\\\/uploads\\\/2024\\\/06\\\/b1125665ca6828d81e59080db535f577.webp\",\"datePublished\":\"2024-06-06T17:56:59+00:00\",\"breadcrumb\":{\"@id\":\"https:\\\/\\\/zoo-land.az\\\/az\\\/shop\\\/dog\\\/treats\\\/trixie-dentafun-mini-chewing-rolls-dog-treats-120-g\\\/#breadcrumb\"},\"inLanguage\":\"az\",\"potentialAction\":[{\"@type\":\"ReadAction\",\"target\":[\"https:\\\/\\\/zoo-land.az\\\/az\\\/shop\\\/dog\\\/treats\\\/trixie-dentafun-mini-chewing-rolls-dog-treats-120-g\\\/\"]}]},{\"@type\":\"ImageObject\",\"inLanguage\":\"az\",\"@id\":\"https:\\\/\\\/zoo-land.az\\\/az\\\/shop\\\/dog\\\/treats\\\/trixie-dentafun-mini-chewing-rolls-dog-treats-120-g\\\/#primaryimage\",\"url\":\"https:\\\/\\\/zoo-land.az\\\/wp-content\\\/uploads\\\/2024\\\/06\\\/b1125665ca6828d81e59080db535f577.webp\",\"contentUrl\":\"https:\\\/\\\/zoo-land.az\\\/wp-content\\\/uploads\\\/2024\\\/06\\\/b1125665ca6828d81e59080db535f577.webp\",\"width\":1000,\"height\":1000},{\"@type\":\"BreadcrumbList\",\"@id\":\"https:\\\/\\\/zoo-land.az\\\/az\\\/shop\\\/dog\\\/treats\\\/trixie-dentafun-mini-chewing-rolls-dog-treats-120-g\\\/#breadcrumb\",\"itemListElement\":[{\"@type\":\"ListItem\",\"position\":1,\"name\":\"Home\",\"item\":\"https:\\\/\\\/zoo-land.az\\\/ru\\\/\"},{\"@type\":\"ListItem\",\"position\":2,\"name\":\"Shop\",\"item\":\"https:\\\/\\\/zoo-land.az\\\/ru\\\/\"},{\"@type\":\"ListItem\",\"position\":3,\"name\":\"Trixie DentaFun Mini Chewing Rolls Dog Treats 120 g\"}]},{\"@type\":\"WebSite\",\"@id\":\"https:\\\/\\\/zoo-land.az\\\/ru\\\/#website\",\"url\":\"https:\\\/\\\/zoo-land.az\\\/ru\\\/\",\"name\":\"Zooland.az\",\"description\":\"Xo\u015fb\u0259xt ev heyvanlar\u0131n\u0131n \u00fcnvan\u0131 Zooland.az\",\"publisher\":{\"@id\":\"https:\\\/\\\/zoo-land.az\\\/ru\\\/#organization\"},\"potentialAction\":[{\"@type\":\"SearchAction\",\"target\":{\"@type\":\"EntryPoint\",\"urlTemplate\":\"https:\\\/\\\/zoo-land.az\\\/ru\\\/?s={search_term_string}\"},\"query-input\":{\"@type\":\"PropertyValueSpecification\",\"valueRequired\":true,\"valueName\":\"search_term_string\"}}],\"inLanguage\":\"az\"},{\"@type\":\"Organization\",\"@id\":\"https:\\\/\\\/zoo-land.az\\\/ru\\\/#organization\",\"name\":\"Zooland.az\",\"url\":\"https:\\\/\\\/zoo-land.az\\\/ru\\\/\",\"logo\":{\"@type\":\"ImageObject\",\"inLanguage\":\"az\",\"@id\":\"https:\\\/\\\/zoo-land.az\\\/ru\\\/#\\\/schema\\\/logo\\\/image\\\/\",\"url\":\"https:\\\/\\\/zoo-land.az\\\/wp-content\\\/uploads\\\/2022\\\/05\\\/logo.svg\",\"contentUrl\":\"https:\\\/\\\/zoo-land.az\\\/wp-content\\\/uploads\\\/2022\\\/05\\\/logo.svg\",\"width\":113,\"height\":46,\"caption\":\"Zooland.az\"},\"image\":{\"@id\":\"https:\\\/\\\/zoo-land.az\\\/ru\\\/#\\\/schema\\\/logo\\\/image\\\/\"}}]}<\/script>\n<!-- \/ Yoast SEO plugin. -->","yoast_head_json":{"title":"Trixie DentaFun Mini Chewing Rolls Dog Treats 120 g - Zooland.az","robots":{"index":"index","follow":"follow","max-snippet":"max-snippet:-1","max-image-preview":"max-image-preview:large","max-video-preview":"max-video-preview:-1"},"canonical":"https:\/\/zoo-land.az\/az\/shop\/dog\/treats\/trixie-dentafun-mini-chewing-rolls-dog-treats-120-g\/","og_locale":"az_AZ","og_type":"article","og_title":"Trixie DentaFun Mini Chewing Rolls Dog Treats 120 g - Zooland.az","og_description":"Trixie Denta Fun Mini Chewing Rolls are dental sticks for dogs.   Length of each stick: 6 cm  Made of rawhide wrapped in duck meat  Gluten-free  No added sugar  Treat with dietary fibers  Supplementary food for your dog  The Denta Fun series provides dogs with the pleasure of chewing while offering dental care benefits. These chewing sticks, along with other items like chewing bones and knots, are tougher than regular snacks and are made from thick rawhide. They help remove dental plaque and maintain your dog's dental health.","og_url":"https:\/\/zoo-land.az\/az\/shop\/dog\/treats\/trixie-dentafun-mini-chewing-rolls-dog-treats-120-g\/","og_site_name":"Zooland.az","og_image":[{"width":1000,"height":1000,"url":"https:\/\/zoo-land.az\/wp-content\/uploads\/2024\/06\/b1125665ca6828d81e59080db535f577.webp","type":"image\/webp"}],"twitter_card":"summary_large_image","schema":{"@context":"https:\/\/schema.org","@graph":[{"@type":"WebPage","@id":"https:\/\/zoo-land.az\/az\/shop\/dog\/treats\/trixie-dentafun-mini-chewing-rolls-dog-treats-120-g\/","url":"https:\/\/zoo-land.az\/az\/shop\/dog\/treats\/trixie-dentafun-mini-chewing-rolls-dog-treats-120-g\/","name":"Trixie DentaFun Mini Chewing Rolls Dog Treats 120 g - Zooland.az","isPartOf":{"@id":"https:\/\/zoo-land.az\/ru\/#website"},"primaryImageOfPage":{"@id":"https:\/\/zoo-land.az\/az\/shop\/dog\/treats\/trixie-dentafun-mini-chewing-rolls-dog-treats-120-g\/#primaryimage"},"image":{"@id":"https:\/\/zoo-land.az\/az\/shop\/dog\/treats\/trixie-dentafun-mini-chewing-rolls-dog-treats-120-g\/#primaryimage"},"thumbnailUrl":"https:\/\/zoo-land.az\/wp-content\/uploads\/2024\/06\/b1125665ca6828d81e59080db535f577.webp","datePublished":"2024-06-06T17:56:59+00:00","breadcrumb":{"@id":"https:\/\/zoo-land.az\/az\/shop\/dog\/treats\/trixie-dentafun-mini-chewing-rolls-dog-treats-120-g\/#breadcrumb"},"inLanguage":"az","potentialAction":[{"@type":"ReadAction","target":["https:\/\/zoo-land.az\/az\/shop\/dog\/treats\/trixie-dentafun-mini-chewing-rolls-dog-treats-120-g\/"]}]},{"@type":"ImageObject","inLanguage":"az","@id":"https:\/\/zoo-land.az\/az\/shop\/dog\/treats\/trixie-dentafun-mini-chewing-rolls-dog-treats-120-g\/#primaryimage","url":"https:\/\/zoo-land.az\/wp-content\/uploads\/2024\/06\/b1125665ca6828d81e59080db535f577.webp","contentUrl":"https:\/\/zoo-land.az\/wp-content\/uploads\/2024\/06\/b1125665ca6828d81e59080db535f577.webp","width":1000,"height":1000},{"@type":"BreadcrumbList","@id":"https:\/\/zoo-land.az\/az\/shop\/dog\/treats\/trixie-dentafun-mini-chewing-rolls-dog-treats-120-g\/#breadcrumb","itemListElement":[{"@type":"ListItem","position":1,"name":"Home","item":"https:\/\/zoo-land.az\/ru\/"},{"@type":"ListItem","position":2,"name":"Shop","item":"https:\/\/zoo-land.az\/ru\/"},{"@type":"ListItem","position":3,"name":"Trixie DentaFun Mini Chewing Rolls Dog Treats 120 g"}]},{"@type":"WebSite","@id":"https:\/\/zoo-land.az\/ru\/#website","url":"https:\/\/zoo-land.az\/ru\/","name":"Zooland.az","description":"Xo\u015fb\u0259xt ev heyvanlar\u0131n\u0131n \u00fcnvan\u0131 Zooland.az","publisher":{"@id":"https:\/\/zoo-land.az\/ru\/#organization"},"potentialAction":[{"@type":"SearchAction","target":{"@type":"EntryPoint","urlTemplate":"https:\/\/zoo-land.az\/ru\/?s={search_term_string}"},"query-input":{"@type":"PropertyValueSpecification","valueRequired":true,"valueName":"search_term_string"}}],"inLanguage":"az"},{"@type":"Organization","@id":"https:\/\/zoo-land.az\/ru\/#organization","name":"Zooland.az","url":"https:\/\/zoo-land.az\/ru\/","logo":{"@type":"ImageObject","inLanguage":"az","@id":"https:\/\/zoo-land.az\/ru\/#\/schema\/logo\/image\/","url":"https:\/\/zoo-land.az\/wp-content\/uploads\/2022\/05\/logo.svg","contentUrl":"https:\/\/zoo-land.az\/wp-content\/uploads\/2022\/05\/logo.svg","width":113,"height":46,"caption":"Zooland.az"},"image":{"@id":"https:\/\/zoo-land.az\/ru\/#\/schema\/logo\/image\/"}}]}},"_links":{"self":[{"href":"https:\/\/zoo-land.az\/az\/wp-json\/wp\/v2\/product\/22887","targetHints":{"allow":["GET"]}}],"collection":[{"href":"https:\/\/zoo-land.az\/az\/wp-json\/wp\/v2\/product"}],"about":[{"href":"https:\/\/zoo-land.az\/az\/wp-json\/wp\/v2\/types\/product"}],"wp:featuredmedia":[{"embeddable":true,"href":"https:\/\/zoo-land.az\/az\/wp-json\/wp\/v2\/media\/22888"}],"wp:attachment":[{"href":"https:\/\/zoo-land.az\/az\/wp-json\/wp\/v2\/media?parent=22887"}],"wp:term":[{"taxonomy":"product_cat","embeddable":true,"href":"https:\/\/zoo-land.az\/az\/wp-json\/wp\/v2\/product_cat?post=22887"},{"taxonomy":"product_tag","embeddable":true,"href":"https:\/\/zoo-land.az\/az\/wp-json\/wp\/v2\/product_tag?post=22887"}],"curies":[{"name":"wp","href":"https:\/\/api.w.org\/{rel}","templated":true}]}}