{"id":22906,"date":"2024-06-06T18:16:29","date_gmt":"2024-06-06T18:16:29","guid":{"rendered":"https:\/\/lightsteelblue-zebra-299715.hostingersite.com\/?post_type=product&#038;p=22906"},"modified":"2024-06-06T18:16:29","modified_gmt":"2024-06-06T18:16:29","slug":"trixie-lamb-stripes-dog-treats-100-g","status":"publish","type":"product","link":"https:\/\/zoo-land.az\/az\/shop\/dog\/treats\/trixie-lamb-stripes-dog-treats-100-g\/","title":{"rendered":"Trixie Lamb Stripes Dog Treats 100 g"},"content":{"rendered":"<p>Do you want to offer your good boy or girl a treat but don\u2019t know which food can be delicious and healthy at the same time? We know &#8211; it\u2019s the Trixie Stripes with Lamb for Dogs!<\/p>\n<p>The Trixie Stripes with Lamb for Dogs are perfect for your dog to chew on while supporting their dental health and also functioning as a tasty treat or reward for those good-boy or good-girl moments.<\/p>\n<p>These stripes are rich in protein and essential vitamins and don\u2019t have any added sugar, artificial flavors, or flavor enhancers. Chewing one of these Trixie stripes every day is halfway through exceptional dental hygiene, as they strengthen teeth and chewing muscles and improve your dog\u2019s breath.<\/p>\n<p>Besides being healthy for your doggo\u2019s teeth and mouth, these treats have a yummy lamb flavor that will keep them drooling for more.<\/p>","protected":false},"excerpt":{"rendered":"<p>Do you want to offer your good boy or girl a treat but don\u2019t know which food can be delicious and healthy at the same time? We know &#8211; it\u2019s the Trixie Stripes with Lamb for Dogs!<\/p>\n<p>The Trixie Stripes with Lamb for Dogs are perfect for your dog to chew on while supporting their dental health and also functioning as a tasty treat or reward for those good-boy or good-girl moments.<\/p>\n<p>These stripes are rich in protein and essential vitamins and don\u2019t have any added sugar, artificial flavors, or flavor enhancers. Chewing one of these Trixie stripes every day is halfway through exceptional dental hygiene, as they strengthen teeth and chewing muscles and improve your dog\u2019s breath.<\/p>\n<p>Besides being healthy for your doggo\u2019s teeth and mouth, these treats have a yummy lamb flavor that will keep them drooling for more.<\/p>","protected":false},"featured_media":22907,"template":"","meta":{"inline_featured_image":false,"_joinchat":[]},"product_cat":[107,340],"product_tag":[],"class_list":{"0":"post-22906","1":"product","2":"type-product","3":"status-publish","4":"has-post-thumbnail","6":"product_brand-trixie","7":"product_cat-dog","8":"product_cat-treats","10":"first","11":"instock","12":"shipping-taxable","13":"purchasable","14":"product-type-simple"},"yoast_head":"<!-- This site is optimized with the Yoast SEO plugin v26.7 - https:\/\/yoast.com\/wordpress\/plugins\/seo\/ -->\n<title>Trixie Lamb Stripes Dog Treats 100 g - Zooland.az<\/title>\n<meta name=\"robots\" content=\"index, follow, max-snippet:-1, max-image-preview:large, max-video-preview:-1\" \/>\n<link rel=\"canonical\" href=\"https:\/\/zoo-land.az\/az\/shop\/dog\/treats\/trixie-lamb-stripes-dog-treats-100-g\/\" \/>\n<meta property=\"og:locale\" content=\"az_AZ\" \/>\n<meta property=\"og:type\" content=\"article\" \/>\n<meta property=\"og:title\" content=\"Trixie Lamb Stripes Dog Treats 100 g - Zooland.az\" \/>\n<meta property=\"og:description\" content=\"Do you want to offer your good boy or girl a treat but don\u2019t know which food can be delicious and healthy at the same time? We know - it\u2019s the Trixie Stripes with Lamb for Dogs!  The Trixie Stripes with Lamb for Dogs are perfect for your dog to chew on while supporting their dental health and also functioning as a tasty treat or reward for those good-boy or good-girl moments.  These stripes are rich in protein and essential vitamins and don\u2019t have any added sugar, artificial flavors, or flavor enhancers. Chewing one of these Trixie stripes every day is halfway through exceptional dental hygiene, as they strengthen teeth and chewing muscles and improve your dog\u2019s breath.  Besides being healthy for your doggo\u2019s teeth and mouth, these treats have a yummy lamb flavor that will keep them drooling for more.\" \/>\n<meta property=\"og:url\" content=\"https:\/\/zoo-land.az\/az\/shop\/dog\/treats\/trixie-lamb-stripes-dog-treats-100-g\/\" \/>\n<meta property=\"og:site_name\" content=\"Zooland.az\" \/>\n<meta property=\"og:image\" content=\"https:\/\/zoo-land.az\/wp-content\/uploads\/2024\/06\/209683_pho_pro_clip_31772-2.jpg\" \/>\n\t<meta property=\"og:image:width\" content=\"528\" \/>\n\t<meta property=\"og:image:height\" content=\"1000\" \/>\n\t<meta property=\"og:image:type\" content=\"image\/jpeg\" \/>\n<meta name=\"twitter:card\" content=\"summary_large_image\" \/>\n<meta name=\"twitter:label1\" content=\"Est. reading time\" \/>\n\t<meta name=\"twitter:data1\" content=\"1 minute\" \/>\n<script type=\"application\/ld+json\" class=\"yoast-schema-graph\">{\"@context\":\"https:\/\/schema.org\",\"@graph\":[{\"@type\":\"WebPage\",\"@id\":\"https:\/\/zoo-land.az\/shop\/dog\/treats\/trixie-lamb-stripes-dog-treats-100-g\/\",\"url\":\"https:\/\/zoo-land.az\/shop\/dog\/treats\/trixie-lamb-stripes-dog-treats-100-g\/\",\"name\":\"Trixie Lamb Stripes Dog Treats 100 g - Zooland.az\",\"isPartOf\":{\"@id\":\"https:\/\/zoo-land.az\/#website\"},\"primaryImageOfPage\":{\"@id\":\"https:\/\/zoo-land.az\/shop\/dog\/treats\/trixie-lamb-stripes-dog-treats-100-g\/#primaryimage\"},\"image\":{\"@id\":\"https:\/\/zoo-land.az\/shop\/dog\/treats\/trixie-lamb-stripes-dog-treats-100-g\/#primaryimage\"},\"thumbnailUrl\":\"https:\/\/zoo-land.az\/wp-content\/uploads\/2024\/06\/209683_pho_pro_clip_31772-2.jpg\",\"datePublished\":\"2024-06-06T18:16:29+00:00\",\"breadcrumb\":{\"@id\":\"https:\/\/zoo-land.az\/shop\/dog\/treats\/trixie-lamb-stripes-dog-treats-100-g\/#breadcrumb\"},\"inLanguage\":\"az\",\"potentialAction\":[{\"@type\":\"ReadAction\",\"target\":[\"https:\/\/zoo-land.az\/shop\/dog\/treats\/trixie-lamb-stripes-dog-treats-100-g\/\"]}]},{\"@type\":\"ImageObject\",\"inLanguage\":\"az\",\"@id\":\"https:\/\/zoo-land.az\/shop\/dog\/treats\/trixie-lamb-stripes-dog-treats-100-g\/#primaryimage\",\"url\":\"https:\/\/zoo-land.az\/wp-content\/uploads\/2024\/06\/209683_pho_pro_clip_31772-2.jpg\",\"contentUrl\":\"https:\/\/zoo-land.az\/wp-content\/uploads\/2024\/06\/209683_pho_pro_clip_31772-2.jpg\",\"width\":528,\"height\":1000},{\"@type\":\"BreadcrumbList\",\"@id\":\"https:\/\/zoo-land.az\/shop\/dog\/treats\/trixie-lamb-stripes-dog-treats-100-g\/#breadcrumb\",\"itemListElement\":[{\"@type\":\"ListItem\",\"position\":1,\"name\":\"Home\",\"item\":\"https:\/\/zoo-land.az\/ru\/\"},{\"@type\":\"ListItem\",\"position\":2,\"name\":\"Shop\",\"item\":\"https:\/\/zoo-land.az\/ru\/\"},{\"@type\":\"ListItem\",\"position\":3,\"name\":\"Trixie Lamb Stripes Dog Treats 100 g\"}]},{\"@type\":\"WebSite\",\"@id\":\"https:\/\/zoo-land.az\/#website\",\"url\":\"https:\/\/zoo-land.az\/\",\"name\":\"Zooland.az\",\"description\":\"Xo\u015fb\u0259xt ev heyvanlar\u0131n\u0131n \u00fcnvan\u0131 Zooland.az\",\"publisher\":{\"@id\":\"https:\/\/zoo-land.az\/#organization\"},\"potentialAction\":[{\"@type\":\"SearchAction\",\"target\":{\"@type\":\"EntryPoint\",\"urlTemplate\":\"https:\/\/zoo-land.az\/?s={search_term_string}\"},\"query-input\":{\"@type\":\"PropertyValueSpecification\",\"valueRequired\":true,\"valueName\":\"search_term_string\"}}],\"inLanguage\":\"az\"},{\"@type\":\"Organization\",\"@id\":\"https:\/\/zoo-land.az\/#organization\",\"name\":\"Zooland.az\",\"url\":\"https:\/\/zoo-land.az\/\",\"logo\":{\"@type\":\"ImageObject\",\"inLanguage\":\"az\",\"@id\":\"https:\/\/zoo-land.az\/#\/schema\/logo\/image\/\",\"url\":\"https:\/\/zoo-land.az\/wp-content\/uploads\/2022\/05\/logo.svg\",\"contentUrl\":\"https:\/\/zoo-land.az\/wp-content\/uploads\/2022\/05\/logo.svg\",\"width\":113,\"height\":46,\"caption\":\"Zooland.az\"},\"image\":{\"@id\":\"https:\/\/zoo-land.az\/#\/schema\/logo\/image\/\"}}]}<\/script>\n<!-- \/ Yoast SEO plugin. -->","yoast_head_json":{"title":"Trixie Lamb Stripes Dog Treats 100 g - Zooland.az","robots":{"index":"index","follow":"follow","max-snippet":"max-snippet:-1","max-image-preview":"max-image-preview:large","max-video-preview":"max-video-preview:-1"},"canonical":"https:\/\/zoo-land.az\/az\/shop\/dog\/treats\/trixie-lamb-stripes-dog-treats-100-g\/","og_locale":"az_AZ","og_type":"article","og_title":"Trixie Lamb Stripes Dog Treats 100 g - Zooland.az","og_description":"Do you want to offer your good boy or girl a treat but don\u2019t know which food can be delicious and healthy at the same time? We know - it\u2019s the Trixie Stripes with Lamb for Dogs!  The Trixie Stripes with Lamb for Dogs are perfect for your dog to chew on while supporting their dental health and also functioning as a tasty treat or reward for those good-boy or good-girl moments.  These stripes are rich in protein and essential vitamins and don\u2019t have any added sugar, artificial flavors, or flavor enhancers. Chewing one of these Trixie stripes every day is halfway through exceptional dental hygiene, as they strengthen teeth and chewing muscles and improve your dog\u2019s breath.  Besides being healthy for your doggo\u2019s teeth and mouth, these treats have a yummy lamb flavor that will keep them drooling for more.","og_url":"https:\/\/zoo-land.az\/az\/shop\/dog\/treats\/trixie-lamb-stripes-dog-treats-100-g\/","og_site_name":"Zooland.az","og_image":[{"width":528,"height":1000,"url":"https:\/\/zoo-land.az\/wp-content\/uploads\/2024\/06\/209683_pho_pro_clip_31772-2.jpg","type":"image\/jpeg"}],"twitter_card":"summary_large_image","twitter_misc":{"Est. reading time":"1 minute"},"schema":{"@context":"https:\/\/schema.org","@graph":[{"@type":"WebPage","@id":"https:\/\/zoo-land.az\/shop\/dog\/treats\/trixie-lamb-stripes-dog-treats-100-g\/","url":"https:\/\/zoo-land.az\/shop\/dog\/treats\/trixie-lamb-stripes-dog-treats-100-g\/","name":"Trixie Lamb Stripes Dog Treats 100 g - Zooland.az","isPartOf":{"@id":"https:\/\/zoo-land.az\/#website"},"primaryImageOfPage":{"@id":"https:\/\/zoo-land.az\/shop\/dog\/treats\/trixie-lamb-stripes-dog-treats-100-g\/#primaryimage"},"image":{"@id":"https:\/\/zoo-land.az\/shop\/dog\/treats\/trixie-lamb-stripes-dog-treats-100-g\/#primaryimage"},"thumbnailUrl":"https:\/\/zoo-land.az\/wp-content\/uploads\/2024\/06\/209683_pho_pro_clip_31772-2.jpg","datePublished":"2024-06-06T18:16:29+00:00","breadcrumb":{"@id":"https:\/\/zoo-land.az\/shop\/dog\/treats\/trixie-lamb-stripes-dog-treats-100-g\/#breadcrumb"},"inLanguage":"az","potentialAction":[{"@type":"ReadAction","target":["https:\/\/zoo-land.az\/shop\/dog\/treats\/trixie-lamb-stripes-dog-treats-100-g\/"]}]},{"@type":"ImageObject","inLanguage":"az","@id":"https:\/\/zoo-land.az\/shop\/dog\/treats\/trixie-lamb-stripes-dog-treats-100-g\/#primaryimage","url":"https:\/\/zoo-land.az\/wp-content\/uploads\/2024\/06\/209683_pho_pro_clip_31772-2.jpg","contentUrl":"https:\/\/zoo-land.az\/wp-content\/uploads\/2024\/06\/209683_pho_pro_clip_31772-2.jpg","width":528,"height":1000},{"@type":"BreadcrumbList","@id":"https:\/\/zoo-land.az\/shop\/dog\/treats\/trixie-lamb-stripes-dog-treats-100-g\/#breadcrumb","itemListElement":[{"@type":"ListItem","position":1,"name":"Home","item":"https:\/\/zoo-land.az\/ru\/"},{"@type":"ListItem","position":2,"name":"Shop","item":"https:\/\/zoo-land.az\/ru\/"},{"@type":"ListItem","position":3,"name":"Trixie Lamb Stripes Dog Treats 100 g"}]},{"@type":"WebSite","@id":"https:\/\/zoo-land.az\/#website","url":"https:\/\/zoo-land.az\/","name":"Zooland.az","description":"Xo\u015fb\u0259xt ev heyvanlar\u0131n\u0131n \u00fcnvan\u0131 Zooland.az","publisher":{"@id":"https:\/\/zoo-land.az\/#organization"},"potentialAction":[{"@type":"SearchAction","target":{"@type":"EntryPoint","urlTemplate":"https:\/\/zoo-land.az\/?s={search_term_string}"},"query-input":{"@type":"PropertyValueSpecification","valueRequired":true,"valueName":"search_term_string"}}],"inLanguage":"az"},{"@type":"Organization","@id":"https:\/\/zoo-land.az\/#organization","name":"Zooland.az","url":"https:\/\/zoo-land.az\/","logo":{"@type":"ImageObject","inLanguage":"az","@id":"https:\/\/zoo-land.az\/#\/schema\/logo\/image\/","url":"https:\/\/zoo-land.az\/wp-content\/uploads\/2022\/05\/logo.svg","contentUrl":"https:\/\/zoo-land.az\/wp-content\/uploads\/2022\/05\/logo.svg","width":113,"height":46,"caption":"Zooland.az"},"image":{"@id":"https:\/\/zoo-land.az\/#\/schema\/logo\/image\/"}}]}},"_links":{"self":[{"href":"https:\/\/zoo-land.az\/az\/wp-json\/wp\/v2\/product\/22906","targetHints":{"allow":["GET"]}}],"collection":[{"href":"https:\/\/zoo-land.az\/az\/wp-json\/wp\/v2\/product"}],"about":[{"href":"https:\/\/zoo-land.az\/az\/wp-json\/wp\/v2\/types\/product"}],"wp:featuredmedia":[{"embeddable":true,"href":"https:\/\/zoo-land.az\/az\/wp-json\/wp\/v2\/media\/22907"}],"wp:attachment":[{"href":"https:\/\/zoo-land.az\/az\/wp-json\/wp\/v2\/media?parent=22906"}],"wp:term":[{"taxonomy":"product_cat","embeddable":true,"href":"https:\/\/zoo-land.az\/az\/wp-json\/wp\/v2\/product_cat?post=22906"},{"taxonomy":"product_tag","embeddable":true,"href":"https:\/\/zoo-land.az\/az\/wp-json\/wp\/v2\/product_tag?post=22906"}],"curies":[{"name":"wp","href":"https:\/\/api.w.org\/{rel}","templated":true}]}}