{"id":22928,"date":"2024-06-06T19:25:13","date_gmt":"2024-06-06T19:25:13","guid":{"rendered":"https:\/\/lightsteelblue-zebra-299715.hostingersite.com\/?post_type=product&#038;p=22928"},"modified":"2024-06-06T19:25:30","modified_gmt":"2024-06-06T19:25:30","slug":"trixie-harness-xs-s","status":"publish","type":"product","link":"https:\/\/zoo-land.az\/az\/shop\/dog\/dog-accesories\/dog-hairsavers\/trixie-harness-xs-s\/","title":{"rendered":"Trixie Harness XS-S"},"content":{"rendered":"<p>Nylon\/breathable material with soft padding.<\/p>\n<p>The harness is smoothly adjustable around the abdomen.<\/p>\n<p>To determine the size of the harness, measure the dog&#8217;s chest circumference at the widest point.<\/p>","protected":false},"excerpt":{"rendered":"<p>Nylon\/breathable material with soft padding.<\/p>\n<p>The harness is smoothly adjustable around the abdomen.<\/p>\n<p>To determine the size of the harness, measure the dog&#8217;s chest circumference at the widest point.<\/p>","protected":false},"featured_media":22932,"template":"","meta":{"inline_featured_image":false,"_joinchat":[]},"product_cat":[163,107],"product_tag":[],"class_list":{"0":"post-22928","1":"product","2":"type-product","3":"status-publish","4":"has-post-thumbnail","6":"product_brand-trixie","7":"product_cat-dog-hairsavers","8":"product_cat-dog","10":"first","11":"instock","12":"shipping-taxable","13":"purchasable","14":"product-type-simple"},"yoast_head":"<!-- This site is optimized with the Yoast SEO plugin v27.4 - https:\/\/yoast.com\/product\/yoast-seo-wordpress\/ -->\n<title>Trixie Harness XS-S - Zooland.az<\/title>\n<meta name=\"robots\" content=\"index, follow, max-snippet:-1, max-image-preview:large, max-video-preview:-1\" \/>\n<link rel=\"canonical\" href=\"https:\/\/zoo-land.az\/az\/shop\/dog\/dog-accesories\/dog-hairsavers\/trixie-harness-xs-s\/\" \/>\n<meta property=\"og:locale\" content=\"az_AZ\" \/>\n<meta property=\"og:type\" content=\"article\" \/>\n<meta property=\"og:title\" content=\"Trixie Harness XS-S - Zooland.az\" \/>\n<meta property=\"og:description\" content=\"Nylon\/breathable material with soft padding.  The harness is smoothly adjustable around the abdomen.  To determine the size of the harness, measure the dog&#039;s chest circumference at the widest point.\" \/>\n<meta property=\"og:url\" content=\"https:\/\/zoo-land.az\/az\/shop\/dog\/dog-accesories\/dog-hairsavers\/trixie-harness-xs-s\/\" \/>\n<meta property=\"og:site_name\" content=\"Zooland.az\" \/>\n<meta property=\"article:modified_time\" content=\"2024-06-06T19:25:30+00:00\" \/>\n<meta property=\"og:image\" content=\"https:\/\/zoo-land.az\/wp-content\/uploads\/2024\/06\/PHO_PRO_CLIP_ComfortSoft-16241-16281-1_SALL_AWK_V1.jpg\" \/>\n\t<meta property=\"og:image:width\" content=\"2000\" \/>\n\t<meta property=\"og:image:height\" content=\"1782\" \/>\n\t<meta property=\"og:image:type\" content=\"image\/jpeg\" \/>\n<meta name=\"twitter:card\" content=\"summary_large_image\" \/>\n<script type=\"application\/ld+json\" class=\"yoast-schema-graph\">{\"@context\":\"https:\\\/\\\/schema.org\",\"@graph\":[{\"@type\":\"WebPage\",\"@id\":\"https:\\\/\\\/zoo-land.az\\\/ru\\\/shop\\\/dog\\\/dog-accesories\\\/dog-hairsavers\\\/trixie-harness-xs-s\\\/\",\"url\":\"https:\\\/\\\/zoo-land.az\\\/ru\\\/shop\\\/dog\\\/dog-accesories\\\/dog-hairsavers\\\/trixie-harness-xs-s\\\/\",\"name\":\"Trixie Harness XS-S - Zooland.az\",\"isPartOf\":{\"@id\":\"https:\\\/\\\/zoo-land.az\\\/ru\\\/#website\"},\"primaryImageOfPage\":{\"@id\":\"https:\\\/\\\/zoo-land.az\\\/ru\\\/shop\\\/dog\\\/dog-accesories\\\/dog-hairsavers\\\/trixie-harness-xs-s\\\/#primaryimage\"},\"image\":{\"@id\":\"https:\\\/\\\/zoo-land.az\\\/ru\\\/shop\\\/dog\\\/dog-accesories\\\/dog-hairsavers\\\/trixie-harness-xs-s\\\/#primaryimage\"},\"thumbnailUrl\":\"https:\\\/\\\/zoo-land.az\\\/wp-content\\\/uploads\\\/2024\\\/06\\\/PHO_PRO_CLIP_ComfortSoft-16241-16281-1_SALL_AWK_V1.jpg\",\"datePublished\":\"2024-06-06T19:25:13+00:00\",\"dateModified\":\"2024-06-06T19:25:30+00:00\",\"breadcrumb\":{\"@id\":\"https:\\\/\\\/zoo-land.az\\\/ru\\\/shop\\\/dog\\\/dog-accesories\\\/dog-hairsavers\\\/trixie-harness-xs-s\\\/#breadcrumb\"},\"inLanguage\":\"az\",\"potentialAction\":[{\"@type\":\"ReadAction\",\"target\":[\"https:\\\/\\\/zoo-land.az\\\/ru\\\/shop\\\/dog\\\/dog-accesories\\\/dog-hairsavers\\\/trixie-harness-xs-s\\\/\"]}]},{\"@type\":\"ImageObject\",\"inLanguage\":\"az\",\"@id\":\"https:\\\/\\\/zoo-land.az\\\/ru\\\/shop\\\/dog\\\/dog-accesories\\\/dog-hairsavers\\\/trixie-harness-xs-s\\\/#primaryimage\",\"url\":\"https:\\\/\\\/zoo-land.az\\\/wp-content\\\/uploads\\\/2024\\\/06\\\/PHO_PRO_CLIP_ComfortSoft-16241-16281-1_SALL_AWK_V1.jpg\",\"contentUrl\":\"https:\\\/\\\/zoo-land.az\\\/wp-content\\\/uploads\\\/2024\\\/06\\\/PHO_PRO_CLIP_ComfortSoft-16241-16281-1_SALL_AWK_V1.jpg\",\"width\":2000,\"height\":1782},{\"@type\":\"BreadcrumbList\",\"@id\":\"https:\\\/\\\/zoo-land.az\\\/ru\\\/shop\\\/dog\\\/dog-accesories\\\/dog-hairsavers\\\/trixie-harness-xs-s\\\/#breadcrumb\",\"itemListElement\":[{\"@type\":\"ListItem\",\"position\":1,\"name\":\"Home\",\"item\":\"https:\\\/\\\/zoo-land.az\\\/ru\\\/\"},{\"@type\":\"ListItem\",\"position\":2,\"name\":\"Shop\",\"item\":\"https:\\\/\\\/zoo-land.az\\\/ru\\\/\"},{\"@type\":\"ListItem\",\"position\":3,\"name\":\"Trixie Harness XS-S\"}]},{\"@type\":\"WebSite\",\"@id\":\"https:\\\/\\\/zoo-land.az\\\/ru\\\/#website\",\"url\":\"https:\\\/\\\/zoo-land.az\\\/ru\\\/\",\"name\":\"Zooland.az\",\"description\":\"Xo\u015fb\u0259xt ev heyvanlar\u0131n\u0131n \u00fcnvan\u0131 Zooland.az\",\"publisher\":{\"@id\":\"https:\\\/\\\/zoo-land.az\\\/ru\\\/#organization\"},\"potentialAction\":[{\"@type\":\"SearchAction\",\"target\":{\"@type\":\"EntryPoint\",\"urlTemplate\":\"https:\\\/\\\/zoo-land.az\\\/ru\\\/?s={search_term_string}\"},\"query-input\":{\"@type\":\"PropertyValueSpecification\",\"valueRequired\":true,\"valueName\":\"search_term_string\"}}],\"inLanguage\":\"az\"},{\"@type\":\"Organization\",\"@id\":\"https:\\\/\\\/zoo-land.az\\\/ru\\\/#organization\",\"name\":\"Zooland.az\",\"url\":\"https:\\\/\\\/zoo-land.az\\\/ru\\\/\",\"logo\":{\"@type\":\"ImageObject\",\"inLanguage\":\"az\",\"@id\":\"https:\\\/\\\/zoo-land.az\\\/ru\\\/#\\\/schema\\\/logo\\\/image\\\/\",\"url\":\"https:\\\/\\\/zoo-land.az\\\/wp-content\\\/uploads\\\/2022\\\/05\\\/logo.svg\",\"contentUrl\":\"https:\\\/\\\/zoo-land.az\\\/wp-content\\\/uploads\\\/2022\\\/05\\\/logo.svg\",\"width\":113,\"height\":46,\"caption\":\"Zooland.az\"},\"image\":{\"@id\":\"https:\\\/\\\/zoo-land.az\\\/ru\\\/#\\\/schema\\\/logo\\\/image\\\/\"}}]}<\/script>\n<!-- \/ Yoast SEO plugin. -->","yoast_head_json":{"title":"Trixie Harness XS-S - Zooland.az","robots":{"index":"index","follow":"follow","max-snippet":"max-snippet:-1","max-image-preview":"max-image-preview:large","max-video-preview":"max-video-preview:-1"},"canonical":"https:\/\/zoo-land.az\/az\/shop\/dog\/dog-accesories\/dog-hairsavers\/trixie-harness-xs-s\/","og_locale":"az_AZ","og_type":"article","og_title":"Trixie Harness XS-S - Zooland.az","og_description":"Nylon\/breathable material with soft padding.  The harness is smoothly adjustable around the abdomen.  To determine the size of the harness, measure the dog's chest circumference at the widest point.","og_url":"https:\/\/zoo-land.az\/az\/shop\/dog\/dog-accesories\/dog-hairsavers\/trixie-harness-xs-s\/","og_site_name":"Zooland.az","article_modified_time":"2024-06-06T19:25:30+00:00","og_image":[{"width":2000,"height":1782,"url":"https:\/\/zoo-land.az\/wp-content\/uploads\/2024\/06\/PHO_PRO_CLIP_ComfortSoft-16241-16281-1_SALL_AWK_V1.jpg","type":"image\/jpeg"}],"twitter_card":"summary_large_image","schema":{"@context":"https:\/\/schema.org","@graph":[{"@type":"WebPage","@id":"https:\/\/zoo-land.az\/ru\/shop\/dog\/dog-accesories\/dog-hairsavers\/trixie-harness-xs-s\/","url":"https:\/\/zoo-land.az\/ru\/shop\/dog\/dog-accesories\/dog-hairsavers\/trixie-harness-xs-s\/","name":"Trixie Harness XS-S - Zooland.az","isPartOf":{"@id":"https:\/\/zoo-land.az\/ru\/#website"},"primaryImageOfPage":{"@id":"https:\/\/zoo-land.az\/ru\/shop\/dog\/dog-accesories\/dog-hairsavers\/trixie-harness-xs-s\/#primaryimage"},"image":{"@id":"https:\/\/zoo-land.az\/ru\/shop\/dog\/dog-accesories\/dog-hairsavers\/trixie-harness-xs-s\/#primaryimage"},"thumbnailUrl":"https:\/\/zoo-land.az\/wp-content\/uploads\/2024\/06\/PHO_PRO_CLIP_ComfortSoft-16241-16281-1_SALL_AWK_V1.jpg","datePublished":"2024-06-06T19:25:13+00:00","dateModified":"2024-06-06T19:25:30+00:00","breadcrumb":{"@id":"https:\/\/zoo-land.az\/ru\/shop\/dog\/dog-accesories\/dog-hairsavers\/trixie-harness-xs-s\/#breadcrumb"},"inLanguage":"az","potentialAction":[{"@type":"ReadAction","target":["https:\/\/zoo-land.az\/ru\/shop\/dog\/dog-accesories\/dog-hairsavers\/trixie-harness-xs-s\/"]}]},{"@type":"ImageObject","inLanguage":"az","@id":"https:\/\/zoo-land.az\/ru\/shop\/dog\/dog-accesories\/dog-hairsavers\/trixie-harness-xs-s\/#primaryimage","url":"https:\/\/zoo-land.az\/wp-content\/uploads\/2024\/06\/PHO_PRO_CLIP_ComfortSoft-16241-16281-1_SALL_AWK_V1.jpg","contentUrl":"https:\/\/zoo-land.az\/wp-content\/uploads\/2024\/06\/PHO_PRO_CLIP_ComfortSoft-16241-16281-1_SALL_AWK_V1.jpg","width":2000,"height":1782},{"@type":"BreadcrumbList","@id":"https:\/\/zoo-land.az\/ru\/shop\/dog\/dog-accesories\/dog-hairsavers\/trixie-harness-xs-s\/#breadcrumb","itemListElement":[{"@type":"ListItem","position":1,"name":"Home","item":"https:\/\/zoo-land.az\/ru\/"},{"@type":"ListItem","position":2,"name":"Shop","item":"https:\/\/zoo-land.az\/ru\/"},{"@type":"ListItem","position":3,"name":"Trixie Harness XS-S"}]},{"@type":"WebSite","@id":"https:\/\/zoo-land.az\/ru\/#website","url":"https:\/\/zoo-land.az\/ru\/","name":"Zooland.az","description":"Xo\u015fb\u0259xt ev heyvanlar\u0131n\u0131n \u00fcnvan\u0131 Zooland.az","publisher":{"@id":"https:\/\/zoo-land.az\/ru\/#organization"},"potentialAction":[{"@type":"SearchAction","target":{"@type":"EntryPoint","urlTemplate":"https:\/\/zoo-land.az\/ru\/?s={search_term_string}"},"query-input":{"@type":"PropertyValueSpecification","valueRequired":true,"valueName":"search_term_string"}}],"inLanguage":"az"},{"@type":"Organization","@id":"https:\/\/zoo-land.az\/ru\/#organization","name":"Zooland.az","url":"https:\/\/zoo-land.az\/ru\/","logo":{"@type":"ImageObject","inLanguage":"az","@id":"https:\/\/zoo-land.az\/ru\/#\/schema\/logo\/image\/","url":"https:\/\/zoo-land.az\/wp-content\/uploads\/2022\/05\/logo.svg","contentUrl":"https:\/\/zoo-land.az\/wp-content\/uploads\/2022\/05\/logo.svg","width":113,"height":46,"caption":"Zooland.az"},"image":{"@id":"https:\/\/zoo-land.az\/ru\/#\/schema\/logo\/image\/"}}]}},"_links":{"self":[{"href":"https:\/\/zoo-land.az\/az\/wp-json\/wp\/v2\/product\/22928","targetHints":{"allow":["GET"]}}],"collection":[{"href":"https:\/\/zoo-land.az\/az\/wp-json\/wp\/v2\/product"}],"about":[{"href":"https:\/\/zoo-land.az\/az\/wp-json\/wp\/v2\/types\/product"}],"wp:featuredmedia":[{"embeddable":true,"href":"https:\/\/zoo-land.az\/az\/wp-json\/wp\/v2\/media\/22932"}],"wp:attachment":[{"href":"https:\/\/zoo-land.az\/az\/wp-json\/wp\/v2\/media?parent=22928"}],"wp:term":[{"taxonomy":"product_cat","embeddable":true,"href":"https:\/\/zoo-land.az\/az\/wp-json\/wp\/v2\/product_cat?post=22928"},{"taxonomy":"product_tag","embeddable":true,"href":"https:\/\/zoo-land.az\/az\/wp-json\/wp\/v2\/product_tag?post=22928"}],"curies":[{"name":"wp","href":"https:\/\/api.w.org\/{rel}","templated":true}]}}