{"id":22940,"date":"2024-06-07T10:46:20","date_gmt":"2024-06-07T10:46:20","guid":{"rendered":"https:\/\/lightsteelblue-zebra-299715.hostingersite.com\/?post_type=product&#038;p=22940"},"modified":"2024-06-07T10:46:20","modified_gmt":"2024-06-07T10:46:20","slug":"np-junior-lamb-2-18-month-all-breeds-7-5-kg","status":"publish","type":"product","link":"https:\/\/zoo-land.az\/az\/shop\/dog\/dog-food\/np-junior-lamb-2-18-month-all-breeds-7-5-kg\/","title":{"rendered":"NP Junior Lamb 2-18 month All breeds 7.5 kg"},"content":{"rendered":"<div class=\"flex flex-grow flex-col max-w-full\">\n<div class=\"min-h-[20px] text-message flex flex-col items-start whitespace-pre-wrap break-words [.text-message+&amp;]:mt-5 juice:w-full juice:items-end overflow-x-auto gap-2\" dir=\"auto\" data-message-author-role=\"assistant\" data-message-id=\"d13daaac-5d6f-4e7c-9175-5953e478712a\">\n<div class=\"flex w-full flex-col gap-1 juice:empty:hidden juice:first:pt-[3px]\">\n<div class=\"markdown prose w-full break-words dark:prose-invert dark\">\n<p><strong>Complete Nutrition with Lamb Meat as the Main Source of Highly Digestible Proteins, Resulting in Small and Firm Stools. Joint Protection: Super-Premium Food Supplemented with Chondroitin and Glucosamine Helps Maintain Healthy Joints and Proper Mobility.<\/strong><\/p>\n<p>The food contains all the important elements necessary for your beloved dog for safe and optimal growth. Crunchy kibble pieces, supplemented with calcium, can help reduce tartar buildup and maintain healthy teeth and gums.<\/p>\n<\/div>\n<\/div>\n<\/div>\n<\/div>","protected":false},"excerpt":{"rendered":"<div class=\"flex flex-grow flex-col max-w-full\">\n<div class=\"min-h-[20px] text-message flex flex-col items-start whitespace-pre-wrap break-words [.text-message+&amp;]:mt-5 juice:w-full juice:items-end overflow-x-auto gap-2\" dir=\"auto\" data-message-author-role=\"assistant\" data-message-id=\"d13daaac-5d6f-4e7c-9175-5953e478712a\">\n<div class=\"flex w-full flex-col gap-1 juice:empty:hidden juice:first:pt-[3px]\">\n<div class=\"markdown prose w-full break-words dark:prose-invert dark\">\n<p><strong>Complete Nutrition with Lamb Meat as the Main Source of Highly Digestible Proteins, Resulting in Small and Firm Stools. Joint Protection: Super-Premium Food Supplemented with Chondroitin and Glucosamine Helps Maintain Healthy Joints and Proper Mobility.<\/strong><\/p>\n<p>The food contains all the important elements necessary for your beloved dog for safe and optimal growth. Crunchy kibble pieces, supplemented with calcium, can help reduce tartar buildup and maintain healthy teeth and gums.<\/p>\n<\/div>\n<\/div>\n<\/div>\n<\/div>","protected":false},"featured_media":22942,"template":"","meta":{"inline_featured_image":false,"_joinchat":[]},"product_cat":[132,107],"product_tag":[],"class_list":{"0":"post-22940","1":"product","2":"type-product","3":"status-publish","4":"has-post-thumbnail","6":"product_brand-natures-protection","7":"product_cat-dog-food","8":"product_cat-dog","10":"first","11":"instock","12":"shipping-taxable","13":"purchasable","14":"product-type-simple"},"yoast_head":"<!-- This site is optimized with the Yoast SEO plugin v26.7 - https:\/\/yoast.com\/wordpress\/plugins\/seo\/ -->\n<title>NP Junior Lamb 2-18 month All breeds 7.5 kg - Zooland.az<\/title>\n<meta name=\"robots\" content=\"index, follow, max-snippet:-1, max-image-preview:large, max-video-preview:-1\" \/>\n<link rel=\"canonical\" href=\"https:\/\/zoo-land.az\/az\/shop\/dog\/dog-food\/np-junior-lamb-2-18-month-all-breeds-7-5-kg\/\" \/>\n<meta property=\"og:locale\" content=\"az_AZ\" \/>\n<meta property=\"og:type\" content=\"article\" \/>\n<meta property=\"og:title\" content=\"NP Junior Lamb 2-18 month All breeds 7.5 kg - Zooland.az\" \/>\n<meta property=\"og:description\" content=\"Complete Nutrition with Lamb Meat as the Main Source of Highly Digestible Proteins, Resulting in Small and Firm Stools. Joint Protection: Super-Premium Food Supplemented with Chondroitin and Glucosamine Helps Maintain Healthy Joints and Proper Mobility.  The food contains all the important elements necessary for your beloved dog for safe and optimal growth. Crunchy kibble pieces, supplemented with calcium, can help reduce tartar buildup and maintain healthy teeth and gums.\" \/>\n<meta property=\"og:url\" content=\"https:\/\/zoo-land.az\/az\/shop\/dog\/dog-food\/np-junior-lamb-2-18-month-all-breeds-7-5-kg\/\" \/>\n<meta property=\"og:site_name\" content=\"Zooland.az\" \/>\n<meta property=\"og:image\" content=\"https:\/\/zoo-land.az\/wp-content\/uploads\/2024\/06\/446648-58a9dc5367d09edcdb1c6d8154d3aff5.jpg\" \/>\n\t<meta property=\"og:image:width\" content=\"840\" \/>\n\t<meta property=\"og:image:height\" content=\"1422\" \/>\n\t<meta property=\"og:image:type\" content=\"image\/jpeg\" \/>\n<meta name=\"twitter:card\" content=\"summary_large_image\" \/>\n<script type=\"application\/ld+json\" class=\"yoast-schema-graph\">{\"@context\":\"https:\/\/schema.org\",\"@graph\":[{\"@type\":\"WebPage\",\"@id\":\"https:\/\/zoo-land.az\/shop\/dog\/dog-food\/np-junior-lamb-2-18-month-all-breeds-7-5-kg\/\",\"url\":\"https:\/\/zoo-land.az\/shop\/dog\/dog-food\/np-junior-lamb-2-18-month-all-breeds-7-5-kg\/\",\"name\":\"NP Junior Lamb 2-18 month All breeds 7.5 kg - Zooland.az\",\"isPartOf\":{\"@id\":\"https:\/\/zoo-land.az\/#website\"},\"primaryImageOfPage\":{\"@id\":\"https:\/\/zoo-land.az\/shop\/dog\/dog-food\/np-junior-lamb-2-18-month-all-breeds-7-5-kg\/#primaryimage\"},\"image\":{\"@id\":\"https:\/\/zoo-land.az\/shop\/dog\/dog-food\/np-junior-lamb-2-18-month-all-breeds-7-5-kg\/#primaryimage\"},\"thumbnailUrl\":\"https:\/\/zoo-land.az\/wp-content\/uploads\/2024\/06\/446648-58a9dc5367d09edcdb1c6d8154d3aff5.jpg\",\"datePublished\":\"2024-06-07T10:46:20+00:00\",\"breadcrumb\":{\"@id\":\"https:\/\/zoo-land.az\/shop\/dog\/dog-food\/np-junior-lamb-2-18-month-all-breeds-7-5-kg\/#breadcrumb\"},\"inLanguage\":\"az\",\"potentialAction\":[{\"@type\":\"ReadAction\",\"target\":[\"https:\/\/zoo-land.az\/shop\/dog\/dog-food\/np-junior-lamb-2-18-month-all-breeds-7-5-kg\/\"]}]},{\"@type\":\"ImageObject\",\"inLanguage\":\"az\",\"@id\":\"https:\/\/zoo-land.az\/shop\/dog\/dog-food\/np-junior-lamb-2-18-month-all-breeds-7-5-kg\/#primaryimage\",\"url\":\"https:\/\/zoo-land.az\/wp-content\/uploads\/2024\/06\/446648-58a9dc5367d09edcdb1c6d8154d3aff5.jpg\",\"contentUrl\":\"https:\/\/zoo-land.az\/wp-content\/uploads\/2024\/06\/446648-58a9dc5367d09edcdb1c6d8154d3aff5.jpg\",\"width\":840,\"height\":1422},{\"@type\":\"BreadcrumbList\",\"@id\":\"https:\/\/zoo-land.az\/shop\/dog\/dog-food\/np-junior-lamb-2-18-month-all-breeds-7-5-kg\/#breadcrumb\",\"itemListElement\":[{\"@type\":\"ListItem\",\"position\":1,\"name\":\"Home\",\"item\":\"https:\/\/zoo-land.az\/ru\/\"},{\"@type\":\"ListItem\",\"position\":2,\"name\":\"Shop\",\"item\":\"https:\/\/zoo-land.az\/ru\/\"},{\"@type\":\"ListItem\",\"position\":3,\"name\":\"NP Junior Lamb 2-18 month All breeds 7.5 kg\"}]},{\"@type\":\"WebSite\",\"@id\":\"https:\/\/zoo-land.az\/#website\",\"url\":\"https:\/\/zoo-land.az\/\",\"name\":\"Zooland.az\",\"description\":\"Xo\u015fb\u0259xt ev heyvanlar\u0131n\u0131n \u00fcnvan\u0131 Zooland.az\",\"publisher\":{\"@id\":\"https:\/\/zoo-land.az\/#organization\"},\"potentialAction\":[{\"@type\":\"SearchAction\",\"target\":{\"@type\":\"EntryPoint\",\"urlTemplate\":\"https:\/\/zoo-land.az\/?s={search_term_string}\"},\"query-input\":{\"@type\":\"PropertyValueSpecification\",\"valueRequired\":true,\"valueName\":\"search_term_string\"}}],\"inLanguage\":\"az\"},{\"@type\":\"Organization\",\"@id\":\"https:\/\/zoo-land.az\/#organization\",\"name\":\"Zooland.az\",\"url\":\"https:\/\/zoo-land.az\/\",\"logo\":{\"@type\":\"ImageObject\",\"inLanguage\":\"az\",\"@id\":\"https:\/\/zoo-land.az\/#\/schema\/logo\/image\/\",\"url\":\"https:\/\/zoo-land.az\/wp-content\/uploads\/2022\/05\/logo.svg\",\"contentUrl\":\"https:\/\/zoo-land.az\/wp-content\/uploads\/2022\/05\/logo.svg\",\"width\":113,\"height\":46,\"caption\":\"Zooland.az\"},\"image\":{\"@id\":\"https:\/\/zoo-land.az\/#\/schema\/logo\/image\/\"}}]}<\/script>\n<!-- \/ Yoast SEO plugin. -->","yoast_head_json":{"title":"NP Junior Lamb 2-18 month All breeds 7.5 kg - Zooland.az","robots":{"index":"index","follow":"follow","max-snippet":"max-snippet:-1","max-image-preview":"max-image-preview:large","max-video-preview":"max-video-preview:-1"},"canonical":"https:\/\/zoo-land.az\/az\/shop\/dog\/dog-food\/np-junior-lamb-2-18-month-all-breeds-7-5-kg\/","og_locale":"az_AZ","og_type":"article","og_title":"NP Junior Lamb 2-18 month All breeds 7.5 kg - Zooland.az","og_description":"Complete Nutrition with Lamb Meat as the Main Source of Highly Digestible Proteins, Resulting in Small and Firm Stools. Joint Protection: Super-Premium Food Supplemented with Chondroitin and Glucosamine Helps Maintain Healthy Joints and Proper Mobility.  The food contains all the important elements necessary for your beloved dog for safe and optimal growth. Crunchy kibble pieces, supplemented with calcium, can help reduce tartar buildup and maintain healthy teeth and gums.","og_url":"https:\/\/zoo-land.az\/az\/shop\/dog\/dog-food\/np-junior-lamb-2-18-month-all-breeds-7-5-kg\/","og_site_name":"Zooland.az","og_image":[{"width":840,"height":1422,"url":"https:\/\/zoo-land.az\/wp-content\/uploads\/2024\/06\/446648-58a9dc5367d09edcdb1c6d8154d3aff5.jpg","type":"image\/jpeg"}],"twitter_card":"summary_large_image","schema":{"@context":"https:\/\/schema.org","@graph":[{"@type":"WebPage","@id":"https:\/\/zoo-land.az\/shop\/dog\/dog-food\/np-junior-lamb-2-18-month-all-breeds-7-5-kg\/","url":"https:\/\/zoo-land.az\/shop\/dog\/dog-food\/np-junior-lamb-2-18-month-all-breeds-7-5-kg\/","name":"NP Junior Lamb 2-18 month All breeds 7.5 kg - Zooland.az","isPartOf":{"@id":"https:\/\/zoo-land.az\/#website"},"primaryImageOfPage":{"@id":"https:\/\/zoo-land.az\/shop\/dog\/dog-food\/np-junior-lamb-2-18-month-all-breeds-7-5-kg\/#primaryimage"},"image":{"@id":"https:\/\/zoo-land.az\/shop\/dog\/dog-food\/np-junior-lamb-2-18-month-all-breeds-7-5-kg\/#primaryimage"},"thumbnailUrl":"https:\/\/zoo-land.az\/wp-content\/uploads\/2024\/06\/446648-58a9dc5367d09edcdb1c6d8154d3aff5.jpg","datePublished":"2024-06-07T10:46:20+00:00","breadcrumb":{"@id":"https:\/\/zoo-land.az\/shop\/dog\/dog-food\/np-junior-lamb-2-18-month-all-breeds-7-5-kg\/#breadcrumb"},"inLanguage":"az","potentialAction":[{"@type":"ReadAction","target":["https:\/\/zoo-land.az\/shop\/dog\/dog-food\/np-junior-lamb-2-18-month-all-breeds-7-5-kg\/"]}]},{"@type":"ImageObject","inLanguage":"az","@id":"https:\/\/zoo-land.az\/shop\/dog\/dog-food\/np-junior-lamb-2-18-month-all-breeds-7-5-kg\/#primaryimage","url":"https:\/\/zoo-land.az\/wp-content\/uploads\/2024\/06\/446648-58a9dc5367d09edcdb1c6d8154d3aff5.jpg","contentUrl":"https:\/\/zoo-land.az\/wp-content\/uploads\/2024\/06\/446648-58a9dc5367d09edcdb1c6d8154d3aff5.jpg","width":840,"height":1422},{"@type":"BreadcrumbList","@id":"https:\/\/zoo-land.az\/shop\/dog\/dog-food\/np-junior-lamb-2-18-month-all-breeds-7-5-kg\/#breadcrumb","itemListElement":[{"@type":"ListItem","position":1,"name":"Home","item":"https:\/\/zoo-land.az\/ru\/"},{"@type":"ListItem","position":2,"name":"Shop","item":"https:\/\/zoo-land.az\/ru\/"},{"@type":"ListItem","position":3,"name":"NP Junior Lamb 2-18 month All breeds 7.5 kg"}]},{"@type":"WebSite","@id":"https:\/\/zoo-land.az\/#website","url":"https:\/\/zoo-land.az\/","name":"Zooland.az","description":"Xo\u015fb\u0259xt ev heyvanlar\u0131n\u0131n \u00fcnvan\u0131 Zooland.az","publisher":{"@id":"https:\/\/zoo-land.az\/#organization"},"potentialAction":[{"@type":"SearchAction","target":{"@type":"EntryPoint","urlTemplate":"https:\/\/zoo-land.az\/?s={search_term_string}"},"query-input":{"@type":"PropertyValueSpecification","valueRequired":true,"valueName":"search_term_string"}}],"inLanguage":"az"},{"@type":"Organization","@id":"https:\/\/zoo-land.az\/#organization","name":"Zooland.az","url":"https:\/\/zoo-land.az\/","logo":{"@type":"ImageObject","inLanguage":"az","@id":"https:\/\/zoo-land.az\/#\/schema\/logo\/image\/","url":"https:\/\/zoo-land.az\/wp-content\/uploads\/2022\/05\/logo.svg","contentUrl":"https:\/\/zoo-land.az\/wp-content\/uploads\/2022\/05\/logo.svg","width":113,"height":46,"caption":"Zooland.az"},"image":{"@id":"https:\/\/zoo-land.az\/#\/schema\/logo\/image\/"}}]}},"_links":{"self":[{"href":"https:\/\/zoo-land.az\/az\/wp-json\/wp\/v2\/product\/22940","targetHints":{"allow":["GET"]}}],"collection":[{"href":"https:\/\/zoo-land.az\/az\/wp-json\/wp\/v2\/product"}],"about":[{"href":"https:\/\/zoo-land.az\/az\/wp-json\/wp\/v2\/types\/product"}],"wp:featuredmedia":[{"embeddable":true,"href":"https:\/\/zoo-land.az\/az\/wp-json\/wp\/v2\/media\/22942"}],"wp:attachment":[{"href":"https:\/\/zoo-land.az\/az\/wp-json\/wp\/v2\/media?parent=22940"}],"wp:term":[{"taxonomy":"product_cat","embeddable":true,"href":"https:\/\/zoo-land.az\/az\/wp-json\/wp\/v2\/product_cat?post=22940"},{"taxonomy":"product_tag","embeddable":true,"href":"https:\/\/zoo-land.az\/az\/wp-json\/wp\/v2\/product_tag?post=22940"}],"curies":[{"name":"wp","href":"https:\/\/api.w.org\/{rel}","templated":true}]}}