{"id":22954,"date":"2024-06-07T11:12:35","date_gmt":"2024-06-07T11:12:35","guid":{"rendered":"https:\/\/lightsteelblue-zebra-299715.hostingersite.com\/?post_type=product&#038;p=22954"},"modified":"2024-06-07T11:12:36","modified_gmt":"2024-06-07T11:12:36","slug":"np-indoor-poultry-7-kg","status":"publish","type":"product","link":"https:\/\/zoo-land.az\/az\/shop\/cat\/cat-foods\/np-indoor-poultry-7-kg\/","title":{"rendered":"NP Daxili Qu\u015f \u0259ti 7 kq"},"content":{"rendered":"<p><strong>Nature&#8217;s Protection Indoor Poultry<\/strong><\/p>\n<p><strong>COMPLETE DRY FOOD WITH POULTRY FOR ADULT CATS LIVING EXCLUSIVELY INDOORS<\/strong><\/p>\n<p>From 1 year of age.<\/p>\n<ul>\n<li>Food for indoor cats and those going outside irregularly.<\/li>\n<li>Helps indoor cats maintain health and a good figure despite reduced energy expenditure.<\/li>\n<li>Balanced mineral levels support kidney function and prevent stone formation.<\/li>\n<li>Reduced calorie content combined with L-carnitine helps avoid overweight and obesity.<\/li>\n<li>High-quality protein sources maintain muscle mass.<\/li>\n<li>Carefully selected sources of carbohydrates and fiber help prevent hairballs, a common issue for indoor cats.<\/li>\n<li>Exceptionally tasty and highly digestible food.<\/li>\n<\/ul>\n<p><strong>T\u0259rkibi:<\/strong> poultry meat 39% (dried and finely ground), rice, corn, corn gluten, poultry fat, beet pulp, cellulose, brewer&#8217;s yeast, fish meal, dynamically micronized clinoptilolite (1%), powdered eggs, chicory extract, mannan-oligosaccharides (MOS), yucca extract, marigold meal.<\/p>\n<p><strong>Additives per kg:<\/strong> dietary additives: vitamin A (3a672a) \u2013 20,000 IU, vitamin D3 (3a671) \u2013 1,500 IU, vitamin E (3a700) \u2013 550 mg, iron(II) sulfate monohydrate (3b103) \u2013 50 mg, anhydrous calcium iodate (3b202) \u2013 1.5 mg, copper(II) sulfate pentahydrate (3b405) \u2013 5 mg, manganese(II) sulfate monohydrate (3b503) \u2013 20 mg, zinc sulfate monohydrate (3b605) \u2013 115 mg, sodium selenite (E8) \u2013 0.1 mg, taurine (3a370) \u2013 1,000 mg, L-carnitine (3a910) \u2013 50 mg.<\/p>\n<p><strong>Technological additives:<\/strong> rosemary extract, tocopherol extracts from vegetable oils (1b306(i)).<\/p>\n<p><strong>Analitik komponentl\u0259r:<\/strong> crude protein \u2013 29%, crude oils and fats \u2013 12%, crude ash \u2013 6.5%, crude fiber \u2013 4%, calcium \u2013 1%, phosphorus \u2013 0.85%, potassium \u2013 0.7%, sodium \u2013 0.5%, magnesium \u2013 0.04%, omega-3 fatty acids \u2013 0.13%, omega-6 fatty acids \u2013 1.92%.<\/p>","protected":false},"excerpt":{"rendered":"<p><strong>Nature&#8217;s Protection Indoor Poultry<\/strong><\/p>\n<p><strong>COMPLETE DRY FOOD WITH POULTRY FOR ADULT CATS LIVING EXCLUSIVELY INDOORS<\/strong><\/p>\n<p>From 1 year of age.<\/p>\n<ul>\n<li>Food for indoor cats and those going outside irregularly.<\/li>\n<li>Helps indoor cats maintain health and a good figure despite reduced energy expenditure.<\/li>\n<li>Balanced mineral levels support kidney function and prevent stone formation.<\/li>\n<li>Reduced calorie content combined with L-carnitine helps avoid overweight and obesity.<\/li>\n<li>High-quality protein sources maintain muscle mass.<\/li>\n<li>Carefully selected sources of carbohydrates and fiber help prevent hairballs, a common issue for indoor cats.<\/li>\n<li>Exceptionally tasty and highly digestible food.<\/li>\n<\/ul>","protected":false},"featured_media":22955,"template":"","meta":{"inline_featured_image":false,"_joinchat":[]},"product_cat":[189,188],"product_tag":[],"class_list":{"0":"post-22954","1":"product","2":"type-product","3":"status-publish","4":"has-post-thumbnail","6":"product_brand-natures-protection","7":"product_cat-cat-foods","8":"product_cat-cat","10":"first","11":"instock","12":"shipping-taxable","13":"purchasable","14":"product-type-simple"},"yoast_head":"<!-- This site is optimized with the Yoast SEO plugin v26.7 - https:\/\/yoast.com\/wordpress\/plugins\/seo\/ -->\n<title>NP Indoor Poultry 7 kg - Zooland.az<\/title>\n<meta name=\"robots\" content=\"index, follow, max-snippet:-1, max-image-preview:large, max-video-preview:-1\" \/>\n<link rel=\"canonical\" href=\"https:\/\/zoo-land.az\/az\/shop\/cat\/cat-foods\/np-indoor-poultry-7-kg\/\" \/>\n<meta property=\"og:locale\" content=\"az_AZ\" \/>\n<meta property=\"og:type\" content=\"article\" \/>\n<meta property=\"og:title\" content=\"NP Indoor Poultry 7 kg - Zooland.az\" \/>\n<meta property=\"og:description\" content=\"Nature&#039;s Protection Indoor Poultry  COMPLETE DRY FOOD WITH POULTRY FOR ADULT CATS LIVING EXCLUSIVELY INDOORS  From 1 year of age.   Food for indoor cats and those going outside irregularly.  Helps indoor cats maintain health and a good figure despite reduced energy expenditure.  Balanced mineral levels support kidney function and prevent stone formation.  Reduced calorie content combined with L-carnitine helps avoid overweight and obesity.  High-quality protein sources maintain muscle mass.  Carefully selected sources of carbohydrates and fiber help prevent hairballs, a common issue for indoor cats.  Exceptionally tasty and highly digestible food.\" \/>\n<meta property=\"og:url\" content=\"https:\/\/zoo-land.az\/az\/shop\/cat\/cat-foods\/np-indoor-poultry-7-kg\/\" \/>\n<meta property=\"og:site_name\" content=\"Zooland.az\" \/>\n<meta property=\"article:modified_time\" content=\"2024-06-07T11:12:36+00:00\" \/>\n<meta property=\"og:image\" content=\"https:\/\/zoo-land.az\/wp-content\/uploads\/2024\/06\/natures-protection-maistas-namuose-gyvenancioms-suaugusioms-katems_reference.jpg\" \/>\n\t<meta property=\"og:image:width\" content=\"633\" \/>\n\t<meta property=\"og:image:height\" content=\"1024\" \/>\n\t<meta property=\"og:image:type\" content=\"image\/jpeg\" \/>\n<meta name=\"twitter:card\" content=\"summary_large_image\" \/>\n<meta name=\"twitter:label1\" content=\"Est. reading time\" \/>\n\t<meta name=\"twitter:data1\" content=\"1 minute\" \/>\n<script type=\"application\/ld+json\" class=\"yoast-schema-graph\">{\"@context\":\"https:\/\/schema.org\",\"@graph\":[{\"@type\":\"WebPage\",\"@id\":\"https:\/\/zoo-land.az\/shop\/cat\/cat-foods\/np-indoor-poultry-7-kg\/\",\"url\":\"https:\/\/zoo-land.az\/shop\/cat\/cat-foods\/np-indoor-poultry-7-kg\/\",\"name\":\"NP Indoor Poultry 7 kg - Zooland.az\",\"isPartOf\":{\"@id\":\"https:\/\/zoo-land.az\/#website\"},\"primaryImageOfPage\":{\"@id\":\"https:\/\/zoo-land.az\/shop\/cat\/cat-foods\/np-indoor-poultry-7-kg\/#primaryimage\"},\"image\":{\"@id\":\"https:\/\/zoo-land.az\/shop\/cat\/cat-foods\/np-indoor-poultry-7-kg\/#primaryimage\"},\"thumbnailUrl\":\"https:\/\/zoo-land.az\/wp-content\/uploads\/2024\/06\/natures-protection-maistas-namuose-gyvenancioms-suaugusioms-katems_reference.jpg\",\"datePublished\":\"2024-06-07T11:12:35+00:00\",\"dateModified\":\"2024-06-07T11:12:36+00:00\",\"breadcrumb\":{\"@id\":\"https:\/\/zoo-land.az\/shop\/cat\/cat-foods\/np-indoor-poultry-7-kg\/#breadcrumb\"},\"inLanguage\":\"az\",\"potentialAction\":[{\"@type\":\"ReadAction\",\"target\":[\"https:\/\/zoo-land.az\/shop\/cat\/cat-foods\/np-indoor-poultry-7-kg\/\"]}]},{\"@type\":\"ImageObject\",\"inLanguage\":\"az\",\"@id\":\"https:\/\/zoo-land.az\/shop\/cat\/cat-foods\/np-indoor-poultry-7-kg\/#primaryimage\",\"url\":\"https:\/\/zoo-land.az\/wp-content\/uploads\/2024\/06\/natures-protection-maistas-namuose-gyvenancioms-suaugusioms-katems_reference.jpg\",\"contentUrl\":\"https:\/\/zoo-land.az\/wp-content\/uploads\/2024\/06\/natures-protection-maistas-namuose-gyvenancioms-suaugusioms-katems_reference.jpg\",\"width\":633,\"height\":1024},{\"@type\":\"BreadcrumbList\",\"@id\":\"https:\/\/zoo-land.az\/shop\/cat\/cat-foods\/np-indoor-poultry-7-kg\/#breadcrumb\",\"itemListElement\":[{\"@type\":\"ListItem\",\"position\":1,\"name\":\"Home\",\"item\":\"https:\/\/zoo-land.az\/ru\/\"},{\"@type\":\"ListItem\",\"position\":2,\"name\":\"Shop\",\"item\":\"https:\/\/zoo-land.az\/ru\/\"},{\"@type\":\"ListItem\",\"position\":3,\"name\":\"NP Indoor Poultry 7 kg\"}]},{\"@type\":\"WebSite\",\"@id\":\"https:\/\/zoo-land.az\/#website\",\"url\":\"https:\/\/zoo-land.az\/\",\"name\":\"Zooland.az\",\"description\":\"Xo\u015fb\u0259xt ev heyvanlar\u0131n\u0131n \u00fcnvan\u0131 Zooland.az\",\"publisher\":{\"@id\":\"https:\/\/zoo-land.az\/#organization\"},\"potentialAction\":[{\"@type\":\"SearchAction\",\"target\":{\"@type\":\"EntryPoint\",\"urlTemplate\":\"https:\/\/zoo-land.az\/?s={search_term_string}\"},\"query-input\":{\"@type\":\"PropertyValueSpecification\",\"valueRequired\":true,\"valueName\":\"search_term_string\"}}],\"inLanguage\":\"az\"},{\"@type\":\"Organization\",\"@id\":\"https:\/\/zoo-land.az\/#organization\",\"name\":\"Zooland.az\",\"url\":\"https:\/\/zoo-land.az\/\",\"logo\":{\"@type\":\"ImageObject\",\"inLanguage\":\"az\",\"@id\":\"https:\/\/zoo-land.az\/#\/schema\/logo\/image\/\",\"url\":\"https:\/\/zoo-land.az\/wp-content\/uploads\/2022\/05\/logo.svg\",\"contentUrl\":\"https:\/\/zoo-land.az\/wp-content\/uploads\/2022\/05\/logo.svg\",\"width\":113,\"height\":46,\"caption\":\"Zooland.az\"},\"image\":{\"@id\":\"https:\/\/zoo-land.az\/#\/schema\/logo\/image\/\"}}]}<\/script>\n<!-- \/ Yoast SEO plugin. -->","yoast_head_json":{"title":"NP Indoor Poultry 7 kg - Zooland.az","robots":{"index":"index","follow":"follow","max-snippet":"max-snippet:-1","max-image-preview":"max-image-preview:large","max-video-preview":"max-video-preview:-1"},"canonical":"https:\/\/zoo-land.az\/az\/shop\/cat\/cat-foods\/np-indoor-poultry-7-kg\/","og_locale":"az_AZ","og_type":"article","og_title":"NP Indoor Poultry 7 kg - Zooland.az","og_description":"Nature's Protection Indoor Poultry  COMPLETE DRY FOOD WITH POULTRY FOR ADULT CATS LIVING EXCLUSIVELY INDOORS  From 1 year of age.   Food for indoor cats and those going outside irregularly.  Helps indoor cats maintain health and a good figure despite reduced energy expenditure.  Balanced mineral levels support kidney function and prevent stone formation.  Reduced calorie content combined with L-carnitine helps avoid overweight and obesity.  High-quality protein sources maintain muscle mass.  Carefully selected sources of carbohydrates and fiber help prevent hairballs, a common issue for indoor cats.  Exceptionally tasty and highly digestible food.","og_url":"https:\/\/zoo-land.az\/az\/shop\/cat\/cat-foods\/np-indoor-poultry-7-kg\/","og_site_name":"Zooland.az","article_modified_time":"2024-06-07T11:12:36+00:00","og_image":[{"width":633,"height":1024,"url":"https:\/\/zoo-land.az\/wp-content\/uploads\/2024\/06\/natures-protection-maistas-namuose-gyvenancioms-suaugusioms-katems_reference.jpg","type":"image\/jpeg"}],"twitter_card":"summary_large_image","twitter_misc":{"Est. reading time":"1 minute"},"schema":{"@context":"https:\/\/schema.org","@graph":[{"@type":"WebPage","@id":"https:\/\/zoo-land.az\/shop\/cat\/cat-foods\/np-indoor-poultry-7-kg\/","url":"https:\/\/zoo-land.az\/shop\/cat\/cat-foods\/np-indoor-poultry-7-kg\/","name":"NP Indoor Poultry 7 kg - Zooland.az","isPartOf":{"@id":"https:\/\/zoo-land.az\/#website"},"primaryImageOfPage":{"@id":"https:\/\/zoo-land.az\/shop\/cat\/cat-foods\/np-indoor-poultry-7-kg\/#primaryimage"},"image":{"@id":"https:\/\/zoo-land.az\/shop\/cat\/cat-foods\/np-indoor-poultry-7-kg\/#primaryimage"},"thumbnailUrl":"https:\/\/zoo-land.az\/wp-content\/uploads\/2024\/06\/natures-protection-maistas-namuose-gyvenancioms-suaugusioms-katems_reference.jpg","datePublished":"2024-06-07T11:12:35+00:00","dateModified":"2024-06-07T11:12:36+00:00","breadcrumb":{"@id":"https:\/\/zoo-land.az\/shop\/cat\/cat-foods\/np-indoor-poultry-7-kg\/#breadcrumb"},"inLanguage":"az","potentialAction":[{"@type":"ReadAction","target":["https:\/\/zoo-land.az\/shop\/cat\/cat-foods\/np-indoor-poultry-7-kg\/"]}]},{"@type":"ImageObject","inLanguage":"az","@id":"https:\/\/zoo-land.az\/shop\/cat\/cat-foods\/np-indoor-poultry-7-kg\/#primaryimage","url":"https:\/\/zoo-land.az\/wp-content\/uploads\/2024\/06\/natures-protection-maistas-namuose-gyvenancioms-suaugusioms-katems_reference.jpg","contentUrl":"https:\/\/zoo-land.az\/wp-content\/uploads\/2024\/06\/natures-protection-maistas-namuose-gyvenancioms-suaugusioms-katems_reference.jpg","width":633,"height":1024},{"@type":"BreadcrumbList","@id":"https:\/\/zoo-land.az\/shop\/cat\/cat-foods\/np-indoor-poultry-7-kg\/#breadcrumb","itemListElement":[{"@type":"ListItem","position":1,"name":"Home","item":"https:\/\/zoo-land.az\/ru\/"},{"@type":"ListItem","position":2,"name":"Shop","item":"https:\/\/zoo-land.az\/ru\/"},{"@type":"ListItem","position":3,"name":"NP Indoor Poultry 7 kg"}]},{"@type":"WebSite","@id":"https:\/\/zoo-land.az\/#website","url":"https:\/\/zoo-land.az\/","name":"Zooland.az","description":"Xo\u015fb\u0259xt ev heyvanlar\u0131n\u0131n \u00fcnvan\u0131 Zooland.az","publisher":{"@id":"https:\/\/zoo-land.az\/#organization"},"potentialAction":[{"@type":"SearchAction","target":{"@type":"EntryPoint","urlTemplate":"https:\/\/zoo-land.az\/?s={search_term_string}"},"query-input":{"@type":"PropertyValueSpecification","valueRequired":true,"valueName":"search_term_string"}}],"inLanguage":"az"},{"@type":"Organization","@id":"https:\/\/zoo-land.az\/#organization","name":"Zooland.az","url":"https:\/\/zoo-land.az\/","logo":{"@type":"ImageObject","inLanguage":"az","@id":"https:\/\/zoo-land.az\/#\/schema\/logo\/image\/","url":"https:\/\/zoo-land.az\/wp-content\/uploads\/2022\/05\/logo.svg","contentUrl":"https:\/\/zoo-land.az\/wp-content\/uploads\/2022\/05\/logo.svg","width":113,"height":46,"caption":"Zooland.az"},"image":{"@id":"https:\/\/zoo-land.az\/#\/schema\/logo\/image\/"}}]}},"_links":{"self":[{"href":"https:\/\/zoo-land.az\/az\/wp-json\/wp\/v2\/product\/22954","targetHints":{"allow":["GET"]}}],"collection":[{"href":"https:\/\/zoo-land.az\/az\/wp-json\/wp\/v2\/product"}],"about":[{"href":"https:\/\/zoo-land.az\/az\/wp-json\/wp\/v2\/types\/product"}],"wp:featuredmedia":[{"embeddable":true,"href":"https:\/\/zoo-land.az\/az\/wp-json\/wp\/v2\/media\/22955"}],"wp:attachment":[{"href":"https:\/\/zoo-land.az\/az\/wp-json\/wp\/v2\/media?parent=22954"}],"wp:term":[{"taxonomy":"product_cat","embeddable":true,"href":"https:\/\/zoo-land.az\/az\/wp-json\/wp\/v2\/product_cat?post=22954"},{"taxonomy":"product_tag","embeddable":true,"href":"https:\/\/zoo-land.az\/az\/wp-json\/wp\/v2\/product_tag?post=22954"}],"curies":[{"name":"wp","href":"https:\/\/api.w.org\/{rel}","templated":true}]}}