{"id":22960,"date":"2024-06-07T11:26:52","date_gmt":"2024-06-07T11:26:52","guid":{"rendered":"https:\/\/lightsteelblue-zebra-299715.hostingersite.com\/?post_type=product&#038;p=22960"},"modified":"2024-06-07T11:26:52","modified_gmt":"2024-06-07T11:26:52","slug":"tauro-pro-line-conditioner-spray-white-coat","status":"publish","type":"product","link":"https:\/\/zoo-land.az\/az\/shop\/dog\/dog-hygenic\/shampoo\/tauro-pro-line-conditioner-spray-white-coat\/","title":{"rendered":"Tauro Pro Line Conditioner-Spray White coat"},"content":{"rendered":"<p>This Volumizing Spray from Tauro Pro Line is obvious to use at exhibitions to put the finishing touch, so that the dog gets a nice and voluminous coat.\u00a0Volumizing Spray\u00a0is sprayed into the fur, after which it becomes beautifully fluffy and voluminous. Top breeder Janita Plunge has won countless awards at shows all over the world; she has designed the conditioner so that it can be used for exhibition and show. The conditioner is made from the best quality ingredients and reliable in show situations.<\/p>","protected":false},"excerpt":{"rendered":"<p>This Volumizing Spray from Tauro Pro Line is obvious to use at exhibitions to put the finishing touch, so that the dog gets a nice and voluminous coat.\u00a0Volumizing Spray\u00a0is sprayed into the fur, after which it becomes beautifully fluffy and voluminous. Top breeder Janita Plunge has won countless awards at shows all over the world; she has designed the conditioner so that it can be used for exhibition and show. The conditioner is made from the best quality ingredients and reliable in show situations.<\/p>","protected":false},"featured_media":22961,"template":"","meta":{"inline_featured_image":false,"_joinchat":[]},"product_cat":[107,355],"product_tag":[],"class_list":{"0":"post-22960","1":"product","2":"type-product","3":"status-publish","4":"has-post-thumbnail","6":"product_brand-tauro-pro-line","7":"product_cat-dog","8":"product_cat-shampoo","10":"first","11":"instock","12":"shipping-taxable","13":"purchasable","14":"product-type-simple"},"yoast_head":"<!-- This site is optimized with the Yoast SEO plugin v26.7 - https:\/\/yoast.com\/wordpress\/plugins\/seo\/ -->\n<title>Tauro Pro Line Conditioner-Spray White coat - Zooland.az<\/title>\n<meta name=\"robots\" content=\"index, follow, max-snippet:-1, max-image-preview:large, max-video-preview:-1\" \/>\n<link rel=\"canonical\" href=\"https:\/\/zoo-land.az\/az\/shop\/dog\/dog-hygenic\/shampoo\/tauro-pro-line-conditioner-spray-white-coat\/\" \/>\n<meta property=\"og:locale\" content=\"az_AZ\" \/>\n<meta property=\"og:type\" content=\"article\" \/>\n<meta property=\"og:title\" content=\"Tauro Pro Line Conditioner-Spray White coat - Zooland.az\" \/>\n<meta property=\"og:description\" content=\"This Volumizing Spray from Tauro Pro Line is obvious to use at exhibitions to put the finishing touch, so that the dog gets a nice and voluminous coat.\u00a0Volumizing Spray\u00a0is sprayed into the fur, after which it becomes beautifully fluffy and voluminous. Top breeder Janita Plunge has won countless awards at shows all over the world; she has designed the conditioner so that it can be used for exhibition and show. The conditioner is made from the best quality ingredients and reliable in show situations.\" \/>\n<meta property=\"og:url\" content=\"https:\/\/zoo-land.az\/az\/shop\/dog\/dog-hygenic\/shampoo\/tauro-pro-line-conditioner-spray-white-coat\/\" \/>\n<meta property=\"og:site_name\" content=\"Zooland.az\" \/>\n<meta property=\"og:image\" content=\"https:\/\/zoo-land.az\/wp-content\/uploads\/2024\/06\/85782.webp\" \/>\n\t<meta property=\"og:image:width\" content=\"800\" \/>\n\t<meta property=\"og:image:height\" content=\"800\" \/>\n\t<meta property=\"og:image:type\" content=\"image\/webp\" \/>\n<meta name=\"twitter:card\" content=\"summary_large_image\" \/>\n<script type=\"application\/ld+json\" class=\"yoast-schema-graph\">{\"@context\":\"https:\/\/schema.org\",\"@graph\":[{\"@type\":\"WebPage\",\"@id\":\"https:\/\/zoo-land.az\/shop\/dog\/dog-hygenic\/shampoo\/tauro-pro-line-conditioner-spray-white-coat\/\",\"url\":\"https:\/\/zoo-land.az\/shop\/dog\/dog-hygenic\/shampoo\/tauro-pro-line-conditioner-spray-white-coat\/\",\"name\":\"Tauro Pro Line Conditioner-Spray White coat - Zooland.az\",\"isPartOf\":{\"@id\":\"https:\/\/zoo-land.az\/#website\"},\"primaryImageOfPage\":{\"@id\":\"https:\/\/zoo-land.az\/shop\/dog\/dog-hygenic\/shampoo\/tauro-pro-line-conditioner-spray-white-coat\/#primaryimage\"},\"image\":{\"@id\":\"https:\/\/zoo-land.az\/shop\/dog\/dog-hygenic\/shampoo\/tauro-pro-line-conditioner-spray-white-coat\/#primaryimage\"},\"thumbnailUrl\":\"https:\/\/zoo-land.az\/wp-content\/uploads\/2024\/06\/85782.webp\",\"datePublished\":\"2024-06-07T11:26:52+00:00\",\"breadcrumb\":{\"@id\":\"https:\/\/zoo-land.az\/shop\/dog\/dog-hygenic\/shampoo\/tauro-pro-line-conditioner-spray-white-coat\/#breadcrumb\"},\"inLanguage\":\"az\",\"potentialAction\":[{\"@type\":\"ReadAction\",\"target\":[\"https:\/\/zoo-land.az\/shop\/dog\/dog-hygenic\/shampoo\/tauro-pro-line-conditioner-spray-white-coat\/\"]}]},{\"@type\":\"ImageObject\",\"inLanguage\":\"az\",\"@id\":\"https:\/\/zoo-land.az\/shop\/dog\/dog-hygenic\/shampoo\/tauro-pro-line-conditioner-spray-white-coat\/#primaryimage\",\"url\":\"https:\/\/zoo-land.az\/wp-content\/uploads\/2024\/06\/85782.webp\",\"contentUrl\":\"https:\/\/zoo-land.az\/wp-content\/uploads\/2024\/06\/85782.webp\",\"width\":800,\"height\":800},{\"@type\":\"BreadcrumbList\",\"@id\":\"https:\/\/zoo-land.az\/shop\/dog\/dog-hygenic\/shampoo\/tauro-pro-line-conditioner-spray-white-coat\/#breadcrumb\",\"itemListElement\":[{\"@type\":\"ListItem\",\"position\":1,\"name\":\"Home\",\"item\":\"https:\/\/zoo-land.az\/ru\/\"},{\"@type\":\"ListItem\",\"position\":2,\"name\":\"Shop\",\"item\":\"https:\/\/zoo-land.az\/ru\/\"},{\"@type\":\"ListItem\",\"position\":3,\"name\":\"Tauro Pro Line Conditioner-Spray White coat\"}]},{\"@type\":\"WebSite\",\"@id\":\"https:\/\/zoo-land.az\/#website\",\"url\":\"https:\/\/zoo-land.az\/\",\"name\":\"Zooland.az\",\"description\":\"Xo\u015fb\u0259xt ev heyvanlar\u0131n\u0131n \u00fcnvan\u0131 Zooland.az\",\"publisher\":{\"@id\":\"https:\/\/zoo-land.az\/#organization\"},\"potentialAction\":[{\"@type\":\"SearchAction\",\"target\":{\"@type\":\"EntryPoint\",\"urlTemplate\":\"https:\/\/zoo-land.az\/?s={search_term_string}\"},\"query-input\":{\"@type\":\"PropertyValueSpecification\",\"valueRequired\":true,\"valueName\":\"search_term_string\"}}],\"inLanguage\":\"az\"},{\"@type\":\"Organization\",\"@id\":\"https:\/\/zoo-land.az\/#organization\",\"name\":\"Zooland.az\",\"url\":\"https:\/\/zoo-land.az\/\",\"logo\":{\"@type\":\"ImageObject\",\"inLanguage\":\"az\",\"@id\":\"https:\/\/zoo-land.az\/#\/schema\/logo\/image\/\",\"url\":\"https:\/\/zoo-land.az\/wp-content\/uploads\/2022\/05\/logo.svg\",\"contentUrl\":\"https:\/\/zoo-land.az\/wp-content\/uploads\/2022\/05\/logo.svg\",\"width\":113,\"height\":46,\"caption\":\"Zooland.az\"},\"image\":{\"@id\":\"https:\/\/zoo-land.az\/#\/schema\/logo\/image\/\"}}]}<\/script>\n<!-- \/ Yoast SEO plugin. -->","yoast_head_json":{"title":"Tauro Pro Line Conditioner-Spray White coat - Zooland.az","robots":{"index":"index","follow":"follow","max-snippet":"max-snippet:-1","max-image-preview":"max-image-preview:large","max-video-preview":"max-video-preview:-1"},"canonical":"https:\/\/zoo-land.az\/az\/shop\/dog\/dog-hygenic\/shampoo\/tauro-pro-line-conditioner-spray-white-coat\/","og_locale":"az_AZ","og_type":"article","og_title":"Tauro Pro Line Conditioner-Spray White coat - Zooland.az","og_description":"This Volumizing Spray from Tauro Pro Line is obvious to use at exhibitions to put the finishing touch, so that the dog gets a nice and voluminous coat.\u00a0Volumizing Spray\u00a0is sprayed into the fur, after which it becomes beautifully fluffy and voluminous. Top breeder Janita Plunge has won countless awards at shows all over the world; she has designed the conditioner so that it can be used for exhibition and show. The conditioner is made from the best quality ingredients and reliable in show situations.","og_url":"https:\/\/zoo-land.az\/az\/shop\/dog\/dog-hygenic\/shampoo\/tauro-pro-line-conditioner-spray-white-coat\/","og_site_name":"Zooland.az","og_image":[{"width":800,"height":800,"url":"https:\/\/zoo-land.az\/wp-content\/uploads\/2024\/06\/85782.webp","type":"image\/webp"}],"twitter_card":"summary_large_image","schema":{"@context":"https:\/\/schema.org","@graph":[{"@type":"WebPage","@id":"https:\/\/zoo-land.az\/shop\/dog\/dog-hygenic\/shampoo\/tauro-pro-line-conditioner-spray-white-coat\/","url":"https:\/\/zoo-land.az\/shop\/dog\/dog-hygenic\/shampoo\/tauro-pro-line-conditioner-spray-white-coat\/","name":"Tauro Pro Line Conditioner-Spray White coat - Zooland.az","isPartOf":{"@id":"https:\/\/zoo-land.az\/#website"},"primaryImageOfPage":{"@id":"https:\/\/zoo-land.az\/shop\/dog\/dog-hygenic\/shampoo\/tauro-pro-line-conditioner-spray-white-coat\/#primaryimage"},"image":{"@id":"https:\/\/zoo-land.az\/shop\/dog\/dog-hygenic\/shampoo\/tauro-pro-line-conditioner-spray-white-coat\/#primaryimage"},"thumbnailUrl":"https:\/\/zoo-land.az\/wp-content\/uploads\/2024\/06\/85782.webp","datePublished":"2024-06-07T11:26:52+00:00","breadcrumb":{"@id":"https:\/\/zoo-land.az\/shop\/dog\/dog-hygenic\/shampoo\/tauro-pro-line-conditioner-spray-white-coat\/#breadcrumb"},"inLanguage":"az","potentialAction":[{"@type":"ReadAction","target":["https:\/\/zoo-land.az\/shop\/dog\/dog-hygenic\/shampoo\/tauro-pro-line-conditioner-spray-white-coat\/"]}]},{"@type":"ImageObject","inLanguage":"az","@id":"https:\/\/zoo-land.az\/shop\/dog\/dog-hygenic\/shampoo\/tauro-pro-line-conditioner-spray-white-coat\/#primaryimage","url":"https:\/\/zoo-land.az\/wp-content\/uploads\/2024\/06\/85782.webp","contentUrl":"https:\/\/zoo-land.az\/wp-content\/uploads\/2024\/06\/85782.webp","width":800,"height":800},{"@type":"BreadcrumbList","@id":"https:\/\/zoo-land.az\/shop\/dog\/dog-hygenic\/shampoo\/tauro-pro-line-conditioner-spray-white-coat\/#breadcrumb","itemListElement":[{"@type":"ListItem","position":1,"name":"Home","item":"https:\/\/zoo-land.az\/ru\/"},{"@type":"ListItem","position":2,"name":"Shop","item":"https:\/\/zoo-land.az\/ru\/"},{"@type":"ListItem","position":3,"name":"Tauro Pro Line Conditioner-Spray White coat"}]},{"@type":"WebSite","@id":"https:\/\/zoo-land.az\/#website","url":"https:\/\/zoo-land.az\/","name":"Zooland.az","description":"Xo\u015fb\u0259xt ev heyvanlar\u0131n\u0131n \u00fcnvan\u0131 Zooland.az","publisher":{"@id":"https:\/\/zoo-land.az\/#organization"},"potentialAction":[{"@type":"SearchAction","target":{"@type":"EntryPoint","urlTemplate":"https:\/\/zoo-land.az\/?s={search_term_string}"},"query-input":{"@type":"PropertyValueSpecification","valueRequired":true,"valueName":"search_term_string"}}],"inLanguage":"az"},{"@type":"Organization","@id":"https:\/\/zoo-land.az\/#organization","name":"Zooland.az","url":"https:\/\/zoo-land.az\/","logo":{"@type":"ImageObject","inLanguage":"az","@id":"https:\/\/zoo-land.az\/#\/schema\/logo\/image\/","url":"https:\/\/zoo-land.az\/wp-content\/uploads\/2022\/05\/logo.svg","contentUrl":"https:\/\/zoo-land.az\/wp-content\/uploads\/2022\/05\/logo.svg","width":113,"height":46,"caption":"Zooland.az"},"image":{"@id":"https:\/\/zoo-land.az\/#\/schema\/logo\/image\/"}}]}},"_links":{"self":[{"href":"https:\/\/zoo-land.az\/az\/wp-json\/wp\/v2\/product\/22960","targetHints":{"allow":["GET"]}}],"collection":[{"href":"https:\/\/zoo-land.az\/az\/wp-json\/wp\/v2\/product"}],"about":[{"href":"https:\/\/zoo-land.az\/az\/wp-json\/wp\/v2\/types\/product"}],"wp:featuredmedia":[{"embeddable":true,"href":"https:\/\/zoo-land.az\/az\/wp-json\/wp\/v2\/media\/22961"}],"wp:attachment":[{"href":"https:\/\/zoo-land.az\/az\/wp-json\/wp\/v2\/media?parent=22960"}],"wp:term":[{"taxonomy":"product_cat","embeddable":true,"href":"https:\/\/zoo-land.az\/az\/wp-json\/wp\/v2\/product_cat?post=22960"},{"taxonomy":"product_tag","embeddable":true,"href":"https:\/\/zoo-land.az\/az\/wp-json\/wp\/v2\/product_tag?post=22960"}],"curies":[{"name":"wp","href":"https:\/\/api.w.org\/{rel}","templated":true}]}}