{"id":22963,"date":"2024-06-07T11:32:45","date_gmt":"2024-06-07T11:32:45","guid":{"rendered":"https:\/\/lightsteelblue-zebra-299715.hostingersite.com\/?post_type=product&#038;p=22963"},"modified":"2024-06-07T11:32:45","modified_gmt":"2024-06-07T11:32:45","slug":"tauro-pro-line-shampoo-keratin-white-coat","status":"publish","type":"product","link":"https:\/\/zoo-land.az\/az\/shop\/cat\/cat-hygenic\/cat-hairwashes\/tauro-pro-line-shampoo-keratin-white-coat\/","title":{"rendered":"Tauro Pro Line \u015eampun Keratin A\u011f Palto"},"content":{"rendered":"<p><strong>TAURO PRO LINE WHITE COAT, KERATIN SHAMPOO FOR DOGS AND CATS WITH WHITE COAT<\/strong><\/p>\n<p>Shampoo &#8220;White Coat Keratin Shampoo&#8221; with the highest quality ingredients and keratin for well-groomed and smooth fur. It deeply nourishes and helps keep it smooth. Suitable for all types of white fur.<\/p>\n<p>This shampoo has been developed for dogs and cats and is enriched with keratin, the main &#8220;building material&#8221; of hair.<\/p>\n<p><strong>Designed to maintain a healthy coat:<\/strong><\/p>\n<p><strong>Nourished and hydrated hair<\/strong><\/p>\n<p>Keratin is the main &#8220;building material&#8221; of hair, therefore the product effectively restores the fur, deeply hydrates and nourishes it, strengthening it from the inside and outside.<br \/>\n<strong>Easy combing:<\/strong><\/p>\n<p>The natural ingredients soften the fur fibers making it easier to comb the wet or dry coat.<br \/>\n<strong>Optimal pH level:<\/strong><\/p>\n<p>It does not irritate the pet&#8217;s skin and helps to maintain its optimal pH balance.<br \/>\nEnriched with extract from 7 \u0411\u0418\u041b\u041a\u0418<\/p>\n<p>The special composition of 7 herbal extracts provide a strong moisturizing effect. Natural shampoo ingredients nourish the structure and fur of the pet. Pokra\u0458 TOA, the product smells pleasant and refreshing.<\/p>\n<p><strong>Verified by professionals:<\/strong><\/p>\n<p>Safe ingredients \u2013 no silicones, parabens and SLS.<br \/>\nCreated by breeders \u2013 sure, high quality products.<br \/>\nSuitable for all types of white fur.<br \/>\n<strong>Straightener:<\/strong><\/p>\n<p>Dilute the shampoo with lukewarm water in proportion 1:10, coat the fur and distribute the shampoo evenly. Massage around 3 minutes and rinse well with lukewarm water. Make sure to use conditioner and Tauro Pro Line Pure Mist for best results.<\/p>\n<p><strong>Recommended:<\/strong><\/p>\n<p>Because of its extremely gentle formula, the shampoo is suitable for daily use, for all breeds of dogs and cats. The natural ingredients guarantee the safety of the product for pets with sensitive skin and fur.<\/p>\n<p><strong>Volumen: 250 ml.<\/strong><br \/>\nMade in the European Union.<\/p>","protected":false},"excerpt":{"rendered":"<p><strong>TAURO PRO LINE WHITE COAT, KERATIN SHAMPOO FOR DOGS AND CATS WITH WHITE COAT<\/strong><\/p>\n<p>Shampoo &#8220;White Coat Keratin Shampoo&#8221; with the highest quality ingredients and keratin for well-groomed and smooth fur. It deeply nourishes and helps keep it smooth. Suitable for all types of white fur.<\/p>\n<p>This shampoo has been developed for dogs and cats and is enriched with keratin, the main &#8220;building material&#8221; of hair.<\/p>","protected":false},"featured_media":22965,"template":"","meta":{"inline_featured_image":false,"_joinchat":[]},"product_cat":[188,107,355,356,200],"product_tag":[],"class_list":{"0":"post-22963","1":"product","2":"type-product","3":"status-publish","4":"has-post-thumbnail","6":"product_brand-tauro-pro-line","7":"product_cat-cat","8":"product_cat-dog","9":"product_cat-shampoo","10":"product_cat-shampoo-cat-hygenic","11":"product_cat-cat-hairwashes","13":"first","14":"instock","15":"shipping-taxable","16":"purchasable","17":"product-type-simple"},"yoast_head":"<!-- This site is optimized with the Yoast SEO plugin v26.7 - https:\/\/yoast.com\/wordpress\/plugins\/seo\/ -->\n<title>Tauro Pro Line Shampoo Keratin White Coat - Zooland.az<\/title>\n<meta name=\"robots\" content=\"index, follow, max-snippet:-1, max-image-preview:large, max-video-preview:-1\" \/>\n<link rel=\"canonical\" href=\"https:\/\/zoo-land.az\/az\/shop\/cat\/cat-hygenic\/cat-hairwashes\/tauro-pro-line-shampoo-keratin-white-coat\/\" \/>\n<meta property=\"og:locale\" content=\"az_AZ\" \/>\n<meta property=\"og:type\" content=\"article\" \/>\n<meta property=\"og:title\" content=\"Tauro Pro Line Shampoo Keratin White Coat - Zooland.az\" \/>\n<meta property=\"og:description\" content=\"TAURO PRO LINE WHITE COAT, KERATIN SHAMPOO FOR DOGS AND CATS WITH WHITE COAT  Shampoo &quot;White Coat Keratin Shampoo&quot; with the highest quality ingredients and keratin for well-groomed and smooth fur. It deeply nourishes and helps keep it smooth. Suitable for all types of white fur.  This shampoo has been developed for dogs and cats and is enriched with keratin, the main &quot;building material&quot; of hair.\" \/>\n<meta property=\"og:url\" content=\"https:\/\/zoo-land.az\/az\/shop\/cat\/cat-hygenic\/cat-hairwashes\/tauro-pro-line-shampoo-keratin-white-coat\/\" \/>\n<meta property=\"og:site_name\" content=\"Zooland.az\" \/>\n<meta property=\"og:image\" content=\"https:\/\/zoo-land.az\/wp-content\/uploads\/2024\/06\/Screenshot-2024-06-07-at-15.32.17.png\" \/>\n\t<meta property=\"og:image:width\" content=\"824\" \/>\n\t<meta property=\"og:image:height\" content=\"1418\" \/>\n\t<meta property=\"og:image:type\" content=\"image\/png\" \/>\n<meta name=\"twitter:card\" content=\"summary_large_image\" \/>\n<meta name=\"twitter:label1\" content=\"Est. reading time\" \/>\n\t<meta name=\"twitter:data1\" content=\"1 minute\" \/>\n<script type=\"application\/ld+json\" class=\"yoast-schema-graph\">{\"@context\":\"https:\/\/schema.org\",\"@graph\":[{\"@type\":\"WebPage\",\"@id\":\"https:\/\/zoo-land.az\/shop\/cat\/cat-hygenic\/cat-hairwashes\/tauro-pro-line-shampoo-keratin-white-coat\/\",\"url\":\"https:\/\/zoo-land.az\/shop\/cat\/cat-hygenic\/cat-hairwashes\/tauro-pro-line-shampoo-keratin-white-coat\/\",\"name\":\"Tauro Pro Line Shampoo Keratin White Coat - Zooland.az\",\"isPartOf\":{\"@id\":\"https:\/\/zoo-land.az\/#website\"},\"primaryImageOfPage\":{\"@id\":\"https:\/\/zoo-land.az\/shop\/cat\/cat-hygenic\/cat-hairwashes\/tauro-pro-line-shampoo-keratin-white-coat\/#primaryimage\"},\"image\":{\"@id\":\"https:\/\/zoo-land.az\/shop\/cat\/cat-hygenic\/cat-hairwashes\/tauro-pro-line-shampoo-keratin-white-coat\/#primaryimage\"},\"thumbnailUrl\":\"https:\/\/zoo-land.az\/wp-content\/uploads\/2024\/06\/Screenshot-2024-06-07-at-15.32.17.png\",\"datePublished\":\"2024-06-07T11:32:45+00:00\",\"breadcrumb\":{\"@id\":\"https:\/\/zoo-land.az\/shop\/cat\/cat-hygenic\/cat-hairwashes\/tauro-pro-line-shampoo-keratin-white-coat\/#breadcrumb\"},\"inLanguage\":\"az\",\"potentialAction\":[{\"@type\":\"ReadAction\",\"target\":[\"https:\/\/zoo-land.az\/shop\/cat\/cat-hygenic\/cat-hairwashes\/tauro-pro-line-shampoo-keratin-white-coat\/\"]}]},{\"@type\":\"ImageObject\",\"inLanguage\":\"az\",\"@id\":\"https:\/\/zoo-land.az\/shop\/cat\/cat-hygenic\/cat-hairwashes\/tauro-pro-line-shampoo-keratin-white-coat\/#primaryimage\",\"url\":\"https:\/\/zoo-land.az\/wp-content\/uploads\/2024\/06\/Screenshot-2024-06-07-at-15.32.17.png\",\"contentUrl\":\"https:\/\/zoo-land.az\/wp-content\/uploads\/2024\/06\/Screenshot-2024-06-07-at-15.32.17.png\",\"width\":824,\"height\":1418},{\"@type\":\"BreadcrumbList\",\"@id\":\"https:\/\/zoo-land.az\/shop\/cat\/cat-hygenic\/cat-hairwashes\/tauro-pro-line-shampoo-keratin-white-coat\/#breadcrumb\",\"itemListElement\":[{\"@type\":\"ListItem\",\"position\":1,\"name\":\"Home\",\"item\":\"https:\/\/zoo-land.az\/ru\/\"},{\"@type\":\"ListItem\",\"position\":2,\"name\":\"Shop\",\"item\":\"https:\/\/zoo-land.az\/ru\/\"},{\"@type\":\"ListItem\",\"position\":3,\"name\":\"Tauro Pro Line Shampoo Keratin White Coat\"}]},{\"@type\":\"WebSite\",\"@id\":\"https:\/\/zoo-land.az\/#website\",\"url\":\"https:\/\/zoo-land.az\/\",\"name\":\"Zooland.az\",\"description\":\"Xo\u015fb\u0259xt ev heyvanlar\u0131n\u0131n \u00fcnvan\u0131 Zooland.az\",\"publisher\":{\"@id\":\"https:\/\/zoo-land.az\/#organization\"},\"potentialAction\":[{\"@type\":\"SearchAction\",\"target\":{\"@type\":\"EntryPoint\",\"urlTemplate\":\"https:\/\/zoo-land.az\/?s={search_term_string}\"},\"query-input\":{\"@type\":\"PropertyValueSpecification\",\"valueRequired\":true,\"valueName\":\"search_term_string\"}}],\"inLanguage\":\"az\"},{\"@type\":\"Organization\",\"@id\":\"https:\/\/zoo-land.az\/#organization\",\"name\":\"Zooland.az\",\"url\":\"https:\/\/zoo-land.az\/\",\"logo\":{\"@type\":\"ImageObject\",\"inLanguage\":\"az\",\"@id\":\"https:\/\/zoo-land.az\/#\/schema\/logo\/image\/\",\"url\":\"https:\/\/zoo-land.az\/wp-content\/uploads\/2022\/05\/logo.svg\",\"contentUrl\":\"https:\/\/zoo-land.az\/wp-content\/uploads\/2022\/05\/logo.svg\",\"width\":113,\"height\":46,\"caption\":\"Zooland.az\"},\"image\":{\"@id\":\"https:\/\/zoo-land.az\/#\/schema\/logo\/image\/\"}}]}<\/script>\n<!-- \/ Yoast SEO plugin. -->","yoast_head_json":{"title":"Tauro Pro Line Shampoo Keratin White Coat - Zooland.az","robots":{"index":"index","follow":"follow","max-snippet":"max-snippet:-1","max-image-preview":"max-image-preview:large","max-video-preview":"max-video-preview:-1"},"canonical":"https:\/\/zoo-land.az\/az\/shop\/cat\/cat-hygenic\/cat-hairwashes\/tauro-pro-line-shampoo-keratin-white-coat\/","og_locale":"az_AZ","og_type":"article","og_title":"Tauro Pro Line Shampoo Keratin White Coat - Zooland.az","og_description":"TAURO PRO LINE WHITE COAT, KERATIN SHAMPOO FOR DOGS AND CATS WITH WHITE COAT  Shampoo \"White Coat Keratin Shampoo\" with the highest quality ingredients and keratin for well-groomed and smooth fur. It deeply nourishes and helps keep it smooth. Suitable for all types of white fur.  This shampoo has been developed for dogs and cats and is enriched with keratin, the main \"building material\" of hair.","og_url":"https:\/\/zoo-land.az\/az\/shop\/cat\/cat-hygenic\/cat-hairwashes\/tauro-pro-line-shampoo-keratin-white-coat\/","og_site_name":"Zooland.az","og_image":[{"width":824,"height":1418,"url":"https:\/\/zoo-land.az\/wp-content\/uploads\/2024\/06\/Screenshot-2024-06-07-at-15.32.17.png","type":"image\/png"}],"twitter_card":"summary_large_image","twitter_misc":{"Est. reading time":"1 minute"},"schema":{"@context":"https:\/\/schema.org","@graph":[{"@type":"WebPage","@id":"https:\/\/zoo-land.az\/shop\/cat\/cat-hygenic\/cat-hairwashes\/tauro-pro-line-shampoo-keratin-white-coat\/","url":"https:\/\/zoo-land.az\/shop\/cat\/cat-hygenic\/cat-hairwashes\/tauro-pro-line-shampoo-keratin-white-coat\/","name":"Tauro Pro Line Shampoo Keratin White Coat - Zooland.az","isPartOf":{"@id":"https:\/\/zoo-land.az\/#website"},"primaryImageOfPage":{"@id":"https:\/\/zoo-land.az\/shop\/cat\/cat-hygenic\/cat-hairwashes\/tauro-pro-line-shampoo-keratin-white-coat\/#primaryimage"},"image":{"@id":"https:\/\/zoo-land.az\/shop\/cat\/cat-hygenic\/cat-hairwashes\/tauro-pro-line-shampoo-keratin-white-coat\/#primaryimage"},"thumbnailUrl":"https:\/\/zoo-land.az\/wp-content\/uploads\/2024\/06\/Screenshot-2024-06-07-at-15.32.17.png","datePublished":"2024-06-07T11:32:45+00:00","breadcrumb":{"@id":"https:\/\/zoo-land.az\/shop\/cat\/cat-hygenic\/cat-hairwashes\/tauro-pro-line-shampoo-keratin-white-coat\/#breadcrumb"},"inLanguage":"az","potentialAction":[{"@type":"ReadAction","target":["https:\/\/zoo-land.az\/shop\/cat\/cat-hygenic\/cat-hairwashes\/tauro-pro-line-shampoo-keratin-white-coat\/"]}]},{"@type":"ImageObject","inLanguage":"az","@id":"https:\/\/zoo-land.az\/shop\/cat\/cat-hygenic\/cat-hairwashes\/tauro-pro-line-shampoo-keratin-white-coat\/#primaryimage","url":"https:\/\/zoo-land.az\/wp-content\/uploads\/2024\/06\/Screenshot-2024-06-07-at-15.32.17.png","contentUrl":"https:\/\/zoo-land.az\/wp-content\/uploads\/2024\/06\/Screenshot-2024-06-07-at-15.32.17.png","width":824,"height":1418},{"@type":"BreadcrumbList","@id":"https:\/\/zoo-land.az\/shop\/cat\/cat-hygenic\/cat-hairwashes\/tauro-pro-line-shampoo-keratin-white-coat\/#breadcrumb","itemListElement":[{"@type":"ListItem","position":1,"name":"Home","item":"https:\/\/zoo-land.az\/ru\/"},{"@type":"ListItem","position":2,"name":"Shop","item":"https:\/\/zoo-land.az\/ru\/"},{"@type":"ListItem","position":3,"name":"Tauro Pro Line Shampoo Keratin White Coat"}]},{"@type":"WebSite","@id":"https:\/\/zoo-land.az\/#website","url":"https:\/\/zoo-land.az\/","name":"Zooland.az","description":"Xo\u015fb\u0259xt ev heyvanlar\u0131n\u0131n \u00fcnvan\u0131 Zooland.az","publisher":{"@id":"https:\/\/zoo-land.az\/#organization"},"potentialAction":[{"@type":"SearchAction","target":{"@type":"EntryPoint","urlTemplate":"https:\/\/zoo-land.az\/?s={search_term_string}"},"query-input":{"@type":"PropertyValueSpecification","valueRequired":true,"valueName":"search_term_string"}}],"inLanguage":"az"},{"@type":"Organization","@id":"https:\/\/zoo-land.az\/#organization","name":"Zooland.az","url":"https:\/\/zoo-land.az\/","logo":{"@type":"ImageObject","inLanguage":"az","@id":"https:\/\/zoo-land.az\/#\/schema\/logo\/image\/","url":"https:\/\/zoo-land.az\/wp-content\/uploads\/2022\/05\/logo.svg","contentUrl":"https:\/\/zoo-land.az\/wp-content\/uploads\/2022\/05\/logo.svg","width":113,"height":46,"caption":"Zooland.az"},"image":{"@id":"https:\/\/zoo-land.az\/#\/schema\/logo\/image\/"}}]}},"_links":{"self":[{"href":"https:\/\/zoo-land.az\/az\/wp-json\/wp\/v2\/product\/22963","targetHints":{"allow":["GET"]}}],"collection":[{"href":"https:\/\/zoo-land.az\/az\/wp-json\/wp\/v2\/product"}],"about":[{"href":"https:\/\/zoo-land.az\/az\/wp-json\/wp\/v2\/types\/product"}],"wp:featuredmedia":[{"embeddable":true,"href":"https:\/\/zoo-land.az\/az\/wp-json\/wp\/v2\/media\/22965"}],"wp:attachment":[{"href":"https:\/\/zoo-land.az\/az\/wp-json\/wp\/v2\/media?parent=22963"}],"wp:term":[{"taxonomy":"product_cat","embeddable":true,"href":"https:\/\/zoo-land.az\/az\/wp-json\/wp\/v2\/product_cat?post=22963"},{"taxonomy":"product_tag","embeddable":true,"href":"https:\/\/zoo-land.az\/az\/wp-json\/wp\/v2\/product_tag?post=22963"}],"curies":[{"name":"wp","href":"https:\/\/api.w.org\/{rel}","templated":true}]}}