{"id":22972,"date":"2024-06-07T11:49:42","date_gmt":"2024-06-07T11:49:42","guid":{"rendered":"https:\/\/lightsteelblue-zebra-299715.hostingersite.com\/?post_type=product&#038;p=22972"},"modified":"2024-06-07T11:49:42","modified_gmt":"2024-06-07T11:49:42","slug":"tauro-pro-line-shampoo-deep-cleaning","status":"publish","type":"product","link":"https:\/\/zoo-land.az\/az\/shop\/cat\/cat-hygenic\/cat-hairwashes\/tauro-pro-line-shampoo-deep-cleaning\/","title":{"rendered":"Tauro Pro Line \u015eampun D\u0259rin T\u0259mizl\u0259m\u0259"},"content":{"rendered":"<p>Healthy Coat Deep Cleaning Shampoo has the highest quality ingredients and sage extract for deep cleaning of the pet&#8217;s coat. Shampoo is suitable for all types of dog and cat coat.<\/p>\n<p>The enriched composition of the shampoo protects the lipid barrier of the skin, prevents the skin from flaking, gives the coat shine and has a very pleasant smell.<\/p>\n<p><b>For deep cleaning of the pet&#8217;s coat:<\/b><\/p>\n<ul>\n<li><b>Deep cleans<\/b>. Effectively cleans and removes all dirt.<\/li>\n<li><b>Shiny coat<\/b>. The remedy gives the coat a healthy shine and a pleasant smell.<\/li>\n<li><b>Suitable for sensitive pets<\/b>. Thanks to its gentle formula, shampoo is perfect for pets with sensitive skin.<\/li>\n<\/ul>\n<p><b>Supplemented by sage extract<\/b><\/p>\n<p>The SAGE extract contained in the shampoo controls the release of fat and gives the coat a healthy shine. In addition, sage has antibacterial and sedative properties \u2013 it deeply cleanses the skin and coat, does not cause irritations, is gentle for your pet and smells pleasant.<\/p>\n<p><b>Verified by professionals:<\/b><\/p>\n<ul>\n<li>Safe composition \u2013 without silicones, parabens and SLS.<\/li>\n<li>Created by breeders \u2013 reliable, high-end products.<\/li>\n<\/ul>","protected":false},"excerpt":{"rendered":"<p>Healthy Coat Deep Cleaning Shampoo has the highest quality ingredients and sage extract for deep cleaning of the pet&#8217;s coat. Shampoo is suitable for all types of dog and cat coat.<\/p>\n<p>The enriched composition of the shampoo protects the lipid barrier of the skin, prevents the skin from flaking, gives the coat shine and has a very pleasant smell.<\/p>\n<p><b>For deep cleaning of the pet&#8217;s coat:<\/b><\/p>\n<ul>\n<li><b>Deep cleans<\/b>. Effectively cleans and removes all dirt.<\/li>\n<li><b>Shiny coat<\/b>. The remedy gives the coat a healthy shine and a pleasant smell.<\/li>\n<li><b>Suitable for sensitive pets<\/b>. Thanks to its gentle formula, shampoo is perfect for pets with sensitive skin.<\/li>\n<\/ul>","protected":false},"featured_media":22973,"template":"","meta":{"inline_featured_image":false,"_joinchat":[]},"product_cat":[188,107,355,200],"product_tag":[],"class_list":{"0":"post-22972","1":"product","2":"type-product","3":"status-publish","4":"has-post-thumbnail","6":"product_brand-tauro-pro-line","7":"product_cat-cat","8":"product_cat-dog","9":"product_cat-shampoo","10":"product_cat-cat-hairwashes","12":"first","13":"instock","14":"shipping-taxable","15":"purchasable","16":"product-type-simple"},"yoast_head":"<!-- This site is optimized with the Yoast SEO plugin v26.7 - https:\/\/yoast.com\/wordpress\/plugins\/seo\/ -->\n<title>Tauro Pro Line Shampoo Deep Cleaning - Zooland.az<\/title>\n<meta name=\"robots\" content=\"index, follow, max-snippet:-1, max-image-preview:large, max-video-preview:-1\" \/>\n<link rel=\"canonical\" href=\"https:\/\/zoo-land.az\/az\/shop\/cat\/cat-hygenic\/cat-hairwashes\/tauro-pro-line-shampoo-deep-cleaning\/\" \/>\n<meta property=\"og:locale\" content=\"az_AZ\" \/>\n<meta property=\"og:type\" content=\"article\" \/>\n<meta property=\"og:title\" content=\"Tauro Pro Line Shampoo Deep Cleaning - Zooland.az\" \/>\n<meta property=\"og:description\" content=\"Healthy Coat Deep Cleaning Shampoo has the highest quality ingredients and sage extract for deep cleaning of the pet&#039;s coat. Shampoo is suitable for all types of dog and cat coat.  The enriched composition of the shampoo protects the lipid barrier of the skin, prevents the skin from flaking, gives the coat shine and has a very pleasant smell.  For deep cleaning of the pet&#039;s coat:   Deep cleans. Effectively cleans and removes all dirt.  Shiny coat. The remedy gives the coat a healthy shine and a pleasant smell.  Suitable for sensitive pets. Thanks to its gentle formula, shampoo is perfect for pets with sensitive skin.\" \/>\n<meta property=\"og:url\" content=\"https:\/\/zoo-land.az\/az\/shop\/cat\/cat-hygenic\/cat-hairwashes\/tauro-pro-line-shampoo-deep-cleaning\/\" \/>\n<meta property=\"og:site_name\" content=\"Zooland.az\" \/>\n<meta property=\"og:image\" content=\"https:\/\/zoo-land.az\/wp-content\/uploads\/2024\/06\/Screenshot-2024-06-07-at-15.48.06.png\" \/>\n\t<meta property=\"og:image:width\" content=\"1108\" \/>\n\t<meta property=\"og:image:height\" content=\"2024\" \/>\n\t<meta property=\"og:image:type\" content=\"image\/png\" \/>\n<meta name=\"twitter:card\" content=\"summary_large_image\" \/>\n<meta name=\"twitter:label1\" content=\"Est. reading time\" \/>\n\t<meta name=\"twitter:data1\" content=\"1 minute\" \/>\n<script type=\"application\/ld+json\" class=\"yoast-schema-graph\">{\"@context\":\"https:\/\/schema.org\",\"@graph\":[{\"@type\":\"WebPage\",\"@id\":\"https:\/\/zoo-land.az\/shop\/cat\/cat-hygenic\/cat-hairwashes\/tauro-pro-line-shampoo-deep-cleaning\/\",\"url\":\"https:\/\/zoo-land.az\/shop\/cat\/cat-hygenic\/cat-hairwashes\/tauro-pro-line-shampoo-deep-cleaning\/\",\"name\":\"Tauro Pro Line Shampoo Deep Cleaning - Zooland.az\",\"isPartOf\":{\"@id\":\"https:\/\/zoo-land.az\/#website\"},\"primaryImageOfPage\":{\"@id\":\"https:\/\/zoo-land.az\/shop\/cat\/cat-hygenic\/cat-hairwashes\/tauro-pro-line-shampoo-deep-cleaning\/#primaryimage\"},\"image\":{\"@id\":\"https:\/\/zoo-land.az\/shop\/cat\/cat-hygenic\/cat-hairwashes\/tauro-pro-line-shampoo-deep-cleaning\/#primaryimage\"},\"thumbnailUrl\":\"https:\/\/zoo-land.az\/wp-content\/uploads\/2024\/06\/Screenshot-2024-06-07-at-15.48.06.png\",\"datePublished\":\"2024-06-07T11:49:42+00:00\",\"breadcrumb\":{\"@id\":\"https:\/\/zoo-land.az\/shop\/cat\/cat-hygenic\/cat-hairwashes\/tauro-pro-line-shampoo-deep-cleaning\/#breadcrumb\"},\"inLanguage\":\"az\",\"potentialAction\":[{\"@type\":\"ReadAction\",\"target\":[\"https:\/\/zoo-land.az\/shop\/cat\/cat-hygenic\/cat-hairwashes\/tauro-pro-line-shampoo-deep-cleaning\/\"]}]},{\"@type\":\"ImageObject\",\"inLanguage\":\"az\",\"@id\":\"https:\/\/zoo-land.az\/shop\/cat\/cat-hygenic\/cat-hairwashes\/tauro-pro-line-shampoo-deep-cleaning\/#primaryimage\",\"url\":\"https:\/\/zoo-land.az\/wp-content\/uploads\/2024\/06\/Screenshot-2024-06-07-at-15.48.06.png\",\"contentUrl\":\"https:\/\/zoo-land.az\/wp-content\/uploads\/2024\/06\/Screenshot-2024-06-07-at-15.48.06.png\",\"width\":1108,\"height\":2024},{\"@type\":\"BreadcrumbList\",\"@id\":\"https:\/\/zoo-land.az\/shop\/cat\/cat-hygenic\/cat-hairwashes\/tauro-pro-line-shampoo-deep-cleaning\/#breadcrumb\",\"itemListElement\":[{\"@type\":\"ListItem\",\"position\":1,\"name\":\"Home\",\"item\":\"https:\/\/zoo-land.az\/ru\/\"},{\"@type\":\"ListItem\",\"position\":2,\"name\":\"Shop\",\"item\":\"https:\/\/zoo-land.az\/ru\/\"},{\"@type\":\"ListItem\",\"position\":3,\"name\":\"Tauro Pro Line Shampoo Deep Cleaning\"}]},{\"@type\":\"WebSite\",\"@id\":\"https:\/\/zoo-land.az\/#website\",\"url\":\"https:\/\/zoo-land.az\/\",\"name\":\"Zooland.az\",\"description\":\"Xo\u015fb\u0259xt ev heyvanlar\u0131n\u0131n \u00fcnvan\u0131 Zooland.az\",\"publisher\":{\"@id\":\"https:\/\/zoo-land.az\/#organization\"},\"potentialAction\":[{\"@type\":\"SearchAction\",\"target\":{\"@type\":\"EntryPoint\",\"urlTemplate\":\"https:\/\/zoo-land.az\/?s={search_term_string}\"},\"query-input\":{\"@type\":\"PropertyValueSpecification\",\"valueRequired\":true,\"valueName\":\"search_term_string\"}}],\"inLanguage\":\"az\"},{\"@type\":\"Organization\",\"@id\":\"https:\/\/zoo-land.az\/#organization\",\"name\":\"Zooland.az\",\"url\":\"https:\/\/zoo-land.az\/\",\"logo\":{\"@type\":\"ImageObject\",\"inLanguage\":\"az\",\"@id\":\"https:\/\/zoo-land.az\/#\/schema\/logo\/image\/\",\"url\":\"https:\/\/zoo-land.az\/wp-content\/uploads\/2022\/05\/logo.svg\",\"contentUrl\":\"https:\/\/zoo-land.az\/wp-content\/uploads\/2022\/05\/logo.svg\",\"width\":113,\"height\":46,\"caption\":\"Zooland.az\"},\"image\":{\"@id\":\"https:\/\/zoo-land.az\/#\/schema\/logo\/image\/\"}}]}<\/script>\n<!-- \/ Yoast SEO plugin. -->","yoast_head_json":{"title":"Tauro Pro Line Shampoo Deep Cleaning - Zooland.az","robots":{"index":"index","follow":"follow","max-snippet":"max-snippet:-1","max-image-preview":"max-image-preview:large","max-video-preview":"max-video-preview:-1"},"canonical":"https:\/\/zoo-land.az\/az\/shop\/cat\/cat-hygenic\/cat-hairwashes\/tauro-pro-line-shampoo-deep-cleaning\/","og_locale":"az_AZ","og_type":"article","og_title":"Tauro Pro Line Shampoo Deep Cleaning - Zooland.az","og_description":"Healthy Coat Deep Cleaning Shampoo has the highest quality ingredients and sage extract for deep cleaning of the pet's coat. Shampoo is suitable for all types of dog and cat coat.  The enriched composition of the shampoo protects the lipid barrier of the skin, prevents the skin from flaking, gives the coat shine and has a very pleasant smell.  For deep cleaning of the pet's coat:   Deep cleans. Effectively cleans and removes all dirt.  Shiny coat. The remedy gives the coat a healthy shine and a pleasant smell.  Suitable for sensitive pets. Thanks to its gentle formula, shampoo is perfect for pets with sensitive skin.","og_url":"https:\/\/zoo-land.az\/az\/shop\/cat\/cat-hygenic\/cat-hairwashes\/tauro-pro-line-shampoo-deep-cleaning\/","og_site_name":"Zooland.az","og_image":[{"width":1108,"height":2024,"url":"https:\/\/zoo-land.az\/wp-content\/uploads\/2024\/06\/Screenshot-2024-06-07-at-15.48.06.png","type":"image\/png"}],"twitter_card":"summary_large_image","twitter_misc":{"Est. reading time":"1 minute"},"schema":{"@context":"https:\/\/schema.org","@graph":[{"@type":"WebPage","@id":"https:\/\/zoo-land.az\/shop\/cat\/cat-hygenic\/cat-hairwashes\/tauro-pro-line-shampoo-deep-cleaning\/","url":"https:\/\/zoo-land.az\/shop\/cat\/cat-hygenic\/cat-hairwashes\/tauro-pro-line-shampoo-deep-cleaning\/","name":"Tauro Pro Line Shampoo Deep Cleaning - Zooland.az","isPartOf":{"@id":"https:\/\/zoo-land.az\/#website"},"primaryImageOfPage":{"@id":"https:\/\/zoo-land.az\/shop\/cat\/cat-hygenic\/cat-hairwashes\/tauro-pro-line-shampoo-deep-cleaning\/#primaryimage"},"image":{"@id":"https:\/\/zoo-land.az\/shop\/cat\/cat-hygenic\/cat-hairwashes\/tauro-pro-line-shampoo-deep-cleaning\/#primaryimage"},"thumbnailUrl":"https:\/\/zoo-land.az\/wp-content\/uploads\/2024\/06\/Screenshot-2024-06-07-at-15.48.06.png","datePublished":"2024-06-07T11:49:42+00:00","breadcrumb":{"@id":"https:\/\/zoo-land.az\/shop\/cat\/cat-hygenic\/cat-hairwashes\/tauro-pro-line-shampoo-deep-cleaning\/#breadcrumb"},"inLanguage":"az","potentialAction":[{"@type":"ReadAction","target":["https:\/\/zoo-land.az\/shop\/cat\/cat-hygenic\/cat-hairwashes\/tauro-pro-line-shampoo-deep-cleaning\/"]}]},{"@type":"ImageObject","inLanguage":"az","@id":"https:\/\/zoo-land.az\/shop\/cat\/cat-hygenic\/cat-hairwashes\/tauro-pro-line-shampoo-deep-cleaning\/#primaryimage","url":"https:\/\/zoo-land.az\/wp-content\/uploads\/2024\/06\/Screenshot-2024-06-07-at-15.48.06.png","contentUrl":"https:\/\/zoo-land.az\/wp-content\/uploads\/2024\/06\/Screenshot-2024-06-07-at-15.48.06.png","width":1108,"height":2024},{"@type":"BreadcrumbList","@id":"https:\/\/zoo-land.az\/shop\/cat\/cat-hygenic\/cat-hairwashes\/tauro-pro-line-shampoo-deep-cleaning\/#breadcrumb","itemListElement":[{"@type":"ListItem","position":1,"name":"Home","item":"https:\/\/zoo-land.az\/ru\/"},{"@type":"ListItem","position":2,"name":"Shop","item":"https:\/\/zoo-land.az\/ru\/"},{"@type":"ListItem","position":3,"name":"Tauro Pro Line Shampoo Deep Cleaning"}]},{"@type":"WebSite","@id":"https:\/\/zoo-land.az\/#website","url":"https:\/\/zoo-land.az\/","name":"Zooland.az","description":"Xo\u015fb\u0259xt ev heyvanlar\u0131n\u0131n \u00fcnvan\u0131 Zooland.az","publisher":{"@id":"https:\/\/zoo-land.az\/#organization"},"potentialAction":[{"@type":"SearchAction","target":{"@type":"EntryPoint","urlTemplate":"https:\/\/zoo-land.az\/?s={search_term_string}"},"query-input":{"@type":"PropertyValueSpecification","valueRequired":true,"valueName":"search_term_string"}}],"inLanguage":"az"},{"@type":"Organization","@id":"https:\/\/zoo-land.az\/#organization","name":"Zooland.az","url":"https:\/\/zoo-land.az\/","logo":{"@type":"ImageObject","inLanguage":"az","@id":"https:\/\/zoo-land.az\/#\/schema\/logo\/image\/","url":"https:\/\/zoo-land.az\/wp-content\/uploads\/2022\/05\/logo.svg","contentUrl":"https:\/\/zoo-land.az\/wp-content\/uploads\/2022\/05\/logo.svg","width":113,"height":46,"caption":"Zooland.az"},"image":{"@id":"https:\/\/zoo-land.az\/#\/schema\/logo\/image\/"}}]}},"_links":{"self":[{"href":"https:\/\/zoo-land.az\/az\/wp-json\/wp\/v2\/product\/22972","targetHints":{"allow":["GET"]}}],"collection":[{"href":"https:\/\/zoo-land.az\/az\/wp-json\/wp\/v2\/product"}],"about":[{"href":"https:\/\/zoo-land.az\/az\/wp-json\/wp\/v2\/types\/product"}],"wp:featuredmedia":[{"embeddable":true,"href":"https:\/\/zoo-land.az\/az\/wp-json\/wp\/v2\/media\/22973"}],"wp:attachment":[{"href":"https:\/\/zoo-land.az\/az\/wp-json\/wp\/v2\/media?parent=22972"}],"wp:term":[{"taxonomy":"product_cat","embeddable":true,"href":"https:\/\/zoo-land.az\/az\/wp-json\/wp\/v2\/product_cat?post=22972"},{"taxonomy":"product_tag","embeddable":true,"href":"https:\/\/zoo-land.az\/az\/wp-json\/wp\/v2\/product_tag?post=22972"}],"curies":[{"name":"wp","href":"https:\/\/api.w.org\/{rel}","templated":true}]}}