{"id":22975,"date":"2024-06-08T07:28:31","date_gmt":"2024-06-08T07:28:31","guid":{"rendered":"https:\/\/lightsteelblue-zebra-299715.hostingersite.com\/?post_type=product&#038;p=22975"},"modified":"2024-06-08T07:28:31","modified_gmt":"2024-06-08T07:28:31","slug":"tauro-pro-line-6-in-1-pure-mist","status":"publish","type":"product","link":"https:\/\/zoo-land.az\/az\/shop\/cat\/cat-hygenic\/cat-hairwashes\/tauro-pro-line-6-in-1-pure-mist\/","title":{"rendered":"Tauro Pro Line 6 1 t\u0259miz dumanda"},"content":{"rendered":"<p><span data-contrast=\"auto\">N<\/span><span data-contrast=\"auto\">atural<\/span><span data-contrast=\"auto\">,<\/span><span data-contrast=\"auto\">\u00a0multifunctional\u00a0<\/span><span data-contrast=\"auto\">product, created with\u00a0<\/span><span data-contrast=\"auto\">electrochemical activation. This process produces alkaline water with a pH of 11,3. It<\/span><span data-contrast=\"auto\">\u2019<\/span><span data-contrast=\"auto\">s designed for daily care of the skin, fur, eyes, and ears of dogs, cats, and other pets. Suitable for use during exhibitions.<\/span><span data-ccp-props=\"{&quot;134233117&quot;:true,&quot;134233118&quot;:true,&quot;335551550&quot;:6,&quot;335551620&quot;:6}\">\u00a0<\/span><\/p>\n<p><b><span data-contrast=\"auto\">Eye\u00a0<\/span><\/b><b><span data-contrast=\"auto\">and ears\u00a0<\/span><\/b><b><span data-contrast=\"auto\">hygiene\u00a0<\/span><\/b><span data-ccp-props=\"{&quot;134233117&quot;:true,&quot;134233118&quot;:true,&quot;335551550&quot;:6,&quot;335551620&quot;:6}\">\u00a0<\/span><\/p>\n<p><span data-contrast=\"auto\">Removes dirt and tear\u00a0<\/span><span data-contrast=\"auto\">stains<\/span><span data-contrast=\"auto\">. You can safely spray directly into the eyes of the pet, cleaning them with a cotton pad.\u202f<\/span><span data-ccp-props=\"{&quot;134233117&quot;:true,&quot;134233118&quot;:true,&quot;335551550&quot;:6,&quot;335551620&quot;:6}\">\u00a0<\/span><\/p>\n<p><b><span data-contrast=\"auto\">Coat care<\/span><\/b><span data-ccp-props=\"{&quot;134233117&quot;:true,&quot;134233118&quot;:true,&quot;335551550&quot;:6,&quot;335551620&quot;:6}\">\u00a0<\/span><\/p>\n<p><span data-contrast=\"auto\">Product<\/span><span data-contrast=\"auto\">\u00a0protects the skin from\u00a0<\/span><span data-contrast=\"auto\">irritations<\/span><span data-contrast=\"auto\">\u00a0and allergies. Helps to remove dirt\u00a0<\/span><span data-contrast=\"auto\">and dust from the coat<\/span><span data-contrast=\"auto\">, yellow urine stains. Promotes collagen production. Attracts 10 times more moisture than water. Can be sprayed directly on<\/span><span data-contrast=\"auto\">to<\/span><span data-contrast=\"auto\">\u00a0the coat.<\/span><span data-ccp-props=\"{&quot;134233117&quot;:true,&quot;134233118&quot;:true,&quot;335551550&quot;:6,&quot;335551620&quot;:6}\">\u00a0<\/span><\/p>\n<p><b><span data-contrast=\"auto\">Disinfection\u00a0<\/span><\/b><span data-ccp-props=\"{&quot;134233117&quot;:true,&quot;134233118&quot;:true,&quot;335551550&quot;:6,&quot;335551620&quot;:6}\">\u00a0<\/span><\/p>\n<p><span data-contrast=\"auto\">An acidic environment is\u00a0<\/span><span data-contrast=\"auto\">perfect for bacte<\/span><span data-contrast=\"auto\">ria<\/span><span data-contrast=\"auto\">\u00a0to grow<\/span><span data-contrast=\"auto\">. Alkaline water is particularly unfavorable to bacteria, so this remedy is suitable\u00a0<\/span><span data-contrast=\"auto\">for\u00a0<\/span><span data-contrast=\"auto\">disinfection, has antibacterial\u00a0<\/span><span data-contrast=\"auto\">and healing\u00a0<\/span><span data-contrast=\"auto\">properties<\/span><span data-contrast=\"auto\">.<\/span><span data-ccp-props=\"{&quot;134233117&quot;:true,&quot;134233118&quot;:true,&quot;335551550&quot;:6,&quot;335551620&quot;:6}\">\u00a0<\/span><\/p>\n<p><b><span data-contrast=\"auto\">Cosmetic efficiency\u00a0<\/span><\/b><span data-ccp-props=\"{&quot;134233117&quot;:true,&quot;134233118&quot;:true,&quot;335551550&quot;:6,&quot;335551620&quot;:6}\">\u00a0<\/span><\/p>\n<p><span data-contrast=\"auto\">When used in combination with shampoo, conditioner or other cosmetics can improve their properties more than 7 times.<\/span><span data-ccp-props=\"{&quot;134233117&quot;:true,&quot;134233118&quot;:true,&quot;335551550&quot;:6,&quot;335551620&quot;:6}\">\u00a0<\/span><\/p>\n<p><b><span data-contrast=\"auto\">Moisturizing\u00a0<\/span><\/b><span data-ccp-props=\"{&quot;134233117&quot;:true,&quot;134233118&quot;:true,&quot;335551550&quot;:6,&quot;335551620&quot;:6}\">\u00a0<\/span><\/p>\n<p><span data-contrast=\"auto\">Has moisturizing properties and can help protect the skin from dryness and allergies.<\/span><span data-ccp-props=\"{&quot;134233117&quot;:true,&quot;134233118&quot;:true,&quot;335551550&quot;:6,&quot;335551620&quot;:6}\">\u00a0<\/span><\/p>\n<p><b><span data-contrast=\"auto\">Keep clean\u00a0<\/span><\/b><span data-ccp-props=\"{&quot;134233117&quot;:true,&quot;134233118&quot;:true,&quot;335551550&quot;:6,&quot;335551620&quot;:6}\">\u00a0<\/span><\/p>\n<p><span data-contrast=\"auto\">Helps to avoid brown\u00a0<\/span><span data-contrast=\"auto\">tear<\/span>\u00a0<span data-contrast=\"auto\">stains<\/span><span data-contrast=\"auto\">\u00a0and remove<\/span><span data-contrast=\"auto\">s<\/span><span data-contrast=\"auto\">\u00a0dirt<\/span><span data-contrast=\"auto\">,\u00a0<\/span><span data-contrast=\"auto\">yellow urine stains on the fur or skin.<\/span><span data-ccp-props=\"{&quot;134233117&quot;:true,&quot;134233118&quot;:true,&quot;335551550&quot;:6,&quot;335551620&quot;:6}\">\u00a0<\/span><\/p>\n<p><b><span data-contrast=\"auto\">Easy to use\u00a0<\/span><\/b><span data-ccp-props=\"{&quot;134233117&quot;:true,&quot;134233118&quot;:true,&quot;335551550&quot;:6,&quot;335551620&quot;:6}\">\u00a0<\/span><\/p>\n<p><span data-contrast=\"auto\">Spray whenever is needed. Doesn\u2019t require rinsing or bathing afterwards.<\/span><span data-ccp-props=\"{&quot;134233117&quot;:true,&quot;134233118&quot;:true,&quot;335551550&quot;:6,&quot;335551620&quot;:6}\">\u00a0<\/span><\/p>\n<p><b><span data-contrast=\"auto\">For various\u00a0<\/span><\/b><b><span data-contrast=\"auto\">pets<\/span><\/b><b><span data-contrast=\"auto\">\u00a0<\/span><\/b><span data-ccp-props=\"{&quot;134233117&quot;:true,&quot;134233118&quot;:true,&quot;335551550&quot;:6,&quot;335551620&quot;:6}\">\u00a0<\/span><\/p>\n<p><span data-contrast=\"auto\">The\u00a0<\/span><span data-contrast=\"auto\">product<\/span><span data-contrast=\"auto\">\u00a0is suitable for use dogs, cats and other small pets.<\/span><span data-ccp-props=\"{&quot;134233117&quot;:true,&quot;134233118&quot;:true,&quot;335551550&quot;:6,&quot;335551620&quot;:6}\">\u00a0<\/span><\/p>\n<p><b><span data-contrast=\"auto\">T\u0259rkibi:\u00a0<\/span><\/b><span data-contrast=\"auto\">11,3 pH ionized alkaline water containing six ions: Ca2+, Mg2+, HCO3-, Cl-, SO42-, Na+.<\/span><span data-ccp-props=\"{&quot;134233117&quot;:true,&quot;134233118&quot;:true,&quot;335551550&quot;:6,&quot;335551620&quot;:6}\">\u00a0<\/span><\/p>\n<p><b><span data-contrast=\"auto\">Usage<\/span><\/b><b><span data-contrast=\"auto\">:\u00a0<\/span><\/b><span data-contrast=\"auto\">Spray 1-2 times directly into the ears or eyes, wipe the dirt using a cotton pad. Use as needed.<\/span><span data-ccp-props=\"{&quot;134233117&quot;:true,&quot;134233118&quot;:true,&quot;335551550&quot;:6,&quot;335551620&quot;:6}\">\u00a0<\/span><\/p>\n<p><span data-contrast=\"auto\">Use on a wet coat before drying; or daily on a dry coat<\/span><span data-contrast=\"auto\">. For pets weighing up to 10 kg, spray 3-5 times, 10-25 kg \u2013 5-7 times and more than 25 kg \u2013 7-10 times.<\/span><span data-ccp-props=\"{&quot;134233117&quot;:true,&quot;134233118&quot;:true,&quot;335551550&quot;:6,&quot;335551620&quot;:6}\">\u00a0<\/span><\/p>\n<p><span data-contrast=\"auto\">Use in combination with cosmetic products to enhance their effect. For external use only, spray on the coat or skin 2-4 times.\u00a0<\/span><span data-ccp-props=\"{&quot;134233117&quot;:true,&quot;134233118&quot;:true,&quot;335551550&quot;:6,&quot;335551620&quot;:6}\">\u00a0<\/span><\/p>\n<p><b><span data-contrast=\"auto\">Made in Lithuania<\/span><\/b><span data-contrast=\"auto\">.<\/span><span data-ccp-props=\"{&quot;134233117&quot;:true,&quot;134233118&quot;:true,&quot;335551550&quot;:6,&quot;335551620&quot;:6}\">\u00a0<\/span><\/p>","protected":false},"excerpt":{"rendered":"<p><span data-contrast=\"auto\">N<\/span><span data-contrast=\"auto\">atural<\/span><span data-contrast=\"auto\">,<\/span><span data-contrast=\"auto\">\u00a0multifunctional\u00a0<\/span><span data-contrast=\"auto\">product, created with\u00a0<\/span><span data-contrast=\"auto\">electrochemical activation. This process produces alkaline water with a pH of 11,3. It<\/span><span data-contrast=\"auto\">\u2019<\/span><span data-contrast=\"auto\">s designed for daily care of the skin, fur, eyes, and ears of dogs, cats, and other pets. Suitable for use during exhibitions.<\/span><span data-ccp-props=\"{&quot;134233117&quot;:true,&quot;134233118&quot;:true,&quot;335551550&quot;:6,&quot;335551620&quot;:6}\">\u00a0<\/span><\/p>","protected":false},"featured_media":22976,"template":"","meta":{"inline_featured_image":false,"_joinchat":[]},"product_cat":[188,107,355,200],"product_tag":[],"class_list":{"0":"post-22975","1":"product","2":"type-product","3":"status-publish","4":"has-post-thumbnail","6":"product_brand-tauro-pro-line","7":"product_cat-cat","8":"product_cat-dog","9":"product_cat-shampoo","10":"product_cat-cat-hairwashes","12":"first","13":"instock","14":"shipping-taxable","15":"purchasable","16":"product-type-simple"},"yoast_head":"<!-- This site is optimized with the Yoast SEO plugin v26.7 - https:\/\/yoast.com\/wordpress\/plugins\/seo\/ -->\n<title>Tauro Pro Line 6 in 1 pure mist - Zooland.az<\/title>\n<meta name=\"robots\" content=\"index, follow, max-snippet:-1, max-image-preview:large, max-video-preview:-1\" \/>\n<link rel=\"canonical\" href=\"https:\/\/zoo-land.az\/az\/shop\/cat\/cat-hygenic\/cat-hairwashes\/tauro-pro-line-6-in-1-pure-mist\/\" \/>\n<meta property=\"og:locale\" content=\"az_AZ\" \/>\n<meta property=\"og:type\" content=\"article\" \/>\n<meta property=\"og:title\" content=\"Tauro Pro Line 6 in 1 pure mist - Zooland.az\" \/>\n<meta property=\"og:description\" content=\"Natural,\u00a0multifunctional\u00a0product, created with\u00a0electrochemical activation. This process produces alkaline water with a pH of 11,3. It\u2019s designed for daily care of the skin, fur, eyes, and ears of dogs, cats, and other pets. Suitable for use during exhibitions.\u00a0\" \/>\n<meta property=\"og:url\" content=\"https:\/\/zoo-land.az\/az\/shop\/cat\/cat-hygenic\/cat-hairwashes\/tauro-pro-line-6-in-1-pure-mist\/\" \/>\n<meta property=\"og:site_name\" content=\"Zooland.az\" \/>\n<meta property=\"og:image\" content=\"https:\/\/zoo-land.az\/wp-content\/uploads\/2024\/06\/TPL63580.webp\" \/>\n\t<meta property=\"og:image:width\" content=\"999\" \/>\n\t<meta property=\"og:image:height\" content=\"999\" \/>\n\t<meta property=\"og:image:type\" content=\"image\/webp\" \/>\n<meta name=\"twitter:card\" content=\"summary_large_image\" \/>\n<meta name=\"twitter:label1\" content=\"Est. reading time\" \/>\n\t<meta name=\"twitter:data1\" content=\"2 minutes\" \/>\n<script type=\"application\/ld+json\" class=\"yoast-schema-graph\">{\"@context\":\"https:\/\/schema.org\",\"@graph\":[{\"@type\":\"WebPage\",\"@id\":\"https:\/\/zoo-land.az\/ru\/shop\/cat\/cat-hygenic\/cat-hairwashes\/tauro-pro-line-6-in-1-pure-mist\/\",\"url\":\"https:\/\/zoo-land.az\/ru\/shop\/cat\/cat-hygenic\/cat-hairwashes\/tauro-pro-line-6-in-1-pure-mist\/\",\"name\":\"Tauro Pro Line 6 in 1 pure mist - Zooland.az\",\"isPartOf\":{\"@id\":\"https:\/\/zoo-land.az\/#website\"},\"primaryImageOfPage\":{\"@id\":\"https:\/\/zoo-land.az\/ru\/shop\/cat\/cat-hygenic\/cat-hairwashes\/tauro-pro-line-6-in-1-pure-mist\/#primaryimage\"},\"image\":{\"@id\":\"https:\/\/zoo-land.az\/ru\/shop\/cat\/cat-hygenic\/cat-hairwashes\/tauro-pro-line-6-in-1-pure-mist\/#primaryimage\"},\"thumbnailUrl\":\"https:\/\/zoo-land.az\/wp-content\/uploads\/2024\/06\/TPL63580.webp\",\"datePublished\":\"2024-06-08T07:28:31+00:00\",\"breadcrumb\":{\"@id\":\"https:\/\/zoo-land.az\/ru\/shop\/cat\/cat-hygenic\/cat-hairwashes\/tauro-pro-line-6-in-1-pure-mist\/#breadcrumb\"},\"inLanguage\":\"az\",\"potentialAction\":[{\"@type\":\"ReadAction\",\"target\":[\"https:\/\/zoo-land.az\/ru\/shop\/cat\/cat-hygenic\/cat-hairwashes\/tauro-pro-line-6-in-1-pure-mist\/\"]}]},{\"@type\":\"ImageObject\",\"inLanguage\":\"az\",\"@id\":\"https:\/\/zoo-land.az\/ru\/shop\/cat\/cat-hygenic\/cat-hairwashes\/tauro-pro-line-6-in-1-pure-mist\/#primaryimage\",\"url\":\"https:\/\/zoo-land.az\/wp-content\/uploads\/2024\/06\/TPL63580.webp\",\"contentUrl\":\"https:\/\/zoo-land.az\/wp-content\/uploads\/2024\/06\/TPL63580.webp\",\"width\":999,\"height\":999},{\"@type\":\"BreadcrumbList\",\"@id\":\"https:\/\/zoo-land.az\/ru\/shop\/cat\/cat-hygenic\/cat-hairwashes\/tauro-pro-line-6-in-1-pure-mist\/#breadcrumb\",\"itemListElement\":[{\"@type\":\"ListItem\",\"position\":1,\"name\":\"Home\",\"item\":\"https:\/\/zoo-land.az\/ru\/\"},{\"@type\":\"ListItem\",\"position\":2,\"name\":\"Shop\",\"item\":\"https:\/\/zoo-land.az\/ru\/\"},{\"@type\":\"ListItem\",\"position\":3,\"name\":\"Tauro Pro Line 6 in 1 pure mist\"}]},{\"@type\":\"WebSite\",\"@id\":\"https:\/\/zoo-land.az\/#website\",\"url\":\"https:\/\/zoo-land.az\/\",\"name\":\"Zooland.az\",\"description\":\"Xo\u015fb\u0259xt ev heyvanlar\u0131n\u0131n \u00fcnvan\u0131 Zooland.az\",\"publisher\":{\"@id\":\"https:\/\/zoo-land.az\/#organization\"},\"potentialAction\":[{\"@type\":\"SearchAction\",\"target\":{\"@type\":\"EntryPoint\",\"urlTemplate\":\"https:\/\/zoo-land.az\/?s={search_term_string}\"},\"query-input\":{\"@type\":\"PropertyValueSpecification\",\"valueRequired\":true,\"valueName\":\"search_term_string\"}}],\"inLanguage\":\"az\"},{\"@type\":\"Organization\",\"@id\":\"https:\/\/zoo-land.az\/#organization\",\"name\":\"Zooland.az\",\"url\":\"https:\/\/zoo-land.az\/\",\"logo\":{\"@type\":\"ImageObject\",\"inLanguage\":\"az\",\"@id\":\"https:\/\/zoo-land.az\/#\/schema\/logo\/image\/\",\"url\":\"https:\/\/zoo-land.az\/wp-content\/uploads\/2022\/05\/logo.svg\",\"contentUrl\":\"https:\/\/zoo-land.az\/wp-content\/uploads\/2022\/05\/logo.svg\",\"width\":113,\"height\":46,\"caption\":\"Zooland.az\"},\"image\":{\"@id\":\"https:\/\/zoo-land.az\/#\/schema\/logo\/image\/\"}}]}<\/script>\n<!-- \/ Yoast SEO plugin. -->","yoast_head_json":{"title":"Tauro Pro Line 6 in 1 pure mist - Zooland.az","robots":{"index":"index","follow":"follow","max-snippet":"max-snippet:-1","max-image-preview":"max-image-preview:large","max-video-preview":"max-video-preview:-1"},"canonical":"https:\/\/zoo-land.az\/az\/shop\/cat\/cat-hygenic\/cat-hairwashes\/tauro-pro-line-6-in-1-pure-mist\/","og_locale":"az_AZ","og_type":"article","og_title":"Tauro Pro Line 6 in 1 pure mist - Zooland.az","og_description":"Natural,\u00a0multifunctional\u00a0product, created with\u00a0electrochemical activation. This process produces alkaline water with a pH of 11,3. It\u2019s designed for daily care of the skin, fur, eyes, and ears of dogs, cats, and other pets. Suitable for use during exhibitions.\u00a0","og_url":"https:\/\/zoo-land.az\/az\/shop\/cat\/cat-hygenic\/cat-hairwashes\/tauro-pro-line-6-in-1-pure-mist\/","og_site_name":"Zooland.az","og_image":[{"width":999,"height":999,"url":"https:\/\/zoo-land.az\/wp-content\/uploads\/2024\/06\/TPL63580.webp","type":"image\/webp"}],"twitter_card":"summary_large_image","twitter_misc":{"Est. reading time":"2 minutes"},"schema":{"@context":"https:\/\/schema.org","@graph":[{"@type":"WebPage","@id":"https:\/\/zoo-land.az\/ru\/shop\/cat\/cat-hygenic\/cat-hairwashes\/tauro-pro-line-6-in-1-pure-mist\/","url":"https:\/\/zoo-land.az\/ru\/shop\/cat\/cat-hygenic\/cat-hairwashes\/tauro-pro-line-6-in-1-pure-mist\/","name":"Tauro Pro Line 6 in 1 pure mist - Zooland.az","isPartOf":{"@id":"https:\/\/zoo-land.az\/#website"},"primaryImageOfPage":{"@id":"https:\/\/zoo-land.az\/ru\/shop\/cat\/cat-hygenic\/cat-hairwashes\/tauro-pro-line-6-in-1-pure-mist\/#primaryimage"},"image":{"@id":"https:\/\/zoo-land.az\/ru\/shop\/cat\/cat-hygenic\/cat-hairwashes\/tauro-pro-line-6-in-1-pure-mist\/#primaryimage"},"thumbnailUrl":"https:\/\/zoo-land.az\/wp-content\/uploads\/2024\/06\/TPL63580.webp","datePublished":"2024-06-08T07:28:31+00:00","breadcrumb":{"@id":"https:\/\/zoo-land.az\/ru\/shop\/cat\/cat-hygenic\/cat-hairwashes\/tauro-pro-line-6-in-1-pure-mist\/#breadcrumb"},"inLanguage":"az","potentialAction":[{"@type":"ReadAction","target":["https:\/\/zoo-land.az\/ru\/shop\/cat\/cat-hygenic\/cat-hairwashes\/tauro-pro-line-6-in-1-pure-mist\/"]}]},{"@type":"ImageObject","inLanguage":"az","@id":"https:\/\/zoo-land.az\/ru\/shop\/cat\/cat-hygenic\/cat-hairwashes\/tauro-pro-line-6-in-1-pure-mist\/#primaryimage","url":"https:\/\/zoo-land.az\/wp-content\/uploads\/2024\/06\/TPL63580.webp","contentUrl":"https:\/\/zoo-land.az\/wp-content\/uploads\/2024\/06\/TPL63580.webp","width":999,"height":999},{"@type":"BreadcrumbList","@id":"https:\/\/zoo-land.az\/ru\/shop\/cat\/cat-hygenic\/cat-hairwashes\/tauro-pro-line-6-in-1-pure-mist\/#breadcrumb","itemListElement":[{"@type":"ListItem","position":1,"name":"Home","item":"https:\/\/zoo-land.az\/ru\/"},{"@type":"ListItem","position":2,"name":"Shop","item":"https:\/\/zoo-land.az\/ru\/"},{"@type":"ListItem","position":3,"name":"Tauro Pro Line 6 in 1 pure mist"}]},{"@type":"WebSite","@id":"https:\/\/zoo-land.az\/#website","url":"https:\/\/zoo-land.az\/","name":"Zooland.az","description":"Xo\u015fb\u0259xt ev heyvanlar\u0131n\u0131n \u00fcnvan\u0131 Zooland.az","publisher":{"@id":"https:\/\/zoo-land.az\/#organization"},"potentialAction":[{"@type":"SearchAction","target":{"@type":"EntryPoint","urlTemplate":"https:\/\/zoo-land.az\/?s={search_term_string}"},"query-input":{"@type":"PropertyValueSpecification","valueRequired":true,"valueName":"search_term_string"}}],"inLanguage":"az"},{"@type":"Organization","@id":"https:\/\/zoo-land.az\/#organization","name":"Zooland.az","url":"https:\/\/zoo-land.az\/","logo":{"@type":"ImageObject","inLanguage":"az","@id":"https:\/\/zoo-land.az\/#\/schema\/logo\/image\/","url":"https:\/\/zoo-land.az\/wp-content\/uploads\/2022\/05\/logo.svg","contentUrl":"https:\/\/zoo-land.az\/wp-content\/uploads\/2022\/05\/logo.svg","width":113,"height":46,"caption":"Zooland.az"},"image":{"@id":"https:\/\/zoo-land.az\/#\/schema\/logo\/image\/"}}]}},"_links":{"self":[{"href":"https:\/\/zoo-land.az\/az\/wp-json\/wp\/v2\/product\/22975","targetHints":{"allow":["GET"]}}],"collection":[{"href":"https:\/\/zoo-land.az\/az\/wp-json\/wp\/v2\/product"}],"about":[{"href":"https:\/\/zoo-land.az\/az\/wp-json\/wp\/v2\/types\/product"}],"wp:featuredmedia":[{"embeddable":true,"href":"https:\/\/zoo-land.az\/az\/wp-json\/wp\/v2\/media\/22976"}],"wp:attachment":[{"href":"https:\/\/zoo-land.az\/az\/wp-json\/wp\/v2\/media?parent=22975"}],"wp:term":[{"taxonomy":"product_cat","embeddable":true,"href":"https:\/\/zoo-land.az\/az\/wp-json\/wp\/v2\/product_cat?post=22975"},{"taxonomy":"product_tag","embeddable":true,"href":"https:\/\/zoo-land.az\/az\/wp-json\/wp\/v2\/product_tag?post=22975"}],"curies":[{"name":"wp","href":"https:\/\/api.w.org\/{rel}","templated":true}]}}