{"id":22989,"date":"2024-06-08T10:23:08","date_gmt":"2024-06-08T10:23:08","guid":{"rendered":"https:\/\/lightsteelblue-zebra-299715.hostingersite.com\/?post_type=product&#038;p=22989"},"modified":"2026-02-09T14:26:02","modified_gmt":"2026-02-09T10:26:02","slug":"vitapol-karmeo-lovebirds-500-g","status":"publish","type":"product","link":"https:\/\/zoo-land.az\/az\/shop\/birdss\/food\/vitapol-karmeo-lovebirds-500-g\/","title":{"rendered":"Vitapol Karmeo Lovebirds 500 q"},"content":{"rendered":"<p>Main food for lovebirds KARMEO Premium 500 g. VITAPOL Complete food for lovebirds, containing all the necessary beneficial elements for a bird&#8217;s full life and good health. It includes grains, seeds, and fruits to nourish the body with vitamins and minerals. Thanks to the increased fiber content, digestion will improve. This food will help your pet develop properly, grow, and stay active and beautiful.<\/p>","protected":false},"excerpt":{"rendered":"<p>Main food for lovebirds KARMEO Premium 500 g. VITAPOL Complete food for lovebirds, containing all the necessary beneficial elements for a bird&#8217;s full life and good health. It includes grains, seeds, and fruits to nourish the body with vitamins and minerals. Thanks to the increased fiber content, digestion will improve. This food will help your pet develop properly, grow, and stay active and beautiful.<\/p>","protected":false},"featured_media":25257,"template":"","meta":{"inline_featured_image":false,"_joinchat":[]},"product_cat":[357,234],"product_tag":[],"class_list":{"0":"post-22989","1":"product","2":"type-product","3":"status-publish","4":"has-post-thumbnail","6":"product_brand-vitapol","7":"product_cat-food","8":"product_cat-birdss","10":"first","11":"instock","12":"shipping-taxable","13":"purchasable","14":"product-type-simple"},"yoast_head":"<!-- This site is optimized with the Yoast SEO plugin v26.7 - https:\/\/yoast.com\/wordpress\/plugins\/seo\/ -->\n<title>Vitapol Karmeo Lovebirds 500 g - Zooland.az<\/title>\n<meta name=\"robots\" content=\"index, follow, max-snippet:-1, max-image-preview:large, max-video-preview:-1\" \/>\n<link rel=\"canonical\" href=\"https:\/\/zoo-land.az\/az\/shop\/birdss\/food\/vitapol-karmeo-lovebirds-500-g\/\" \/>\n<meta property=\"og:locale\" content=\"az_AZ\" \/>\n<meta property=\"og:type\" content=\"article\" \/>\n<meta property=\"og:title\" content=\"Vitapol Karmeo Lovebirds 500 g - Zooland.az\" \/>\n<meta property=\"og:description\" content=\"Main food for lovebirds KARMEO Premium 500 g. VITAPOL Complete food for lovebirds, containing all the necessary beneficial elements for a bird&#039;s full life and good health. It includes grains, seeds, and fruits to nourish the body with vitamins and minerals. Thanks to the increased fiber content, digestion will improve. This food will help your pet develop properly, grow, and stay active and beautiful.\" \/>\n<meta property=\"og:url\" content=\"https:\/\/zoo-land.az\/az\/shop\/birdss\/food\/vitapol-karmeo-lovebirds-500-g\/\" \/>\n<meta property=\"og:site_name\" content=\"Zooland.az\" \/>\n<meta property=\"article:modified_time\" content=\"2026-02-09T10:26:02+00:00\" \/>\n<meta property=\"og:image\" content=\"http:\/\/zoo-land.az\/wp-content\/uploads\/2024\/06\/5904479026002.webp\" \/>\n\t<meta property=\"og:image:width\" content=\"800\" \/>\n\t<meta property=\"og:image:height\" content=\"800\" \/>\n\t<meta property=\"og:image:type\" content=\"image\/webp\" \/>\n<meta name=\"twitter:card\" content=\"summary_large_image\" \/>\n<meta name=\"twitter:label1\" content=\"Est. reading time\" \/>\n\t<meta name=\"twitter:data1\" content=\"1 minute\" \/>\n<script type=\"application\/ld+json\" class=\"yoast-schema-graph\">{\"@context\":\"https:\/\/schema.org\",\"@graph\":[{\"@type\":\"WebPage\",\"@id\":\"https:\/\/zoo-land.az\/shop\/birdss\/food\/vitapol-karmeo-lovebirds-500-g\/\",\"url\":\"https:\/\/zoo-land.az\/shop\/birdss\/food\/vitapol-karmeo-lovebirds-500-g\/\",\"name\":\"Vitapol Karmeo Lovebirds 500 g - Zooland.az\",\"isPartOf\":{\"@id\":\"https:\/\/zoo-land.az\/#website\"},\"primaryImageOfPage\":{\"@id\":\"https:\/\/zoo-land.az\/shop\/birdss\/food\/vitapol-karmeo-lovebirds-500-g\/#primaryimage\"},\"image\":{\"@id\":\"https:\/\/zoo-land.az\/shop\/birdss\/food\/vitapol-karmeo-lovebirds-500-g\/#primaryimage\"},\"thumbnailUrl\":\"https:\/\/zoo-land.az\/wp-content\/uploads\/2024\/06\/5904479026002.webp\",\"datePublished\":\"2024-06-08T10:23:08+00:00\",\"dateModified\":\"2026-02-09T10:26:02+00:00\",\"breadcrumb\":{\"@id\":\"https:\/\/zoo-land.az\/shop\/birdss\/food\/vitapol-karmeo-lovebirds-500-g\/#breadcrumb\"},\"inLanguage\":\"az\",\"potentialAction\":[{\"@type\":\"ReadAction\",\"target\":[\"https:\/\/zoo-land.az\/shop\/birdss\/food\/vitapol-karmeo-lovebirds-500-g\/\"]}]},{\"@type\":\"ImageObject\",\"inLanguage\":\"az\",\"@id\":\"https:\/\/zoo-land.az\/shop\/birdss\/food\/vitapol-karmeo-lovebirds-500-g\/#primaryimage\",\"url\":\"https:\/\/zoo-land.az\/wp-content\/uploads\/2024\/06\/5904479026002.webp\",\"contentUrl\":\"https:\/\/zoo-land.az\/wp-content\/uploads\/2024\/06\/5904479026002.webp\",\"width\":800,\"height\":800},{\"@type\":\"BreadcrumbList\",\"@id\":\"https:\/\/zoo-land.az\/shop\/birdss\/food\/vitapol-karmeo-lovebirds-500-g\/#breadcrumb\",\"itemListElement\":[{\"@type\":\"ListItem\",\"position\":1,\"name\":\"Home\",\"item\":\"https:\/\/zoo-land.az\/ru\/\"},{\"@type\":\"ListItem\",\"position\":2,\"name\":\"Shop\",\"item\":\"https:\/\/zoo-land.az\/ru\/\"},{\"@type\":\"ListItem\",\"position\":3,\"name\":\"Vitapol Karmeo Lovebirds 500 g\"}]},{\"@type\":\"WebSite\",\"@id\":\"https:\/\/zoo-land.az\/#website\",\"url\":\"https:\/\/zoo-land.az\/\",\"name\":\"Zooland.az\",\"description\":\"Xo\u015fb\u0259xt ev heyvanlar\u0131n\u0131n \u00fcnvan\u0131 Zooland.az\",\"publisher\":{\"@id\":\"https:\/\/zoo-land.az\/#organization\"},\"potentialAction\":[{\"@type\":\"SearchAction\",\"target\":{\"@type\":\"EntryPoint\",\"urlTemplate\":\"https:\/\/zoo-land.az\/?s={search_term_string}\"},\"query-input\":{\"@type\":\"PropertyValueSpecification\",\"valueRequired\":true,\"valueName\":\"search_term_string\"}}],\"inLanguage\":\"az\"},{\"@type\":\"Organization\",\"@id\":\"https:\/\/zoo-land.az\/#organization\",\"name\":\"Zooland.az\",\"url\":\"https:\/\/zoo-land.az\/\",\"logo\":{\"@type\":\"ImageObject\",\"inLanguage\":\"az\",\"@id\":\"https:\/\/zoo-land.az\/#\/schema\/logo\/image\/\",\"url\":\"https:\/\/zoo-land.az\/wp-content\/uploads\/2022\/05\/logo.svg\",\"contentUrl\":\"https:\/\/zoo-land.az\/wp-content\/uploads\/2022\/05\/logo.svg\",\"width\":113,\"height\":46,\"caption\":\"Zooland.az\"},\"image\":{\"@id\":\"https:\/\/zoo-land.az\/#\/schema\/logo\/image\/\"}}]}<\/script>\n<!-- \/ Yoast SEO plugin. -->","yoast_head_json":{"title":"Vitapol Karmeo Lovebirds 500 g - Zooland.az","robots":{"index":"index","follow":"follow","max-snippet":"max-snippet:-1","max-image-preview":"max-image-preview:large","max-video-preview":"max-video-preview:-1"},"canonical":"https:\/\/zoo-land.az\/az\/shop\/birdss\/food\/vitapol-karmeo-lovebirds-500-g\/","og_locale":"az_AZ","og_type":"article","og_title":"Vitapol Karmeo Lovebirds 500 g - Zooland.az","og_description":"Main food for lovebirds KARMEO Premium 500 g. VITAPOL Complete food for lovebirds, containing all the necessary beneficial elements for a bird's full life and good health. It includes grains, seeds, and fruits to nourish the body with vitamins and minerals. Thanks to the increased fiber content, digestion will improve. This food will help your pet develop properly, grow, and stay active and beautiful.","og_url":"https:\/\/zoo-land.az\/az\/shop\/birdss\/food\/vitapol-karmeo-lovebirds-500-g\/","og_site_name":"Zooland.az","article_modified_time":"2026-02-09T10:26:02+00:00","og_image":[{"width":800,"height":800,"url":"http:\/\/zoo-land.az\/wp-content\/uploads\/2024\/06\/5904479026002.webp","type":"image\/webp"}],"twitter_card":"summary_large_image","twitter_misc":{"Est. reading time":"1 minute"},"schema":{"@context":"https:\/\/schema.org","@graph":[{"@type":"WebPage","@id":"https:\/\/zoo-land.az\/shop\/birdss\/food\/vitapol-karmeo-lovebirds-500-g\/","url":"https:\/\/zoo-land.az\/shop\/birdss\/food\/vitapol-karmeo-lovebirds-500-g\/","name":"Vitapol Karmeo Lovebirds 500 g - Zooland.az","isPartOf":{"@id":"https:\/\/zoo-land.az\/#website"},"primaryImageOfPage":{"@id":"https:\/\/zoo-land.az\/shop\/birdss\/food\/vitapol-karmeo-lovebirds-500-g\/#primaryimage"},"image":{"@id":"https:\/\/zoo-land.az\/shop\/birdss\/food\/vitapol-karmeo-lovebirds-500-g\/#primaryimage"},"thumbnailUrl":"https:\/\/zoo-land.az\/wp-content\/uploads\/2024\/06\/5904479026002.webp","datePublished":"2024-06-08T10:23:08+00:00","dateModified":"2026-02-09T10:26:02+00:00","breadcrumb":{"@id":"https:\/\/zoo-land.az\/shop\/birdss\/food\/vitapol-karmeo-lovebirds-500-g\/#breadcrumb"},"inLanguage":"az","potentialAction":[{"@type":"ReadAction","target":["https:\/\/zoo-land.az\/shop\/birdss\/food\/vitapol-karmeo-lovebirds-500-g\/"]}]},{"@type":"ImageObject","inLanguage":"az","@id":"https:\/\/zoo-land.az\/shop\/birdss\/food\/vitapol-karmeo-lovebirds-500-g\/#primaryimage","url":"https:\/\/zoo-land.az\/wp-content\/uploads\/2024\/06\/5904479026002.webp","contentUrl":"https:\/\/zoo-land.az\/wp-content\/uploads\/2024\/06\/5904479026002.webp","width":800,"height":800},{"@type":"BreadcrumbList","@id":"https:\/\/zoo-land.az\/shop\/birdss\/food\/vitapol-karmeo-lovebirds-500-g\/#breadcrumb","itemListElement":[{"@type":"ListItem","position":1,"name":"Home","item":"https:\/\/zoo-land.az\/ru\/"},{"@type":"ListItem","position":2,"name":"Shop","item":"https:\/\/zoo-land.az\/ru\/"},{"@type":"ListItem","position":3,"name":"Vitapol Karmeo Lovebirds 500 g"}]},{"@type":"WebSite","@id":"https:\/\/zoo-land.az\/#website","url":"https:\/\/zoo-land.az\/","name":"Zooland.az","description":"Xo\u015fb\u0259xt ev heyvanlar\u0131n\u0131n \u00fcnvan\u0131 Zooland.az","publisher":{"@id":"https:\/\/zoo-land.az\/#organization"},"potentialAction":[{"@type":"SearchAction","target":{"@type":"EntryPoint","urlTemplate":"https:\/\/zoo-land.az\/?s={search_term_string}"},"query-input":{"@type":"PropertyValueSpecification","valueRequired":true,"valueName":"search_term_string"}}],"inLanguage":"az"},{"@type":"Organization","@id":"https:\/\/zoo-land.az\/#organization","name":"Zooland.az","url":"https:\/\/zoo-land.az\/","logo":{"@type":"ImageObject","inLanguage":"az","@id":"https:\/\/zoo-land.az\/#\/schema\/logo\/image\/","url":"https:\/\/zoo-land.az\/wp-content\/uploads\/2022\/05\/logo.svg","contentUrl":"https:\/\/zoo-land.az\/wp-content\/uploads\/2022\/05\/logo.svg","width":113,"height":46,"caption":"Zooland.az"},"image":{"@id":"https:\/\/zoo-land.az\/#\/schema\/logo\/image\/"}}]}},"_links":{"self":[{"href":"https:\/\/zoo-land.az\/az\/wp-json\/wp\/v2\/product\/22989","targetHints":{"allow":["GET"]}}],"collection":[{"href":"https:\/\/zoo-land.az\/az\/wp-json\/wp\/v2\/product"}],"about":[{"href":"https:\/\/zoo-land.az\/az\/wp-json\/wp\/v2\/types\/product"}],"wp:featuredmedia":[{"embeddable":true,"href":"https:\/\/zoo-land.az\/az\/wp-json\/wp\/v2\/media\/25257"}],"wp:attachment":[{"href":"https:\/\/zoo-land.az\/az\/wp-json\/wp\/v2\/media?parent=22989"}],"wp:term":[{"taxonomy":"product_cat","embeddable":true,"href":"https:\/\/zoo-land.az\/az\/wp-json\/wp\/v2\/product_cat?post=22989"},{"taxonomy":"product_tag","embeddable":true,"href":"https:\/\/zoo-land.az\/az\/wp-json\/wp\/v2\/product_tag?post=22989"}],"curies":[{"name":"wp","href":"https:\/\/api.w.org\/{rel}","templated":true}]}}