{"id":23007,"date":"2024-06-09T16:22:18","date_gmt":"2024-06-09T16:22:18","guid":{"rendered":"https:\/\/lightsteelblue-zebra-299715.hostingersite.com\/?post_type=product&#038;p=23007"},"modified":"2024-06-09T16:22:18","modified_gmt":"2024-06-09T16:22:18","slug":"vitapol-karmeo-premium-hamster-food-500-g","status":"publish","type":"product","link":"https:\/\/zoo-land.az\/az\/shop\/for-rodents\/hamsters\/vitapol-karmeo-premium-hamster-food-500-g\/","title":{"rendered":"Vitapol Karmeo Premium Hamster Food 500 g"},"content":{"rendered":"<p>Vitapol Karmeo Premium is a high-quality hamster food. This premium blend has a reduced content of whole grains, replaced by high-quality pellets made from meadow hay. As a result, Karmeo boasts a higher fiber content, which improves digestion and ensures the proper functioning of the digestive system. The food is enriched with extruded ingredients, representing the most innovative source of nutrition. Extrusion facilitates easy protein digestion, enhances fiber absorption, and eliminates bacteria from the diet, making Karmeo a healthy, safe, and nutritious product. The granules and extrudates, enriched with dried herbs, vegetables, and fruits in their natural form, give each food its unique character and attractive taste.<\/p>","protected":false},"excerpt":{"rendered":"<p>Vitapol Karmeo Premium is a high-quality hamster food. This premium blend has a reduced content of whole grains, replaced by high-quality pellets made from meadow hay. As a result, Karmeo boasts a higher fiber content, which improves digestion and ensures the proper functioning of the digestive system. The food is enriched with extruded ingredients, representing the most innovative source of nutrition. Extrusion facilitates easy protein digestion, enhances fiber absorption, and eliminates bacteria from the diet, making Karmeo a healthy, safe, and nutritious product. The granules and extrudates, enriched with dried herbs, vegetables, and fruits in their natural form, give each food its unique character and attractive taste.<\/p>","protected":false},"featured_media":23008,"template":"","meta":{"inline_featured_image":false,"_joinchat":[]},"product_cat":[376,379],"product_tag":[],"class_list":{"0":"post-23007","1":"product","2":"type-product","3":"status-publish","4":"has-post-thumbnail","6":"product_brand-vitapol","7":"product_cat-for-rodents","8":"product_cat-hamsters","10":"first","11":"instock","12":"shipping-taxable","13":"purchasable","14":"product-type-simple"},"yoast_head":"<!-- This site is optimized with the Yoast SEO plugin v26.7 - https:\/\/yoast.com\/wordpress\/plugins\/seo\/ -->\n<title>Vitapol Karmeo Premium Hamster Food 500 g - Zooland.az<\/title>\n<meta name=\"robots\" content=\"index, follow, max-snippet:-1, max-image-preview:large, max-video-preview:-1\" \/>\n<link rel=\"canonical\" href=\"https:\/\/zoo-land.az\/az\/shop\/for-rodents\/hamsters\/vitapol-karmeo-premium-hamster-food-500-g\/\" \/>\n<meta property=\"og:locale\" content=\"az_AZ\" \/>\n<meta property=\"og:type\" content=\"article\" \/>\n<meta property=\"og:title\" content=\"Vitapol Karmeo Premium Hamster Food 500 g - Zooland.az\" \/>\n<meta property=\"og:description\" content=\"Vitapol Karmeo Premium is a high-quality hamster food. This premium blend has a reduced content of whole grains, replaced by high-quality pellets made from meadow hay. As a result, Karmeo boasts a higher fiber content, which improves digestion and ensures the proper functioning of the digestive system. The food is enriched with extruded ingredients, representing the most innovative source of nutrition. Extrusion facilitates easy protein digestion, enhances fiber absorption, and eliminates bacteria from the diet, making Karmeo a healthy, safe, and nutritious product. The granules and extrudates, enriched with dried herbs, vegetables, and fruits in their natural form, give each food its unique character and attractive taste.\" \/>\n<meta property=\"og:url\" content=\"https:\/\/zoo-land.az\/az\/shop\/for-rodents\/hamsters\/vitapol-karmeo-premium-hamster-food-500-g\/\" \/>\n<meta property=\"og:site_name\" content=\"Zooland.az\" \/>\n<meta property=\"og:image\" content=\"https:\/\/zoo-land.az\/wp-content\/uploads\/2024\/06\/135324-f598ad62b204993b588101c6ba04bdd5.jpg\" \/>\n\t<meta property=\"og:image:width\" content=\"840\" \/>\n\t<meta property=\"og:image:height\" content=\"840\" \/>\n\t<meta property=\"og:image:type\" content=\"image\/jpeg\" \/>\n<meta name=\"twitter:card\" content=\"summary_large_image\" \/>\n<meta name=\"twitter:label1\" content=\"Est. reading time\" \/>\n\t<meta name=\"twitter:data1\" content=\"1 minute\" \/>\n<script type=\"application\/ld+json\" class=\"yoast-schema-graph\">{\"@context\":\"https:\/\/schema.org\",\"@graph\":[{\"@type\":\"WebPage\",\"@id\":\"https:\/\/zoo-land.az\/az\/shop\/for-rodents\/hamsters\/vitapol-karmeo-premium-hamster-food-500-g\/\",\"url\":\"https:\/\/zoo-land.az\/az\/shop\/for-rodents\/hamsters\/vitapol-karmeo-premium-hamster-food-500-g\/\",\"name\":\"Vitapol Karmeo Premium Hamster Food 500 g - Zooland.az\",\"isPartOf\":{\"@id\":\"https:\/\/zoo-land.az\/#website\"},\"primaryImageOfPage\":{\"@id\":\"https:\/\/zoo-land.az\/az\/shop\/for-rodents\/hamsters\/vitapol-karmeo-premium-hamster-food-500-g\/#primaryimage\"},\"image\":{\"@id\":\"https:\/\/zoo-land.az\/az\/shop\/for-rodents\/hamsters\/vitapol-karmeo-premium-hamster-food-500-g\/#primaryimage\"},\"thumbnailUrl\":\"https:\/\/zoo-land.az\/wp-content\/uploads\/2024\/06\/135324-f598ad62b204993b588101c6ba04bdd5.jpg\",\"datePublished\":\"2024-06-09T16:22:18+00:00\",\"breadcrumb\":{\"@id\":\"https:\/\/zoo-land.az\/az\/shop\/for-rodents\/hamsters\/vitapol-karmeo-premium-hamster-food-500-g\/#breadcrumb\"},\"inLanguage\":\"az\",\"potentialAction\":[{\"@type\":\"ReadAction\",\"target\":[\"https:\/\/zoo-land.az\/az\/shop\/for-rodents\/hamsters\/vitapol-karmeo-premium-hamster-food-500-g\/\"]}]},{\"@type\":\"ImageObject\",\"inLanguage\":\"az\",\"@id\":\"https:\/\/zoo-land.az\/az\/shop\/for-rodents\/hamsters\/vitapol-karmeo-premium-hamster-food-500-g\/#primaryimage\",\"url\":\"https:\/\/zoo-land.az\/wp-content\/uploads\/2024\/06\/135324-f598ad62b204993b588101c6ba04bdd5.jpg\",\"contentUrl\":\"https:\/\/zoo-land.az\/wp-content\/uploads\/2024\/06\/135324-f598ad62b204993b588101c6ba04bdd5.jpg\",\"width\":840,\"height\":840},{\"@type\":\"BreadcrumbList\",\"@id\":\"https:\/\/zoo-land.az\/az\/shop\/for-rodents\/hamsters\/vitapol-karmeo-premium-hamster-food-500-g\/#breadcrumb\",\"itemListElement\":[{\"@type\":\"ListItem\",\"position\":1,\"name\":\"Home\",\"item\":\"https:\/\/zoo-land.az\/ru\/\"},{\"@type\":\"ListItem\",\"position\":2,\"name\":\"Shop\",\"item\":\"https:\/\/zoo-land.az\/ru\/\"},{\"@type\":\"ListItem\",\"position\":3,\"name\":\"Vitapol Karmeo Premium Hamster Food 500 g\"}]},{\"@type\":\"WebSite\",\"@id\":\"https:\/\/zoo-land.az\/#website\",\"url\":\"https:\/\/zoo-land.az\/\",\"name\":\"Zooland.az\",\"description\":\"Xo\u015fb\u0259xt ev heyvanlar\u0131n\u0131n \u00fcnvan\u0131 Zooland.az\",\"publisher\":{\"@id\":\"https:\/\/zoo-land.az\/#organization\"},\"potentialAction\":[{\"@type\":\"SearchAction\",\"target\":{\"@type\":\"EntryPoint\",\"urlTemplate\":\"https:\/\/zoo-land.az\/?s={search_term_string}\"},\"query-input\":{\"@type\":\"PropertyValueSpecification\",\"valueRequired\":true,\"valueName\":\"search_term_string\"}}],\"inLanguage\":\"az\"},{\"@type\":\"Organization\",\"@id\":\"https:\/\/zoo-land.az\/#organization\",\"name\":\"Zooland.az\",\"url\":\"https:\/\/zoo-land.az\/\",\"logo\":{\"@type\":\"ImageObject\",\"inLanguage\":\"az\",\"@id\":\"https:\/\/zoo-land.az\/#\/schema\/logo\/image\/\",\"url\":\"https:\/\/zoo-land.az\/wp-content\/uploads\/2022\/05\/logo.svg\",\"contentUrl\":\"https:\/\/zoo-land.az\/wp-content\/uploads\/2022\/05\/logo.svg\",\"width\":113,\"height\":46,\"caption\":\"Zooland.az\"},\"image\":{\"@id\":\"https:\/\/zoo-land.az\/#\/schema\/logo\/image\/\"}}]}<\/script>\n<!-- \/ Yoast SEO plugin. -->","yoast_head_json":{"title":"Vitapol Karmeo Premium Hamster Food 500 g - Zooland.az","robots":{"index":"index","follow":"follow","max-snippet":"max-snippet:-1","max-image-preview":"max-image-preview:large","max-video-preview":"max-video-preview:-1"},"canonical":"https:\/\/zoo-land.az\/az\/shop\/for-rodents\/hamsters\/vitapol-karmeo-premium-hamster-food-500-g\/","og_locale":"az_AZ","og_type":"article","og_title":"Vitapol Karmeo Premium Hamster Food 500 g - Zooland.az","og_description":"Vitapol Karmeo Premium is a high-quality hamster food. This premium blend has a reduced content of whole grains, replaced by high-quality pellets made from meadow hay. As a result, Karmeo boasts a higher fiber content, which improves digestion and ensures the proper functioning of the digestive system. The food is enriched with extruded ingredients, representing the most innovative source of nutrition. Extrusion facilitates easy protein digestion, enhances fiber absorption, and eliminates bacteria from the diet, making Karmeo a healthy, safe, and nutritious product. The granules and extrudates, enriched with dried herbs, vegetables, and fruits in their natural form, give each food its unique character and attractive taste.","og_url":"https:\/\/zoo-land.az\/az\/shop\/for-rodents\/hamsters\/vitapol-karmeo-premium-hamster-food-500-g\/","og_site_name":"Zooland.az","og_image":[{"width":840,"height":840,"url":"https:\/\/zoo-land.az\/wp-content\/uploads\/2024\/06\/135324-f598ad62b204993b588101c6ba04bdd5.jpg","type":"image\/jpeg"}],"twitter_card":"summary_large_image","twitter_misc":{"Est. reading time":"1 minute"},"schema":{"@context":"https:\/\/schema.org","@graph":[{"@type":"WebPage","@id":"https:\/\/zoo-land.az\/az\/shop\/for-rodents\/hamsters\/vitapol-karmeo-premium-hamster-food-500-g\/","url":"https:\/\/zoo-land.az\/az\/shop\/for-rodents\/hamsters\/vitapol-karmeo-premium-hamster-food-500-g\/","name":"Vitapol Karmeo Premium Hamster Food 500 g - Zooland.az","isPartOf":{"@id":"https:\/\/zoo-land.az\/#website"},"primaryImageOfPage":{"@id":"https:\/\/zoo-land.az\/az\/shop\/for-rodents\/hamsters\/vitapol-karmeo-premium-hamster-food-500-g\/#primaryimage"},"image":{"@id":"https:\/\/zoo-land.az\/az\/shop\/for-rodents\/hamsters\/vitapol-karmeo-premium-hamster-food-500-g\/#primaryimage"},"thumbnailUrl":"https:\/\/zoo-land.az\/wp-content\/uploads\/2024\/06\/135324-f598ad62b204993b588101c6ba04bdd5.jpg","datePublished":"2024-06-09T16:22:18+00:00","breadcrumb":{"@id":"https:\/\/zoo-land.az\/az\/shop\/for-rodents\/hamsters\/vitapol-karmeo-premium-hamster-food-500-g\/#breadcrumb"},"inLanguage":"az","potentialAction":[{"@type":"ReadAction","target":["https:\/\/zoo-land.az\/az\/shop\/for-rodents\/hamsters\/vitapol-karmeo-premium-hamster-food-500-g\/"]}]},{"@type":"ImageObject","inLanguage":"az","@id":"https:\/\/zoo-land.az\/az\/shop\/for-rodents\/hamsters\/vitapol-karmeo-premium-hamster-food-500-g\/#primaryimage","url":"https:\/\/zoo-land.az\/wp-content\/uploads\/2024\/06\/135324-f598ad62b204993b588101c6ba04bdd5.jpg","contentUrl":"https:\/\/zoo-land.az\/wp-content\/uploads\/2024\/06\/135324-f598ad62b204993b588101c6ba04bdd5.jpg","width":840,"height":840},{"@type":"BreadcrumbList","@id":"https:\/\/zoo-land.az\/az\/shop\/for-rodents\/hamsters\/vitapol-karmeo-premium-hamster-food-500-g\/#breadcrumb","itemListElement":[{"@type":"ListItem","position":1,"name":"Home","item":"https:\/\/zoo-land.az\/ru\/"},{"@type":"ListItem","position":2,"name":"Shop","item":"https:\/\/zoo-land.az\/ru\/"},{"@type":"ListItem","position":3,"name":"Vitapol Karmeo Premium Hamster Food 500 g"}]},{"@type":"WebSite","@id":"https:\/\/zoo-land.az\/#website","url":"https:\/\/zoo-land.az\/","name":"Zooland.az","description":"Xo\u015fb\u0259xt ev heyvanlar\u0131n\u0131n \u00fcnvan\u0131 Zooland.az","publisher":{"@id":"https:\/\/zoo-land.az\/#organization"},"potentialAction":[{"@type":"SearchAction","target":{"@type":"EntryPoint","urlTemplate":"https:\/\/zoo-land.az\/?s={search_term_string}"},"query-input":{"@type":"PropertyValueSpecification","valueRequired":true,"valueName":"search_term_string"}}],"inLanguage":"az"},{"@type":"Organization","@id":"https:\/\/zoo-land.az\/#organization","name":"Zooland.az","url":"https:\/\/zoo-land.az\/","logo":{"@type":"ImageObject","inLanguage":"az","@id":"https:\/\/zoo-land.az\/#\/schema\/logo\/image\/","url":"https:\/\/zoo-land.az\/wp-content\/uploads\/2022\/05\/logo.svg","contentUrl":"https:\/\/zoo-land.az\/wp-content\/uploads\/2022\/05\/logo.svg","width":113,"height":46,"caption":"Zooland.az"},"image":{"@id":"https:\/\/zoo-land.az\/#\/schema\/logo\/image\/"}}]}},"_links":{"self":[{"href":"https:\/\/zoo-land.az\/az\/wp-json\/wp\/v2\/product\/23007","targetHints":{"allow":["GET"]}}],"collection":[{"href":"https:\/\/zoo-land.az\/az\/wp-json\/wp\/v2\/product"}],"about":[{"href":"https:\/\/zoo-land.az\/az\/wp-json\/wp\/v2\/types\/product"}],"wp:featuredmedia":[{"embeddable":true,"href":"https:\/\/zoo-land.az\/az\/wp-json\/wp\/v2\/media\/23008"}],"wp:attachment":[{"href":"https:\/\/zoo-land.az\/az\/wp-json\/wp\/v2\/media?parent=23007"}],"wp:term":[{"taxonomy":"product_cat","embeddable":true,"href":"https:\/\/zoo-land.az\/az\/wp-json\/wp\/v2\/product_cat?post=23007"},{"taxonomy":"product_tag","embeddable":true,"href":"https:\/\/zoo-land.az\/az\/wp-json\/wp\/v2\/product_tag?post=23007"}],"curies":[{"name":"wp","href":"https:\/\/api.w.org\/{rel}","templated":true}]}}