{"id":23050,"date":"2024-06-09T18:53:51","date_gmt":"2024-06-09T18:53:51","guid":{"rendered":"https:\/\/lightsteelblue-zebra-299715.hostingersite.com\/?post_type=product&#038;p=23050"},"modified":"2024-06-09T18:53:52","modified_gmt":"2024-06-09T18:53:52","slug":"animonda-carny-kitten-beef-turkey-200-g","status":"publish","type":"product","link":"https:\/\/zoo-land.az\/az\/shop\/cat\/cat-wetfoods\/animonda-carny-kitten-beef-turkey-200-g\/","title":{"rendered":"Animonda Carny Kitten Mal \u0259ti Hindu\u015fka 200 q"},"content":{"rendered":"<p>Carny\u00ae Kitten is a balanced, delicious, and healthy diet of the highest level for raising kittens in their first year of life. Kittens develop their first taste preferences very early on. Carny\u00ae Kitten, with its very tasty, kitten-adapted small meaty pieces, is specially prepared to meet the dietary needs of growing cats.<\/p>","protected":false},"excerpt":{"rendered":"<p>Carny\u00ae Kitten is a balanced, delicious, and healthy diet of the highest level for raising kittens in their first year of life. Kittens develop their first taste preferences very early on. Carny\u00ae Kitten, with its very tasty, kitten-adapted small meaty pieces, is specially prepared to meet the dietary needs of growing cats.<\/p>","protected":false},"featured_media":23051,"template":"","meta":{"inline_featured_image":false,"_joinchat":[]},"product_cat":[188,190],"product_tag":[],"class_list":{"0":"post-23050","1":"product","2":"type-product","3":"status-publish","4":"has-post-thumbnail","6":"product_brand-animonda","7":"product_cat-cat","8":"product_cat-cat-wetfoods","10":"first","11":"instock","12":"shipping-taxable","13":"purchasable","14":"product-type-simple"},"yoast_head":"<!-- This site is optimized with the Yoast SEO plugin v26.7 - https:\/\/yoast.com\/wordpress\/plugins\/seo\/ -->\n<title>Animonda Carny Kitten Beef Turkey 200 g - Zooland.az<\/title>\n<meta name=\"robots\" content=\"index, follow, max-snippet:-1, max-image-preview:large, max-video-preview:-1\" \/>\n<link rel=\"canonical\" href=\"https:\/\/zoo-land.az\/az\/shop\/cat\/cat-wetfoods\/animonda-carny-kitten-beef-turkey-200-g\/\" \/>\n<meta property=\"og:locale\" content=\"az_AZ\" \/>\n<meta property=\"og:type\" content=\"article\" \/>\n<meta property=\"og:title\" content=\"Animonda Carny Kitten Beef Turkey 200 g - Zooland.az\" \/>\n<meta property=\"og:description\" content=\"Carny\u00ae Kitten is a balanced, delicious, and healthy diet of the highest level for raising kittens in their first year of life. Kittens develop their first taste preferences very early on. Carny\u00ae Kitten, with its very tasty, kitten-adapted small meaty pieces, is specially prepared to meet the dietary needs of growing cats.\" \/>\n<meta property=\"og:url\" content=\"https:\/\/zoo-land.az\/az\/shop\/cat\/cat-wetfoods\/animonda-carny-kitten-beef-turkey-200-g\/\" \/>\n<meta property=\"og:site_name\" content=\"Zooland.az\" \/>\n<meta property=\"article:modified_time\" content=\"2024-06-09T18:53:52+00:00\" \/>\n<meta property=\"og:image\" content=\"https:\/\/zoo-land.az\/wp-content\/uploads\/2024\/06\/carny-kitten-83696.jpg\" \/>\n\t<meta property=\"og:image:width\" content=\"690\" \/>\n\t<meta property=\"og:image:height\" content=\"690\" \/>\n\t<meta property=\"og:image:type\" content=\"image\/jpeg\" \/>\n<meta name=\"twitter:card\" content=\"summary_large_image\" \/>\n<script type=\"application\/ld+json\" class=\"yoast-schema-graph\">{\"@context\":\"https:\/\/schema.org\",\"@graph\":[{\"@type\":\"WebPage\",\"@id\":\"https:\/\/zoo-land.az\/az\/shop\/cat\/cat-wetfoods\/animonda-carny-kitten-beef-turkey-200-g\/\",\"url\":\"https:\/\/zoo-land.az\/az\/shop\/cat\/cat-wetfoods\/animonda-carny-kitten-beef-turkey-200-g\/\",\"name\":\"Animonda Carny Kitten Beef Turkey 200 g - Zooland.az\",\"isPartOf\":{\"@id\":\"https:\/\/zoo-land.az\/#website\"},\"primaryImageOfPage\":{\"@id\":\"https:\/\/zoo-land.az\/az\/shop\/cat\/cat-wetfoods\/animonda-carny-kitten-beef-turkey-200-g\/#primaryimage\"},\"image\":{\"@id\":\"https:\/\/zoo-land.az\/az\/shop\/cat\/cat-wetfoods\/animonda-carny-kitten-beef-turkey-200-g\/#primaryimage\"},\"thumbnailUrl\":\"https:\/\/zoo-land.az\/wp-content\/uploads\/2024\/06\/carny-kitten-83696.jpg\",\"datePublished\":\"2024-06-09T18:53:51+00:00\",\"dateModified\":\"2024-06-09T18:53:52+00:00\",\"breadcrumb\":{\"@id\":\"https:\/\/zoo-land.az\/az\/shop\/cat\/cat-wetfoods\/animonda-carny-kitten-beef-turkey-200-g\/#breadcrumb\"},\"inLanguage\":\"az\",\"potentialAction\":[{\"@type\":\"ReadAction\",\"target\":[\"https:\/\/zoo-land.az\/az\/shop\/cat\/cat-wetfoods\/animonda-carny-kitten-beef-turkey-200-g\/\"]}]},{\"@type\":\"ImageObject\",\"inLanguage\":\"az\",\"@id\":\"https:\/\/zoo-land.az\/az\/shop\/cat\/cat-wetfoods\/animonda-carny-kitten-beef-turkey-200-g\/#primaryimage\",\"url\":\"https:\/\/zoo-land.az\/wp-content\/uploads\/2024\/06\/carny-kitten-83696.jpg\",\"contentUrl\":\"https:\/\/zoo-land.az\/wp-content\/uploads\/2024\/06\/carny-kitten-83696.jpg\",\"width\":690,\"height\":690},{\"@type\":\"BreadcrumbList\",\"@id\":\"https:\/\/zoo-land.az\/az\/shop\/cat\/cat-wetfoods\/animonda-carny-kitten-beef-turkey-200-g\/#breadcrumb\",\"itemListElement\":[{\"@type\":\"ListItem\",\"position\":1,\"name\":\"Home\",\"item\":\"https:\/\/zoo-land.az\/ru\/\"},{\"@type\":\"ListItem\",\"position\":2,\"name\":\"Shop\",\"item\":\"https:\/\/zoo-land.az\/ru\/\"},{\"@type\":\"ListItem\",\"position\":3,\"name\":\"Animonda Carny Kitten Beef Turkey 200 g\"}]},{\"@type\":\"WebSite\",\"@id\":\"https:\/\/zoo-land.az\/#website\",\"url\":\"https:\/\/zoo-land.az\/\",\"name\":\"Zooland.az\",\"description\":\"Xo\u015fb\u0259xt ev heyvanlar\u0131n\u0131n \u00fcnvan\u0131 Zooland.az\",\"publisher\":{\"@id\":\"https:\/\/zoo-land.az\/#organization\"},\"potentialAction\":[{\"@type\":\"SearchAction\",\"target\":{\"@type\":\"EntryPoint\",\"urlTemplate\":\"https:\/\/zoo-land.az\/?s={search_term_string}\"},\"query-input\":{\"@type\":\"PropertyValueSpecification\",\"valueRequired\":true,\"valueName\":\"search_term_string\"}}],\"inLanguage\":\"az\"},{\"@type\":\"Organization\",\"@id\":\"https:\/\/zoo-land.az\/#organization\",\"name\":\"Zooland.az\",\"url\":\"https:\/\/zoo-land.az\/\",\"logo\":{\"@type\":\"ImageObject\",\"inLanguage\":\"az\",\"@id\":\"https:\/\/zoo-land.az\/#\/schema\/logo\/image\/\",\"url\":\"https:\/\/zoo-land.az\/wp-content\/uploads\/2022\/05\/logo.svg\",\"contentUrl\":\"https:\/\/zoo-land.az\/wp-content\/uploads\/2022\/05\/logo.svg\",\"width\":113,\"height\":46,\"caption\":\"Zooland.az\"},\"image\":{\"@id\":\"https:\/\/zoo-land.az\/#\/schema\/logo\/image\/\"}}]}<\/script>\n<!-- \/ Yoast SEO plugin. -->","yoast_head_json":{"title":"Animonda Carny Kitten Beef Turkey 200 g - Zooland.az","robots":{"index":"index","follow":"follow","max-snippet":"max-snippet:-1","max-image-preview":"max-image-preview:large","max-video-preview":"max-video-preview:-1"},"canonical":"https:\/\/zoo-land.az\/az\/shop\/cat\/cat-wetfoods\/animonda-carny-kitten-beef-turkey-200-g\/","og_locale":"az_AZ","og_type":"article","og_title":"Animonda Carny Kitten Beef Turkey 200 g - Zooland.az","og_description":"Carny\u00ae Kitten is a balanced, delicious, and healthy diet of the highest level for raising kittens in their first year of life. Kittens develop their first taste preferences very early on. Carny\u00ae Kitten, with its very tasty, kitten-adapted small meaty pieces, is specially prepared to meet the dietary needs of growing cats.","og_url":"https:\/\/zoo-land.az\/az\/shop\/cat\/cat-wetfoods\/animonda-carny-kitten-beef-turkey-200-g\/","og_site_name":"Zooland.az","article_modified_time":"2024-06-09T18:53:52+00:00","og_image":[{"width":690,"height":690,"url":"https:\/\/zoo-land.az\/wp-content\/uploads\/2024\/06\/carny-kitten-83696.jpg","type":"image\/jpeg"}],"twitter_card":"summary_large_image","schema":{"@context":"https:\/\/schema.org","@graph":[{"@type":"WebPage","@id":"https:\/\/zoo-land.az\/az\/shop\/cat\/cat-wetfoods\/animonda-carny-kitten-beef-turkey-200-g\/","url":"https:\/\/zoo-land.az\/az\/shop\/cat\/cat-wetfoods\/animonda-carny-kitten-beef-turkey-200-g\/","name":"Animonda Carny Kitten Beef Turkey 200 g - Zooland.az","isPartOf":{"@id":"https:\/\/zoo-land.az\/#website"},"primaryImageOfPage":{"@id":"https:\/\/zoo-land.az\/az\/shop\/cat\/cat-wetfoods\/animonda-carny-kitten-beef-turkey-200-g\/#primaryimage"},"image":{"@id":"https:\/\/zoo-land.az\/az\/shop\/cat\/cat-wetfoods\/animonda-carny-kitten-beef-turkey-200-g\/#primaryimage"},"thumbnailUrl":"https:\/\/zoo-land.az\/wp-content\/uploads\/2024\/06\/carny-kitten-83696.jpg","datePublished":"2024-06-09T18:53:51+00:00","dateModified":"2024-06-09T18:53:52+00:00","breadcrumb":{"@id":"https:\/\/zoo-land.az\/az\/shop\/cat\/cat-wetfoods\/animonda-carny-kitten-beef-turkey-200-g\/#breadcrumb"},"inLanguage":"az","potentialAction":[{"@type":"ReadAction","target":["https:\/\/zoo-land.az\/az\/shop\/cat\/cat-wetfoods\/animonda-carny-kitten-beef-turkey-200-g\/"]}]},{"@type":"ImageObject","inLanguage":"az","@id":"https:\/\/zoo-land.az\/az\/shop\/cat\/cat-wetfoods\/animonda-carny-kitten-beef-turkey-200-g\/#primaryimage","url":"https:\/\/zoo-land.az\/wp-content\/uploads\/2024\/06\/carny-kitten-83696.jpg","contentUrl":"https:\/\/zoo-land.az\/wp-content\/uploads\/2024\/06\/carny-kitten-83696.jpg","width":690,"height":690},{"@type":"BreadcrumbList","@id":"https:\/\/zoo-land.az\/az\/shop\/cat\/cat-wetfoods\/animonda-carny-kitten-beef-turkey-200-g\/#breadcrumb","itemListElement":[{"@type":"ListItem","position":1,"name":"Home","item":"https:\/\/zoo-land.az\/ru\/"},{"@type":"ListItem","position":2,"name":"Shop","item":"https:\/\/zoo-land.az\/ru\/"},{"@type":"ListItem","position":3,"name":"Animonda Carny Kitten Beef Turkey 200 g"}]},{"@type":"WebSite","@id":"https:\/\/zoo-land.az\/#website","url":"https:\/\/zoo-land.az\/","name":"Zooland.az","description":"Xo\u015fb\u0259xt ev heyvanlar\u0131n\u0131n \u00fcnvan\u0131 Zooland.az","publisher":{"@id":"https:\/\/zoo-land.az\/#organization"},"potentialAction":[{"@type":"SearchAction","target":{"@type":"EntryPoint","urlTemplate":"https:\/\/zoo-land.az\/?s={search_term_string}"},"query-input":{"@type":"PropertyValueSpecification","valueRequired":true,"valueName":"search_term_string"}}],"inLanguage":"az"},{"@type":"Organization","@id":"https:\/\/zoo-land.az\/#organization","name":"Zooland.az","url":"https:\/\/zoo-land.az\/","logo":{"@type":"ImageObject","inLanguage":"az","@id":"https:\/\/zoo-land.az\/#\/schema\/logo\/image\/","url":"https:\/\/zoo-land.az\/wp-content\/uploads\/2022\/05\/logo.svg","contentUrl":"https:\/\/zoo-land.az\/wp-content\/uploads\/2022\/05\/logo.svg","width":113,"height":46,"caption":"Zooland.az"},"image":{"@id":"https:\/\/zoo-land.az\/#\/schema\/logo\/image\/"}}]}},"_links":{"self":[{"href":"https:\/\/zoo-land.az\/az\/wp-json\/wp\/v2\/product\/23050","targetHints":{"allow":["GET"]}}],"collection":[{"href":"https:\/\/zoo-land.az\/az\/wp-json\/wp\/v2\/product"}],"about":[{"href":"https:\/\/zoo-land.az\/az\/wp-json\/wp\/v2\/types\/product"}],"wp:featuredmedia":[{"embeddable":true,"href":"https:\/\/zoo-land.az\/az\/wp-json\/wp\/v2\/media\/23051"}],"wp:attachment":[{"href":"https:\/\/zoo-land.az\/az\/wp-json\/wp\/v2\/media?parent=23050"}],"wp:term":[{"taxonomy":"product_cat","embeddable":true,"href":"https:\/\/zoo-land.az\/az\/wp-json\/wp\/v2\/product_cat?post=23050"},{"taxonomy":"product_tag","embeddable":true,"href":"https:\/\/zoo-land.az\/az\/wp-json\/wp\/v2\/product_tag?post=23050"}],"curies":[{"name":"wp","href":"https:\/\/api.w.org\/{rel}","templated":true}]}}