{"id":23077,"date":"2024-06-09T20:09:18","date_gmt":"2024-06-09T20:09:18","guid":{"rendered":"https:\/\/lightsteelblue-zebra-299715.hostingersite.com\/?post_type=product&#038;p=23077"},"modified":"2024-06-09T20:09:18","modified_gmt":"2024-06-09T20:09:18","slug":"rocat-lavander-5-l","status":"publish","type":"product","link":"https:\/\/zoo-land.az\/az\/shop\/cat\/cat-lands\/rocat-lavander-5-l\/","title":{"rendered":"Rocat Lavanda 5 L"},"content":{"rendered":"<p>Rocat\u00ae Clumping Fine Granule Cat Litters, produced from 100% natural bentonite mines, quickly clump with their highly porous structure, absorbing liquid and moisture in the environment, providing your cat with a very hygienic environment with each use. Strong and fast clumping prevents urine or feces from sticking to your cat&#8217;s paws and spreading to the surroundings. Its clumping and fine granular structure helps maintain the hygiene provided at the first use and supports economical consumption by producing minimal waste. It is easy to clean. It is 99.5% dust-free. Rocat\u00ae cat litters made from natural bentonite clay do not contain any harmful ingredients that could harm your cat&#8217;s health.<\/p>","protected":false},"excerpt":{"rendered":"<p>Rocat\u00ae Clumping Fine Granule Cat Litters, produced from 100% natural bentonite mines, quickly clump with their highly porous structure, absorbing liquid and moisture in the environment, providing your cat with a very hygienic environment with each use. Strong and fast clumping prevents urine or feces from sticking to your cat&#8217;s paws and spreading to the surroundings. Its clumping and fine granular structure helps maintain the hygiene provided at the first use and supports economical consumption by producing minimal waste. It is easy to clean. It is 99.5% dust-free. Rocat\u00ae cat litters made from natural bentonite clay do not contain any harmful ingredients that could harm your cat&#8217;s health.<\/p>","protected":false},"featured_media":23078,"template":"","meta":{"inline_featured_image":false,"_joinchat":[]},"product_cat":[193,188],"product_tag":[],"class_list":{"0":"post-23077","1":"product","2":"type-product","3":"status-publish","4":"has-post-thumbnail","6":"product_brand-rocat","7":"product_cat-cat-lands","8":"product_cat-cat","10":"first","11":"instock","12":"shipping-taxable","13":"purchasable","14":"product-type-simple"},"yoast_head":"<!-- This site is optimized with the Yoast SEO plugin v27.4 - https:\/\/yoast.com\/product\/yoast-seo-wordpress\/ -->\n<title>Rocat Lavander 5 L - Zooland.az<\/title>\n<meta name=\"robots\" content=\"index, follow, max-snippet:-1, max-image-preview:large, max-video-preview:-1\" \/>\n<link rel=\"canonical\" href=\"https:\/\/zoo-land.az\/az\/shop\/cat\/cat-lands\/rocat-lavander-5-l\/\" \/>\n<meta property=\"og:locale\" content=\"az_AZ\" \/>\n<meta property=\"og:type\" content=\"article\" \/>\n<meta property=\"og:title\" content=\"Rocat Lavander 5 L - Zooland.az\" \/>\n<meta property=\"og:description\" content=\"Rocat\u00ae Clumping Fine Granule Cat Litters, produced from 100% natural bentonite mines, quickly clump with their highly porous structure, absorbing liquid and moisture in the environment, providing your cat with a very hygienic environment with each use. Strong and fast clumping prevents urine or feces from sticking to your cat&#039;s paws and spreading to the surroundings. Its clumping and fine granular structure helps maintain the hygiene provided at the first use and supports economical consumption by producing minimal waste. It is easy to clean. It is 99.5% dust-free. Rocat\u00ae cat litters made from natural bentonite clay do not contain any harmful ingredients that could harm your cat&#039;s health.\" \/>\n<meta property=\"og:url\" content=\"https:\/\/zoo-land.az\/az\/shop\/cat\/cat-lands\/rocat-lavander-5-l\/\" \/>\n<meta property=\"og:site_name\" content=\"Zooland.az\" \/>\n<meta property=\"og:image\" content=\"https:\/\/zoo-land.az\/wp-content\/uploads\/2024\/06\/71jENgjZQL.jpg\" \/>\n\t<meta property=\"og:image:width\" content=\"1378\" \/>\n\t<meta property=\"og:image:height\" content=\"2292\" \/>\n\t<meta property=\"og:image:type\" content=\"image\/jpeg\" \/>\n<meta name=\"twitter:card\" content=\"summary_large_image\" \/>\n<meta name=\"twitter:label1\" content=\"Est. reading time\" \/>\n\t<meta name=\"twitter:data1\" content=\"1 minute\" \/>\n<script type=\"application\/ld+json\" class=\"yoast-schema-graph\">{\"@context\":\"https:\\\/\\\/schema.org\",\"@graph\":[{\"@type\":\"WebPage\",\"@id\":\"https:\\\/\\\/zoo-land.az\\\/shop\\\/cat\\\/cat-lands\\\/rocat-lavander-5-l\\\/\",\"url\":\"https:\\\/\\\/zoo-land.az\\\/shop\\\/cat\\\/cat-lands\\\/rocat-lavander-5-l\\\/\",\"name\":\"Rocat Lavander 5 L - Zooland.az\",\"isPartOf\":{\"@id\":\"https:\\\/\\\/zoo-land.az\\\/#website\"},\"primaryImageOfPage\":{\"@id\":\"https:\\\/\\\/zoo-land.az\\\/shop\\\/cat\\\/cat-lands\\\/rocat-lavander-5-l\\\/#primaryimage\"},\"image\":{\"@id\":\"https:\\\/\\\/zoo-land.az\\\/shop\\\/cat\\\/cat-lands\\\/rocat-lavander-5-l\\\/#primaryimage\"},\"thumbnailUrl\":\"https:\\\/\\\/zoo-land.az\\\/wp-content\\\/uploads\\\/2024\\\/06\\\/71jENgjZQL.jpg\",\"datePublished\":\"2024-06-09T20:09:18+00:00\",\"breadcrumb\":{\"@id\":\"https:\\\/\\\/zoo-land.az\\\/shop\\\/cat\\\/cat-lands\\\/rocat-lavander-5-l\\\/#breadcrumb\"},\"inLanguage\":\"az\",\"potentialAction\":[{\"@type\":\"ReadAction\",\"target\":[\"https:\\\/\\\/zoo-land.az\\\/shop\\\/cat\\\/cat-lands\\\/rocat-lavander-5-l\\\/\"]}]},{\"@type\":\"ImageObject\",\"inLanguage\":\"az\",\"@id\":\"https:\\\/\\\/zoo-land.az\\\/shop\\\/cat\\\/cat-lands\\\/rocat-lavander-5-l\\\/#primaryimage\",\"url\":\"https:\\\/\\\/zoo-land.az\\\/wp-content\\\/uploads\\\/2024\\\/06\\\/71jENgjZQL.jpg\",\"contentUrl\":\"https:\\\/\\\/zoo-land.az\\\/wp-content\\\/uploads\\\/2024\\\/06\\\/71jENgjZQL.jpg\",\"width\":1378,\"height\":2292,\"caption\":\"Version 1.0.0\"},{\"@type\":\"BreadcrumbList\",\"@id\":\"https:\\\/\\\/zoo-land.az\\\/shop\\\/cat\\\/cat-lands\\\/rocat-lavander-5-l\\\/#breadcrumb\",\"itemListElement\":[{\"@type\":\"ListItem\",\"position\":1,\"name\":\"Home\",\"item\":\"https:\\\/\\\/zoo-land.az\\\/ru\\\/\"},{\"@type\":\"ListItem\",\"position\":2,\"name\":\"Shop\",\"item\":\"https:\\\/\\\/zoo-land.az\\\/ru\\\/\"},{\"@type\":\"ListItem\",\"position\":3,\"name\":\"Rocat Lavander 5 L\"}]},{\"@type\":\"WebSite\",\"@id\":\"https:\\\/\\\/zoo-land.az\\\/#website\",\"url\":\"https:\\\/\\\/zoo-land.az\\\/\",\"name\":\"Zooland.az\",\"description\":\"Xo\u015fb\u0259xt ev heyvanlar\u0131n\u0131n \u00fcnvan\u0131 Zooland.az\",\"publisher\":{\"@id\":\"https:\\\/\\\/zoo-land.az\\\/#organization\"},\"potentialAction\":[{\"@type\":\"SearchAction\",\"target\":{\"@type\":\"EntryPoint\",\"urlTemplate\":\"https:\\\/\\\/zoo-land.az\\\/?s={search_term_string}\"},\"query-input\":{\"@type\":\"PropertyValueSpecification\",\"valueRequired\":true,\"valueName\":\"search_term_string\"}}],\"inLanguage\":\"az\"},{\"@type\":\"Organization\",\"@id\":\"https:\\\/\\\/zoo-land.az\\\/#organization\",\"name\":\"Zooland.az\",\"url\":\"https:\\\/\\\/zoo-land.az\\\/\",\"logo\":{\"@type\":\"ImageObject\",\"inLanguage\":\"az\",\"@id\":\"https:\\\/\\\/zoo-land.az\\\/#\\\/schema\\\/logo\\\/image\\\/\",\"url\":\"https:\\\/\\\/zoo-land.az\\\/wp-content\\\/uploads\\\/2022\\\/05\\\/logo.svg\",\"contentUrl\":\"https:\\\/\\\/zoo-land.az\\\/wp-content\\\/uploads\\\/2022\\\/05\\\/logo.svg\",\"width\":113,\"height\":46,\"caption\":\"Zooland.az\"},\"image\":{\"@id\":\"https:\\\/\\\/zoo-land.az\\\/#\\\/schema\\\/logo\\\/image\\\/\"}}]}<\/script>\n<!-- \/ Yoast SEO plugin. -->","yoast_head_json":{"title":"Rocat Lavander 5 L - Zooland.az","robots":{"index":"index","follow":"follow","max-snippet":"max-snippet:-1","max-image-preview":"max-image-preview:large","max-video-preview":"max-video-preview:-1"},"canonical":"https:\/\/zoo-land.az\/az\/shop\/cat\/cat-lands\/rocat-lavander-5-l\/","og_locale":"az_AZ","og_type":"article","og_title":"Rocat Lavander 5 L - Zooland.az","og_description":"Rocat\u00ae Clumping Fine Granule Cat Litters, produced from 100% natural bentonite mines, quickly clump with their highly porous structure, absorbing liquid and moisture in the environment, providing your cat with a very hygienic environment with each use. Strong and fast clumping prevents urine or feces from sticking to your cat's paws and spreading to the surroundings. Its clumping and fine granular structure helps maintain the hygiene provided at the first use and supports economical consumption by producing minimal waste. It is easy to clean. It is 99.5% dust-free. Rocat\u00ae cat litters made from natural bentonite clay do not contain any harmful ingredients that could harm your cat's health.","og_url":"https:\/\/zoo-land.az\/az\/shop\/cat\/cat-lands\/rocat-lavander-5-l\/","og_site_name":"Zooland.az","og_image":[{"width":1378,"height":2292,"url":"https:\/\/zoo-land.az\/wp-content\/uploads\/2024\/06\/71jENgjZQL.jpg","type":"image\/jpeg"}],"twitter_card":"summary_large_image","twitter_misc":{"Est. reading time":"1 minute"},"schema":{"@context":"https:\/\/schema.org","@graph":[{"@type":"WebPage","@id":"https:\/\/zoo-land.az\/shop\/cat\/cat-lands\/rocat-lavander-5-l\/","url":"https:\/\/zoo-land.az\/shop\/cat\/cat-lands\/rocat-lavander-5-l\/","name":"Rocat Lavander 5 L - Zooland.az","isPartOf":{"@id":"https:\/\/zoo-land.az\/#website"},"primaryImageOfPage":{"@id":"https:\/\/zoo-land.az\/shop\/cat\/cat-lands\/rocat-lavander-5-l\/#primaryimage"},"image":{"@id":"https:\/\/zoo-land.az\/shop\/cat\/cat-lands\/rocat-lavander-5-l\/#primaryimage"},"thumbnailUrl":"https:\/\/zoo-land.az\/wp-content\/uploads\/2024\/06\/71jENgjZQL.jpg","datePublished":"2024-06-09T20:09:18+00:00","breadcrumb":{"@id":"https:\/\/zoo-land.az\/shop\/cat\/cat-lands\/rocat-lavander-5-l\/#breadcrumb"},"inLanguage":"az","potentialAction":[{"@type":"ReadAction","target":["https:\/\/zoo-land.az\/shop\/cat\/cat-lands\/rocat-lavander-5-l\/"]}]},{"@type":"ImageObject","inLanguage":"az","@id":"https:\/\/zoo-land.az\/shop\/cat\/cat-lands\/rocat-lavander-5-l\/#primaryimage","url":"https:\/\/zoo-land.az\/wp-content\/uploads\/2024\/06\/71jENgjZQL.jpg","contentUrl":"https:\/\/zoo-land.az\/wp-content\/uploads\/2024\/06\/71jENgjZQL.jpg","width":1378,"height":2292,"caption":"Version 1.0.0"},{"@type":"BreadcrumbList","@id":"https:\/\/zoo-land.az\/shop\/cat\/cat-lands\/rocat-lavander-5-l\/#breadcrumb","itemListElement":[{"@type":"ListItem","position":1,"name":"Home","item":"https:\/\/zoo-land.az\/ru\/"},{"@type":"ListItem","position":2,"name":"Shop","item":"https:\/\/zoo-land.az\/ru\/"},{"@type":"ListItem","position":3,"name":"Rocat Lavander 5 L"}]},{"@type":"WebSite","@id":"https:\/\/zoo-land.az\/#website","url":"https:\/\/zoo-land.az\/","name":"Zooland.az","description":"Xo\u015fb\u0259xt ev heyvanlar\u0131n\u0131n \u00fcnvan\u0131 Zooland.az","publisher":{"@id":"https:\/\/zoo-land.az\/#organization"},"potentialAction":[{"@type":"SearchAction","target":{"@type":"EntryPoint","urlTemplate":"https:\/\/zoo-land.az\/?s={search_term_string}"},"query-input":{"@type":"PropertyValueSpecification","valueRequired":true,"valueName":"search_term_string"}}],"inLanguage":"az"},{"@type":"Organization","@id":"https:\/\/zoo-land.az\/#organization","name":"Zooland.az","url":"https:\/\/zoo-land.az\/","logo":{"@type":"ImageObject","inLanguage":"az","@id":"https:\/\/zoo-land.az\/#\/schema\/logo\/image\/","url":"https:\/\/zoo-land.az\/wp-content\/uploads\/2022\/05\/logo.svg","contentUrl":"https:\/\/zoo-land.az\/wp-content\/uploads\/2022\/05\/logo.svg","width":113,"height":46,"caption":"Zooland.az"},"image":{"@id":"https:\/\/zoo-land.az\/#\/schema\/logo\/image\/"}}]}},"_links":{"self":[{"href":"https:\/\/zoo-land.az\/az\/wp-json\/wp\/v2\/product\/23077","targetHints":{"allow":["GET"]}}],"collection":[{"href":"https:\/\/zoo-land.az\/az\/wp-json\/wp\/v2\/product"}],"about":[{"href":"https:\/\/zoo-land.az\/az\/wp-json\/wp\/v2\/types\/product"}],"wp:featuredmedia":[{"embeddable":true,"href":"https:\/\/zoo-land.az\/az\/wp-json\/wp\/v2\/media\/23078"}],"wp:attachment":[{"href":"https:\/\/zoo-land.az\/az\/wp-json\/wp\/v2\/media?parent=23077"}],"wp:term":[{"taxonomy":"product_cat","embeddable":true,"href":"https:\/\/zoo-land.az\/az\/wp-json\/wp\/v2\/product_cat?post=23077"},{"taxonomy":"product_tag","embeddable":true,"href":"https:\/\/zoo-land.az\/az\/wp-json\/wp\/v2\/product_tag?post=23077"}],"curies":[{"name":"wp","href":"https:\/\/api.w.org\/{rel}","templated":true}]}}