{"id":23102,"date":"2024-06-10T09:37:20","date_gmt":"2024-06-10T09:37:20","guid":{"rendered":"https:\/\/lightsteelblue-zebra-299715.hostingersite.com\/?post_type=product&#038;p=23102"},"modified":"2024-06-10T09:37:20","modified_gmt":"2024-06-10T09:37:20","slug":"vancat-aloe-5-kg","status":"publish","type":"product","link":"https:\/\/zoo-land.az\/az\/shop\/cat\/cat-lands\/vancat-aloe-5-kg\/","title":{"rendered":"VanCat Aloe 5 kg"},"content":{"rendered":"<ul class=\"a-unordered-list a-vertical a-spacing-mini\">\n<li class=\"a-spacing-mini\"><span class=\"a-list-item\">It is clumping cat litter with high capacity of liquid absorption. The essential molecules contained in the included fragrant granules act when in contact with liquid, thus releasing a pleasant aloe vera fragrance into the environment.<\/span><\/li>\n<li class=\"a-spacing-mini\"><span class=\"a-list-item\">The coarse grains from thick to thin allow the liquid on the surface to immediately pass into the underside, which completely eliminates problems such as mudching and sticking to paws.<\/span><\/li>\n<li class=\"a-spacing-mini\"><span class=\"a-list-item\">The natural jacket contained in its structure allows for unpleasant odours of all kinds.<\/span><\/li>\n<li class=\"a-spacing-mini\"><span class=\"a-list-item\">Made with high-tech and packed and unused goods.<\/span><\/li>\n<li class=\"a-spacing-mini\"><span class=\"a-list-item\">Created by the World Branding Forum, the Brand of the Year award in Pet Cleaning &amp; Sanitation became VanCat twice in 2019-2020 and 2022022.<\/span><\/li>\n<\/ul>","protected":false},"excerpt":{"rendered":"<ul class=\"a-unordered-list a-vertical a-spacing-mini\">\n<li class=\"a-spacing-mini\"><span class=\"a-list-item\">It is clumping cat litter with high capacity of liquid absorption. The essential molecules contained in the included fragrant granules act when in contact with liquid, thus releasing a pleasant aloe vera fragrance into the environment.<\/span><\/li>\n<li class=\"a-spacing-mini\"><span class=\"a-list-item\">The coarse grains from thick to thin allow the liquid on the surface to immediately pass into the underside, which completely eliminates problems such as mudching and sticking to paws.<\/span><\/li>\n<li class=\"a-spacing-mini\"><span class=\"a-list-item\">The natural jacket contained in its structure allows for unpleasant odours of all kinds.<\/span><\/li>\n<li class=\"a-spacing-mini\"><span class=\"a-list-item\">Made with high-tech and packed and unused goods.<\/span><\/li>\n<li class=\"a-spacing-mini\"><span class=\"a-list-item\">Created by the World Branding Forum, the Brand of the Year award in Pet Cleaning &amp; Sanitation became VanCat twice in 2019-2020 and 2022022.<\/span><\/li>\n<\/ul>","protected":false},"featured_media":23103,"template":"","meta":{"inline_featured_image":false,"_joinchat":[]},"product_cat":[193,188],"product_tag":[],"class_list":{"0":"post-23102","1":"product","2":"type-product","3":"status-publish","4":"has-post-thumbnail","6":"product_brand-van-cat","7":"product_cat-cat-lands","8":"product_cat-cat","10":"first","11":"instock","12":"shipping-taxable","13":"purchasable","14":"product-type-simple"},"yoast_head":"<!-- This site is optimized with the Yoast SEO plugin v26.7 - https:\/\/yoast.com\/wordpress\/plugins\/seo\/ -->\n<title>VanCat Aloe 5 kg - Zooland.az<\/title>\n<meta name=\"robots\" content=\"index, follow, max-snippet:-1, max-image-preview:large, max-video-preview:-1\" \/>\n<link rel=\"canonical\" href=\"https:\/\/zoo-land.az\/az\/shop\/cat\/cat-lands\/vancat-aloe-5-kg\/\" \/>\n<meta property=\"og:locale\" content=\"az_AZ\" \/>\n<meta property=\"og:type\" content=\"article\" \/>\n<meta property=\"og:title\" content=\"VanCat Aloe 5 kg - Zooland.az\" \/>\n<meta property=\"og:description\" content=\"It is clumping cat litter with high capacity of liquid absorption. The essential molecules contained in the included fragrant granules act when in contact with liquid, thus releasing a pleasant aloe vera fragrance into the environment.  The coarse grains from thick to thin allow the liquid on the surface to immediately pass into the underside, which completely eliminates problems such as mudching and sticking to paws.  The natural jacket contained in its structure allows for unpleasant odours of all kinds.  Made with high-tech and packed and unused goods.  Created by the World Branding Forum, the Brand of the Year award in Pet Cleaning &amp; Sanitation became VanCat twice in 2019-2020 and 2022022.\" \/>\n<meta property=\"og:url\" content=\"https:\/\/zoo-land.az\/az\/shop\/cat\/cat-lands\/vancat-aloe-5-kg\/\" \/>\n<meta property=\"og:site_name\" content=\"Zooland.az\" \/>\n<meta property=\"og:image\" content=\"https:\/\/zoo-land.az\/wp-content\/uploads\/2024\/06\/Screenshot-2024-06-10-at-13.35.10-561x1024.png\" \/>\n\t<meta property=\"og:image:width\" content=\"561\" \/>\n\t<meta property=\"og:image:height\" content=\"1024\" \/>\n\t<meta property=\"og:image:type\" content=\"image\/png\" \/>\n<meta name=\"twitter:card\" content=\"summary_large_image\" \/>\n<meta name=\"twitter:label1\" content=\"Est. reading time\" \/>\n\t<meta name=\"twitter:data1\" content=\"1 minute\" \/>\n<script type=\"application\/ld+json\" class=\"yoast-schema-graph\">{\"@context\":\"https:\/\/schema.org\",\"@graph\":[{\"@type\":\"WebPage\",\"@id\":\"https:\/\/zoo-land.az\/az\/shop\/cat\/cat-lands\/vancat-aloe-5-kg\/\",\"url\":\"https:\/\/zoo-land.az\/az\/shop\/cat\/cat-lands\/vancat-aloe-5-kg\/\",\"name\":\"VanCat Aloe 5 kg - Zooland.az\",\"isPartOf\":{\"@id\":\"https:\/\/zoo-land.az\/#website\"},\"primaryImageOfPage\":{\"@id\":\"https:\/\/zoo-land.az\/az\/shop\/cat\/cat-lands\/vancat-aloe-5-kg\/#primaryimage\"},\"image\":{\"@id\":\"https:\/\/zoo-land.az\/az\/shop\/cat\/cat-lands\/vancat-aloe-5-kg\/#primaryimage\"},\"thumbnailUrl\":\"https:\/\/zoo-land.az\/wp-content\/uploads\/2024\/06\/Screenshot-2024-06-10-at-13.35.10.png\",\"datePublished\":\"2024-06-10T09:37:20+00:00\",\"breadcrumb\":{\"@id\":\"https:\/\/zoo-land.az\/az\/shop\/cat\/cat-lands\/vancat-aloe-5-kg\/#breadcrumb\"},\"inLanguage\":\"az\",\"potentialAction\":[{\"@type\":\"ReadAction\",\"target\":[\"https:\/\/zoo-land.az\/az\/shop\/cat\/cat-lands\/vancat-aloe-5-kg\/\"]}]},{\"@type\":\"ImageObject\",\"inLanguage\":\"az\",\"@id\":\"https:\/\/zoo-land.az\/az\/shop\/cat\/cat-lands\/vancat-aloe-5-kg\/#primaryimage\",\"url\":\"https:\/\/zoo-land.az\/wp-content\/uploads\/2024\/06\/Screenshot-2024-06-10-at-13.35.10.png\",\"contentUrl\":\"https:\/\/zoo-land.az\/wp-content\/uploads\/2024\/06\/Screenshot-2024-06-10-at-13.35.10.png\",\"width\":1336,\"height\":2440},{\"@type\":\"BreadcrumbList\",\"@id\":\"https:\/\/zoo-land.az\/az\/shop\/cat\/cat-lands\/vancat-aloe-5-kg\/#breadcrumb\",\"itemListElement\":[{\"@type\":\"ListItem\",\"position\":1,\"name\":\"Home\",\"item\":\"https:\/\/zoo-land.az\/ru\/\"},{\"@type\":\"ListItem\",\"position\":2,\"name\":\"Shop\",\"item\":\"https:\/\/zoo-land.az\/ru\/\"},{\"@type\":\"ListItem\",\"position\":3,\"name\":\"VanCat Aloe 5 kg\"}]},{\"@type\":\"WebSite\",\"@id\":\"https:\/\/zoo-land.az\/#website\",\"url\":\"https:\/\/zoo-land.az\/\",\"name\":\"Zooland.az\",\"description\":\"Xo\u015fb\u0259xt ev heyvanlar\u0131n\u0131n \u00fcnvan\u0131 Zooland.az\",\"publisher\":{\"@id\":\"https:\/\/zoo-land.az\/#organization\"},\"potentialAction\":[{\"@type\":\"SearchAction\",\"target\":{\"@type\":\"EntryPoint\",\"urlTemplate\":\"https:\/\/zoo-land.az\/?s={search_term_string}\"},\"query-input\":{\"@type\":\"PropertyValueSpecification\",\"valueRequired\":true,\"valueName\":\"search_term_string\"}}],\"inLanguage\":\"az\"},{\"@type\":\"Organization\",\"@id\":\"https:\/\/zoo-land.az\/#organization\",\"name\":\"Zooland.az\",\"url\":\"https:\/\/zoo-land.az\/\",\"logo\":{\"@type\":\"ImageObject\",\"inLanguage\":\"az\",\"@id\":\"https:\/\/zoo-land.az\/#\/schema\/logo\/image\/\",\"url\":\"https:\/\/zoo-land.az\/wp-content\/uploads\/2022\/05\/logo.svg\",\"contentUrl\":\"https:\/\/zoo-land.az\/wp-content\/uploads\/2022\/05\/logo.svg\",\"width\":113,\"height\":46,\"caption\":\"Zooland.az\"},\"image\":{\"@id\":\"https:\/\/zoo-land.az\/#\/schema\/logo\/image\/\"}}]}<\/script>\n<!-- \/ Yoast SEO plugin. -->","yoast_head_json":{"title":"VanCat Aloe 5 kg - Zooland.az","robots":{"index":"index","follow":"follow","max-snippet":"max-snippet:-1","max-image-preview":"max-image-preview:large","max-video-preview":"max-video-preview:-1"},"canonical":"https:\/\/zoo-land.az\/az\/shop\/cat\/cat-lands\/vancat-aloe-5-kg\/","og_locale":"az_AZ","og_type":"article","og_title":"VanCat Aloe 5 kg - Zooland.az","og_description":"It is clumping cat litter with high capacity of liquid absorption. The essential molecules contained in the included fragrant granules act when in contact with liquid, thus releasing a pleasant aloe vera fragrance into the environment.  The coarse grains from thick to thin allow the liquid on the surface to immediately pass into the underside, which completely eliminates problems such as mudching and sticking to paws.  The natural jacket contained in its structure allows for unpleasant odours of all kinds.  Made with high-tech and packed and unused goods.  Created by the World Branding Forum, the Brand of the Year award in Pet Cleaning &amp; Sanitation became VanCat twice in 2019-2020 and 2022022.","og_url":"https:\/\/zoo-land.az\/az\/shop\/cat\/cat-lands\/vancat-aloe-5-kg\/","og_site_name":"Zooland.az","og_image":[{"width":561,"height":1024,"url":"https:\/\/zoo-land.az\/wp-content\/uploads\/2024\/06\/Screenshot-2024-06-10-at-13.35.10-561x1024.png","type":"image\/png"}],"twitter_card":"summary_large_image","twitter_misc":{"Est. reading time":"1 minute"},"schema":{"@context":"https:\/\/schema.org","@graph":[{"@type":"WebPage","@id":"https:\/\/zoo-land.az\/az\/shop\/cat\/cat-lands\/vancat-aloe-5-kg\/","url":"https:\/\/zoo-land.az\/az\/shop\/cat\/cat-lands\/vancat-aloe-5-kg\/","name":"VanCat Aloe 5 kg - Zooland.az","isPartOf":{"@id":"https:\/\/zoo-land.az\/#website"},"primaryImageOfPage":{"@id":"https:\/\/zoo-land.az\/az\/shop\/cat\/cat-lands\/vancat-aloe-5-kg\/#primaryimage"},"image":{"@id":"https:\/\/zoo-land.az\/az\/shop\/cat\/cat-lands\/vancat-aloe-5-kg\/#primaryimage"},"thumbnailUrl":"https:\/\/zoo-land.az\/wp-content\/uploads\/2024\/06\/Screenshot-2024-06-10-at-13.35.10.png","datePublished":"2024-06-10T09:37:20+00:00","breadcrumb":{"@id":"https:\/\/zoo-land.az\/az\/shop\/cat\/cat-lands\/vancat-aloe-5-kg\/#breadcrumb"},"inLanguage":"az","potentialAction":[{"@type":"ReadAction","target":["https:\/\/zoo-land.az\/az\/shop\/cat\/cat-lands\/vancat-aloe-5-kg\/"]}]},{"@type":"ImageObject","inLanguage":"az","@id":"https:\/\/zoo-land.az\/az\/shop\/cat\/cat-lands\/vancat-aloe-5-kg\/#primaryimage","url":"https:\/\/zoo-land.az\/wp-content\/uploads\/2024\/06\/Screenshot-2024-06-10-at-13.35.10.png","contentUrl":"https:\/\/zoo-land.az\/wp-content\/uploads\/2024\/06\/Screenshot-2024-06-10-at-13.35.10.png","width":1336,"height":2440},{"@type":"BreadcrumbList","@id":"https:\/\/zoo-land.az\/az\/shop\/cat\/cat-lands\/vancat-aloe-5-kg\/#breadcrumb","itemListElement":[{"@type":"ListItem","position":1,"name":"Home","item":"https:\/\/zoo-land.az\/ru\/"},{"@type":"ListItem","position":2,"name":"Shop","item":"https:\/\/zoo-land.az\/ru\/"},{"@type":"ListItem","position":3,"name":"VanCat Aloe 5 kg"}]},{"@type":"WebSite","@id":"https:\/\/zoo-land.az\/#website","url":"https:\/\/zoo-land.az\/","name":"Zooland.az","description":"Xo\u015fb\u0259xt ev heyvanlar\u0131n\u0131n \u00fcnvan\u0131 Zooland.az","publisher":{"@id":"https:\/\/zoo-land.az\/#organization"},"potentialAction":[{"@type":"SearchAction","target":{"@type":"EntryPoint","urlTemplate":"https:\/\/zoo-land.az\/?s={search_term_string}"},"query-input":{"@type":"PropertyValueSpecification","valueRequired":true,"valueName":"search_term_string"}}],"inLanguage":"az"},{"@type":"Organization","@id":"https:\/\/zoo-land.az\/#organization","name":"Zooland.az","url":"https:\/\/zoo-land.az\/","logo":{"@type":"ImageObject","inLanguage":"az","@id":"https:\/\/zoo-land.az\/#\/schema\/logo\/image\/","url":"https:\/\/zoo-land.az\/wp-content\/uploads\/2022\/05\/logo.svg","contentUrl":"https:\/\/zoo-land.az\/wp-content\/uploads\/2022\/05\/logo.svg","width":113,"height":46,"caption":"Zooland.az"},"image":{"@id":"https:\/\/zoo-land.az\/#\/schema\/logo\/image\/"}}]}},"_links":{"self":[{"href":"https:\/\/zoo-land.az\/az\/wp-json\/wp\/v2\/product\/23102","targetHints":{"allow":["GET"]}}],"collection":[{"href":"https:\/\/zoo-land.az\/az\/wp-json\/wp\/v2\/product"}],"about":[{"href":"https:\/\/zoo-land.az\/az\/wp-json\/wp\/v2\/types\/product"}],"wp:featuredmedia":[{"embeddable":true,"href":"https:\/\/zoo-land.az\/az\/wp-json\/wp\/v2\/media\/23103"}],"wp:attachment":[{"href":"https:\/\/zoo-land.az\/az\/wp-json\/wp\/v2\/media?parent=23102"}],"wp:term":[{"taxonomy":"product_cat","embeddable":true,"href":"https:\/\/zoo-land.az\/az\/wp-json\/wp\/v2\/product_cat?post=23102"},{"taxonomy":"product_tag","embeddable":true,"href":"https:\/\/zoo-land.az\/az\/wp-json\/wp\/v2\/product_tag?post=23102"}],"curies":[{"name":"wp","href":"https:\/\/api.w.org\/{rel}","templated":true}]}}