{"id":23128,"date":"2024-06-10T10:17:31","date_gmt":"2024-06-10T10:17:31","guid":{"rendered":"https:\/\/lightsteelblue-zebra-299715.hostingersite.com\/?post_type=product&#038;p=23128"},"modified":"2024-06-10T10:17:32","modified_gmt":"2024-06-10T10:17:32","slug":"vancat-orange-5-kg","status":"publish","type":"product","link":"https:\/\/zoo-land.az\/az\/shop\/cat\/cat-lands\/vancat-orange-5-kg\/","title":{"rendered":"VanCat Orange 5 kg"},"content":{"rendered":"<p>VanCat-dan pi\u015fik zibil \u00fc\u00e7\u00fcn super premium bentonit zibil \u2013 Cat Litter Orange, porta\u011fal l\u0259zz\u0259tli. Doldurucu tamamil\u0259 y\u00fcks\u0259k keyfiyy\u0259tli a\u011f bentonitd\u0259n haz\u0131rlan\u0131r. Dig\u0259r zibill\u0259rd\u0259n f\u0259rqli olaraq, topa\u011f\u0131n formas\u0131 yast\u0131 deyil, yuvarlaqd\u0131r, bu, b\u00f6y\u00fckl\u0259r \u00fc\u00e7\u00fcn ideald\u0131r. Pi\u015fik Zibil Porta\u011fal xo\u015fag\u0259lm\u0259z qoxular\u0131 m\u00fck\u0259mm\u0259l udur, tez bir-birin\u0259 yap\u0131\u015f\u0131r, topaqlar \u0259m\u0259l\u0259 g\u0259tirir v\u0259 xo\u015f porta\u011fal \u0259tri yarad\u0131r. M\u0259hsulun t\u0259rkibin\u0259 yaln\u0131z t\u0259bii inqrediyentl\u0259r daxildir ki, onlar n\u0259mliyi m\u00fck\u0259mm\u0259l udurlar v\u0259 ikiqat s\u00fczm\u0259 sistemi say\u0259sind\u0259 he\u00e7 bir toz saxlam\u0131rlar. 280-d\u0259n 300%-\u0259 q\u0259d\u0259r \u00e7ox y\u00fcks\u0259k udma qabiliyy\u0259ti. VanCat Cat Litter Porta\u011fal g\u00f6zl\u0259ntil\u0259rinizi qar\u015f\u0131layacaq v\u0259 ev heyvan\u0131n\u0131z \u00fc\u00e7\u00fcn rahat \u015f\u0259rait t\u0259min ed\u0259c\u0259k! VanCat Pi\u015fik Zibil Porta\u011fal\u0131n\u0131n \u00fcst\u00fcnl\u00fckl\u0259ri: 100% a\u011f bentonitd\u0259n haz\u0131rlanm\u0131\u015fd\u0131r. Y\u00fcks\u0259k maye udma qabiliyy\u0259ti (280\u2013300%). Tozun miqdar\u0131 say\u0259sind\u0259 99,5% azald\u0131l\u0131r. ikiqat s\u00fczm\u0259 sistemin\u0259.Xo\u015f qoxular\u0131 udaraq xo\u015f porta\u011fal \u0259tri burax\u0131r.Pi\u015fik p\u0259nc\u0259l\u0259rin\u0259 yap\u0131\u015fm\u0131r v\u0259 ev\u0259 s\u0259p\u0259l\u0259nmir.Pi\u015fik v\u0259 sahibi \u00fc\u00e7\u00fcn maksimum rahatl\u0131q.<\/p>\n<p>&nbsp;<\/p>","protected":false},"excerpt":{"rendered":"<p>VanCat-dan pi\u015fik zibil \u00fc\u00e7\u00fcn super premium bentonit zibil \u2013 Cat Litter Orange, porta\u011fal l\u0259zz\u0259tli. Doldurucu tamamil\u0259 y\u00fcks\u0259k keyfiyy\u0259tli a\u011f bentonitd\u0259n haz\u0131rlan\u0131r. Dig\u0259r zibill\u0259rd\u0259n f\u0259rqli olaraq, topa\u011f\u0131n formas\u0131 yast\u0131 deyil, yuvarlaqd\u0131r, bu, b\u00f6y\u00fckl\u0259r \u00fc\u00e7\u00fcn ideald\u0131r. Pi\u015fik Zibil Porta\u011fal xo\u015fag\u0259lm\u0259z qoxular\u0131 m\u00fck\u0259mm\u0259l udur, tez bir-birin\u0259 yap\u0131\u015f\u0131r, topaqlar \u0259m\u0259l\u0259 g\u0259tirir v\u0259 xo\u015f porta\u011fal \u0259tri yarad\u0131r. M\u0259hsulun t\u0259rkibin\u0259 yaln\u0131z t\u0259bii inqrediyentl\u0259r daxildir ki, onlar n\u0259mliyi m\u00fck\u0259mm\u0259l udurlar v\u0259 ikiqat s\u00fczm\u0259 sistemi say\u0259sind\u0259 he\u00e7 bir toz saxlam\u0131rlar. 280-d\u0259n 300%-\u0259 q\u0259d\u0259r \u00e7ox y\u00fcks\u0259k udma qabiliyy\u0259ti. VanCat Cat Litter Porta\u011fal g\u00f6zl\u0259ntil\u0259rinizi qar\u015f\u0131layacaq v\u0259 ev heyvan\u0131n\u0131z \u00fc\u00e7\u00fcn rahat \u015f\u0259rait t\u0259min ed\u0259c\u0259k! VanCat Pi\u015fik Zibil Porta\u011fal\u0131n\u0131n \u00fcst\u00fcnl\u00fckl\u0259ri: 100% a\u011f bentonitd\u0259n haz\u0131rlanm\u0131\u015fd\u0131r. Y\u00fcks\u0259k maye udma qabiliyy\u0259ti (280\u2013300%). Tozun miqdar\u0131 say\u0259sind\u0259 99,5% azald\u0131l\u0131r. ikiqat s\u00fczm\u0259 sistemin\u0259.Xo\u015f qoxular\u0131 udaraq xo\u015f porta\u011fal \u0259tri burax\u0131r.Pi\u015fik p\u0259nc\u0259l\u0259rin\u0259 yap\u0131\u015fm\u0131r v\u0259 ev\u0259 s\u0259p\u0259l\u0259nmir.Pi\u015fik v\u0259 sahibi \u00fc\u00e7\u00fcn maksimum rahatl\u0131q.<\/p>\n<p>&nbsp;<\/p>","protected":false},"featured_media":23133,"template":"","meta":{"inline_featured_image":false,"_joinchat":[]},"product_cat":[193,188],"product_tag":[],"class_list":{"0":"post-23128","1":"product","2":"type-product","3":"status-publish","4":"has-post-thumbnail","6":"product_brand-van-cat","7":"product_cat-cat-lands","8":"product_cat-cat","10":"first","11":"instock","12":"shipping-taxable","13":"purchasable","14":"product-type-simple"},"yoast_head":"<!-- This site is optimized with the Yoast SEO plugin v26.7 - https:\/\/yoast.com\/wordpress\/plugins\/seo\/ -->\n<title>VanCat Orange 5 kg - Zooland.az<\/title>\n<meta name=\"robots\" content=\"index, follow, max-snippet:-1, max-image-preview:large, max-video-preview:-1\" \/>\n<link rel=\"canonical\" href=\"https:\/\/zoo-land.az\/az\/shop\/cat\/cat-lands\/vancat-orange-5-kg\/\" \/>\n<meta property=\"og:locale\" content=\"az_AZ\" \/>\n<meta property=\"og:type\" content=\"article\" \/>\n<meta property=\"og:title\" content=\"VanCat Orange 5 kg - Zooland.az\" \/>\n<meta property=\"og:description\" content=\"Super premium bentonite litter for cat litter from VanCat - Cat Litter Orange, with orange flavor. The filler is entirely made from high quality white bentonite.Unlike other litters, the shape of the lump is not flat, but round, which is ideal for adult cats.Cat Litter Orange perfectly absorbs unpleasant odors, quickly sticks together, forming lumps, and leaves a pleasant orange aroma. The product contains only natural ingredients that perfectly absorb moisture and, thanks to the double sifting system, contain no dust at all. Very high absorption capacity from 280 to 300%. VanCat Cat Litter Orange will meet your expectations and provide comfortable conditions for your pet!Advantages of VanCat Cat Litter Orange:Made from 100% white bentonite.High ability to absorb liquid (280\u2013300%).The amount of dust is reduced by 99.5% thanks to the double sifting system.Absorbs unpleasant odors, leaving a pleasant orange aroma.Doesn&#039;t stick to cat&#039;s paws and doesn&#039;t get scattered around the house.Maximum comfort for the cat and its owner.  &nbsp;\" \/>\n<meta property=\"og:url\" content=\"https:\/\/zoo-land.az\/az\/shop\/cat\/cat-lands\/vancat-orange-5-kg\/\" \/>\n<meta property=\"og:site_name\" content=\"Zooland.az\" \/>\n<meta property=\"article:modified_time\" content=\"2024-06-10T10:17:32+00:00\" \/>\n<meta property=\"og:image\" content=\"https:\/\/zoo-land.az\/wp-content\/uploads\/2024\/06\/van-cat-orange-napolnitel-dlya-koshek-100-naturalnyj-komkuyushchijsya-bez-pyli-s-aromatom-apelsina-5-kg.jpg\" \/>\n\t<meta property=\"og:image:width\" content=\"800\" \/>\n\t<meta property=\"og:image:height\" content=\"800\" \/>\n\t<meta property=\"og:image:type\" content=\"image\/jpeg\" \/>\n<meta name=\"twitter:card\" content=\"summary_large_image\" \/>\n<meta name=\"twitter:label1\" content=\"Est. reading time\" \/>\n\t<meta name=\"twitter:data1\" content=\"1 minute\" \/>\n<script type=\"application\/ld+json\" class=\"yoast-schema-graph\">{\"@context\":\"https:\/\/schema.org\",\"@graph\":[{\"@type\":\"WebPage\",\"@id\":\"https:\/\/zoo-land.az\/shop\/cat\/cat-lands\/vancat-orange-5-kg\/\",\"url\":\"https:\/\/zoo-land.az\/shop\/cat\/cat-lands\/vancat-orange-5-kg\/\",\"name\":\"VanCat Orange 5 kg - Zooland.az\",\"isPartOf\":{\"@id\":\"https:\/\/zoo-land.az\/#website\"},\"primaryImageOfPage\":{\"@id\":\"https:\/\/zoo-land.az\/shop\/cat\/cat-lands\/vancat-orange-5-kg\/#primaryimage\"},\"image\":{\"@id\":\"https:\/\/zoo-land.az\/shop\/cat\/cat-lands\/vancat-orange-5-kg\/#primaryimage\"},\"thumbnailUrl\":\"https:\/\/zoo-land.az\/wp-content\/uploads\/2024\/06\/van-cat-orange-napolnitel-dlya-koshek-100-naturalnyj-komkuyushchijsya-bez-pyli-s-aromatom-apelsina-5-kg.jpg\",\"datePublished\":\"2024-06-10T10:17:31+00:00\",\"dateModified\":\"2024-06-10T10:17:32+00:00\",\"breadcrumb\":{\"@id\":\"https:\/\/zoo-land.az\/shop\/cat\/cat-lands\/vancat-orange-5-kg\/#breadcrumb\"},\"inLanguage\":\"az\",\"potentialAction\":[{\"@type\":\"ReadAction\",\"target\":[\"https:\/\/zoo-land.az\/shop\/cat\/cat-lands\/vancat-orange-5-kg\/\"]}]},{\"@type\":\"ImageObject\",\"inLanguage\":\"az\",\"@id\":\"https:\/\/zoo-land.az\/shop\/cat\/cat-lands\/vancat-orange-5-kg\/#primaryimage\",\"url\":\"https:\/\/zoo-land.az\/wp-content\/uploads\/2024\/06\/van-cat-orange-napolnitel-dlya-koshek-100-naturalnyj-komkuyushchijsya-bez-pyli-s-aromatom-apelsina-5-kg.jpg\",\"contentUrl\":\"https:\/\/zoo-land.az\/wp-content\/uploads\/2024\/06\/van-cat-orange-napolnitel-dlya-koshek-100-naturalnyj-komkuyushchijsya-bez-pyli-s-aromatom-apelsina-5-kg.jpg\",\"width\":800,\"height\":800},{\"@type\":\"BreadcrumbList\",\"@id\":\"https:\/\/zoo-land.az\/shop\/cat\/cat-lands\/vancat-orange-5-kg\/#breadcrumb\",\"itemListElement\":[{\"@type\":\"ListItem\",\"position\":1,\"name\":\"Home\",\"item\":\"https:\/\/zoo-land.az\/ru\/\"},{\"@type\":\"ListItem\",\"position\":2,\"name\":\"Shop\",\"item\":\"https:\/\/zoo-land.az\/ru\/\"},{\"@type\":\"ListItem\",\"position\":3,\"name\":\"VanCat Orange 5 kg\"}]},{\"@type\":\"WebSite\",\"@id\":\"https:\/\/zoo-land.az\/#website\",\"url\":\"https:\/\/zoo-land.az\/\",\"name\":\"Zooland.az\",\"description\":\"Xo\u015fb\u0259xt ev heyvanlar\u0131n\u0131n \u00fcnvan\u0131 Zooland.az\",\"publisher\":{\"@id\":\"https:\/\/zoo-land.az\/#organization\"},\"potentialAction\":[{\"@type\":\"SearchAction\",\"target\":{\"@type\":\"EntryPoint\",\"urlTemplate\":\"https:\/\/zoo-land.az\/?s={search_term_string}\"},\"query-input\":{\"@type\":\"PropertyValueSpecification\",\"valueRequired\":true,\"valueName\":\"search_term_string\"}}],\"inLanguage\":\"az\"},{\"@type\":\"Organization\",\"@id\":\"https:\/\/zoo-land.az\/#organization\",\"name\":\"Zooland.az\",\"url\":\"https:\/\/zoo-land.az\/\",\"logo\":{\"@type\":\"ImageObject\",\"inLanguage\":\"az\",\"@id\":\"https:\/\/zoo-land.az\/#\/schema\/logo\/image\/\",\"url\":\"https:\/\/zoo-land.az\/wp-content\/uploads\/2022\/05\/logo.svg\",\"contentUrl\":\"https:\/\/zoo-land.az\/wp-content\/uploads\/2022\/05\/logo.svg\",\"width\":113,\"height\":46,\"caption\":\"Zooland.az\"},\"image\":{\"@id\":\"https:\/\/zoo-land.az\/#\/schema\/logo\/image\/\"}}]}<\/script>\n<!-- \/ Yoast SEO plugin. -->","yoast_head_json":{"title":"VanCat Orange 5 kg - Zooland.az","robots":{"index":"index","follow":"follow","max-snippet":"max-snippet:-1","max-image-preview":"max-image-preview:large","max-video-preview":"max-video-preview:-1"},"canonical":"https:\/\/zoo-land.az\/az\/shop\/cat\/cat-lands\/vancat-orange-5-kg\/","og_locale":"az_AZ","og_type":"article","og_title":"VanCat Orange 5 kg - Zooland.az","og_description":"Super premium bentonite litter for cat litter from VanCat - Cat Litter Orange, with orange flavor. The filler is entirely made from high quality white bentonite.Unlike other litters, the shape of the lump is not flat, but round, which is ideal for adult cats.Cat Litter Orange perfectly absorbs unpleasant odors, quickly sticks together, forming lumps, and leaves a pleasant orange aroma. The product contains only natural ingredients that perfectly absorb moisture and, thanks to the double sifting system, contain no dust at all. Very high absorption capacity from 280 to 300%. VanCat Cat Litter Orange will meet your expectations and provide comfortable conditions for your pet!Advantages of VanCat Cat Litter Orange:Made from 100% white bentonite.High ability to absorb liquid (280\u2013300%).The amount of dust is reduced by 99.5% thanks to the double sifting system.Absorbs unpleasant odors, leaving a pleasant orange aroma.Doesn't stick to cat's paws and doesn't get scattered around the house.Maximum comfort for the cat and its owner.  &nbsp;","og_url":"https:\/\/zoo-land.az\/az\/shop\/cat\/cat-lands\/vancat-orange-5-kg\/","og_site_name":"Zooland.az","article_modified_time":"2024-06-10T10:17:32+00:00","og_image":[{"width":800,"height":800,"url":"https:\/\/zoo-land.az\/wp-content\/uploads\/2024\/06\/van-cat-orange-napolnitel-dlya-koshek-100-naturalnyj-komkuyushchijsya-bez-pyli-s-aromatom-apelsina-5-kg.jpg","type":"image\/jpeg"}],"twitter_card":"summary_large_image","twitter_misc":{"Est. reading time":"1 minute"},"schema":{"@context":"https:\/\/schema.org","@graph":[{"@type":"WebPage","@id":"https:\/\/zoo-land.az\/shop\/cat\/cat-lands\/vancat-orange-5-kg\/","url":"https:\/\/zoo-land.az\/shop\/cat\/cat-lands\/vancat-orange-5-kg\/","name":"VanCat Orange 5 kg - Zooland.az","isPartOf":{"@id":"https:\/\/zoo-land.az\/#website"},"primaryImageOfPage":{"@id":"https:\/\/zoo-land.az\/shop\/cat\/cat-lands\/vancat-orange-5-kg\/#primaryimage"},"image":{"@id":"https:\/\/zoo-land.az\/shop\/cat\/cat-lands\/vancat-orange-5-kg\/#primaryimage"},"thumbnailUrl":"https:\/\/zoo-land.az\/wp-content\/uploads\/2024\/06\/van-cat-orange-napolnitel-dlya-koshek-100-naturalnyj-komkuyushchijsya-bez-pyli-s-aromatom-apelsina-5-kg.jpg","datePublished":"2024-06-10T10:17:31+00:00","dateModified":"2024-06-10T10:17:32+00:00","breadcrumb":{"@id":"https:\/\/zoo-land.az\/shop\/cat\/cat-lands\/vancat-orange-5-kg\/#breadcrumb"},"inLanguage":"az","potentialAction":[{"@type":"ReadAction","target":["https:\/\/zoo-land.az\/shop\/cat\/cat-lands\/vancat-orange-5-kg\/"]}]},{"@type":"ImageObject","inLanguage":"az","@id":"https:\/\/zoo-land.az\/shop\/cat\/cat-lands\/vancat-orange-5-kg\/#primaryimage","url":"https:\/\/zoo-land.az\/wp-content\/uploads\/2024\/06\/van-cat-orange-napolnitel-dlya-koshek-100-naturalnyj-komkuyushchijsya-bez-pyli-s-aromatom-apelsina-5-kg.jpg","contentUrl":"https:\/\/zoo-land.az\/wp-content\/uploads\/2024\/06\/van-cat-orange-napolnitel-dlya-koshek-100-naturalnyj-komkuyushchijsya-bez-pyli-s-aromatom-apelsina-5-kg.jpg","width":800,"height":800},{"@type":"BreadcrumbList","@id":"https:\/\/zoo-land.az\/shop\/cat\/cat-lands\/vancat-orange-5-kg\/#breadcrumb","itemListElement":[{"@type":"ListItem","position":1,"name":"Home","item":"https:\/\/zoo-land.az\/ru\/"},{"@type":"ListItem","position":2,"name":"Shop","item":"https:\/\/zoo-land.az\/ru\/"},{"@type":"ListItem","position":3,"name":"VanCat Orange 5 kg"}]},{"@type":"WebSite","@id":"https:\/\/zoo-land.az\/#website","url":"https:\/\/zoo-land.az\/","name":"Zooland.az","description":"Xo\u015fb\u0259xt ev heyvanlar\u0131n\u0131n \u00fcnvan\u0131 Zooland.az","publisher":{"@id":"https:\/\/zoo-land.az\/#organization"},"potentialAction":[{"@type":"SearchAction","target":{"@type":"EntryPoint","urlTemplate":"https:\/\/zoo-land.az\/?s={search_term_string}"},"query-input":{"@type":"PropertyValueSpecification","valueRequired":true,"valueName":"search_term_string"}}],"inLanguage":"az"},{"@type":"Organization","@id":"https:\/\/zoo-land.az\/#organization","name":"Zooland.az","url":"https:\/\/zoo-land.az\/","logo":{"@type":"ImageObject","inLanguage":"az","@id":"https:\/\/zoo-land.az\/#\/schema\/logo\/image\/","url":"https:\/\/zoo-land.az\/wp-content\/uploads\/2022\/05\/logo.svg","contentUrl":"https:\/\/zoo-land.az\/wp-content\/uploads\/2022\/05\/logo.svg","width":113,"height":46,"caption":"Zooland.az"},"image":{"@id":"https:\/\/zoo-land.az\/#\/schema\/logo\/image\/"}}]}},"_links":{"self":[{"href":"https:\/\/zoo-land.az\/az\/wp-json\/wp\/v2\/product\/23128","targetHints":{"allow":["GET"]}}],"collection":[{"href":"https:\/\/zoo-land.az\/az\/wp-json\/wp\/v2\/product"}],"about":[{"href":"https:\/\/zoo-land.az\/az\/wp-json\/wp\/v2\/types\/product"}],"wp:featuredmedia":[{"embeddable":true,"href":"https:\/\/zoo-land.az\/az\/wp-json\/wp\/v2\/media\/23133"}],"wp:attachment":[{"href":"https:\/\/zoo-land.az\/az\/wp-json\/wp\/v2\/media?parent=23128"}],"wp:term":[{"taxonomy":"product_cat","embeddable":true,"href":"https:\/\/zoo-land.az\/az\/wp-json\/wp\/v2\/product_cat?post=23128"},{"taxonomy":"product_tag","embeddable":true,"href":"https:\/\/zoo-land.az\/az\/wp-json\/wp\/v2\/product_tag?post=23128"}],"curies":[{"name":"wp","href":"https:\/\/api.w.org\/{rel}","templated":true}]}}