{"id":23139,"date":"2024-06-10T10:35:19","date_gmt":"2024-06-10T10:35:19","guid":{"rendered":"https:\/\/lightsteelblue-zebra-299715.hostingersite.com\/?post_type=product&#038;p=23139"},"modified":"2024-06-10T10:35:19","modified_gmt":"2024-06-10T10:35:19","slug":"monge-vetsolution-hypo-monoprotein-duck-400-g","status":"publish","type":"product","link":"https:\/\/zoo-land.az\/az\/shop\/dog\/dog-wetfoods-conserves\/monge-vetsolution-hypo-monoprotein-duck-400-g\/","title":{"rendered":"Monge VetSolution Hypo Monoprotein Duck 400 g"},"content":{"rendered":"<p><strong>MONGE VETSOLUTION Dog HYPO MONOPROTEIN DUCK Wet Diet for Dogs Hypoallergenic Monoprotein with Duck 400g<\/strong><\/p>\n<p>Complete dietary food designed to reduce ingredient and nutrient intolerance reactions.<\/p>\n<p>Contains nucleotides to accelerate regeneration processes, aloe vera to support skin health, and xylo-oligosaccharides (X.O.S.) to protect gut microbiota. The food includes a single source of animal protein (Duck) and a single source of carbohydrates (potato starch).<\/p>","protected":false},"excerpt":{"rendered":"<p><strong>MONGE VETSOLUTION Dog HYPO MONOPROTEIN DUCK Wet Diet for Dogs Hypoallergenic Monoprotein with Duck 400g<\/strong><\/p>\n<p>Complete dietary food designed to reduce ingredient and nutrient intolerance reactions.<\/p>\n<p>Contains nucleotides to accelerate regeneration processes, aloe vera to support skin health, and xylo-oligosaccharides (X.O.S.) to protect gut microbiota. The food includes a single source of animal protein (Duck) and a single source of carbohydrates (potato starch).<\/p>","protected":false},"featured_media":23140,"template":"","meta":{"inline_featured_image":false,"_joinchat":[]},"product_cat":[107,154],"product_tag":[],"class_list":{"0":"post-23139","1":"product","2":"type-product","3":"status-publish","4":"has-post-thumbnail","6":"product_brand-monge","7":"product_cat-dog","8":"product_cat-dog-wetfoods-conserves","10":"first","11":"instock","12":"shipping-taxable","13":"purchasable","14":"product-type-simple"},"yoast_head":"<!-- This site is optimized with the Yoast SEO plugin v27.4 - https:\/\/yoast.com\/product\/yoast-seo-wordpress\/ -->\n<title>Monge VetSolution Hypo Monoprotein Duck 400 g - Zooland.az<\/title>\n<meta name=\"robots\" content=\"index, follow, max-snippet:-1, max-image-preview:large, max-video-preview:-1\" \/>\n<link rel=\"canonical\" href=\"https:\/\/zoo-land.az\/az\/shop\/dog\/dog-wetfoods-conserves\/monge-vetsolution-hypo-monoprotein-duck-400-g\/\" \/>\n<meta property=\"og:locale\" content=\"az_AZ\" \/>\n<meta property=\"og:type\" content=\"article\" \/>\n<meta property=\"og:title\" content=\"Monge VetSolution Hypo Monoprotein Duck 400 g - Zooland.az\" \/>\n<meta property=\"og:description\" content=\"MONGE VETSOLUTION Dog HYPO MONOPROTEIN DUCK Wet Diet for Dogs Hypoallergenic Monoprotein with Duck 400g  Complete dietary food designed to reduce ingredient and nutrient intolerance reactions.  Contains nucleotides to accelerate regeneration processes, aloe vera to support skin health, and xylo-oligosaccharides (X.O.S.) to protect gut microbiota. The food includes a single source of animal protein (Duck) and a single source of carbohydrates (potato starch).\" \/>\n<meta property=\"og:url\" content=\"https:\/\/zoo-land.az\/az\/shop\/dog\/dog-wetfoods-conserves\/monge-vetsolution-hypo-monoprotein-duck-400-g\/\" \/>\n<meta property=\"og:site_name\" content=\"Zooland.az\" \/>\n<meta property=\"og:image\" content=\"https:\/\/zoo-land.az\/wp-content\/uploads\/2024\/06\/Screenshot-2024-06-10-at-14.33.46.png\" \/>\n\t<meta property=\"og:image:width\" content=\"990\" \/>\n\t<meta property=\"og:image:height\" content=\"1450\" \/>\n\t<meta property=\"og:image:type\" content=\"image\/png\" \/>\n<meta name=\"twitter:card\" content=\"summary_large_image\" \/>\n<script type=\"application\/ld+json\" class=\"yoast-schema-graph\">{\"@context\":\"https:\\\/\\\/schema.org\",\"@graph\":[{\"@type\":\"WebPage\",\"@id\":\"https:\\\/\\\/zoo-land.az\\\/shop\\\/dog\\\/dog-wetfoods-conserves\\\/monge-vetsolution-hypo-monoprotein-duck-400-g\\\/\",\"url\":\"https:\\\/\\\/zoo-land.az\\\/shop\\\/dog\\\/dog-wetfoods-conserves\\\/monge-vetsolution-hypo-monoprotein-duck-400-g\\\/\",\"name\":\"Monge VetSolution Hypo Monoprotein Duck 400 g - Zooland.az\",\"isPartOf\":{\"@id\":\"https:\\\/\\\/zoo-land.az\\\/#website\"},\"primaryImageOfPage\":{\"@id\":\"https:\\\/\\\/zoo-land.az\\\/shop\\\/dog\\\/dog-wetfoods-conserves\\\/monge-vetsolution-hypo-monoprotein-duck-400-g\\\/#primaryimage\"},\"image\":{\"@id\":\"https:\\\/\\\/zoo-land.az\\\/shop\\\/dog\\\/dog-wetfoods-conserves\\\/monge-vetsolution-hypo-monoprotein-duck-400-g\\\/#primaryimage\"},\"thumbnailUrl\":\"https:\\\/\\\/zoo-land.az\\\/wp-content\\\/uploads\\\/2024\\\/06\\\/Screenshot-2024-06-10-at-14.33.46.png\",\"datePublished\":\"2024-06-10T10:35:19+00:00\",\"breadcrumb\":{\"@id\":\"https:\\\/\\\/zoo-land.az\\\/shop\\\/dog\\\/dog-wetfoods-conserves\\\/monge-vetsolution-hypo-monoprotein-duck-400-g\\\/#breadcrumb\"},\"inLanguage\":\"az\",\"potentialAction\":[{\"@type\":\"ReadAction\",\"target\":[\"https:\\\/\\\/zoo-land.az\\\/shop\\\/dog\\\/dog-wetfoods-conserves\\\/monge-vetsolution-hypo-monoprotein-duck-400-g\\\/\"]}]},{\"@type\":\"ImageObject\",\"inLanguage\":\"az\",\"@id\":\"https:\\\/\\\/zoo-land.az\\\/shop\\\/dog\\\/dog-wetfoods-conserves\\\/monge-vetsolution-hypo-monoprotein-duck-400-g\\\/#primaryimage\",\"url\":\"https:\\\/\\\/zoo-land.az\\\/wp-content\\\/uploads\\\/2024\\\/06\\\/Screenshot-2024-06-10-at-14.33.46.png\",\"contentUrl\":\"https:\\\/\\\/zoo-land.az\\\/wp-content\\\/uploads\\\/2024\\\/06\\\/Screenshot-2024-06-10-at-14.33.46.png\",\"width\":990,\"height\":1450},{\"@type\":\"BreadcrumbList\",\"@id\":\"https:\\\/\\\/zoo-land.az\\\/shop\\\/dog\\\/dog-wetfoods-conserves\\\/monge-vetsolution-hypo-monoprotein-duck-400-g\\\/#breadcrumb\",\"itemListElement\":[{\"@type\":\"ListItem\",\"position\":1,\"name\":\"Home\",\"item\":\"https:\\\/\\\/zoo-land.az\\\/ru\\\/\"},{\"@type\":\"ListItem\",\"position\":2,\"name\":\"Shop\",\"item\":\"https:\\\/\\\/zoo-land.az\\\/ru\\\/\"},{\"@type\":\"ListItem\",\"position\":3,\"name\":\"Monge VetSolution Hypo Monoprotein Duck 400 g\"}]},{\"@type\":\"WebSite\",\"@id\":\"https:\\\/\\\/zoo-land.az\\\/#website\",\"url\":\"https:\\\/\\\/zoo-land.az\\\/\",\"name\":\"Zooland.az\",\"description\":\"Xo\u015fb\u0259xt ev heyvanlar\u0131n\u0131n \u00fcnvan\u0131 Zooland.az\",\"publisher\":{\"@id\":\"https:\\\/\\\/zoo-land.az\\\/#organization\"},\"potentialAction\":[{\"@type\":\"SearchAction\",\"target\":{\"@type\":\"EntryPoint\",\"urlTemplate\":\"https:\\\/\\\/zoo-land.az\\\/?s={search_term_string}\"},\"query-input\":{\"@type\":\"PropertyValueSpecification\",\"valueRequired\":true,\"valueName\":\"search_term_string\"}}],\"inLanguage\":\"az\"},{\"@type\":\"Organization\",\"@id\":\"https:\\\/\\\/zoo-land.az\\\/#organization\",\"name\":\"Zooland.az\",\"url\":\"https:\\\/\\\/zoo-land.az\\\/\",\"logo\":{\"@type\":\"ImageObject\",\"inLanguage\":\"az\",\"@id\":\"https:\\\/\\\/zoo-land.az\\\/#\\\/schema\\\/logo\\\/image\\\/\",\"url\":\"https:\\\/\\\/zoo-land.az\\\/wp-content\\\/uploads\\\/2022\\\/05\\\/logo.svg\",\"contentUrl\":\"https:\\\/\\\/zoo-land.az\\\/wp-content\\\/uploads\\\/2022\\\/05\\\/logo.svg\",\"width\":113,\"height\":46,\"caption\":\"Zooland.az\"},\"image\":{\"@id\":\"https:\\\/\\\/zoo-land.az\\\/#\\\/schema\\\/logo\\\/image\\\/\"}}]}<\/script>\n<!-- \/ Yoast SEO plugin. -->","yoast_head_json":{"title":"Monge VetSolution Hypo Monoprotein Duck 400 g - Zooland.az","robots":{"index":"index","follow":"follow","max-snippet":"max-snippet:-1","max-image-preview":"max-image-preview:large","max-video-preview":"max-video-preview:-1"},"canonical":"https:\/\/zoo-land.az\/az\/shop\/dog\/dog-wetfoods-conserves\/monge-vetsolution-hypo-monoprotein-duck-400-g\/","og_locale":"az_AZ","og_type":"article","og_title":"Monge VetSolution Hypo Monoprotein Duck 400 g - Zooland.az","og_description":"MONGE VETSOLUTION Dog HYPO MONOPROTEIN DUCK Wet Diet for Dogs Hypoallergenic Monoprotein with Duck 400g  Complete dietary food designed to reduce ingredient and nutrient intolerance reactions.  Contains nucleotides to accelerate regeneration processes, aloe vera to support skin health, and xylo-oligosaccharides (X.O.S.) to protect gut microbiota. The food includes a single source of animal protein (Duck) and a single source of carbohydrates (potato starch).","og_url":"https:\/\/zoo-land.az\/az\/shop\/dog\/dog-wetfoods-conserves\/monge-vetsolution-hypo-monoprotein-duck-400-g\/","og_site_name":"Zooland.az","og_image":[{"width":990,"height":1450,"url":"https:\/\/zoo-land.az\/wp-content\/uploads\/2024\/06\/Screenshot-2024-06-10-at-14.33.46.png","type":"image\/png"}],"twitter_card":"summary_large_image","schema":{"@context":"https:\/\/schema.org","@graph":[{"@type":"WebPage","@id":"https:\/\/zoo-land.az\/shop\/dog\/dog-wetfoods-conserves\/monge-vetsolution-hypo-monoprotein-duck-400-g\/","url":"https:\/\/zoo-land.az\/shop\/dog\/dog-wetfoods-conserves\/monge-vetsolution-hypo-monoprotein-duck-400-g\/","name":"Monge VetSolution Hypo Monoprotein Duck 400 g - Zooland.az","isPartOf":{"@id":"https:\/\/zoo-land.az\/#website"},"primaryImageOfPage":{"@id":"https:\/\/zoo-land.az\/shop\/dog\/dog-wetfoods-conserves\/monge-vetsolution-hypo-monoprotein-duck-400-g\/#primaryimage"},"image":{"@id":"https:\/\/zoo-land.az\/shop\/dog\/dog-wetfoods-conserves\/monge-vetsolution-hypo-monoprotein-duck-400-g\/#primaryimage"},"thumbnailUrl":"https:\/\/zoo-land.az\/wp-content\/uploads\/2024\/06\/Screenshot-2024-06-10-at-14.33.46.png","datePublished":"2024-06-10T10:35:19+00:00","breadcrumb":{"@id":"https:\/\/zoo-land.az\/shop\/dog\/dog-wetfoods-conserves\/monge-vetsolution-hypo-monoprotein-duck-400-g\/#breadcrumb"},"inLanguage":"az","potentialAction":[{"@type":"ReadAction","target":["https:\/\/zoo-land.az\/shop\/dog\/dog-wetfoods-conserves\/monge-vetsolution-hypo-monoprotein-duck-400-g\/"]}]},{"@type":"ImageObject","inLanguage":"az","@id":"https:\/\/zoo-land.az\/shop\/dog\/dog-wetfoods-conserves\/monge-vetsolution-hypo-monoprotein-duck-400-g\/#primaryimage","url":"https:\/\/zoo-land.az\/wp-content\/uploads\/2024\/06\/Screenshot-2024-06-10-at-14.33.46.png","contentUrl":"https:\/\/zoo-land.az\/wp-content\/uploads\/2024\/06\/Screenshot-2024-06-10-at-14.33.46.png","width":990,"height":1450},{"@type":"BreadcrumbList","@id":"https:\/\/zoo-land.az\/shop\/dog\/dog-wetfoods-conserves\/monge-vetsolution-hypo-monoprotein-duck-400-g\/#breadcrumb","itemListElement":[{"@type":"ListItem","position":1,"name":"Home","item":"https:\/\/zoo-land.az\/ru\/"},{"@type":"ListItem","position":2,"name":"Shop","item":"https:\/\/zoo-land.az\/ru\/"},{"@type":"ListItem","position":3,"name":"Monge VetSolution Hypo Monoprotein Duck 400 g"}]},{"@type":"WebSite","@id":"https:\/\/zoo-land.az\/#website","url":"https:\/\/zoo-land.az\/","name":"Zooland.az","description":"Xo\u015fb\u0259xt ev heyvanlar\u0131n\u0131n \u00fcnvan\u0131 Zooland.az","publisher":{"@id":"https:\/\/zoo-land.az\/#organization"},"potentialAction":[{"@type":"SearchAction","target":{"@type":"EntryPoint","urlTemplate":"https:\/\/zoo-land.az\/?s={search_term_string}"},"query-input":{"@type":"PropertyValueSpecification","valueRequired":true,"valueName":"search_term_string"}}],"inLanguage":"az"},{"@type":"Organization","@id":"https:\/\/zoo-land.az\/#organization","name":"Zooland.az","url":"https:\/\/zoo-land.az\/","logo":{"@type":"ImageObject","inLanguage":"az","@id":"https:\/\/zoo-land.az\/#\/schema\/logo\/image\/","url":"https:\/\/zoo-land.az\/wp-content\/uploads\/2022\/05\/logo.svg","contentUrl":"https:\/\/zoo-land.az\/wp-content\/uploads\/2022\/05\/logo.svg","width":113,"height":46,"caption":"Zooland.az"},"image":{"@id":"https:\/\/zoo-land.az\/#\/schema\/logo\/image\/"}}]}},"_links":{"self":[{"href":"https:\/\/zoo-land.az\/az\/wp-json\/wp\/v2\/product\/23139","targetHints":{"allow":["GET"]}}],"collection":[{"href":"https:\/\/zoo-land.az\/az\/wp-json\/wp\/v2\/product"}],"about":[{"href":"https:\/\/zoo-land.az\/az\/wp-json\/wp\/v2\/types\/product"}],"wp:featuredmedia":[{"embeddable":true,"href":"https:\/\/zoo-land.az\/az\/wp-json\/wp\/v2\/media\/23140"}],"wp:attachment":[{"href":"https:\/\/zoo-land.az\/az\/wp-json\/wp\/v2\/media?parent=23139"}],"wp:term":[{"taxonomy":"product_cat","embeddable":true,"href":"https:\/\/zoo-land.az\/az\/wp-json\/wp\/v2\/product_cat?post=23139"},{"taxonomy":"product_tag","embeddable":true,"href":"https:\/\/zoo-land.az\/az\/wp-json\/wp\/v2\/product_tag?post=23139"}],"curies":[{"name":"wp","href":"https:\/\/api.w.org\/{rel}","templated":true}]}}