{"id":23151,"date":"2024-06-10T10:51:22","date_gmt":"2024-06-10T10:51:22","guid":{"rendered":"https:\/\/lightsteelblue-zebra-299715.hostingersite.com\/?post_type=product&#038;p=23151"},"modified":"2024-06-10T10:51:22","modified_gmt":"2024-06-10T10:51:22","slug":"fitmin-dog-natural-bone-tomato","status":"publish","type":"product","link":"https:\/\/zoo-land.az\/az\/shop\/dog\/treats\/fitmin-dog-natural-bone-tomato\/","title":{"rendered":"Fitmin Dog Natural Bone Tomato"},"content":{"rendered":"<p><strong>Natural Treat for Dogs Shaped Like a Bone from Beef Skin with Yucca<\/strong><\/p>\n<p>Complementary food without added colorings and preservatives.<\/p>\n<p><strong>ADVANTAGES<\/strong><\/p>\n<p>\u25cf Yucca helps reduce unpleasant stool odor<\/p>\n<p>\u25cfCollagen in the treat benefits joints, coat, and claws<\/p>\n<p>\u25cf Calcium keeps teeth and bones healthy and helps prevent osteoporosis or bone density loss<\/p>\n<p>\u25cf Lots of chewing fun for a happy dog<\/p>\n<p>\u25cf Strengthens the muscles responsible for chewing<\/p>\n<p>\u25cf Strengthens teeth and gums<\/p>\n<p>\u25cf A reward between meals<\/p>\n<p>\u25cf Exceptional fun for your dog<\/p>\n<p><strong>INGREDIENTS<\/strong><\/p>\n<p>Beef skin, collagen, chicken liver 13%, tomatoes 2%, calcium, grape seeds (80 mg\/kg)<\/p>","protected":false},"excerpt":{"rendered":"<p><strong>Natural Treat for Dogs Shaped Like a Bone from Beef Skin with Yucca<\/strong><\/p>\n<p>Complementary food without added colorings and preservatives.<\/p>\n<p><strong>ADVANTAGES<\/strong><\/p>\n<p>\u25cf Yucca helps reduce unpleasant stool odor<\/p>\n<p>\u25cfCollagen in the treat benefits joints, coat, and claws<\/p>\n<p>\u25cf Calcium keeps teeth and bones healthy and helps prevent osteoporosis or bone density loss<\/p>\n<p>\u25cf Lots of chewing fun for a happy dog<\/p>\n<p>\u25cf Strengthens the muscles responsible for chewing<\/p>\n<p>\u25cf Strengthens teeth and gums<\/p>\n<p>\u25cf A reward between meals<\/p>\n<p>\u25cf Exceptional fun for your dog<\/p>\n<p><strong>INGREDIENTS<\/strong><\/p>\n<p>Beef skin, collagen, chicken liver 13%, tomatoes 2%, calcium, grape seeds (80 mg\/kg)<\/p>","protected":false},"featured_media":23152,"template":"","meta":{"inline_featured_image":false,"_joinchat":[]},"product_cat":[107,340],"product_tag":[],"class_list":{"0":"post-23151","1":"product","2":"type-product","3":"status-publish","4":"has-post-thumbnail","6":"product_brand-fitmin","7":"product_cat-dog","8":"product_cat-treats","10":"first","11":"instock","12":"shipping-taxable","13":"purchasable","14":"product-type-simple"},"yoast_head":"<!-- This site is optimized with the Yoast SEO plugin v27.4 - https:\/\/yoast.com\/product\/yoast-seo-wordpress\/ -->\n<title>Fitmin Dog Natural Bone Tomato - Zooland.az<\/title>\n<meta name=\"robots\" content=\"index, follow, max-snippet:-1, max-image-preview:large, max-video-preview:-1\" \/>\n<link rel=\"canonical\" href=\"https:\/\/zoo-land.az\/az\/shop\/dog\/treats\/fitmin-dog-natural-bone-tomato\/\" \/>\n<meta property=\"og:locale\" content=\"az_AZ\" \/>\n<meta property=\"og:type\" content=\"article\" \/>\n<meta property=\"og:title\" content=\"Fitmin Dog Natural Bone Tomato - Zooland.az\" \/>\n<meta property=\"og:description\" content=\"Natural Treat for Dogs Shaped Like a Bone from Beef Skin with Yucca  Complementary food without added colorings and preservatives.  ADVANTAGES  \u25cf Yucca helps reduce unpleasant stool odor  \u25cfCollagen in the treat benefits joints, coat, and claws  \u25cf Calcium keeps teeth and bones healthy and helps prevent osteoporosis or bone density loss  \u25cf Lots of chewing fun for a happy dog  \u25cf Strengthens the muscles responsible for chewing  \u25cf Strengthens teeth and gums  \u25cf A reward between meals  \u25cf Exceptional fun for your dog  INGREDIENTS  Beef skin, collagen, chicken liver 13%, tomatoes 2%, calcium, grape seeds (80 mg\/kg)\" \/>\n<meta property=\"og:url\" content=\"https:\/\/zoo-land.az\/az\/shop\/dog\/treats\/fitmin-dog-natural-bone-tomato\/\" \/>\n<meta property=\"og:site_name\" content=\"Zooland.az\" \/>\n<meta property=\"og:image\" content=\"https:\/\/zoo-land.az\/wp-content\/uploads\/2024\/06\/DIBkrm18.webp\" \/>\n\t<meta property=\"og:image:width\" content=\"395\" \/>\n\t<meta property=\"og:image:height\" content=\"500\" \/>\n\t<meta property=\"og:image:type\" content=\"image\/webp\" \/>\n<meta name=\"twitter:card\" content=\"summary_large_image\" \/>\n<script type=\"application\/ld+json\" class=\"yoast-schema-graph\">{\"@context\":\"https:\\\/\\\/schema.org\",\"@graph\":[{\"@type\":\"WebPage\",\"@id\":\"https:\\\/\\\/zoo-land.az\\\/shop\\\/dog\\\/treats\\\/fitmin-dog-natural-bone-tomato\\\/\",\"url\":\"https:\\\/\\\/zoo-land.az\\\/shop\\\/dog\\\/treats\\\/fitmin-dog-natural-bone-tomato\\\/\",\"name\":\"Fitmin Dog Natural Bone Tomato - Zooland.az\",\"isPartOf\":{\"@id\":\"https:\\\/\\\/zoo-land.az\\\/ru\\\/#website\"},\"primaryImageOfPage\":{\"@id\":\"https:\\\/\\\/zoo-land.az\\\/shop\\\/dog\\\/treats\\\/fitmin-dog-natural-bone-tomato\\\/#primaryimage\"},\"image\":{\"@id\":\"https:\\\/\\\/zoo-land.az\\\/shop\\\/dog\\\/treats\\\/fitmin-dog-natural-bone-tomato\\\/#primaryimage\"},\"thumbnailUrl\":\"https:\\\/\\\/zoo-land.az\\\/wp-content\\\/uploads\\\/2024\\\/06\\\/DIBkrm18.webp\",\"datePublished\":\"2024-06-10T10:51:22+00:00\",\"breadcrumb\":{\"@id\":\"https:\\\/\\\/zoo-land.az\\\/shop\\\/dog\\\/treats\\\/fitmin-dog-natural-bone-tomato\\\/#breadcrumb\"},\"inLanguage\":\"az\",\"potentialAction\":[{\"@type\":\"ReadAction\",\"target\":[\"https:\\\/\\\/zoo-land.az\\\/shop\\\/dog\\\/treats\\\/fitmin-dog-natural-bone-tomato\\\/\"]}]},{\"@type\":\"ImageObject\",\"inLanguage\":\"az\",\"@id\":\"https:\\\/\\\/zoo-land.az\\\/shop\\\/dog\\\/treats\\\/fitmin-dog-natural-bone-tomato\\\/#primaryimage\",\"url\":\"https:\\\/\\\/zoo-land.az\\\/wp-content\\\/uploads\\\/2024\\\/06\\\/DIBkrm18.webp\",\"contentUrl\":\"https:\\\/\\\/zoo-land.az\\\/wp-content\\\/uploads\\\/2024\\\/06\\\/DIBkrm18.webp\",\"width\":395,\"height\":500},{\"@type\":\"BreadcrumbList\",\"@id\":\"https:\\\/\\\/zoo-land.az\\\/shop\\\/dog\\\/treats\\\/fitmin-dog-natural-bone-tomato\\\/#breadcrumb\",\"itemListElement\":[{\"@type\":\"ListItem\",\"position\":1,\"name\":\"Home\",\"item\":\"https:\\\/\\\/zoo-land.az\\\/ru\\\/\"},{\"@type\":\"ListItem\",\"position\":2,\"name\":\"Shop\",\"item\":\"https:\\\/\\\/zoo-land.az\\\/ru\\\/\"},{\"@type\":\"ListItem\",\"position\":3,\"name\":\"Fitmin Dog Natural Bone Tomato\"}]},{\"@type\":\"WebSite\",\"@id\":\"https:\\\/\\\/zoo-land.az\\\/ru\\\/#website\",\"url\":\"https:\\\/\\\/zoo-land.az\\\/ru\\\/\",\"name\":\"Zooland.az\",\"description\":\"Xo\u015fb\u0259xt ev heyvanlar\u0131n\u0131n \u00fcnvan\u0131 Zooland.az\",\"publisher\":{\"@id\":\"https:\\\/\\\/zoo-land.az\\\/ru\\\/#organization\"},\"potentialAction\":[{\"@type\":\"SearchAction\",\"target\":{\"@type\":\"EntryPoint\",\"urlTemplate\":\"https:\\\/\\\/zoo-land.az\\\/ru\\\/?s={search_term_string}\"},\"query-input\":{\"@type\":\"PropertyValueSpecification\",\"valueRequired\":true,\"valueName\":\"search_term_string\"}}],\"inLanguage\":\"az\"},{\"@type\":\"Organization\",\"@id\":\"https:\\\/\\\/zoo-land.az\\\/ru\\\/#organization\",\"name\":\"Zooland.az\",\"url\":\"https:\\\/\\\/zoo-land.az\\\/ru\\\/\",\"logo\":{\"@type\":\"ImageObject\",\"inLanguage\":\"az\",\"@id\":\"https:\\\/\\\/zoo-land.az\\\/ru\\\/#\\\/schema\\\/logo\\\/image\\\/\",\"url\":\"https:\\\/\\\/zoo-land.az\\\/wp-content\\\/uploads\\\/2022\\\/05\\\/logo.svg\",\"contentUrl\":\"https:\\\/\\\/zoo-land.az\\\/wp-content\\\/uploads\\\/2022\\\/05\\\/logo.svg\",\"width\":113,\"height\":46,\"caption\":\"Zooland.az\"},\"image\":{\"@id\":\"https:\\\/\\\/zoo-land.az\\\/ru\\\/#\\\/schema\\\/logo\\\/image\\\/\"}}]}<\/script>\n<!-- \/ Yoast SEO plugin. -->","yoast_head_json":{"title":"Fitmin Dog Natural Bone Tomato - Zooland.az","robots":{"index":"index","follow":"follow","max-snippet":"max-snippet:-1","max-image-preview":"max-image-preview:large","max-video-preview":"max-video-preview:-1"},"canonical":"https:\/\/zoo-land.az\/az\/shop\/dog\/treats\/fitmin-dog-natural-bone-tomato\/","og_locale":"az_AZ","og_type":"article","og_title":"Fitmin Dog Natural Bone Tomato - Zooland.az","og_description":"Natural Treat for Dogs Shaped Like a Bone from Beef Skin with Yucca  Complementary food without added colorings and preservatives.  ADVANTAGES  \u25cf Yucca helps reduce unpleasant stool odor  \u25cfCollagen in the treat benefits joints, coat, and claws  \u25cf Calcium keeps teeth and bones healthy and helps prevent osteoporosis or bone density loss  \u25cf Lots of chewing fun for a happy dog  \u25cf Strengthens the muscles responsible for chewing  \u25cf Strengthens teeth and gums  \u25cf A reward between meals  \u25cf Exceptional fun for your dog  INGREDIENTS  Beef skin, collagen, chicken liver 13%, tomatoes 2%, calcium, grape seeds (80 mg\/kg)","og_url":"https:\/\/zoo-land.az\/az\/shop\/dog\/treats\/fitmin-dog-natural-bone-tomato\/","og_site_name":"Zooland.az","og_image":[{"width":395,"height":500,"url":"https:\/\/zoo-land.az\/wp-content\/uploads\/2024\/06\/DIBkrm18.webp","type":"image\/webp"}],"twitter_card":"summary_large_image","schema":{"@context":"https:\/\/schema.org","@graph":[{"@type":"WebPage","@id":"https:\/\/zoo-land.az\/shop\/dog\/treats\/fitmin-dog-natural-bone-tomato\/","url":"https:\/\/zoo-land.az\/shop\/dog\/treats\/fitmin-dog-natural-bone-tomato\/","name":"Fitmin Dog Natural Bone Tomato - Zooland.az","isPartOf":{"@id":"https:\/\/zoo-land.az\/ru\/#website"},"primaryImageOfPage":{"@id":"https:\/\/zoo-land.az\/shop\/dog\/treats\/fitmin-dog-natural-bone-tomato\/#primaryimage"},"image":{"@id":"https:\/\/zoo-land.az\/shop\/dog\/treats\/fitmin-dog-natural-bone-tomato\/#primaryimage"},"thumbnailUrl":"https:\/\/zoo-land.az\/wp-content\/uploads\/2024\/06\/DIBkrm18.webp","datePublished":"2024-06-10T10:51:22+00:00","breadcrumb":{"@id":"https:\/\/zoo-land.az\/shop\/dog\/treats\/fitmin-dog-natural-bone-tomato\/#breadcrumb"},"inLanguage":"az","potentialAction":[{"@type":"ReadAction","target":["https:\/\/zoo-land.az\/shop\/dog\/treats\/fitmin-dog-natural-bone-tomato\/"]}]},{"@type":"ImageObject","inLanguage":"az","@id":"https:\/\/zoo-land.az\/shop\/dog\/treats\/fitmin-dog-natural-bone-tomato\/#primaryimage","url":"https:\/\/zoo-land.az\/wp-content\/uploads\/2024\/06\/DIBkrm18.webp","contentUrl":"https:\/\/zoo-land.az\/wp-content\/uploads\/2024\/06\/DIBkrm18.webp","width":395,"height":500},{"@type":"BreadcrumbList","@id":"https:\/\/zoo-land.az\/shop\/dog\/treats\/fitmin-dog-natural-bone-tomato\/#breadcrumb","itemListElement":[{"@type":"ListItem","position":1,"name":"Home","item":"https:\/\/zoo-land.az\/ru\/"},{"@type":"ListItem","position":2,"name":"Shop","item":"https:\/\/zoo-land.az\/ru\/"},{"@type":"ListItem","position":3,"name":"Fitmin Dog Natural Bone Tomato"}]},{"@type":"WebSite","@id":"https:\/\/zoo-land.az\/ru\/#website","url":"https:\/\/zoo-land.az\/ru\/","name":"Zooland.az","description":"Xo\u015fb\u0259xt ev heyvanlar\u0131n\u0131n \u00fcnvan\u0131 Zooland.az","publisher":{"@id":"https:\/\/zoo-land.az\/ru\/#organization"},"potentialAction":[{"@type":"SearchAction","target":{"@type":"EntryPoint","urlTemplate":"https:\/\/zoo-land.az\/ru\/?s={search_term_string}"},"query-input":{"@type":"PropertyValueSpecification","valueRequired":true,"valueName":"search_term_string"}}],"inLanguage":"az"},{"@type":"Organization","@id":"https:\/\/zoo-land.az\/ru\/#organization","name":"Zooland.az","url":"https:\/\/zoo-land.az\/ru\/","logo":{"@type":"ImageObject","inLanguage":"az","@id":"https:\/\/zoo-land.az\/ru\/#\/schema\/logo\/image\/","url":"https:\/\/zoo-land.az\/wp-content\/uploads\/2022\/05\/logo.svg","contentUrl":"https:\/\/zoo-land.az\/wp-content\/uploads\/2022\/05\/logo.svg","width":113,"height":46,"caption":"Zooland.az"},"image":{"@id":"https:\/\/zoo-land.az\/ru\/#\/schema\/logo\/image\/"}}]}},"_links":{"self":[{"href":"https:\/\/zoo-land.az\/az\/wp-json\/wp\/v2\/product\/23151","targetHints":{"allow":["GET"]}}],"collection":[{"href":"https:\/\/zoo-land.az\/az\/wp-json\/wp\/v2\/product"}],"about":[{"href":"https:\/\/zoo-land.az\/az\/wp-json\/wp\/v2\/types\/product"}],"wp:featuredmedia":[{"embeddable":true,"href":"https:\/\/zoo-land.az\/az\/wp-json\/wp\/v2\/media\/23152"}],"wp:attachment":[{"href":"https:\/\/zoo-land.az\/az\/wp-json\/wp\/v2\/media?parent=23151"}],"wp:term":[{"taxonomy":"product_cat","embeddable":true,"href":"https:\/\/zoo-land.az\/az\/wp-json\/wp\/v2\/product_cat?post=23151"},{"taxonomy":"product_tag","embeddable":true,"href":"https:\/\/zoo-land.az\/az\/wp-json\/wp\/v2\/product_tag?post=23151"}],"curies":[{"name":"wp","href":"https:\/\/api.w.org\/{rel}","templated":true}]}}