{"id":23185,"date":"2024-06-10T12:15:26","date_gmt":"2024-06-10T12:15:26","guid":{"rendered":"https:\/\/lightsteelblue-zebra-299715.hostingersite.com\/?post_type=product&#038;p=23185"},"modified":"2024-06-10T12:15:26","modified_gmt":"2024-06-10T12:15:26","slug":"nunbell-pads-size-45x60-cm-pack-of-20","status":"publish","type":"product","link":"https:\/\/zoo-land.az\/az\/shop\/dog\/dog-hygenic\/dog-pampers\/nunbell-pads-size-45x60-cm-pack-of-20\/","title":{"rendered":"Nunbell pads, size 45&#215;60 cm, pack of 20"},"content":{"rendered":"<p>Nunbell Dog Diapers 20-pack<br \/>\nDog diapers in the form of shorts, suitable for puppies not yet trained, sick dogs, during the heat cycle, and for dogs unable to go outside, also suitable for use during travel. The waist width of the dog urine pad is adjustable. It has high absorption power, instantly absorbs odor and liquid. There is a space for the tail. The elastic band at the waist ensures a snug fit around the legs and prevents slipping. There are large adhesive bands on both sides. It resembles baby diapers in features.<\/p>","protected":false},"excerpt":{"rendered":"<p>Nunbell Dog Diapers 20-pack<br \/>\nDog diapers in the form of shorts, suitable for puppies not yet trained, sick dogs, during the heat cycle, and for dogs unable to go outside, also suitable for use during travel. The waist width of the dog urine pad is adjustable. It has high absorption power, instantly absorbs odor and liquid. There is a space for the tail. The elastic band at the waist ensures a snug fit around the legs and prevents slipping. There are large adhesive bands on both sides. It resembles baby diapers in features.<\/p>","protected":false},"featured_media":23186,"template":"","meta":{"inline_featured_image":false,"_joinchat":[]},"product_cat":[173,107],"product_tag":[],"class_list":{"0":"post-23185","1":"product","2":"type-product","3":"status-publish","4":"has-post-thumbnail","6":"product_brand-nunbell","7":"product_cat-dog-pampers","8":"product_cat-dog","10":"first","11":"instock","12":"shipping-taxable","13":"purchasable","14":"product-type-simple"},"yoast_head":"<!-- This site is optimized with the Yoast SEO plugin v26.7 - https:\/\/yoast.com\/wordpress\/plugins\/seo\/ -->\n<title>Nunbell pads, size 45x60 cm, pack of 20 - Zooland.az<\/title>\n<meta name=\"robots\" content=\"index, follow, max-snippet:-1, max-image-preview:large, max-video-preview:-1\" \/>\n<link rel=\"canonical\" href=\"https:\/\/zoo-land.az\/az\/shop\/dog\/dog-hygenic\/dog-pampers\/nunbell-pads-size-45x60-cm-pack-of-20\/\" \/>\n<meta property=\"og:locale\" content=\"az_AZ\" \/>\n<meta property=\"og:type\" content=\"article\" \/>\n<meta property=\"og:title\" content=\"Nunbell pads, size 45x60 cm, pack of 20 - Zooland.az\" \/>\n<meta property=\"og:description\" content=\"Nunbell Dog Diapers 20-pack Dog diapers in the form of shorts, suitable for puppies not yet trained, sick dogs, during the heat cycle, and for dogs unable to go outside, also suitable for use during travel. The waist width of the dog urine pad is adjustable. It has high absorption power, instantly absorbs odor and liquid. There is a space for the tail. The elastic band at the waist ensures a snug fit around the legs and prevents slipping. There are large adhesive bands on both sides. It resembles baby diapers in features.\" \/>\n<meta property=\"og:url\" content=\"https:\/\/zoo-land.az\/az\/shop\/dog\/dog-hygenic\/dog-pampers\/nunbell-pads-size-45x60-cm-pack-of-20\/\" \/>\n<meta property=\"og:site_name\" content=\"Zooland.az\" \/>\n<meta property=\"og:image\" content=\"https:\/\/zoo-land.az\/wp-content\/uploads\/2024\/06\/634384-ed6301961cd406b306bf4786ce59598f.png\" \/>\n\t<meta property=\"og:image:width\" content=\"280\" \/>\n\t<meta property=\"og:image:height\" content=\"280\" \/>\n\t<meta property=\"og:image:type\" content=\"image\/png\" \/>\n<meta name=\"twitter:card\" content=\"summary_large_image\" \/>\n<script type=\"application\/ld+json\" class=\"yoast-schema-graph\">{\"@context\":\"https:\/\/schema.org\",\"@graph\":[{\"@type\":\"WebPage\",\"@id\":\"https:\/\/zoo-land.az\/shop\/dog\/dog-hygenic\/dog-pampers\/nunbell-pads-size-45x60-cm-pack-of-20\/\",\"url\":\"https:\/\/zoo-land.az\/shop\/dog\/dog-hygenic\/dog-pampers\/nunbell-pads-size-45x60-cm-pack-of-20\/\",\"name\":\"Nunbell pads, size 45x60 cm, pack of 20 - Zooland.az\",\"isPartOf\":{\"@id\":\"https:\/\/zoo-land.az\/#website\"},\"primaryImageOfPage\":{\"@id\":\"https:\/\/zoo-land.az\/shop\/dog\/dog-hygenic\/dog-pampers\/nunbell-pads-size-45x60-cm-pack-of-20\/#primaryimage\"},\"image\":{\"@id\":\"https:\/\/zoo-land.az\/shop\/dog\/dog-hygenic\/dog-pampers\/nunbell-pads-size-45x60-cm-pack-of-20\/#primaryimage\"},\"thumbnailUrl\":\"https:\/\/zoo-land.az\/wp-content\/uploads\/2024\/06\/634384-ed6301961cd406b306bf4786ce59598f.png\",\"datePublished\":\"2024-06-10T12:15:26+00:00\",\"breadcrumb\":{\"@id\":\"https:\/\/zoo-land.az\/shop\/dog\/dog-hygenic\/dog-pampers\/nunbell-pads-size-45x60-cm-pack-of-20\/#breadcrumb\"},\"inLanguage\":\"az\",\"potentialAction\":[{\"@type\":\"ReadAction\",\"target\":[\"https:\/\/zoo-land.az\/shop\/dog\/dog-hygenic\/dog-pampers\/nunbell-pads-size-45x60-cm-pack-of-20\/\"]}]},{\"@type\":\"ImageObject\",\"inLanguage\":\"az\",\"@id\":\"https:\/\/zoo-land.az\/shop\/dog\/dog-hygenic\/dog-pampers\/nunbell-pads-size-45x60-cm-pack-of-20\/#primaryimage\",\"url\":\"https:\/\/zoo-land.az\/wp-content\/uploads\/2024\/06\/634384-ed6301961cd406b306bf4786ce59598f.png\",\"contentUrl\":\"https:\/\/zoo-land.az\/wp-content\/uploads\/2024\/06\/634384-ed6301961cd406b306bf4786ce59598f.png\",\"width\":280,\"height\":280},{\"@type\":\"BreadcrumbList\",\"@id\":\"https:\/\/zoo-land.az\/shop\/dog\/dog-hygenic\/dog-pampers\/nunbell-pads-size-45x60-cm-pack-of-20\/#breadcrumb\",\"itemListElement\":[{\"@type\":\"ListItem\",\"position\":1,\"name\":\"Home\",\"item\":\"https:\/\/zoo-land.az\/ru\/\"},{\"@type\":\"ListItem\",\"position\":2,\"name\":\"Shop\",\"item\":\"https:\/\/zoo-land.az\/ru\/\"},{\"@type\":\"ListItem\",\"position\":3,\"name\":\"Nunbell pads, size 45&#215;60 cm, pack of 20\"}]},{\"@type\":\"WebSite\",\"@id\":\"https:\/\/zoo-land.az\/#website\",\"url\":\"https:\/\/zoo-land.az\/\",\"name\":\"Zooland.az\",\"description\":\"Xo\u015fb\u0259xt ev heyvanlar\u0131n\u0131n \u00fcnvan\u0131 Zooland.az\",\"publisher\":{\"@id\":\"https:\/\/zoo-land.az\/#organization\"},\"potentialAction\":[{\"@type\":\"SearchAction\",\"target\":{\"@type\":\"EntryPoint\",\"urlTemplate\":\"https:\/\/zoo-land.az\/?s={search_term_string}\"},\"query-input\":{\"@type\":\"PropertyValueSpecification\",\"valueRequired\":true,\"valueName\":\"search_term_string\"}}],\"inLanguage\":\"az\"},{\"@type\":\"Organization\",\"@id\":\"https:\/\/zoo-land.az\/#organization\",\"name\":\"Zooland.az\",\"url\":\"https:\/\/zoo-land.az\/\",\"logo\":{\"@type\":\"ImageObject\",\"inLanguage\":\"az\",\"@id\":\"https:\/\/zoo-land.az\/#\/schema\/logo\/image\/\",\"url\":\"https:\/\/zoo-land.az\/wp-content\/uploads\/2022\/05\/logo.svg\",\"contentUrl\":\"https:\/\/zoo-land.az\/wp-content\/uploads\/2022\/05\/logo.svg\",\"width\":113,\"height\":46,\"caption\":\"Zooland.az\"},\"image\":{\"@id\":\"https:\/\/zoo-land.az\/#\/schema\/logo\/image\/\"}}]}<\/script>\n<!-- \/ Yoast SEO plugin. -->","yoast_head_json":{"title":"Nunbell pads, size 45x60 cm, pack of 20 - Zooland.az","robots":{"index":"index","follow":"follow","max-snippet":"max-snippet:-1","max-image-preview":"max-image-preview:large","max-video-preview":"max-video-preview:-1"},"canonical":"https:\/\/zoo-land.az\/az\/shop\/dog\/dog-hygenic\/dog-pampers\/nunbell-pads-size-45x60-cm-pack-of-20\/","og_locale":"az_AZ","og_type":"article","og_title":"Nunbell pads, size 45x60 cm, pack of 20 - Zooland.az","og_description":"Nunbell Dog Diapers 20-pack Dog diapers in the form of shorts, suitable for puppies not yet trained, sick dogs, during the heat cycle, and for dogs unable to go outside, also suitable for use during travel. The waist width of the dog urine pad is adjustable. It has high absorption power, instantly absorbs odor and liquid. There is a space for the tail. The elastic band at the waist ensures a snug fit around the legs and prevents slipping. There are large adhesive bands on both sides. It resembles baby diapers in features.","og_url":"https:\/\/zoo-land.az\/az\/shop\/dog\/dog-hygenic\/dog-pampers\/nunbell-pads-size-45x60-cm-pack-of-20\/","og_site_name":"Zooland.az","og_image":[{"width":280,"height":280,"url":"https:\/\/zoo-land.az\/wp-content\/uploads\/2024\/06\/634384-ed6301961cd406b306bf4786ce59598f.png","type":"image\/png"}],"twitter_card":"summary_large_image","schema":{"@context":"https:\/\/schema.org","@graph":[{"@type":"WebPage","@id":"https:\/\/zoo-land.az\/shop\/dog\/dog-hygenic\/dog-pampers\/nunbell-pads-size-45x60-cm-pack-of-20\/","url":"https:\/\/zoo-land.az\/shop\/dog\/dog-hygenic\/dog-pampers\/nunbell-pads-size-45x60-cm-pack-of-20\/","name":"Nunbell pads, size 45x60 cm, pack of 20 - Zooland.az","isPartOf":{"@id":"https:\/\/zoo-land.az\/#website"},"primaryImageOfPage":{"@id":"https:\/\/zoo-land.az\/shop\/dog\/dog-hygenic\/dog-pampers\/nunbell-pads-size-45x60-cm-pack-of-20\/#primaryimage"},"image":{"@id":"https:\/\/zoo-land.az\/shop\/dog\/dog-hygenic\/dog-pampers\/nunbell-pads-size-45x60-cm-pack-of-20\/#primaryimage"},"thumbnailUrl":"https:\/\/zoo-land.az\/wp-content\/uploads\/2024\/06\/634384-ed6301961cd406b306bf4786ce59598f.png","datePublished":"2024-06-10T12:15:26+00:00","breadcrumb":{"@id":"https:\/\/zoo-land.az\/shop\/dog\/dog-hygenic\/dog-pampers\/nunbell-pads-size-45x60-cm-pack-of-20\/#breadcrumb"},"inLanguage":"az","potentialAction":[{"@type":"ReadAction","target":["https:\/\/zoo-land.az\/shop\/dog\/dog-hygenic\/dog-pampers\/nunbell-pads-size-45x60-cm-pack-of-20\/"]}]},{"@type":"ImageObject","inLanguage":"az","@id":"https:\/\/zoo-land.az\/shop\/dog\/dog-hygenic\/dog-pampers\/nunbell-pads-size-45x60-cm-pack-of-20\/#primaryimage","url":"https:\/\/zoo-land.az\/wp-content\/uploads\/2024\/06\/634384-ed6301961cd406b306bf4786ce59598f.png","contentUrl":"https:\/\/zoo-land.az\/wp-content\/uploads\/2024\/06\/634384-ed6301961cd406b306bf4786ce59598f.png","width":280,"height":280},{"@type":"BreadcrumbList","@id":"https:\/\/zoo-land.az\/shop\/dog\/dog-hygenic\/dog-pampers\/nunbell-pads-size-45x60-cm-pack-of-20\/#breadcrumb","itemListElement":[{"@type":"ListItem","position":1,"name":"Home","item":"https:\/\/zoo-land.az\/ru\/"},{"@type":"ListItem","position":2,"name":"Shop","item":"https:\/\/zoo-land.az\/ru\/"},{"@type":"ListItem","position":3,"name":"Nunbell pads, size 45&#215;60 cm, pack of 20"}]},{"@type":"WebSite","@id":"https:\/\/zoo-land.az\/#website","url":"https:\/\/zoo-land.az\/","name":"Zooland.az","description":"Xo\u015fb\u0259xt ev heyvanlar\u0131n\u0131n \u00fcnvan\u0131 Zooland.az","publisher":{"@id":"https:\/\/zoo-land.az\/#organization"},"potentialAction":[{"@type":"SearchAction","target":{"@type":"EntryPoint","urlTemplate":"https:\/\/zoo-land.az\/?s={search_term_string}"},"query-input":{"@type":"PropertyValueSpecification","valueRequired":true,"valueName":"search_term_string"}}],"inLanguage":"az"},{"@type":"Organization","@id":"https:\/\/zoo-land.az\/#organization","name":"Zooland.az","url":"https:\/\/zoo-land.az\/","logo":{"@type":"ImageObject","inLanguage":"az","@id":"https:\/\/zoo-land.az\/#\/schema\/logo\/image\/","url":"https:\/\/zoo-land.az\/wp-content\/uploads\/2022\/05\/logo.svg","contentUrl":"https:\/\/zoo-land.az\/wp-content\/uploads\/2022\/05\/logo.svg","width":113,"height":46,"caption":"Zooland.az"},"image":{"@id":"https:\/\/zoo-land.az\/#\/schema\/logo\/image\/"}}]}},"_links":{"self":[{"href":"https:\/\/zoo-land.az\/az\/wp-json\/wp\/v2\/product\/23185","targetHints":{"allow":["GET"]}}],"collection":[{"href":"https:\/\/zoo-land.az\/az\/wp-json\/wp\/v2\/product"}],"about":[{"href":"https:\/\/zoo-land.az\/az\/wp-json\/wp\/v2\/types\/product"}],"wp:featuredmedia":[{"embeddable":true,"href":"https:\/\/zoo-land.az\/az\/wp-json\/wp\/v2\/media\/23186"}],"wp:attachment":[{"href":"https:\/\/zoo-land.az\/az\/wp-json\/wp\/v2\/media?parent=23185"}],"wp:term":[{"taxonomy":"product_cat","embeddable":true,"href":"https:\/\/zoo-land.az\/az\/wp-json\/wp\/v2\/product_cat?post=23185"},{"taxonomy":"product_tag","embeddable":true,"href":"https:\/\/zoo-land.az\/az\/wp-json\/wp\/v2\/product_tag?post=23185"}],"curies":[{"name":"wp","href":"https:\/\/api.w.org\/{rel}","templated":true}]}}