{"id":23192,"date":"2024-06-10T12:32:19","date_gmt":"2024-06-10T12:32:19","guid":{"rendered":"https:\/\/lightsteelblue-zebra-299715.hostingersite.com\/?post_type=product&#038;p=23192"},"modified":"2024-06-10T12:32:19","modified_gmt":"2024-06-10T12:32:19","slug":"dono-dog-diapers-m-for-dogs-weighing-5-8-kg-pack-of-12","status":"publish","type":"product","link":"https:\/\/zoo-land.az\/az\/shop\/dog\/dog-hygenic\/dog-pampers\/dono-dog-diapers-m-for-dogs-weighing-5-8-kg-pack-of-12\/","title":{"rendered":"Dono Dog Diapers M, for dogs weighing 5-8 kg, pack of 12"},"content":{"rendered":"<p>These Disposable Doggie Diapers are an ideal way to help protect carpets, floors, and home furnishings from damage, stains, and odor caused by pet urine, blood &amp; feces<br \/>\nDesigned with a soft, leak-proof fit with adjustable, fur-friendly fasteners and a super absorbent core to give your pet a secure and comfortable fit<br \/>\nWith an improved design: The tail opening is fixed and more comfortable no matter how small or big your dog&#8217;s tail is.<\/p>\n<p>Benefits of foam:<br \/>\nFree adjustable size for dog&#8217;s tail<br \/>\nPrevent wood pulp from leaking<br \/>\nIt makes our dogs more comfortable and more relaxed<br \/>\nnon-woven material<\/p>","protected":false},"excerpt":{"rendered":"<p>These Disposable Doggie Diapers are an ideal way to help protect carpets, floors, and home furnishings from damage, stains, and odor caused by pet urine, blood &amp; feces<br \/>\nDesigned with a soft, leak-proof fit with adjustable, fur-friendly fasteners and a super absorbent core to give your pet a secure and comfortable fit<br \/>\nWith an improved design: The tail opening is fixed and more comfortable no matter how small or big your dog&#8217;s tail is.<\/p>","protected":false},"featured_media":23193,"template":"","meta":{"inline_featured_image":false,"_joinchat":[]},"product_cat":[173,107],"product_tag":[],"class_list":{"0":"post-23192","1":"product","2":"type-product","3":"status-publish","4":"has-post-thumbnail","6":"product_brand-dono","7":"product_cat-dog-pampers","8":"product_cat-dog","10":"first","11":"instock","12":"shipping-taxable","13":"purchasable","14":"product-type-simple"},"yoast_head":"<!-- This site is optimized with the Yoast SEO plugin v27.4 - https:\/\/yoast.com\/product\/yoast-seo-wordpress\/ -->\n<title>Dono Dog Diapers M, for dogs weighing 5-8 kg, pack of 12 - Zooland.az<\/title>\n<meta name=\"robots\" content=\"index, follow, max-snippet:-1, max-image-preview:large, max-video-preview:-1\" \/>\n<link rel=\"canonical\" href=\"https:\/\/zoo-land.az\/az\/shop\/dog\/dog-hygenic\/dog-pampers\/dono-dog-diapers-m-for-dogs-weighing-5-8-kg-pack-of-12\/\" \/>\n<meta property=\"og:locale\" content=\"az_AZ\" \/>\n<meta property=\"og:type\" content=\"article\" \/>\n<meta property=\"og:title\" content=\"Dono Dog Diapers M, for dogs weighing 5-8 kg, pack of 12 - Zooland.az\" \/>\n<meta property=\"og:description\" content=\"These Disposable Doggie Diapers are an ideal way to help protect carpets, floors, and home furnishings from damage, stains, and odor caused by pet urine, blood &amp; feces Designed with a soft, leak-proof fit with adjustable, fur-friendly fasteners and a super absorbent core to give your pet a secure and comfortable fit With an improved design: The tail opening is fixed and more comfortable no matter how small or big your dog&#039;s tail is.\" \/>\n<meta property=\"og:url\" content=\"https:\/\/zoo-land.az\/az\/shop\/dog\/dog-hygenic\/dog-pampers\/dono-dog-diapers-m-for-dogs-weighing-5-8-kg-pack-of-12\/\" \/>\n<meta property=\"og:site_name\" content=\"Zooland.az\" \/>\n<meta property=\"og:image\" content=\"https:\/\/zoo-land.az\/wp-content\/uploads\/2024\/06\/Screenshot-2024-06-10-at-16.29.41.png\" \/>\n\t<meta property=\"og:image:width\" content=\"796\" \/>\n\t<meta property=\"og:image:height\" content=\"822\" \/>\n\t<meta property=\"og:image:type\" content=\"image\/png\" \/>\n<meta name=\"twitter:card\" content=\"summary_large_image\" \/>\n<script type=\"application\/ld+json\" class=\"yoast-schema-graph\">{\"@context\":\"https:\\\/\\\/schema.org\",\"@graph\":[{\"@type\":\"WebPage\",\"@id\":\"https:\\\/\\\/zoo-land.az\\\/shop\\\/dog\\\/dog-hygenic\\\/dog-pampers\\\/dono-dog-diapers-m-for-dogs-weighing-5-8-kg-pack-of-12\\\/\",\"url\":\"https:\\\/\\\/zoo-land.az\\\/shop\\\/dog\\\/dog-hygenic\\\/dog-pampers\\\/dono-dog-diapers-m-for-dogs-weighing-5-8-kg-pack-of-12\\\/\",\"name\":\"Dono Dog Diapers M, for dogs weighing 5-8 kg, pack of 12 - Zooland.az\",\"isPartOf\":{\"@id\":\"https:\\\/\\\/zoo-land.az\\\/#website\"},\"primaryImageOfPage\":{\"@id\":\"https:\\\/\\\/zoo-land.az\\\/shop\\\/dog\\\/dog-hygenic\\\/dog-pampers\\\/dono-dog-diapers-m-for-dogs-weighing-5-8-kg-pack-of-12\\\/#primaryimage\"},\"image\":{\"@id\":\"https:\\\/\\\/zoo-land.az\\\/shop\\\/dog\\\/dog-hygenic\\\/dog-pampers\\\/dono-dog-diapers-m-for-dogs-weighing-5-8-kg-pack-of-12\\\/#primaryimage\"},\"thumbnailUrl\":\"https:\\\/\\\/zoo-land.az\\\/wp-content\\\/uploads\\\/2024\\\/06\\\/Screenshot-2024-06-10-at-16.29.41.png\",\"datePublished\":\"2024-06-10T12:32:19+00:00\",\"breadcrumb\":{\"@id\":\"https:\\\/\\\/zoo-land.az\\\/shop\\\/dog\\\/dog-hygenic\\\/dog-pampers\\\/dono-dog-diapers-m-for-dogs-weighing-5-8-kg-pack-of-12\\\/#breadcrumb\"},\"inLanguage\":\"az\",\"potentialAction\":[{\"@type\":\"ReadAction\",\"target\":[\"https:\\\/\\\/zoo-land.az\\\/shop\\\/dog\\\/dog-hygenic\\\/dog-pampers\\\/dono-dog-diapers-m-for-dogs-weighing-5-8-kg-pack-of-12\\\/\"]}]},{\"@type\":\"ImageObject\",\"inLanguage\":\"az\",\"@id\":\"https:\\\/\\\/zoo-land.az\\\/shop\\\/dog\\\/dog-hygenic\\\/dog-pampers\\\/dono-dog-diapers-m-for-dogs-weighing-5-8-kg-pack-of-12\\\/#primaryimage\",\"url\":\"https:\\\/\\\/zoo-land.az\\\/wp-content\\\/uploads\\\/2024\\\/06\\\/Screenshot-2024-06-10-at-16.29.41.png\",\"contentUrl\":\"https:\\\/\\\/zoo-land.az\\\/wp-content\\\/uploads\\\/2024\\\/06\\\/Screenshot-2024-06-10-at-16.29.41.png\",\"width\":796,\"height\":822},{\"@type\":\"BreadcrumbList\",\"@id\":\"https:\\\/\\\/zoo-land.az\\\/shop\\\/dog\\\/dog-hygenic\\\/dog-pampers\\\/dono-dog-diapers-m-for-dogs-weighing-5-8-kg-pack-of-12\\\/#breadcrumb\",\"itemListElement\":[{\"@type\":\"ListItem\",\"position\":1,\"name\":\"Home\",\"item\":\"https:\\\/\\\/zoo-land.az\\\/ru\\\/\"},{\"@type\":\"ListItem\",\"position\":2,\"name\":\"Shop\",\"item\":\"https:\\\/\\\/zoo-land.az\\\/ru\\\/\"},{\"@type\":\"ListItem\",\"position\":3,\"name\":\"Dono Dog Diapers M, for dogs weighing 5-8 kg, pack of 12\"}]},{\"@type\":\"WebSite\",\"@id\":\"https:\\\/\\\/zoo-land.az\\\/#website\",\"url\":\"https:\\\/\\\/zoo-land.az\\\/\",\"name\":\"Zooland.az\",\"description\":\"Xo\u015fb\u0259xt ev heyvanlar\u0131n\u0131n \u00fcnvan\u0131 Zooland.az\",\"publisher\":{\"@id\":\"https:\\\/\\\/zoo-land.az\\\/#organization\"},\"potentialAction\":[{\"@type\":\"SearchAction\",\"target\":{\"@type\":\"EntryPoint\",\"urlTemplate\":\"https:\\\/\\\/zoo-land.az\\\/?s={search_term_string}\"},\"query-input\":{\"@type\":\"PropertyValueSpecification\",\"valueRequired\":true,\"valueName\":\"search_term_string\"}}],\"inLanguage\":\"az\"},{\"@type\":\"Organization\",\"@id\":\"https:\\\/\\\/zoo-land.az\\\/#organization\",\"name\":\"Zooland.az\",\"url\":\"https:\\\/\\\/zoo-land.az\\\/\",\"logo\":{\"@type\":\"ImageObject\",\"inLanguage\":\"az\",\"@id\":\"https:\\\/\\\/zoo-land.az\\\/#\\\/schema\\\/logo\\\/image\\\/\",\"url\":\"https:\\\/\\\/zoo-land.az\\\/wp-content\\\/uploads\\\/2022\\\/05\\\/logo.svg\",\"contentUrl\":\"https:\\\/\\\/zoo-land.az\\\/wp-content\\\/uploads\\\/2022\\\/05\\\/logo.svg\",\"width\":113,\"height\":46,\"caption\":\"Zooland.az\"},\"image\":{\"@id\":\"https:\\\/\\\/zoo-land.az\\\/#\\\/schema\\\/logo\\\/image\\\/\"}}]}<\/script>\n<!-- \/ Yoast SEO plugin. -->","yoast_head_json":{"title":"Dono Dog Diapers M, for dogs weighing 5-8 kg, pack of 12 - Zooland.az","robots":{"index":"index","follow":"follow","max-snippet":"max-snippet:-1","max-image-preview":"max-image-preview:large","max-video-preview":"max-video-preview:-1"},"canonical":"https:\/\/zoo-land.az\/az\/shop\/dog\/dog-hygenic\/dog-pampers\/dono-dog-diapers-m-for-dogs-weighing-5-8-kg-pack-of-12\/","og_locale":"az_AZ","og_type":"article","og_title":"Dono Dog Diapers M, for dogs weighing 5-8 kg, pack of 12 - Zooland.az","og_description":"These Disposable Doggie Diapers are an ideal way to help protect carpets, floors, and home furnishings from damage, stains, and odor caused by pet urine, blood &amp; feces Designed with a soft, leak-proof fit with adjustable, fur-friendly fasteners and a super absorbent core to give your pet a secure and comfortable fit With an improved design: The tail opening is fixed and more comfortable no matter how small or big your dog's tail is.","og_url":"https:\/\/zoo-land.az\/az\/shop\/dog\/dog-hygenic\/dog-pampers\/dono-dog-diapers-m-for-dogs-weighing-5-8-kg-pack-of-12\/","og_site_name":"Zooland.az","og_image":[{"width":796,"height":822,"url":"https:\/\/zoo-land.az\/wp-content\/uploads\/2024\/06\/Screenshot-2024-06-10-at-16.29.41.png","type":"image\/png"}],"twitter_card":"summary_large_image","schema":{"@context":"https:\/\/schema.org","@graph":[{"@type":"WebPage","@id":"https:\/\/zoo-land.az\/shop\/dog\/dog-hygenic\/dog-pampers\/dono-dog-diapers-m-for-dogs-weighing-5-8-kg-pack-of-12\/","url":"https:\/\/zoo-land.az\/shop\/dog\/dog-hygenic\/dog-pampers\/dono-dog-diapers-m-for-dogs-weighing-5-8-kg-pack-of-12\/","name":"Dono Dog Diapers M, for dogs weighing 5-8 kg, pack of 12 - Zooland.az","isPartOf":{"@id":"https:\/\/zoo-land.az\/#website"},"primaryImageOfPage":{"@id":"https:\/\/zoo-land.az\/shop\/dog\/dog-hygenic\/dog-pampers\/dono-dog-diapers-m-for-dogs-weighing-5-8-kg-pack-of-12\/#primaryimage"},"image":{"@id":"https:\/\/zoo-land.az\/shop\/dog\/dog-hygenic\/dog-pampers\/dono-dog-diapers-m-for-dogs-weighing-5-8-kg-pack-of-12\/#primaryimage"},"thumbnailUrl":"https:\/\/zoo-land.az\/wp-content\/uploads\/2024\/06\/Screenshot-2024-06-10-at-16.29.41.png","datePublished":"2024-06-10T12:32:19+00:00","breadcrumb":{"@id":"https:\/\/zoo-land.az\/shop\/dog\/dog-hygenic\/dog-pampers\/dono-dog-diapers-m-for-dogs-weighing-5-8-kg-pack-of-12\/#breadcrumb"},"inLanguage":"az","potentialAction":[{"@type":"ReadAction","target":["https:\/\/zoo-land.az\/shop\/dog\/dog-hygenic\/dog-pampers\/dono-dog-diapers-m-for-dogs-weighing-5-8-kg-pack-of-12\/"]}]},{"@type":"ImageObject","inLanguage":"az","@id":"https:\/\/zoo-land.az\/shop\/dog\/dog-hygenic\/dog-pampers\/dono-dog-diapers-m-for-dogs-weighing-5-8-kg-pack-of-12\/#primaryimage","url":"https:\/\/zoo-land.az\/wp-content\/uploads\/2024\/06\/Screenshot-2024-06-10-at-16.29.41.png","contentUrl":"https:\/\/zoo-land.az\/wp-content\/uploads\/2024\/06\/Screenshot-2024-06-10-at-16.29.41.png","width":796,"height":822},{"@type":"BreadcrumbList","@id":"https:\/\/zoo-land.az\/shop\/dog\/dog-hygenic\/dog-pampers\/dono-dog-diapers-m-for-dogs-weighing-5-8-kg-pack-of-12\/#breadcrumb","itemListElement":[{"@type":"ListItem","position":1,"name":"Home","item":"https:\/\/zoo-land.az\/ru\/"},{"@type":"ListItem","position":2,"name":"Shop","item":"https:\/\/zoo-land.az\/ru\/"},{"@type":"ListItem","position":3,"name":"Dono Dog Diapers M, for dogs weighing 5-8 kg, pack of 12"}]},{"@type":"WebSite","@id":"https:\/\/zoo-land.az\/#website","url":"https:\/\/zoo-land.az\/","name":"Zooland.az","description":"Xo\u015fb\u0259xt ev heyvanlar\u0131n\u0131n \u00fcnvan\u0131 Zooland.az","publisher":{"@id":"https:\/\/zoo-land.az\/#organization"},"potentialAction":[{"@type":"SearchAction","target":{"@type":"EntryPoint","urlTemplate":"https:\/\/zoo-land.az\/?s={search_term_string}"},"query-input":{"@type":"PropertyValueSpecification","valueRequired":true,"valueName":"search_term_string"}}],"inLanguage":"az"},{"@type":"Organization","@id":"https:\/\/zoo-land.az\/#organization","name":"Zooland.az","url":"https:\/\/zoo-land.az\/","logo":{"@type":"ImageObject","inLanguage":"az","@id":"https:\/\/zoo-land.az\/#\/schema\/logo\/image\/","url":"https:\/\/zoo-land.az\/wp-content\/uploads\/2022\/05\/logo.svg","contentUrl":"https:\/\/zoo-land.az\/wp-content\/uploads\/2022\/05\/logo.svg","width":113,"height":46,"caption":"Zooland.az"},"image":{"@id":"https:\/\/zoo-land.az\/#\/schema\/logo\/image\/"}}]}},"_links":{"self":[{"href":"https:\/\/zoo-land.az\/az\/wp-json\/wp\/v2\/product\/23192","targetHints":{"allow":["GET"]}}],"collection":[{"href":"https:\/\/zoo-land.az\/az\/wp-json\/wp\/v2\/product"}],"about":[{"href":"https:\/\/zoo-land.az\/az\/wp-json\/wp\/v2\/types\/product"}],"wp:featuredmedia":[{"embeddable":true,"href":"https:\/\/zoo-land.az\/az\/wp-json\/wp\/v2\/media\/23193"}],"wp:attachment":[{"href":"https:\/\/zoo-land.az\/az\/wp-json\/wp\/v2\/media?parent=23192"}],"wp:term":[{"taxonomy":"product_cat","embeddable":true,"href":"https:\/\/zoo-land.az\/az\/wp-json\/wp\/v2\/product_cat?post=23192"},{"taxonomy":"product_tag","embeddable":true,"href":"https:\/\/zoo-land.az\/az\/wp-json\/wp\/v2\/product_tag?post=23192"}],"curies":[{"name":"wp","href":"https:\/\/api.w.org\/{rel}","templated":true}]}}