{"id":23196,"date":"2024-06-10T12:47:34","date_gmt":"2024-06-10T12:47:34","guid":{"rendered":"https:\/\/lightsteelblue-zebra-299715.hostingersite.com\/?post_type=product&#038;p=23196"},"modified":"2024-06-10T12:47:34","modified_gmt":"2024-06-10T12:47:34","slug":"dog-diapers-for-dogs-size-xs-2-4-kg-12-pcs","status":"publish","type":"product","link":"https:\/\/zoo-land.az\/az\/shop\/dog\/dog-hygenic\/dog-pampers\/dog-diapers-for-dogs-size-xs-2-4-kg-12-pcs\/","title":{"rendered":"Dog diapers for dogs, size XS, 2-4 kg, 12 pcs"},"content":{"rendered":"<p>For female dogs, cats, rabbits, and monkeys. DONO diapers for cats, dogs, and female pets are used for urinary incontinence issues and during a pet&#8217;s heat cycle. For male dogs, disposable belly bands are more suitable. Before choosing the size, measure your pet&#8217;s waist circumference and the required length of the diaper. Since dogs come in different shapes, please do not rely solely on the pet&#8217;s weight parameter. The approximate weight of the pet is 2-4 kg. Size XS fits waist sizes from 25 to 40 cm, with a diaper length of 34 cm. The inner layer, which contacts the pet&#8217;s body, is cotton-like, soft, and comfortable, ensuring the pet&#8217;s skin remains dry. The diaper&#8217;s core is multi-layered, made of fluffy cellulose and super absorbent material, allowing liquid to be instantly absorbed without leakage, turning into a gel. Odors are contained inside. The elastic waistband stretches on both sides, comfortably fitting the pet&#8217;s body and allowing free movement. A double row of corrugated sides effectively prevents leaks and provides greater protection for the pet. The product has an adjustable tail hole. You need to tear or cut the existing hole to the required size.<\/p>","protected":false},"excerpt":{"rendered":"<p>For female dogs, cats, rabbits, and monkeys. DONO diapers for cats, dogs, and female pets are used for urinary incontinence issues and during a pet&#8217;s heat cycle. For male dogs, disposable belly bands are more suitable. Before choosing the size, measure your pet&#8217;s waist circumference and the required length of the diaper. Since dogs come in different shapes, please do not rely solely on the pet&#8217;s weight parameter. The approximate weight of the pet is 2-4 kg. Size XS fits waist sizes from 25 to 40 cm, with a diaper length of 34 cm. The inner layer, which contacts the pet&#8217;s body, is cotton-like, soft, and comfortable, ensuring the pet&#8217;s skin remains dry. The diaper&#8217;s core is multi-layered, made of fluffy cellulose and super absorbent material, allowing liquid to be instantly absorbed without leakage, turning into a gel. Odors are contained inside. The elastic waistband stretches on both sides, comfortably fitting the pet&#8217;s body and allowing free movement. A double row of corrugated sides effectively prevents leaks and provides greater protection for the pet. The product has an adjustable tail hole. You need to tear or cut the existing hole to the required size.<\/p>","protected":false},"featured_media":23197,"template":"","meta":{"inline_featured_image":false,"_joinchat":[]},"product_cat":[173,107],"product_tag":[],"class_list":{"0":"post-23196","1":"product","2":"type-product","3":"status-publish","4":"has-post-thumbnail","6":"product_brand-dono","7":"product_cat-dog-pampers","8":"product_cat-dog","10":"first","11":"instock","12":"shipping-taxable","13":"purchasable","14":"product-type-simple"},"yoast_head":"<!-- This site is optimized with the Yoast SEO plugin v27.4 - https:\/\/yoast.com\/product\/yoast-seo-wordpress\/ -->\n<title>Dog diapers for dogs, size XS, 2-4 kg, 12 pcs - Zooland.az<\/title>\n<meta name=\"robots\" content=\"index, follow, max-snippet:-1, max-image-preview:large, max-video-preview:-1\" \/>\n<link rel=\"canonical\" href=\"https:\/\/zoo-land.az\/az\/shop\/dog\/dog-hygenic\/dog-pampers\/dog-diapers-for-dogs-size-xs-2-4-kg-12-pcs\/\" \/>\n<meta property=\"og:locale\" content=\"az_AZ\" \/>\n<meta property=\"og:type\" content=\"article\" \/>\n<meta property=\"og:title\" content=\"Dog diapers for dogs, size XS, 2-4 kg, 12 pcs - Zooland.az\" \/>\n<meta property=\"og:description\" content=\"For female dogs, cats, rabbits, and monkeys. DONO diapers for cats, dogs, and female pets are used for urinary incontinence issues and during a pet&#039;s heat cycle. For male dogs, disposable belly bands are more suitable. Before choosing the size, measure your pet&#039;s waist circumference and the required length of the diaper. Since dogs come in different shapes, please do not rely solely on the pet&#039;s weight parameter. The approximate weight of the pet is 2-4 kg. Size XS fits waist sizes from 25 to 40 cm, with a diaper length of 34 cm. The inner layer, which contacts the pet&#039;s body, is cotton-like, soft, and comfortable, ensuring the pet&#039;s skin remains dry. The diaper&#039;s core is multi-layered, made of fluffy cellulose and super absorbent material, allowing liquid to be instantly absorbed without leakage, turning into a gel. Odors are contained inside. The elastic waistband stretches on both sides, comfortably fitting the pet&#039;s body and allowing free movement. A double row of corrugated sides effectively prevents leaks and provides greater protection for the pet. The product has an adjustable tail hole. You need to tear or cut the existing hole to the required size.\" \/>\n<meta property=\"og:url\" content=\"https:\/\/zoo-land.az\/az\/shop\/dog\/dog-hygenic\/dog-pampers\/dog-diapers-for-dogs-size-xs-2-4-kg-12-pcs\/\" \/>\n<meta property=\"og:site_name\" content=\"Zooland.az\" \/>\n<meta property=\"og:image\" content=\"https:\/\/zoo-land.az\/wp-content\/uploads\/2024\/06\/6189327006.jpg\" \/>\n\t<meta property=\"og:image:width\" content=\"1000\" \/>\n\t<meta property=\"og:image:height\" content=\"1000\" \/>\n\t<meta property=\"og:image:type\" content=\"image\/jpeg\" \/>\n<meta name=\"twitter:card\" content=\"summary_large_image\" \/>\n<meta name=\"twitter:label1\" content=\"Est. reading time\" \/>\n\t<meta name=\"twitter:data1\" content=\"1 minute\" \/>\n<script type=\"application\/ld+json\" class=\"yoast-schema-graph\">{\"@context\":\"https:\\\/\\\/schema.org\",\"@graph\":[{\"@type\":\"WebPage\",\"@id\":\"https:\\\/\\\/zoo-land.az\\\/shop\\\/dog\\\/dog-hygenic\\\/dog-pampers\\\/dog-diapers-for-dogs-size-xs-2-4-kg-12-pcs\\\/\",\"url\":\"https:\\\/\\\/zoo-land.az\\\/shop\\\/dog\\\/dog-hygenic\\\/dog-pampers\\\/dog-diapers-for-dogs-size-xs-2-4-kg-12-pcs\\\/\",\"name\":\"Dog diapers for dogs, size XS, 2-4 kg, 12 pcs - Zooland.az\",\"isPartOf\":{\"@id\":\"https:\\\/\\\/zoo-land.az\\\/#website\"},\"primaryImageOfPage\":{\"@id\":\"https:\\\/\\\/zoo-land.az\\\/shop\\\/dog\\\/dog-hygenic\\\/dog-pampers\\\/dog-diapers-for-dogs-size-xs-2-4-kg-12-pcs\\\/#primaryimage\"},\"image\":{\"@id\":\"https:\\\/\\\/zoo-land.az\\\/shop\\\/dog\\\/dog-hygenic\\\/dog-pampers\\\/dog-diapers-for-dogs-size-xs-2-4-kg-12-pcs\\\/#primaryimage\"},\"thumbnailUrl\":\"https:\\\/\\\/zoo-land.az\\\/wp-content\\\/uploads\\\/2024\\\/06\\\/6189327006.jpg\",\"datePublished\":\"2024-06-10T12:47:34+00:00\",\"breadcrumb\":{\"@id\":\"https:\\\/\\\/zoo-land.az\\\/shop\\\/dog\\\/dog-hygenic\\\/dog-pampers\\\/dog-diapers-for-dogs-size-xs-2-4-kg-12-pcs\\\/#breadcrumb\"},\"inLanguage\":\"az\",\"potentialAction\":[{\"@type\":\"ReadAction\",\"target\":[\"https:\\\/\\\/zoo-land.az\\\/shop\\\/dog\\\/dog-hygenic\\\/dog-pampers\\\/dog-diapers-for-dogs-size-xs-2-4-kg-12-pcs\\\/\"]}]},{\"@type\":\"ImageObject\",\"inLanguage\":\"az\",\"@id\":\"https:\\\/\\\/zoo-land.az\\\/shop\\\/dog\\\/dog-hygenic\\\/dog-pampers\\\/dog-diapers-for-dogs-size-xs-2-4-kg-12-pcs\\\/#primaryimage\",\"url\":\"https:\\\/\\\/zoo-land.az\\\/wp-content\\\/uploads\\\/2024\\\/06\\\/6189327006.jpg\",\"contentUrl\":\"https:\\\/\\\/zoo-land.az\\\/wp-content\\\/uploads\\\/2024\\\/06\\\/6189327006.jpg\",\"width\":1000,\"height\":1000},{\"@type\":\"BreadcrumbList\",\"@id\":\"https:\\\/\\\/zoo-land.az\\\/shop\\\/dog\\\/dog-hygenic\\\/dog-pampers\\\/dog-diapers-for-dogs-size-xs-2-4-kg-12-pcs\\\/#breadcrumb\",\"itemListElement\":[{\"@type\":\"ListItem\",\"position\":1,\"name\":\"Home\",\"item\":\"https:\\\/\\\/zoo-land.az\\\/ru\\\/\"},{\"@type\":\"ListItem\",\"position\":2,\"name\":\"Shop\",\"item\":\"https:\\\/\\\/zoo-land.az\\\/ru\\\/\"},{\"@type\":\"ListItem\",\"position\":3,\"name\":\"Dog diapers for dogs, size XS, 2-4 kg, 12 pcs\"}]},{\"@type\":\"WebSite\",\"@id\":\"https:\\\/\\\/zoo-land.az\\\/#website\",\"url\":\"https:\\\/\\\/zoo-land.az\\\/\",\"name\":\"Zooland.az\",\"description\":\"Xo\u015fb\u0259xt ev heyvanlar\u0131n\u0131n \u00fcnvan\u0131 Zooland.az\",\"publisher\":{\"@id\":\"https:\\\/\\\/zoo-land.az\\\/#organization\"},\"potentialAction\":[{\"@type\":\"SearchAction\",\"target\":{\"@type\":\"EntryPoint\",\"urlTemplate\":\"https:\\\/\\\/zoo-land.az\\\/?s={search_term_string}\"},\"query-input\":{\"@type\":\"PropertyValueSpecification\",\"valueRequired\":true,\"valueName\":\"search_term_string\"}}],\"inLanguage\":\"az\"},{\"@type\":\"Organization\",\"@id\":\"https:\\\/\\\/zoo-land.az\\\/#organization\",\"name\":\"Zooland.az\",\"url\":\"https:\\\/\\\/zoo-land.az\\\/\",\"logo\":{\"@type\":\"ImageObject\",\"inLanguage\":\"az\",\"@id\":\"https:\\\/\\\/zoo-land.az\\\/#\\\/schema\\\/logo\\\/image\\\/\",\"url\":\"https:\\\/\\\/zoo-land.az\\\/wp-content\\\/uploads\\\/2022\\\/05\\\/logo.svg\",\"contentUrl\":\"https:\\\/\\\/zoo-land.az\\\/wp-content\\\/uploads\\\/2022\\\/05\\\/logo.svg\",\"width\":113,\"height\":46,\"caption\":\"Zooland.az\"},\"image\":{\"@id\":\"https:\\\/\\\/zoo-land.az\\\/#\\\/schema\\\/logo\\\/image\\\/\"}}]}<\/script>\n<!-- \/ Yoast SEO plugin. -->","yoast_head_json":{"title":"Dog diapers for dogs, size XS, 2-4 kg, 12 pcs - Zooland.az","robots":{"index":"index","follow":"follow","max-snippet":"max-snippet:-1","max-image-preview":"max-image-preview:large","max-video-preview":"max-video-preview:-1"},"canonical":"https:\/\/zoo-land.az\/az\/shop\/dog\/dog-hygenic\/dog-pampers\/dog-diapers-for-dogs-size-xs-2-4-kg-12-pcs\/","og_locale":"az_AZ","og_type":"article","og_title":"Dog diapers for dogs, size XS, 2-4 kg, 12 pcs - Zooland.az","og_description":"For female dogs, cats, rabbits, and monkeys. DONO diapers for cats, dogs, and female pets are used for urinary incontinence issues and during a pet's heat cycle. For male dogs, disposable belly bands are more suitable. Before choosing the size, measure your pet's waist circumference and the required length of the diaper. Since dogs come in different shapes, please do not rely solely on the pet's weight parameter. The approximate weight of the pet is 2-4 kg. Size XS fits waist sizes from 25 to 40 cm, with a diaper length of 34 cm. The inner layer, which contacts the pet's body, is cotton-like, soft, and comfortable, ensuring the pet's skin remains dry. The diaper's core is multi-layered, made of fluffy cellulose and super absorbent material, allowing liquid to be instantly absorbed without leakage, turning into a gel. Odors are contained inside. The elastic waistband stretches on both sides, comfortably fitting the pet's body and allowing free movement. A double row of corrugated sides effectively prevents leaks and provides greater protection for the pet. The product has an adjustable tail hole. You need to tear or cut the existing hole to the required size.","og_url":"https:\/\/zoo-land.az\/az\/shop\/dog\/dog-hygenic\/dog-pampers\/dog-diapers-for-dogs-size-xs-2-4-kg-12-pcs\/","og_site_name":"Zooland.az","og_image":[{"width":1000,"height":1000,"url":"https:\/\/zoo-land.az\/wp-content\/uploads\/2024\/06\/6189327006.jpg","type":"image\/jpeg"}],"twitter_card":"summary_large_image","twitter_misc":{"Est. reading time":"1 minute"},"schema":{"@context":"https:\/\/schema.org","@graph":[{"@type":"WebPage","@id":"https:\/\/zoo-land.az\/shop\/dog\/dog-hygenic\/dog-pampers\/dog-diapers-for-dogs-size-xs-2-4-kg-12-pcs\/","url":"https:\/\/zoo-land.az\/shop\/dog\/dog-hygenic\/dog-pampers\/dog-diapers-for-dogs-size-xs-2-4-kg-12-pcs\/","name":"Dog diapers for dogs, size XS, 2-4 kg, 12 pcs - Zooland.az","isPartOf":{"@id":"https:\/\/zoo-land.az\/#website"},"primaryImageOfPage":{"@id":"https:\/\/zoo-land.az\/shop\/dog\/dog-hygenic\/dog-pampers\/dog-diapers-for-dogs-size-xs-2-4-kg-12-pcs\/#primaryimage"},"image":{"@id":"https:\/\/zoo-land.az\/shop\/dog\/dog-hygenic\/dog-pampers\/dog-diapers-for-dogs-size-xs-2-4-kg-12-pcs\/#primaryimage"},"thumbnailUrl":"https:\/\/zoo-land.az\/wp-content\/uploads\/2024\/06\/6189327006.jpg","datePublished":"2024-06-10T12:47:34+00:00","breadcrumb":{"@id":"https:\/\/zoo-land.az\/shop\/dog\/dog-hygenic\/dog-pampers\/dog-diapers-for-dogs-size-xs-2-4-kg-12-pcs\/#breadcrumb"},"inLanguage":"az","potentialAction":[{"@type":"ReadAction","target":["https:\/\/zoo-land.az\/shop\/dog\/dog-hygenic\/dog-pampers\/dog-diapers-for-dogs-size-xs-2-4-kg-12-pcs\/"]}]},{"@type":"ImageObject","inLanguage":"az","@id":"https:\/\/zoo-land.az\/shop\/dog\/dog-hygenic\/dog-pampers\/dog-diapers-for-dogs-size-xs-2-4-kg-12-pcs\/#primaryimage","url":"https:\/\/zoo-land.az\/wp-content\/uploads\/2024\/06\/6189327006.jpg","contentUrl":"https:\/\/zoo-land.az\/wp-content\/uploads\/2024\/06\/6189327006.jpg","width":1000,"height":1000},{"@type":"BreadcrumbList","@id":"https:\/\/zoo-land.az\/shop\/dog\/dog-hygenic\/dog-pampers\/dog-diapers-for-dogs-size-xs-2-4-kg-12-pcs\/#breadcrumb","itemListElement":[{"@type":"ListItem","position":1,"name":"Home","item":"https:\/\/zoo-land.az\/ru\/"},{"@type":"ListItem","position":2,"name":"Shop","item":"https:\/\/zoo-land.az\/ru\/"},{"@type":"ListItem","position":3,"name":"Dog diapers for dogs, size XS, 2-4 kg, 12 pcs"}]},{"@type":"WebSite","@id":"https:\/\/zoo-land.az\/#website","url":"https:\/\/zoo-land.az\/","name":"Zooland.az","description":"Xo\u015fb\u0259xt ev heyvanlar\u0131n\u0131n \u00fcnvan\u0131 Zooland.az","publisher":{"@id":"https:\/\/zoo-land.az\/#organization"},"potentialAction":[{"@type":"SearchAction","target":{"@type":"EntryPoint","urlTemplate":"https:\/\/zoo-land.az\/?s={search_term_string}"},"query-input":{"@type":"PropertyValueSpecification","valueRequired":true,"valueName":"search_term_string"}}],"inLanguage":"az"},{"@type":"Organization","@id":"https:\/\/zoo-land.az\/#organization","name":"Zooland.az","url":"https:\/\/zoo-land.az\/","logo":{"@type":"ImageObject","inLanguage":"az","@id":"https:\/\/zoo-land.az\/#\/schema\/logo\/image\/","url":"https:\/\/zoo-land.az\/wp-content\/uploads\/2022\/05\/logo.svg","contentUrl":"https:\/\/zoo-land.az\/wp-content\/uploads\/2022\/05\/logo.svg","width":113,"height":46,"caption":"Zooland.az"},"image":{"@id":"https:\/\/zoo-land.az\/#\/schema\/logo\/image\/"}}]}},"_links":{"self":[{"href":"https:\/\/zoo-land.az\/az\/wp-json\/wp\/v2\/product\/23196","targetHints":{"allow":["GET"]}}],"collection":[{"href":"https:\/\/zoo-land.az\/az\/wp-json\/wp\/v2\/product"}],"about":[{"href":"https:\/\/zoo-land.az\/az\/wp-json\/wp\/v2\/types\/product"}],"wp:featuredmedia":[{"embeddable":true,"href":"https:\/\/zoo-land.az\/az\/wp-json\/wp\/v2\/media\/23197"}],"wp:attachment":[{"href":"https:\/\/zoo-land.az\/az\/wp-json\/wp\/v2\/media?parent=23196"}],"wp:term":[{"taxonomy":"product_cat","embeddable":true,"href":"https:\/\/zoo-land.az\/az\/wp-json\/wp\/v2\/product_cat?post=23196"},{"taxonomy":"product_tag","embeddable":true,"href":"https:\/\/zoo-land.az\/az\/wp-json\/wp\/v2\/product_tag?post=23196"}],"curies":[{"name":"wp","href":"https:\/\/api.w.org\/{rel}","templated":true}]}}