{"id":23202,"date":"2024-06-10T12:57:16","date_gmt":"2024-06-10T12:57:16","guid":{"rendered":"https:\/\/lightsteelblue-zebra-299715.hostingersite.com\/?post_type=product&#038;p=23202"},"modified":"2024-06-10T12:57:16","modified_gmt":"2024-06-10T12:57:16","slug":"monge-jele-adult-dog-beef-100-g","status":"publish","type":"product","link":"https:\/\/zoo-land.az\/az\/shop\/dog\/dog-wetfoods-conserves\/monge-jele-adult-dog-beef-100-g\/","title":{"rendered":"Monge Jele Adult Dog Beef 100 g"},"content":{"rendered":"<p>Monge Grill Adult Dog Beef is a wet grain-free food with beef meat for adult dogs of all breeds. Lift your dog&#8217;s spirits during mealtime with Monge Grill Adult Dog Beef! Our delicious dog food, prepared according to an Italian recipe, is made from high-quality, completely natural ingredients and perfected in an oven that preserves the natural taste and nutrients. With essential vitamins and minerals, as well as glucosamine and chondroitin to help maintain joint health, your pet will be happy, healthy, and asking for more. Get ready for tail wagging during every meal\u2014try Monge Grill Adult Dog Beef today! Tender pieces in a tasty sauce made from select high-quality ingredients with beef meat for adult dogs of all breeds.<\/p>\n<p>The combination of wet food with dry regulates the body&#8217;s water balance, which is especially important for pets that drink little water.<\/p>\n<p>Composition: Meat and meat by-products 40% (beef 14%), vitamins, minerals, glucosamine 0.008%, chondroitin sulfate 0.004%.<\/p>\n<p>Nutritional value: crude protein 9%, crude fiber 0.5%, crude fat 5%, crude ash 2.5%, moisture 80%.<br \/>\nEnergy value: 930 kcal\/kg.<br \/>\nNutritional additives per kg: vitamin D3 250 IU, vitamin E (alpha-tocopherol acetate) 8mg.<\/p>","protected":false},"excerpt":{"rendered":"<p>Monge Grill Adult Dog Beef is a wet grain-free food with beef meat for adult dogs of all breeds. Lift your dog&#8217;s spirits during mealtime with Monge Grill Adult Dog Beef! Our delicious dog food, prepared according to an Italian recipe, is made from high-quality, completely natural ingredients and perfected in an oven that preserves the natural taste and nutrients. With essential vitamins and minerals, as well as glucosamine and chondroitin to help maintain joint health, your pet will be happy, healthy, and asking for more. Get ready for tail wagging during every meal\u2014try Monge Grill Adult Dog Beef today! Tender pieces in a tasty sauce made from select high-quality ingredients with beef meat for adult dogs of all breeds.<\/p>","protected":false},"featured_media":23203,"template":"","meta":{"inline_featured_image":false,"_joinchat":[]},"product_cat":[107,154],"product_tag":[],"class_list":{"0":"post-23202","1":"product","2":"type-product","3":"status-publish","4":"has-post-thumbnail","6":"product_brand-monge","7":"product_cat-dog","8":"product_cat-dog-wetfoods-conserves","10":"first","11":"instock","12":"shipping-taxable","13":"purchasable","14":"product-type-simple"},"yoast_head":"<!-- This site is optimized with the Yoast SEO plugin v27.4 - https:\/\/yoast.com\/product\/yoast-seo-wordpress\/ -->\n<title>Monge Jele Adult Dog Beef 100 g - Zooland.az<\/title>\n<meta name=\"robots\" content=\"index, follow, max-snippet:-1, max-image-preview:large, max-video-preview:-1\" \/>\n<link rel=\"canonical\" href=\"https:\/\/zoo-land.az\/az\/shop\/dog\/dog-wetfoods-conserves\/monge-jele-adult-dog-beef-100-g\/\" \/>\n<meta property=\"og:locale\" content=\"az_AZ\" \/>\n<meta property=\"og:type\" content=\"article\" \/>\n<meta property=\"og:title\" content=\"Monge Jele Adult Dog Beef 100 g - Zooland.az\" \/>\n<meta property=\"og:description\" content=\"Monge Grill Adult Dog Beef is a wet grain-free food with beef meat for adult dogs of all breeds. Lift your dog&#039;s spirits during mealtime with Monge Grill Adult Dog Beef! Our delicious dog food, prepared according to an Italian recipe, is made from high-quality, completely natural ingredients and perfected in an oven that preserves the natural taste and nutrients. With essential vitamins and minerals, as well as glucosamine and chondroitin to help maintain joint health, your pet will be happy, healthy, and asking for more. Get ready for tail wagging during every meal\u2014try Monge Grill Adult Dog Beef today! Tender pieces in a tasty sauce made from select high-quality ingredients with beef meat for adult dogs of all breeds.\" \/>\n<meta property=\"og:url\" content=\"https:\/\/zoo-land.az\/az\/shop\/dog\/dog-wetfoods-conserves\/monge-jele-adult-dog-beef-100-g\/\" \/>\n<meta property=\"og:site_name\" content=\"Zooland.az\" \/>\n<meta property=\"og:image\" content=\"https:\/\/zoo-land.az\/wp-content\/uploads\/2024\/06\/monge-grill-chunkies-with-beef-100g-dog-wet-food.png\" \/>\n\t<meta property=\"og:image:width\" content=\"700\" \/>\n\t<meta property=\"og:image:height\" content=\"800\" \/>\n\t<meta property=\"og:image:type\" content=\"image\/png\" \/>\n<meta name=\"twitter:card\" content=\"summary_large_image\" \/>\n<meta name=\"twitter:label1\" content=\"Est. reading time\" \/>\n\t<meta name=\"twitter:data1\" content=\"1 minute\" \/>\n<script type=\"application\/ld+json\" class=\"yoast-schema-graph\">{\"@context\":\"https:\\\/\\\/schema.org\",\"@graph\":[{\"@type\":\"WebPage\",\"@id\":\"https:\\\/\\\/zoo-land.az\\\/az\\\/shop\\\/dog\\\/dog-wetfoods-conserves\\\/monge-jele-adult-dog-beef-100-g\\\/\",\"url\":\"https:\\\/\\\/zoo-land.az\\\/az\\\/shop\\\/dog\\\/dog-wetfoods-conserves\\\/monge-jele-adult-dog-beef-100-g\\\/\",\"name\":\"Monge Jele Adult Dog Beef 100 g - Zooland.az\",\"isPartOf\":{\"@id\":\"https:\\\/\\\/zoo-land.az\\\/#website\"},\"primaryImageOfPage\":{\"@id\":\"https:\\\/\\\/zoo-land.az\\\/az\\\/shop\\\/dog\\\/dog-wetfoods-conserves\\\/monge-jele-adult-dog-beef-100-g\\\/#primaryimage\"},\"image\":{\"@id\":\"https:\\\/\\\/zoo-land.az\\\/az\\\/shop\\\/dog\\\/dog-wetfoods-conserves\\\/monge-jele-adult-dog-beef-100-g\\\/#primaryimage\"},\"thumbnailUrl\":\"https:\\\/\\\/zoo-land.az\\\/wp-content\\\/uploads\\\/2024\\\/06\\\/monge-grill-chunkies-with-beef-100g-dog-wet-food.png\",\"datePublished\":\"2024-06-10T12:57:16+00:00\",\"breadcrumb\":{\"@id\":\"https:\\\/\\\/zoo-land.az\\\/az\\\/shop\\\/dog\\\/dog-wetfoods-conserves\\\/monge-jele-adult-dog-beef-100-g\\\/#breadcrumb\"},\"inLanguage\":\"az\",\"potentialAction\":[{\"@type\":\"ReadAction\",\"target\":[\"https:\\\/\\\/zoo-land.az\\\/az\\\/shop\\\/dog\\\/dog-wetfoods-conserves\\\/monge-jele-adult-dog-beef-100-g\\\/\"]}]},{\"@type\":\"ImageObject\",\"inLanguage\":\"az\",\"@id\":\"https:\\\/\\\/zoo-land.az\\\/az\\\/shop\\\/dog\\\/dog-wetfoods-conserves\\\/monge-jele-adult-dog-beef-100-g\\\/#primaryimage\",\"url\":\"https:\\\/\\\/zoo-land.az\\\/wp-content\\\/uploads\\\/2024\\\/06\\\/monge-grill-chunkies-with-beef-100g-dog-wet-food.png\",\"contentUrl\":\"https:\\\/\\\/zoo-land.az\\\/wp-content\\\/uploads\\\/2024\\\/06\\\/monge-grill-chunkies-with-beef-100g-dog-wet-food.png\",\"width\":700,\"height\":800},{\"@type\":\"BreadcrumbList\",\"@id\":\"https:\\\/\\\/zoo-land.az\\\/az\\\/shop\\\/dog\\\/dog-wetfoods-conserves\\\/monge-jele-adult-dog-beef-100-g\\\/#breadcrumb\",\"itemListElement\":[{\"@type\":\"ListItem\",\"position\":1,\"name\":\"Home\",\"item\":\"https:\\\/\\\/zoo-land.az\\\/ru\\\/\"},{\"@type\":\"ListItem\",\"position\":2,\"name\":\"Shop\",\"item\":\"https:\\\/\\\/zoo-land.az\\\/ru\\\/\"},{\"@type\":\"ListItem\",\"position\":3,\"name\":\"Monge Jele Adult Dog Beef 100 g\"}]},{\"@type\":\"WebSite\",\"@id\":\"https:\\\/\\\/zoo-land.az\\\/#website\",\"url\":\"https:\\\/\\\/zoo-land.az\\\/\",\"name\":\"Zooland.az\",\"description\":\"Xo\u015fb\u0259xt ev heyvanlar\u0131n\u0131n \u00fcnvan\u0131 Zooland.az\",\"publisher\":{\"@id\":\"https:\\\/\\\/zoo-land.az\\\/#organization\"},\"potentialAction\":[{\"@type\":\"SearchAction\",\"target\":{\"@type\":\"EntryPoint\",\"urlTemplate\":\"https:\\\/\\\/zoo-land.az\\\/?s={search_term_string}\"},\"query-input\":{\"@type\":\"PropertyValueSpecification\",\"valueRequired\":true,\"valueName\":\"search_term_string\"}}],\"inLanguage\":\"az\"},{\"@type\":\"Organization\",\"@id\":\"https:\\\/\\\/zoo-land.az\\\/#organization\",\"name\":\"Zooland.az\",\"url\":\"https:\\\/\\\/zoo-land.az\\\/\",\"logo\":{\"@type\":\"ImageObject\",\"inLanguage\":\"az\",\"@id\":\"https:\\\/\\\/zoo-land.az\\\/#\\\/schema\\\/logo\\\/image\\\/\",\"url\":\"https:\\\/\\\/zoo-land.az\\\/wp-content\\\/uploads\\\/2022\\\/05\\\/logo.svg\",\"contentUrl\":\"https:\\\/\\\/zoo-land.az\\\/wp-content\\\/uploads\\\/2022\\\/05\\\/logo.svg\",\"width\":113,\"height\":46,\"caption\":\"Zooland.az\"},\"image\":{\"@id\":\"https:\\\/\\\/zoo-land.az\\\/#\\\/schema\\\/logo\\\/image\\\/\"}}]}<\/script>\n<!-- \/ Yoast SEO plugin. -->","yoast_head_json":{"title":"Monge Jele Adult Dog Beef 100 g - Zooland.az","robots":{"index":"index","follow":"follow","max-snippet":"max-snippet:-1","max-image-preview":"max-image-preview:large","max-video-preview":"max-video-preview:-1"},"canonical":"https:\/\/zoo-land.az\/az\/shop\/dog\/dog-wetfoods-conserves\/monge-jele-adult-dog-beef-100-g\/","og_locale":"az_AZ","og_type":"article","og_title":"Monge Jele Adult Dog Beef 100 g - Zooland.az","og_description":"Monge Grill Adult Dog Beef is a wet grain-free food with beef meat for adult dogs of all breeds. Lift your dog's spirits during mealtime with Monge Grill Adult Dog Beef! Our delicious dog food, prepared according to an Italian recipe, is made from high-quality, completely natural ingredients and perfected in an oven that preserves the natural taste and nutrients. With essential vitamins and minerals, as well as glucosamine and chondroitin to help maintain joint health, your pet will be happy, healthy, and asking for more. Get ready for tail wagging during every meal\u2014try Monge Grill Adult Dog Beef today! Tender pieces in a tasty sauce made from select high-quality ingredients with beef meat for adult dogs of all breeds.","og_url":"https:\/\/zoo-land.az\/az\/shop\/dog\/dog-wetfoods-conserves\/monge-jele-adult-dog-beef-100-g\/","og_site_name":"Zooland.az","og_image":[{"width":700,"height":800,"url":"https:\/\/zoo-land.az\/wp-content\/uploads\/2024\/06\/monge-grill-chunkies-with-beef-100g-dog-wet-food.png","type":"image\/png"}],"twitter_card":"summary_large_image","twitter_misc":{"Est. reading time":"1 minute"},"schema":{"@context":"https:\/\/schema.org","@graph":[{"@type":"WebPage","@id":"https:\/\/zoo-land.az\/az\/shop\/dog\/dog-wetfoods-conserves\/monge-jele-adult-dog-beef-100-g\/","url":"https:\/\/zoo-land.az\/az\/shop\/dog\/dog-wetfoods-conserves\/monge-jele-adult-dog-beef-100-g\/","name":"Monge Jele Adult Dog Beef 100 g - Zooland.az","isPartOf":{"@id":"https:\/\/zoo-land.az\/#website"},"primaryImageOfPage":{"@id":"https:\/\/zoo-land.az\/az\/shop\/dog\/dog-wetfoods-conserves\/monge-jele-adult-dog-beef-100-g\/#primaryimage"},"image":{"@id":"https:\/\/zoo-land.az\/az\/shop\/dog\/dog-wetfoods-conserves\/monge-jele-adult-dog-beef-100-g\/#primaryimage"},"thumbnailUrl":"https:\/\/zoo-land.az\/wp-content\/uploads\/2024\/06\/monge-grill-chunkies-with-beef-100g-dog-wet-food.png","datePublished":"2024-06-10T12:57:16+00:00","breadcrumb":{"@id":"https:\/\/zoo-land.az\/az\/shop\/dog\/dog-wetfoods-conserves\/monge-jele-adult-dog-beef-100-g\/#breadcrumb"},"inLanguage":"az","potentialAction":[{"@type":"ReadAction","target":["https:\/\/zoo-land.az\/az\/shop\/dog\/dog-wetfoods-conserves\/monge-jele-adult-dog-beef-100-g\/"]}]},{"@type":"ImageObject","inLanguage":"az","@id":"https:\/\/zoo-land.az\/az\/shop\/dog\/dog-wetfoods-conserves\/monge-jele-adult-dog-beef-100-g\/#primaryimage","url":"https:\/\/zoo-land.az\/wp-content\/uploads\/2024\/06\/monge-grill-chunkies-with-beef-100g-dog-wet-food.png","contentUrl":"https:\/\/zoo-land.az\/wp-content\/uploads\/2024\/06\/monge-grill-chunkies-with-beef-100g-dog-wet-food.png","width":700,"height":800},{"@type":"BreadcrumbList","@id":"https:\/\/zoo-land.az\/az\/shop\/dog\/dog-wetfoods-conserves\/monge-jele-adult-dog-beef-100-g\/#breadcrumb","itemListElement":[{"@type":"ListItem","position":1,"name":"Home","item":"https:\/\/zoo-land.az\/ru\/"},{"@type":"ListItem","position":2,"name":"Shop","item":"https:\/\/zoo-land.az\/ru\/"},{"@type":"ListItem","position":3,"name":"Monge Jele Adult Dog Beef 100 g"}]},{"@type":"WebSite","@id":"https:\/\/zoo-land.az\/#website","url":"https:\/\/zoo-land.az\/","name":"Zooland.az","description":"Xo\u015fb\u0259xt ev heyvanlar\u0131n\u0131n \u00fcnvan\u0131 Zooland.az","publisher":{"@id":"https:\/\/zoo-land.az\/#organization"},"potentialAction":[{"@type":"SearchAction","target":{"@type":"EntryPoint","urlTemplate":"https:\/\/zoo-land.az\/?s={search_term_string}"},"query-input":{"@type":"PropertyValueSpecification","valueRequired":true,"valueName":"search_term_string"}}],"inLanguage":"az"},{"@type":"Organization","@id":"https:\/\/zoo-land.az\/#organization","name":"Zooland.az","url":"https:\/\/zoo-land.az\/","logo":{"@type":"ImageObject","inLanguage":"az","@id":"https:\/\/zoo-land.az\/#\/schema\/logo\/image\/","url":"https:\/\/zoo-land.az\/wp-content\/uploads\/2022\/05\/logo.svg","contentUrl":"https:\/\/zoo-land.az\/wp-content\/uploads\/2022\/05\/logo.svg","width":113,"height":46,"caption":"Zooland.az"},"image":{"@id":"https:\/\/zoo-land.az\/#\/schema\/logo\/image\/"}}]}},"_links":{"self":[{"href":"https:\/\/zoo-land.az\/az\/wp-json\/wp\/v2\/product\/23202","targetHints":{"allow":["GET"]}}],"collection":[{"href":"https:\/\/zoo-land.az\/az\/wp-json\/wp\/v2\/product"}],"about":[{"href":"https:\/\/zoo-land.az\/az\/wp-json\/wp\/v2\/types\/product"}],"wp:featuredmedia":[{"embeddable":true,"href":"https:\/\/zoo-land.az\/az\/wp-json\/wp\/v2\/media\/23203"}],"wp:attachment":[{"href":"https:\/\/zoo-land.az\/az\/wp-json\/wp\/v2\/media?parent=23202"}],"wp:term":[{"taxonomy":"product_cat","embeddable":true,"href":"https:\/\/zoo-land.az\/az\/wp-json\/wp\/v2\/product_cat?post=23202"},{"taxonomy":"product_tag","embeddable":true,"href":"https:\/\/zoo-land.az\/az\/wp-json\/wp\/v2\/product_tag?post=23202"}],"curies":[{"name":"wp","href":"https:\/\/api.w.org\/{rel}","templated":true}]}}