{"id":23254,"date":"2024-06-10T17:02:32","date_gmt":"2024-06-10T17:02:32","guid":{"rendered":"https:\/\/lightsteelblue-zebra-299715.hostingersite.com\/?post_type=product&#038;p=23254"},"modified":"2024-06-10T18:40:00","modified_gmt":"2024-06-10T18:40:00","slug":"monge-deer-adult-all-bred-12-kg","status":"publish","type":"product","link":"https:\/\/zoo-land.az\/az\/shop\/dog\/dog-food\/monge-deer-adult-all-bred-12-kg\/","title":{"rendered":"Monge Deer Adult All Bred 1 kg"},"content":{"rendered":"<p>Monge Bwild Low Grain All Breeds Adult Dog Deer is a com plete and balanced pet food for adult dogs. The high animal protein content from deer meat guarantees a balanced diet, following the natural instinct of your ani mals. The recipe is formulated with low grain* level and it does not contains pota toes. The linseed, source of fatty acids omega-3, supports a soft and shiny coat. The delicious taste is also enhanced by fruits (like blueberry, cranberry and raspberry) and vegetables (carrots), natural sources of fibre and minerals. The recipe is enriched with XOS (Xylo-oligosaccharide), last generation of prebiotics, which keep the inte stinal wellness. The specific recipe ensures the animal\u2019s well-being and respects its natural instinct. No added dyes and artificial preservatives.<\/p>","protected":false},"excerpt":{"rendered":"<p>Monge Bwild Low Grain All Breeds Adult Dog Deer is a com plete and balanced pet food for adult dogs. The high animal protein content from deer meat guarantees a balanced diet, following the natural instinct of your ani mals. The recipe is formulated with low grain* level and it does not contains pota toes. The linseed, source of fatty acids omega-3, supports a soft and shiny coat. The delicious taste is also enhanced by fruits (like blueberry, cranberry and raspberry) and vegetables (carrots), natural sources of fibre and minerals. The recipe is enriched with XOS (Xylo-oligosaccharide), last generation of prebiotics, which keep the inte stinal wellness. The specific recipe ensures the animal\u2019s well-being and respects its natural instinct. No added dyes and artificial preservatives.<\/p>","protected":false},"featured_media":23255,"template":"","meta":{"inline_featured_image":false,"_joinchat":[]},"product_cat":[132,107],"product_tag":[],"class_list":{"0":"post-23254","1":"product","2":"type-product","3":"status-publish","4":"has-post-thumbnail","6":"product_brand-monge","7":"product_cat-dog-food","8":"product_cat-dog","10":"first","11":"instock","12":"shipping-taxable","13":"purchasable","14":"product-type-simple"},"yoast_head":"<!-- This site is optimized with the Yoast SEO plugin v26.7 - https:\/\/yoast.com\/wordpress\/plugins\/seo\/ -->\n<title>Monge Deer Adult All Bred 1 kg - Zooland.az<\/title>\n<meta name=\"robots\" content=\"index, follow, max-snippet:-1, max-image-preview:large, max-video-preview:-1\" \/>\n<link rel=\"canonical\" href=\"https:\/\/zoo-land.az\/az\/shop\/dog\/dog-food\/monge-deer-adult-all-bred-12-kg\/\" \/>\n<meta property=\"og:locale\" content=\"az_AZ\" \/>\n<meta property=\"og:type\" content=\"article\" \/>\n<meta property=\"og:title\" content=\"Monge Deer Adult All Bred 1 kg - Zooland.az\" \/>\n<meta property=\"og:description\" content=\"Monge Bwild Low Grain All Breeds Adult Dog Deer is a com plete and balanced pet food for adult dogs. The high animal protein content from deer meat guarantees a balanced diet, following the natural instinct of your ani mals. The recipe is formulated with low grain* level and it does not contains pota toes. The linseed, source of fatty acids omega-3, supports a soft and shiny coat. The delicious taste is also enhanced by fruits (like blueberry, cranberry and raspberry) and vegetables (carrots), natural sources of fibre and minerals. The recipe is enriched with XOS (Xylo-oligosaccharide), last generation of prebiotics, which keep the inte stinal wellness. The specific recipe ensures the animal\u2019s well-being and respects its natural instinct. No added dyes and artificial preservatives.\" \/>\n<meta property=\"og:url\" content=\"https:\/\/zoo-land.az\/az\/shop\/dog\/dog-food\/monge-deer-adult-all-bred-12-kg\/\" \/>\n<meta property=\"og:site_name\" content=\"Zooland.az\" \/>\n<meta property=\"article:modified_time\" content=\"2024-06-10T18:40:00+00:00\" \/>\n<meta property=\"og:image\" content=\"https:\/\/zoo-land.az\/wp-content\/uploads\/2024\/06\/monge_cane_secco_bwild_all_breeds_adult_al_cervo.jpg\" \/>\n\t<meta property=\"og:image:width\" content=\"800\" \/>\n\t<meta property=\"og:image:height\" content=\"1184\" \/>\n\t<meta property=\"og:image:type\" content=\"image\/jpeg\" \/>\n<meta name=\"twitter:card\" content=\"summary_large_image\" \/>\n<meta name=\"twitter:label1\" content=\"Est. reading time\" \/>\n\t<meta name=\"twitter:data1\" content=\"1 minute\" \/>\n<script type=\"application\/ld+json\" class=\"yoast-schema-graph\">{\"@context\":\"https:\/\/schema.org\",\"@graph\":[{\"@type\":\"WebPage\",\"@id\":\"https:\/\/zoo-land.az\/ru\/shop\/dog\/dog-food\/monge-deer-adult-all-bred-12-kg\/\",\"url\":\"https:\/\/zoo-land.az\/ru\/shop\/dog\/dog-food\/monge-deer-adult-all-bred-12-kg\/\",\"name\":\"Monge Deer Adult All Bred 1 kg - Zooland.az\",\"isPartOf\":{\"@id\":\"https:\/\/zoo-land.az\/#website\"},\"primaryImageOfPage\":{\"@id\":\"https:\/\/zoo-land.az\/ru\/shop\/dog\/dog-food\/monge-deer-adult-all-bred-12-kg\/#primaryimage\"},\"image\":{\"@id\":\"https:\/\/zoo-land.az\/ru\/shop\/dog\/dog-food\/monge-deer-adult-all-bred-12-kg\/#primaryimage\"},\"thumbnailUrl\":\"https:\/\/zoo-land.az\/wp-content\/uploads\/2024\/06\/monge_cane_secco_bwild_all_breeds_adult_al_cervo.jpg\",\"datePublished\":\"2024-06-10T17:02:32+00:00\",\"dateModified\":\"2024-06-10T18:40:00+00:00\",\"breadcrumb\":{\"@id\":\"https:\/\/zoo-land.az\/ru\/shop\/dog\/dog-food\/monge-deer-adult-all-bred-12-kg\/#breadcrumb\"},\"inLanguage\":\"az\",\"potentialAction\":[{\"@type\":\"ReadAction\",\"target\":[\"https:\/\/zoo-land.az\/ru\/shop\/dog\/dog-food\/monge-deer-adult-all-bred-12-kg\/\"]}]},{\"@type\":\"ImageObject\",\"inLanguage\":\"az\",\"@id\":\"https:\/\/zoo-land.az\/ru\/shop\/dog\/dog-food\/monge-deer-adult-all-bred-12-kg\/#primaryimage\",\"url\":\"https:\/\/zoo-land.az\/wp-content\/uploads\/2024\/06\/monge_cane_secco_bwild_all_breeds_adult_al_cervo.jpg\",\"contentUrl\":\"https:\/\/zoo-land.az\/wp-content\/uploads\/2024\/06\/monge_cane_secco_bwild_all_breeds_adult_al_cervo.jpg\",\"width\":800,\"height\":1184},{\"@type\":\"BreadcrumbList\",\"@id\":\"https:\/\/zoo-land.az\/ru\/shop\/dog\/dog-food\/monge-deer-adult-all-bred-12-kg\/#breadcrumb\",\"itemListElement\":[{\"@type\":\"ListItem\",\"position\":1,\"name\":\"Home\",\"item\":\"https:\/\/zoo-land.az\/ru\/\"},{\"@type\":\"ListItem\",\"position\":2,\"name\":\"Shop\",\"item\":\"https:\/\/zoo-land.az\/ru\/\"},{\"@type\":\"ListItem\",\"position\":3,\"name\":\"Monge Deer Adult All Bred 1 kg\"}]},{\"@type\":\"WebSite\",\"@id\":\"https:\/\/zoo-land.az\/#website\",\"url\":\"https:\/\/zoo-land.az\/\",\"name\":\"Zooland.az\",\"description\":\"Xo\u015fb\u0259xt ev heyvanlar\u0131n\u0131n \u00fcnvan\u0131 Zooland.az\",\"publisher\":{\"@id\":\"https:\/\/zoo-land.az\/#organization\"},\"potentialAction\":[{\"@type\":\"SearchAction\",\"target\":{\"@type\":\"EntryPoint\",\"urlTemplate\":\"https:\/\/zoo-land.az\/?s={search_term_string}\"},\"query-input\":{\"@type\":\"PropertyValueSpecification\",\"valueRequired\":true,\"valueName\":\"search_term_string\"}}],\"inLanguage\":\"az\"},{\"@type\":\"Organization\",\"@id\":\"https:\/\/zoo-land.az\/#organization\",\"name\":\"Zooland.az\",\"url\":\"https:\/\/zoo-land.az\/\",\"logo\":{\"@type\":\"ImageObject\",\"inLanguage\":\"az\",\"@id\":\"https:\/\/zoo-land.az\/#\/schema\/logo\/image\/\",\"url\":\"https:\/\/zoo-land.az\/wp-content\/uploads\/2022\/05\/logo.svg\",\"contentUrl\":\"https:\/\/zoo-land.az\/wp-content\/uploads\/2022\/05\/logo.svg\",\"width\":113,\"height\":46,\"caption\":\"Zooland.az\"},\"image\":{\"@id\":\"https:\/\/zoo-land.az\/#\/schema\/logo\/image\/\"}}]}<\/script>\n<!-- \/ Yoast SEO plugin. -->","yoast_head_json":{"title":"Monge Deer Adult All Bred 1 kg - Zooland.az","robots":{"index":"index","follow":"follow","max-snippet":"max-snippet:-1","max-image-preview":"max-image-preview:large","max-video-preview":"max-video-preview:-1"},"canonical":"https:\/\/zoo-land.az\/az\/shop\/dog\/dog-food\/monge-deer-adult-all-bred-12-kg\/","og_locale":"az_AZ","og_type":"article","og_title":"Monge Deer Adult All Bred 1 kg - Zooland.az","og_description":"Monge Bwild Low Grain All Breeds Adult Dog Deer is a com plete and balanced pet food for adult dogs. The high animal protein content from deer meat guarantees a balanced diet, following the natural instinct of your ani mals. The recipe is formulated with low grain* level and it does not contains pota toes. The linseed, source of fatty acids omega-3, supports a soft and shiny coat. The delicious taste is also enhanced by fruits (like blueberry, cranberry and raspberry) and vegetables (carrots), natural sources of fibre and minerals. The recipe is enriched with XOS (Xylo-oligosaccharide), last generation of prebiotics, which keep the inte stinal wellness. The specific recipe ensures the animal\u2019s well-being and respects its natural instinct. No added dyes and artificial preservatives.","og_url":"https:\/\/zoo-land.az\/az\/shop\/dog\/dog-food\/monge-deer-adult-all-bred-12-kg\/","og_site_name":"Zooland.az","article_modified_time":"2024-06-10T18:40:00+00:00","og_image":[{"width":800,"height":1184,"url":"https:\/\/zoo-land.az\/wp-content\/uploads\/2024\/06\/monge_cane_secco_bwild_all_breeds_adult_al_cervo.jpg","type":"image\/jpeg"}],"twitter_card":"summary_large_image","twitter_misc":{"Est. reading time":"1 minute"},"schema":{"@context":"https:\/\/schema.org","@graph":[{"@type":"WebPage","@id":"https:\/\/zoo-land.az\/ru\/shop\/dog\/dog-food\/monge-deer-adult-all-bred-12-kg\/","url":"https:\/\/zoo-land.az\/ru\/shop\/dog\/dog-food\/monge-deer-adult-all-bred-12-kg\/","name":"Monge Deer Adult All Bred 1 kg - Zooland.az","isPartOf":{"@id":"https:\/\/zoo-land.az\/#website"},"primaryImageOfPage":{"@id":"https:\/\/zoo-land.az\/ru\/shop\/dog\/dog-food\/monge-deer-adult-all-bred-12-kg\/#primaryimage"},"image":{"@id":"https:\/\/zoo-land.az\/ru\/shop\/dog\/dog-food\/monge-deer-adult-all-bred-12-kg\/#primaryimage"},"thumbnailUrl":"https:\/\/zoo-land.az\/wp-content\/uploads\/2024\/06\/monge_cane_secco_bwild_all_breeds_adult_al_cervo.jpg","datePublished":"2024-06-10T17:02:32+00:00","dateModified":"2024-06-10T18:40:00+00:00","breadcrumb":{"@id":"https:\/\/zoo-land.az\/ru\/shop\/dog\/dog-food\/monge-deer-adult-all-bred-12-kg\/#breadcrumb"},"inLanguage":"az","potentialAction":[{"@type":"ReadAction","target":["https:\/\/zoo-land.az\/ru\/shop\/dog\/dog-food\/monge-deer-adult-all-bred-12-kg\/"]}]},{"@type":"ImageObject","inLanguage":"az","@id":"https:\/\/zoo-land.az\/ru\/shop\/dog\/dog-food\/monge-deer-adult-all-bred-12-kg\/#primaryimage","url":"https:\/\/zoo-land.az\/wp-content\/uploads\/2024\/06\/monge_cane_secco_bwild_all_breeds_adult_al_cervo.jpg","contentUrl":"https:\/\/zoo-land.az\/wp-content\/uploads\/2024\/06\/monge_cane_secco_bwild_all_breeds_adult_al_cervo.jpg","width":800,"height":1184},{"@type":"BreadcrumbList","@id":"https:\/\/zoo-land.az\/ru\/shop\/dog\/dog-food\/monge-deer-adult-all-bred-12-kg\/#breadcrumb","itemListElement":[{"@type":"ListItem","position":1,"name":"Home","item":"https:\/\/zoo-land.az\/ru\/"},{"@type":"ListItem","position":2,"name":"Shop","item":"https:\/\/zoo-land.az\/ru\/"},{"@type":"ListItem","position":3,"name":"Monge Deer Adult All Bred 1 kg"}]},{"@type":"WebSite","@id":"https:\/\/zoo-land.az\/#website","url":"https:\/\/zoo-land.az\/","name":"Zooland.az","description":"Xo\u015fb\u0259xt ev heyvanlar\u0131n\u0131n \u00fcnvan\u0131 Zooland.az","publisher":{"@id":"https:\/\/zoo-land.az\/#organization"},"potentialAction":[{"@type":"SearchAction","target":{"@type":"EntryPoint","urlTemplate":"https:\/\/zoo-land.az\/?s={search_term_string}"},"query-input":{"@type":"PropertyValueSpecification","valueRequired":true,"valueName":"search_term_string"}}],"inLanguage":"az"},{"@type":"Organization","@id":"https:\/\/zoo-land.az\/#organization","name":"Zooland.az","url":"https:\/\/zoo-land.az\/","logo":{"@type":"ImageObject","inLanguage":"az","@id":"https:\/\/zoo-land.az\/#\/schema\/logo\/image\/","url":"https:\/\/zoo-land.az\/wp-content\/uploads\/2022\/05\/logo.svg","contentUrl":"https:\/\/zoo-land.az\/wp-content\/uploads\/2022\/05\/logo.svg","width":113,"height":46,"caption":"Zooland.az"},"image":{"@id":"https:\/\/zoo-land.az\/#\/schema\/logo\/image\/"}}]}},"_links":{"self":[{"href":"https:\/\/zoo-land.az\/az\/wp-json\/wp\/v2\/product\/23254","targetHints":{"allow":["GET"]}}],"collection":[{"href":"https:\/\/zoo-land.az\/az\/wp-json\/wp\/v2\/product"}],"about":[{"href":"https:\/\/zoo-land.az\/az\/wp-json\/wp\/v2\/types\/product"}],"wp:featuredmedia":[{"embeddable":true,"href":"https:\/\/zoo-land.az\/az\/wp-json\/wp\/v2\/media\/23255"}],"wp:attachment":[{"href":"https:\/\/zoo-land.az\/az\/wp-json\/wp\/v2\/media?parent=23254"}],"wp:term":[{"taxonomy":"product_cat","embeddable":true,"href":"https:\/\/zoo-land.az\/az\/wp-json\/wp\/v2\/product_cat?post=23254"},{"taxonomy":"product_tag","embeddable":true,"href":"https:\/\/zoo-land.az\/az\/wp-json\/wp\/v2\/product_tag?post=23254"}],"curies":[{"name":"wp","href":"https:\/\/api.w.org\/{rel}","templated":true}]}}