{"id":23274,"date":"2024-06-10T17:19:04","date_gmt":"2024-06-10T17:19:04","guid":{"rendered":"https:\/\/lightsteelblue-zebra-299715.hostingersite.com\/?post_type=product&#038;p=23274"},"modified":"2024-06-11T06:55:15","modified_gmt":"2024-06-11T06:55:15","slug":"monge-cat-monoprotein-forel-10-kg","status":"publish","type":"product","link":"https:\/\/zoo-land.az\/az\/shop\/cat\/cat-foods\/monge-cat-monoprotein-forel-10-kg\/","title":{"rendered":"Monge Cat Monoprotein Forel 1 kq"},"content":{"rendered":"<p>Monge Natural Superpremium Monoprotein* Sterilised Cat Trout is a complete pet food for adult cats. Formulated for the well-being of your sterilized cat thanks to the low fat content** to help the maintenance of ideal body weight. *Formulated with a unique animal protein source (trout), enriched with Xylo-oligosaccharides (XOS), prebiotics, which keep the intestine wellness. The inclusion of functional ingredients like rose hip, with antioxidative effects, and yucca schidigera, for faecal aroma control, promote the quality of life of our cats. No added dyes and artificial preservatives.<\/p>","protected":false},"excerpt":{"rendered":"<p>Monge Natural Superpremium Monoprotein* Sterilised Cat Trout is a complete pet food for adult cats. Formulated for the well-being of your sterilized cat thanks to the low fat content** to help the maintenance of ideal body weight. *Formulated with a unique animal protein source (trout), enriched with Xylo-oligosaccharides (XOS), prebiotics, which keep the intestine wellness. The inclusion of functional ingredients like rose hip, with antioxidative effects, and yucca schidigera, for faecal aroma control, promote the quality of life of our cats. No added dyes and artificial preservatives.<\/p>","protected":false},"featured_media":23275,"template":"","meta":{"inline_featured_image":false,"_joinchat":[]},"product_cat":[189,188],"product_tag":[],"class_list":{"0":"post-23274","1":"product","2":"type-product","3":"status-publish","4":"has-post-thumbnail","6":"product_brand-monge","7":"product_cat-cat-foods","8":"product_cat-cat","10":"first","11":"instock","12":"shipping-taxable","13":"purchasable","14":"product-type-simple"},"yoast_head":"<!-- This site is optimized with the Yoast SEO plugin v26.7 - https:\/\/yoast.com\/wordpress\/plugins\/seo\/ -->\n<title>Monge Cat Monoprotein Forel 1 kg - Zooland.az<\/title>\n<meta name=\"robots\" content=\"index, follow, max-snippet:-1, max-image-preview:large, max-video-preview:-1\" \/>\n<link rel=\"canonical\" href=\"https:\/\/zoo-land.az\/az\/shop\/cat\/cat-foods\/monge-cat-monoprotein-forel-10-kg\/\" \/>\n<meta property=\"og:locale\" content=\"az_AZ\" \/>\n<meta property=\"og:type\" content=\"article\" \/>\n<meta property=\"og:title\" content=\"Monge Cat Monoprotein Forel 1 kg - Zooland.az\" \/>\n<meta property=\"og:description\" content=\"Monge Natural Superpremium Monoprotein* Sterilised Cat Trout is a complete pet food for adult cats. Formulated for the well-being of your sterilized cat thanks to the low fat content** to help the maintenance of ideal body weight. *Formulated with a unique animal protein source (trout), enriched with Xylo-oligosaccharides (XOS), prebiotics, which keep the intestine wellness. The inclusion of functional ingredients like rose hip, with antioxidative effects, and yucca schidigera, for faecal aroma control, promote the quality of life of our cats. No added dyes and artificial preservatives.\" \/>\n<meta property=\"og:url\" content=\"https:\/\/zoo-land.az\/az\/shop\/cat\/cat-foods\/monge-cat-monoprotein-forel-10-kg\/\" \/>\n<meta property=\"og:site_name\" content=\"Zooland.az\" \/>\n<meta property=\"article:modified_time\" content=\"2024-06-11T06:55:15+00:00\" \/>\n<meta property=\"og:image\" content=\"https:\/\/zoo-land.az\/wp-content\/uploads\/2024\/06\/monge_gatto_secco_sterilised_monoprotein_trota.jpg\" \/>\n\t<meta property=\"og:image:width\" content=\"270\" \/>\n\t<meta property=\"og:image:height\" content=\"500\" \/>\n\t<meta property=\"og:image:type\" content=\"image\/jpeg\" \/>\n<meta name=\"twitter:card\" content=\"summary_large_image\" \/>\n<script type=\"application\/ld+json\" class=\"yoast-schema-graph\">{\"@context\":\"https:\/\/schema.org\",\"@graph\":[{\"@type\":\"WebPage\",\"@id\":\"https:\/\/zoo-land.az\/az\/shop\/cat\/cat-foods\/monge-cat-monoprotein-forel-10-kg\/\",\"url\":\"https:\/\/zoo-land.az\/az\/shop\/cat\/cat-foods\/monge-cat-monoprotein-forel-10-kg\/\",\"name\":\"Monge Cat Monoprotein Forel 1 kg - Zooland.az\",\"isPartOf\":{\"@id\":\"https:\/\/zoo-land.az\/#website\"},\"primaryImageOfPage\":{\"@id\":\"https:\/\/zoo-land.az\/az\/shop\/cat\/cat-foods\/monge-cat-monoprotein-forel-10-kg\/#primaryimage\"},\"image\":{\"@id\":\"https:\/\/zoo-land.az\/az\/shop\/cat\/cat-foods\/monge-cat-monoprotein-forel-10-kg\/#primaryimage\"},\"thumbnailUrl\":\"https:\/\/zoo-land.az\/wp-content\/uploads\/2024\/06\/monge_gatto_secco_sterilised_monoprotein_trota.jpg\",\"datePublished\":\"2024-06-10T17:19:04+00:00\",\"dateModified\":\"2024-06-11T06:55:15+00:00\",\"breadcrumb\":{\"@id\":\"https:\/\/zoo-land.az\/az\/shop\/cat\/cat-foods\/monge-cat-monoprotein-forel-10-kg\/#breadcrumb\"},\"inLanguage\":\"az\",\"potentialAction\":[{\"@type\":\"ReadAction\",\"target\":[\"https:\/\/zoo-land.az\/az\/shop\/cat\/cat-foods\/monge-cat-monoprotein-forel-10-kg\/\"]}]},{\"@type\":\"ImageObject\",\"inLanguage\":\"az\",\"@id\":\"https:\/\/zoo-land.az\/az\/shop\/cat\/cat-foods\/monge-cat-monoprotein-forel-10-kg\/#primaryimage\",\"url\":\"https:\/\/zoo-land.az\/wp-content\/uploads\/2024\/06\/monge_gatto_secco_sterilised_monoprotein_trota.jpg\",\"contentUrl\":\"https:\/\/zoo-land.az\/wp-content\/uploads\/2024\/06\/monge_gatto_secco_sterilised_monoprotein_trota.jpg\",\"width\":270,\"height\":500},{\"@type\":\"BreadcrumbList\",\"@id\":\"https:\/\/zoo-land.az\/az\/shop\/cat\/cat-foods\/monge-cat-monoprotein-forel-10-kg\/#breadcrumb\",\"itemListElement\":[{\"@type\":\"ListItem\",\"position\":1,\"name\":\"Home\",\"item\":\"https:\/\/zoo-land.az\/ru\/\"},{\"@type\":\"ListItem\",\"position\":2,\"name\":\"Shop\",\"item\":\"https:\/\/zoo-land.az\/ru\/\"},{\"@type\":\"ListItem\",\"position\":3,\"name\":\"Monge Cat Monoprotein Forel 1 kg\"}]},{\"@type\":\"WebSite\",\"@id\":\"https:\/\/zoo-land.az\/#website\",\"url\":\"https:\/\/zoo-land.az\/\",\"name\":\"Zooland.az\",\"description\":\"Xo\u015fb\u0259xt ev heyvanlar\u0131n\u0131n \u00fcnvan\u0131 Zooland.az\",\"publisher\":{\"@id\":\"https:\/\/zoo-land.az\/#organization\"},\"potentialAction\":[{\"@type\":\"SearchAction\",\"target\":{\"@type\":\"EntryPoint\",\"urlTemplate\":\"https:\/\/zoo-land.az\/?s={search_term_string}\"},\"query-input\":{\"@type\":\"PropertyValueSpecification\",\"valueRequired\":true,\"valueName\":\"search_term_string\"}}],\"inLanguage\":\"az\"},{\"@type\":\"Organization\",\"@id\":\"https:\/\/zoo-land.az\/#organization\",\"name\":\"Zooland.az\",\"url\":\"https:\/\/zoo-land.az\/\",\"logo\":{\"@type\":\"ImageObject\",\"inLanguage\":\"az\",\"@id\":\"https:\/\/zoo-land.az\/#\/schema\/logo\/image\/\",\"url\":\"https:\/\/zoo-land.az\/wp-content\/uploads\/2022\/05\/logo.svg\",\"contentUrl\":\"https:\/\/zoo-land.az\/wp-content\/uploads\/2022\/05\/logo.svg\",\"width\":113,\"height\":46,\"caption\":\"Zooland.az\"},\"image\":{\"@id\":\"https:\/\/zoo-land.az\/#\/schema\/logo\/image\/\"}}]}<\/script>\n<!-- \/ Yoast SEO plugin. -->","yoast_head_json":{"title":"Monge Cat Monoprotein Forel 1 kg - Zooland.az","robots":{"index":"index","follow":"follow","max-snippet":"max-snippet:-1","max-image-preview":"max-image-preview:large","max-video-preview":"max-video-preview:-1"},"canonical":"https:\/\/zoo-land.az\/az\/shop\/cat\/cat-foods\/monge-cat-monoprotein-forel-10-kg\/","og_locale":"az_AZ","og_type":"article","og_title":"Monge Cat Monoprotein Forel 1 kg - Zooland.az","og_description":"Monge Natural Superpremium Monoprotein* Sterilised Cat Trout is a complete pet food for adult cats. Formulated for the well-being of your sterilized cat thanks to the low fat content** to help the maintenance of ideal body weight. *Formulated with a unique animal protein source (trout), enriched with Xylo-oligosaccharides (XOS), prebiotics, which keep the intestine wellness. The inclusion of functional ingredients like rose hip, with antioxidative effects, and yucca schidigera, for faecal aroma control, promote the quality of life of our cats. No added dyes and artificial preservatives.","og_url":"https:\/\/zoo-land.az\/az\/shop\/cat\/cat-foods\/monge-cat-monoprotein-forel-10-kg\/","og_site_name":"Zooland.az","article_modified_time":"2024-06-11T06:55:15+00:00","og_image":[{"width":270,"height":500,"url":"https:\/\/zoo-land.az\/wp-content\/uploads\/2024\/06\/monge_gatto_secco_sterilised_monoprotein_trota.jpg","type":"image\/jpeg"}],"twitter_card":"summary_large_image","schema":{"@context":"https:\/\/schema.org","@graph":[{"@type":"WebPage","@id":"https:\/\/zoo-land.az\/az\/shop\/cat\/cat-foods\/monge-cat-monoprotein-forel-10-kg\/","url":"https:\/\/zoo-land.az\/az\/shop\/cat\/cat-foods\/monge-cat-monoprotein-forel-10-kg\/","name":"Monge Cat Monoprotein Forel 1 kg - Zooland.az","isPartOf":{"@id":"https:\/\/zoo-land.az\/#website"},"primaryImageOfPage":{"@id":"https:\/\/zoo-land.az\/az\/shop\/cat\/cat-foods\/monge-cat-monoprotein-forel-10-kg\/#primaryimage"},"image":{"@id":"https:\/\/zoo-land.az\/az\/shop\/cat\/cat-foods\/monge-cat-monoprotein-forel-10-kg\/#primaryimage"},"thumbnailUrl":"https:\/\/zoo-land.az\/wp-content\/uploads\/2024\/06\/monge_gatto_secco_sterilised_monoprotein_trota.jpg","datePublished":"2024-06-10T17:19:04+00:00","dateModified":"2024-06-11T06:55:15+00:00","breadcrumb":{"@id":"https:\/\/zoo-land.az\/az\/shop\/cat\/cat-foods\/monge-cat-monoprotein-forel-10-kg\/#breadcrumb"},"inLanguage":"az","potentialAction":[{"@type":"ReadAction","target":["https:\/\/zoo-land.az\/az\/shop\/cat\/cat-foods\/monge-cat-monoprotein-forel-10-kg\/"]}]},{"@type":"ImageObject","inLanguage":"az","@id":"https:\/\/zoo-land.az\/az\/shop\/cat\/cat-foods\/monge-cat-monoprotein-forel-10-kg\/#primaryimage","url":"https:\/\/zoo-land.az\/wp-content\/uploads\/2024\/06\/monge_gatto_secco_sterilised_monoprotein_trota.jpg","contentUrl":"https:\/\/zoo-land.az\/wp-content\/uploads\/2024\/06\/monge_gatto_secco_sterilised_monoprotein_trota.jpg","width":270,"height":500},{"@type":"BreadcrumbList","@id":"https:\/\/zoo-land.az\/az\/shop\/cat\/cat-foods\/monge-cat-monoprotein-forel-10-kg\/#breadcrumb","itemListElement":[{"@type":"ListItem","position":1,"name":"Home","item":"https:\/\/zoo-land.az\/ru\/"},{"@type":"ListItem","position":2,"name":"Shop","item":"https:\/\/zoo-land.az\/ru\/"},{"@type":"ListItem","position":3,"name":"Monge Cat Monoprotein Forel 1 kg"}]},{"@type":"WebSite","@id":"https:\/\/zoo-land.az\/#website","url":"https:\/\/zoo-land.az\/","name":"Zooland.az","description":"Xo\u015fb\u0259xt ev heyvanlar\u0131n\u0131n \u00fcnvan\u0131 Zooland.az","publisher":{"@id":"https:\/\/zoo-land.az\/#organization"},"potentialAction":[{"@type":"SearchAction","target":{"@type":"EntryPoint","urlTemplate":"https:\/\/zoo-land.az\/?s={search_term_string}"},"query-input":{"@type":"PropertyValueSpecification","valueRequired":true,"valueName":"search_term_string"}}],"inLanguage":"az"},{"@type":"Organization","@id":"https:\/\/zoo-land.az\/#organization","name":"Zooland.az","url":"https:\/\/zoo-land.az\/","logo":{"@type":"ImageObject","inLanguage":"az","@id":"https:\/\/zoo-land.az\/#\/schema\/logo\/image\/","url":"https:\/\/zoo-land.az\/wp-content\/uploads\/2022\/05\/logo.svg","contentUrl":"https:\/\/zoo-land.az\/wp-content\/uploads\/2022\/05\/logo.svg","width":113,"height":46,"caption":"Zooland.az"},"image":{"@id":"https:\/\/zoo-land.az\/#\/schema\/logo\/image\/"}}]}},"_links":{"self":[{"href":"https:\/\/zoo-land.az\/az\/wp-json\/wp\/v2\/product\/23274","targetHints":{"allow":["GET"]}}],"collection":[{"href":"https:\/\/zoo-land.az\/az\/wp-json\/wp\/v2\/product"}],"about":[{"href":"https:\/\/zoo-land.az\/az\/wp-json\/wp\/v2\/types\/product"}],"wp:featuredmedia":[{"embeddable":true,"href":"https:\/\/zoo-land.az\/az\/wp-json\/wp\/v2\/media\/23275"}],"wp:attachment":[{"href":"https:\/\/zoo-land.az\/az\/wp-json\/wp\/v2\/media?parent=23274"}],"wp:term":[{"taxonomy":"product_cat","embeddable":true,"href":"https:\/\/zoo-land.az\/az\/wp-json\/wp\/v2\/product_cat?post=23274"},{"taxonomy":"product_tag","embeddable":true,"href":"https:\/\/zoo-land.az\/az\/wp-json\/wp\/v2\/product_tag?post=23274"}],"curies":[{"name":"wp","href":"https:\/\/api.w.org\/{rel}","templated":true}]}}