{"id":23375,"date":"2024-06-11T09:03:07","date_gmt":"2024-06-11T09:03:07","guid":{"rendered":"https:\/\/lightsteelblue-zebra-299715.hostingersite.com\/?post_type=product&#038;p=23375"},"modified":"2024-06-11T09:03:07","modified_gmt":"2024-06-11T09:03:07","slug":"excel-multi-vitamin-small-breed-70-pcs","status":"publish","type":"product","link":"https:\/\/zoo-land.az\/az\/shop\/dog\/dog-food-adds\/excel-multi-vitamin-small-breed-70-pcs\/","title":{"rendered":"Excel Multi Vitamin small breed 70 pcs"},"content":{"rendered":"<p>8in1 Excel Multi Vitamin Small Breed is a comprehensive vitamin-mineral supplement specifically designed to meet the needs of small breed dogs. The balanced formula of essential vitamins (especially B2 and B4) and microelements helps prevent issues related to dietary deficiencies and maintains an excellent balance to keep small breed dogs active.<\/p>\n<h4>Key Features:<\/h4>\n<ul>\n<li><strong>Comprehensive Multivitamin Supplement<\/strong>: Formulated to meet the specific needs of adult small breed dogs.<\/li>\n<li><strong>Balanced Mineral and Vitamin Content<\/strong>: Specifically tailored for small breed dogs with faster metabolisms, requiring more vitamins and microelements.<\/li>\n<li><strong>Essential Nutrients<\/strong>: Contains all necessary substances to maintain the health of adult small breed dogs, including vitamin B2, choline, antioxidants, and microelements.<\/li>\n<li><strong>Small Tablet Size<\/strong>: Convenient for small breed dogs.<\/li>\n<li><strong>Developed with Veterinarians<\/strong>: Ensures optimal health benefits for your small breed dog.<\/li>\n<\/ul>\n<h4>Directions for Use:<\/h4>\n<ul>\n<li><strong>Dogs weighing less than 4 kg<\/strong>: 1\/2 tablet per day.<\/li>\n<li><strong>Dogs weighing 4 to 10 kg<\/strong>: 1 tablet per day (before feeding).<\/li>\n<li><strong>Sick, recovering, pregnant, and nursing dogs<\/strong>: 2 tablets per day.<\/li>\n<\/ul>\n<h4>Recommended Course of Use:<\/h4>\n<ul>\n<li><strong>14 &#8211; 30 days<\/strong>. Adjust dosage or repeat the course as needed based on veterinary advice.<\/li>\n<\/ul>","protected":false},"excerpt":{"rendered":"<p>8in1 Excel Multi Vitamin Small Breed is a comprehensive vitamin-mineral supplement specifically designed to meet the needs of small breed dogs. The balanced formula of essential vitamins (especially B2 and B4) and microelements helps prevent issues related to dietary deficiencies and maintains an excellent balance to keep small breed dogs active.<\/p>","protected":false},"featured_media":23377,"template":"","meta":{"inline_featured_image":false,"_joinchat":[]},"product_cat":[155,107],"product_tag":[],"class_list":{"0":"post-23375","1":"product","2":"type-product","3":"status-publish","4":"has-post-thumbnail","6":"product_brand-excel","7":"product_cat-dog-food-adds","8":"product_cat-dog","10":"first","11":"instock","12":"shipping-taxable","13":"purchasable","14":"product-type-simple"},"yoast_head":"<!-- This site is optimized with the Yoast SEO plugin v27.4 - https:\/\/yoast.com\/product\/yoast-seo-wordpress\/ -->\n<title>Excel Multi Vitamin small breed 70 pcs - Zooland.az<\/title>\n<meta name=\"robots\" content=\"index, follow, max-snippet:-1, max-image-preview:large, max-video-preview:-1\" \/>\n<link rel=\"canonical\" href=\"https:\/\/zoo-land.az\/az\/shop\/dog\/dog-food-adds\/excel-multi-vitamin-small-breed-70-pcs\/\" \/>\n<meta property=\"og:locale\" content=\"az_AZ\" \/>\n<meta property=\"og:type\" content=\"article\" \/>\n<meta property=\"og:title\" content=\"Excel Multi Vitamin small breed 70 pcs - Zooland.az\" \/>\n<meta property=\"og:description\" content=\"8in1 Excel Multi Vitamin Small Breed is a comprehensive vitamin-mineral supplement specifically designed to meet the needs of small breed dogs. The balanced formula of essential vitamins (especially B2 and B4) and microelements helps prevent issues related to dietary deficiencies and maintains an excellent balance to keep small breed dogs active.\" \/>\n<meta property=\"og:url\" content=\"https:\/\/zoo-land.az\/az\/shop\/dog\/dog-food-adds\/excel-multi-vitamin-small-breed-70-pcs\/\" \/>\n<meta property=\"og:site_name\" content=\"Zooland.az\" \/>\n<meta property=\"og:image\" content=\"https:\/\/zoo-land.az\/wp-content\/uploads\/2024\/06\/6818612319.jpg\" \/>\n\t<meta property=\"og:image:width\" content=\"1000\" \/>\n\t<meta property=\"og:image:height\" content=\"667\" \/>\n\t<meta property=\"og:image:type\" content=\"image\/jpeg\" \/>\n<meta name=\"twitter:card\" content=\"summary_large_image\" \/>\n<meta name=\"twitter:label1\" content=\"Est. reading time\" \/>\n\t<meta name=\"twitter:data1\" content=\"1 minute\" \/>\n<script type=\"application\/ld+json\" class=\"yoast-schema-graph\">{\"@context\":\"https:\\\/\\\/schema.org\",\"@graph\":[{\"@type\":\"WebPage\",\"@id\":\"https:\\\/\\\/zoo-land.az\\\/ru\\\/shop\\\/dog\\\/dog-food-adds\\\/excel-multi-vitamin-small-breed-70-pcs\\\/\",\"url\":\"https:\\\/\\\/zoo-land.az\\\/ru\\\/shop\\\/dog\\\/dog-food-adds\\\/excel-multi-vitamin-small-breed-70-pcs\\\/\",\"name\":\"Excel Multi Vitamin small breed 70 pcs - Zooland.az\",\"isPartOf\":{\"@id\":\"https:\\\/\\\/zoo-land.az\\\/#website\"},\"primaryImageOfPage\":{\"@id\":\"https:\\\/\\\/zoo-land.az\\\/ru\\\/shop\\\/dog\\\/dog-food-adds\\\/excel-multi-vitamin-small-breed-70-pcs\\\/#primaryimage\"},\"image\":{\"@id\":\"https:\\\/\\\/zoo-land.az\\\/ru\\\/shop\\\/dog\\\/dog-food-adds\\\/excel-multi-vitamin-small-breed-70-pcs\\\/#primaryimage\"},\"thumbnailUrl\":\"https:\\\/\\\/zoo-land.az\\\/wp-content\\\/uploads\\\/2024\\\/06\\\/6818612319.jpg\",\"datePublished\":\"2024-06-11T09:03:07+00:00\",\"breadcrumb\":{\"@id\":\"https:\\\/\\\/zoo-land.az\\\/ru\\\/shop\\\/dog\\\/dog-food-adds\\\/excel-multi-vitamin-small-breed-70-pcs\\\/#breadcrumb\"},\"inLanguage\":\"az\",\"potentialAction\":[{\"@type\":\"ReadAction\",\"target\":[\"https:\\\/\\\/zoo-land.az\\\/ru\\\/shop\\\/dog\\\/dog-food-adds\\\/excel-multi-vitamin-small-breed-70-pcs\\\/\"]}]},{\"@type\":\"ImageObject\",\"inLanguage\":\"az\",\"@id\":\"https:\\\/\\\/zoo-land.az\\\/ru\\\/shop\\\/dog\\\/dog-food-adds\\\/excel-multi-vitamin-small-breed-70-pcs\\\/#primaryimage\",\"url\":\"https:\\\/\\\/zoo-land.az\\\/wp-content\\\/uploads\\\/2024\\\/06\\\/6818612319.jpg\",\"contentUrl\":\"https:\\\/\\\/zoo-land.az\\\/wp-content\\\/uploads\\\/2024\\\/06\\\/6818612319.jpg\",\"width\":1000,\"height\":667},{\"@type\":\"BreadcrumbList\",\"@id\":\"https:\\\/\\\/zoo-land.az\\\/ru\\\/shop\\\/dog\\\/dog-food-adds\\\/excel-multi-vitamin-small-breed-70-pcs\\\/#breadcrumb\",\"itemListElement\":[{\"@type\":\"ListItem\",\"position\":1,\"name\":\"Home\",\"item\":\"https:\\\/\\\/zoo-land.az\\\/ru\\\/\"},{\"@type\":\"ListItem\",\"position\":2,\"name\":\"Shop\",\"item\":\"https:\\\/\\\/zoo-land.az\\\/ru\\\/\"},{\"@type\":\"ListItem\",\"position\":3,\"name\":\"Excel Multi Vitamin small breed 70 pcs\"}]},{\"@type\":\"WebSite\",\"@id\":\"https:\\\/\\\/zoo-land.az\\\/#website\",\"url\":\"https:\\\/\\\/zoo-land.az\\\/\",\"name\":\"Zooland.az\",\"description\":\"Xo\u015fb\u0259xt ev heyvanlar\u0131n\u0131n \u00fcnvan\u0131 Zooland.az\",\"publisher\":{\"@id\":\"https:\\\/\\\/zoo-land.az\\\/#organization\"},\"potentialAction\":[{\"@type\":\"SearchAction\",\"target\":{\"@type\":\"EntryPoint\",\"urlTemplate\":\"https:\\\/\\\/zoo-land.az\\\/?s={search_term_string}\"},\"query-input\":{\"@type\":\"PropertyValueSpecification\",\"valueRequired\":true,\"valueName\":\"search_term_string\"}}],\"inLanguage\":\"az\"},{\"@type\":\"Organization\",\"@id\":\"https:\\\/\\\/zoo-land.az\\\/#organization\",\"name\":\"Zooland.az\",\"url\":\"https:\\\/\\\/zoo-land.az\\\/\",\"logo\":{\"@type\":\"ImageObject\",\"inLanguage\":\"az\",\"@id\":\"https:\\\/\\\/zoo-land.az\\\/#\\\/schema\\\/logo\\\/image\\\/\",\"url\":\"https:\\\/\\\/zoo-land.az\\\/wp-content\\\/uploads\\\/2022\\\/05\\\/logo.svg\",\"contentUrl\":\"https:\\\/\\\/zoo-land.az\\\/wp-content\\\/uploads\\\/2022\\\/05\\\/logo.svg\",\"width\":113,\"height\":46,\"caption\":\"Zooland.az\"},\"image\":{\"@id\":\"https:\\\/\\\/zoo-land.az\\\/#\\\/schema\\\/logo\\\/image\\\/\"}}]}<\/script>\n<!-- \/ Yoast SEO plugin. -->","yoast_head_json":{"title":"Excel Multi Vitamin small breed 70 pcs - Zooland.az","robots":{"index":"index","follow":"follow","max-snippet":"max-snippet:-1","max-image-preview":"max-image-preview:large","max-video-preview":"max-video-preview:-1"},"canonical":"https:\/\/zoo-land.az\/az\/shop\/dog\/dog-food-adds\/excel-multi-vitamin-small-breed-70-pcs\/","og_locale":"az_AZ","og_type":"article","og_title":"Excel Multi Vitamin small breed 70 pcs - Zooland.az","og_description":"8in1 Excel Multi Vitamin Small Breed is a comprehensive vitamin-mineral supplement specifically designed to meet the needs of small breed dogs. The balanced formula of essential vitamins (especially B2 and B4) and microelements helps prevent issues related to dietary deficiencies and maintains an excellent balance to keep small breed dogs active.","og_url":"https:\/\/zoo-land.az\/az\/shop\/dog\/dog-food-adds\/excel-multi-vitamin-small-breed-70-pcs\/","og_site_name":"Zooland.az","og_image":[{"width":1000,"height":667,"url":"https:\/\/zoo-land.az\/wp-content\/uploads\/2024\/06\/6818612319.jpg","type":"image\/jpeg"}],"twitter_card":"summary_large_image","twitter_misc":{"Est. reading time":"1 minute"},"schema":{"@context":"https:\/\/schema.org","@graph":[{"@type":"WebPage","@id":"https:\/\/zoo-land.az\/ru\/shop\/dog\/dog-food-adds\/excel-multi-vitamin-small-breed-70-pcs\/","url":"https:\/\/zoo-land.az\/ru\/shop\/dog\/dog-food-adds\/excel-multi-vitamin-small-breed-70-pcs\/","name":"Excel Multi Vitamin small breed 70 pcs - Zooland.az","isPartOf":{"@id":"https:\/\/zoo-land.az\/#website"},"primaryImageOfPage":{"@id":"https:\/\/zoo-land.az\/ru\/shop\/dog\/dog-food-adds\/excel-multi-vitamin-small-breed-70-pcs\/#primaryimage"},"image":{"@id":"https:\/\/zoo-land.az\/ru\/shop\/dog\/dog-food-adds\/excel-multi-vitamin-small-breed-70-pcs\/#primaryimage"},"thumbnailUrl":"https:\/\/zoo-land.az\/wp-content\/uploads\/2024\/06\/6818612319.jpg","datePublished":"2024-06-11T09:03:07+00:00","breadcrumb":{"@id":"https:\/\/zoo-land.az\/ru\/shop\/dog\/dog-food-adds\/excel-multi-vitamin-small-breed-70-pcs\/#breadcrumb"},"inLanguage":"az","potentialAction":[{"@type":"ReadAction","target":["https:\/\/zoo-land.az\/ru\/shop\/dog\/dog-food-adds\/excel-multi-vitamin-small-breed-70-pcs\/"]}]},{"@type":"ImageObject","inLanguage":"az","@id":"https:\/\/zoo-land.az\/ru\/shop\/dog\/dog-food-adds\/excel-multi-vitamin-small-breed-70-pcs\/#primaryimage","url":"https:\/\/zoo-land.az\/wp-content\/uploads\/2024\/06\/6818612319.jpg","contentUrl":"https:\/\/zoo-land.az\/wp-content\/uploads\/2024\/06\/6818612319.jpg","width":1000,"height":667},{"@type":"BreadcrumbList","@id":"https:\/\/zoo-land.az\/ru\/shop\/dog\/dog-food-adds\/excel-multi-vitamin-small-breed-70-pcs\/#breadcrumb","itemListElement":[{"@type":"ListItem","position":1,"name":"Home","item":"https:\/\/zoo-land.az\/ru\/"},{"@type":"ListItem","position":2,"name":"Shop","item":"https:\/\/zoo-land.az\/ru\/"},{"@type":"ListItem","position":3,"name":"Excel Multi Vitamin small breed 70 pcs"}]},{"@type":"WebSite","@id":"https:\/\/zoo-land.az\/#website","url":"https:\/\/zoo-land.az\/","name":"Zooland.az","description":"Xo\u015fb\u0259xt ev heyvanlar\u0131n\u0131n \u00fcnvan\u0131 Zooland.az","publisher":{"@id":"https:\/\/zoo-land.az\/#organization"},"potentialAction":[{"@type":"SearchAction","target":{"@type":"EntryPoint","urlTemplate":"https:\/\/zoo-land.az\/?s={search_term_string}"},"query-input":{"@type":"PropertyValueSpecification","valueRequired":true,"valueName":"search_term_string"}}],"inLanguage":"az"},{"@type":"Organization","@id":"https:\/\/zoo-land.az\/#organization","name":"Zooland.az","url":"https:\/\/zoo-land.az\/","logo":{"@type":"ImageObject","inLanguage":"az","@id":"https:\/\/zoo-land.az\/#\/schema\/logo\/image\/","url":"https:\/\/zoo-land.az\/wp-content\/uploads\/2022\/05\/logo.svg","contentUrl":"https:\/\/zoo-land.az\/wp-content\/uploads\/2022\/05\/logo.svg","width":113,"height":46,"caption":"Zooland.az"},"image":{"@id":"https:\/\/zoo-land.az\/#\/schema\/logo\/image\/"}}]}},"_links":{"self":[{"href":"https:\/\/zoo-land.az\/az\/wp-json\/wp\/v2\/product\/23375","targetHints":{"allow":["GET"]}}],"collection":[{"href":"https:\/\/zoo-land.az\/az\/wp-json\/wp\/v2\/product"}],"about":[{"href":"https:\/\/zoo-land.az\/az\/wp-json\/wp\/v2\/types\/product"}],"wp:featuredmedia":[{"embeddable":true,"href":"https:\/\/zoo-land.az\/az\/wp-json\/wp\/v2\/media\/23377"}],"wp:attachment":[{"href":"https:\/\/zoo-land.az\/az\/wp-json\/wp\/v2\/media?parent=23375"}],"wp:term":[{"taxonomy":"product_cat","embeddable":true,"href":"https:\/\/zoo-land.az\/az\/wp-json\/wp\/v2\/product_cat?post=23375"},{"taxonomy":"product_tag","embeddable":true,"href":"https:\/\/zoo-land.az\/az\/wp-json\/wp\/v2\/product_tag?post=23375"}],"curies":[{"name":"wp","href":"https:\/\/api.w.org\/{rel}","templated":true}]}}