{"id":23382,"date":"2024-06-11T15:13:29","date_gmt":"2024-06-11T15:13:29","guid":{"rendered":"https:\/\/lightsteelblue-zebra-299715.hostingersite.com\/?post_type=product&#038;p=23382"},"modified":"2024-06-11T15:14:13","modified_gmt":"2024-06-11T15:14:13","slug":"pro-plan-small-mini-adult-1-kg","status":"publish","type":"product","link":"https:\/\/zoo-land.az\/az\/shop\/dog\/dog-food\/pro-plan-small-mini-adult-1-kg\/","title":{"rendered":"Pro Plan Small Mini Adult 1 kg"},"content":{"rendered":"<p><strong>Pro Plan Small and Mini Adult Chicken Dog Food<\/strong><\/p>\n<p><strong>Description:<\/strong><\/p>\n<p>Super Premium dry food with chicken and rice for adult small breed dogs.<\/p>\n<p><strong>Key Benefits:<\/strong><\/p>\n<ul>\n<li><strong>Contains OPTIBALANCE:<\/strong> A special combination of nutrients carefully developed to meet the needs of small breeds.<\/li>\n<li><strong>Ideal Nutrient Balance:<\/strong> Supports gastrointestinal health and maintains a beautiful coat.<\/li>\n<li><strong>Joint Health:<\/strong> A blend of Omega-3 fatty acids, protein, calcium, and phosphorus promotes joint health.<\/li>\n<li><strong>Oral Health:<\/strong> Vitamin D and calcium help care for the dog&#8217;s oral health, and phosphorus supports jawbone health.<\/li>\n<\/ul>\n<p><strong>T\u0259rkibi:<\/strong><\/p>\n<ul>\n<li>Dehydrated poultry protein<\/li>\n<li>Wheat<\/li>\n<li>Corn<\/li>\n<li>Chicken (14%)<\/li>\n<li>Animal fat<\/li>\n<li>Soy meal<\/li>\n<li>Rice (4%)<\/li>\n<li>Gluten<\/li>\n<li>Dried beet pulp<\/li>\n<li>Minerals<\/li>\n<li>Dried chicory root<\/li>\n<li>Fish oil<\/li>\n<li>Hydrolysate<\/li>\n<li>Yeast<\/li>\n<\/ul>\n<p><strong>Analitik komponentl\u0259r:<\/strong><\/p>\n<ul>\n<li>Moisture: 8%<\/li>\n<li>Protein: 28%<\/li>\n<li>Fat: 17%<\/li>\n<li>Omega-6 fatty acids: 2.8%<\/li>\n<li>Omega-3 fatty acids: 0.3%<\/li>\n<li>Carbohydrates: 37.5%<\/li>\n<li>Fiber: 2%<\/li>\n<li>Calcium: 1.43%<\/li>\n<li>Phosphorus: 0.98%<\/li>\n<\/ul>","protected":false},"excerpt":{"rendered":"<p>Super Premium dry food with chicken and rice for adult small breed dogs.<\/p>","protected":false},"featured_media":22415,"template":"","meta":{"inline_featured_image":false,"_joinchat":[]},"product_cat":[132,107],"product_tag":[],"class_list":{"0":"post-23382","1":"product","2":"type-product","3":"status-publish","4":"has-post-thumbnail","6":"product_brand-proplan","7":"product_cat-dog-food","8":"product_cat-dog","10":"first","11":"instock","12":"shipping-taxable","13":"purchasable","14":"product-type-simple"},"yoast_head":"<!-- This site is optimized with the Yoast SEO plugin v26.7 - https:\/\/yoast.com\/wordpress\/plugins\/seo\/ -->\n<title>Pro Plan Small Mini Adult 1 kg - Zooland.az<\/title>\n<meta name=\"robots\" content=\"index, follow, max-snippet:-1, max-image-preview:large, max-video-preview:-1\" \/>\n<link rel=\"canonical\" href=\"https:\/\/zoo-land.az\/az\/shop\/dog\/dog-food\/pro-plan-small-mini-adult-1-kg\/\" \/>\n<meta property=\"og:locale\" content=\"az_AZ\" \/>\n<meta property=\"og:type\" content=\"article\" \/>\n<meta property=\"og:title\" content=\"Pro Plan Small Mini Adult 1 kg - Zooland.az\" \/>\n<meta property=\"og:description\" content=\"Super Premium dry food with chicken and rice for adult small breed dogs.\" \/>\n<meta property=\"og:url\" content=\"https:\/\/zoo-land.az\/az\/shop\/dog\/dog-food\/pro-plan-small-mini-adult-1-kg\/\" \/>\n<meta property=\"og:site_name\" content=\"Zooland.az\" \/>\n<meta property=\"article:modified_time\" content=\"2024-06-11T15:14:13+00:00\" \/>\n<meta property=\"og:image\" content=\"https:\/\/zoo-land.az\/wp-content\/uploads\/2024\/06\/korm-dlja-sobak-pro-plan-small-and-mini-adult-chicken-7-kg-default.jpg\" \/>\n\t<meta property=\"og:image:width\" content=\"480\" \/>\n\t<meta property=\"og:image:height\" content=\"480\" \/>\n\t<meta property=\"og:image:type\" content=\"image\/jpeg\" \/>\n<meta name=\"twitter:card\" content=\"summary_large_image\" \/>\n<meta name=\"twitter:label1\" content=\"Est. reading time\" \/>\n\t<meta name=\"twitter:data1\" content=\"1 minute\" \/>\n<script type=\"application\/ld+json\" class=\"yoast-schema-graph\">{\"@context\":\"https:\/\/schema.org\",\"@graph\":[{\"@type\":\"WebPage\",\"@id\":\"https:\/\/zoo-land.az\/shop\/dog\/dog-food\/pro-plan-small-mini-adult-1-kg\/\",\"url\":\"https:\/\/zoo-land.az\/shop\/dog\/dog-food\/pro-plan-small-mini-adult-1-kg\/\",\"name\":\"Pro Plan Small Mini Adult 1 kg - Zooland.az\",\"isPartOf\":{\"@id\":\"https:\/\/zoo-land.az\/#website\"},\"primaryImageOfPage\":{\"@id\":\"https:\/\/zoo-land.az\/shop\/dog\/dog-food\/pro-plan-small-mini-adult-1-kg\/#primaryimage\"},\"image\":{\"@id\":\"https:\/\/zoo-land.az\/shop\/dog\/dog-food\/pro-plan-small-mini-adult-1-kg\/#primaryimage\"},\"thumbnailUrl\":\"https:\/\/zoo-land.az\/wp-content\/uploads\/2024\/06\/korm-dlja-sobak-pro-plan-small-and-mini-adult-chicken-7-kg-default.jpg\",\"datePublished\":\"2024-06-11T15:13:29+00:00\",\"dateModified\":\"2024-06-11T15:14:13+00:00\",\"breadcrumb\":{\"@id\":\"https:\/\/zoo-land.az\/shop\/dog\/dog-food\/pro-plan-small-mini-adult-1-kg\/#breadcrumb\"},\"inLanguage\":\"az\",\"potentialAction\":[{\"@type\":\"ReadAction\",\"target\":[\"https:\/\/zoo-land.az\/shop\/dog\/dog-food\/pro-plan-small-mini-adult-1-kg\/\"]}]},{\"@type\":\"ImageObject\",\"inLanguage\":\"az\",\"@id\":\"https:\/\/zoo-land.az\/shop\/dog\/dog-food\/pro-plan-small-mini-adult-1-kg\/#primaryimage\",\"url\":\"https:\/\/zoo-land.az\/wp-content\/uploads\/2024\/06\/korm-dlja-sobak-pro-plan-small-and-mini-adult-chicken-7-kg-default.jpg\",\"contentUrl\":\"https:\/\/zoo-land.az\/wp-content\/uploads\/2024\/06\/korm-dlja-sobak-pro-plan-small-and-mini-adult-chicken-7-kg-default.jpg\",\"width\":480,\"height\":480},{\"@type\":\"BreadcrumbList\",\"@id\":\"https:\/\/zoo-land.az\/shop\/dog\/dog-food\/pro-plan-small-mini-adult-1-kg\/#breadcrumb\",\"itemListElement\":[{\"@type\":\"ListItem\",\"position\":1,\"name\":\"Home\",\"item\":\"https:\/\/zoo-land.az\/ru\/\"},{\"@type\":\"ListItem\",\"position\":2,\"name\":\"Shop\",\"item\":\"https:\/\/zoo-land.az\/ru\/\"},{\"@type\":\"ListItem\",\"position\":3,\"name\":\"Pro Plan Small Mini Adult 1 kg\"}]},{\"@type\":\"WebSite\",\"@id\":\"https:\/\/zoo-land.az\/#website\",\"url\":\"https:\/\/zoo-land.az\/\",\"name\":\"Zooland.az\",\"description\":\"Xo\u015fb\u0259xt ev heyvanlar\u0131n\u0131n \u00fcnvan\u0131 Zooland.az\",\"publisher\":{\"@id\":\"https:\/\/zoo-land.az\/#organization\"},\"potentialAction\":[{\"@type\":\"SearchAction\",\"target\":{\"@type\":\"EntryPoint\",\"urlTemplate\":\"https:\/\/zoo-land.az\/?s={search_term_string}\"},\"query-input\":{\"@type\":\"PropertyValueSpecification\",\"valueRequired\":true,\"valueName\":\"search_term_string\"}}],\"inLanguage\":\"az\"},{\"@type\":\"Organization\",\"@id\":\"https:\/\/zoo-land.az\/#organization\",\"name\":\"Zooland.az\",\"url\":\"https:\/\/zoo-land.az\/\",\"logo\":{\"@type\":\"ImageObject\",\"inLanguage\":\"az\",\"@id\":\"https:\/\/zoo-land.az\/#\/schema\/logo\/image\/\",\"url\":\"https:\/\/zoo-land.az\/wp-content\/uploads\/2022\/05\/logo.svg\",\"contentUrl\":\"https:\/\/zoo-land.az\/wp-content\/uploads\/2022\/05\/logo.svg\",\"width\":113,\"height\":46,\"caption\":\"Zooland.az\"},\"image\":{\"@id\":\"https:\/\/zoo-land.az\/#\/schema\/logo\/image\/\"}}]}<\/script>\n<!-- \/ Yoast SEO plugin. -->","yoast_head_json":{"title":"Pro Plan Small Mini Adult 1 kg - Zooland.az","robots":{"index":"index","follow":"follow","max-snippet":"max-snippet:-1","max-image-preview":"max-image-preview:large","max-video-preview":"max-video-preview:-1"},"canonical":"https:\/\/zoo-land.az\/az\/shop\/dog\/dog-food\/pro-plan-small-mini-adult-1-kg\/","og_locale":"az_AZ","og_type":"article","og_title":"Pro Plan Small Mini Adult 1 kg - Zooland.az","og_description":"Super Premium dry food with chicken and rice for adult small breed dogs.","og_url":"https:\/\/zoo-land.az\/az\/shop\/dog\/dog-food\/pro-plan-small-mini-adult-1-kg\/","og_site_name":"Zooland.az","article_modified_time":"2024-06-11T15:14:13+00:00","og_image":[{"width":480,"height":480,"url":"https:\/\/zoo-land.az\/wp-content\/uploads\/2024\/06\/korm-dlja-sobak-pro-plan-small-and-mini-adult-chicken-7-kg-default.jpg","type":"image\/jpeg"}],"twitter_card":"summary_large_image","twitter_misc":{"Est. reading time":"1 minute"},"schema":{"@context":"https:\/\/schema.org","@graph":[{"@type":"WebPage","@id":"https:\/\/zoo-land.az\/shop\/dog\/dog-food\/pro-plan-small-mini-adult-1-kg\/","url":"https:\/\/zoo-land.az\/shop\/dog\/dog-food\/pro-plan-small-mini-adult-1-kg\/","name":"Pro Plan Small Mini Adult 1 kg - Zooland.az","isPartOf":{"@id":"https:\/\/zoo-land.az\/#website"},"primaryImageOfPage":{"@id":"https:\/\/zoo-land.az\/shop\/dog\/dog-food\/pro-plan-small-mini-adult-1-kg\/#primaryimage"},"image":{"@id":"https:\/\/zoo-land.az\/shop\/dog\/dog-food\/pro-plan-small-mini-adult-1-kg\/#primaryimage"},"thumbnailUrl":"https:\/\/zoo-land.az\/wp-content\/uploads\/2024\/06\/korm-dlja-sobak-pro-plan-small-and-mini-adult-chicken-7-kg-default.jpg","datePublished":"2024-06-11T15:13:29+00:00","dateModified":"2024-06-11T15:14:13+00:00","breadcrumb":{"@id":"https:\/\/zoo-land.az\/shop\/dog\/dog-food\/pro-plan-small-mini-adult-1-kg\/#breadcrumb"},"inLanguage":"az","potentialAction":[{"@type":"ReadAction","target":["https:\/\/zoo-land.az\/shop\/dog\/dog-food\/pro-plan-small-mini-adult-1-kg\/"]}]},{"@type":"ImageObject","inLanguage":"az","@id":"https:\/\/zoo-land.az\/shop\/dog\/dog-food\/pro-plan-small-mini-adult-1-kg\/#primaryimage","url":"https:\/\/zoo-land.az\/wp-content\/uploads\/2024\/06\/korm-dlja-sobak-pro-plan-small-and-mini-adult-chicken-7-kg-default.jpg","contentUrl":"https:\/\/zoo-land.az\/wp-content\/uploads\/2024\/06\/korm-dlja-sobak-pro-plan-small-and-mini-adult-chicken-7-kg-default.jpg","width":480,"height":480},{"@type":"BreadcrumbList","@id":"https:\/\/zoo-land.az\/shop\/dog\/dog-food\/pro-plan-small-mini-adult-1-kg\/#breadcrumb","itemListElement":[{"@type":"ListItem","position":1,"name":"Home","item":"https:\/\/zoo-land.az\/ru\/"},{"@type":"ListItem","position":2,"name":"Shop","item":"https:\/\/zoo-land.az\/ru\/"},{"@type":"ListItem","position":3,"name":"Pro Plan Small Mini Adult 1 kg"}]},{"@type":"WebSite","@id":"https:\/\/zoo-land.az\/#website","url":"https:\/\/zoo-land.az\/","name":"Zooland.az","description":"Xo\u015fb\u0259xt ev heyvanlar\u0131n\u0131n \u00fcnvan\u0131 Zooland.az","publisher":{"@id":"https:\/\/zoo-land.az\/#organization"},"potentialAction":[{"@type":"SearchAction","target":{"@type":"EntryPoint","urlTemplate":"https:\/\/zoo-land.az\/?s={search_term_string}"},"query-input":{"@type":"PropertyValueSpecification","valueRequired":true,"valueName":"search_term_string"}}],"inLanguage":"az"},{"@type":"Organization","@id":"https:\/\/zoo-land.az\/#organization","name":"Zooland.az","url":"https:\/\/zoo-land.az\/","logo":{"@type":"ImageObject","inLanguage":"az","@id":"https:\/\/zoo-land.az\/#\/schema\/logo\/image\/","url":"https:\/\/zoo-land.az\/wp-content\/uploads\/2022\/05\/logo.svg","contentUrl":"https:\/\/zoo-land.az\/wp-content\/uploads\/2022\/05\/logo.svg","width":113,"height":46,"caption":"Zooland.az"},"image":{"@id":"https:\/\/zoo-land.az\/#\/schema\/logo\/image\/"}}]}},"_links":{"self":[{"href":"https:\/\/zoo-land.az\/az\/wp-json\/wp\/v2\/product\/23382","targetHints":{"allow":["GET"]}}],"collection":[{"href":"https:\/\/zoo-land.az\/az\/wp-json\/wp\/v2\/product"}],"about":[{"href":"https:\/\/zoo-land.az\/az\/wp-json\/wp\/v2\/types\/product"}],"wp:featuredmedia":[{"embeddable":true,"href":"https:\/\/zoo-land.az\/az\/wp-json\/wp\/v2\/media\/22415"}],"wp:attachment":[{"href":"https:\/\/zoo-land.az\/az\/wp-json\/wp\/v2\/media?parent=23382"}],"wp:term":[{"taxonomy":"product_cat","embeddable":true,"href":"https:\/\/zoo-land.az\/az\/wp-json\/wp\/v2\/product_cat?post=23382"},{"taxonomy":"product_tag","embeddable":true,"href":"https:\/\/zoo-land.az\/az\/wp-json\/wp\/v2\/product_tag?post=23382"}],"curies":[{"name":"wp","href":"https:\/\/api.w.org\/{rel}","templated":true}]}}