{"id":23390,"date":"2024-06-11T15:23:14","date_gmt":"2024-06-11T15:23:14","guid":{"rendered":"https:\/\/lightsteelblue-zebra-299715.hostingersite.com\/?post_type=product&#038;p=23390"},"modified":"2024-06-11T15:23:41","modified_gmt":"2024-06-11T15:23:41","slug":"pro-plan-adult-cat-chicken-1-kg","status":"publish","type":"product","link":"https:\/\/zoo-land.az\/az\/shop\/cat\/cat-foods\/pro-plan-adult-cat-chicken-1-kg\/","title":{"rendered":"Pro Plan Yetkin Pi\u015fik Toyuqu 1 kq"},"content":{"rendered":"<p>At Purina\u00ae PRO PLAN\u00ae our team of nutritionists and expert veterinarians apply leading-edge science to develop our most advanced and effective combinations of nutrients for your pet.<\/p>\n<p>These recipes help provide targeted benefits, such as high digestibility and high nutrient absorption to support your pet\u2019s natural defences and long term health.<\/p>\n<p>The number 1 ingredient is always high quality pieces of chicken, lamb, salmon, beef, turkey, duck and cod, frozen to lock-in key nutrients and perfectly cooked for delicious taste.<\/p>\n<div class=\"field__item\">\n<ul>\n<li>Complete pet food for adult cats, rich in chicken<\/li>\n<li>Helps promote healthy kidney function<\/li>\n<li>Helps support strong natural defences thanks to high levels of vitamins and antioxidants<\/li>\n<li>Chicken n\u00b01 ingredient<\/li>\n<li>Science Based Nutrition developed with Purina veterinarians<\/li>\n<li>With high protein levels and balanced minerals to help maintain healthy joints and good mobility<\/li>\n<li>No added colourants or flavourings<\/li>\n<li>Designed to be recyclable<\/li>\n<\/ul>\n<\/div>","protected":false},"excerpt":{"rendered":"<p>At Purina\u00ae PRO PLAN\u00ae our team of nutritionists and expert veterinarians apply leading-edge science to develop our most advanced and effective combinations of nutrients for your pet.<\/p>\n<p>These recipes help provide targeted benefits, such as high digestibility and high nutrient absorption to support your pet\u2019s natural defences and long term health.<\/p>\n<p>The number 1 ingredient is always high quality pieces of chicken, lamb, salmon, beef, turkey, duck and cod, frozen to lock-in key nutrients and perfectly cooked for delicious taste.<\/p>","protected":false},"featured_media":23178,"template":"","meta":{"inline_featured_image":false,"_joinchat":[]},"product_cat":[189,188],"product_tag":[],"class_list":{"0":"post-23390","1":"product","2":"type-product","3":"status-publish","4":"has-post-thumbnail","6":"product_brand-proplan","7":"product_cat-cat-foods","8":"product_cat-cat","10":"first","11":"instock","12":"shipping-taxable","13":"purchasable","14":"product-type-simple"},"yoast_head":"<!-- This site is optimized with the Yoast SEO plugin v26.7 - https:\/\/yoast.com\/wordpress\/plugins\/seo\/ -->\n<title>Pro Plan Adult Cat Chicken 1 kg - Zooland.az<\/title>\n<meta name=\"robots\" content=\"index, follow, max-snippet:-1, max-image-preview:large, max-video-preview:-1\" \/>\n<link rel=\"canonical\" href=\"https:\/\/zoo-land.az\/az\/shop\/cat\/cat-foods\/pro-plan-adult-cat-chicken-1-kg\/\" \/>\n<meta property=\"og:locale\" content=\"az_AZ\" \/>\n<meta property=\"og:type\" content=\"article\" \/>\n<meta property=\"og:title\" content=\"Pro Plan Adult Cat Chicken 1 kg - Zooland.az\" \/>\n<meta property=\"og:description\" content=\"At Purina\u00ae PRO PLAN\u00ae our team of nutritionists and expert veterinarians apply leading-edge science to develop our most advanced and effective combinations of nutrients for your pet.  These recipes help provide targeted benefits, such as high digestibility and high nutrient absorption to support your pet\u2019s natural defences and long term health.  The number 1 ingredient is always high quality pieces of chicken, lamb, salmon, beef, turkey, duck and cod, frozen to lock-in key nutrients and perfectly cooked for delicious taste.\" \/>\n<meta property=\"og:url\" content=\"https:\/\/zoo-land.az\/az\/shop\/cat\/cat-foods\/pro-plan-adult-cat-chicken-1-kg\/\" \/>\n<meta property=\"og:site_name\" content=\"Zooland.az\" \/>\n<meta property=\"article:modified_time\" content=\"2024-06-11T15:23:41+00:00\" \/>\n<meta property=\"og:image\" content=\"https:\/\/zoo-land.az\/wp-content\/uploads\/2024\/06\/PROPLANRenalPlusAdultCat.webp\" \/>\n\t<meta property=\"og:image:width\" content=\"713\" \/>\n\t<meta property=\"og:image:height\" content=\"713\" \/>\n\t<meta property=\"og:image:type\" content=\"image\/webp\" \/>\n<meta name=\"twitter:card\" content=\"summary_large_image\" \/>\n<meta name=\"twitter:label1\" content=\"Est. reading time\" \/>\n\t<meta name=\"twitter:data1\" content=\"1 minute\" \/>\n<script type=\"application\/ld+json\" class=\"yoast-schema-graph\">{\"@context\":\"https:\/\/schema.org\",\"@graph\":[{\"@type\":\"WebPage\",\"@id\":\"https:\/\/zoo-land.az\/shop\/cat\/cat-foods\/pro-plan-adult-cat-chicken-1-kg\/\",\"url\":\"https:\/\/zoo-land.az\/shop\/cat\/cat-foods\/pro-plan-adult-cat-chicken-1-kg\/\",\"name\":\"Pro Plan Adult Cat Chicken 1 kg - Zooland.az\",\"isPartOf\":{\"@id\":\"https:\/\/zoo-land.az\/#website\"},\"primaryImageOfPage\":{\"@id\":\"https:\/\/zoo-land.az\/shop\/cat\/cat-foods\/pro-plan-adult-cat-chicken-1-kg\/#primaryimage\"},\"image\":{\"@id\":\"https:\/\/zoo-land.az\/shop\/cat\/cat-foods\/pro-plan-adult-cat-chicken-1-kg\/#primaryimage\"},\"thumbnailUrl\":\"https:\/\/zoo-land.az\/wp-content\/uploads\/2024\/06\/PROPLANRenalPlusAdultCat.webp\",\"datePublished\":\"2024-06-11T15:23:14+00:00\",\"dateModified\":\"2024-06-11T15:23:41+00:00\",\"breadcrumb\":{\"@id\":\"https:\/\/zoo-land.az\/shop\/cat\/cat-foods\/pro-plan-adult-cat-chicken-1-kg\/#breadcrumb\"},\"inLanguage\":\"az\",\"potentialAction\":[{\"@type\":\"ReadAction\",\"target\":[\"https:\/\/zoo-land.az\/shop\/cat\/cat-foods\/pro-plan-adult-cat-chicken-1-kg\/\"]}]},{\"@type\":\"ImageObject\",\"inLanguage\":\"az\",\"@id\":\"https:\/\/zoo-land.az\/shop\/cat\/cat-foods\/pro-plan-adult-cat-chicken-1-kg\/#primaryimage\",\"url\":\"https:\/\/zoo-land.az\/wp-content\/uploads\/2024\/06\/PROPLANRenalPlusAdultCat.webp\",\"contentUrl\":\"https:\/\/zoo-land.az\/wp-content\/uploads\/2024\/06\/PROPLANRenalPlusAdultCat.webp\",\"width\":713,\"height\":713},{\"@type\":\"BreadcrumbList\",\"@id\":\"https:\/\/zoo-land.az\/shop\/cat\/cat-foods\/pro-plan-adult-cat-chicken-1-kg\/#breadcrumb\",\"itemListElement\":[{\"@type\":\"ListItem\",\"position\":1,\"name\":\"Home\",\"item\":\"https:\/\/zoo-land.az\/ru\/\"},{\"@type\":\"ListItem\",\"position\":2,\"name\":\"Shop\",\"item\":\"https:\/\/zoo-land.az\/ru\/\"},{\"@type\":\"ListItem\",\"position\":3,\"name\":\"Pro Plan Adult Cat Chicken 1 kg\"}]},{\"@type\":\"WebSite\",\"@id\":\"https:\/\/zoo-land.az\/#website\",\"url\":\"https:\/\/zoo-land.az\/\",\"name\":\"Zooland.az\",\"description\":\"Xo\u015fb\u0259xt ev heyvanlar\u0131n\u0131n \u00fcnvan\u0131 Zooland.az\",\"publisher\":{\"@id\":\"https:\/\/zoo-land.az\/#organization\"},\"potentialAction\":[{\"@type\":\"SearchAction\",\"target\":{\"@type\":\"EntryPoint\",\"urlTemplate\":\"https:\/\/zoo-land.az\/?s={search_term_string}\"},\"query-input\":{\"@type\":\"PropertyValueSpecification\",\"valueRequired\":true,\"valueName\":\"search_term_string\"}}],\"inLanguage\":\"az\"},{\"@type\":\"Organization\",\"@id\":\"https:\/\/zoo-land.az\/#organization\",\"name\":\"Zooland.az\",\"url\":\"https:\/\/zoo-land.az\/\",\"logo\":{\"@type\":\"ImageObject\",\"inLanguage\":\"az\",\"@id\":\"https:\/\/zoo-land.az\/#\/schema\/logo\/image\/\",\"url\":\"https:\/\/zoo-land.az\/wp-content\/uploads\/2022\/05\/logo.svg\",\"contentUrl\":\"https:\/\/zoo-land.az\/wp-content\/uploads\/2022\/05\/logo.svg\",\"width\":113,\"height\":46,\"caption\":\"Zooland.az\"},\"image\":{\"@id\":\"https:\/\/zoo-land.az\/#\/schema\/logo\/image\/\"}}]}<\/script>\n<!-- \/ Yoast SEO plugin. -->","yoast_head_json":{"title":"Pro Plan Adult Cat Chicken 1 kg - Zooland.az","robots":{"index":"index","follow":"follow","max-snippet":"max-snippet:-1","max-image-preview":"max-image-preview:large","max-video-preview":"max-video-preview:-1"},"canonical":"https:\/\/zoo-land.az\/az\/shop\/cat\/cat-foods\/pro-plan-adult-cat-chicken-1-kg\/","og_locale":"az_AZ","og_type":"article","og_title":"Pro Plan Adult Cat Chicken 1 kg - Zooland.az","og_description":"At Purina\u00ae PRO PLAN\u00ae our team of nutritionists and expert veterinarians apply leading-edge science to develop our most advanced and effective combinations of nutrients for your pet.  These recipes help provide targeted benefits, such as high digestibility and high nutrient absorption to support your pet\u2019s natural defences and long term health.  The number 1 ingredient is always high quality pieces of chicken, lamb, salmon, beef, turkey, duck and cod, frozen to lock-in key nutrients and perfectly cooked for delicious taste.","og_url":"https:\/\/zoo-land.az\/az\/shop\/cat\/cat-foods\/pro-plan-adult-cat-chicken-1-kg\/","og_site_name":"Zooland.az","article_modified_time":"2024-06-11T15:23:41+00:00","og_image":[{"width":713,"height":713,"url":"https:\/\/zoo-land.az\/wp-content\/uploads\/2024\/06\/PROPLANRenalPlusAdultCat.webp","type":"image\/webp"}],"twitter_card":"summary_large_image","twitter_misc":{"Est. reading time":"1 minute"},"schema":{"@context":"https:\/\/schema.org","@graph":[{"@type":"WebPage","@id":"https:\/\/zoo-land.az\/shop\/cat\/cat-foods\/pro-plan-adult-cat-chicken-1-kg\/","url":"https:\/\/zoo-land.az\/shop\/cat\/cat-foods\/pro-plan-adult-cat-chicken-1-kg\/","name":"Pro Plan Adult Cat Chicken 1 kg - Zooland.az","isPartOf":{"@id":"https:\/\/zoo-land.az\/#website"},"primaryImageOfPage":{"@id":"https:\/\/zoo-land.az\/shop\/cat\/cat-foods\/pro-plan-adult-cat-chicken-1-kg\/#primaryimage"},"image":{"@id":"https:\/\/zoo-land.az\/shop\/cat\/cat-foods\/pro-plan-adult-cat-chicken-1-kg\/#primaryimage"},"thumbnailUrl":"https:\/\/zoo-land.az\/wp-content\/uploads\/2024\/06\/PROPLANRenalPlusAdultCat.webp","datePublished":"2024-06-11T15:23:14+00:00","dateModified":"2024-06-11T15:23:41+00:00","breadcrumb":{"@id":"https:\/\/zoo-land.az\/shop\/cat\/cat-foods\/pro-plan-adult-cat-chicken-1-kg\/#breadcrumb"},"inLanguage":"az","potentialAction":[{"@type":"ReadAction","target":["https:\/\/zoo-land.az\/shop\/cat\/cat-foods\/pro-plan-adult-cat-chicken-1-kg\/"]}]},{"@type":"ImageObject","inLanguage":"az","@id":"https:\/\/zoo-land.az\/shop\/cat\/cat-foods\/pro-plan-adult-cat-chicken-1-kg\/#primaryimage","url":"https:\/\/zoo-land.az\/wp-content\/uploads\/2024\/06\/PROPLANRenalPlusAdultCat.webp","contentUrl":"https:\/\/zoo-land.az\/wp-content\/uploads\/2024\/06\/PROPLANRenalPlusAdultCat.webp","width":713,"height":713},{"@type":"BreadcrumbList","@id":"https:\/\/zoo-land.az\/shop\/cat\/cat-foods\/pro-plan-adult-cat-chicken-1-kg\/#breadcrumb","itemListElement":[{"@type":"ListItem","position":1,"name":"Home","item":"https:\/\/zoo-land.az\/ru\/"},{"@type":"ListItem","position":2,"name":"Shop","item":"https:\/\/zoo-land.az\/ru\/"},{"@type":"ListItem","position":3,"name":"Pro Plan Adult Cat Chicken 1 kg"}]},{"@type":"WebSite","@id":"https:\/\/zoo-land.az\/#website","url":"https:\/\/zoo-land.az\/","name":"Zooland.az","description":"Xo\u015fb\u0259xt ev heyvanlar\u0131n\u0131n \u00fcnvan\u0131 Zooland.az","publisher":{"@id":"https:\/\/zoo-land.az\/#organization"},"potentialAction":[{"@type":"SearchAction","target":{"@type":"EntryPoint","urlTemplate":"https:\/\/zoo-land.az\/?s={search_term_string}"},"query-input":{"@type":"PropertyValueSpecification","valueRequired":true,"valueName":"search_term_string"}}],"inLanguage":"az"},{"@type":"Organization","@id":"https:\/\/zoo-land.az\/#organization","name":"Zooland.az","url":"https:\/\/zoo-land.az\/","logo":{"@type":"ImageObject","inLanguage":"az","@id":"https:\/\/zoo-land.az\/#\/schema\/logo\/image\/","url":"https:\/\/zoo-land.az\/wp-content\/uploads\/2022\/05\/logo.svg","contentUrl":"https:\/\/zoo-land.az\/wp-content\/uploads\/2022\/05\/logo.svg","width":113,"height":46,"caption":"Zooland.az"},"image":{"@id":"https:\/\/zoo-land.az\/#\/schema\/logo\/image\/"}}]}},"_links":{"self":[{"href":"https:\/\/zoo-land.az\/az\/wp-json\/wp\/v2\/product\/23390","targetHints":{"allow":["GET"]}}],"collection":[{"href":"https:\/\/zoo-land.az\/az\/wp-json\/wp\/v2\/product"}],"about":[{"href":"https:\/\/zoo-land.az\/az\/wp-json\/wp\/v2\/types\/product"}],"wp:featuredmedia":[{"embeddable":true,"href":"https:\/\/zoo-land.az\/az\/wp-json\/wp\/v2\/media\/23178"}],"wp:attachment":[{"href":"https:\/\/zoo-land.az\/az\/wp-json\/wp\/v2\/media?parent=23390"}],"wp:term":[{"taxonomy":"product_cat","embeddable":true,"href":"https:\/\/zoo-land.az\/az\/wp-json\/wp\/v2\/product_cat?post=23390"},{"taxonomy":"product_tag","embeddable":true,"href":"https:\/\/zoo-land.az\/az\/wp-json\/wp\/v2\/product_tag?post=23390"}],"curies":[{"name":"wp","href":"https:\/\/api.w.org\/{rel}","templated":true}]}}