{"id":23391,"date":"2024-06-11T15:24:07","date_gmt":"2024-06-11T15:24:07","guid":{"rendered":"https:\/\/lightsteelblue-zebra-299715.hostingersite.com\/?post_type=product&#038;p=23391"},"modified":"2024-06-11T15:24:37","modified_gmt":"2024-06-11T15:24:37","slug":"pro-plan-delicate-cat-lamb-1-kg","status":"publish","type":"product","link":"https:\/\/zoo-land.az\/az\/shop\/cat\/cat-foods\/pro-plan-delicate-cat-lamb-1-kg\/","title":{"rendered":"Pro Plan Delicate Pi\u015fik Quzu 1 kq"},"content":{"rendered":"<p><strong>H\u0259ssas h\u0259zm v\u0259 ya x\u00fcsusi qida \u00fcst\u00fcnl\u00fckl\u0259ri olan yetkin pi\u015fikl\u0259r \u00fc\u00e7\u00fcn Purina Pro Plan\u0131<\/strong><\/p>\n<p>H\u0259ssas h\u0259zmi v\u0259 ya x\u00fcsusi qida \u00fcst\u00fcnl\u00fckl\u0259ri olan yetkin pi\u015fikl\u0259r \u00fc\u00e7\u00fcn Purina Pro Plan\u0131 vitaminl\u0259r v\u0259 minerallar daxil olmaqla b\u00fct\u00fcn z\u0259ruri qidalar\u0131 birl\u0259\u015fdir\u0259n y\u00fcks\u0259k keyfiyy\u0259tli qidad\u0131r. T\u0259rkibind\u0259 b\u00f6yr\u0259k sa\u011flaml\u0131\u011f\u0131n\u0131 yax\u015f\u0131la\u015fd\u0131ran unikal formula olan Optirenal var.<\/p>\n<p><strong>Faydalar\u0131:<\/strong><\/p>\n<ul>\n<li><strong>B\u00f6yr\u0259k Sa\u011flaml\u0131\u011f\u0131:<\/strong> Unikal Optirenal formulas\u0131 b\u00f6yr\u0259k sa\u011flaml\u0131\u011f\u0131n\u0131 d\u0259st\u0259kl\u0259yir.<\/li>\n<li><strong>\u0130mmunitet Sistemi D\u0259st\u0259yi:<\/strong> C v\u0259 E vitaminl\u0259ri kimi y\u00fcks\u0259k s\u0259viyy\u0259li antioksidantlar immunitet sistemini d\u0259st\u0259kl\u0259m\u0259y\u0259 k\u00f6m\u0259k edir.<\/li>\n<li><strong>T\u0259kmill\u0259\u015fdirilmi\u015f Qida Tolerantl\u0131\u011f\u0131:<\/strong> M\u0259hdud miqdarda protein m\u0259nb\u0259l\u0259ri m\u0259nfi qida reaksiyalar\u0131 riskini azald\u0131r, h\u0259ssas h\u0259zmi olan pi\u015fikl\u0259r \u00fc\u00e7\u00fcn qida tolerantl\u0131\u011f\u0131n\u0131 art\u0131r\u0131r.<\/li>\n<\/ul>\n<p>Purina Pro Plan\u0131 yetkin pi\u015fikl\u0259rin x\u00fcsusi qida ehtiyaclar\u0131n\u0131 \u00f6d\u0259m\u0259k, onlar\u0131n sa\u011flaml\u0131qlar\u0131n\u0131 v\u0259 rifahlar\u0131n\u0131 qorumaq \u00fc\u00e7\u00fcn balansla\u015fd\u0131r\u0131lm\u0131\u015f v\u0259 tam qidalanmalar\u0131n\u0131 t\u0259min etm\u0259k \u00fc\u00e7\u00fcn n\u0259z\u0259rd\u0259 tutulmu\u015fdur.<\/p>","protected":false},"excerpt":{"rendered":"<p>H\u0259ssas h\u0259zmi v\u0259 ya x\u00fcsusi qida \u00fcst\u00fcnl\u00fckl\u0259ri olan yetkin pi\u015fikl\u0259r \u00fc\u00e7\u00fcn Purina Pro Plan\u0131 vitaminl\u0259r v\u0259 minerallar daxil olmaqla b\u00fct\u00fcn z\u0259ruri qidalar\u0131 birl\u0259\u015fdir\u0259n y\u00fcks\u0259k keyfiyy\u0259tli qidad\u0131r. T\u0259rkibind\u0259 b\u00f6yr\u0259k sa\u011flaml\u0131\u011f\u0131n\u0131 yax\u015f\u0131la\u015fd\u0131ran unikal formula olan Optirenal var.<\/p>","protected":false},"featured_media":22405,"template":"","meta":{"inline_featured_image":false,"_joinchat":[]},"product_cat":[189,188],"product_tag":[],"class_list":{"0":"post-23391","1":"product","2":"type-product","3":"status-publish","4":"has-post-thumbnail","6":"product_brand-proplan","7":"product_cat-cat-foods","8":"product_cat-cat","10":"first","11":"instock","12":"shipping-taxable","13":"purchasable","14":"product-type-simple"},"yoast_head":"<!-- This site is optimized with the Yoast SEO plugin v26.7 - https:\/\/yoast.com\/wordpress\/plugins\/seo\/ -->\n<title>Pro Plan Delicate Cat Lamb 1 kg - Zooland.az<\/title>\n<meta name=\"robots\" content=\"index, follow, max-snippet:-1, max-image-preview:large, max-video-preview:-1\" \/>\n<link rel=\"canonical\" href=\"https:\/\/zoo-land.az\/az\/shop\/cat\/cat-foods\/pro-plan-delicate-cat-lamb-1-kg\/\" \/>\n<meta property=\"og:locale\" content=\"az_AZ\" \/>\n<meta property=\"og:type\" content=\"article\" \/>\n<meta property=\"og:title\" content=\"Pro Plan Delicate Cat Lamb 1 kg - Zooland.az\" \/>\n<meta property=\"og:description\" content=\"Purina Pro Plan for adult cats with sensitive digestion or special food preferences is a high-quality food that combines all essential nutrients, including vitamins and minerals. It contains Optirenal, a unique formula that promotes kidney health.\" \/>\n<meta property=\"og:url\" content=\"https:\/\/zoo-land.az\/az\/shop\/cat\/cat-foods\/pro-plan-delicate-cat-lamb-1-kg\/\" \/>\n<meta property=\"og:site_name\" content=\"Zooland.az\" \/>\n<meta property=\"article:modified_time\" content=\"2024-06-11T15:24:37+00:00\" \/>\n<meta property=\"og:image\" content=\"https:\/\/zoo-land.az\/wp-content\/uploads\/2024\/06\/3665f534-b852-421c-a448-2ba3f2c91c83.webp\" \/>\n\t<meta property=\"og:image:width\" content=\"1203\" \/>\n\t<meta property=\"og:image:height\" content=\"2000\" \/>\n\t<meta property=\"og:image:type\" content=\"image\/webp\" \/>\n<meta name=\"twitter:card\" content=\"summary_large_image\" \/>\n<meta name=\"twitter:label1\" content=\"Est. reading time\" \/>\n\t<meta name=\"twitter:data1\" content=\"1 minute\" \/>\n<script type=\"application\/ld+json\" class=\"yoast-schema-graph\">{\"@context\":\"https:\/\/schema.org\",\"@graph\":[{\"@type\":\"WebPage\",\"@id\":\"https:\/\/zoo-land.az\/ru\/shop\/cat\/cat-foods\/pro-plan-delicate-cat-lamb-1-kg\/\",\"url\":\"https:\/\/zoo-land.az\/ru\/shop\/cat\/cat-foods\/pro-plan-delicate-cat-lamb-1-kg\/\",\"name\":\"Pro Plan Delicate Cat Lamb 1 kg - Zooland.az\",\"isPartOf\":{\"@id\":\"https:\/\/zoo-land.az\/#website\"},\"primaryImageOfPage\":{\"@id\":\"https:\/\/zoo-land.az\/ru\/shop\/cat\/cat-foods\/pro-plan-delicate-cat-lamb-1-kg\/#primaryimage\"},\"image\":{\"@id\":\"https:\/\/zoo-land.az\/ru\/shop\/cat\/cat-foods\/pro-plan-delicate-cat-lamb-1-kg\/#primaryimage\"},\"thumbnailUrl\":\"https:\/\/zoo-land.az\/wp-content\/uploads\/2024\/06\/3665f534-b852-421c-a448-2ba3f2c91c83.webp\",\"datePublished\":\"2024-06-11T15:24:07+00:00\",\"dateModified\":\"2024-06-11T15:24:37+00:00\",\"breadcrumb\":{\"@id\":\"https:\/\/zoo-land.az\/ru\/shop\/cat\/cat-foods\/pro-plan-delicate-cat-lamb-1-kg\/#breadcrumb\"},\"inLanguage\":\"az\",\"potentialAction\":[{\"@type\":\"ReadAction\",\"target\":[\"https:\/\/zoo-land.az\/ru\/shop\/cat\/cat-foods\/pro-plan-delicate-cat-lamb-1-kg\/\"]}]},{\"@type\":\"ImageObject\",\"inLanguage\":\"az\",\"@id\":\"https:\/\/zoo-land.az\/ru\/shop\/cat\/cat-foods\/pro-plan-delicate-cat-lamb-1-kg\/#primaryimage\",\"url\":\"https:\/\/zoo-land.az\/wp-content\/uploads\/2024\/06\/3665f534-b852-421c-a448-2ba3f2c91c83.webp\",\"contentUrl\":\"https:\/\/zoo-land.az\/wp-content\/uploads\/2024\/06\/3665f534-b852-421c-a448-2ba3f2c91c83.webp\",\"width\":1203,\"height\":2000},{\"@type\":\"BreadcrumbList\",\"@id\":\"https:\/\/zoo-land.az\/ru\/shop\/cat\/cat-foods\/pro-plan-delicate-cat-lamb-1-kg\/#breadcrumb\",\"itemListElement\":[{\"@type\":\"ListItem\",\"position\":1,\"name\":\"Home\",\"item\":\"https:\/\/zoo-land.az\/ru\/\"},{\"@type\":\"ListItem\",\"position\":2,\"name\":\"Shop\",\"item\":\"https:\/\/zoo-land.az\/ru\/\"},{\"@type\":\"ListItem\",\"position\":3,\"name\":\"Pro Plan Delicate Cat Lamb 1 kg\"}]},{\"@type\":\"WebSite\",\"@id\":\"https:\/\/zoo-land.az\/#website\",\"url\":\"https:\/\/zoo-land.az\/\",\"name\":\"Zooland.az\",\"description\":\"Xo\u015fb\u0259xt ev heyvanlar\u0131n\u0131n \u00fcnvan\u0131 Zooland.az\",\"publisher\":{\"@id\":\"https:\/\/zoo-land.az\/#organization\"},\"potentialAction\":[{\"@type\":\"SearchAction\",\"target\":{\"@type\":\"EntryPoint\",\"urlTemplate\":\"https:\/\/zoo-land.az\/?s={search_term_string}\"},\"query-input\":{\"@type\":\"PropertyValueSpecification\",\"valueRequired\":true,\"valueName\":\"search_term_string\"}}],\"inLanguage\":\"az\"},{\"@type\":\"Organization\",\"@id\":\"https:\/\/zoo-land.az\/#organization\",\"name\":\"Zooland.az\",\"url\":\"https:\/\/zoo-land.az\/\",\"logo\":{\"@type\":\"ImageObject\",\"inLanguage\":\"az\",\"@id\":\"https:\/\/zoo-land.az\/#\/schema\/logo\/image\/\",\"url\":\"https:\/\/zoo-land.az\/wp-content\/uploads\/2022\/05\/logo.svg\",\"contentUrl\":\"https:\/\/zoo-land.az\/wp-content\/uploads\/2022\/05\/logo.svg\",\"width\":113,\"height\":46,\"caption\":\"Zooland.az\"},\"image\":{\"@id\":\"https:\/\/zoo-land.az\/#\/schema\/logo\/image\/\"}}]}<\/script>\n<!-- \/ Yoast SEO plugin. -->","yoast_head_json":{"title":"Pro Plan Delicate Cat Lamb 1 kg - Zooland.az","robots":{"index":"index","follow":"follow","max-snippet":"max-snippet:-1","max-image-preview":"max-image-preview:large","max-video-preview":"max-video-preview:-1"},"canonical":"https:\/\/zoo-land.az\/az\/shop\/cat\/cat-foods\/pro-plan-delicate-cat-lamb-1-kg\/","og_locale":"az_AZ","og_type":"article","og_title":"Pro Plan Delicate Cat Lamb 1 kg - Zooland.az","og_description":"Purina Pro Plan for adult cats with sensitive digestion or special food preferences is a high-quality food that combines all essential nutrients, including vitamins and minerals. It contains Optirenal, a unique formula that promotes kidney health.","og_url":"https:\/\/zoo-land.az\/az\/shop\/cat\/cat-foods\/pro-plan-delicate-cat-lamb-1-kg\/","og_site_name":"Zooland.az","article_modified_time":"2024-06-11T15:24:37+00:00","og_image":[{"width":1203,"height":2000,"url":"https:\/\/zoo-land.az\/wp-content\/uploads\/2024\/06\/3665f534-b852-421c-a448-2ba3f2c91c83.webp","type":"image\/webp"}],"twitter_card":"summary_large_image","twitter_misc":{"Est. reading time":"1 minute"},"schema":{"@context":"https:\/\/schema.org","@graph":[{"@type":"WebPage","@id":"https:\/\/zoo-land.az\/ru\/shop\/cat\/cat-foods\/pro-plan-delicate-cat-lamb-1-kg\/","url":"https:\/\/zoo-land.az\/ru\/shop\/cat\/cat-foods\/pro-plan-delicate-cat-lamb-1-kg\/","name":"Pro Plan Delicate Cat Lamb 1 kg - Zooland.az","isPartOf":{"@id":"https:\/\/zoo-land.az\/#website"},"primaryImageOfPage":{"@id":"https:\/\/zoo-land.az\/ru\/shop\/cat\/cat-foods\/pro-plan-delicate-cat-lamb-1-kg\/#primaryimage"},"image":{"@id":"https:\/\/zoo-land.az\/ru\/shop\/cat\/cat-foods\/pro-plan-delicate-cat-lamb-1-kg\/#primaryimage"},"thumbnailUrl":"https:\/\/zoo-land.az\/wp-content\/uploads\/2024\/06\/3665f534-b852-421c-a448-2ba3f2c91c83.webp","datePublished":"2024-06-11T15:24:07+00:00","dateModified":"2024-06-11T15:24:37+00:00","breadcrumb":{"@id":"https:\/\/zoo-land.az\/ru\/shop\/cat\/cat-foods\/pro-plan-delicate-cat-lamb-1-kg\/#breadcrumb"},"inLanguage":"az","potentialAction":[{"@type":"ReadAction","target":["https:\/\/zoo-land.az\/ru\/shop\/cat\/cat-foods\/pro-plan-delicate-cat-lamb-1-kg\/"]}]},{"@type":"ImageObject","inLanguage":"az","@id":"https:\/\/zoo-land.az\/ru\/shop\/cat\/cat-foods\/pro-plan-delicate-cat-lamb-1-kg\/#primaryimage","url":"https:\/\/zoo-land.az\/wp-content\/uploads\/2024\/06\/3665f534-b852-421c-a448-2ba3f2c91c83.webp","contentUrl":"https:\/\/zoo-land.az\/wp-content\/uploads\/2024\/06\/3665f534-b852-421c-a448-2ba3f2c91c83.webp","width":1203,"height":2000},{"@type":"BreadcrumbList","@id":"https:\/\/zoo-land.az\/ru\/shop\/cat\/cat-foods\/pro-plan-delicate-cat-lamb-1-kg\/#breadcrumb","itemListElement":[{"@type":"ListItem","position":1,"name":"Home","item":"https:\/\/zoo-land.az\/ru\/"},{"@type":"ListItem","position":2,"name":"Shop","item":"https:\/\/zoo-land.az\/ru\/"},{"@type":"ListItem","position":3,"name":"Pro Plan Delicate Cat Lamb 1 kg"}]},{"@type":"WebSite","@id":"https:\/\/zoo-land.az\/#website","url":"https:\/\/zoo-land.az\/","name":"Zooland.az","description":"Xo\u015fb\u0259xt ev heyvanlar\u0131n\u0131n \u00fcnvan\u0131 Zooland.az","publisher":{"@id":"https:\/\/zoo-land.az\/#organization"},"potentialAction":[{"@type":"SearchAction","target":{"@type":"EntryPoint","urlTemplate":"https:\/\/zoo-land.az\/?s={search_term_string}"},"query-input":{"@type":"PropertyValueSpecification","valueRequired":true,"valueName":"search_term_string"}}],"inLanguage":"az"},{"@type":"Organization","@id":"https:\/\/zoo-land.az\/#organization","name":"Zooland.az","url":"https:\/\/zoo-land.az\/","logo":{"@type":"ImageObject","inLanguage":"az","@id":"https:\/\/zoo-land.az\/#\/schema\/logo\/image\/","url":"https:\/\/zoo-land.az\/wp-content\/uploads\/2022\/05\/logo.svg","contentUrl":"https:\/\/zoo-land.az\/wp-content\/uploads\/2022\/05\/logo.svg","width":113,"height":46,"caption":"Zooland.az"},"image":{"@id":"https:\/\/zoo-land.az\/#\/schema\/logo\/image\/"}}]}},"_links":{"self":[{"href":"https:\/\/zoo-land.az\/az\/wp-json\/wp\/v2\/product\/23391","targetHints":{"allow":["GET"]}}],"collection":[{"href":"https:\/\/zoo-land.az\/az\/wp-json\/wp\/v2\/product"}],"about":[{"href":"https:\/\/zoo-land.az\/az\/wp-json\/wp\/v2\/types\/product"}],"wp:featuredmedia":[{"embeddable":true,"href":"https:\/\/zoo-land.az\/az\/wp-json\/wp\/v2\/media\/22405"}],"wp:attachment":[{"href":"https:\/\/zoo-land.az\/az\/wp-json\/wp\/v2\/media?parent=23391"}],"wp:term":[{"taxonomy":"product_cat","embeddable":true,"href":"https:\/\/zoo-land.az\/az\/wp-json\/wp\/v2\/product_cat?post=23391"},{"taxonomy":"product_tag","embeddable":true,"href":"https:\/\/zoo-land.az\/az\/wp-json\/wp\/v2\/product_tag?post=23391"}],"curies":[{"name":"wp","href":"https:\/\/api.w.org\/{rel}","templated":true}]}}