{"id":23427,"date":"2024-06-11T16:19:53","date_gmt":"2024-06-11T16:19:53","guid":{"rendered":"https:\/\/lightsteelblue-zebra-299715.hostingersite.com\/?post_type=product&#038;p=23427"},"modified":"2024-06-11T16:19:53","modified_gmt":"2024-06-11T16:19:53","slug":"gemon-mousse-sterilised-cat-chicken-liver-85-g","status":"publish","type":"product","link":"https:\/\/zoo-land.az\/az\/shop\/cat\/cat-wetfoods\/gemon-mousse-sterilised-cat-chicken-liver-85-g\/","title":{"rendered":"Gemon Mousse Sterilizasiya olunmu\u015f Pi\u015fik Toyuq Qaraciy\u0259ri 85 q"},"content":{"rendered":"<p>Gemon Sterilized Mousse with Chicken and Liver is a complete food for sterilized adult cats, containing all the nutrients necessary for the daily maintenance of our four-legged friends. GEMON HIGH PREMIUM QUALITY is a line of complete foods made from high-quality ingredients, selected according to the dietary needs of your pets. These very tasty foods are specially designed for animals of different ages and lifestyles. No artificial colors or preservatives added. Made in Italy and not tested on animals.<\/p>\n<p>Ingredients: Meat and meat by-products 50% (fresh chicken 14% and chicken liver 4%), oils and fats, vegetable by-products (pea fiber 1%), minerals, sugars. Crude protein: 10.5%, Crude fiber: 1%, Crude fat: 5.5%, Crude ash: 2.7%, Moisture: 79%.<\/p>\n<p>The recommended daily ration for adult cats, as indicated in the table, can be divided into 2 meals. Always leave fresh, clean water available. When the product replaces another type of diet, it is recommended to introduce it gradually over at least 1 week. Cat food is not suitable for human consumption. Store in a cool, dry place. After opening, keep refrigerated and use within 2 days. 85 g can.<\/p>","protected":false},"excerpt":{"rendered":"<p>Gemon Sterilized Mousse with Chicken and Liver is a complete food for sterilized adult cats, containing all the nutrients necessary for the daily maintenance of our four-legged friends. GEMON HIGH PREMIUM QUALITY is a line of complete foods made from high-quality ingredients, selected according to the dietary needs of your pets. These very tasty foods are specially designed for animals of different ages and lifestyles. No artificial colors or preservatives added. Made in Italy and not tested on animals.<\/p>","protected":false},"featured_media":23428,"template":"","meta":{"inline_featured_image":false,"_joinchat":[]},"product_cat":[188,190],"product_tag":[],"class_list":{"0":"post-23427","1":"product","2":"type-product","3":"status-publish","4":"has-post-thumbnail","6":"product_brand-gemon","7":"product_cat-cat","8":"product_cat-cat-wetfoods","10":"first","11":"instock","12":"shipping-taxable","13":"purchasable","14":"product-type-simple"},"yoast_head":"<!-- This site is optimized with the Yoast SEO plugin v26.7 - https:\/\/yoast.com\/wordpress\/plugins\/seo\/ -->\n<title>Gemon Mousse Sterilised Cat Chicken Liver 85 g - Zooland.az<\/title>\n<meta name=\"robots\" content=\"index, follow, max-snippet:-1, max-image-preview:large, max-video-preview:-1\" \/>\n<link rel=\"canonical\" href=\"https:\/\/zoo-land.az\/az\/shop\/cat\/cat-wetfoods\/gemon-mousse-sterilised-cat-chicken-liver-85-g\/\" \/>\n<meta property=\"og:locale\" content=\"az_AZ\" \/>\n<meta property=\"og:type\" content=\"article\" \/>\n<meta property=\"og:title\" content=\"Gemon Mousse Sterilised Cat Chicken Liver 85 g - Zooland.az\" \/>\n<meta property=\"og:description\" content=\"Gemon Sterilized Mousse with Chicken and Liver is a complete food for sterilized adult cats, containing all the nutrients necessary for the daily maintenance of our four-legged friends. GEMON HIGH PREMIUM QUALITY is a line of complete foods made from high-quality ingredients, selected according to the dietary needs of your pets. These very tasty foods are specially designed for animals of different ages and lifestyles. No artificial colors or preservatives added. Made in Italy and not tested on animals.\" \/>\n<meta property=\"og:url\" content=\"https:\/\/zoo-land.az\/az\/shop\/cat\/cat-wetfoods\/gemon-mousse-sterilised-cat-chicken-liver-85-g\/\" \/>\n<meta property=\"og:site_name\" content=\"Zooland.az\" \/>\n<meta property=\"og:image\" content=\"https:\/\/zoo-land.az\/wp-content\/uploads\/2024\/06\/827069-d866f6d5939ca613294a95194aec51b6.jpg\" \/>\n\t<meta property=\"og:image:width\" content=\"840\" \/>\n\t<meta property=\"og:image:height\" content=\"923\" \/>\n\t<meta property=\"og:image:type\" content=\"image\/jpeg\" \/>\n<meta name=\"twitter:card\" content=\"summary_large_image\" \/>\n<meta name=\"twitter:label1\" content=\"Est. reading time\" \/>\n\t<meta name=\"twitter:data1\" content=\"1 minute\" \/>\n<script type=\"application\/ld+json\" class=\"yoast-schema-graph\">{\"@context\":\"https:\/\/schema.org\",\"@graph\":[{\"@type\":\"WebPage\",\"@id\":\"https:\/\/zoo-land.az\/shop\/cat\/cat-wetfoods\/gemon-mousse-sterilised-cat-chicken-liver-85-g\/\",\"url\":\"https:\/\/zoo-land.az\/shop\/cat\/cat-wetfoods\/gemon-mousse-sterilised-cat-chicken-liver-85-g\/\",\"name\":\"Gemon Mousse Sterilised Cat Chicken Liver 85 g - Zooland.az\",\"isPartOf\":{\"@id\":\"https:\/\/zoo-land.az\/#website\"},\"primaryImageOfPage\":{\"@id\":\"https:\/\/zoo-land.az\/shop\/cat\/cat-wetfoods\/gemon-mousse-sterilised-cat-chicken-liver-85-g\/#primaryimage\"},\"image\":{\"@id\":\"https:\/\/zoo-land.az\/shop\/cat\/cat-wetfoods\/gemon-mousse-sterilised-cat-chicken-liver-85-g\/#primaryimage\"},\"thumbnailUrl\":\"https:\/\/zoo-land.az\/wp-content\/uploads\/2024\/06\/827069-d866f6d5939ca613294a95194aec51b6.jpg\",\"datePublished\":\"2024-06-11T16:19:53+00:00\",\"breadcrumb\":{\"@id\":\"https:\/\/zoo-land.az\/shop\/cat\/cat-wetfoods\/gemon-mousse-sterilised-cat-chicken-liver-85-g\/#breadcrumb\"},\"inLanguage\":\"az\",\"potentialAction\":[{\"@type\":\"ReadAction\",\"target\":[\"https:\/\/zoo-land.az\/shop\/cat\/cat-wetfoods\/gemon-mousse-sterilised-cat-chicken-liver-85-g\/\"]}]},{\"@type\":\"ImageObject\",\"inLanguage\":\"az\",\"@id\":\"https:\/\/zoo-land.az\/shop\/cat\/cat-wetfoods\/gemon-mousse-sterilised-cat-chicken-liver-85-g\/#primaryimage\",\"url\":\"https:\/\/zoo-land.az\/wp-content\/uploads\/2024\/06\/827069-d866f6d5939ca613294a95194aec51b6.jpg\",\"contentUrl\":\"https:\/\/zoo-land.az\/wp-content\/uploads\/2024\/06\/827069-d866f6d5939ca613294a95194aec51b6.jpg\",\"width\":840,\"height\":923},{\"@type\":\"BreadcrumbList\",\"@id\":\"https:\/\/zoo-land.az\/shop\/cat\/cat-wetfoods\/gemon-mousse-sterilised-cat-chicken-liver-85-g\/#breadcrumb\",\"itemListElement\":[{\"@type\":\"ListItem\",\"position\":1,\"name\":\"Home\",\"item\":\"https:\/\/zoo-land.az\/ru\/\"},{\"@type\":\"ListItem\",\"position\":2,\"name\":\"Shop\",\"item\":\"https:\/\/zoo-land.az\/ru\/\"},{\"@type\":\"ListItem\",\"position\":3,\"name\":\"Gemon Mousse Sterilised Cat Chicken Liver 85 g\"}]},{\"@type\":\"WebSite\",\"@id\":\"https:\/\/zoo-land.az\/#website\",\"url\":\"https:\/\/zoo-land.az\/\",\"name\":\"Zooland.az\",\"description\":\"Xo\u015fb\u0259xt ev heyvanlar\u0131n\u0131n \u00fcnvan\u0131 Zooland.az\",\"publisher\":{\"@id\":\"https:\/\/zoo-land.az\/#organization\"},\"potentialAction\":[{\"@type\":\"SearchAction\",\"target\":{\"@type\":\"EntryPoint\",\"urlTemplate\":\"https:\/\/zoo-land.az\/?s={search_term_string}\"},\"query-input\":{\"@type\":\"PropertyValueSpecification\",\"valueRequired\":true,\"valueName\":\"search_term_string\"}}],\"inLanguage\":\"az\"},{\"@type\":\"Organization\",\"@id\":\"https:\/\/zoo-land.az\/#organization\",\"name\":\"Zooland.az\",\"url\":\"https:\/\/zoo-land.az\/\",\"logo\":{\"@type\":\"ImageObject\",\"inLanguage\":\"az\",\"@id\":\"https:\/\/zoo-land.az\/#\/schema\/logo\/image\/\",\"url\":\"https:\/\/zoo-land.az\/wp-content\/uploads\/2022\/05\/logo.svg\",\"contentUrl\":\"https:\/\/zoo-land.az\/wp-content\/uploads\/2022\/05\/logo.svg\",\"width\":113,\"height\":46,\"caption\":\"Zooland.az\"},\"image\":{\"@id\":\"https:\/\/zoo-land.az\/#\/schema\/logo\/image\/\"}}]}<\/script>\n<!-- \/ Yoast SEO plugin. -->","yoast_head_json":{"title":"Gemon Mousse Sterilised Cat Chicken Liver 85 g - Zooland.az","robots":{"index":"index","follow":"follow","max-snippet":"max-snippet:-1","max-image-preview":"max-image-preview:large","max-video-preview":"max-video-preview:-1"},"canonical":"https:\/\/zoo-land.az\/az\/shop\/cat\/cat-wetfoods\/gemon-mousse-sterilised-cat-chicken-liver-85-g\/","og_locale":"az_AZ","og_type":"article","og_title":"Gemon Mousse Sterilised Cat Chicken Liver 85 g - Zooland.az","og_description":"Gemon Sterilized Mousse with Chicken and Liver is a complete food for sterilized adult cats, containing all the nutrients necessary for the daily maintenance of our four-legged friends. GEMON HIGH PREMIUM QUALITY is a line of complete foods made from high-quality ingredients, selected according to the dietary needs of your pets. These very tasty foods are specially designed for animals of different ages and lifestyles. No artificial colors or preservatives added. Made in Italy and not tested on animals.","og_url":"https:\/\/zoo-land.az\/az\/shop\/cat\/cat-wetfoods\/gemon-mousse-sterilised-cat-chicken-liver-85-g\/","og_site_name":"Zooland.az","og_image":[{"width":840,"height":923,"url":"https:\/\/zoo-land.az\/wp-content\/uploads\/2024\/06\/827069-d866f6d5939ca613294a95194aec51b6.jpg","type":"image\/jpeg"}],"twitter_card":"summary_large_image","twitter_misc":{"Est. reading time":"1 minute"},"schema":{"@context":"https:\/\/schema.org","@graph":[{"@type":"WebPage","@id":"https:\/\/zoo-land.az\/shop\/cat\/cat-wetfoods\/gemon-mousse-sterilised-cat-chicken-liver-85-g\/","url":"https:\/\/zoo-land.az\/shop\/cat\/cat-wetfoods\/gemon-mousse-sterilised-cat-chicken-liver-85-g\/","name":"Gemon Mousse Sterilised Cat Chicken Liver 85 g - Zooland.az","isPartOf":{"@id":"https:\/\/zoo-land.az\/#website"},"primaryImageOfPage":{"@id":"https:\/\/zoo-land.az\/shop\/cat\/cat-wetfoods\/gemon-mousse-sterilised-cat-chicken-liver-85-g\/#primaryimage"},"image":{"@id":"https:\/\/zoo-land.az\/shop\/cat\/cat-wetfoods\/gemon-mousse-sterilised-cat-chicken-liver-85-g\/#primaryimage"},"thumbnailUrl":"https:\/\/zoo-land.az\/wp-content\/uploads\/2024\/06\/827069-d866f6d5939ca613294a95194aec51b6.jpg","datePublished":"2024-06-11T16:19:53+00:00","breadcrumb":{"@id":"https:\/\/zoo-land.az\/shop\/cat\/cat-wetfoods\/gemon-mousse-sterilised-cat-chicken-liver-85-g\/#breadcrumb"},"inLanguage":"az","potentialAction":[{"@type":"ReadAction","target":["https:\/\/zoo-land.az\/shop\/cat\/cat-wetfoods\/gemon-mousse-sterilised-cat-chicken-liver-85-g\/"]}]},{"@type":"ImageObject","inLanguage":"az","@id":"https:\/\/zoo-land.az\/shop\/cat\/cat-wetfoods\/gemon-mousse-sterilised-cat-chicken-liver-85-g\/#primaryimage","url":"https:\/\/zoo-land.az\/wp-content\/uploads\/2024\/06\/827069-d866f6d5939ca613294a95194aec51b6.jpg","contentUrl":"https:\/\/zoo-land.az\/wp-content\/uploads\/2024\/06\/827069-d866f6d5939ca613294a95194aec51b6.jpg","width":840,"height":923},{"@type":"BreadcrumbList","@id":"https:\/\/zoo-land.az\/shop\/cat\/cat-wetfoods\/gemon-mousse-sterilised-cat-chicken-liver-85-g\/#breadcrumb","itemListElement":[{"@type":"ListItem","position":1,"name":"Home","item":"https:\/\/zoo-land.az\/ru\/"},{"@type":"ListItem","position":2,"name":"Shop","item":"https:\/\/zoo-land.az\/ru\/"},{"@type":"ListItem","position":3,"name":"Gemon Mousse Sterilised Cat Chicken Liver 85 g"}]},{"@type":"WebSite","@id":"https:\/\/zoo-land.az\/#website","url":"https:\/\/zoo-land.az\/","name":"Zooland.az","description":"Xo\u015fb\u0259xt ev heyvanlar\u0131n\u0131n \u00fcnvan\u0131 Zooland.az","publisher":{"@id":"https:\/\/zoo-land.az\/#organization"},"potentialAction":[{"@type":"SearchAction","target":{"@type":"EntryPoint","urlTemplate":"https:\/\/zoo-land.az\/?s={search_term_string}"},"query-input":{"@type":"PropertyValueSpecification","valueRequired":true,"valueName":"search_term_string"}}],"inLanguage":"az"},{"@type":"Organization","@id":"https:\/\/zoo-land.az\/#organization","name":"Zooland.az","url":"https:\/\/zoo-land.az\/","logo":{"@type":"ImageObject","inLanguage":"az","@id":"https:\/\/zoo-land.az\/#\/schema\/logo\/image\/","url":"https:\/\/zoo-land.az\/wp-content\/uploads\/2022\/05\/logo.svg","contentUrl":"https:\/\/zoo-land.az\/wp-content\/uploads\/2022\/05\/logo.svg","width":113,"height":46,"caption":"Zooland.az"},"image":{"@id":"https:\/\/zoo-land.az\/#\/schema\/logo\/image\/"}}]}},"_links":{"self":[{"href":"https:\/\/zoo-land.az\/az\/wp-json\/wp\/v2\/product\/23427","targetHints":{"allow":["GET"]}}],"collection":[{"href":"https:\/\/zoo-land.az\/az\/wp-json\/wp\/v2\/product"}],"about":[{"href":"https:\/\/zoo-land.az\/az\/wp-json\/wp\/v2\/types\/product"}],"wp:featuredmedia":[{"embeddable":true,"href":"https:\/\/zoo-land.az\/az\/wp-json\/wp\/v2\/media\/23428"}],"wp:attachment":[{"href":"https:\/\/zoo-land.az\/az\/wp-json\/wp\/v2\/media?parent=23427"}],"wp:term":[{"taxonomy":"product_cat","embeddable":true,"href":"https:\/\/zoo-land.az\/az\/wp-json\/wp\/v2\/product_cat?post=23427"},{"taxonomy":"product_tag","embeddable":true,"href":"https:\/\/zoo-land.az\/az\/wp-json\/wp\/v2\/product_tag?post=23427"}],"curies":[{"name":"wp","href":"https:\/\/api.w.org\/{rel}","templated":true}]}}