{"id":23452,"date":"2024-06-11T16:54:17","date_gmt":"2024-06-11T16:54:17","guid":{"rendered":"https:\/\/lightsteelblue-zebra-299715.hostingersite.com\/?post_type=product&#038;p=23452"},"modified":"2024-06-11T16:54:17","modified_gmt":"2024-06-11T16:54:17","slug":"sawdust-sen","status":"publish","type":"product","link":"https:\/\/zoo-land.az\/az\/shop\/for-rodents\/rabbit\/sawdust-sen\/","title":{"rendered":"Sawdust SEN"},"content":{"rendered":"<p>The high quality of this product is achieved through several stages of raw material processing on specialized equipment.<\/p>","protected":false},"excerpt":{"rendered":"<p>The high quality of this product is achieved through several stages of raw material processing on specialized equipment.<\/p>","protected":false},"featured_media":23453,"template":"","meta":{"inline_featured_image":false,"_joinchat":[]},"product_cat":[376,379,378],"product_tag":[387],"class_list":{"0":"post-23452","1":"product","2":"type-product","3":"status-publish","4":"has-post-thumbnail","6":"product_brand-sen","7":"product_cat-for-rodents","8":"product_cat-hamsters","9":"product_cat-rabbit","10":"product_tag-sen","12":"first","13":"instock","14":"shipping-taxable","15":"purchasable","16":"product-type-simple"},"yoast_head":"<!-- This site is optimized with the Yoast SEO plugin v26.7 - https:\/\/yoast.com\/wordpress\/plugins\/seo\/ -->\n<title>Sawdust SEN - Zooland.az<\/title>\n<meta name=\"robots\" content=\"index, follow, max-snippet:-1, max-image-preview:large, max-video-preview:-1\" \/>\n<link rel=\"canonical\" href=\"https:\/\/zoo-land.az\/az\/shop\/for-rodents\/rabbit\/sawdust-sen\/\" \/>\n<meta property=\"og:locale\" content=\"az_AZ\" \/>\n<meta property=\"og:type\" content=\"article\" \/>\n<meta property=\"og:title\" content=\"Sawdust SEN - Zooland.az\" \/>\n<meta property=\"og:description\" content=\"The high quality of this product is achieved through several stages of raw material processing on specialized equipment.\" \/>\n<meta property=\"og:url\" content=\"https:\/\/zoo-land.az\/az\/shop\/for-rodents\/rabbit\/sawdust-sen\/\" \/>\n<meta property=\"og:site_name\" content=\"Zooland.az\" \/>\n<meta name=\"twitter:card\" content=\"summary_large_image\" \/>\n<script type=\"application\/ld+json\" class=\"yoast-schema-graph\">{\"@context\":\"https:\/\/schema.org\",\"@graph\":[{\"@type\":\"WebPage\",\"@id\":\"https:\/\/zoo-land.az\/az\/shop\/for-rodents\/rabbit\/sawdust-sen\/\",\"url\":\"https:\/\/zoo-land.az\/az\/shop\/for-rodents\/rabbit\/sawdust-sen\/\",\"name\":\"Sawdust SEN - Zooland.az\",\"isPartOf\":{\"@id\":\"https:\/\/zoo-land.az\/#website\"},\"primaryImageOfPage\":{\"@id\":\"https:\/\/zoo-land.az\/az\/shop\/for-rodents\/rabbit\/sawdust-sen\/#primaryimage\"},\"image\":{\"@id\":\"https:\/\/zoo-land.az\/az\/shop\/for-rodents\/rabbit\/sawdust-sen\/#primaryimage\"},\"thumbnailUrl\":\"https:\/\/zoo-land.az\/wp-content\/uploads\/2024\/06\/f8c5a5ae-b4f7-11ee-b5c6-be947ab3abfc_5303__50_.avif\",\"datePublished\":\"2024-06-11T16:54:17+00:00\",\"breadcrumb\":{\"@id\":\"https:\/\/zoo-land.az\/az\/shop\/for-rodents\/rabbit\/sawdust-sen\/#breadcrumb\"},\"inLanguage\":\"az\",\"potentialAction\":[{\"@type\":\"ReadAction\",\"target\":[\"https:\/\/zoo-land.az\/az\/shop\/for-rodents\/rabbit\/sawdust-sen\/\"]}]},{\"@type\":\"ImageObject\",\"inLanguage\":\"az\",\"@id\":\"https:\/\/zoo-land.az\/az\/shop\/for-rodents\/rabbit\/sawdust-sen\/#primaryimage\",\"url\":\"https:\/\/zoo-land.az\/wp-content\/uploads\/2024\/06\/f8c5a5ae-b4f7-11ee-b5c6-be947ab3abfc_5303__50_.avif\",\"contentUrl\":\"https:\/\/zoo-land.az\/wp-content\/uploads\/2024\/06\/f8c5a5ae-b4f7-11ee-b5c6-be947ab3abfc_5303__50_.avif\",\"width\":1000,\"height\":563},{\"@type\":\"BreadcrumbList\",\"@id\":\"https:\/\/zoo-land.az\/az\/shop\/for-rodents\/rabbit\/sawdust-sen\/#breadcrumb\",\"itemListElement\":[{\"@type\":\"ListItem\",\"position\":1,\"name\":\"Home\",\"item\":\"https:\/\/zoo-land.az\/ru\/\"},{\"@type\":\"ListItem\",\"position\":2,\"name\":\"Shop\",\"item\":\"https:\/\/zoo-land.az\/ru\/\"},{\"@type\":\"ListItem\",\"position\":3,\"name\":\"Sawdust SEN\"}]},{\"@type\":\"WebSite\",\"@id\":\"https:\/\/zoo-land.az\/#website\",\"url\":\"https:\/\/zoo-land.az\/\",\"name\":\"Zooland.az\",\"description\":\"Xo\u015fb\u0259xt ev heyvanlar\u0131n\u0131n \u00fcnvan\u0131 Zooland.az\",\"publisher\":{\"@id\":\"https:\/\/zoo-land.az\/#organization\"},\"potentialAction\":[{\"@type\":\"SearchAction\",\"target\":{\"@type\":\"EntryPoint\",\"urlTemplate\":\"https:\/\/zoo-land.az\/?s={search_term_string}\"},\"query-input\":{\"@type\":\"PropertyValueSpecification\",\"valueRequired\":true,\"valueName\":\"search_term_string\"}}],\"inLanguage\":\"az\"},{\"@type\":\"Organization\",\"@id\":\"https:\/\/zoo-land.az\/#organization\",\"name\":\"Zooland.az\",\"url\":\"https:\/\/zoo-land.az\/\",\"logo\":{\"@type\":\"ImageObject\",\"inLanguage\":\"az\",\"@id\":\"https:\/\/zoo-land.az\/#\/schema\/logo\/image\/\",\"url\":\"https:\/\/zoo-land.az\/wp-content\/uploads\/2022\/05\/logo.svg\",\"contentUrl\":\"https:\/\/zoo-land.az\/wp-content\/uploads\/2022\/05\/logo.svg\",\"width\":113,\"height\":46,\"caption\":\"Zooland.az\"},\"image\":{\"@id\":\"https:\/\/zoo-land.az\/#\/schema\/logo\/image\/\"}}]}<\/script>\n<!-- \/ Yoast SEO plugin. -->","yoast_head_json":{"title":"Sawdust SEN - Zooland.az","robots":{"index":"index","follow":"follow","max-snippet":"max-snippet:-1","max-image-preview":"max-image-preview:large","max-video-preview":"max-video-preview:-1"},"canonical":"https:\/\/zoo-land.az\/az\/shop\/for-rodents\/rabbit\/sawdust-sen\/","og_locale":"az_AZ","og_type":"article","og_title":"Sawdust SEN - Zooland.az","og_description":"The high quality of this product is achieved through several stages of raw material processing on specialized equipment.","og_url":"https:\/\/zoo-land.az\/az\/shop\/for-rodents\/rabbit\/sawdust-sen\/","og_site_name":"Zooland.az","twitter_card":"summary_large_image","schema":{"@context":"https:\/\/schema.org","@graph":[{"@type":"WebPage","@id":"https:\/\/zoo-land.az\/az\/shop\/for-rodents\/rabbit\/sawdust-sen\/","url":"https:\/\/zoo-land.az\/az\/shop\/for-rodents\/rabbit\/sawdust-sen\/","name":"Sawdust SEN - Zooland.az","isPartOf":{"@id":"https:\/\/zoo-land.az\/#website"},"primaryImageOfPage":{"@id":"https:\/\/zoo-land.az\/az\/shop\/for-rodents\/rabbit\/sawdust-sen\/#primaryimage"},"image":{"@id":"https:\/\/zoo-land.az\/az\/shop\/for-rodents\/rabbit\/sawdust-sen\/#primaryimage"},"thumbnailUrl":"https:\/\/zoo-land.az\/wp-content\/uploads\/2024\/06\/f8c5a5ae-b4f7-11ee-b5c6-be947ab3abfc_5303__50_.avif","datePublished":"2024-06-11T16:54:17+00:00","breadcrumb":{"@id":"https:\/\/zoo-land.az\/az\/shop\/for-rodents\/rabbit\/sawdust-sen\/#breadcrumb"},"inLanguage":"az","potentialAction":[{"@type":"ReadAction","target":["https:\/\/zoo-land.az\/az\/shop\/for-rodents\/rabbit\/sawdust-sen\/"]}]},{"@type":"ImageObject","inLanguage":"az","@id":"https:\/\/zoo-land.az\/az\/shop\/for-rodents\/rabbit\/sawdust-sen\/#primaryimage","url":"https:\/\/zoo-land.az\/wp-content\/uploads\/2024\/06\/f8c5a5ae-b4f7-11ee-b5c6-be947ab3abfc_5303__50_.avif","contentUrl":"https:\/\/zoo-land.az\/wp-content\/uploads\/2024\/06\/f8c5a5ae-b4f7-11ee-b5c6-be947ab3abfc_5303__50_.avif","width":1000,"height":563},{"@type":"BreadcrumbList","@id":"https:\/\/zoo-land.az\/az\/shop\/for-rodents\/rabbit\/sawdust-sen\/#breadcrumb","itemListElement":[{"@type":"ListItem","position":1,"name":"Home","item":"https:\/\/zoo-land.az\/ru\/"},{"@type":"ListItem","position":2,"name":"Shop","item":"https:\/\/zoo-land.az\/ru\/"},{"@type":"ListItem","position":3,"name":"Sawdust SEN"}]},{"@type":"WebSite","@id":"https:\/\/zoo-land.az\/#website","url":"https:\/\/zoo-land.az\/","name":"Zooland.az","description":"Xo\u015fb\u0259xt ev heyvanlar\u0131n\u0131n \u00fcnvan\u0131 Zooland.az","publisher":{"@id":"https:\/\/zoo-land.az\/#organization"},"potentialAction":[{"@type":"SearchAction","target":{"@type":"EntryPoint","urlTemplate":"https:\/\/zoo-land.az\/?s={search_term_string}"},"query-input":{"@type":"PropertyValueSpecification","valueRequired":true,"valueName":"search_term_string"}}],"inLanguage":"az"},{"@type":"Organization","@id":"https:\/\/zoo-land.az\/#organization","name":"Zooland.az","url":"https:\/\/zoo-land.az\/","logo":{"@type":"ImageObject","inLanguage":"az","@id":"https:\/\/zoo-land.az\/#\/schema\/logo\/image\/","url":"https:\/\/zoo-land.az\/wp-content\/uploads\/2022\/05\/logo.svg","contentUrl":"https:\/\/zoo-land.az\/wp-content\/uploads\/2022\/05\/logo.svg","width":113,"height":46,"caption":"Zooland.az"},"image":{"@id":"https:\/\/zoo-land.az\/#\/schema\/logo\/image\/"}}]}},"_links":{"self":[{"href":"https:\/\/zoo-land.az\/az\/wp-json\/wp\/v2\/product\/23452","targetHints":{"allow":["GET"]}}],"collection":[{"href":"https:\/\/zoo-land.az\/az\/wp-json\/wp\/v2\/product"}],"about":[{"href":"https:\/\/zoo-land.az\/az\/wp-json\/wp\/v2\/types\/product"}],"wp:featuredmedia":[{"embeddable":true,"href":"https:\/\/zoo-land.az\/az\/wp-json\/wp\/v2\/media\/23453"}],"wp:attachment":[{"href":"https:\/\/zoo-land.az\/az\/wp-json\/wp\/v2\/media?parent=23452"}],"wp:term":[{"taxonomy":"product_cat","embeddable":true,"href":"https:\/\/zoo-land.az\/az\/wp-json\/wp\/v2\/product_cat?post=23452"},{"taxonomy":"product_tag","embeddable":true,"href":"https:\/\/zoo-land.az\/az\/wp-json\/wp\/v2\/product_tag?post=23452"}],"curies":[{"name":"wp","href":"https:\/\/api.w.org\/{rel}","templated":true}]}}