{"id":23456,"date":"2024-06-11T17:53:15","date_gmt":"2024-06-11T17:53:15","guid":{"rendered":"https:\/\/lightsteelblue-zebra-299715.hostingersite.com\/?post_type=product&#038;p=23456"},"modified":"2024-06-11T17:53:44","modified_gmt":"2024-06-11T17:53:44","slug":"fitmin-dog-for-life-beef-rice-1-kg","status":"publish","type":"product","link":"https:\/\/zoo-land.az\/az\/shop\/dog\/dog-food\/fitmin-dog-for-life-beef-rice-1-kg\/","title":{"rendered":"Fitmin it For Life Mal \u0259ti v\u0259 D\u00fcy\u00fc 1 kq"},"content":{"rendered":"<div class=\"row\">\n<div class=\"col-md-8\">\n<p><strong>B\u00fct\u00fcn cinsl\u0259rd\u0259n olan yetkin itl\u0259r \u00fc\u00e7\u00fcn tam yem.<\/strong><\/p>\n<p><strong>Analitik komponentl\u0259r:<\/strong>\u00a0xam protein 26%, xam ya\u011flar v\u0259 ya\u011flar 14.2%, xam lif 2%, xam k\u00fcl 6%, kalsium 1.2%, fosfor 0.8%.<\/p>\n<\/div>\n<\/div>\n<h2>FAYDALARI<\/h2>\n<p>\u2013 Hipoallergen \u2013 qar\u011f\u0131dal\u0131, bu\u011fda yoxdur<br \/>\n\u2013 sa\u011flam d\u0259ri v\u0259 d\u0259ri \u00fc\u00e7\u00fcn omeqa 3 v\u0259 6 ya\u011f tur\u015fular\u0131n\u0131n balansla\u015fd\u0131r\u0131lm\u0131\u015f nisb\u0259ti<br \/>\n\u2013 ba\u011f\u0131rsaq mikrofloras\u0131n\u0131 d\u0259st\u0259kl\u0259m\u0259k \u00fc\u00e7\u00fcn bir prebiyotik kimi kasn\u0131 k\u00f6kl\u0259rinin ekstrakt\u0131<br \/>\n\u2013 t\u0259z\u0259 \u0259t texnologiyas\u0131<br \/>\n\u2013 t\u0259bii B vitamini m\u0259nb\u0259yi olan piv\u0259 mayas\u0131 il\u0259<\/p>\n<h2>T\u018fRK\u0130B\u0130<\/h2>\n<p>\u018ft (t\u0259z\u0259 mal \u0259ti 13%, qurudulmu\u015f qu\u015f \u0259ti, qurudulmu\u015f qu\u015f \u0259ti, qurudulmu\u015f mal \u0259ti, hidrolyed donuz \u0259ti 24%, q\u0131r\u0131lan d\u00fcy\u00fc 24%, \u015f\u0259k\u0259r \u00e7u\u011funduru, alma pomace, minerallar, maya, maya, maya, maya, maya, maya, maya , yucca.<\/p>","protected":false},"excerpt":{"rendered":"<p><strong>B\u00fct\u00fcn cinsl\u0259rd\u0259n olan yetkin itl\u0259r \u00fc\u00e7\u00fcn tam yem.<\/strong><\/p>\n<p><strong>Analitik komponentl\u0259r:<\/strong>\u00a0xam protein 26%, xam ya\u011flar v\u0259 ya\u011flar 14.2%, xam lif 2%, xam k\u00fcl 6%, kalsium 1.2%, fosfor 0.8%.<\/p>","protected":false},"featured_media":22183,"template":"","meta":{"inline_featured_image":false,"_joinchat":[]},"product_cat":[132,107],"product_tag":[],"class_list":{"0":"post-23456","1":"product","2":"type-product","3":"status-publish","4":"has-post-thumbnail","6":"product_brand-fitmin","7":"product_cat-dog-food","8":"product_cat-dog","10":"first","11":"instock","12":"shipping-taxable","13":"purchasable","14":"product-type-simple"},"yoast_head":"<!-- This site is optimized with the Yoast SEO plugin v26.7 - https:\/\/yoast.com\/wordpress\/plugins\/seo\/ -->\n<title>Fitmin dog For Life Beef &amp; Rice 1 kg - Zooland.az<\/title>\n<meta name=\"robots\" content=\"index, follow, max-snippet:-1, max-image-preview:large, max-video-preview:-1\" \/>\n<link rel=\"canonical\" href=\"https:\/\/zoo-land.az\/az\/shop\/dog\/dog-food\/fitmin-dog-for-life-beef-rice-1-kg\/\" \/>\n<meta property=\"og:locale\" content=\"az_AZ\" \/>\n<meta property=\"og:type\" content=\"article\" \/>\n<meta property=\"og:title\" content=\"Fitmin dog For Life Beef &amp; Rice 1 kg - Zooland.az\" \/>\n<meta property=\"og:description\" content=\"Complete food for adult dogs of all breeds.  Analytical constituents:\u00a0crude protein 26%, crude oils and fat 14.2%, crude fibre 2%, crude ash 6%, calcium 1.2%, phosphorus 0.8%.\" \/>\n<meta property=\"og:url\" content=\"https:\/\/zoo-land.az\/az\/shop\/dog\/dog-food\/fitmin-dog-for-life-beef-rice-1-kg\/\" \/>\n<meta property=\"og:site_name\" content=\"Zooland.az\" \/>\n<meta property=\"article:modified_time\" content=\"2024-06-11T17:53:44+00:00\" \/>\n<meta property=\"og:image\" content=\"https:\/\/zoo-land.az\/wp-content\/uploads\/2024\/05\/cf8d6e698f416e5159b330362de64a4d.jpg\" \/>\n\t<meta property=\"og:image:width\" content=\"307\" \/>\n\t<meta property=\"og:image:height\" content=\"555\" \/>\n\t<meta property=\"og:image:type\" content=\"image\/jpeg\" \/>\n<meta name=\"twitter:card\" content=\"summary_large_image\" \/>\n<script type=\"application\/ld+json\" class=\"yoast-schema-graph\">{\"@context\":\"https:\/\/schema.org\",\"@graph\":[{\"@type\":\"WebPage\",\"@id\":\"https:\/\/zoo-land.az\/shop\/dog\/dog-food\/fitmin-dog-for-life-beef-rice-1-kg\/\",\"url\":\"https:\/\/zoo-land.az\/shop\/dog\/dog-food\/fitmin-dog-for-life-beef-rice-1-kg\/\",\"name\":\"Fitmin dog For Life Beef & Rice 1 kg - Zooland.az\",\"isPartOf\":{\"@id\":\"https:\/\/zoo-land.az\/#website\"},\"primaryImageOfPage\":{\"@id\":\"https:\/\/zoo-land.az\/shop\/dog\/dog-food\/fitmin-dog-for-life-beef-rice-1-kg\/#primaryimage\"},\"image\":{\"@id\":\"https:\/\/zoo-land.az\/shop\/dog\/dog-food\/fitmin-dog-for-life-beef-rice-1-kg\/#primaryimage\"},\"thumbnailUrl\":\"https:\/\/zoo-land.az\/wp-content\/uploads\/2024\/05\/cf8d6e698f416e5159b330362de64a4d.jpg\",\"datePublished\":\"2024-06-11T17:53:15+00:00\",\"dateModified\":\"2024-06-11T17:53:44+00:00\",\"breadcrumb\":{\"@id\":\"https:\/\/zoo-land.az\/shop\/dog\/dog-food\/fitmin-dog-for-life-beef-rice-1-kg\/#breadcrumb\"},\"inLanguage\":\"az\",\"potentialAction\":[{\"@type\":\"ReadAction\",\"target\":[\"https:\/\/zoo-land.az\/shop\/dog\/dog-food\/fitmin-dog-for-life-beef-rice-1-kg\/\"]}]},{\"@type\":\"ImageObject\",\"inLanguage\":\"az\",\"@id\":\"https:\/\/zoo-land.az\/shop\/dog\/dog-food\/fitmin-dog-for-life-beef-rice-1-kg\/#primaryimage\",\"url\":\"https:\/\/zoo-land.az\/wp-content\/uploads\/2024\/05\/cf8d6e698f416e5159b330362de64a4d.jpg\",\"contentUrl\":\"https:\/\/zoo-land.az\/wp-content\/uploads\/2024\/05\/cf8d6e698f416e5159b330362de64a4d.jpg\",\"width\":307,\"height\":555},{\"@type\":\"BreadcrumbList\",\"@id\":\"https:\/\/zoo-land.az\/shop\/dog\/dog-food\/fitmin-dog-for-life-beef-rice-1-kg\/#breadcrumb\",\"itemListElement\":[{\"@type\":\"ListItem\",\"position\":1,\"name\":\"Home\",\"item\":\"https:\/\/zoo-land.az\/ru\/\"},{\"@type\":\"ListItem\",\"position\":2,\"name\":\"Shop\",\"item\":\"https:\/\/zoo-land.az\/ru\/\"},{\"@type\":\"ListItem\",\"position\":3,\"name\":\"Fitmin dog For Life Beef &#038; Rice 1 kg\"}]},{\"@type\":\"WebSite\",\"@id\":\"https:\/\/zoo-land.az\/#website\",\"url\":\"https:\/\/zoo-land.az\/\",\"name\":\"Zooland.az\",\"description\":\"Xo\u015fb\u0259xt ev heyvanlar\u0131n\u0131n \u00fcnvan\u0131 Zooland.az\",\"publisher\":{\"@id\":\"https:\/\/zoo-land.az\/#organization\"},\"potentialAction\":[{\"@type\":\"SearchAction\",\"target\":{\"@type\":\"EntryPoint\",\"urlTemplate\":\"https:\/\/zoo-land.az\/?s={search_term_string}\"},\"query-input\":{\"@type\":\"PropertyValueSpecification\",\"valueRequired\":true,\"valueName\":\"search_term_string\"}}],\"inLanguage\":\"az\"},{\"@type\":\"Organization\",\"@id\":\"https:\/\/zoo-land.az\/#organization\",\"name\":\"Zooland.az\",\"url\":\"https:\/\/zoo-land.az\/\",\"logo\":{\"@type\":\"ImageObject\",\"inLanguage\":\"az\",\"@id\":\"https:\/\/zoo-land.az\/#\/schema\/logo\/image\/\",\"url\":\"https:\/\/zoo-land.az\/wp-content\/uploads\/2022\/05\/logo.svg\",\"contentUrl\":\"https:\/\/zoo-land.az\/wp-content\/uploads\/2022\/05\/logo.svg\",\"width\":113,\"height\":46,\"caption\":\"Zooland.az\"},\"image\":{\"@id\":\"https:\/\/zoo-land.az\/#\/schema\/logo\/image\/\"}}]}<\/script>\n<!-- \/ Yoast SEO plugin. -->","yoast_head_json":{"title":"Fitmin dog For Life Beef & Rice 1 kg - Zooland.az","robots":{"index":"index","follow":"follow","max-snippet":"max-snippet:-1","max-image-preview":"max-image-preview:large","max-video-preview":"max-video-preview:-1"},"canonical":"https:\/\/zoo-land.az\/az\/shop\/dog\/dog-food\/fitmin-dog-for-life-beef-rice-1-kg\/","og_locale":"az_AZ","og_type":"article","og_title":"Fitmin dog For Life Beef & Rice 1 kg - Zooland.az","og_description":"Complete food for adult dogs of all breeds.  Analytical constituents:\u00a0crude protein 26%, crude oils and fat 14.2%, crude fibre 2%, crude ash 6%, calcium 1.2%, phosphorus 0.8%.","og_url":"https:\/\/zoo-land.az\/az\/shop\/dog\/dog-food\/fitmin-dog-for-life-beef-rice-1-kg\/","og_site_name":"Zooland.az","article_modified_time":"2024-06-11T17:53:44+00:00","og_image":[{"width":307,"height":555,"url":"https:\/\/zoo-land.az\/wp-content\/uploads\/2024\/05\/cf8d6e698f416e5159b330362de64a4d.jpg","type":"image\/jpeg"}],"twitter_card":"summary_large_image","schema":{"@context":"https:\/\/schema.org","@graph":[{"@type":"WebPage","@id":"https:\/\/zoo-land.az\/shop\/dog\/dog-food\/fitmin-dog-for-life-beef-rice-1-kg\/","url":"https:\/\/zoo-land.az\/shop\/dog\/dog-food\/fitmin-dog-for-life-beef-rice-1-kg\/","name":"Fitmin dog For Life Beef & Rice 1 kg - Zooland.az","isPartOf":{"@id":"https:\/\/zoo-land.az\/#website"},"primaryImageOfPage":{"@id":"https:\/\/zoo-land.az\/shop\/dog\/dog-food\/fitmin-dog-for-life-beef-rice-1-kg\/#primaryimage"},"image":{"@id":"https:\/\/zoo-land.az\/shop\/dog\/dog-food\/fitmin-dog-for-life-beef-rice-1-kg\/#primaryimage"},"thumbnailUrl":"https:\/\/zoo-land.az\/wp-content\/uploads\/2024\/05\/cf8d6e698f416e5159b330362de64a4d.jpg","datePublished":"2024-06-11T17:53:15+00:00","dateModified":"2024-06-11T17:53:44+00:00","breadcrumb":{"@id":"https:\/\/zoo-land.az\/shop\/dog\/dog-food\/fitmin-dog-for-life-beef-rice-1-kg\/#breadcrumb"},"inLanguage":"az","potentialAction":[{"@type":"ReadAction","target":["https:\/\/zoo-land.az\/shop\/dog\/dog-food\/fitmin-dog-for-life-beef-rice-1-kg\/"]}]},{"@type":"ImageObject","inLanguage":"az","@id":"https:\/\/zoo-land.az\/shop\/dog\/dog-food\/fitmin-dog-for-life-beef-rice-1-kg\/#primaryimage","url":"https:\/\/zoo-land.az\/wp-content\/uploads\/2024\/05\/cf8d6e698f416e5159b330362de64a4d.jpg","contentUrl":"https:\/\/zoo-land.az\/wp-content\/uploads\/2024\/05\/cf8d6e698f416e5159b330362de64a4d.jpg","width":307,"height":555},{"@type":"BreadcrumbList","@id":"https:\/\/zoo-land.az\/shop\/dog\/dog-food\/fitmin-dog-for-life-beef-rice-1-kg\/#breadcrumb","itemListElement":[{"@type":"ListItem","position":1,"name":"Home","item":"https:\/\/zoo-land.az\/ru\/"},{"@type":"ListItem","position":2,"name":"Shop","item":"https:\/\/zoo-land.az\/ru\/"},{"@type":"ListItem","position":3,"name":"Fitmin dog For Life Beef &#038; Rice 1 kg"}]},{"@type":"WebSite","@id":"https:\/\/zoo-land.az\/#website","url":"https:\/\/zoo-land.az\/","name":"Zooland.az","description":"Xo\u015fb\u0259xt ev heyvanlar\u0131n\u0131n \u00fcnvan\u0131 Zooland.az","publisher":{"@id":"https:\/\/zoo-land.az\/#organization"},"potentialAction":[{"@type":"SearchAction","target":{"@type":"EntryPoint","urlTemplate":"https:\/\/zoo-land.az\/?s={search_term_string}"},"query-input":{"@type":"PropertyValueSpecification","valueRequired":true,"valueName":"search_term_string"}}],"inLanguage":"az"},{"@type":"Organization","@id":"https:\/\/zoo-land.az\/#organization","name":"Zooland.az","url":"https:\/\/zoo-land.az\/","logo":{"@type":"ImageObject","inLanguage":"az","@id":"https:\/\/zoo-land.az\/#\/schema\/logo\/image\/","url":"https:\/\/zoo-land.az\/wp-content\/uploads\/2022\/05\/logo.svg","contentUrl":"https:\/\/zoo-land.az\/wp-content\/uploads\/2022\/05\/logo.svg","width":113,"height":46,"caption":"Zooland.az"},"image":{"@id":"https:\/\/zoo-land.az\/#\/schema\/logo\/image\/"}}]}},"_links":{"self":[{"href":"https:\/\/zoo-land.az\/az\/wp-json\/wp\/v2\/product\/23456","targetHints":{"allow":["GET"]}}],"collection":[{"href":"https:\/\/zoo-land.az\/az\/wp-json\/wp\/v2\/product"}],"about":[{"href":"https:\/\/zoo-land.az\/az\/wp-json\/wp\/v2\/types\/product"}],"wp:featuredmedia":[{"embeddable":true,"href":"https:\/\/zoo-land.az\/az\/wp-json\/wp\/v2\/media\/22183"}],"wp:attachment":[{"href":"https:\/\/zoo-land.az\/az\/wp-json\/wp\/v2\/media?parent=23456"}],"wp:term":[{"taxonomy":"product_cat","embeddable":true,"href":"https:\/\/zoo-land.az\/az\/wp-json\/wp\/v2\/product_cat?post=23456"},{"taxonomy":"product_tag","embeddable":true,"href":"https:\/\/zoo-land.az\/az\/wp-json\/wp\/v2\/product_tag?post=23456"}],"curies":[{"name":"wp","href":"https:\/\/api.w.org\/{rel}","templated":true}]}}