{"id":23457,"date":"2024-06-11T17:54:17","date_gmt":"2024-06-11T17:54:17","guid":{"rendered":"https:\/\/lightsteelblue-zebra-299715.hostingersite.com\/?post_type=product&#038;p=23457"},"modified":"2024-06-11T17:54:47","modified_gmt":"2024-06-11T17:54:47","slug":"fitmin-dog-for-life-adult-1-kg","status":"publish","type":"product","link":"https:\/\/zoo-land.az\/az\/shop\/dog\/dog-food\/fitmin-dog-for-life-adult-1-kg\/","title":{"rendered":"Fitmin \u0130t \u00d6m\u00fcrl\u00fck Yetkin 1 kq"},"content":{"rendered":"<p><strong>Fitmin \u00d6m\u00fcrl\u00fck Yetkin \u0130t Yem\u0259yi<\/strong><\/p>\n<p>Fitmin For Life Adult normal aktivlik s\u0259viyy\u0259sin\u0259 malik b\u00fct\u00fcn cinsl\u0259rin yetkin itl\u0259ri \u00fc\u00e7\u00fcn \u0259n\u0259n\u0259vi, tam y\u00fcks\u0259k keyfiyy\u0259tli qidad\u0131r. O, itinizin tam v\u0259 sa\u011flam h\u0259yat\u0131 boyunca h\u0259m dad\u0131n\u0131, h\u0259m d\u0259 balansla\u015fd\u0131r\u0131lm\u0131\u015f qidalanmas\u0131n\u0131 t\u0259min edir. Bundan \u0259lav\u0259, itinizi m\u00fcnasib qiym\u0259t\u0259 \u0259la dad v\u0259 keyfiyy\u0259tl\u0259 t\u0259min ed\u0259 bildiyinizd\u0259n m\u0259mnun qalacaqs\u0131n\u0131z.<\/p>\n<p>Qida madd\u0259l\u0259rini y\u00fcks\u0259k keyfiyy\u0259td\u0259 saxlamaq v\u0259 l\u0259zz\u0259tli dad t\u0259min etm\u0259k \u00fc\u00e7\u00fcn kibble qab\u0131na t\u0259z\u0259 s\u00fcm\u00fcks\u00fcz \u0259t daxildir.<\/p>\n<p>Adult, itl\u0259rin h\u0259yat m\u0259rh\u0259l\u0259l\u0259rin\u0259 v\u0259 \u00f6l\u00e7\u00fcl\u0259rin\u0259 g\u00f6r\u0259 ehtiyaclar\u0131n\u0131 \u00f6d\u0259m\u0259k \u00fc\u00e7\u00fcn n\u0259z\u0259rd\u0259 tutulmu\u015f Fitmin For Life seriyas\u0131n\u0131n bir hiss\u0259sidir. Ard\u0131c\u0131l inqrediyent m\u0259zmunu say\u0259sind\u0259 siz yem\u0259kl\u0259rin t\u0259dric\u0259n ke\u00e7idin\u0259 v\u0259 ya qar\u0131\u015fd\u0131r\u0131lmas\u0131na ehtiyac olmadan m\u00fcxt\u0259lif n\u00f6v yem\u0259kl\u0259r aras\u0131nda ke\u00e7id ed\u0259 bil\u0259rsiniz. Siz bala, b\u00f6y\u00fck cinsl\u0259rin ki\u00e7ikl\u0259ri, b\u00fct\u00fcn cinsl\u0259rin yetkin itl\u0259ri, b\u00f6y\u00fck v\u0259 n\u0259h\u0259ng cins b\u00f6y\u00fckl\u0259r, ya\u015fl\u0131lar, ki\u00e7ik cinsl\u0259r v\u0259 kilolu itl\u0259r \u00fc\u00e7\u00fcn variantlardan birini se\u00e7\u0259 bil\u0259rsiniz. Bu s\u0131raya h\u0259m\u00e7inin quzu, mal \u0259ti v\u0259 ya \u00f6rd\u0259k il\u0259 d\u00fcy\u00fc \u0259sas\u0131nda h\u0259ssas h\u0259zmi olan itl\u0259r \u00fc\u00e7\u00fcn yem\u0259k daxildir.<\/p>\n<p><strong>T\u0259rkibi<\/strong> \u018ft (qurudulmu\u015f qu\u015f \u0259ti 21%, t\u0259z\u0259 \u0259t \/qu\u015f \u0259ti, donuz \u0259ti, mal \u0259ti\/ \u2013 20%, hidroliz\u0259 olunmu\u015f donuz \u0259ti qaraciy\u0259ri 3%), bu\u011fda, bu\u011fda unu, bu\u011fda k\u0259p\u0259yi, d\u00fcy\u00fc, qu\u015f ya\u011f\u0131, qurudulmu\u015f \u00e7u\u011fundur pulpas\u0131, somon ya\u011f\u0131, mineral maya, somon mayas\u013131 , qurudulmu\u015f alma pomas\u0131 0,5%, bu\u011fda c\u00fcc\u0259rtisi, t\u0259bii lif, kasn\u0131 k\u00f6k\u00fc 0,01%, yucca 0,005%.<\/p>","protected":false},"excerpt":{"rendered":"<p><strong>Fitmin \u00d6m\u00fcrl\u00fck Yetkin \u0130t Yem\u0259yi<\/strong><\/p>\n<p>Fitmin For Life Adult normal aktivlik s\u0259viyy\u0259sin\u0259 malik b\u00fct\u00fcn cinsl\u0259rin yetkin itl\u0259ri \u00fc\u00e7\u00fcn \u0259n\u0259n\u0259vi, tam y\u00fcks\u0259k keyfiyy\u0259tli qidad\u0131r. O, itinizin tam v\u0259 sa\u011flam h\u0259yat\u0131 boyunca h\u0259m dad\u0131n\u0131, h\u0259m d\u0259 balansla\u015fd\u0131r\u0131lm\u0131\u015f qidalanmas\u0131n\u0131 t\u0259min edir. Bundan \u0259lav\u0259, itinizi m\u00fcnasib qiym\u0259t\u0259 \u0259la dad v\u0259 keyfiyy\u0259tl\u0259 t\u0259min ed\u0259 bildiyinizd\u0259n m\u0259mnun qalacaqs\u0131n\u0131z.<\/p>","protected":false},"featured_media":23163,"template":"","meta":{"inline_featured_image":false,"_joinchat":[]},"product_cat":[132,107],"product_tag":[],"class_list":{"0":"post-23457","1":"product","2":"type-product","3":"status-publish","4":"has-post-thumbnail","6":"product_brand-fitmin","7":"product_cat-dog-food","8":"product_cat-dog","10":"first","11":"instock","12":"shipping-taxable","13":"purchasable","14":"product-type-simple"},"yoast_head":"<!-- This site is optimized with the Yoast SEO plugin v27.4 - https:\/\/yoast.com\/product\/yoast-seo-wordpress\/ -->\n<title>Fitmin Dog For Life Adult 1 kg - Zooland.az<\/title>\n<meta name=\"robots\" content=\"index, follow, max-snippet:-1, max-image-preview:large, max-video-preview:-1\" \/>\n<link rel=\"canonical\" href=\"https:\/\/zoo-land.az\/az\/shop\/dog\/dog-food\/fitmin-dog-for-life-adult-1-kg\/\" \/>\n<meta property=\"og:locale\" content=\"az_AZ\" \/>\n<meta property=\"og:type\" content=\"article\" \/>\n<meta property=\"og:title\" content=\"Fitmin Dog For Life Adult 1 kg - Zooland.az\" \/>\n<meta property=\"og:description\" content=\"Fitmin For Life Adult Dog Food  Fitmin For Life Adult represents a traditional, complete premium-quality food for adult dogs of all breeds with normal activity levels. It satisfies both taste and balanced nutrition throughout your dog&#039;s full and healthy life. Additionally, you&#039;ll be pleased that you can provide your dog with great taste and quality at a reasonable price.\" \/>\n<meta property=\"og:url\" content=\"https:\/\/zoo-land.az\/az\/shop\/dog\/dog-food\/fitmin-dog-for-life-adult-1-kg\/\" \/>\n<meta property=\"og:site_name\" content=\"Zooland.az\" \/>\n<meta property=\"article:modified_time\" content=\"2024-06-11T17:54:47+00:00\" \/>\n<meta property=\"og:image\" content=\"https:\/\/zoo-land.az\/wp-content\/uploads\/2024\/06\/95833483.webp\" \/>\n\t<meta property=\"og:image:width\" content=\"1108\" \/>\n\t<meta property=\"og:image:height\" content=\"2000\" \/>\n\t<meta property=\"og:image:type\" content=\"image\/webp\" \/>\n<meta name=\"twitter:card\" content=\"summary_large_image\" \/>\n<meta name=\"twitter:label1\" content=\"Est. reading time\" \/>\n\t<meta name=\"twitter:data1\" content=\"1 minute\" \/>\n<script type=\"application\/ld+json\" class=\"yoast-schema-graph\">{\"@context\":\"https:\\\/\\\/schema.org\",\"@graph\":[{\"@type\":\"WebPage\",\"@id\":\"https:\\\/\\\/zoo-land.az\\\/ru\\\/shop\\\/dog\\\/dog-food\\\/fitmin-dog-for-life-adult-1-kg\\\/\",\"url\":\"https:\\\/\\\/zoo-land.az\\\/ru\\\/shop\\\/dog\\\/dog-food\\\/fitmin-dog-for-life-adult-1-kg\\\/\",\"name\":\"Fitmin Dog For Life Adult 1 kg - Zooland.az\",\"isPartOf\":{\"@id\":\"https:\\\/\\\/zoo-land.az\\\/#website\"},\"primaryImageOfPage\":{\"@id\":\"https:\\\/\\\/zoo-land.az\\\/ru\\\/shop\\\/dog\\\/dog-food\\\/fitmin-dog-for-life-adult-1-kg\\\/#primaryimage\"},\"image\":{\"@id\":\"https:\\\/\\\/zoo-land.az\\\/ru\\\/shop\\\/dog\\\/dog-food\\\/fitmin-dog-for-life-adult-1-kg\\\/#primaryimage\"},\"thumbnailUrl\":\"https:\\\/\\\/zoo-land.az\\\/wp-content\\\/uploads\\\/2024\\\/06\\\/95833483.webp\",\"datePublished\":\"2024-06-11T17:54:17+00:00\",\"dateModified\":\"2024-06-11T17:54:47+00:00\",\"breadcrumb\":{\"@id\":\"https:\\\/\\\/zoo-land.az\\\/ru\\\/shop\\\/dog\\\/dog-food\\\/fitmin-dog-for-life-adult-1-kg\\\/#breadcrumb\"},\"inLanguage\":\"az\",\"potentialAction\":[{\"@type\":\"ReadAction\",\"target\":[\"https:\\\/\\\/zoo-land.az\\\/ru\\\/shop\\\/dog\\\/dog-food\\\/fitmin-dog-for-life-adult-1-kg\\\/\"]}]},{\"@type\":\"ImageObject\",\"inLanguage\":\"az\",\"@id\":\"https:\\\/\\\/zoo-land.az\\\/ru\\\/shop\\\/dog\\\/dog-food\\\/fitmin-dog-for-life-adult-1-kg\\\/#primaryimage\",\"url\":\"https:\\\/\\\/zoo-land.az\\\/wp-content\\\/uploads\\\/2024\\\/06\\\/95833483.webp\",\"contentUrl\":\"https:\\\/\\\/zoo-land.az\\\/wp-content\\\/uploads\\\/2024\\\/06\\\/95833483.webp\",\"width\":1108,\"height\":2000},{\"@type\":\"BreadcrumbList\",\"@id\":\"https:\\\/\\\/zoo-land.az\\\/ru\\\/shop\\\/dog\\\/dog-food\\\/fitmin-dog-for-life-adult-1-kg\\\/#breadcrumb\",\"itemListElement\":[{\"@type\":\"ListItem\",\"position\":1,\"name\":\"Home\",\"item\":\"https:\\\/\\\/zoo-land.az\\\/ru\\\/\"},{\"@type\":\"ListItem\",\"position\":2,\"name\":\"Shop\",\"item\":\"https:\\\/\\\/zoo-land.az\\\/ru\\\/\"},{\"@type\":\"ListItem\",\"position\":3,\"name\":\"Fitmin Dog For Life Adult 1 kg\"}]},{\"@type\":\"WebSite\",\"@id\":\"https:\\\/\\\/zoo-land.az\\\/#website\",\"url\":\"https:\\\/\\\/zoo-land.az\\\/\",\"name\":\"Zooland.az\",\"description\":\"Xo\u015fb\u0259xt ev heyvanlar\u0131n\u0131n \u00fcnvan\u0131 Zooland.az\",\"publisher\":{\"@id\":\"https:\\\/\\\/zoo-land.az\\\/#organization\"},\"potentialAction\":[{\"@type\":\"SearchAction\",\"target\":{\"@type\":\"EntryPoint\",\"urlTemplate\":\"https:\\\/\\\/zoo-land.az\\\/?s={search_term_string}\"},\"query-input\":{\"@type\":\"PropertyValueSpecification\",\"valueRequired\":true,\"valueName\":\"search_term_string\"}}],\"inLanguage\":\"az\"},{\"@type\":\"Organization\",\"@id\":\"https:\\\/\\\/zoo-land.az\\\/#organization\",\"name\":\"Zooland.az\",\"url\":\"https:\\\/\\\/zoo-land.az\\\/\",\"logo\":{\"@type\":\"ImageObject\",\"inLanguage\":\"az\",\"@id\":\"https:\\\/\\\/zoo-land.az\\\/#\\\/schema\\\/logo\\\/image\\\/\",\"url\":\"https:\\\/\\\/zoo-land.az\\\/wp-content\\\/uploads\\\/2022\\\/05\\\/logo.svg\",\"contentUrl\":\"https:\\\/\\\/zoo-land.az\\\/wp-content\\\/uploads\\\/2022\\\/05\\\/logo.svg\",\"width\":113,\"height\":46,\"caption\":\"Zooland.az\"},\"image\":{\"@id\":\"https:\\\/\\\/zoo-land.az\\\/#\\\/schema\\\/logo\\\/image\\\/\"}}]}<\/script>\n<!-- \/ Yoast SEO plugin. -->","yoast_head_json":{"title":"Fitmin Dog For Life Adult 1 kg - Zooland.az","robots":{"index":"index","follow":"follow","max-snippet":"max-snippet:-1","max-image-preview":"max-image-preview:large","max-video-preview":"max-video-preview:-1"},"canonical":"https:\/\/zoo-land.az\/az\/shop\/dog\/dog-food\/fitmin-dog-for-life-adult-1-kg\/","og_locale":"az_AZ","og_type":"article","og_title":"Fitmin Dog For Life Adult 1 kg - Zooland.az","og_description":"Fitmin For Life Adult Dog Food  Fitmin For Life Adult represents a traditional, complete premium-quality food for adult dogs of all breeds with normal activity levels. It satisfies both taste and balanced nutrition throughout your dog's full and healthy life. Additionally, you'll be pleased that you can provide your dog with great taste and quality at a reasonable price.","og_url":"https:\/\/zoo-land.az\/az\/shop\/dog\/dog-food\/fitmin-dog-for-life-adult-1-kg\/","og_site_name":"Zooland.az","article_modified_time":"2024-06-11T17:54:47+00:00","og_image":[{"width":1108,"height":2000,"url":"https:\/\/zoo-land.az\/wp-content\/uploads\/2024\/06\/95833483.webp","type":"image\/webp"}],"twitter_card":"summary_large_image","twitter_misc":{"Est. reading time":"1 minute"},"schema":{"@context":"https:\/\/schema.org","@graph":[{"@type":"WebPage","@id":"https:\/\/zoo-land.az\/ru\/shop\/dog\/dog-food\/fitmin-dog-for-life-adult-1-kg\/","url":"https:\/\/zoo-land.az\/ru\/shop\/dog\/dog-food\/fitmin-dog-for-life-adult-1-kg\/","name":"Fitmin Dog For Life Adult 1 kg - Zooland.az","isPartOf":{"@id":"https:\/\/zoo-land.az\/#website"},"primaryImageOfPage":{"@id":"https:\/\/zoo-land.az\/ru\/shop\/dog\/dog-food\/fitmin-dog-for-life-adult-1-kg\/#primaryimage"},"image":{"@id":"https:\/\/zoo-land.az\/ru\/shop\/dog\/dog-food\/fitmin-dog-for-life-adult-1-kg\/#primaryimage"},"thumbnailUrl":"https:\/\/zoo-land.az\/wp-content\/uploads\/2024\/06\/95833483.webp","datePublished":"2024-06-11T17:54:17+00:00","dateModified":"2024-06-11T17:54:47+00:00","breadcrumb":{"@id":"https:\/\/zoo-land.az\/ru\/shop\/dog\/dog-food\/fitmin-dog-for-life-adult-1-kg\/#breadcrumb"},"inLanguage":"az","potentialAction":[{"@type":"ReadAction","target":["https:\/\/zoo-land.az\/ru\/shop\/dog\/dog-food\/fitmin-dog-for-life-adult-1-kg\/"]}]},{"@type":"ImageObject","inLanguage":"az","@id":"https:\/\/zoo-land.az\/ru\/shop\/dog\/dog-food\/fitmin-dog-for-life-adult-1-kg\/#primaryimage","url":"https:\/\/zoo-land.az\/wp-content\/uploads\/2024\/06\/95833483.webp","contentUrl":"https:\/\/zoo-land.az\/wp-content\/uploads\/2024\/06\/95833483.webp","width":1108,"height":2000},{"@type":"BreadcrumbList","@id":"https:\/\/zoo-land.az\/ru\/shop\/dog\/dog-food\/fitmin-dog-for-life-adult-1-kg\/#breadcrumb","itemListElement":[{"@type":"ListItem","position":1,"name":"Home","item":"https:\/\/zoo-land.az\/ru\/"},{"@type":"ListItem","position":2,"name":"Shop","item":"https:\/\/zoo-land.az\/ru\/"},{"@type":"ListItem","position":3,"name":"Fitmin Dog For Life Adult 1 kg"}]},{"@type":"WebSite","@id":"https:\/\/zoo-land.az\/#website","url":"https:\/\/zoo-land.az\/","name":"Zooland.az","description":"Xo\u015fb\u0259xt ev heyvanlar\u0131n\u0131n \u00fcnvan\u0131 Zooland.az","publisher":{"@id":"https:\/\/zoo-land.az\/#organization"},"potentialAction":[{"@type":"SearchAction","target":{"@type":"EntryPoint","urlTemplate":"https:\/\/zoo-land.az\/?s={search_term_string}"},"query-input":{"@type":"PropertyValueSpecification","valueRequired":true,"valueName":"search_term_string"}}],"inLanguage":"az"},{"@type":"Organization","@id":"https:\/\/zoo-land.az\/#organization","name":"Zooland.az","url":"https:\/\/zoo-land.az\/","logo":{"@type":"ImageObject","inLanguage":"az","@id":"https:\/\/zoo-land.az\/#\/schema\/logo\/image\/","url":"https:\/\/zoo-land.az\/wp-content\/uploads\/2022\/05\/logo.svg","contentUrl":"https:\/\/zoo-land.az\/wp-content\/uploads\/2022\/05\/logo.svg","width":113,"height":46,"caption":"Zooland.az"},"image":{"@id":"https:\/\/zoo-land.az\/#\/schema\/logo\/image\/"}}]}},"_links":{"self":[{"href":"https:\/\/zoo-land.az\/az\/wp-json\/wp\/v2\/product\/23457","targetHints":{"allow":["GET"]}}],"collection":[{"href":"https:\/\/zoo-land.az\/az\/wp-json\/wp\/v2\/product"}],"about":[{"href":"https:\/\/zoo-land.az\/az\/wp-json\/wp\/v2\/types\/product"}],"wp:featuredmedia":[{"embeddable":true,"href":"https:\/\/zoo-land.az\/az\/wp-json\/wp\/v2\/media\/23163"}],"wp:attachment":[{"href":"https:\/\/zoo-land.az\/az\/wp-json\/wp\/v2\/media?parent=23457"}],"wp:term":[{"taxonomy":"product_cat","embeddable":true,"href":"https:\/\/zoo-land.az\/az\/wp-json\/wp\/v2\/product_cat?post=23457"},{"taxonomy":"product_tag","embeddable":true,"href":"https:\/\/zoo-land.az\/az\/wp-json\/wp\/v2\/product_tag?post=23457"}],"curies":[{"name":"wp","href":"https:\/\/api.w.org\/{rel}","templated":true}]}}