{"id":23458,"date":"2024-06-11T18:13:28","date_gmt":"2024-06-11T18:13:28","guid":{"rendered":"https:\/\/lightsteelblue-zebra-299715.hostingersite.com\/?post_type=product&#038;p=23458"},"modified":"2024-06-11T18:17:22","modified_gmt":"2024-06-11T18:17:22","slug":"fitmin-dog-for-life-lamb-rice-1-kg","status":"publish","type":"product","link":"https:\/\/zoo-land.az\/az\/shop\/dog\/dog-food\/fitmin-dog-for-life-lamb-rice-1-kg\/","title":{"rendered":"Fitmin dog For Life Lamb &#038; Rice 1 kg"},"content":{"rendered":"<div class=\"row\">\n<div class=\"col-md-8\">\n<p>Complete food for adult dogs<\/p>\n<p>crude protein 24 %, crude oils and fat 14 %, crude fibre 2.3 %, crude ash 7.9 %, calcium 1.5 %, phosphorus 1 %<\/p>\n<\/div>\n<\/div>\n<h2>FAYDALARI<\/h2>\n<p>&#8211; with fresh lamb meat content<br \/>\n&#8211; hypoallergenic &#8211; no maize, no wheat<br \/>\n\u2013 sa\u011flam d\u0259ri v\u0259 d\u0259ri \u00fc\u00e7\u00fcn omeqa 3 v\u0259 6 ya\u011f tur\u015fular\u0131n\u0131n balansla\u015fd\u0131r\u0131lm\u0131\u015f nisb\u0259ti<br \/>\n&#8211; extract of chicory roots as a prebiotics, for support the intestinal microflora<br \/>\n&#8211; yucca extract reduces the bad smell of excrements<\/p>\n<h2>T\u018fRK\u0130B\u0130<\/h2>\n<p>lamb and chicken meat (15% fresh lamb meat, 5 % dried lamb meat, 19.5% dried chicken meat, 3% hydrolysed lamb liver), wholemeal rice 25%, broken rice 25%, poultry fat, dried (sugar) beet pulp, pressed apple pomace, salmon oil, brewers&#8217; yeast, monosodium phosphate, chicory roots (0.01 %), yucca (0.005 %).<\/p>","protected":false},"excerpt":{"rendered":"<p>Complete food for adult dogs<\/p>\n<p>crude protein 24 %, crude oils and fat 14 %, crude fibre 2.3 %, crude ash 7.9 %, calcium 1.5 %, phosphorus 1 %<\/p>","protected":false},"featured_media":22181,"template":"","meta":{"inline_featured_image":false,"_joinchat":[]},"product_cat":[132,107],"product_tag":[],"class_list":{"0":"post-23458","1":"product","2":"type-product","3":"status-publish","4":"has-post-thumbnail","6":"product_brand-fitmin","7":"product_cat-dog-food","8":"product_cat-dog","10":"first","11":"instock","12":"shipping-taxable","13":"purchasable","14":"product-type-simple"},"yoast_head":"<!-- This site is optimized with the Yoast SEO plugin v27.4 - https:\/\/yoast.com\/product\/yoast-seo-wordpress\/ -->\n<title>Fitmin dog For Life Lamb &amp; Rice 1 kg - Zooland.az<\/title>\n<meta name=\"robots\" content=\"index, follow, max-snippet:-1, max-image-preview:large, max-video-preview:-1\" \/>\n<link rel=\"canonical\" href=\"https:\/\/zoo-land.az\/az\/shop\/dog\/dog-food\/fitmin-dog-for-life-lamb-rice-1-kg\/\" \/>\n<meta property=\"og:locale\" content=\"az_AZ\" \/>\n<meta property=\"og:type\" content=\"article\" \/>\n<meta property=\"og:title\" content=\"Fitmin dog For Life Lamb &amp; Rice 1 kg - Zooland.az\" \/>\n<meta property=\"og:description\" content=\"Complete food for adult dogs  crude protein 24 %, crude oils and fat 14 %, crude fibre 2.3 %, crude ash 7.9 %, calcium 1.5 %, phosphorus 1 %\" \/>\n<meta property=\"og:url\" content=\"https:\/\/zoo-land.az\/az\/shop\/dog\/dog-food\/fitmin-dog-for-life-lamb-rice-1-kg\/\" \/>\n<meta property=\"og:site_name\" content=\"Zooland.az\" \/>\n<meta property=\"article:modified_time\" content=\"2024-06-11T18:17:22+00:00\" \/>\n<meta property=\"og:image\" content=\"https:\/\/zoo-land.az\/wp-content\/uploads\/2024\/05\/fitmin-dog-for-life-lamb-rice-12-kg-h-L-800x800-1.jpg\" \/>\n\t<meta property=\"og:image:width\" content=\"800\" \/>\n\t<meta property=\"og:image:height\" content=\"800\" \/>\n\t<meta property=\"og:image:type\" content=\"image\/jpeg\" \/>\n<meta name=\"twitter:card\" content=\"summary_large_image\" \/>\n<meta name=\"twitter:label1\" content=\"Est. reading time\" \/>\n\t<meta name=\"twitter:data1\" content=\"1 minute\" \/>\n<script type=\"application\/ld+json\" class=\"yoast-schema-graph\">{\"@context\":\"https:\\\/\\\/schema.org\",\"@graph\":[{\"@type\":\"WebPage\",\"@id\":\"https:\\\/\\\/zoo-land.az\\\/shop\\\/dog\\\/dog-food\\\/fitmin-dog-for-life-lamb-rice-1-kg\\\/\",\"url\":\"https:\\\/\\\/zoo-land.az\\\/shop\\\/dog\\\/dog-food\\\/fitmin-dog-for-life-lamb-rice-1-kg\\\/\",\"name\":\"Fitmin dog For Life Lamb & Rice 1 kg - Zooland.az\",\"isPartOf\":{\"@id\":\"https:\\\/\\\/zoo-land.az\\\/#website\"},\"primaryImageOfPage\":{\"@id\":\"https:\\\/\\\/zoo-land.az\\\/shop\\\/dog\\\/dog-food\\\/fitmin-dog-for-life-lamb-rice-1-kg\\\/#primaryimage\"},\"image\":{\"@id\":\"https:\\\/\\\/zoo-land.az\\\/shop\\\/dog\\\/dog-food\\\/fitmin-dog-for-life-lamb-rice-1-kg\\\/#primaryimage\"},\"thumbnailUrl\":\"https:\\\/\\\/zoo-land.az\\\/wp-content\\\/uploads\\\/2024\\\/05\\\/fitmin-dog-for-life-lamb-rice-12-kg-h-L-800x800-1.jpg\",\"datePublished\":\"2024-06-11T18:13:28+00:00\",\"dateModified\":\"2024-06-11T18:17:22+00:00\",\"breadcrumb\":{\"@id\":\"https:\\\/\\\/zoo-land.az\\\/shop\\\/dog\\\/dog-food\\\/fitmin-dog-for-life-lamb-rice-1-kg\\\/#breadcrumb\"},\"inLanguage\":\"az\",\"potentialAction\":[{\"@type\":\"ReadAction\",\"target\":[\"https:\\\/\\\/zoo-land.az\\\/shop\\\/dog\\\/dog-food\\\/fitmin-dog-for-life-lamb-rice-1-kg\\\/\"]}]},{\"@type\":\"ImageObject\",\"inLanguage\":\"az\",\"@id\":\"https:\\\/\\\/zoo-land.az\\\/shop\\\/dog\\\/dog-food\\\/fitmin-dog-for-life-lamb-rice-1-kg\\\/#primaryimage\",\"url\":\"https:\\\/\\\/zoo-land.az\\\/wp-content\\\/uploads\\\/2024\\\/05\\\/fitmin-dog-for-life-lamb-rice-12-kg-h-L-800x800-1.jpg\",\"contentUrl\":\"https:\\\/\\\/zoo-land.az\\\/wp-content\\\/uploads\\\/2024\\\/05\\\/fitmin-dog-for-life-lamb-rice-12-kg-h-L-800x800-1.jpg\",\"width\":800,\"height\":800},{\"@type\":\"BreadcrumbList\",\"@id\":\"https:\\\/\\\/zoo-land.az\\\/shop\\\/dog\\\/dog-food\\\/fitmin-dog-for-life-lamb-rice-1-kg\\\/#breadcrumb\",\"itemListElement\":[{\"@type\":\"ListItem\",\"position\":1,\"name\":\"Home\",\"item\":\"https:\\\/\\\/zoo-land.az\\\/ru\\\/\"},{\"@type\":\"ListItem\",\"position\":2,\"name\":\"Shop\",\"item\":\"https:\\\/\\\/zoo-land.az\\\/ru\\\/\"},{\"@type\":\"ListItem\",\"position\":3,\"name\":\"Fitmin dog For Life Lamb &#038; Rice 1 kg\"}]},{\"@type\":\"WebSite\",\"@id\":\"https:\\\/\\\/zoo-land.az\\\/#website\",\"url\":\"https:\\\/\\\/zoo-land.az\\\/\",\"name\":\"Zooland.az\",\"description\":\"Xo\u015fb\u0259xt ev heyvanlar\u0131n\u0131n \u00fcnvan\u0131 Zooland.az\",\"publisher\":{\"@id\":\"https:\\\/\\\/zoo-land.az\\\/#organization\"},\"potentialAction\":[{\"@type\":\"SearchAction\",\"target\":{\"@type\":\"EntryPoint\",\"urlTemplate\":\"https:\\\/\\\/zoo-land.az\\\/?s={search_term_string}\"},\"query-input\":{\"@type\":\"PropertyValueSpecification\",\"valueRequired\":true,\"valueName\":\"search_term_string\"}}],\"inLanguage\":\"az\"},{\"@type\":\"Organization\",\"@id\":\"https:\\\/\\\/zoo-land.az\\\/#organization\",\"name\":\"Zooland.az\",\"url\":\"https:\\\/\\\/zoo-land.az\\\/\",\"logo\":{\"@type\":\"ImageObject\",\"inLanguage\":\"az\",\"@id\":\"https:\\\/\\\/zoo-land.az\\\/#\\\/schema\\\/logo\\\/image\\\/\",\"url\":\"https:\\\/\\\/zoo-land.az\\\/wp-content\\\/uploads\\\/2022\\\/05\\\/logo.svg\",\"contentUrl\":\"https:\\\/\\\/zoo-land.az\\\/wp-content\\\/uploads\\\/2022\\\/05\\\/logo.svg\",\"width\":113,\"height\":46,\"caption\":\"Zooland.az\"},\"image\":{\"@id\":\"https:\\\/\\\/zoo-land.az\\\/#\\\/schema\\\/logo\\\/image\\\/\"}}]}<\/script>\n<!-- \/ Yoast SEO plugin. -->","yoast_head_json":{"title":"Fitmin dog For Life Lamb & Rice 1 kg - Zooland.az","robots":{"index":"index","follow":"follow","max-snippet":"max-snippet:-1","max-image-preview":"max-image-preview:large","max-video-preview":"max-video-preview:-1"},"canonical":"https:\/\/zoo-land.az\/az\/shop\/dog\/dog-food\/fitmin-dog-for-life-lamb-rice-1-kg\/","og_locale":"az_AZ","og_type":"article","og_title":"Fitmin dog For Life Lamb & Rice 1 kg - Zooland.az","og_description":"Complete food for adult dogs  crude protein 24 %, crude oils and fat 14 %, crude fibre 2.3 %, crude ash 7.9 %, calcium 1.5 %, phosphorus 1 %","og_url":"https:\/\/zoo-land.az\/az\/shop\/dog\/dog-food\/fitmin-dog-for-life-lamb-rice-1-kg\/","og_site_name":"Zooland.az","article_modified_time":"2024-06-11T18:17:22+00:00","og_image":[{"width":800,"height":800,"url":"https:\/\/zoo-land.az\/wp-content\/uploads\/2024\/05\/fitmin-dog-for-life-lamb-rice-12-kg-h-L-800x800-1.jpg","type":"image\/jpeg"}],"twitter_card":"summary_large_image","twitter_misc":{"Est. reading time":"1 minute"},"schema":{"@context":"https:\/\/schema.org","@graph":[{"@type":"WebPage","@id":"https:\/\/zoo-land.az\/shop\/dog\/dog-food\/fitmin-dog-for-life-lamb-rice-1-kg\/","url":"https:\/\/zoo-land.az\/shop\/dog\/dog-food\/fitmin-dog-for-life-lamb-rice-1-kg\/","name":"Fitmin dog For Life Lamb & Rice 1 kg - Zooland.az","isPartOf":{"@id":"https:\/\/zoo-land.az\/#website"},"primaryImageOfPage":{"@id":"https:\/\/zoo-land.az\/shop\/dog\/dog-food\/fitmin-dog-for-life-lamb-rice-1-kg\/#primaryimage"},"image":{"@id":"https:\/\/zoo-land.az\/shop\/dog\/dog-food\/fitmin-dog-for-life-lamb-rice-1-kg\/#primaryimage"},"thumbnailUrl":"https:\/\/zoo-land.az\/wp-content\/uploads\/2024\/05\/fitmin-dog-for-life-lamb-rice-12-kg-h-L-800x800-1.jpg","datePublished":"2024-06-11T18:13:28+00:00","dateModified":"2024-06-11T18:17:22+00:00","breadcrumb":{"@id":"https:\/\/zoo-land.az\/shop\/dog\/dog-food\/fitmin-dog-for-life-lamb-rice-1-kg\/#breadcrumb"},"inLanguage":"az","potentialAction":[{"@type":"ReadAction","target":["https:\/\/zoo-land.az\/shop\/dog\/dog-food\/fitmin-dog-for-life-lamb-rice-1-kg\/"]}]},{"@type":"ImageObject","inLanguage":"az","@id":"https:\/\/zoo-land.az\/shop\/dog\/dog-food\/fitmin-dog-for-life-lamb-rice-1-kg\/#primaryimage","url":"https:\/\/zoo-land.az\/wp-content\/uploads\/2024\/05\/fitmin-dog-for-life-lamb-rice-12-kg-h-L-800x800-1.jpg","contentUrl":"https:\/\/zoo-land.az\/wp-content\/uploads\/2024\/05\/fitmin-dog-for-life-lamb-rice-12-kg-h-L-800x800-1.jpg","width":800,"height":800},{"@type":"BreadcrumbList","@id":"https:\/\/zoo-land.az\/shop\/dog\/dog-food\/fitmin-dog-for-life-lamb-rice-1-kg\/#breadcrumb","itemListElement":[{"@type":"ListItem","position":1,"name":"Home","item":"https:\/\/zoo-land.az\/ru\/"},{"@type":"ListItem","position":2,"name":"Shop","item":"https:\/\/zoo-land.az\/ru\/"},{"@type":"ListItem","position":3,"name":"Fitmin dog For Life Lamb &#038; Rice 1 kg"}]},{"@type":"WebSite","@id":"https:\/\/zoo-land.az\/#website","url":"https:\/\/zoo-land.az\/","name":"Zooland.az","description":"Xo\u015fb\u0259xt ev heyvanlar\u0131n\u0131n \u00fcnvan\u0131 Zooland.az","publisher":{"@id":"https:\/\/zoo-land.az\/#organization"},"potentialAction":[{"@type":"SearchAction","target":{"@type":"EntryPoint","urlTemplate":"https:\/\/zoo-land.az\/?s={search_term_string}"},"query-input":{"@type":"PropertyValueSpecification","valueRequired":true,"valueName":"search_term_string"}}],"inLanguage":"az"},{"@type":"Organization","@id":"https:\/\/zoo-land.az\/#organization","name":"Zooland.az","url":"https:\/\/zoo-land.az\/","logo":{"@type":"ImageObject","inLanguage":"az","@id":"https:\/\/zoo-land.az\/#\/schema\/logo\/image\/","url":"https:\/\/zoo-land.az\/wp-content\/uploads\/2022\/05\/logo.svg","contentUrl":"https:\/\/zoo-land.az\/wp-content\/uploads\/2022\/05\/logo.svg","width":113,"height":46,"caption":"Zooland.az"},"image":{"@id":"https:\/\/zoo-land.az\/#\/schema\/logo\/image\/"}}]}},"_links":{"self":[{"href":"https:\/\/zoo-land.az\/az\/wp-json\/wp\/v2\/product\/23458","targetHints":{"allow":["GET"]}}],"collection":[{"href":"https:\/\/zoo-land.az\/az\/wp-json\/wp\/v2\/product"}],"about":[{"href":"https:\/\/zoo-land.az\/az\/wp-json\/wp\/v2\/types\/product"}],"wp:featuredmedia":[{"embeddable":true,"href":"https:\/\/zoo-land.az\/az\/wp-json\/wp\/v2\/media\/22181"}],"wp:attachment":[{"href":"https:\/\/zoo-land.az\/az\/wp-json\/wp\/v2\/media?parent=23458"}],"wp:term":[{"taxonomy":"product_cat","embeddable":true,"href":"https:\/\/zoo-land.az\/az\/wp-json\/wp\/v2\/product_cat?post=23458"},{"taxonomy":"product_tag","embeddable":true,"href":"https:\/\/zoo-land.az\/az\/wp-json\/wp\/v2\/product_tag?post=23458"}],"curies":[{"name":"wp","href":"https:\/\/api.w.org\/{rel}","templated":true}]}}