{"id":23471,"date":"2024-06-11T18:30:39","date_gmt":"2024-06-11T18:30:39","guid":{"rendered":"https:\/\/lightsteelblue-zebra-299715.hostingersite.com\/?post_type=product&#038;p=23471"},"modified":"2024-06-11T18:30:39","modified_gmt":"2024-06-11T18:30:39","slug":"felix-agail-turkey-75-g","status":"publish","type":"product","link":"https:\/\/zoo-land.az\/az\/shop\/cat\/cat-wetfoods\/felix-agail-turkey-75-g\/","title":{"rendered":"Felix Agail T\u00fcrkiy\u0259 75 q"},"content":{"rendered":"<p>Tam v\u0259 balansla\u015fd\u0131r\u0131lm\u0131\u015f formula yetkin pi\u015fikl\u0259rin sa\u011flaml\u0131\u011f\u0131 v\u0259 sa\u011flam qidalanmas\u0131 \u00fc\u00e7\u00fcn laz\u0131m olan h\u0259r \u015feyi ehtiva edir. \u201cFeliks\u201d qidas\u0131 g\u00fccl\u00fc s\u00fcm\u00fckl\u0259rin, \u0259z\u0259l\u0259l\u0259rin v\u0259 di\u015fl\u0259rin qurulmas\u0131 \u00fc\u00e7\u00fcn laz\u0131m olan qidalar\u0131 t\u0259min etm\u0259k \u00fc\u00e7\u00fcn laz\u0131m olan b\u00fct\u00fcn vitaminl\u0259ri, z\u00fclallar\u0131 v\u0259 minerallar\u0131 ehtiva edir.<\/p>\n<p>T\u0259rkibind\u0259 D v\u0259 E vitaminl\u0259ri, omeqa-6 v\u0259 mineral qar\u0131\u015f\u0131\u011f\u0131 var.<\/p>\n<p>\u018fn dadl\u0131 \u0259t par\u00e7alar\u0131.<\/p>\n<p>Keyfiyy\u0259tli inqrediyentl\u0259rd\u0259n istifad\u0259 ed\u0259r\u0259k ev heyvanlar\u0131n\u0131n qidalanmas\u0131 \u00fczr\u0259 m\u00fct\u0259x\u0259ssis t\u0259r\u0259find\u0259n haz\u0131rlan\u0131b.<\/p>","protected":false},"excerpt":{"rendered":"<p>Tam v\u0259 balansla\u015fd\u0131r\u0131lm\u0131\u015f formula yetkin pi\u015fikl\u0259rin sa\u011flaml\u0131\u011f\u0131 v\u0259 sa\u011flam qidalanmas\u0131 \u00fc\u00e7\u00fcn laz\u0131m olan h\u0259r \u015feyi ehtiva edir. \u201cFeliks\u201d qidas\u0131 g\u00fccl\u00fc s\u00fcm\u00fckl\u0259rin, \u0259z\u0259l\u0259l\u0259rin v\u0259 di\u015fl\u0259rin qurulmas\u0131 \u00fc\u00e7\u00fcn laz\u0131m olan qidalar\u0131 t\u0259min etm\u0259k \u00fc\u00e7\u00fcn laz\u0131m olan b\u00fct\u00fcn vitaminl\u0259ri, z\u00fclallar\u0131 v\u0259 minerallar\u0131 ehtiva edir.<\/p>","protected":false},"featured_media":23472,"template":"","meta":{"inline_featured_image":false,"_joinchat":[]},"product_cat":[188,190],"product_tag":[],"class_list":{"0":"post-23471","1":"product","2":"type-product","3":"status-publish","4":"has-post-thumbnail","6":"product_brand-felix","7":"product_cat-cat","8":"product_cat-cat-wetfoods","10":"first","11":"instock","12":"shipping-taxable","13":"purchasable","14":"product-type-simple"},"yoast_head":"<!-- This site is optimized with the Yoast SEO plugin v27.4 - https:\/\/yoast.com\/product\/yoast-seo-wordpress\/ -->\n<title>Felix Agail Turkey 75 g - Zooland.az<\/title>\n<meta name=\"robots\" content=\"index, follow, max-snippet:-1, max-image-preview:large, max-video-preview:-1\" \/>\n<link rel=\"canonical\" href=\"https:\/\/zoo-land.az\/az\/shop\/cat\/cat-wetfoods\/felix-agail-turkey-75-g\/\" \/>\n<meta property=\"og:locale\" content=\"az_AZ\" \/>\n<meta property=\"og:type\" content=\"article\" \/>\n<meta property=\"og:title\" content=\"Felix Agail Turkey 75 g - Zooland.az\" \/>\n<meta property=\"og:description\" content=\"The complete and balanced formula contains everything adult cats need for health and healthy nutrition. Select &quot;Felix&quot; food contains all the vitamins, proteins, and minerals necessary to provide the nutrients needed to build strong bones, muscles, and teeth.\" \/>\n<meta property=\"og:url\" content=\"https:\/\/zoo-land.az\/az\/shop\/cat\/cat-wetfoods\/felix-agail-turkey-75-g\/\" \/>\n<meta property=\"og:site_name\" content=\"Zooland.az\" \/>\n<meta property=\"og:image\" content=\"https:\/\/zoo-land.az\/wp-content\/uploads\/2024\/06\/547865-2bb1e2b8d5b918758f165641592d66d1.jpg\" \/>\n\t<meta property=\"og:image:width\" content=\"840\" \/>\n\t<meta property=\"og:image:height\" content=\"840\" \/>\n\t<meta property=\"og:image:type\" content=\"image\/jpeg\" \/>\n<meta name=\"twitter:card\" content=\"summary_large_image\" \/>\n<script type=\"application\/ld+json\" class=\"yoast-schema-graph\">{\"@context\":\"https:\\\/\\\/schema.org\",\"@graph\":[{\"@type\":\"WebPage\",\"@id\":\"https:\\\/\\\/zoo-land.az\\\/az\\\/shop\\\/cat\\\/cat-wetfoods\\\/felix-agail-turkey-75-g\\\/\",\"url\":\"https:\\\/\\\/zoo-land.az\\\/az\\\/shop\\\/cat\\\/cat-wetfoods\\\/felix-agail-turkey-75-g\\\/\",\"name\":\"Felix Agail Turkey 75 g - Zooland.az\",\"isPartOf\":{\"@id\":\"https:\\\/\\\/zoo-land.az\\\/#website\"},\"primaryImageOfPage\":{\"@id\":\"https:\\\/\\\/zoo-land.az\\\/az\\\/shop\\\/cat\\\/cat-wetfoods\\\/felix-agail-turkey-75-g\\\/#primaryimage\"},\"image\":{\"@id\":\"https:\\\/\\\/zoo-land.az\\\/az\\\/shop\\\/cat\\\/cat-wetfoods\\\/felix-agail-turkey-75-g\\\/#primaryimage\"},\"thumbnailUrl\":\"https:\\\/\\\/zoo-land.az\\\/wp-content\\\/uploads\\\/2024\\\/06\\\/547865-2bb1e2b8d5b918758f165641592d66d1.jpg\",\"datePublished\":\"2024-06-11T18:30:39+00:00\",\"breadcrumb\":{\"@id\":\"https:\\\/\\\/zoo-land.az\\\/az\\\/shop\\\/cat\\\/cat-wetfoods\\\/felix-agail-turkey-75-g\\\/#breadcrumb\"},\"inLanguage\":\"az\",\"potentialAction\":[{\"@type\":\"ReadAction\",\"target\":[\"https:\\\/\\\/zoo-land.az\\\/az\\\/shop\\\/cat\\\/cat-wetfoods\\\/felix-agail-turkey-75-g\\\/\"]}]},{\"@type\":\"ImageObject\",\"inLanguage\":\"az\",\"@id\":\"https:\\\/\\\/zoo-land.az\\\/az\\\/shop\\\/cat\\\/cat-wetfoods\\\/felix-agail-turkey-75-g\\\/#primaryimage\",\"url\":\"https:\\\/\\\/zoo-land.az\\\/wp-content\\\/uploads\\\/2024\\\/06\\\/547865-2bb1e2b8d5b918758f165641592d66d1.jpg\",\"contentUrl\":\"https:\\\/\\\/zoo-land.az\\\/wp-content\\\/uploads\\\/2024\\\/06\\\/547865-2bb1e2b8d5b918758f165641592d66d1.jpg\",\"width\":840,\"height\":840},{\"@type\":\"BreadcrumbList\",\"@id\":\"https:\\\/\\\/zoo-land.az\\\/az\\\/shop\\\/cat\\\/cat-wetfoods\\\/felix-agail-turkey-75-g\\\/#breadcrumb\",\"itemListElement\":[{\"@type\":\"ListItem\",\"position\":1,\"name\":\"Home\",\"item\":\"https:\\\/\\\/zoo-land.az\\\/ru\\\/\"},{\"@type\":\"ListItem\",\"position\":2,\"name\":\"Shop\",\"item\":\"https:\\\/\\\/zoo-land.az\\\/ru\\\/\"},{\"@type\":\"ListItem\",\"position\":3,\"name\":\"Felix Agail Turkey 75 g\"}]},{\"@type\":\"WebSite\",\"@id\":\"https:\\\/\\\/zoo-land.az\\\/#website\",\"url\":\"https:\\\/\\\/zoo-land.az\\\/\",\"name\":\"Zooland.az\",\"description\":\"Xo\u015fb\u0259xt ev heyvanlar\u0131n\u0131n \u00fcnvan\u0131 Zooland.az\",\"publisher\":{\"@id\":\"https:\\\/\\\/zoo-land.az\\\/#organization\"},\"potentialAction\":[{\"@type\":\"SearchAction\",\"target\":{\"@type\":\"EntryPoint\",\"urlTemplate\":\"https:\\\/\\\/zoo-land.az\\\/?s={search_term_string}\"},\"query-input\":{\"@type\":\"PropertyValueSpecification\",\"valueRequired\":true,\"valueName\":\"search_term_string\"}}],\"inLanguage\":\"az\"},{\"@type\":\"Organization\",\"@id\":\"https:\\\/\\\/zoo-land.az\\\/#organization\",\"name\":\"Zooland.az\",\"url\":\"https:\\\/\\\/zoo-land.az\\\/\",\"logo\":{\"@type\":\"ImageObject\",\"inLanguage\":\"az\",\"@id\":\"https:\\\/\\\/zoo-land.az\\\/#\\\/schema\\\/logo\\\/image\\\/\",\"url\":\"https:\\\/\\\/zoo-land.az\\\/wp-content\\\/uploads\\\/2022\\\/05\\\/logo.svg\",\"contentUrl\":\"https:\\\/\\\/zoo-land.az\\\/wp-content\\\/uploads\\\/2022\\\/05\\\/logo.svg\",\"width\":113,\"height\":46,\"caption\":\"Zooland.az\"},\"image\":{\"@id\":\"https:\\\/\\\/zoo-land.az\\\/#\\\/schema\\\/logo\\\/image\\\/\"}}]}<\/script>\n<!-- \/ Yoast SEO plugin. -->","yoast_head_json":{"title":"Felix Agail Turkey 75 g - Zooland.az","robots":{"index":"index","follow":"follow","max-snippet":"max-snippet:-1","max-image-preview":"max-image-preview:large","max-video-preview":"max-video-preview:-1"},"canonical":"https:\/\/zoo-land.az\/az\/shop\/cat\/cat-wetfoods\/felix-agail-turkey-75-g\/","og_locale":"az_AZ","og_type":"article","og_title":"Felix Agail Turkey 75 g - Zooland.az","og_description":"The complete and balanced formula contains everything adult cats need for health and healthy nutrition. Select \"Felix\" food contains all the vitamins, proteins, and minerals necessary to provide the nutrients needed to build strong bones, muscles, and teeth.","og_url":"https:\/\/zoo-land.az\/az\/shop\/cat\/cat-wetfoods\/felix-agail-turkey-75-g\/","og_site_name":"Zooland.az","og_image":[{"width":840,"height":840,"url":"https:\/\/zoo-land.az\/wp-content\/uploads\/2024\/06\/547865-2bb1e2b8d5b918758f165641592d66d1.jpg","type":"image\/jpeg"}],"twitter_card":"summary_large_image","schema":{"@context":"https:\/\/schema.org","@graph":[{"@type":"WebPage","@id":"https:\/\/zoo-land.az\/az\/shop\/cat\/cat-wetfoods\/felix-agail-turkey-75-g\/","url":"https:\/\/zoo-land.az\/az\/shop\/cat\/cat-wetfoods\/felix-agail-turkey-75-g\/","name":"Felix Agail Turkey 75 g - Zooland.az","isPartOf":{"@id":"https:\/\/zoo-land.az\/#website"},"primaryImageOfPage":{"@id":"https:\/\/zoo-land.az\/az\/shop\/cat\/cat-wetfoods\/felix-agail-turkey-75-g\/#primaryimage"},"image":{"@id":"https:\/\/zoo-land.az\/az\/shop\/cat\/cat-wetfoods\/felix-agail-turkey-75-g\/#primaryimage"},"thumbnailUrl":"https:\/\/zoo-land.az\/wp-content\/uploads\/2024\/06\/547865-2bb1e2b8d5b918758f165641592d66d1.jpg","datePublished":"2024-06-11T18:30:39+00:00","breadcrumb":{"@id":"https:\/\/zoo-land.az\/az\/shop\/cat\/cat-wetfoods\/felix-agail-turkey-75-g\/#breadcrumb"},"inLanguage":"az","potentialAction":[{"@type":"ReadAction","target":["https:\/\/zoo-land.az\/az\/shop\/cat\/cat-wetfoods\/felix-agail-turkey-75-g\/"]}]},{"@type":"ImageObject","inLanguage":"az","@id":"https:\/\/zoo-land.az\/az\/shop\/cat\/cat-wetfoods\/felix-agail-turkey-75-g\/#primaryimage","url":"https:\/\/zoo-land.az\/wp-content\/uploads\/2024\/06\/547865-2bb1e2b8d5b918758f165641592d66d1.jpg","contentUrl":"https:\/\/zoo-land.az\/wp-content\/uploads\/2024\/06\/547865-2bb1e2b8d5b918758f165641592d66d1.jpg","width":840,"height":840},{"@type":"BreadcrumbList","@id":"https:\/\/zoo-land.az\/az\/shop\/cat\/cat-wetfoods\/felix-agail-turkey-75-g\/#breadcrumb","itemListElement":[{"@type":"ListItem","position":1,"name":"Home","item":"https:\/\/zoo-land.az\/ru\/"},{"@type":"ListItem","position":2,"name":"Shop","item":"https:\/\/zoo-land.az\/ru\/"},{"@type":"ListItem","position":3,"name":"Felix Agail Turkey 75 g"}]},{"@type":"WebSite","@id":"https:\/\/zoo-land.az\/#website","url":"https:\/\/zoo-land.az\/","name":"Zooland.az","description":"Xo\u015fb\u0259xt ev heyvanlar\u0131n\u0131n \u00fcnvan\u0131 Zooland.az","publisher":{"@id":"https:\/\/zoo-land.az\/#organization"},"potentialAction":[{"@type":"SearchAction","target":{"@type":"EntryPoint","urlTemplate":"https:\/\/zoo-land.az\/?s={search_term_string}"},"query-input":{"@type":"PropertyValueSpecification","valueRequired":true,"valueName":"search_term_string"}}],"inLanguage":"az"},{"@type":"Organization","@id":"https:\/\/zoo-land.az\/#organization","name":"Zooland.az","url":"https:\/\/zoo-land.az\/","logo":{"@type":"ImageObject","inLanguage":"az","@id":"https:\/\/zoo-land.az\/#\/schema\/logo\/image\/","url":"https:\/\/zoo-land.az\/wp-content\/uploads\/2022\/05\/logo.svg","contentUrl":"https:\/\/zoo-land.az\/wp-content\/uploads\/2022\/05\/logo.svg","width":113,"height":46,"caption":"Zooland.az"},"image":{"@id":"https:\/\/zoo-land.az\/#\/schema\/logo\/image\/"}}]}},"_links":{"self":[{"href":"https:\/\/zoo-land.az\/az\/wp-json\/wp\/v2\/product\/23471","targetHints":{"allow":["GET"]}}],"collection":[{"href":"https:\/\/zoo-land.az\/az\/wp-json\/wp\/v2\/product"}],"about":[{"href":"https:\/\/zoo-land.az\/az\/wp-json\/wp\/v2\/types\/product"}],"wp:featuredmedia":[{"embeddable":true,"href":"https:\/\/zoo-land.az\/az\/wp-json\/wp\/v2\/media\/23472"}],"wp:attachment":[{"href":"https:\/\/zoo-land.az\/az\/wp-json\/wp\/v2\/media?parent=23471"}],"wp:term":[{"taxonomy":"product_cat","embeddable":true,"href":"https:\/\/zoo-land.az\/az\/wp-json\/wp\/v2\/product_cat?post=23471"},{"taxonomy":"product_tag","embeddable":true,"href":"https:\/\/zoo-land.az\/az\/wp-json\/wp\/v2\/product_tag?post=23471"}],"curies":[{"name":"wp","href":"https:\/\/api.w.org\/{rel}","templated":true}]}}