{"id":23487,"date":"2024-06-12T17:50:42","date_gmt":"2024-06-12T17:50:42","guid":{"rendered":"https:\/\/lightsteelblue-zebra-299715.hostingersite.com\/?post_type=product&#038;p=23487"},"modified":"2024-06-12T17:50:42","modified_gmt":"2024-06-12T17:50:42","slug":"bars-spray-for-dogs-100-ml","status":"publish","type":"product","link":"https:\/\/zoo-land.az\/az\/shop\/dog\/medications\/bars-spray-for-dogs-100-ml\/","title":{"rendered":"\u0130tl\u0259r \u00fc\u00e7\u00fcn Bars Sprey 100 ml"},"content":{"rendered":"<p>Barlar - \u0130tl\u0259r \u00fc\u00e7\u00fcn Insektoakarisidal Sprey<\/p>\n<p>Baytarlar t\u0259r\u0259find\u0259n ektoparazitl\u0259rl\u0259 m\u00fcbariz\u0259nin effektiv vasit\u0259si kimi t\u00f6vsiy\u0259 olunur, o c\u00fcml\u0259d\u0259n:<\/p>\n<ul>\n<li>Bir\u0259<\/li>\n<li>Ixodid g\u0259n\u0259l\u0259ri<\/li>\n<li>Bit<\/li>\n<li>Sarkoptoid g\u0259n\u0259l\u0259r<\/li>\n<\/ul>\n<p>Bars insektoakarisid spreyi ektoparazitl\u0259rin s\u00fcr\u0259tli \u00f6l\u00fcm\u00fcn\u0259 t\u00f6hf\u0259 ver\u0259n h\u0259m sistemli, h\u0259m d\u0259 t\u0259mas t\u0259sirin\u0259 malikdir. Bundan \u0259lav\u0259, m\u0259hsul xo\u015f bir qoxuya malikdir v\u0259 h\u0259tta artan h\u0259ssasl\u0131\u011f\u0131 olan ev heyvanlar\u0131nda da d\u0259rinin q\u0131c\u0131qlanmas\u0131na s\u0259b\u0259b olmur. M\u00fct\u0259x\u0259ssisl\u0259r m\u00fcxt\u0259lif entomozlar v\u0259 g\u0259n\u0259 invaziyalar\u0131 \u00fc\u00e7\u00fcn Bars insektoakarisid spreyini t\u0259yin edirl\u0259r.<\/p>\n<p>Bars insektoakarisidal spreyi nec\u0259 d\u00fczg\u00fcn t\u0259tbiq etm\u0259k olar? T\u0259limatlar ev heyvan\u0131n\u0131 a\u00e7\u0131q havada v\u0259 ya yax\u015f\u0131 havaland\u0131r\u0131lan bir \u0259razid\u0259 m\u00fcalic\u0259 etm\u0259yi t\u00f6vsiy\u0259 edir. Ard\u0131c\u0131l olaraq boyun v\u0259 sin\u0259, qulaq qapaqlar\u0131, b\u0259d\u0259n, ayaqlar v\u0259 quyru\u011fu m\u00fcalic\u0259 edin. M\u0259hsulu g\u00f6zl\u0259rin v\u0259 a\u011f\u0131z\u0131n selikli qi\u015falar\u0131na vurmaqdan \u00e7\u0259kinin.<\/p>\n<p>\u0130tl\u0259r ayda bir d\u0259f\u0259d\u0259n \u00e7ox olmayaraq m\u00fcalic\u0259 edilm\u0259li v\u0259 yataq d\u0259stl\u0259ri 1m\u00b2-\u0259 4 sprey presinin hesablanmas\u0131 \u0259sas\u0131nda dezinfeksiya edilm\u0259lidir. M\u0259hdudiyy\u0259tl\u0259r aras\u0131nda ev heyvan\u0131n\u0131n m\u00fcalic\u0259 olunan yataq d\u0259sti v\u0259 \u0259\u015fyalarla t\u0259masda olmas\u0131n\u0131n qar\u015f\u0131s\u0131n\u0131n al\u0131nmas\u0131 daxildir.<\/p>\n<p>X\u018fB\u018fRDARLIQ! T\u0259qdim olunan t\u0259svir r\u0259smi t\u0259limatlar\u0131 \u0259v\u0259z etmir.<\/p>","protected":false},"excerpt":{"rendered":"<p>Bars insektoakarisid spreyi ektoparazitl\u0259rin s\u00fcr\u0259tli \u00f6l\u00fcm\u00fcn\u0259 t\u00f6hf\u0259 ver\u0259n h\u0259m sistemli, h\u0259m d\u0259 t\u0259mas t\u0259sirin\u0259 malikdir. Bundan \u0259lav\u0259, m\u0259hsul xo\u015f bir qoxuya malikdir v\u0259 h\u0259tta artan h\u0259ssasl\u0131\u011f\u0131 olan ev heyvanlar\u0131nda da d\u0259rinin q\u0131c\u0131qlanmas\u0131na s\u0259b\u0259b olmur. M\u00fct\u0259x\u0259ssisl\u0259r m\u00fcxt\u0259lif entomozlar v\u0259 g\u0259n\u0259 invaziyalar\u0131 \u00fc\u00e7\u00fcn Bars insektoakarisid spreyini t\u0259yin edirl\u0259r.<\/p>","protected":false},"featured_media":23511,"template":"","meta":{"inline_featured_image":false,"_joinchat":[]},"product_cat":[107,388],"product_tag":[],"class_list":{"0":"post-23487","1":"product","2":"type-product","3":"status-publish","4":"has-post-thumbnail","6":"product_brand-394","7":"product_cat-dog","8":"product_cat-medications","10":"first","11":"instock","12":"shipping-taxable","13":"purchasable","14":"product-type-simple"},"yoast_head":"<!-- This site is optimized with the Yoast SEO plugin v26.7 - https:\/\/yoast.com\/wordpress\/plugins\/seo\/ -->\n<title>Bars Spray for Dogs 100 ml - Zooland.az<\/title>\n<meta name=\"robots\" content=\"index, follow, max-snippet:-1, max-image-preview:large, max-video-preview:-1\" \/>\n<link rel=\"canonical\" href=\"https:\/\/zoo-land.az\/az\/shop\/dog\/medications\/bars-spray-for-dogs-100-ml\/\" \/>\n<meta property=\"og:locale\" content=\"az_AZ\" \/>\n<meta property=\"og:type\" content=\"article\" \/>\n<meta property=\"og:title\" content=\"Bars Spray for Dogs 100 ml - Zooland.az\" \/>\n<meta property=\"og:description\" content=\"The Bars insectoacaricidal spray has both systemic and contact action, contributing to the rapid death of ectoparasites. Additionally, the product has a pleasant smell and does not cause skin irritation, even in pets with increased sensitivity. Specialists prescribe Bars insectoacaricidal spray for various entomoses and tick infestations.\" \/>\n<meta property=\"og:url\" content=\"https:\/\/zoo-land.az\/az\/shop\/dog\/medications\/bars-spray-for-dogs-100-ml\/\" \/>\n<meta property=\"og:site_name\" content=\"Zooland.az\" \/>\n<meta property=\"og:image\" content=\"https:\/\/zoo-land.az\/wp-content\/uploads\/2024\/06\/142400-15ab17fef141adedfd630d0c21989e79.webp\" \/>\n\t<meta property=\"og:image:width\" content=\"840\" \/>\n\t<meta property=\"og:image:height\" content=\"840\" \/>\n\t<meta property=\"og:image:type\" content=\"image\/webp\" \/>\n<meta name=\"twitter:card\" content=\"summary_large_image\" \/>\n<meta name=\"twitter:label1\" content=\"Est. reading time\" \/>\n\t<meta name=\"twitter:data1\" content=\"1 minute\" \/>\n<script type=\"application\/ld+json\" class=\"yoast-schema-graph\">{\"@context\":\"https:\/\/schema.org\",\"@graph\":[{\"@type\":\"WebPage\",\"@id\":\"https:\/\/zoo-land.az\/shop\/dog\/medications\/bars-spray-for-dogs-100-ml\/\",\"url\":\"https:\/\/zoo-land.az\/shop\/dog\/medications\/bars-spray-for-dogs-100-ml\/\",\"name\":\"Bars Spray for Dogs 100 ml - Zooland.az\",\"isPartOf\":{\"@id\":\"https:\/\/zoo-land.az\/#website\"},\"primaryImageOfPage\":{\"@id\":\"https:\/\/zoo-land.az\/shop\/dog\/medications\/bars-spray-for-dogs-100-ml\/#primaryimage\"},\"image\":{\"@id\":\"https:\/\/zoo-land.az\/shop\/dog\/medications\/bars-spray-for-dogs-100-ml\/#primaryimage\"},\"thumbnailUrl\":\"https:\/\/zoo-land.az\/wp-content\/uploads\/2024\/06\/142400-15ab17fef141adedfd630d0c21989e79.webp\",\"datePublished\":\"2024-06-12T17:50:42+00:00\",\"breadcrumb\":{\"@id\":\"https:\/\/zoo-land.az\/shop\/dog\/medications\/bars-spray-for-dogs-100-ml\/#breadcrumb\"},\"inLanguage\":\"az\",\"potentialAction\":[{\"@type\":\"ReadAction\",\"target\":[\"https:\/\/zoo-land.az\/shop\/dog\/medications\/bars-spray-for-dogs-100-ml\/\"]}]},{\"@type\":\"ImageObject\",\"inLanguage\":\"az\",\"@id\":\"https:\/\/zoo-land.az\/shop\/dog\/medications\/bars-spray-for-dogs-100-ml\/#primaryimage\",\"url\":\"https:\/\/zoo-land.az\/wp-content\/uploads\/2024\/06\/142400-15ab17fef141adedfd630d0c21989e79.webp\",\"contentUrl\":\"https:\/\/zoo-land.az\/wp-content\/uploads\/2024\/06\/142400-15ab17fef141adedfd630d0c21989e79.webp\",\"width\":840,\"height\":840},{\"@type\":\"BreadcrumbList\",\"@id\":\"https:\/\/zoo-land.az\/shop\/dog\/medications\/bars-spray-for-dogs-100-ml\/#breadcrumb\",\"itemListElement\":[{\"@type\":\"ListItem\",\"position\":1,\"name\":\"Home\",\"item\":\"https:\/\/zoo-land.az\/ru\/\"},{\"@type\":\"ListItem\",\"position\":2,\"name\":\"Shop\",\"item\":\"https:\/\/zoo-land.az\/ru\/\"},{\"@type\":\"ListItem\",\"position\":3,\"name\":\"Bars Spray for Dogs 100 ml\"}]},{\"@type\":\"WebSite\",\"@id\":\"https:\/\/zoo-land.az\/#website\",\"url\":\"https:\/\/zoo-land.az\/\",\"name\":\"Zooland.az\",\"description\":\"Xo\u015fb\u0259xt ev heyvanlar\u0131n\u0131n \u00fcnvan\u0131 Zooland.az\",\"publisher\":{\"@id\":\"https:\/\/zoo-land.az\/#organization\"},\"potentialAction\":[{\"@type\":\"SearchAction\",\"target\":{\"@type\":\"EntryPoint\",\"urlTemplate\":\"https:\/\/zoo-land.az\/?s={search_term_string}\"},\"query-input\":{\"@type\":\"PropertyValueSpecification\",\"valueRequired\":true,\"valueName\":\"search_term_string\"}}],\"inLanguage\":\"az\"},{\"@type\":\"Organization\",\"@id\":\"https:\/\/zoo-land.az\/#organization\",\"name\":\"Zooland.az\",\"url\":\"https:\/\/zoo-land.az\/\",\"logo\":{\"@type\":\"ImageObject\",\"inLanguage\":\"az\",\"@id\":\"https:\/\/zoo-land.az\/#\/schema\/logo\/image\/\",\"url\":\"https:\/\/zoo-land.az\/wp-content\/uploads\/2022\/05\/logo.svg\",\"contentUrl\":\"https:\/\/zoo-land.az\/wp-content\/uploads\/2022\/05\/logo.svg\",\"width\":113,\"height\":46,\"caption\":\"Zooland.az\"},\"image\":{\"@id\":\"https:\/\/zoo-land.az\/#\/schema\/logo\/image\/\"}}]}<\/script>\n<!-- \/ Yoast SEO plugin. -->","yoast_head_json":{"title":"Bars Spray for Dogs 100 ml - Zooland.az","robots":{"index":"index","follow":"follow","max-snippet":"max-snippet:-1","max-image-preview":"max-image-preview:large","max-video-preview":"max-video-preview:-1"},"canonical":"https:\/\/zoo-land.az\/az\/shop\/dog\/medications\/bars-spray-for-dogs-100-ml\/","og_locale":"az_AZ","og_type":"article","og_title":"Bars Spray for Dogs 100 ml - Zooland.az","og_description":"The Bars insectoacaricidal spray has both systemic and contact action, contributing to the rapid death of ectoparasites. Additionally, the product has a pleasant smell and does not cause skin irritation, even in pets with increased sensitivity. Specialists prescribe Bars insectoacaricidal spray for various entomoses and tick infestations.","og_url":"https:\/\/zoo-land.az\/az\/shop\/dog\/medications\/bars-spray-for-dogs-100-ml\/","og_site_name":"Zooland.az","og_image":[{"width":840,"height":840,"url":"https:\/\/zoo-land.az\/wp-content\/uploads\/2024\/06\/142400-15ab17fef141adedfd630d0c21989e79.webp","type":"image\/webp"}],"twitter_card":"summary_large_image","twitter_misc":{"Est. reading time":"1 minute"},"schema":{"@context":"https:\/\/schema.org","@graph":[{"@type":"WebPage","@id":"https:\/\/zoo-land.az\/shop\/dog\/medications\/bars-spray-for-dogs-100-ml\/","url":"https:\/\/zoo-land.az\/shop\/dog\/medications\/bars-spray-for-dogs-100-ml\/","name":"Bars Spray for Dogs 100 ml - Zooland.az","isPartOf":{"@id":"https:\/\/zoo-land.az\/#website"},"primaryImageOfPage":{"@id":"https:\/\/zoo-land.az\/shop\/dog\/medications\/bars-spray-for-dogs-100-ml\/#primaryimage"},"image":{"@id":"https:\/\/zoo-land.az\/shop\/dog\/medications\/bars-spray-for-dogs-100-ml\/#primaryimage"},"thumbnailUrl":"https:\/\/zoo-land.az\/wp-content\/uploads\/2024\/06\/142400-15ab17fef141adedfd630d0c21989e79.webp","datePublished":"2024-06-12T17:50:42+00:00","breadcrumb":{"@id":"https:\/\/zoo-land.az\/shop\/dog\/medications\/bars-spray-for-dogs-100-ml\/#breadcrumb"},"inLanguage":"az","potentialAction":[{"@type":"ReadAction","target":["https:\/\/zoo-land.az\/shop\/dog\/medications\/bars-spray-for-dogs-100-ml\/"]}]},{"@type":"ImageObject","inLanguage":"az","@id":"https:\/\/zoo-land.az\/shop\/dog\/medications\/bars-spray-for-dogs-100-ml\/#primaryimage","url":"https:\/\/zoo-land.az\/wp-content\/uploads\/2024\/06\/142400-15ab17fef141adedfd630d0c21989e79.webp","contentUrl":"https:\/\/zoo-land.az\/wp-content\/uploads\/2024\/06\/142400-15ab17fef141adedfd630d0c21989e79.webp","width":840,"height":840},{"@type":"BreadcrumbList","@id":"https:\/\/zoo-land.az\/shop\/dog\/medications\/bars-spray-for-dogs-100-ml\/#breadcrumb","itemListElement":[{"@type":"ListItem","position":1,"name":"Home","item":"https:\/\/zoo-land.az\/ru\/"},{"@type":"ListItem","position":2,"name":"Shop","item":"https:\/\/zoo-land.az\/ru\/"},{"@type":"ListItem","position":3,"name":"Bars Spray for Dogs 100 ml"}]},{"@type":"WebSite","@id":"https:\/\/zoo-land.az\/#website","url":"https:\/\/zoo-land.az\/","name":"Zooland.az","description":"Xo\u015fb\u0259xt ev heyvanlar\u0131n\u0131n \u00fcnvan\u0131 Zooland.az","publisher":{"@id":"https:\/\/zoo-land.az\/#organization"},"potentialAction":[{"@type":"SearchAction","target":{"@type":"EntryPoint","urlTemplate":"https:\/\/zoo-land.az\/?s={search_term_string}"},"query-input":{"@type":"PropertyValueSpecification","valueRequired":true,"valueName":"search_term_string"}}],"inLanguage":"az"},{"@type":"Organization","@id":"https:\/\/zoo-land.az\/#organization","name":"Zooland.az","url":"https:\/\/zoo-land.az\/","logo":{"@type":"ImageObject","inLanguage":"az","@id":"https:\/\/zoo-land.az\/#\/schema\/logo\/image\/","url":"https:\/\/zoo-land.az\/wp-content\/uploads\/2022\/05\/logo.svg","contentUrl":"https:\/\/zoo-land.az\/wp-content\/uploads\/2022\/05\/logo.svg","width":113,"height":46,"caption":"Zooland.az"},"image":{"@id":"https:\/\/zoo-land.az\/#\/schema\/logo\/image\/"}}]}},"_links":{"self":[{"href":"https:\/\/zoo-land.az\/az\/wp-json\/wp\/v2\/product\/23487","targetHints":{"allow":["GET"]}}],"collection":[{"href":"https:\/\/zoo-land.az\/az\/wp-json\/wp\/v2\/product"}],"about":[{"href":"https:\/\/zoo-land.az\/az\/wp-json\/wp\/v2\/types\/product"}],"wp:featuredmedia":[{"embeddable":true,"href":"https:\/\/zoo-land.az\/az\/wp-json\/wp\/v2\/media\/23511"}],"wp:attachment":[{"href":"https:\/\/zoo-land.az\/az\/wp-json\/wp\/v2\/media?parent=23487"}],"wp:term":[{"taxonomy":"product_cat","embeddable":true,"href":"https:\/\/zoo-land.az\/az\/wp-json\/wp\/v2\/product_cat?post=23487"},{"taxonomy":"product_tag","embeddable":true,"href":"https:\/\/zoo-land.az\/az\/wp-json\/wp\/v2\/product_tag?post=23487"}],"curies":[{"name":"wp","href":"https:\/\/api.w.org\/{rel}","templated":true}]}}