{"id":23488,"date":"2024-06-12T11:48:54","date_gmt":"2024-06-12T11:48:54","guid":{"rendered":"https:\/\/lightsteelblue-zebra-299715.hostingersite.com\/?post_type=product&#038;p=23488"},"modified":"2024-06-12T11:48:54","modified_gmt":"2024-06-12T11:48:54","slug":"lekar-drops-for-cats","status":"publish","type":"product","link":"https:\/\/zoo-land.az\/az\/shop\/cat\/medications-cat\/lekar-drops-for-cats\/","title":{"rendered":"Pi\u015fikl\u0259r \u00fc\u00e7\u00fcn Lekar Damlalar\u0131"},"content":{"rendered":"<div class=\"flex flex-grow flex-col max-w-full\">\n<div class=\"min-h-[20px] text-message flex flex-col items-start whitespace-pre-wrap break-words [.text-message+&amp;]:mt-5 juice:w-full juice:items-end overflow-x-auto gap-2\" dir=\"auto\" data-message-author-role=\"assistant\" data-message-id=\"dc9e732e-2358-49cd-a1e0-a60e05d593b2\">\n<div class=\"flex w-full flex-col gap-1 juice:empty:hidden juice:first:pt-[3px]\">\n<div class=\"markdown prose w-full break-words dark:prose-invert dark\">\n<p>Bu m\u0259hsul a\u00e7\u0131q sar\u0131dan sar\u0131 r\u0259ng\u0259 q\u0259d\u0259r \u015f\u0259ffaf maye \u015f\u0259klind\u0259 g\u0259lir.<\/p>\n<h4>Aktiv inqrediyent:<\/h4>\n<ul>\n<li><strong>Fipronil<\/strong>: Fenilpirazol qrupuna aiddir. Fipronil pi\u015fikl\u0259ri yoluxduran bitl\u0259rin, bir\u0259l\u0259rin, t\u00fck bitl\u0259rinin v\u0259 g\u0259n\u0259l\u0259rin (ixodid v\u0259 cheyletiella daxil olmaqla) m\u00fcxt\u0259lif m\u0259rh\u0259l\u0259l\u0259rin\u0259 qar\u015f\u0131 t\u0259sirlidir.<\/li>\n<\/ul>\n<h4>F\u0259aliyy\u0259t mexanizmi:<\/h4>\n<ul>\n<li><strong>Fipronil<\/strong> parazitl\u0259rin GABA (qamma-aminobutirik tur\u015fu) reseptorlar\u0131n\u0131 bloklayaraq sinir impulslar\u0131n\u0131n \u00f6t\u00fcr\u00fclm\u0259sini pozaraq i\u015fl\u0259yir. Bu, ektoparazitl\u0259rin iflicin\u0259 v\u0259 \u00f6l\u00fcm\u00fcn\u0259 s\u0259b\u0259b olur.<\/li>\n<li>M\u0259hsul qana hopmur, lakin 24 saat \u0259rzind\u0259 t\u0259dric\u0259n pi\u015fiyin b\u0259d\u0259n s\u0259thin\u0259 yay\u0131l\u0131r. Sa\u00e7\u0131n xarici kutikulunda lokalla\u015fd\u0131r\u0131l\u0131r v\u0259 piy v\u0259zil\u0259rind\u0259 ehtiyat saxlay\u0131r, parazit\u0259 uzunm\u00fcdd\u0259tli t\u0259masda t\u0259sir g\u00f6st\u0259rir.<\/li>\n<\/ul>\n<h4>Effektivlik:<\/h4>\n<ul>\n<li><strong>B\u00f6c\u0259k \u00d6l\u00fcm\u00fc<\/strong>: Heyvana yoluxan h\u0259\u015f\u0259ratlar 8 saat \u0259rzind\u0259 \u00f6l\u00fcrl\u0259r.<\/li>\n<li><strong>\u00d6l\u00fcm\u00fc i\u015far\u0259l\u0259yin<\/strong>: Ixodid g\u0259n\u0259l\u0259ri 48 saat \u0259rzind\u0259 m\u0259hv edilir.<\/li>\n<li><strong>Qoruyucu M\u00fcdd\u0259t<\/strong>:\n<ul>\n<li>\u0130xodid g\u0259n\u0259l\u0259r\u0259 qar\u015f\u0131: 1 aya q\u0259d\u0259r.<\/li>\n<li>Yetkin h\u0259\u015f\u0259ratlara qar\u015f\u0131: 3 aya q\u0259d\u0259r.<\/li>\n<\/ul>\n<\/li>\n<\/ul>\n<h4>\u0130stifad\u0259si:<\/h4>\n<ul>\n<li>M\u00fcxt\u0259lif cins v\u0259 ya\u015f pi\u015fikl\u0259ri \u00fc\u00e7\u00fcn uy\u011fundur, xarici parazitl\u0259r\u0259 qar\u015f\u0131 effektiv m\u00fcdafi\u0259 v\u0259 m\u00fcalic\u0259ni t\u0259min edir.<\/li>\n<\/ul>\n<\/div>\n<\/div>\n<\/div>\n<\/div>\n<div class=\"mt-1 flex gap-3 empty:hidden juice:-ml-3\">\n<div class=\"items-center justify-start rounded-xl p-1 flex\">\n<div class=\"flex items-center\"><button class=\"rounded-lg text-token-text-secondary hover:bg-token-main-surface-secondary\"><\/button><button class=\"rounded-lg text-token-text-secondary hover:bg-token-main-surface-secondary\"><\/button><button class=\"rounded-lg text-token-text-secondary hover:bg-token-main-surface-secondary\"><\/button><\/p>\n<div class=\"flex\"><\/div>\n<div class=\"flex items-center pb-0.5 juice:pb-0\">\n<div class=\"[&amp;_svg]:h-full [&amp;_svg]:w-full icon-md h-4 w-4\"><\/div>\n<p><span class=\"line-clamp-1 text-sm\">4o<\/span><\/div>\n<\/div>\n<\/div>\n<\/div>","protected":false},"excerpt":{"rendered":"<p>Bu m\u0259hsul a\u00e7\u0131q sar\u0131dan sar\u0131 r\u0259ng\u0259 q\u0259d\u0259r \u015f\u0259ffaf maye \u015f\u0259klind\u0259 g\u0259lir.<\/p>","protected":false},"featured_media":23489,"template":"","meta":{"inline_featured_image":false,"_joinchat":[]},"product_cat":[188,390],"product_tag":[],"class_list":{"0":"post-23488","1":"product","2":"type-product","3":"status-publish","4":"has-post-thumbnail","6":"product_brand-393","7":"product_cat-cat","8":"product_cat-medications-cat","10":"first","11":"instock","12":"shipping-taxable","13":"purchasable","14":"product-type-simple"},"yoast_head":"<!-- This site is optimized with the Yoast SEO plugin v26.7 - https:\/\/yoast.com\/wordpress\/plugins\/seo\/ -->\n<title>Lekar Drops for Cats - Zooland.az<\/title>\n<meta name=\"robots\" content=\"index, follow, max-snippet:-1, max-image-preview:large, max-video-preview:-1\" \/>\n<link rel=\"canonical\" href=\"https:\/\/zoo-land.az\/az\/shop\/cat\/medications-cat\/lekar-drops-for-cats\/\" \/>\n<meta property=\"og:locale\" content=\"az_AZ\" \/>\n<meta property=\"og:type\" content=\"article\" \/>\n<meta property=\"og:title\" content=\"Lekar Drops for Cats - Zooland.az\" \/>\n<meta property=\"og:description\" content=\"This product comes in the form of a clear liquid ranging from light yellow to yellow in color.\" \/>\n<meta property=\"og:url\" content=\"https:\/\/zoo-land.az\/az\/shop\/cat\/medications-cat\/lekar-drops-for-cats\/\" \/>\n<meta property=\"og:site_name\" content=\"Zooland.az\" \/>\n<meta property=\"og:image\" content=\"https:\/\/zoo-land.az\/wp-content\/uploads\/2024\/06\/Screenshot-2024-06-12-at-15.45.18.png\" \/>\n\t<meta property=\"og:image:width\" content=\"1368\" \/>\n\t<meta property=\"og:image:height\" content=\"1560\" \/>\n\t<meta property=\"og:image:type\" content=\"image\/png\" \/>\n<meta name=\"twitter:card\" content=\"summary_large_image\" \/>\n<meta name=\"twitter:label1\" content=\"Est. reading time\" \/>\n\t<meta name=\"twitter:data1\" content=\"1 minute\" \/>\n<script type=\"application\/ld+json\" class=\"yoast-schema-graph\">{\"@context\":\"https:\/\/schema.org\",\"@graph\":[{\"@type\":\"WebPage\",\"@id\":\"https:\/\/zoo-land.az\/shop\/cat\/medications-cat\/lekar-drops-for-cats\/\",\"url\":\"https:\/\/zoo-land.az\/shop\/cat\/medications-cat\/lekar-drops-for-cats\/\",\"name\":\"Lekar Drops for Cats - Zooland.az\",\"isPartOf\":{\"@id\":\"https:\/\/zoo-land.az\/#website\"},\"primaryImageOfPage\":{\"@id\":\"https:\/\/zoo-land.az\/shop\/cat\/medications-cat\/lekar-drops-for-cats\/#primaryimage\"},\"image\":{\"@id\":\"https:\/\/zoo-land.az\/shop\/cat\/medications-cat\/lekar-drops-for-cats\/#primaryimage\"},\"thumbnailUrl\":\"https:\/\/zoo-land.az\/wp-content\/uploads\/2024\/06\/Screenshot-2024-06-12-at-15.45.18.png\",\"datePublished\":\"2024-06-12T11:48:54+00:00\",\"breadcrumb\":{\"@id\":\"https:\/\/zoo-land.az\/shop\/cat\/medications-cat\/lekar-drops-for-cats\/#breadcrumb\"},\"inLanguage\":\"az\",\"potentialAction\":[{\"@type\":\"ReadAction\",\"target\":[\"https:\/\/zoo-land.az\/shop\/cat\/medications-cat\/lekar-drops-for-cats\/\"]}]},{\"@type\":\"ImageObject\",\"inLanguage\":\"az\",\"@id\":\"https:\/\/zoo-land.az\/shop\/cat\/medications-cat\/lekar-drops-for-cats\/#primaryimage\",\"url\":\"https:\/\/zoo-land.az\/wp-content\/uploads\/2024\/06\/Screenshot-2024-06-12-at-15.45.18.png\",\"contentUrl\":\"https:\/\/zoo-land.az\/wp-content\/uploads\/2024\/06\/Screenshot-2024-06-12-at-15.45.18.png\",\"width\":1368,\"height\":1560},{\"@type\":\"BreadcrumbList\",\"@id\":\"https:\/\/zoo-land.az\/shop\/cat\/medications-cat\/lekar-drops-for-cats\/#breadcrumb\",\"itemListElement\":[{\"@type\":\"ListItem\",\"position\":1,\"name\":\"Home\",\"item\":\"https:\/\/zoo-land.az\/ru\/\"},{\"@type\":\"ListItem\",\"position\":2,\"name\":\"Shop\",\"item\":\"https:\/\/zoo-land.az\/ru\/\"},{\"@type\":\"ListItem\",\"position\":3,\"name\":\"Lekar Drops for Cats\"}]},{\"@type\":\"WebSite\",\"@id\":\"https:\/\/zoo-land.az\/#website\",\"url\":\"https:\/\/zoo-land.az\/\",\"name\":\"Zooland.az\",\"description\":\"Xo\u015fb\u0259xt ev heyvanlar\u0131n\u0131n \u00fcnvan\u0131 Zooland.az\",\"publisher\":{\"@id\":\"https:\/\/zoo-land.az\/#organization\"},\"potentialAction\":[{\"@type\":\"SearchAction\",\"target\":{\"@type\":\"EntryPoint\",\"urlTemplate\":\"https:\/\/zoo-land.az\/?s={search_term_string}\"},\"query-input\":{\"@type\":\"PropertyValueSpecification\",\"valueRequired\":true,\"valueName\":\"search_term_string\"}}],\"inLanguage\":\"az\"},{\"@type\":\"Organization\",\"@id\":\"https:\/\/zoo-land.az\/#organization\",\"name\":\"Zooland.az\",\"url\":\"https:\/\/zoo-land.az\/\",\"logo\":{\"@type\":\"ImageObject\",\"inLanguage\":\"az\",\"@id\":\"https:\/\/zoo-land.az\/#\/schema\/logo\/image\/\",\"url\":\"https:\/\/zoo-land.az\/wp-content\/uploads\/2022\/05\/logo.svg\",\"contentUrl\":\"https:\/\/zoo-land.az\/wp-content\/uploads\/2022\/05\/logo.svg\",\"width\":113,\"height\":46,\"caption\":\"Zooland.az\"},\"image\":{\"@id\":\"https:\/\/zoo-land.az\/#\/schema\/logo\/image\/\"}}]}<\/script>\n<!-- \/ Yoast SEO plugin. -->","yoast_head_json":{"title":"Lekar Drops for Cats - Zooland.az","robots":{"index":"index","follow":"follow","max-snippet":"max-snippet:-1","max-image-preview":"max-image-preview:large","max-video-preview":"max-video-preview:-1"},"canonical":"https:\/\/zoo-land.az\/az\/shop\/cat\/medications-cat\/lekar-drops-for-cats\/","og_locale":"az_AZ","og_type":"article","og_title":"Lekar Drops for Cats - Zooland.az","og_description":"This product comes in the form of a clear liquid ranging from light yellow to yellow in color.","og_url":"https:\/\/zoo-land.az\/az\/shop\/cat\/medications-cat\/lekar-drops-for-cats\/","og_site_name":"Zooland.az","og_image":[{"width":1368,"height":1560,"url":"https:\/\/zoo-land.az\/wp-content\/uploads\/2024\/06\/Screenshot-2024-06-12-at-15.45.18.png","type":"image\/png"}],"twitter_card":"summary_large_image","twitter_misc":{"Est. reading time":"1 minute"},"schema":{"@context":"https:\/\/schema.org","@graph":[{"@type":"WebPage","@id":"https:\/\/zoo-land.az\/shop\/cat\/medications-cat\/lekar-drops-for-cats\/","url":"https:\/\/zoo-land.az\/shop\/cat\/medications-cat\/lekar-drops-for-cats\/","name":"Lekar Drops for Cats - Zooland.az","isPartOf":{"@id":"https:\/\/zoo-land.az\/#website"},"primaryImageOfPage":{"@id":"https:\/\/zoo-land.az\/shop\/cat\/medications-cat\/lekar-drops-for-cats\/#primaryimage"},"image":{"@id":"https:\/\/zoo-land.az\/shop\/cat\/medications-cat\/lekar-drops-for-cats\/#primaryimage"},"thumbnailUrl":"https:\/\/zoo-land.az\/wp-content\/uploads\/2024\/06\/Screenshot-2024-06-12-at-15.45.18.png","datePublished":"2024-06-12T11:48:54+00:00","breadcrumb":{"@id":"https:\/\/zoo-land.az\/shop\/cat\/medications-cat\/lekar-drops-for-cats\/#breadcrumb"},"inLanguage":"az","potentialAction":[{"@type":"ReadAction","target":["https:\/\/zoo-land.az\/shop\/cat\/medications-cat\/lekar-drops-for-cats\/"]}]},{"@type":"ImageObject","inLanguage":"az","@id":"https:\/\/zoo-land.az\/shop\/cat\/medications-cat\/lekar-drops-for-cats\/#primaryimage","url":"https:\/\/zoo-land.az\/wp-content\/uploads\/2024\/06\/Screenshot-2024-06-12-at-15.45.18.png","contentUrl":"https:\/\/zoo-land.az\/wp-content\/uploads\/2024\/06\/Screenshot-2024-06-12-at-15.45.18.png","width":1368,"height":1560},{"@type":"BreadcrumbList","@id":"https:\/\/zoo-land.az\/shop\/cat\/medications-cat\/lekar-drops-for-cats\/#breadcrumb","itemListElement":[{"@type":"ListItem","position":1,"name":"Home","item":"https:\/\/zoo-land.az\/ru\/"},{"@type":"ListItem","position":2,"name":"Shop","item":"https:\/\/zoo-land.az\/ru\/"},{"@type":"ListItem","position":3,"name":"Lekar Drops for Cats"}]},{"@type":"WebSite","@id":"https:\/\/zoo-land.az\/#website","url":"https:\/\/zoo-land.az\/","name":"Zooland.az","description":"Xo\u015fb\u0259xt ev heyvanlar\u0131n\u0131n \u00fcnvan\u0131 Zooland.az","publisher":{"@id":"https:\/\/zoo-land.az\/#organization"},"potentialAction":[{"@type":"SearchAction","target":{"@type":"EntryPoint","urlTemplate":"https:\/\/zoo-land.az\/?s={search_term_string}"},"query-input":{"@type":"PropertyValueSpecification","valueRequired":true,"valueName":"search_term_string"}}],"inLanguage":"az"},{"@type":"Organization","@id":"https:\/\/zoo-land.az\/#organization","name":"Zooland.az","url":"https:\/\/zoo-land.az\/","logo":{"@type":"ImageObject","inLanguage":"az","@id":"https:\/\/zoo-land.az\/#\/schema\/logo\/image\/","url":"https:\/\/zoo-land.az\/wp-content\/uploads\/2022\/05\/logo.svg","contentUrl":"https:\/\/zoo-land.az\/wp-content\/uploads\/2022\/05\/logo.svg","width":113,"height":46,"caption":"Zooland.az"},"image":{"@id":"https:\/\/zoo-land.az\/#\/schema\/logo\/image\/"}}]}},"_links":{"self":[{"href":"https:\/\/zoo-land.az\/az\/wp-json\/wp\/v2\/product\/23488","targetHints":{"allow":["GET"]}}],"collection":[{"href":"https:\/\/zoo-land.az\/az\/wp-json\/wp\/v2\/product"}],"about":[{"href":"https:\/\/zoo-land.az\/az\/wp-json\/wp\/v2\/types\/product"}],"wp:featuredmedia":[{"embeddable":true,"href":"https:\/\/zoo-land.az\/az\/wp-json\/wp\/v2\/media\/23489"}],"wp:attachment":[{"href":"https:\/\/zoo-land.az\/az\/wp-json\/wp\/v2\/media?parent=23488"}],"wp:term":[{"taxonomy":"product_cat","embeddable":true,"href":"https:\/\/zoo-land.az\/az\/wp-json\/wp\/v2\/product_cat?post=23488"},{"taxonomy":"product_tag","embeddable":true,"href":"https:\/\/zoo-land.az\/az\/wp-json\/wp\/v2\/product_tag?post=23488"}],"curies":[{"name":"wp","href":"https:\/\/api.w.org\/{rel}","templated":true}]}}