{"id":23494,"date":"2024-06-12T12:31:05","date_gmt":"2024-06-12T12:31:05","guid":{"rendered":"https:\/\/lightsteelblue-zebra-299715.hostingersite.com\/?post_type=product&#038;p=23494"},"modified":"2024-06-12T12:31:05","modified_gmt":"2024-06-12T12:31:05","slug":"stop-itch-spray-for-cats-and-dogs","status":"publish","type":"product","link":"https:\/\/zoo-land.az\/az\/shop\/cat\/medications-cat\/stop-itch-spray-for-cats-and-dogs\/","title":{"rendered":"Stop-Itch Spray for Cats and Dogs"},"content":{"rendered":"<p>Stop-Itch Spray for Cats and Dogs 30ml.<\/p>\n<p>Indications for use<br \/>\nStop-Itch spray is applied to dogs and cats for the treatment of acute and chronic dermatitis (atopic dermatitis, eczema, diffuse neurodermatitis, scratches, alopecia, infected dermatitis, reactions to insect bites) and otitis of allergic or bacterial etiology.<\/p>\n<p>Dosage and Administration<br \/>\nHolding the bottle vertically and pressing the spray head, aim the sprayer at the affected area from a distance of 10-15 cm.<br \/>\nFor the treatment of dermatitis, apply Stop-Itch spray to the affected areas, spraying a thin layer twice a day after their preliminary sanitary treatment.<br \/>\nThe course of treatment should not exceed 10 days.<br \/>\nFor the treatment of otitis, clean the external auditory canal from scabs and crusts, then evenly moisten the inner surface of the ear shell by directing the sprayer into it.<br \/>\nAfter that, fold the ear shell in half and massage its base.<br \/>\nTreatment is carried out 2-3 times a day for 5-7 days.<br \/>\nThe course of treatment can be extended at the discretion of the attending veterinarian.<br \/>\nTo prevent the animal from licking off the medication, a muzzle, collar, or loop made of ribbon should be placed on the animal, which should be removed 15-20 minutes after treatment.<\/p>\n<p>Contraindications<br \/>\nContraindications for use include individual intolerance to the components of the drug (including in the medical history), viral diseases, and diabetes.<\/p>\n<p>Features and Advantages<br \/>\nFast anti-allergic and anti-inflammatory effect due to the presence of triamcinolone.<br \/>\nAntibacterial and wound-healing effect at the site of scratches.<\/p>","protected":false},"excerpt":{"rendered":"<p>Stop-Itch spray is applied to dogs and cats for the treatment of acute and chronic dermatitis (atopic dermatitis, eczema, diffuse neurodermatitis, scratches, alopecia, infected dermatitis, reactions to insect bites) and otitis of allergic or bacterial etiology.<\/p>","protected":false},"featured_media":23496,"template":"","meta":{"inline_featured_image":false,"_joinchat":[]},"product_cat":[188,107,388,390],"product_tag":[],"class_list":{"0":"post-23494","1":"product","2":"type-product","3":"status-publish","4":"has-post-thumbnail","6":"product_brand-apicenna","7":"product_cat-cat","8":"product_cat-dog","9":"product_cat-medications","10":"product_cat-medications-cat","12":"first","13":"instock","14":"shipping-taxable","15":"purchasable","16":"product-type-simple"},"yoast_head":"<!-- This site is optimized with the Yoast SEO plugin v27.4 - https:\/\/yoast.com\/product\/yoast-seo-wordpress\/ -->\n<title>Stop-Itch Spray for Cats and Dogs - Zooland.az<\/title>\n<meta name=\"robots\" content=\"index, follow, max-snippet:-1, max-image-preview:large, max-video-preview:-1\" \/>\n<link rel=\"canonical\" href=\"https:\/\/zoo-land.az\/az\/shop\/cat\/medications-cat\/stop-itch-spray-for-cats-and-dogs\/\" \/>\n<meta property=\"og:locale\" content=\"az_AZ\" \/>\n<meta property=\"og:type\" content=\"article\" \/>\n<meta property=\"og:title\" content=\"Stop-Itch Spray for Cats and Dogs - Zooland.az\" \/>\n<meta property=\"og:description\" content=\"Stop-Itch spray is applied to dogs and cats for the treatment of acute and chronic dermatitis (atopic dermatitis, eczema, diffuse neurodermatitis, scratches, alopecia, infected dermatitis, reactions to insect bites) and otitis of allergic or bacterial etiology.\" \/>\n<meta property=\"og:url\" content=\"https:\/\/zoo-land.az\/az\/shop\/cat\/medications-cat\/stop-itch-spray-for-cats-and-dogs\/\" \/>\n<meta property=\"og:site_name\" content=\"Zooland.az\" \/>\n<meta property=\"og:image\" content=\"https:\/\/zoo-land.az\/wp-content\/uploads\/2024\/06\/b43ebabbdbf3b57a0e32d555efe65c10.jpg\" \/>\n\t<meta property=\"og:image:width\" content=\"800\" \/>\n\t<meta property=\"og:image:height\" content=\"800\" \/>\n\t<meta property=\"og:image:type\" content=\"image\/jpeg\" \/>\n<meta name=\"twitter:card\" content=\"summary_large_image\" \/>\n<meta name=\"twitter:label1\" content=\"Est. reading time\" \/>\n\t<meta name=\"twitter:data1\" content=\"1 minute\" \/>\n<script type=\"application\/ld+json\" class=\"yoast-schema-graph\">{\"@context\":\"https:\\\/\\\/schema.org\",\"@graph\":[{\"@type\":\"WebPage\",\"@id\":\"https:\\\/\\\/zoo-land.az\\\/az\\\/shop\\\/cat\\\/medications-cat\\\/stop-itch-spray-for-cats-and-dogs\\\/\",\"url\":\"https:\\\/\\\/zoo-land.az\\\/az\\\/shop\\\/cat\\\/medications-cat\\\/stop-itch-spray-for-cats-and-dogs\\\/\",\"name\":\"Stop-Itch Spray for Cats and Dogs - Zooland.az\",\"isPartOf\":{\"@id\":\"https:\\\/\\\/zoo-land.az\\\/#website\"},\"primaryImageOfPage\":{\"@id\":\"https:\\\/\\\/zoo-land.az\\\/az\\\/shop\\\/cat\\\/medications-cat\\\/stop-itch-spray-for-cats-and-dogs\\\/#primaryimage\"},\"image\":{\"@id\":\"https:\\\/\\\/zoo-land.az\\\/az\\\/shop\\\/cat\\\/medications-cat\\\/stop-itch-spray-for-cats-and-dogs\\\/#primaryimage\"},\"thumbnailUrl\":\"https:\\\/\\\/zoo-land.az\\\/wp-content\\\/uploads\\\/2024\\\/06\\\/b43ebabbdbf3b57a0e32d555efe65c10.jpg\",\"datePublished\":\"2024-06-12T12:31:05+00:00\",\"breadcrumb\":{\"@id\":\"https:\\\/\\\/zoo-land.az\\\/az\\\/shop\\\/cat\\\/medications-cat\\\/stop-itch-spray-for-cats-and-dogs\\\/#breadcrumb\"},\"inLanguage\":\"az\",\"potentialAction\":[{\"@type\":\"ReadAction\",\"target\":[\"https:\\\/\\\/zoo-land.az\\\/az\\\/shop\\\/cat\\\/medications-cat\\\/stop-itch-spray-for-cats-and-dogs\\\/\"]}]},{\"@type\":\"ImageObject\",\"inLanguage\":\"az\",\"@id\":\"https:\\\/\\\/zoo-land.az\\\/az\\\/shop\\\/cat\\\/medications-cat\\\/stop-itch-spray-for-cats-and-dogs\\\/#primaryimage\",\"url\":\"https:\\\/\\\/zoo-land.az\\\/wp-content\\\/uploads\\\/2024\\\/06\\\/b43ebabbdbf3b57a0e32d555efe65c10.jpg\",\"contentUrl\":\"https:\\\/\\\/zoo-land.az\\\/wp-content\\\/uploads\\\/2024\\\/06\\\/b43ebabbdbf3b57a0e32d555efe65c10.jpg\",\"width\":800,\"height\":800},{\"@type\":\"BreadcrumbList\",\"@id\":\"https:\\\/\\\/zoo-land.az\\\/az\\\/shop\\\/cat\\\/medications-cat\\\/stop-itch-spray-for-cats-and-dogs\\\/#breadcrumb\",\"itemListElement\":[{\"@type\":\"ListItem\",\"position\":1,\"name\":\"Home\",\"item\":\"https:\\\/\\\/zoo-land.az\\\/ru\\\/\"},{\"@type\":\"ListItem\",\"position\":2,\"name\":\"Shop\",\"item\":\"https:\\\/\\\/zoo-land.az\\\/ru\\\/\"},{\"@type\":\"ListItem\",\"position\":3,\"name\":\"Stop-Itch Spray for Cats and Dogs\"}]},{\"@type\":\"WebSite\",\"@id\":\"https:\\\/\\\/zoo-land.az\\\/#website\",\"url\":\"https:\\\/\\\/zoo-land.az\\\/\",\"name\":\"Zooland.az\",\"description\":\"Xo\u015fb\u0259xt ev heyvanlar\u0131n\u0131n \u00fcnvan\u0131 Zooland.az\",\"publisher\":{\"@id\":\"https:\\\/\\\/zoo-land.az\\\/#organization\"},\"potentialAction\":[{\"@type\":\"SearchAction\",\"target\":{\"@type\":\"EntryPoint\",\"urlTemplate\":\"https:\\\/\\\/zoo-land.az\\\/?s={search_term_string}\"},\"query-input\":{\"@type\":\"PropertyValueSpecification\",\"valueRequired\":true,\"valueName\":\"search_term_string\"}}],\"inLanguage\":\"az\"},{\"@type\":\"Organization\",\"@id\":\"https:\\\/\\\/zoo-land.az\\\/#organization\",\"name\":\"Zooland.az\",\"url\":\"https:\\\/\\\/zoo-land.az\\\/\",\"logo\":{\"@type\":\"ImageObject\",\"inLanguage\":\"az\",\"@id\":\"https:\\\/\\\/zoo-land.az\\\/#\\\/schema\\\/logo\\\/image\\\/\",\"url\":\"https:\\\/\\\/zoo-land.az\\\/wp-content\\\/uploads\\\/2022\\\/05\\\/logo.svg\",\"contentUrl\":\"https:\\\/\\\/zoo-land.az\\\/wp-content\\\/uploads\\\/2022\\\/05\\\/logo.svg\",\"width\":113,\"height\":46,\"caption\":\"Zooland.az\"},\"image\":{\"@id\":\"https:\\\/\\\/zoo-land.az\\\/#\\\/schema\\\/logo\\\/image\\\/\"}}]}<\/script>\n<!-- \/ Yoast SEO plugin. -->","yoast_head_json":{"title":"Stop-Itch Spray for Cats and Dogs - Zooland.az","robots":{"index":"index","follow":"follow","max-snippet":"max-snippet:-1","max-image-preview":"max-image-preview:large","max-video-preview":"max-video-preview:-1"},"canonical":"https:\/\/zoo-land.az\/az\/shop\/cat\/medications-cat\/stop-itch-spray-for-cats-and-dogs\/","og_locale":"az_AZ","og_type":"article","og_title":"Stop-Itch Spray for Cats and Dogs - Zooland.az","og_description":"Stop-Itch spray is applied to dogs and cats for the treatment of acute and chronic dermatitis (atopic dermatitis, eczema, diffuse neurodermatitis, scratches, alopecia, infected dermatitis, reactions to insect bites) and otitis of allergic or bacterial etiology.","og_url":"https:\/\/zoo-land.az\/az\/shop\/cat\/medications-cat\/stop-itch-spray-for-cats-and-dogs\/","og_site_name":"Zooland.az","og_image":[{"width":800,"height":800,"url":"https:\/\/zoo-land.az\/wp-content\/uploads\/2024\/06\/b43ebabbdbf3b57a0e32d555efe65c10.jpg","type":"image\/jpeg"}],"twitter_card":"summary_large_image","twitter_misc":{"Est. reading time":"1 minute"},"schema":{"@context":"https:\/\/schema.org","@graph":[{"@type":"WebPage","@id":"https:\/\/zoo-land.az\/az\/shop\/cat\/medications-cat\/stop-itch-spray-for-cats-and-dogs\/","url":"https:\/\/zoo-land.az\/az\/shop\/cat\/medications-cat\/stop-itch-spray-for-cats-and-dogs\/","name":"Stop-Itch Spray for Cats and Dogs - Zooland.az","isPartOf":{"@id":"https:\/\/zoo-land.az\/#website"},"primaryImageOfPage":{"@id":"https:\/\/zoo-land.az\/az\/shop\/cat\/medications-cat\/stop-itch-spray-for-cats-and-dogs\/#primaryimage"},"image":{"@id":"https:\/\/zoo-land.az\/az\/shop\/cat\/medications-cat\/stop-itch-spray-for-cats-and-dogs\/#primaryimage"},"thumbnailUrl":"https:\/\/zoo-land.az\/wp-content\/uploads\/2024\/06\/b43ebabbdbf3b57a0e32d555efe65c10.jpg","datePublished":"2024-06-12T12:31:05+00:00","breadcrumb":{"@id":"https:\/\/zoo-land.az\/az\/shop\/cat\/medications-cat\/stop-itch-spray-for-cats-and-dogs\/#breadcrumb"},"inLanguage":"az","potentialAction":[{"@type":"ReadAction","target":["https:\/\/zoo-land.az\/az\/shop\/cat\/medications-cat\/stop-itch-spray-for-cats-and-dogs\/"]}]},{"@type":"ImageObject","inLanguage":"az","@id":"https:\/\/zoo-land.az\/az\/shop\/cat\/medications-cat\/stop-itch-spray-for-cats-and-dogs\/#primaryimage","url":"https:\/\/zoo-land.az\/wp-content\/uploads\/2024\/06\/b43ebabbdbf3b57a0e32d555efe65c10.jpg","contentUrl":"https:\/\/zoo-land.az\/wp-content\/uploads\/2024\/06\/b43ebabbdbf3b57a0e32d555efe65c10.jpg","width":800,"height":800},{"@type":"BreadcrumbList","@id":"https:\/\/zoo-land.az\/az\/shop\/cat\/medications-cat\/stop-itch-spray-for-cats-and-dogs\/#breadcrumb","itemListElement":[{"@type":"ListItem","position":1,"name":"Home","item":"https:\/\/zoo-land.az\/ru\/"},{"@type":"ListItem","position":2,"name":"Shop","item":"https:\/\/zoo-land.az\/ru\/"},{"@type":"ListItem","position":3,"name":"Stop-Itch Spray for Cats and Dogs"}]},{"@type":"WebSite","@id":"https:\/\/zoo-land.az\/#website","url":"https:\/\/zoo-land.az\/","name":"Zooland.az","description":"Xo\u015fb\u0259xt ev heyvanlar\u0131n\u0131n \u00fcnvan\u0131 Zooland.az","publisher":{"@id":"https:\/\/zoo-land.az\/#organization"},"potentialAction":[{"@type":"SearchAction","target":{"@type":"EntryPoint","urlTemplate":"https:\/\/zoo-land.az\/?s={search_term_string}"},"query-input":{"@type":"PropertyValueSpecification","valueRequired":true,"valueName":"search_term_string"}}],"inLanguage":"az"},{"@type":"Organization","@id":"https:\/\/zoo-land.az\/#organization","name":"Zooland.az","url":"https:\/\/zoo-land.az\/","logo":{"@type":"ImageObject","inLanguage":"az","@id":"https:\/\/zoo-land.az\/#\/schema\/logo\/image\/","url":"https:\/\/zoo-land.az\/wp-content\/uploads\/2022\/05\/logo.svg","contentUrl":"https:\/\/zoo-land.az\/wp-content\/uploads\/2022\/05\/logo.svg","width":113,"height":46,"caption":"Zooland.az"},"image":{"@id":"https:\/\/zoo-land.az\/#\/schema\/logo\/image\/"}}]}},"_links":{"self":[{"href":"https:\/\/zoo-land.az\/az\/wp-json\/wp\/v2\/product\/23494","targetHints":{"allow":["GET"]}}],"collection":[{"href":"https:\/\/zoo-land.az\/az\/wp-json\/wp\/v2\/product"}],"about":[{"href":"https:\/\/zoo-land.az\/az\/wp-json\/wp\/v2\/types\/product"}],"wp:featuredmedia":[{"embeddable":true,"href":"https:\/\/zoo-land.az\/az\/wp-json\/wp\/v2\/media\/23496"}],"wp:attachment":[{"href":"https:\/\/zoo-land.az\/az\/wp-json\/wp\/v2\/media?parent=23494"}],"wp:term":[{"taxonomy":"product_cat","embeddable":true,"href":"https:\/\/zoo-land.az\/az\/wp-json\/wp\/v2\/product_cat?post=23494"},{"taxonomy":"product_tag","embeddable":true,"href":"https:\/\/zoo-land.az\/az\/wp-json\/wp\/v2\/product_tag?post=23494"}],"curies":[{"name":"wp","href":"https:\/\/api.w.org\/{rel}","templated":true}]}}