{"id":23504,"date":"2024-06-12T12:53:29","date_gmt":"2024-06-12T12:53:29","guid":{"rendered":"https:\/\/lightsteelblue-zebra-299715.hostingersite.com\/?post_type=product&#038;p=23504"},"modified":"2024-06-12T12:53:30","modified_gmt":"2024-06-12T12:53:30","slug":"veda-%d0%ba%d0%be%d1%82%d1%8d%d1%80%d0%b2%d0%b8%d0%bd-packaging","status":"publish","type":"product","link":"https:\/\/zoo-land.az\/az\/shop\/cat\/medications-cat\/veda-%d0%ba%d0%be%d1%82%d1%8d%d1%80%d0%b2%d0%b8%d0%bd-packaging\/","title":{"rendered":"VEDA \u041a\u043e\u0442\u044d\u0440\u0432\u0438\u043d (packaging)"},"content":{"rendered":"<p><strong>For the treatment and prevention of urolithiasis and urological syndrome, 3 vials of 10ml each.<\/strong><\/p>\n<p>Koterwin is used for the prevention and treatment of urological syndrome and urolithiasis in cats.<\/p>\n<p><strong>KOTERWIN<\/strong> is a plant-based medicinal product designed for the prevention and treatment of urinary tract diseases in cats, including:<\/p>\n<ul>\n<li>Urological syndrome in cats<\/li>\n<li>Urolithiasis<\/li>\n<li>Cystitis<\/li>\n<\/ul>\n<p>It has salt-excreting, stone-dissolving (except oxalates), diuretic, and anti-inflammatory effects. The drug <strong>KOTERWIN\u00ae<\/strong> has also proven its effectiveness in the treatment of urolithiasis in dogs.<\/p>\n<p><strong>Instructions for Use<\/strong><\/p>\n<p>Koterwin is administered orally for prophylactic purposes and to prevent disease recurrence at a daily dose of 2-4 ml per animal for 5-7 days. The treatment course is repeated every 3-4 months.<\/p>\n<p>For the treatment of urological syndrome and the initial stages of urolithiasis, <strong>Koterwin\u00ae<\/strong> is administered at 2-4 ml orally twice a day for 5-7 days. The use of the medicinal product should be combined with symptomatic treatments.<\/p>\n<p>In the absence of spontaneous urination in the animal, in addition to oral administration, the drug is introduced into the bladder (after urine evacuation) using a catheter at 10-16 ml once every two days.<\/p>\n<p><strong>Koterwin<\/strong> does not contain preservatives, so the following requirements should be observed when using it: for oral administration, uncork the vial, place a dropper cap on the neck, and administer the drug into the mouth by pressing (3 times) on the dropper, or administer the drug from a teaspoon (0.5 teaspoon). Koterwin\u00ae can be added to drinking water or milk. The remaining drug can be stored in the refrigerator for 7 days without removing the dropper cap.<\/p>\n<p>When introducing the drug into the bladder to avoid contamination, draw 10-16 ml of Koterwin from an unopened vial with a syringe and sterile needle, then replace the needle with a sterile catheter and insert it into the bladder. Before use, warm the drug to room temperature and shake well.<\/p>","protected":false},"excerpt":{"rendered":"<p><strong>For the treatment and prevention of urolithiasis and urological syndrome, 3 vials of 10ml each.<\/strong><\/p>","protected":false},"featured_media":23505,"template":"","meta":{"inline_featured_image":false,"_joinchat":[]},"product_cat":[188,390],"product_tag":[],"class_list":{"0":"post-23504","1":"product","2":"type-product","3":"status-publish","4":"has-post-thumbnail","6":"product_brand-apicenna","7":"product_cat-cat","8":"product_cat-medications-cat","10":"first","11":"instock","12":"shipping-taxable","13":"purchasable","14":"product-type-simple"},"yoast_head":"<!-- This site is optimized with the Yoast SEO plugin v27.4 - https:\/\/yoast.com\/product\/yoast-seo-wordpress\/ -->\n<title>VEDA \u041a\u043e\u0442\u044d\u0440\u0432\u0438\u043d (packaging) - Zooland.az<\/title>\n<meta name=\"robots\" content=\"index, follow, max-snippet:-1, max-image-preview:large, max-video-preview:-1\" \/>\n<link rel=\"canonical\" href=\"https:\/\/zoo-land.az\/az\/shop\/cat\/medications-cat\/veda-\u043a\u043e\u0442\u044d\u0440\u0432\u0438\u043d-packaging\/\" \/>\n<meta property=\"og:locale\" content=\"az_AZ\" \/>\n<meta property=\"og:type\" content=\"article\" \/>\n<meta property=\"og:title\" content=\"VEDA \u041a\u043e\u0442\u044d\u0440\u0432\u0438\u043d (packaging) - Zooland.az\" \/>\n<meta property=\"og:description\" content=\"For the treatment and prevention of urolithiasis and urological syndrome, 3 vials of 10ml each.\" \/>\n<meta property=\"og:url\" content=\"https:\/\/zoo-land.az\/az\/shop\/cat\/medications-cat\/veda-\u043a\u043e\u0442\u044d\u0440\u0432\u0438\u043d-packaging\/\" \/>\n<meta property=\"og:site_name\" content=\"Zooland.az\" \/>\n<meta property=\"article:modified_time\" content=\"2024-06-12T12:53:30+00:00\" \/>\n<meta property=\"og:image\" content=\"https:\/\/zoo-land.az\/wp-content\/uploads\/2024\/06\/136836-869abba50db43d9893f32e35373b8876.jpg\" \/>\n\t<meta property=\"og:image:width\" content=\"840\" \/>\n\t<meta property=\"og:image:height\" content=\"560\" \/>\n\t<meta property=\"og:image:type\" content=\"image\/jpeg\" \/>\n<meta name=\"twitter:card\" content=\"summary_large_image\" \/>\n<meta name=\"twitter:label1\" content=\"Est. reading time\" \/>\n\t<meta name=\"twitter:data1\" content=\"2 minutes\" \/>\n<script type=\"application\/ld+json\" class=\"yoast-schema-graph\">{\"@context\":\"https:\\\/\\\/schema.org\",\"@graph\":[{\"@type\":\"WebPage\",\"@id\":\"https:\\\/\\\/zoo-land.az\\\/ru\\\/shop\\\/cat\\\/medications-cat\\\/veda-%d0%ba%d0%be%d1%82%d1%8d%d1%80%d0%b2%d0%b8%d0%bd-packaging\\\/\",\"url\":\"https:\\\/\\\/zoo-land.az\\\/ru\\\/shop\\\/cat\\\/medications-cat\\\/veda-%d0%ba%d0%be%d1%82%d1%8d%d1%80%d0%b2%d0%b8%d0%bd-packaging\\\/\",\"name\":\"VEDA \u041a\u043e\u0442\u044d\u0440\u0432\u0438\u043d (packaging) - Zooland.az\",\"isPartOf\":{\"@id\":\"https:\\\/\\\/zoo-land.az\\\/#website\"},\"primaryImageOfPage\":{\"@id\":\"https:\\\/\\\/zoo-land.az\\\/ru\\\/shop\\\/cat\\\/medications-cat\\\/veda-%d0%ba%d0%be%d1%82%d1%8d%d1%80%d0%b2%d0%b8%d0%bd-packaging\\\/#primaryimage\"},\"image\":{\"@id\":\"https:\\\/\\\/zoo-land.az\\\/ru\\\/shop\\\/cat\\\/medications-cat\\\/veda-%d0%ba%d0%be%d1%82%d1%8d%d1%80%d0%b2%d0%b8%d0%bd-packaging\\\/#primaryimage\"},\"thumbnailUrl\":\"https:\\\/\\\/zoo-land.az\\\/wp-content\\\/uploads\\\/2024\\\/06\\\/136836-869abba50db43d9893f32e35373b8876.jpg\",\"datePublished\":\"2024-06-12T12:53:29+00:00\",\"dateModified\":\"2024-06-12T12:53:30+00:00\",\"breadcrumb\":{\"@id\":\"https:\\\/\\\/zoo-land.az\\\/ru\\\/shop\\\/cat\\\/medications-cat\\\/veda-%d0%ba%d0%be%d1%82%d1%8d%d1%80%d0%b2%d0%b8%d0%bd-packaging\\\/#breadcrumb\"},\"inLanguage\":\"az\",\"potentialAction\":[{\"@type\":\"ReadAction\",\"target\":[\"https:\\\/\\\/zoo-land.az\\\/ru\\\/shop\\\/cat\\\/medications-cat\\\/veda-%d0%ba%d0%be%d1%82%d1%8d%d1%80%d0%b2%d0%b8%d0%bd-packaging\\\/\"]}]},{\"@type\":\"ImageObject\",\"inLanguage\":\"az\",\"@id\":\"https:\\\/\\\/zoo-land.az\\\/ru\\\/shop\\\/cat\\\/medications-cat\\\/veda-%d0%ba%d0%be%d1%82%d1%8d%d1%80%d0%b2%d0%b8%d0%bd-packaging\\\/#primaryimage\",\"url\":\"https:\\\/\\\/zoo-land.az\\\/wp-content\\\/uploads\\\/2024\\\/06\\\/136836-869abba50db43d9893f32e35373b8876.jpg\",\"contentUrl\":\"https:\\\/\\\/zoo-land.az\\\/wp-content\\\/uploads\\\/2024\\\/06\\\/136836-869abba50db43d9893f32e35373b8876.jpg\",\"width\":840,\"height\":560},{\"@type\":\"BreadcrumbList\",\"@id\":\"https:\\\/\\\/zoo-land.az\\\/ru\\\/shop\\\/cat\\\/medications-cat\\\/veda-%d0%ba%d0%be%d1%82%d1%8d%d1%80%d0%b2%d0%b8%d0%bd-packaging\\\/#breadcrumb\",\"itemListElement\":[{\"@type\":\"ListItem\",\"position\":1,\"name\":\"Home\",\"item\":\"https:\\\/\\\/zoo-land.az\\\/ru\\\/\"},{\"@type\":\"ListItem\",\"position\":2,\"name\":\"Shop\",\"item\":\"https:\\\/\\\/zoo-land.az\\\/ru\\\/\"},{\"@type\":\"ListItem\",\"position\":3,\"name\":\"VEDA \u041a\u043e\u0442\u044d\u0440\u0432\u0438\u043d (packaging)\"}]},{\"@type\":\"WebSite\",\"@id\":\"https:\\\/\\\/zoo-land.az\\\/#website\",\"url\":\"https:\\\/\\\/zoo-land.az\\\/\",\"name\":\"Zooland.az\",\"description\":\"Xo\u015fb\u0259xt ev heyvanlar\u0131n\u0131n \u00fcnvan\u0131 Zooland.az\",\"publisher\":{\"@id\":\"https:\\\/\\\/zoo-land.az\\\/#organization\"},\"potentialAction\":[{\"@type\":\"SearchAction\",\"target\":{\"@type\":\"EntryPoint\",\"urlTemplate\":\"https:\\\/\\\/zoo-land.az\\\/?s={search_term_string}\"},\"query-input\":{\"@type\":\"PropertyValueSpecification\",\"valueRequired\":true,\"valueName\":\"search_term_string\"}}],\"inLanguage\":\"az\"},{\"@type\":\"Organization\",\"@id\":\"https:\\\/\\\/zoo-land.az\\\/#organization\",\"name\":\"Zooland.az\",\"url\":\"https:\\\/\\\/zoo-land.az\\\/\",\"logo\":{\"@type\":\"ImageObject\",\"inLanguage\":\"az\",\"@id\":\"https:\\\/\\\/zoo-land.az\\\/#\\\/schema\\\/logo\\\/image\\\/\",\"url\":\"https:\\\/\\\/zoo-land.az\\\/wp-content\\\/uploads\\\/2022\\\/05\\\/logo.svg\",\"contentUrl\":\"https:\\\/\\\/zoo-land.az\\\/wp-content\\\/uploads\\\/2022\\\/05\\\/logo.svg\",\"width\":113,\"height\":46,\"caption\":\"Zooland.az\"},\"image\":{\"@id\":\"https:\\\/\\\/zoo-land.az\\\/#\\\/schema\\\/logo\\\/image\\\/\"}}]}<\/script>\n<!-- \/ Yoast SEO plugin. -->","yoast_head_json":{"title":"VEDA \u041a\u043e\u0442\u044d\u0440\u0432\u0438\u043d (packaging) - Zooland.az","robots":{"index":"index","follow":"follow","max-snippet":"max-snippet:-1","max-image-preview":"max-image-preview:large","max-video-preview":"max-video-preview:-1"},"canonical":"https:\/\/zoo-land.az\/az\/shop\/cat\/medications-cat\/veda-\u043a\u043e\u0442\u044d\u0440\u0432\u0438\u043d-packaging\/","og_locale":"az_AZ","og_type":"article","og_title":"VEDA \u041a\u043e\u0442\u044d\u0440\u0432\u0438\u043d (packaging) - Zooland.az","og_description":"For the treatment and prevention of urolithiasis and urological syndrome, 3 vials of 10ml each.","og_url":"https:\/\/zoo-land.az\/az\/shop\/cat\/medications-cat\/veda-\u043a\u043e\u0442\u044d\u0440\u0432\u0438\u043d-packaging\/","og_site_name":"Zooland.az","article_modified_time":"2024-06-12T12:53:30+00:00","og_image":[{"width":840,"height":560,"url":"https:\/\/zoo-land.az\/wp-content\/uploads\/2024\/06\/136836-869abba50db43d9893f32e35373b8876.jpg","type":"image\/jpeg"}],"twitter_card":"summary_large_image","twitter_misc":{"Est. reading time":"2 minutes"},"schema":{"@context":"https:\/\/schema.org","@graph":[{"@type":"WebPage","@id":"https:\/\/zoo-land.az\/ru\/shop\/cat\/medications-cat\/veda-%d0%ba%d0%be%d1%82%d1%8d%d1%80%d0%b2%d0%b8%d0%bd-packaging\/","url":"https:\/\/zoo-land.az\/ru\/shop\/cat\/medications-cat\/veda-%d0%ba%d0%be%d1%82%d1%8d%d1%80%d0%b2%d0%b8%d0%bd-packaging\/","name":"VEDA \u041a\u043e\u0442\u044d\u0440\u0432\u0438\u043d (packaging) - Zooland.az","isPartOf":{"@id":"https:\/\/zoo-land.az\/#website"},"primaryImageOfPage":{"@id":"https:\/\/zoo-land.az\/ru\/shop\/cat\/medications-cat\/veda-%d0%ba%d0%be%d1%82%d1%8d%d1%80%d0%b2%d0%b8%d0%bd-packaging\/#primaryimage"},"image":{"@id":"https:\/\/zoo-land.az\/ru\/shop\/cat\/medications-cat\/veda-%d0%ba%d0%be%d1%82%d1%8d%d1%80%d0%b2%d0%b8%d0%bd-packaging\/#primaryimage"},"thumbnailUrl":"https:\/\/zoo-land.az\/wp-content\/uploads\/2024\/06\/136836-869abba50db43d9893f32e35373b8876.jpg","datePublished":"2024-06-12T12:53:29+00:00","dateModified":"2024-06-12T12:53:30+00:00","breadcrumb":{"@id":"https:\/\/zoo-land.az\/ru\/shop\/cat\/medications-cat\/veda-%d0%ba%d0%be%d1%82%d1%8d%d1%80%d0%b2%d0%b8%d0%bd-packaging\/#breadcrumb"},"inLanguage":"az","potentialAction":[{"@type":"ReadAction","target":["https:\/\/zoo-land.az\/ru\/shop\/cat\/medications-cat\/veda-%d0%ba%d0%be%d1%82%d1%8d%d1%80%d0%b2%d0%b8%d0%bd-packaging\/"]}]},{"@type":"ImageObject","inLanguage":"az","@id":"https:\/\/zoo-land.az\/ru\/shop\/cat\/medications-cat\/veda-%d0%ba%d0%be%d1%82%d1%8d%d1%80%d0%b2%d0%b8%d0%bd-packaging\/#primaryimage","url":"https:\/\/zoo-land.az\/wp-content\/uploads\/2024\/06\/136836-869abba50db43d9893f32e35373b8876.jpg","contentUrl":"https:\/\/zoo-land.az\/wp-content\/uploads\/2024\/06\/136836-869abba50db43d9893f32e35373b8876.jpg","width":840,"height":560},{"@type":"BreadcrumbList","@id":"https:\/\/zoo-land.az\/ru\/shop\/cat\/medications-cat\/veda-%d0%ba%d0%be%d1%82%d1%8d%d1%80%d0%b2%d0%b8%d0%bd-packaging\/#breadcrumb","itemListElement":[{"@type":"ListItem","position":1,"name":"Home","item":"https:\/\/zoo-land.az\/ru\/"},{"@type":"ListItem","position":2,"name":"Shop","item":"https:\/\/zoo-land.az\/ru\/"},{"@type":"ListItem","position":3,"name":"VEDA \u041a\u043e\u0442\u044d\u0440\u0432\u0438\u043d (packaging)"}]},{"@type":"WebSite","@id":"https:\/\/zoo-land.az\/#website","url":"https:\/\/zoo-land.az\/","name":"Zooland.az","description":"Xo\u015fb\u0259xt ev heyvanlar\u0131n\u0131n \u00fcnvan\u0131 Zooland.az","publisher":{"@id":"https:\/\/zoo-land.az\/#organization"},"potentialAction":[{"@type":"SearchAction","target":{"@type":"EntryPoint","urlTemplate":"https:\/\/zoo-land.az\/?s={search_term_string}"},"query-input":{"@type":"PropertyValueSpecification","valueRequired":true,"valueName":"search_term_string"}}],"inLanguage":"az"},{"@type":"Organization","@id":"https:\/\/zoo-land.az\/#organization","name":"Zooland.az","url":"https:\/\/zoo-land.az\/","logo":{"@type":"ImageObject","inLanguage":"az","@id":"https:\/\/zoo-land.az\/#\/schema\/logo\/image\/","url":"https:\/\/zoo-land.az\/wp-content\/uploads\/2022\/05\/logo.svg","contentUrl":"https:\/\/zoo-land.az\/wp-content\/uploads\/2022\/05\/logo.svg","width":113,"height":46,"caption":"Zooland.az"},"image":{"@id":"https:\/\/zoo-land.az\/#\/schema\/logo\/image\/"}}]}},"_links":{"self":[{"href":"https:\/\/zoo-land.az\/az\/wp-json\/wp\/v2\/product\/23504","targetHints":{"allow":["GET"]}}],"collection":[{"href":"https:\/\/zoo-land.az\/az\/wp-json\/wp\/v2\/product"}],"about":[{"href":"https:\/\/zoo-land.az\/az\/wp-json\/wp\/v2\/types\/product"}],"wp:featuredmedia":[{"embeddable":true,"href":"https:\/\/zoo-land.az\/az\/wp-json\/wp\/v2\/media\/23505"}],"wp:attachment":[{"href":"https:\/\/zoo-land.az\/az\/wp-json\/wp\/v2\/media?parent=23504"}],"wp:term":[{"taxonomy":"product_cat","embeddable":true,"href":"https:\/\/zoo-land.az\/az\/wp-json\/wp\/v2\/product_cat?post=23504"},{"taxonomy":"product_tag","embeddable":true,"href":"https:\/\/zoo-land.az\/az\/wp-json\/wp\/v2\/product_tag?post=23504"}],"curies":[{"name":"wp","href":"https:\/\/api.w.org\/{rel}","templated":true}]}}