{"id":23590,"date":"2024-06-14T08:21:20","date_gmt":"2024-06-14T08:21:20","guid":{"rendered":"https:\/\/lightsteelblue-zebra-299715.hostingersite.com\/?post_type=product&#038;p=23590"},"modified":"2024-06-14T08:21:20","modified_gmt":"2024-06-14T08:21:20","slug":"trixie-stick-quintett-liver-cat-treats-5-pcs","status":"publish","type":"product","link":"https:\/\/zoo-land.az\/az\/shop\/cat\/treats-cat\/trixie-stick-quintett-liver-cat-treats-5-pcs\/","title":{"rendered":"Trixie Stick Quintett Liver pi\u015fiyi m\u00fcalic\u0259 edir 5 \u0259d\u0259d"},"content":{"rendered":"<p>Delicious treats in the form of crunchy sticks with poultry and liver for cats. They serve as a tasty treat and a beneficial dietary supplement to your pet&#8217;s main diet. Made up of 95% meat, they meet the cat&#8217;s physiological need for additional protein. They contain essential amino acid taurine, which supports the cat&#8217;s cardiovascular system and sharp vision. Helps clean the pet&#8217;s teeth by mechanical chewing action. Convenient shape allows the treat to be divided into several pieces. Sugar-free.<\/p>","protected":false},"excerpt":{"rendered":"<p>Delicious treats in the form of crunchy sticks with poultry and liver for cats. They serve as a tasty treat and a beneficial dietary supplement to your pet&#8217;s main diet. Made up of 95% meat, they meet the cat&#8217;s physiological need for additional protein. They contain essential amino acid taurine, which supports the cat&#8217;s cardiovascular system and sharp vision. Helps clean the pet&#8217;s teeth by mechanical chewing action. Convenient shape allows the treat to be divided into several pieces. Sugar-free.<\/p>","protected":false},"featured_media":23591,"template":"","meta":{"inline_featured_image":false,"_joinchat":[]},"product_cat":[188,374],"product_tag":[],"class_list":{"0":"post-23590","1":"product","2":"type-product","3":"status-publish","4":"has-post-thumbnail","6":"product_brand-trixie","7":"product_cat-cat","8":"product_cat-treats-cat","10":"first","11":"instock","12":"shipping-taxable","13":"purchasable","14":"product-type-simple"},"yoast_head":"<!-- This site is optimized with the Yoast SEO plugin v26.7 - https:\/\/yoast.com\/wordpress\/plugins\/seo\/ -->\n<title>Trixie Stick Quintett Liver cat treats 5 pcs - Zooland.az<\/title>\n<meta name=\"robots\" content=\"index, follow, max-snippet:-1, max-image-preview:large, max-video-preview:-1\" \/>\n<link rel=\"canonical\" href=\"https:\/\/zoo-land.az\/az\/shop\/cat\/treats-cat\/trixie-stick-quintett-liver-cat-treats-5-pcs\/\" \/>\n<meta property=\"og:locale\" content=\"az_AZ\" \/>\n<meta property=\"og:type\" content=\"article\" \/>\n<meta property=\"og:title\" content=\"Trixie Stick Quintett Liver cat treats 5 pcs - Zooland.az\" \/>\n<meta property=\"og:description\" content=\"Delicious treats in the form of crunchy sticks with poultry and liver for cats. They serve as a tasty treat and a beneficial dietary supplement to your pet&#039;s main diet. Made up of 95% meat, they meet the cat&#039;s physiological need for additional protein. They contain essential amino acid taurine, which supports the cat&#039;s cardiovascular system and sharp vision. Helps clean the pet&#039;s teeth by mechanical chewing action. Convenient shape allows the treat to be divided into several pieces. Sugar-free.\" \/>\n<meta property=\"og:url\" content=\"https:\/\/zoo-land.az\/az\/shop\/cat\/treats-cat\/trixie-stick-quintett-liver-cat-treats-5-pcs\/\" \/>\n<meta property=\"og:site_name\" content=\"Zooland.az\" \/>\n<meta property=\"og:image\" content=\"https:\/\/zoo-land.az\/wp-content\/uploads\/2024\/06\/cg29sk7g49devoa9q3a0.jpg\" \/>\n\t<meta property=\"og:image:width\" content=\"1080\" \/>\n\t<meta property=\"og:image:height\" content=\"1440\" \/>\n\t<meta property=\"og:image:type\" content=\"image\/jpeg\" \/>\n<meta name=\"twitter:card\" content=\"summary_large_image\" \/>\n<script type=\"application\/ld+json\" class=\"yoast-schema-graph\">{\"@context\":\"https:\/\/schema.org\",\"@graph\":[{\"@type\":\"WebPage\",\"@id\":\"https:\/\/zoo-land.az\/shop\/cat\/treats-cat\/trixie-stick-quintett-liver-cat-treats-5-pcs\/\",\"url\":\"https:\/\/zoo-land.az\/shop\/cat\/treats-cat\/trixie-stick-quintett-liver-cat-treats-5-pcs\/\",\"name\":\"Trixie Stick Quintett Liver cat treats 5 pcs - Zooland.az\",\"isPartOf\":{\"@id\":\"https:\/\/zoo-land.az\/#website\"},\"primaryImageOfPage\":{\"@id\":\"https:\/\/zoo-land.az\/shop\/cat\/treats-cat\/trixie-stick-quintett-liver-cat-treats-5-pcs\/#primaryimage\"},\"image\":{\"@id\":\"https:\/\/zoo-land.az\/shop\/cat\/treats-cat\/trixie-stick-quintett-liver-cat-treats-5-pcs\/#primaryimage\"},\"thumbnailUrl\":\"https:\/\/zoo-land.az\/wp-content\/uploads\/2024\/06\/cg29sk7g49devoa9q3a0.jpg\",\"datePublished\":\"2024-06-14T08:21:20+00:00\",\"breadcrumb\":{\"@id\":\"https:\/\/zoo-land.az\/shop\/cat\/treats-cat\/trixie-stick-quintett-liver-cat-treats-5-pcs\/#breadcrumb\"},\"inLanguage\":\"az\",\"potentialAction\":[{\"@type\":\"ReadAction\",\"target\":[\"https:\/\/zoo-land.az\/shop\/cat\/treats-cat\/trixie-stick-quintett-liver-cat-treats-5-pcs\/\"]}]},{\"@type\":\"ImageObject\",\"inLanguage\":\"az\",\"@id\":\"https:\/\/zoo-land.az\/shop\/cat\/treats-cat\/trixie-stick-quintett-liver-cat-treats-5-pcs\/#primaryimage\",\"url\":\"https:\/\/zoo-land.az\/wp-content\/uploads\/2024\/06\/cg29sk7g49devoa9q3a0.jpg\",\"contentUrl\":\"https:\/\/zoo-land.az\/wp-content\/uploads\/2024\/06\/cg29sk7g49devoa9q3a0.jpg\",\"width\":1080,\"height\":1440},{\"@type\":\"BreadcrumbList\",\"@id\":\"https:\/\/zoo-land.az\/shop\/cat\/treats-cat\/trixie-stick-quintett-liver-cat-treats-5-pcs\/#breadcrumb\",\"itemListElement\":[{\"@type\":\"ListItem\",\"position\":1,\"name\":\"Home\",\"item\":\"https:\/\/zoo-land.az\/ru\/\"},{\"@type\":\"ListItem\",\"position\":2,\"name\":\"Shop\",\"item\":\"https:\/\/zoo-land.az\/ru\/\"},{\"@type\":\"ListItem\",\"position\":3,\"name\":\"Trixie Stick Quintett Liver cat treats 5 pcs\"}]},{\"@type\":\"WebSite\",\"@id\":\"https:\/\/zoo-land.az\/#website\",\"url\":\"https:\/\/zoo-land.az\/\",\"name\":\"Zooland.az\",\"description\":\"Xo\u015fb\u0259xt ev heyvanlar\u0131n\u0131n \u00fcnvan\u0131 Zooland.az\",\"publisher\":{\"@id\":\"https:\/\/zoo-land.az\/#organization\"},\"potentialAction\":[{\"@type\":\"SearchAction\",\"target\":{\"@type\":\"EntryPoint\",\"urlTemplate\":\"https:\/\/zoo-land.az\/?s={search_term_string}\"},\"query-input\":{\"@type\":\"PropertyValueSpecification\",\"valueRequired\":true,\"valueName\":\"search_term_string\"}}],\"inLanguage\":\"az\"},{\"@type\":\"Organization\",\"@id\":\"https:\/\/zoo-land.az\/#organization\",\"name\":\"Zooland.az\",\"url\":\"https:\/\/zoo-land.az\/\",\"logo\":{\"@type\":\"ImageObject\",\"inLanguage\":\"az\",\"@id\":\"https:\/\/zoo-land.az\/#\/schema\/logo\/image\/\",\"url\":\"https:\/\/zoo-land.az\/wp-content\/uploads\/2022\/05\/logo.svg\",\"contentUrl\":\"https:\/\/zoo-land.az\/wp-content\/uploads\/2022\/05\/logo.svg\",\"width\":113,\"height\":46,\"caption\":\"Zooland.az\"},\"image\":{\"@id\":\"https:\/\/zoo-land.az\/#\/schema\/logo\/image\/\"}}]}<\/script>\n<!-- \/ Yoast SEO plugin. -->","yoast_head_json":{"title":"Trixie Stick Quintett Liver cat treats 5 pcs - Zooland.az","robots":{"index":"index","follow":"follow","max-snippet":"max-snippet:-1","max-image-preview":"max-image-preview:large","max-video-preview":"max-video-preview:-1"},"canonical":"https:\/\/zoo-land.az\/az\/shop\/cat\/treats-cat\/trixie-stick-quintett-liver-cat-treats-5-pcs\/","og_locale":"az_AZ","og_type":"article","og_title":"Trixie Stick Quintett Liver cat treats 5 pcs - Zooland.az","og_description":"Delicious treats in the form of crunchy sticks with poultry and liver for cats. They serve as a tasty treat and a beneficial dietary supplement to your pet's main diet. Made up of 95% meat, they meet the cat's physiological need for additional protein. They contain essential amino acid taurine, which supports the cat's cardiovascular system and sharp vision. Helps clean the pet's teeth by mechanical chewing action. Convenient shape allows the treat to be divided into several pieces. Sugar-free.","og_url":"https:\/\/zoo-land.az\/az\/shop\/cat\/treats-cat\/trixie-stick-quintett-liver-cat-treats-5-pcs\/","og_site_name":"Zooland.az","og_image":[{"width":1080,"height":1440,"url":"https:\/\/zoo-land.az\/wp-content\/uploads\/2024\/06\/cg29sk7g49devoa9q3a0.jpg","type":"image\/jpeg"}],"twitter_card":"summary_large_image","schema":{"@context":"https:\/\/schema.org","@graph":[{"@type":"WebPage","@id":"https:\/\/zoo-land.az\/shop\/cat\/treats-cat\/trixie-stick-quintett-liver-cat-treats-5-pcs\/","url":"https:\/\/zoo-land.az\/shop\/cat\/treats-cat\/trixie-stick-quintett-liver-cat-treats-5-pcs\/","name":"Trixie Stick Quintett Liver cat treats 5 pcs - Zooland.az","isPartOf":{"@id":"https:\/\/zoo-land.az\/#website"},"primaryImageOfPage":{"@id":"https:\/\/zoo-land.az\/shop\/cat\/treats-cat\/trixie-stick-quintett-liver-cat-treats-5-pcs\/#primaryimage"},"image":{"@id":"https:\/\/zoo-land.az\/shop\/cat\/treats-cat\/trixie-stick-quintett-liver-cat-treats-5-pcs\/#primaryimage"},"thumbnailUrl":"https:\/\/zoo-land.az\/wp-content\/uploads\/2024\/06\/cg29sk7g49devoa9q3a0.jpg","datePublished":"2024-06-14T08:21:20+00:00","breadcrumb":{"@id":"https:\/\/zoo-land.az\/shop\/cat\/treats-cat\/trixie-stick-quintett-liver-cat-treats-5-pcs\/#breadcrumb"},"inLanguage":"az","potentialAction":[{"@type":"ReadAction","target":["https:\/\/zoo-land.az\/shop\/cat\/treats-cat\/trixie-stick-quintett-liver-cat-treats-5-pcs\/"]}]},{"@type":"ImageObject","inLanguage":"az","@id":"https:\/\/zoo-land.az\/shop\/cat\/treats-cat\/trixie-stick-quintett-liver-cat-treats-5-pcs\/#primaryimage","url":"https:\/\/zoo-land.az\/wp-content\/uploads\/2024\/06\/cg29sk7g49devoa9q3a0.jpg","contentUrl":"https:\/\/zoo-land.az\/wp-content\/uploads\/2024\/06\/cg29sk7g49devoa9q3a0.jpg","width":1080,"height":1440},{"@type":"BreadcrumbList","@id":"https:\/\/zoo-land.az\/shop\/cat\/treats-cat\/trixie-stick-quintett-liver-cat-treats-5-pcs\/#breadcrumb","itemListElement":[{"@type":"ListItem","position":1,"name":"Home","item":"https:\/\/zoo-land.az\/ru\/"},{"@type":"ListItem","position":2,"name":"Shop","item":"https:\/\/zoo-land.az\/ru\/"},{"@type":"ListItem","position":3,"name":"Trixie Stick Quintett Liver cat treats 5 pcs"}]},{"@type":"WebSite","@id":"https:\/\/zoo-land.az\/#website","url":"https:\/\/zoo-land.az\/","name":"Zooland.az","description":"Xo\u015fb\u0259xt ev heyvanlar\u0131n\u0131n \u00fcnvan\u0131 Zooland.az","publisher":{"@id":"https:\/\/zoo-land.az\/#organization"},"potentialAction":[{"@type":"SearchAction","target":{"@type":"EntryPoint","urlTemplate":"https:\/\/zoo-land.az\/?s={search_term_string}"},"query-input":{"@type":"PropertyValueSpecification","valueRequired":true,"valueName":"search_term_string"}}],"inLanguage":"az"},{"@type":"Organization","@id":"https:\/\/zoo-land.az\/#organization","name":"Zooland.az","url":"https:\/\/zoo-land.az\/","logo":{"@type":"ImageObject","inLanguage":"az","@id":"https:\/\/zoo-land.az\/#\/schema\/logo\/image\/","url":"https:\/\/zoo-land.az\/wp-content\/uploads\/2022\/05\/logo.svg","contentUrl":"https:\/\/zoo-land.az\/wp-content\/uploads\/2022\/05\/logo.svg","width":113,"height":46,"caption":"Zooland.az"},"image":{"@id":"https:\/\/zoo-land.az\/#\/schema\/logo\/image\/"}}]}},"_links":{"self":[{"href":"https:\/\/zoo-land.az\/az\/wp-json\/wp\/v2\/product\/23590","targetHints":{"allow":["GET"]}}],"collection":[{"href":"https:\/\/zoo-land.az\/az\/wp-json\/wp\/v2\/product"}],"about":[{"href":"https:\/\/zoo-land.az\/az\/wp-json\/wp\/v2\/types\/product"}],"wp:featuredmedia":[{"embeddable":true,"href":"https:\/\/zoo-land.az\/az\/wp-json\/wp\/v2\/media\/23591"}],"wp:attachment":[{"href":"https:\/\/zoo-land.az\/az\/wp-json\/wp\/v2\/media?parent=23590"}],"wp:term":[{"taxonomy":"product_cat","embeddable":true,"href":"https:\/\/zoo-land.az\/az\/wp-json\/wp\/v2\/product_cat?post=23590"},{"taxonomy":"product_tag","embeddable":true,"href":"https:\/\/zoo-land.az\/az\/wp-json\/wp\/v2\/product_tag?post=23590"}],"curies":[{"name":"wp","href":"https:\/\/api.w.org\/{rel}","templated":true}]}}