{"id":23592,"date":"2024-06-14T08:23:54","date_gmt":"2024-06-14T08:23:54","guid":{"rendered":"https:\/\/lightsteelblue-zebra-299715.hostingersite.com\/?post_type=product&#038;p=23592"},"modified":"2024-06-14T08:23:55","modified_gmt":"2024-06-14T08:23:55","slug":"trixie-stick-quintett-lamb-turkey-cat-treats-5-pcs","status":"publish","type":"product","link":"https:\/\/zoo-land.az\/az\/shop\/cat\/treats-cat\/trixie-stick-quintett-lamb-turkey-cat-treats-5-pcs\/","title":{"rendered":"Trixie Stick Quintett Lamb-T\u00fcrkiy\u0259 pi\u015fiyi m\u00fcalic\u0259si 5 \u0259d\u0259d"},"content":{"rendered":"<p>Quzu v\u0259 hindu\u015fka \u0259tind\u0259n haz\u0131rlanm\u0131\u015f Trixie Premio Stick Quintett ev heyvan\u0131n\u0131z\u0131n p\u0259hrizin\u0259 t\u0259kc\u0259 dadl\u0131 deyil, h\u0259m d\u0259 qidaland\u0131r\u0131c\u0131 \u0259lav\u0259dir.<\/p>\n<p>Dad\u0131 v\u0259 \u0259tri h\u0259tta \u0259n inc\u0259 yey\u0259nl\u0259ri bel\u0259 raz\u0131 salacaq.<\/p>\n<p>Bu m\u00fcalic\u0259 ev heyvan\u0131n\u0131z\u0131n \u00fcmumi sa\u011flaml\u0131\u011f\u0131n\u0131, d\u00fczg\u00fcn b\u0259d\u0259n sisteminin i\u015fl\u0259m\u0259sini d\u0259st\u0259kl\u0259y\u0259n v\u0259 sa\u011flam d\u0259ri v\u0259 paltosunu qoruyan z\u00fclalla z\u0259ngindir.<\/p>\n<p>Quzu v\u0259 hindu\u015fka yem\u0259yi il\u0259 pi\u015fiyiniz \u00f6z\u00fcn\u00fc \u0259la hiss ed\u0259c\u0259k v\u0259 m\u00f6ht\u0259\u015f\u0259m g\u00f6r\u00fcn\u0259c\u0259k!<\/p>\n<p>Almaq \u00fc\u00e7\u00fcn s\u0259b\u0259bl\u0259r:<\/p>\n<ul>\n<li>\u018ftir v\u0259 l\u0259zz\u0259t, h\u0259tta z\u0259rif yey\u0259nl\u0259rin d\u0259 sev\u0259c\u0259yi<\/li>\n<li>Pi\u015fikinizi \u0259zizl\u0259m\u0259k v\u0259 ya m\u00fckafatland\u0131rmaq imkan\u0131 verir<\/li>\n<li>T\u0259rkibind\u0259 95% \u0259t var<\/li>\n<li>\u015e\u0259k\u0259rsiz v\u0259 ql\u00fctensiz<\/li>\n<li>Taurin daxildir<\/li>\n<li>Ev heyvan\u0131n\u0131z\u0131n p\u0259hrizini \u015fax\u0259l\u0259ndirm\u0259k \u00fc\u00e7\u00fcn \u0259la bir yoldur<\/li>\n<li>Qabla\u015fd\u0131rma m\u0259hsulu t\u0259z\u0259 saxlay\u0131r<\/li>\n<\/ul>","protected":false},"excerpt":{"rendered":"<p>Quzu v\u0259 hindu\u015fka \u0259tind\u0259n haz\u0131rlanm\u0131\u015f Trixie Premio Stick Quintett ev heyvan\u0131n\u0131z\u0131n p\u0259hrizin\u0259 t\u0259kc\u0259 dadl\u0131 deyil, h\u0259m d\u0259 qidaland\u0131r\u0131c\u0131 \u0259lav\u0259dir.<\/p>\n<p>Dad\u0131 v\u0259 \u0259tri h\u0259tta \u0259n inc\u0259 yey\u0259nl\u0259ri bel\u0259 raz\u0131 salacaq.<\/p>\n<p>Bu m\u00fcalic\u0259 ev heyvan\u0131n\u0131z\u0131n \u00fcmumi sa\u011flaml\u0131\u011f\u0131n\u0131, d\u00fczg\u00fcn b\u0259d\u0259n sisteminin i\u015fl\u0259m\u0259sini d\u0259st\u0259kl\u0259y\u0259n v\u0259 sa\u011flam d\u0259ri v\u0259 paltosunu qoruyan z\u00fclalla z\u0259ngindir.<\/p>\n<p>Quzu v\u0259 hindu\u015fka yem\u0259yi il\u0259 pi\u015fiyiniz \u00f6z\u00fcn\u00fc \u0259la hiss ed\u0259c\u0259k v\u0259 m\u00f6ht\u0259\u015f\u0259m g\u00f6r\u00fcn\u0259c\u0259k!<\/p>","protected":false},"featured_media":23593,"template":"","meta":{"inline_featured_image":false,"_joinchat":[]},"product_cat":[188,374],"product_tag":[],"class_list":{"0":"post-23592","1":"product","2":"type-product","3":"status-publish","4":"has-post-thumbnail","6":"product_brand-trixie","7":"product_cat-cat","8":"product_cat-treats-cat","10":"first","11":"instock","12":"shipping-taxable","13":"purchasable","14":"product-type-simple"},"yoast_head":"<!-- This site is optimized with the Yoast SEO plugin v26.7 - https:\/\/yoast.com\/wordpress\/plugins\/seo\/ -->\n<title>Trixie Stick Quintett Lamb-Turkey cat treats 5 pcs - Zooland.az<\/title>\n<meta name=\"robots\" content=\"index, follow, max-snippet:-1, max-image-preview:large, max-video-preview:-1\" \/>\n<link rel=\"canonical\" href=\"https:\/\/zoo-land.az\/az\/shop\/cat\/treats-cat\/trixie-stick-quintett-lamb-turkey-cat-treats-5-pcs\/\" \/>\n<meta property=\"og:locale\" content=\"az_AZ\" \/>\n<meta property=\"og:type\" content=\"article\" \/>\n<meta property=\"og:title\" content=\"Trixie Stick Quintett Lamb-Turkey cat treats 5 pcs - Zooland.az\" \/>\n<meta property=\"og:description\" content=\"Trixie Premio Stick Quintett made from lamb and turkey meat is not only a delicious but also a nutritious addition to your pet&#039;s diet.  The taste and aroma will satisfy even the most finicky eater.  This treat is rich in protein, which supports your pet&#039;s overall health, proper body system functioning, and maintains healthy skin and coat.  With the lamb and turkey treat, your cat will feel great and look fantastic!\" \/>\n<meta property=\"og:url\" content=\"https:\/\/zoo-land.az\/az\/shop\/cat\/treats-cat\/trixie-stick-quintett-lamb-turkey-cat-treats-5-pcs\/\" \/>\n<meta property=\"og:site_name\" content=\"Zooland.az\" \/>\n<meta property=\"article:modified_time\" content=\"2024-06-14T08:23:55+00:00\" \/>\n<meta property=\"og:image\" content=\"https:\/\/zoo-land.az\/wp-content\/uploads\/2024\/06\/trixie_quintett_sticks__1.jpg\" \/>\n\t<meta property=\"og:image:width\" content=\"800\" \/>\n\t<meta property=\"og:image:height\" content=\"600\" \/>\n\t<meta property=\"og:image:type\" content=\"image\/jpeg\" \/>\n<meta name=\"twitter:card\" content=\"summary_large_image\" \/>\n<meta name=\"twitter:label1\" content=\"Est. reading time\" \/>\n\t<meta name=\"twitter:data1\" content=\"1 minute\" \/>\n<script type=\"application\/ld+json\" class=\"yoast-schema-graph\">{\"@context\":\"https:\/\/schema.org\",\"@graph\":[{\"@type\":\"WebPage\",\"@id\":\"https:\/\/zoo-land.az\/shop\/cat\/treats-cat\/trixie-stick-quintett-lamb-turkey-cat-treats-5-pcs\/\",\"url\":\"https:\/\/zoo-land.az\/shop\/cat\/treats-cat\/trixie-stick-quintett-lamb-turkey-cat-treats-5-pcs\/\",\"name\":\"Trixie Stick Quintett Lamb-Turkey cat treats 5 pcs - Zooland.az\",\"isPartOf\":{\"@id\":\"https:\/\/zoo-land.az\/#website\"},\"primaryImageOfPage\":{\"@id\":\"https:\/\/zoo-land.az\/shop\/cat\/treats-cat\/trixie-stick-quintett-lamb-turkey-cat-treats-5-pcs\/#primaryimage\"},\"image\":{\"@id\":\"https:\/\/zoo-land.az\/shop\/cat\/treats-cat\/trixie-stick-quintett-lamb-turkey-cat-treats-5-pcs\/#primaryimage\"},\"thumbnailUrl\":\"https:\/\/zoo-land.az\/wp-content\/uploads\/2024\/06\/trixie_quintett_sticks__1.jpg\",\"datePublished\":\"2024-06-14T08:23:54+00:00\",\"dateModified\":\"2024-06-14T08:23:55+00:00\",\"breadcrumb\":{\"@id\":\"https:\/\/zoo-land.az\/shop\/cat\/treats-cat\/trixie-stick-quintett-lamb-turkey-cat-treats-5-pcs\/#breadcrumb\"},\"inLanguage\":\"az\",\"potentialAction\":[{\"@type\":\"ReadAction\",\"target\":[\"https:\/\/zoo-land.az\/shop\/cat\/treats-cat\/trixie-stick-quintett-lamb-turkey-cat-treats-5-pcs\/\"]}]},{\"@type\":\"ImageObject\",\"inLanguage\":\"az\",\"@id\":\"https:\/\/zoo-land.az\/shop\/cat\/treats-cat\/trixie-stick-quintett-lamb-turkey-cat-treats-5-pcs\/#primaryimage\",\"url\":\"https:\/\/zoo-land.az\/wp-content\/uploads\/2024\/06\/trixie_quintett_sticks__1.jpg\",\"contentUrl\":\"https:\/\/zoo-land.az\/wp-content\/uploads\/2024\/06\/trixie_quintett_sticks__1.jpg\",\"width\":800,\"height\":600},{\"@type\":\"BreadcrumbList\",\"@id\":\"https:\/\/zoo-land.az\/shop\/cat\/treats-cat\/trixie-stick-quintett-lamb-turkey-cat-treats-5-pcs\/#breadcrumb\",\"itemListElement\":[{\"@type\":\"ListItem\",\"position\":1,\"name\":\"Home\",\"item\":\"https:\/\/zoo-land.az\/ru\/\"},{\"@type\":\"ListItem\",\"position\":2,\"name\":\"Shop\",\"item\":\"https:\/\/zoo-land.az\/ru\/\"},{\"@type\":\"ListItem\",\"position\":3,\"name\":\"Trixie Stick Quintett Lamb-Turkey cat treats 5 pcs\"}]},{\"@type\":\"WebSite\",\"@id\":\"https:\/\/zoo-land.az\/#website\",\"url\":\"https:\/\/zoo-land.az\/\",\"name\":\"Zooland.az\",\"description\":\"Xo\u015fb\u0259xt ev heyvanlar\u0131n\u0131n \u00fcnvan\u0131 Zooland.az\",\"publisher\":{\"@id\":\"https:\/\/zoo-land.az\/#organization\"},\"potentialAction\":[{\"@type\":\"SearchAction\",\"target\":{\"@type\":\"EntryPoint\",\"urlTemplate\":\"https:\/\/zoo-land.az\/?s={search_term_string}\"},\"query-input\":{\"@type\":\"PropertyValueSpecification\",\"valueRequired\":true,\"valueName\":\"search_term_string\"}}],\"inLanguage\":\"az\"},{\"@type\":\"Organization\",\"@id\":\"https:\/\/zoo-land.az\/#organization\",\"name\":\"Zooland.az\",\"url\":\"https:\/\/zoo-land.az\/\",\"logo\":{\"@type\":\"ImageObject\",\"inLanguage\":\"az\",\"@id\":\"https:\/\/zoo-land.az\/#\/schema\/logo\/image\/\",\"url\":\"https:\/\/zoo-land.az\/wp-content\/uploads\/2022\/05\/logo.svg\",\"contentUrl\":\"https:\/\/zoo-land.az\/wp-content\/uploads\/2022\/05\/logo.svg\",\"width\":113,\"height\":46,\"caption\":\"Zooland.az\"},\"image\":{\"@id\":\"https:\/\/zoo-land.az\/#\/schema\/logo\/image\/\"}}]}<\/script>\n<!-- \/ Yoast SEO plugin. -->","yoast_head_json":{"title":"Trixie Stick Quintett Lamb-Turkey cat treats 5 pcs - Zooland.az","robots":{"index":"index","follow":"follow","max-snippet":"max-snippet:-1","max-image-preview":"max-image-preview:large","max-video-preview":"max-video-preview:-1"},"canonical":"https:\/\/zoo-land.az\/az\/shop\/cat\/treats-cat\/trixie-stick-quintett-lamb-turkey-cat-treats-5-pcs\/","og_locale":"az_AZ","og_type":"article","og_title":"Trixie Stick Quintett Lamb-Turkey cat treats 5 pcs - Zooland.az","og_description":"Trixie Premio Stick Quintett made from lamb and turkey meat is not only a delicious but also a nutritious addition to your pet's diet.  The taste and aroma will satisfy even the most finicky eater.  This treat is rich in protein, which supports your pet's overall health, proper body system functioning, and maintains healthy skin and coat.  With the lamb and turkey treat, your cat will feel great and look fantastic!","og_url":"https:\/\/zoo-land.az\/az\/shop\/cat\/treats-cat\/trixie-stick-quintett-lamb-turkey-cat-treats-5-pcs\/","og_site_name":"Zooland.az","article_modified_time":"2024-06-14T08:23:55+00:00","og_image":[{"width":800,"height":600,"url":"https:\/\/zoo-land.az\/wp-content\/uploads\/2024\/06\/trixie_quintett_sticks__1.jpg","type":"image\/jpeg"}],"twitter_card":"summary_large_image","twitter_misc":{"Est. reading time":"1 minute"},"schema":{"@context":"https:\/\/schema.org","@graph":[{"@type":"WebPage","@id":"https:\/\/zoo-land.az\/shop\/cat\/treats-cat\/trixie-stick-quintett-lamb-turkey-cat-treats-5-pcs\/","url":"https:\/\/zoo-land.az\/shop\/cat\/treats-cat\/trixie-stick-quintett-lamb-turkey-cat-treats-5-pcs\/","name":"Trixie Stick Quintett Lamb-Turkey cat treats 5 pcs - Zooland.az","isPartOf":{"@id":"https:\/\/zoo-land.az\/#website"},"primaryImageOfPage":{"@id":"https:\/\/zoo-land.az\/shop\/cat\/treats-cat\/trixie-stick-quintett-lamb-turkey-cat-treats-5-pcs\/#primaryimage"},"image":{"@id":"https:\/\/zoo-land.az\/shop\/cat\/treats-cat\/trixie-stick-quintett-lamb-turkey-cat-treats-5-pcs\/#primaryimage"},"thumbnailUrl":"https:\/\/zoo-land.az\/wp-content\/uploads\/2024\/06\/trixie_quintett_sticks__1.jpg","datePublished":"2024-06-14T08:23:54+00:00","dateModified":"2024-06-14T08:23:55+00:00","breadcrumb":{"@id":"https:\/\/zoo-land.az\/shop\/cat\/treats-cat\/trixie-stick-quintett-lamb-turkey-cat-treats-5-pcs\/#breadcrumb"},"inLanguage":"az","potentialAction":[{"@type":"ReadAction","target":["https:\/\/zoo-land.az\/shop\/cat\/treats-cat\/trixie-stick-quintett-lamb-turkey-cat-treats-5-pcs\/"]}]},{"@type":"ImageObject","inLanguage":"az","@id":"https:\/\/zoo-land.az\/shop\/cat\/treats-cat\/trixie-stick-quintett-lamb-turkey-cat-treats-5-pcs\/#primaryimage","url":"https:\/\/zoo-land.az\/wp-content\/uploads\/2024\/06\/trixie_quintett_sticks__1.jpg","contentUrl":"https:\/\/zoo-land.az\/wp-content\/uploads\/2024\/06\/trixie_quintett_sticks__1.jpg","width":800,"height":600},{"@type":"BreadcrumbList","@id":"https:\/\/zoo-land.az\/shop\/cat\/treats-cat\/trixie-stick-quintett-lamb-turkey-cat-treats-5-pcs\/#breadcrumb","itemListElement":[{"@type":"ListItem","position":1,"name":"Home","item":"https:\/\/zoo-land.az\/ru\/"},{"@type":"ListItem","position":2,"name":"Shop","item":"https:\/\/zoo-land.az\/ru\/"},{"@type":"ListItem","position":3,"name":"Trixie Stick Quintett Lamb-Turkey cat treats 5 pcs"}]},{"@type":"WebSite","@id":"https:\/\/zoo-land.az\/#website","url":"https:\/\/zoo-land.az\/","name":"Zooland.az","description":"Xo\u015fb\u0259xt ev heyvanlar\u0131n\u0131n \u00fcnvan\u0131 Zooland.az","publisher":{"@id":"https:\/\/zoo-land.az\/#organization"},"potentialAction":[{"@type":"SearchAction","target":{"@type":"EntryPoint","urlTemplate":"https:\/\/zoo-land.az\/?s={search_term_string}"},"query-input":{"@type":"PropertyValueSpecification","valueRequired":true,"valueName":"search_term_string"}}],"inLanguage":"az"},{"@type":"Organization","@id":"https:\/\/zoo-land.az\/#organization","name":"Zooland.az","url":"https:\/\/zoo-land.az\/","logo":{"@type":"ImageObject","inLanguage":"az","@id":"https:\/\/zoo-land.az\/#\/schema\/logo\/image\/","url":"https:\/\/zoo-land.az\/wp-content\/uploads\/2022\/05\/logo.svg","contentUrl":"https:\/\/zoo-land.az\/wp-content\/uploads\/2022\/05\/logo.svg","width":113,"height":46,"caption":"Zooland.az"},"image":{"@id":"https:\/\/zoo-land.az\/#\/schema\/logo\/image\/"}}]}},"_links":{"self":[{"href":"https:\/\/zoo-land.az\/az\/wp-json\/wp\/v2\/product\/23592","targetHints":{"allow":["GET"]}}],"collection":[{"href":"https:\/\/zoo-land.az\/az\/wp-json\/wp\/v2\/product"}],"about":[{"href":"https:\/\/zoo-land.az\/az\/wp-json\/wp\/v2\/types\/product"}],"wp:featuredmedia":[{"embeddable":true,"href":"https:\/\/zoo-land.az\/az\/wp-json\/wp\/v2\/media\/23593"}],"wp:attachment":[{"href":"https:\/\/zoo-land.az\/az\/wp-json\/wp\/v2\/media?parent=23592"}],"wp:term":[{"taxonomy":"product_cat","embeddable":true,"href":"https:\/\/zoo-land.az\/az\/wp-json\/wp\/v2\/product_cat?post=23592"},{"taxonomy":"product_tag","embeddable":true,"href":"https:\/\/zoo-land.az\/az\/wp-json\/wp\/v2\/product_tag?post=23592"}],"curies":[{"name":"wp","href":"https:\/\/api.w.org\/{rel}","templated":true}]}}